{"id":12056,"date":"2020-02-18T07:34:29","date_gmt":"2020-02-18T07:34:29","guid":{"rendered":"https:\/\/equipomedicomexico-com.preview-domain.com\/product\/grabador-hd-de-video-medico-sony\/"},"modified":"2020-02-18T07:34:31","modified_gmt":"2020-02-18T07:34:31","slug":"grabador-hd-de-video-medico-sony","status":"publish","type":"product","link":"https:\/\/buscoequipomedico.com\/?product=grabador-hd-de-video-medico-sony","title":{"rendered":"GRABADOR HD DE V\u00cdDEO M\u00c9DICO SONY"},"content":{"rendered":"<p>El grabador es apto para almacenar v\u00eddeo de Alta Definici\u00f3n de sistemas de ultrasonido, radiolog\u00eda digital, endosc\u00f3picos, laparosc\u00f3picos y otros sistemas compatibles de captaci\u00f3n de im\u00e1genes quir\u00fargicos y de diagn\u00f3stico. Adem\u00e1s, ofrece diversas opciones de conexi\u00f3n con dispositivos actuales y antiguos.<\/p>\n<\/p>\n<p>El HVO-500MD puede almacenar v\u00eddeo HD o de Definici\u00f3n Est\u00e1ndaren su unidad interna de disco duro de gran capacidad. Con una sencilla selecci\u00f3n del men\u00fa, puede grabarse v\u00eddeo al mismo tiempo en una unidad USB externa o en un servidor de red, o bien grabarlo directamente en la unidad DVD interna del grabador. Esta capacidad de grabaci\u00f3n simult\u00e1nea ahorra tiempo, lo que elimina la necesidad de exportar o copiar los ficheros de v\u00eddeo a otro medio de almacenamiento tras la grabaci\u00f3n. Tambi\u00e9n ofrece mayor protecci\u00f3n frente a la p\u00e9rdida de datos valiosos.<\/p>\n<\/p>\n<p>El grabador es el sustituto ideal del DVO-1000MD. Al compartir el mismo conjunto de comandos de control a trav\u00e9s de RS-232C o USB, permite la f\u00e1cil migraci\u00f3n a un flujo de trabajo HD basado en disco duro.<\/p><\/p>\n","protected":false},"excerpt":{"rendered":"<p>Ahorre tiempo con la grabaci\u00f3n simult\u00e1nea de v\u00eddeo HD en soporte de grabaci\u00f3n interno y externo o para uso compartido de red. Compatible con una amplia gama de modalidades y accesorios de comandos externos.<\/p>\n<p>Tanto para registros de pacientes como para aplicaciones docentes y de formaci\u00f3n o la remisi\u00f3n a otros m\u00e9dicos, los actuales flujos de trabajo en entornos m\u00e9dicos mejoran gracias a la mayor comodidad y precisi\u00f3n que ofrece la grabaci\u00f3n de v\u00eddeo HD.<\/p><\/p>\n","protected":false},"featured_media":12057,"template":"","meta":{"_joinchat":[]},"product_brand":[],"product_cat":[258],"product_tag":[],"class_list":{"0":"post-12056","1":"product","2":"type-product","3":"status-publish","4":"has-post-thumbnail","6":"product_cat-grabadoras","7":"pa_marca-sony","9":"first","10":"instock","11":"purchasable","12":"product-type-simple"},"yoast_head":"<!-- This site is optimized with the Yoast SEO plugin v25.1 - https:\/\/yoast.com\/wordpress\/plugins\/seo\/ -->\n<title>GRABADOR HD DE V\u00cdDEO M\u00c9DICO SONY - Tu mejor opci\u00f3n Equipo M\u00e9dico M\u00e9xico<\/title>\n<meta name=\"robots\" content=\"index, follow, max-snippet:-1, max-image-preview:large, max-video-preview:-1\" \/>\n<link rel=\"canonical\" href=\"https:\/\/buscoequipomedico.com\/?product=grabador-hd-de-video-medico-sony\" \/>\n<meta property=\"og:locale\" content=\"es_ES\" \/>\n<meta property=\"og:type\" content=\"article\" \/>\n<meta property=\"og:title\" content=\"GRABADOR HD DE V\u00cdDEO M\u00c9DICO SONY - Tu mejor opci\u00f3n Equipo M\u00e9dico M\u00e9xico\" \/>\n<meta property=\"og:description\" content=\"Ahorre tiempo con la grabaci\u00f3n simult\u00e1nea de v\u00eddeo HD en soporte de grabaci\u00f3n interno y externo o para uso compartido de red. Compatible con una amplia gama de modalidades y accesorios de comandos externos. Tanto para registros de pacientes como para aplicaciones docentes y de formaci\u00f3n o la remisi\u00f3n a otros m\u00e9dicos, los actuales flujos de trabajo en entornos m\u00e9dicos mejoran gracias a la mayor comodidad y precisi\u00f3n que ofrece la grabaci\u00f3n de v\u00eddeo HD.\" \/>\n<meta property=\"og:url\" content=\"https:\/\/buscoequipomedico.com\/?product=grabador-hd-de-video-medico-sony\" \/>\n<meta property=\"og:site_name\" content=\"Tu mejor opci\u00f3n Equipo M\u00e9dico M\u00e9xico\" \/>\n<meta property=\"article:modified_time\" content=\"2020-02-18T07:34:31+00:00\" \/>\n<meta property=\"og:image\" content=\"https:\/\/buscoequipomedico.com\/wp-content\/uploads\/2020\/02\/grabador-hd-de-video-medico-sony-ahorre-tiempo-con-la-grabacion-simultanea-de-video-hd-en-soporte-de-grabacion-interno-y-externo.jpg\" \/>\n\t<meta property=\"og:image:width\" content=\"800\" \/>\n\t<meta property=\"og:image:height\" content=\"800\" \/>\n\t<meta property=\"og:image:type\" content=\"image\/png\" \/>\n<meta name=\"twitter:card\" content=\"summary_large_image\" \/>\n<meta name=\"twitter:label1\" content=\"Tiempo de lectura\" \/>\n\t<meta name=\"twitter:data1\" content=\"1 minuto\" \/>\n<script type=\"application\/ld+json\" class=\"yoast-schema-graph\">{\"@context\":\"https:\/\/schema.org\",\"@graph\":[{\"@type\":\"WebPage\",\"@id\":\"https:\/\/buscoequipomedico.com\/?product=grabador-hd-de-video-medico-sony\",\"url\":\"https:\/\/buscoequipomedico.com\/?product=grabador-hd-de-video-medico-sony\",\"name\":\"GRABADOR HD DE V\u00cdDEO M\u00c9DICO SONY - Tu mejor opci\u00f3n Equipo M\u00e9dico M\u00e9xico\",\"isPartOf\":{\"@id\":\"https:\/\/buscoequipomedico.com\/#website\"},\"primaryImageOfPage\":{\"@id\":\"https:\/\/buscoequipomedico.com\/?product=grabador-hd-de-video-medico-sony#primaryimage\"},\"image\":{\"@id\":\"https:\/\/buscoequipomedico.com\/?product=grabador-hd-de-video-medico-sony#primaryimage\"},\"thumbnailUrl\":\"https:\/\/buscoequipomedico.com\/wp-content\/uploads\/2020\/02\/grabador-hd-de-video-medico-sony-ahorre-tiempo-con-la-grabacion-simultanea-de-video-hd-en-soporte-de-grabacion-interno-y-externo.jpg\",\"datePublished\":\"2020-02-18T07:34:29+00:00\",\"dateModified\":\"2020-02-18T07:34:31+00:00\",\"breadcrumb\":{\"@id\":\"https:\/\/buscoequipomedico.com\/?product=grabador-hd-de-video-medico-sony#breadcrumb\"},\"inLanguage\":\"es\",\"potentialAction\":[{\"@type\":\"ReadAction\",\"target\":[\"https:\/\/buscoequipomedico.com\/?product=grabador-hd-de-video-medico-sony\"]}]},{\"@type\":\"ImageObject\",\"inLanguage\":\"es\",\"@id\":\"https:\/\/buscoequipomedico.com\/?product=grabador-hd-de-video-medico-sony#primaryimage\",\"url\":\"https:\/\/buscoequipomedico.com\/wp-content\/uploads\/2020\/02\/grabador-hd-de-video-medico-sony-ahorre-tiempo-con-la-grabacion-simultanea-de-video-hd-en-soporte-de-grabacion-interno-y-externo.jpg\",\"contentUrl\":\"https:\/\/buscoequipomedico.com\/wp-content\/uploads\/2020\/02\/grabador-hd-de-video-medico-sony-ahorre-tiempo-con-la-grabacion-simultanea-de-video-hd-en-soporte-de-grabacion-interno-y-externo.jpg\",\"width\":800,\"height\":800},{\"@type\":\"BreadcrumbList\",\"@id\":\"https:\/\/buscoequipomedico.com\/?product=grabador-hd-de-video-medico-sony#breadcrumb\",\"itemListElement\":[{\"@type\":\"ListItem\",\"position\":1,\"name\":\"Productos\",\"item\":\"https:\/\/buscoequipomedico.com\/shop\/\"},{\"@type\":\"ListItem\",\"position\":2,\"name\":\"GRABADOR HD DE V\u00cdDEO M\u00c9DICO SONY\"}]},{\"@type\":\"WebSite\",\"@id\":\"https:\/\/buscoequipomedico.com\/#website\",\"url\":\"https:\/\/buscoequipomedico.com\/\",\"name\":\"Tu mejor opci\u00f3n Equipo M\u00e9dico M\u00e9xico\",\"description\":\"Tienda de equipo m\u00e9dico\",\"publisher\":{\"@id\":\"https:\/\/buscoequipomedico.com\/#organization\"},\"potentialAction\":[{\"@type\":\"SearchAction\",\"target\":{\"@type\":\"EntryPoint\",\"urlTemplate\":\"https:\/\/buscoequipomedico.com\/?s={search_term_string}\"},\"query-input\":{\"@type\":\"PropertyValueSpecification\",\"valueRequired\":true,\"valueName\":\"search_term_string\"}}],\"inLanguage\":\"es\"},{\"@type\":\"Organization\",\"@id\":\"https:\/\/buscoequipomedico.com\/#organization\",\"name\":\"Tu mejor opci\u00f3n Equipo M\u00e9dico M\u00e9xico\",\"url\":\"https:\/\/buscoequipomedico.com\/\",\"logo\":{\"@type\":\"ImageObject\",\"inLanguage\":\"es\",\"@id\":\"https:\/\/buscoequipomedico.com\/#\/schema\/logo\/image\/\",\"url\":\"https:\/\/buscoequipomedico.com\/wp-content\/uploads\/2021\/07\/EMM-VPrincipal-scaled.jpg\",\"contentUrl\":\"https:\/\/buscoequipomedico.com\/wp-content\/uploads\/2021\/07\/EMM-VPrincipal-scaled.jpg\",\"width\":2560,\"height\":1058,\"caption\":\"Tu mejor opci\u00f3n Equipo M\u00e9dico M\u00e9xico\"},\"image\":{\"@id\":\"https:\/\/buscoequipomedico.com\/#\/schema\/logo\/image\/\"}}]}<\/script>\n<!-- \/ Yoast SEO plugin. -->","yoast_head_json":{"title":"GRABADOR HD DE V\u00cdDEO M\u00c9DICO SONY - Tu mejor opci\u00f3n Equipo M\u00e9dico M\u00e9xico","robots":{"index":"index","follow":"follow","max-snippet":"max-snippet:-1","max-image-preview":"max-image-preview:large","max-video-preview":"max-video-preview:-1"},"canonical":"https:\/\/buscoequipomedico.com\/?product=grabador-hd-de-video-medico-sony","og_locale":"es_ES","og_type":"article","og_title":"GRABADOR HD DE V\u00cdDEO M\u00c9DICO SONY - Tu mejor opci\u00f3n Equipo M\u00e9dico M\u00e9xico","og_description":"Ahorre tiempo con la grabaci\u00f3n simult\u00e1nea de v\u00eddeo HD en soporte de grabaci\u00f3n interno y externo o para uso compartido de red. Compatible con una amplia gama de modalidades y accesorios de comandos externos. Tanto para registros de pacientes como para aplicaciones docentes y de formaci\u00f3n o la remisi\u00f3n a otros m\u00e9dicos, los actuales flujos de trabajo en entornos m\u00e9dicos mejoran gracias a la mayor comodidad y precisi\u00f3n que ofrece la grabaci\u00f3n de v\u00eddeo HD.","og_url":"https:\/\/buscoequipomedico.com\/?product=grabador-hd-de-video-medico-sony","og_site_name":"Tu mejor opci\u00f3n Equipo M\u00e9dico M\u00e9xico","article_modified_time":"2020-02-18T07:34:31+00:00","og_image":[{"width":800,"height":800,"url":"https:\/\/buscoequipomedico.com\/wp-content\/uploads\/2020\/02\/grabador-hd-de-video-medico-sony-ahorre-tiempo-con-la-grabacion-simultanea-de-video-hd-en-soporte-de-grabacion-interno-y-externo.jpg","type":"image\/png"}],"twitter_card":"summary_large_image","twitter_misc":{"Tiempo de lectura":"1 minuto"},"schema":{"@context":"https:\/\/schema.org","@graph":[{"@type":"WebPage","@id":"https:\/\/buscoequipomedico.com\/?product=grabador-hd-de-video-medico-sony","url":"https:\/\/buscoequipomedico.com\/?product=grabador-hd-de-video-medico-sony","name":"GRABADOR HD DE V\u00cdDEO M\u00c9DICO SONY - Tu mejor opci\u00f3n Equipo M\u00e9dico M\u00e9xico","isPartOf":{"@id":"https:\/\/buscoequipomedico.com\/#website"},"primaryImageOfPage":{"@id":"https:\/\/buscoequipomedico.com\/?product=grabador-hd-de-video-medico-sony#primaryimage"},"image":{"@id":"https:\/\/buscoequipomedico.com\/?product=grabador-hd-de-video-medico-sony#primaryimage"},"thumbnailUrl":"https:\/\/buscoequipomedico.com\/wp-content\/uploads\/2020\/02\/grabador-hd-de-video-medico-sony-ahorre-tiempo-con-la-grabacion-simultanea-de-video-hd-en-soporte-de-grabacion-interno-y-externo.jpg","datePublished":"2020-02-18T07:34:29+00:00","dateModified":"2020-02-18T07:34:31+00:00","breadcrumb":{"@id":"https:\/\/buscoequipomedico.com\/?product=grabador-hd-de-video-medico-sony#breadcrumb"},"inLanguage":"es","potentialAction":[{"@type":"ReadAction","target":["https:\/\/buscoequipomedico.com\/?product=grabador-hd-de-video-medico-sony"]}]},{"@type":"ImageObject","inLanguage":"es","@id":"https:\/\/buscoequipomedico.com\/?product=grabador-hd-de-video-medico-sony#primaryimage","url":"https:\/\/buscoequipomedico.com\/wp-content\/uploads\/2020\/02\/grabador-hd-de-video-medico-sony-ahorre-tiempo-con-la-grabacion-simultanea-de-video-hd-en-soporte-de-grabacion-interno-y-externo.jpg","contentUrl":"https:\/\/buscoequipomedico.com\/wp-content\/uploads\/2020\/02\/grabador-hd-de-video-medico-sony-ahorre-tiempo-con-la-grabacion-simultanea-de-video-hd-en-soporte-de-grabacion-interno-y-externo.jpg","width":800,"height":800},{"@type":"BreadcrumbList","@id":"https:\/\/buscoequipomedico.com\/?product=grabador-hd-de-video-medico-sony#breadcrumb","itemListElement":[{"@type":"ListItem","position":1,"name":"Productos","item":"https:\/\/buscoequipomedico.com\/shop\/"},{"@type":"ListItem","position":2,"name":"GRABADOR HD DE V\u00cdDEO M\u00c9DICO SONY"}]},{"@type":"WebSite","@id":"https:\/\/buscoequipomedico.com\/#website","url":"https:\/\/buscoequipomedico.com\/","name":"Tu mejor opci\u00f3n Equipo M\u00e9dico M\u00e9xico","description":"Tienda de equipo m\u00e9dico","publisher":{"@id":"https:\/\/buscoequipomedico.com\/#organization"},"potentialAction":[{"@type":"SearchAction","target":{"@type":"EntryPoint","urlTemplate":"https:\/\/buscoequipomedico.com\/?s={search_term_string}"},"query-input":{"@type":"PropertyValueSpecification","valueRequired":true,"valueName":"search_term_string"}}],"inLanguage":"es"},{"@type":"Organization","@id":"https:\/\/buscoequipomedico.com\/#organization","name":"Tu mejor opci\u00f3n Equipo M\u00e9dico M\u00e9xico","url":"https:\/\/buscoequipomedico.com\/","logo":{"@type":"ImageObject","inLanguage":"es","@id":"https:\/\/buscoequipomedico.com\/#\/schema\/logo\/image\/","url":"https:\/\/buscoequipomedico.com\/wp-content\/uploads\/2021\/07\/EMM-VPrincipal-scaled.jpg","contentUrl":"https:\/\/buscoequipomedico.com\/wp-content\/uploads\/2021\/07\/EMM-VPrincipal-scaled.jpg","width":2560,"height":1058,"caption":"Tu mejor opci\u00f3n Equipo M\u00e9dico M\u00e9xico"},"image":{"@id":"https:\/\/buscoequipomedico.com\/#\/schema\/logo\/image\/"}}]}},"_links":{"self":[{"href":"https:\/\/buscoequipomedico.com\/index.php?rest_route=\/wp\/v2\/product\/12056","targetHints":{"allow":["GET"]}}],"collection":[{"href":"https:\/\/buscoequipomedico.com\/index.php?rest_route=\/wp\/v2\/product"}],"about":[{"href":"https:\/\/buscoequipomedico.com\/index.php?rest_route=\/wp\/v2\/types\/product"}],"wp:featuredmedia":[{"embeddable":true,"href":"https:\/\/buscoequipomedico.com\/index.php?rest_route=\/wp\/v2\/media\/12057"}],"wp:attachment":[{"href":"https:\/\/buscoequipomedico.com\/index.php?rest_route=%2Fwp%2Fv2%2Fmedia&parent=12056"}],"wp:term":[{"taxonomy":"product_brand","embeddable":true,"href":"https:\/\/buscoequipomedico.com\/index.php?rest_route=%2Fwp%2Fv2%2Fproduct_brand&post=12056"},{"taxonomy":"product_cat","embeddable":true,"href":"https:\/\/buscoequipomedico.com\/index.php?rest_route=%2Fwp%2Fv2%2Fproduct_cat&post=12056"},{"taxonomy":"product_tag","embeddable":true,"href":"https:\/\/buscoequipomedico.com\/index.php?rest_route=%2Fwp%2Fv2%2Fproduct_tag&post=12056"}],"curies":[{"name":"wp","href":"https:\/\/api.w.org\/{rel}","templated":true}]}}