{"id":12058,"date":"2020-02-18T07:34:29","date_gmt":"2020-02-18T07:34:29","guid":{"rendered":"https:\/\/equipomedicomexico-com.preview-domain.com\/product\/unidad-independiente-de-optical-disc-archive\/"},"modified":"2020-02-18T07:34:31","modified_gmt":"2020-02-18T07:34:31","slug":"unidad-independiente-de-optical-disc-archive","status":"publish","type":"product","link":"https:\/\/buscoequipomedico.com\/?product=unidad-independiente-de-optical-disc-archive","title":{"rendered":"UNIDAD INDEPENDIENTE DE OPTICAL DISC ARCHIVE"},"content":{"rendered":"<p><b>Archivo exhaustivo para sus necesidades de archivo a muy largo plazo<\/b><\/p>\n<p>La tecnolog\u00eda de la unidad de archivo de disco \u00f3ptico de Sony, totalmente compatible con los anteriores soportes de lectura, est\u00e1 dise\u00f1ada para proporcionar capacidad de lectura a todas las generaciones de soportes de cartuchos de discos \u00f3pticos. Le proporcionar\u00e1 acceso a su contenido durante m\u00e1s de 50 a\u00f1os, eliminando a su vez la necesidad de migrar a otros soportes de manera forzada si los soportes y las unidades se quedan obsoletos.<\/p>\n<p><b>Soporte fiable y s\u00f3lido de gran capacidad<\/b><\/p>\n<p>La unidad utiliza un \u00fanico cartucho de discos \u00f3pticos que ofrece una alternativa al sistema LTO o a los formatos tradicionales de cinta de datos para el archivo de material importante a m\u00e1s largo plazo. El cartucho de discos \u00f3pticos de Sony, con su reducido coste total de explotaci\u00f3n, ofrece acceso aleatorio de gran velocidad a todo el contenido y los ficheros. El dise\u00f1o innovador de la unidad ofrece la capacidad de \u00abdoble canal\u00bb y, dado que es independiente en cuanto al formato, puede almacenar sus recursos en forma de ficheros de datos. Los cartuchos de discos \u00f3pticos de Sony est\u00e1n disponibles con tama\u00f1os de 300 GB, 600 GB, 1,2 TB y 3,3 TB de capacidad, en los formatos regrabable y de escritura \u00fanica.<\/p>\n<p><b>Un mundo de soluciones<\/b><\/p>\n<p>Encontrar\u00e1s las soluciones Optical Disc Archive de Sony en una amplia variedad de entornos en los que el acceso r\u00e1pido y fiable a datos valiosos es fundamental, as\u00ed como una escalabilidad sencilla y unos costes de propiedad asequibles. Optical Disc Archive proporciona soluciones de archivo para siete sectores clave, desde la gesti\u00f3n de activos multimedia digitales hasta el sector m\u00e9dico, la banca, la educaci\u00f3n y muchos m\u00e1s.<\/p><\/p>\n","protected":false},"excerpt":{"rendered":"<p>La unidad independiente de Optical Disc Archive con velocidades de transferencia muy altas de 1 Gbps de escritura (verificaci\u00f3n activada) y 2 Gbps de lectura con el cartucho ODC-3300R de 2.\u00aa generaci\u00f3n.<\/p>\n<p>La unidad independiente de Optical Disc Archive ODS-D280U forma parte de la familia de productos de almacenamiento de datos en disco \u00f3ptico, dise\u00f1ada para ofrecer una vida \u00fatil m\u00e1s larga al almacenamiento y archivo de todo tipo de recursos audiovisuales y ficheros de datos a muy largo plazo.<\/p><\/p>\n","protected":false},"featured_media":12059,"template":"","meta":{"_joinchat":[]},"product_brand":[],"product_cat":[258],"product_tag":[],"class_list":{"0":"post-12058","1":"product","2":"type-product","3":"status-publish","4":"has-post-thumbnail","6":"product_cat-grabadoras","7":"pa_marca-sony","9":"first","10":"instock","11":"purchasable","12":"product-type-simple"},"yoast_head":"<!-- This site is optimized with the Yoast SEO plugin v25.1 - https:\/\/yoast.com\/wordpress\/plugins\/seo\/ -->\n<title>UNIDAD INDEPENDIENTE DE OPTICAL DISC ARCHIVE - Tu mejor opci\u00f3n Equipo M\u00e9dico M\u00e9xico<\/title>\n<meta name=\"robots\" content=\"index, follow, max-snippet:-1, max-image-preview:large, max-video-preview:-1\" \/>\n<link rel=\"canonical\" href=\"https:\/\/buscoequipomedico.com\/?product=unidad-independiente-de-optical-disc-archive\" \/>\n<meta property=\"og:locale\" content=\"es_ES\" \/>\n<meta property=\"og:type\" content=\"article\" \/>\n<meta property=\"og:title\" content=\"UNIDAD INDEPENDIENTE DE OPTICAL DISC ARCHIVE - Tu mejor opci\u00f3n Equipo M\u00e9dico M\u00e9xico\" \/>\n<meta property=\"og:description\" content=\"La unidad independiente de Optical Disc Archive con velocidades de transferencia muy altas de 1 Gbps de escritura (verificaci\u00f3n activada) y 2 Gbps de lectura con el cartucho ODC-3300R de 2.\u00aa generaci\u00f3n. La unidad independiente de Optical Disc Archive ODS-D280U forma parte de la familia de productos de almacenamiento de datos en disco \u00f3ptico, dise\u00f1ada para ofrecer una vida \u00fatil m\u00e1s larga al almacenamiento y archivo de todo tipo de recursos audiovisuales y ficheros de datos a muy largo plazo.\" \/>\n<meta property=\"og:url\" content=\"https:\/\/buscoequipomedico.com\/?product=unidad-independiente-de-optical-disc-archive\" \/>\n<meta property=\"og:site_name\" content=\"Tu mejor opci\u00f3n Equipo M\u00e9dico M\u00e9xico\" \/>\n<meta property=\"article:modified_time\" content=\"2020-02-18T07:34:31+00:00\" \/>\n<meta property=\"og:image\" content=\"https:\/\/buscoequipomedico.com\/wp-content\/uploads\/2020\/02\/unidad-independiente-de-optical-disc-archive-la-unidad-independiente-de-optical-disc-archive-con-velocidades-de-transferencia-mu.jpg\" \/>\n\t<meta property=\"og:image:width\" content=\"800\" \/>\n\t<meta property=\"og:image:height\" content=\"800\" \/>\n\t<meta property=\"og:image:type\" content=\"image\/png\" \/>\n<meta name=\"twitter:card\" content=\"summary_large_image\" \/>\n<meta name=\"twitter:label1\" content=\"Tiempo de lectura\" \/>\n\t<meta name=\"twitter:data1\" content=\"1 minuto\" \/>\n<script type=\"application\/ld+json\" class=\"yoast-schema-graph\">{\"@context\":\"https:\/\/schema.org\",\"@graph\":[{\"@type\":\"WebPage\",\"@id\":\"https:\/\/buscoequipomedico.com\/?product=unidad-independiente-de-optical-disc-archive\",\"url\":\"https:\/\/buscoequipomedico.com\/?product=unidad-independiente-de-optical-disc-archive\",\"name\":\"UNIDAD INDEPENDIENTE DE OPTICAL DISC ARCHIVE - Tu mejor opci\u00f3n Equipo M\u00e9dico M\u00e9xico\",\"isPartOf\":{\"@id\":\"https:\/\/buscoequipomedico.com\/#website\"},\"primaryImageOfPage\":{\"@id\":\"https:\/\/buscoequipomedico.com\/?product=unidad-independiente-de-optical-disc-archive#primaryimage\"},\"image\":{\"@id\":\"https:\/\/buscoequipomedico.com\/?product=unidad-independiente-de-optical-disc-archive#primaryimage\"},\"thumbnailUrl\":\"https:\/\/buscoequipomedico.com\/wp-content\/uploads\/2020\/02\/unidad-independiente-de-optical-disc-archive-la-unidad-independiente-de-optical-disc-archive-con-velocidades-de-transferencia-mu.jpg\",\"datePublished\":\"2020-02-18T07:34:29+00:00\",\"dateModified\":\"2020-02-18T07:34:31+00:00\",\"breadcrumb\":{\"@id\":\"https:\/\/buscoequipomedico.com\/?product=unidad-independiente-de-optical-disc-archive#breadcrumb\"},\"inLanguage\":\"es\",\"potentialAction\":[{\"@type\":\"ReadAction\",\"target\":[\"https:\/\/buscoequipomedico.com\/?product=unidad-independiente-de-optical-disc-archive\"]}]},{\"@type\":\"ImageObject\",\"inLanguage\":\"es\",\"@id\":\"https:\/\/buscoequipomedico.com\/?product=unidad-independiente-de-optical-disc-archive#primaryimage\",\"url\":\"https:\/\/buscoequipomedico.com\/wp-content\/uploads\/2020\/02\/unidad-independiente-de-optical-disc-archive-la-unidad-independiente-de-optical-disc-archive-con-velocidades-de-transferencia-mu.jpg\",\"contentUrl\":\"https:\/\/buscoequipomedico.com\/wp-content\/uploads\/2020\/02\/unidad-independiente-de-optical-disc-archive-la-unidad-independiente-de-optical-disc-archive-con-velocidades-de-transferencia-mu.jpg\",\"width\":800,\"height\":800},{\"@type\":\"BreadcrumbList\",\"@id\":\"https:\/\/buscoequipomedico.com\/?product=unidad-independiente-de-optical-disc-archive#breadcrumb\",\"itemListElement\":[{\"@type\":\"ListItem\",\"position\":1,\"name\":\"Productos\",\"item\":\"https:\/\/buscoequipomedico.com\/shop\/\"},{\"@type\":\"ListItem\",\"position\":2,\"name\":\"UNIDAD INDEPENDIENTE DE OPTICAL DISC ARCHIVE\"}]},{\"@type\":\"WebSite\",\"@id\":\"https:\/\/buscoequipomedico.com\/#website\",\"url\":\"https:\/\/buscoequipomedico.com\/\",\"name\":\"Tu mejor opci\u00f3n Equipo M\u00e9dico M\u00e9xico\",\"description\":\"Tienda de equipo m\u00e9dico\",\"publisher\":{\"@id\":\"https:\/\/buscoequipomedico.com\/#organization\"},\"potentialAction\":[{\"@type\":\"SearchAction\",\"target\":{\"@type\":\"EntryPoint\",\"urlTemplate\":\"https:\/\/buscoequipomedico.com\/?s={search_term_string}\"},\"query-input\":{\"@type\":\"PropertyValueSpecification\",\"valueRequired\":true,\"valueName\":\"search_term_string\"}}],\"inLanguage\":\"es\"},{\"@type\":\"Organization\",\"@id\":\"https:\/\/buscoequipomedico.com\/#organization\",\"name\":\"Tu mejor opci\u00f3n Equipo M\u00e9dico M\u00e9xico\",\"url\":\"https:\/\/buscoequipomedico.com\/\",\"logo\":{\"@type\":\"ImageObject\",\"inLanguage\":\"es\",\"@id\":\"https:\/\/buscoequipomedico.com\/#\/schema\/logo\/image\/\",\"url\":\"https:\/\/buscoequipomedico.com\/wp-content\/uploads\/2021\/07\/EMM-VPrincipal-scaled.jpg\",\"contentUrl\":\"https:\/\/buscoequipomedico.com\/wp-content\/uploads\/2021\/07\/EMM-VPrincipal-scaled.jpg\",\"width\":2560,\"height\":1058,\"caption\":\"Tu mejor opci\u00f3n Equipo M\u00e9dico M\u00e9xico\"},\"image\":{\"@id\":\"https:\/\/buscoequipomedico.com\/#\/schema\/logo\/image\/\"}}]}<\/script>\n<!-- \/ Yoast SEO plugin. -->","yoast_head_json":{"title":"UNIDAD INDEPENDIENTE DE OPTICAL DISC ARCHIVE - Tu mejor opci\u00f3n Equipo M\u00e9dico M\u00e9xico","robots":{"index":"index","follow":"follow","max-snippet":"max-snippet:-1","max-image-preview":"max-image-preview:large","max-video-preview":"max-video-preview:-1"},"canonical":"https:\/\/buscoequipomedico.com\/?product=unidad-independiente-de-optical-disc-archive","og_locale":"es_ES","og_type":"article","og_title":"UNIDAD INDEPENDIENTE DE OPTICAL DISC ARCHIVE - Tu mejor opci\u00f3n Equipo M\u00e9dico M\u00e9xico","og_description":"La unidad independiente de Optical Disc Archive con velocidades de transferencia muy altas de 1 Gbps de escritura (verificaci\u00f3n activada) y 2 Gbps de lectura con el cartucho ODC-3300R de 2.\u00aa generaci\u00f3n. La unidad independiente de Optical Disc Archive ODS-D280U forma parte de la familia de productos de almacenamiento de datos en disco \u00f3ptico, dise\u00f1ada para ofrecer una vida \u00fatil m\u00e1s larga al almacenamiento y archivo de todo tipo de recursos audiovisuales y ficheros de datos a muy largo plazo.","og_url":"https:\/\/buscoequipomedico.com\/?product=unidad-independiente-de-optical-disc-archive","og_site_name":"Tu mejor opci\u00f3n Equipo M\u00e9dico M\u00e9xico","article_modified_time":"2020-02-18T07:34:31+00:00","og_image":[{"width":800,"height":800,"url":"https:\/\/buscoequipomedico.com\/wp-content\/uploads\/2020\/02\/unidad-independiente-de-optical-disc-archive-la-unidad-independiente-de-optical-disc-archive-con-velocidades-de-transferencia-mu.jpg","type":"image\/png"}],"twitter_card":"summary_large_image","twitter_misc":{"Tiempo de lectura":"1 minuto"},"schema":{"@context":"https:\/\/schema.org","@graph":[{"@type":"WebPage","@id":"https:\/\/buscoequipomedico.com\/?product=unidad-independiente-de-optical-disc-archive","url":"https:\/\/buscoequipomedico.com\/?product=unidad-independiente-de-optical-disc-archive","name":"UNIDAD INDEPENDIENTE DE OPTICAL DISC ARCHIVE - Tu mejor opci\u00f3n Equipo M\u00e9dico M\u00e9xico","isPartOf":{"@id":"https:\/\/buscoequipomedico.com\/#website"},"primaryImageOfPage":{"@id":"https:\/\/buscoequipomedico.com\/?product=unidad-independiente-de-optical-disc-archive#primaryimage"},"image":{"@id":"https:\/\/buscoequipomedico.com\/?product=unidad-independiente-de-optical-disc-archive#primaryimage"},"thumbnailUrl":"https:\/\/buscoequipomedico.com\/wp-content\/uploads\/2020\/02\/unidad-independiente-de-optical-disc-archive-la-unidad-independiente-de-optical-disc-archive-con-velocidades-de-transferencia-mu.jpg","datePublished":"2020-02-18T07:34:29+00:00","dateModified":"2020-02-18T07:34:31+00:00","breadcrumb":{"@id":"https:\/\/buscoequipomedico.com\/?product=unidad-independiente-de-optical-disc-archive#breadcrumb"},"inLanguage":"es","potentialAction":[{"@type":"ReadAction","target":["https:\/\/buscoequipomedico.com\/?product=unidad-independiente-de-optical-disc-archive"]}]},{"@type":"ImageObject","inLanguage":"es","@id":"https:\/\/buscoequipomedico.com\/?product=unidad-independiente-de-optical-disc-archive#primaryimage","url":"https:\/\/buscoequipomedico.com\/wp-content\/uploads\/2020\/02\/unidad-independiente-de-optical-disc-archive-la-unidad-independiente-de-optical-disc-archive-con-velocidades-de-transferencia-mu.jpg","contentUrl":"https:\/\/buscoequipomedico.com\/wp-content\/uploads\/2020\/02\/unidad-independiente-de-optical-disc-archive-la-unidad-independiente-de-optical-disc-archive-con-velocidades-de-transferencia-mu.jpg","width":800,"height":800},{"@type":"BreadcrumbList","@id":"https:\/\/buscoequipomedico.com\/?product=unidad-independiente-de-optical-disc-archive#breadcrumb","itemListElement":[{"@type":"ListItem","position":1,"name":"Productos","item":"https:\/\/buscoequipomedico.com\/shop\/"},{"@type":"ListItem","position":2,"name":"UNIDAD INDEPENDIENTE DE OPTICAL DISC ARCHIVE"}]},{"@type":"WebSite","@id":"https:\/\/buscoequipomedico.com\/#website","url":"https:\/\/buscoequipomedico.com\/","name":"Tu mejor opci\u00f3n Equipo M\u00e9dico M\u00e9xico","description":"Tienda de equipo m\u00e9dico","publisher":{"@id":"https:\/\/buscoequipomedico.com\/#organization"},"potentialAction":[{"@type":"SearchAction","target":{"@type":"EntryPoint","urlTemplate":"https:\/\/buscoequipomedico.com\/?s={search_term_string}"},"query-input":{"@type":"PropertyValueSpecification","valueRequired":true,"valueName":"search_term_string"}}],"inLanguage":"es"},{"@type":"Organization","@id":"https:\/\/buscoequipomedico.com\/#organization","name":"Tu mejor opci\u00f3n Equipo M\u00e9dico M\u00e9xico","url":"https:\/\/buscoequipomedico.com\/","logo":{"@type":"ImageObject","inLanguage":"es","@id":"https:\/\/buscoequipomedico.com\/#\/schema\/logo\/image\/","url":"https:\/\/buscoequipomedico.com\/wp-content\/uploads\/2021\/07\/EMM-VPrincipal-scaled.jpg","contentUrl":"https:\/\/buscoequipomedico.com\/wp-content\/uploads\/2021\/07\/EMM-VPrincipal-scaled.jpg","width":2560,"height":1058,"caption":"Tu mejor opci\u00f3n Equipo M\u00e9dico M\u00e9xico"},"image":{"@id":"https:\/\/buscoequipomedico.com\/#\/schema\/logo\/image\/"}}]}},"_links":{"self":[{"href":"https:\/\/buscoequipomedico.com\/index.php?rest_route=\/wp\/v2\/product\/12058","targetHints":{"allow":["GET"]}}],"collection":[{"href":"https:\/\/buscoequipomedico.com\/index.php?rest_route=\/wp\/v2\/product"}],"about":[{"href":"https:\/\/buscoequipomedico.com\/index.php?rest_route=\/wp\/v2\/types\/product"}],"wp:featuredmedia":[{"embeddable":true,"href":"https:\/\/buscoequipomedico.com\/index.php?rest_route=\/wp\/v2\/media\/12059"}],"wp:attachment":[{"href":"https:\/\/buscoequipomedico.com\/index.php?rest_route=%2Fwp%2Fv2%2Fmedia&parent=12058"}],"wp:term":[{"taxonomy":"product_brand","embeddable":true,"href":"https:\/\/buscoequipomedico.com\/index.php?rest_route=%2Fwp%2Fv2%2Fproduct_brand&post=12058"},{"taxonomy":"product_cat","embeddable":true,"href":"https:\/\/buscoequipomedico.com\/index.php?rest_route=%2Fwp%2Fv2%2Fproduct_cat&post=12058"},{"taxonomy":"product_tag","embeddable":true,"href":"https:\/\/buscoequipomedico.com\/index.php?rest_route=%2Fwp%2Fv2%2Fproduct_tag&post=12058"}],"curies":[{"name":"wp","href":"https:\/\/api.w.org\/{rel}","templated":true}]}}