{"id":12090,"date":"2020-02-18T07:34:34","date_gmt":"2020-02-18T07:34:34","guid":{"rendered":"https:\/\/equipomedicomexico-com.preview-domain.com\/product\/impresora-termica-digital-y-analogica-en-blanco-y-negro-a6\/"},"modified":"2020-02-18T07:34:35","modified_gmt":"2020-02-18T07:34:35","slug":"impresora-termica-digital-y-analogica-en-blanco-y-negro-a6","status":"publish","type":"product","link":"https:\/\/buscoequipomedico.com\/?product=impresora-termica-digital-y-analogica-en-blanco-y-negro-a6","title":{"rendered":"IMPRESORA T\u00c9RMICA DIGITAL Y ANAL\u00d3GICA EN BLANCO Y NEGRO A6"},"content":{"rendered":"<p>Se ha dise\u00f1ado para poder integrarla en una amplia variedad de aplicaciones m\u00e9dicas compatibles, como sistemas de ultrasonido digital, brazo en C m\u00f3vil o laboratorios de cateterizaci\u00f3n card\u00edaca. El motor de impresi\u00f3n t\u00e9rmica de alta calidad puede producir copias impresas de im\u00e1genes fijas captadas por estos sistemas para su uso en registros de pacientes y remisiones a otros especialistas. Para una comodidad a\u00fan mayor, la impresi\u00f3n de im\u00e1genes fijas tambi\u00e9n puede almacenarse en una unidad flash USB conectada.<\/p>\n<\/p>\n<p>(Ten en cuenta que las im\u00e1genes impresas con la UP-X898MD no deben utilizarse para realizar diagn\u00f3sticos).<\/p>\n<\/p>\n<p>La UP-X898MD es sucesora de la popular serie de impresoras para aplicaciones m\u00e9dicas UP-897 de Sony. Redise\u00f1ada y actualizada, ofrece varias mejoras operativas y ergon\u00f3micas, pero conserva su tama\u00f1o reducido y su facilidad de integraci\u00f3n en los carritos m\u00e9dicos. La sencillez de uso se ve reforzada por un panel LCD de mayor tama\u00f1o y un joystick que facilita la navegaci\u00f3n intuitiva por el men\u00fa.<\/p>\n<\/p>\n<p>Es capaz de ofrecer impresiones en blanco y negro de alta calidad en menos de dos segundos. La avanzada tecnolog\u00eda de impresi\u00f3n t\u00e9rmica ofrece resultados de calidad casi fotogr\u00e1fica con una gran variedad de soportes de impresi\u00f3n disponibles.<\/p>\n<\/p>\n<p>Capacidad de impresi\u00f3n inal\u00e1mbrica<\/p>\n<\/p>\n<p>Mediante el uso del sistema de impresi\u00f3n inal\u00e1mbrica UPA-WU10* opcional, puedes conseguir una conexi\u00f3n sin cables entre la impresora Sony con puerto de salida USB de 5 V**, el brazo en C m\u00f3vil y otras modalidades de esc\u00e1ner del hospital.<\/p><\/p>\n","protected":false},"excerpt":{"rendered":"<p>Impresi\u00f3n en blanco y negro de alta calidad y alta velocidad de im\u00e1genes m\u00e9dicas con un dise\u00f1o compacto y posibilidad de entrada anal\u00f3gica y digital<\/p>\n<\/p>\n<p>La UP-X898MD es una impresora digital monocroma A6 compacta para aplicaciones m\u00e9dicas que admite tanto v\u00eddeo anal\u00f3gico como entradas de se\u00f1al USB digitales compatibles con ordenadores.<\/p><\/p>\n","protected":false},"featured_media":12091,"template":"","meta":{"_joinchat":[]},"product_brand":[],"product_cat":[262],"product_tag":[],"class_list":{"0":"post-12090","1":"product","2":"type-product","3":"status-publish","4":"has-post-thumbnail","6":"product_cat-impresoras","7":"pa_marca-sony","9":"first","10":"instock","11":"purchasable","12":"product-type-simple"},"yoast_head":"<!-- This site is optimized with the Yoast SEO plugin v25.1 - https:\/\/yoast.com\/wordpress\/plugins\/seo\/ -->\n<title>IMPRESORA T\u00c9RMICA DIGITAL Y ANAL\u00d3GICA EN BLANCO Y NEGRO A6 - Tu mejor opci\u00f3n Equipo M\u00e9dico M\u00e9xico<\/title>\n<meta name=\"robots\" content=\"index, follow, max-snippet:-1, max-image-preview:large, max-video-preview:-1\" \/>\n<link rel=\"canonical\" href=\"https:\/\/buscoequipomedico.com\/?product=impresora-termica-digital-y-analogica-en-blanco-y-negro-a6\" \/>\n<meta property=\"og:locale\" content=\"es_ES\" \/>\n<meta property=\"og:type\" content=\"article\" \/>\n<meta property=\"og:title\" content=\"IMPRESORA T\u00c9RMICA DIGITAL Y ANAL\u00d3GICA EN BLANCO Y NEGRO A6 - Tu mejor opci\u00f3n Equipo M\u00e9dico M\u00e9xico\" \/>\n<meta property=\"og:description\" content=\"Impresi\u00f3n en blanco y negro de alta calidad y alta velocidad de im\u00e1genes m\u00e9dicas con un dise\u00f1o compacto y posibilidad de entrada anal\u00f3gica y digital La UP-X898MD es una impresora digital monocroma A6 compacta para aplicaciones m\u00e9dicas que admite tanto v\u00eddeo anal\u00f3gico como entradas de se\u00f1al USB digitales compatibles con ordenadores.\" \/>\n<meta property=\"og:url\" content=\"https:\/\/buscoequipomedico.com\/?product=impresora-termica-digital-y-analogica-en-blanco-y-negro-a6\" \/>\n<meta property=\"og:site_name\" content=\"Tu mejor opci\u00f3n Equipo M\u00e9dico M\u00e9xico\" \/>\n<meta property=\"article:modified_time\" content=\"2020-02-18T07:34:35+00:00\" \/>\n<meta property=\"og:image\" content=\"https:\/\/buscoequipomedico.com\/wp-content\/uploads\/2020\/02\/impresora-termica-digital-y-analogica-en-blanco-y-negro-a6-impresion-en-blanco-y-negro-de-alta-calidad-y-alta-velocidad-de-image.jpg\" \/>\n\t<meta property=\"og:image:width\" content=\"800\" \/>\n\t<meta property=\"og:image:height\" content=\"800\" \/>\n\t<meta property=\"og:image:type\" content=\"image\/png\" \/>\n<meta name=\"twitter:card\" content=\"summary_large_image\" \/>\n<meta name=\"twitter:label1\" content=\"Tiempo de lectura\" \/>\n\t<meta name=\"twitter:data1\" content=\"1 minuto\" \/>\n<script type=\"application\/ld+json\" class=\"yoast-schema-graph\">{\"@context\":\"https:\/\/schema.org\",\"@graph\":[{\"@type\":\"WebPage\",\"@id\":\"https:\/\/buscoequipomedico.com\/?product=impresora-termica-digital-y-analogica-en-blanco-y-negro-a6\",\"url\":\"https:\/\/buscoequipomedico.com\/?product=impresora-termica-digital-y-analogica-en-blanco-y-negro-a6\",\"name\":\"IMPRESORA T\u00c9RMICA DIGITAL Y ANAL\u00d3GICA EN BLANCO Y NEGRO A6 - Tu mejor opci\u00f3n Equipo M\u00e9dico M\u00e9xico\",\"isPartOf\":{\"@id\":\"https:\/\/buscoequipomedico.com\/#website\"},\"primaryImageOfPage\":{\"@id\":\"https:\/\/buscoequipomedico.com\/?product=impresora-termica-digital-y-analogica-en-blanco-y-negro-a6#primaryimage\"},\"image\":{\"@id\":\"https:\/\/buscoequipomedico.com\/?product=impresora-termica-digital-y-analogica-en-blanco-y-negro-a6#primaryimage\"},\"thumbnailUrl\":\"https:\/\/buscoequipomedico.com\/wp-content\/uploads\/2020\/02\/impresora-termica-digital-y-analogica-en-blanco-y-negro-a6-impresion-en-blanco-y-negro-de-alta-calidad-y-alta-velocidad-de-image.jpg\",\"datePublished\":\"2020-02-18T07:34:34+00:00\",\"dateModified\":\"2020-02-18T07:34:35+00:00\",\"breadcrumb\":{\"@id\":\"https:\/\/buscoequipomedico.com\/?product=impresora-termica-digital-y-analogica-en-blanco-y-negro-a6#breadcrumb\"},\"inLanguage\":\"es\",\"potentialAction\":[{\"@type\":\"ReadAction\",\"target\":[\"https:\/\/buscoequipomedico.com\/?product=impresora-termica-digital-y-analogica-en-blanco-y-negro-a6\"]}]},{\"@type\":\"ImageObject\",\"inLanguage\":\"es\",\"@id\":\"https:\/\/buscoequipomedico.com\/?product=impresora-termica-digital-y-analogica-en-blanco-y-negro-a6#primaryimage\",\"url\":\"https:\/\/buscoequipomedico.com\/wp-content\/uploads\/2020\/02\/impresora-termica-digital-y-analogica-en-blanco-y-negro-a6-impresion-en-blanco-y-negro-de-alta-calidad-y-alta-velocidad-de-image.jpg\",\"contentUrl\":\"https:\/\/buscoequipomedico.com\/wp-content\/uploads\/2020\/02\/impresora-termica-digital-y-analogica-en-blanco-y-negro-a6-impresion-en-blanco-y-negro-de-alta-calidad-y-alta-velocidad-de-image.jpg\",\"width\":800,\"height\":800},{\"@type\":\"BreadcrumbList\",\"@id\":\"https:\/\/buscoequipomedico.com\/?product=impresora-termica-digital-y-analogica-en-blanco-y-negro-a6#breadcrumb\",\"itemListElement\":[{\"@type\":\"ListItem\",\"position\":1,\"name\":\"Productos\",\"item\":\"https:\/\/buscoequipomedico.com\/shop\/\"},{\"@type\":\"ListItem\",\"position\":2,\"name\":\"IMPRESORA T\u00c9RMICA DIGITAL Y ANAL\u00d3GICA EN BLANCO Y NEGRO A6\"}]},{\"@type\":\"WebSite\",\"@id\":\"https:\/\/buscoequipomedico.com\/#website\",\"url\":\"https:\/\/buscoequipomedico.com\/\",\"name\":\"Tu mejor opci\u00f3n Equipo M\u00e9dico M\u00e9xico\",\"description\":\"Tienda de equipo m\u00e9dico\",\"publisher\":{\"@id\":\"https:\/\/buscoequipomedico.com\/#organization\"},\"potentialAction\":[{\"@type\":\"SearchAction\",\"target\":{\"@type\":\"EntryPoint\",\"urlTemplate\":\"https:\/\/buscoequipomedico.com\/?s={search_term_string}\"},\"query-input\":{\"@type\":\"PropertyValueSpecification\",\"valueRequired\":true,\"valueName\":\"search_term_string\"}}],\"inLanguage\":\"es\"},{\"@type\":\"Organization\",\"@id\":\"https:\/\/buscoequipomedico.com\/#organization\",\"name\":\"Tu mejor opci\u00f3n Equipo M\u00e9dico M\u00e9xico\",\"url\":\"https:\/\/buscoequipomedico.com\/\",\"logo\":{\"@type\":\"ImageObject\",\"inLanguage\":\"es\",\"@id\":\"https:\/\/buscoequipomedico.com\/#\/schema\/logo\/image\/\",\"url\":\"https:\/\/buscoequipomedico.com\/wp-content\/uploads\/2021\/07\/EMM-VPrincipal-scaled.jpg\",\"contentUrl\":\"https:\/\/buscoequipomedico.com\/wp-content\/uploads\/2021\/07\/EMM-VPrincipal-scaled.jpg\",\"width\":2560,\"height\":1058,\"caption\":\"Tu mejor opci\u00f3n Equipo M\u00e9dico M\u00e9xico\"},\"image\":{\"@id\":\"https:\/\/buscoequipomedico.com\/#\/schema\/logo\/image\/\"}}]}<\/script>\n<!-- \/ Yoast SEO plugin. -->","yoast_head_json":{"title":"IMPRESORA T\u00c9RMICA DIGITAL Y ANAL\u00d3GICA EN BLANCO Y NEGRO A6 - Tu mejor opci\u00f3n Equipo M\u00e9dico M\u00e9xico","robots":{"index":"index","follow":"follow","max-snippet":"max-snippet:-1","max-image-preview":"max-image-preview:large","max-video-preview":"max-video-preview:-1"},"canonical":"https:\/\/buscoequipomedico.com\/?product=impresora-termica-digital-y-analogica-en-blanco-y-negro-a6","og_locale":"es_ES","og_type":"article","og_title":"IMPRESORA T\u00c9RMICA DIGITAL Y ANAL\u00d3GICA EN BLANCO Y NEGRO A6 - Tu mejor opci\u00f3n Equipo M\u00e9dico M\u00e9xico","og_description":"Impresi\u00f3n en blanco y negro de alta calidad y alta velocidad de im\u00e1genes m\u00e9dicas con un dise\u00f1o compacto y posibilidad de entrada anal\u00f3gica y digital La UP-X898MD es una impresora digital monocroma A6 compacta para aplicaciones m\u00e9dicas que admite tanto v\u00eddeo anal\u00f3gico como entradas de se\u00f1al USB digitales compatibles con ordenadores.","og_url":"https:\/\/buscoequipomedico.com\/?product=impresora-termica-digital-y-analogica-en-blanco-y-negro-a6","og_site_name":"Tu mejor opci\u00f3n Equipo M\u00e9dico M\u00e9xico","article_modified_time":"2020-02-18T07:34:35+00:00","og_image":[{"width":800,"height":800,"url":"https:\/\/buscoequipomedico.com\/wp-content\/uploads\/2020\/02\/impresora-termica-digital-y-analogica-en-blanco-y-negro-a6-impresion-en-blanco-y-negro-de-alta-calidad-y-alta-velocidad-de-image.jpg","type":"image\/png"}],"twitter_card":"summary_large_image","twitter_misc":{"Tiempo de lectura":"1 minuto"},"schema":{"@context":"https:\/\/schema.org","@graph":[{"@type":"WebPage","@id":"https:\/\/buscoequipomedico.com\/?product=impresora-termica-digital-y-analogica-en-blanco-y-negro-a6","url":"https:\/\/buscoequipomedico.com\/?product=impresora-termica-digital-y-analogica-en-blanco-y-negro-a6","name":"IMPRESORA T\u00c9RMICA DIGITAL Y ANAL\u00d3GICA EN BLANCO Y NEGRO A6 - Tu mejor opci\u00f3n Equipo M\u00e9dico M\u00e9xico","isPartOf":{"@id":"https:\/\/buscoequipomedico.com\/#website"},"primaryImageOfPage":{"@id":"https:\/\/buscoequipomedico.com\/?product=impresora-termica-digital-y-analogica-en-blanco-y-negro-a6#primaryimage"},"image":{"@id":"https:\/\/buscoequipomedico.com\/?product=impresora-termica-digital-y-analogica-en-blanco-y-negro-a6#primaryimage"},"thumbnailUrl":"https:\/\/buscoequipomedico.com\/wp-content\/uploads\/2020\/02\/impresora-termica-digital-y-analogica-en-blanco-y-negro-a6-impresion-en-blanco-y-negro-de-alta-calidad-y-alta-velocidad-de-image.jpg","datePublished":"2020-02-18T07:34:34+00:00","dateModified":"2020-02-18T07:34:35+00:00","breadcrumb":{"@id":"https:\/\/buscoequipomedico.com\/?product=impresora-termica-digital-y-analogica-en-blanco-y-negro-a6#breadcrumb"},"inLanguage":"es","potentialAction":[{"@type":"ReadAction","target":["https:\/\/buscoequipomedico.com\/?product=impresora-termica-digital-y-analogica-en-blanco-y-negro-a6"]}]},{"@type":"ImageObject","inLanguage":"es","@id":"https:\/\/buscoequipomedico.com\/?product=impresora-termica-digital-y-analogica-en-blanco-y-negro-a6#primaryimage","url":"https:\/\/buscoequipomedico.com\/wp-content\/uploads\/2020\/02\/impresora-termica-digital-y-analogica-en-blanco-y-negro-a6-impresion-en-blanco-y-negro-de-alta-calidad-y-alta-velocidad-de-image.jpg","contentUrl":"https:\/\/buscoequipomedico.com\/wp-content\/uploads\/2020\/02\/impresora-termica-digital-y-analogica-en-blanco-y-negro-a6-impresion-en-blanco-y-negro-de-alta-calidad-y-alta-velocidad-de-image.jpg","width":800,"height":800},{"@type":"BreadcrumbList","@id":"https:\/\/buscoequipomedico.com\/?product=impresora-termica-digital-y-analogica-en-blanco-y-negro-a6#breadcrumb","itemListElement":[{"@type":"ListItem","position":1,"name":"Productos","item":"https:\/\/buscoequipomedico.com\/shop\/"},{"@type":"ListItem","position":2,"name":"IMPRESORA T\u00c9RMICA DIGITAL Y ANAL\u00d3GICA EN BLANCO Y NEGRO A6"}]},{"@type":"WebSite","@id":"https:\/\/buscoequipomedico.com\/#website","url":"https:\/\/buscoequipomedico.com\/","name":"Tu mejor opci\u00f3n Equipo M\u00e9dico M\u00e9xico","description":"Tienda de equipo m\u00e9dico","publisher":{"@id":"https:\/\/buscoequipomedico.com\/#organization"},"potentialAction":[{"@type":"SearchAction","target":{"@type":"EntryPoint","urlTemplate":"https:\/\/buscoequipomedico.com\/?s={search_term_string}"},"query-input":{"@type":"PropertyValueSpecification","valueRequired":true,"valueName":"search_term_string"}}],"inLanguage":"es"},{"@type":"Organization","@id":"https:\/\/buscoequipomedico.com\/#organization","name":"Tu mejor opci\u00f3n Equipo M\u00e9dico M\u00e9xico","url":"https:\/\/buscoequipomedico.com\/","logo":{"@type":"ImageObject","inLanguage":"es","@id":"https:\/\/buscoequipomedico.com\/#\/schema\/logo\/image\/","url":"https:\/\/buscoequipomedico.com\/wp-content\/uploads\/2021\/07\/EMM-VPrincipal-scaled.jpg","contentUrl":"https:\/\/buscoequipomedico.com\/wp-content\/uploads\/2021\/07\/EMM-VPrincipal-scaled.jpg","width":2560,"height":1058,"caption":"Tu mejor opci\u00f3n Equipo M\u00e9dico M\u00e9xico"},"image":{"@id":"https:\/\/buscoequipomedico.com\/#\/schema\/logo\/image\/"}}]}},"_links":{"self":[{"href":"https:\/\/buscoequipomedico.com\/index.php?rest_route=\/wp\/v2\/product\/12090","targetHints":{"allow":["GET"]}}],"collection":[{"href":"https:\/\/buscoequipomedico.com\/index.php?rest_route=\/wp\/v2\/product"}],"about":[{"href":"https:\/\/buscoequipomedico.com\/index.php?rest_route=\/wp\/v2\/types\/product"}],"wp:featuredmedia":[{"embeddable":true,"href":"https:\/\/buscoequipomedico.com\/index.php?rest_route=\/wp\/v2\/media\/12091"}],"wp:attachment":[{"href":"https:\/\/buscoequipomedico.com\/index.php?rest_route=%2Fwp%2Fv2%2Fmedia&parent=12090"}],"wp:term":[{"taxonomy":"product_brand","embeddable":true,"href":"https:\/\/buscoequipomedico.com\/index.php?rest_route=%2Fwp%2Fv2%2Fproduct_brand&post=12090"},{"taxonomy":"product_cat","embeddable":true,"href":"https:\/\/buscoequipomedico.com\/index.php?rest_route=%2Fwp%2Fv2%2Fproduct_cat&post=12090"},{"taxonomy":"product_tag","embeddable":true,"href":"https:\/\/buscoequipomedico.com\/index.php?rest_route=%2Fwp%2Fv2%2Fproduct_tag&post=12090"}],"curies":[{"name":"wp","href":"https:\/\/api.w.org\/{rel}","templated":true}]}}