{"id":12092,"date":"2020-02-18T07:34:34","date_gmt":"2020-02-18T07:34:34","guid":{"rendered":"https:\/\/equipomedicomexico-com.preview-domain.com\/product\/impresora-termica-hibrida-analogica-digital\/"},"modified":"2020-02-18T07:34:36","modified_gmt":"2020-02-18T07:34:36","slug":"impresora-termica-hibrida-analogica-digital","status":"publish","type":"product","link":"https:\/\/buscoequipomedico.com\/?product=impresora-termica-hibrida-analogica-digital","title":{"rendered":"IMPRESORA T\u00c9RMICA H\u00cdBRIDA (ANAL\u00d3GICA\/DIGITAL)"},"content":{"rendered":"<p>Con un tama\u00f1o inferior al de su predecesora (la UP-990AD), proporciona copias impresas de alta calidad de las im\u00e1genes fijas captadas por el sistema, con el fin de utilizarlas a modo de referencia en registros de pacientes o en informes de remisi\u00f3n a otros especialistas. (Debe tenerse en cuenta que las im\u00e1genes impresas con la UP-991AD no se deben utilizar para el diagn\u00f3stico).<\/p>\n<\/p>\n<p>La UP-971AD ofrece un flujo de trabajo m\u00e1s flexible incluso que el de la UP-991AD y permite almacenar im\u00e1genes en una unidad flash USB o imprimirlas en papel o pel\u00edcula azul transparente.<\/p>\n<\/p>\n<p>Ofrece mayor comodidad gracias a la funci\u00f3n de detecci\u00f3n autom\u00e1tica del tipo de soporte y su cortador de soporte integrado, adem\u00e1s del modo de varias im\u00e1genes en una misma hoja y la funci\u00f3n de impresi\u00f3n panor\u00e1mica que ya inclu\u00eda la UP-971AD.<\/p>\n<\/p>\n<p>Capacidad de impresi\u00f3n inal\u00e1mbrica<\/p>\n<\/p>\n<p>Mediante el uso del sistema de impresi\u00f3n inal\u00e1mbrica UPA-WU10* opcional, puedes conseguir una conexi\u00f3n sin cables entre la impresora Sony con puerto de salida USB de 5 V**, el brazo en C m\u00f3vil y otras modalidades de esc\u00e1ner del hospital.<\/p><\/p>\n","protected":false},"excerpt":{"rendered":"<p>Impresiones r\u00e1pidas y de alta calidad en blanco y negro desde entradas de im\u00e1genes anal\u00f3gicas y digitales a papel o pel\u00edcula azul transparente, con almacenamiento USB<\/p>\n<\/p>\n<p>La UP-991AD es una impresora monocroma compacta dise\u00f1ada para su uso con sistemas de radiolog\u00eda tanto anal\u00f3gicos como digitales, como brazo en C m\u00f3vil, laboratorios de cateterizaci\u00f3n card\u00edaca y otros sistemas m\u00e9dicos de captura de im\u00e1genes compatibles.<\/p><\/p>\n","protected":false},"featured_media":12093,"template":"","meta":{"_joinchat":[]},"product_brand":[],"product_cat":[262],"product_tag":[],"class_list":{"0":"post-12092","1":"product","2":"type-product","3":"status-publish","4":"has-post-thumbnail","6":"product_cat-impresoras","7":"pa_marca-sony","9":"first","10":"instock","11":"purchasable","12":"product-type-simple"},"yoast_head":"<!-- This site is optimized with the Yoast SEO plugin v25.1 - https:\/\/yoast.com\/wordpress\/plugins\/seo\/ -->\n<title>IMPRESORA T\u00c9RMICA H\u00cdBRIDA (ANAL\u00d3GICA\/DIGITAL) - Tu mejor opci\u00f3n Equipo M\u00e9dico M\u00e9xico<\/title>\n<meta name=\"robots\" content=\"index, follow, max-snippet:-1, max-image-preview:large, max-video-preview:-1\" \/>\n<link rel=\"canonical\" href=\"https:\/\/buscoequipomedico.com\/?product=impresora-termica-hibrida-analogica-digital\" \/>\n<meta property=\"og:locale\" content=\"es_ES\" \/>\n<meta property=\"og:type\" content=\"article\" \/>\n<meta property=\"og:title\" content=\"IMPRESORA T\u00c9RMICA H\u00cdBRIDA (ANAL\u00d3GICA\/DIGITAL) - Tu mejor opci\u00f3n Equipo M\u00e9dico M\u00e9xico\" \/>\n<meta property=\"og:description\" content=\"Impresiones r\u00e1pidas y de alta calidad en blanco y negro desde entradas de im\u00e1genes anal\u00f3gicas y digitales a papel o pel\u00edcula azul transparente, con almacenamiento USB La UP-991AD es una impresora monocroma compacta dise\u00f1ada para su uso con sistemas de radiolog\u00eda tanto anal\u00f3gicos como digitales, como brazo en C m\u00f3vil, laboratorios de cateterizaci\u00f3n card\u00edaca y otros sistemas m\u00e9dicos de captura de im\u00e1genes compatibles.\" \/>\n<meta property=\"og:url\" content=\"https:\/\/buscoequipomedico.com\/?product=impresora-termica-hibrida-analogica-digital\" \/>\n<meta property=\"og:site_name\" content=\"Tu mejor opci\u00f3n Equipo M\u00e9dico M\u00e9xico\" \/>\n<meta property=\"article:modified_time\" content=\"2020-02-18T07:34:36+00:00\" \/>\n<meta property=\"og:image\" content=\"https:\/\/buscoequipomedico.com\/wp-content\/uploads\/2020\/02\/impresora-termica-hibrida-analogica-digital-impresiones-rapidas-y-de-alta-calidad-en-blanco-y-negro-desde-entradas-de-imagenes-a.jpg\" \/>\n\t<meta property=\"og:image:width\" content=\"800\" \/>\n\t<meta property=\"og:image:height\" content=\"800\" \/>\n\t<meta property=\"og:image:type\" content=\"image\/png\" \/>\n<meta name=\"twitter:card\" content=\"summary_large_image\" \/>\n<meta name=\"twitter:label1\" content=\"Tiempo de lectura\" \/>\n\t<meta name=\"twitter:data1\" content=\"1 minuto\" \/>\n<script type=\"application\/ld+json\" class=\"yoast-schema-graph\">{\"@context\":\"https:\/\/schema.org\",\"@graph\":[{\"@type\":\"WebPage\",\"@id\":\"https:\/\/buscoequipomedico.com\/?product=impresora-termica-hibrida-analogica-digital\",\"url\":\"https:\/\/buscoequipomedico.com\/?product=impresora-termica-hibrida-analogica-digital\",\"name\":\"IMPRESORA T\u00c9RMICA H\u00cdBRIDA (ANAL\u00d3GICA\/DIGITAL) - Tu mejor opci\u00f3n Equipo M\u00e9dico M\u00e9xico\",\"isPartOf\":{\"@id\":\"https:\/\/buscoequipomedico.com\/#website\"},\"primaryImageOfPage\":{\"@id\":\"https:\/\/buscoequipomedico.com\/?product=impresora-termica-hibrida-analogica-digital#primaryimage\"},\"image\":{\"@id\":\"https:\/\/buscoequipomedico.com\/?product=impresora-termica-hibrida-analogica-digital#primaryimage\"},\"thumbnailUrl\":\"https:\/\/buscoequipomedico.com\/wp-content\/uploads\/2020\/02\/impresora-termica-hibrida-analogica-digital-impresiones-rapidas-y-de-alta-calidad-en-blanco-y-negro-desde-entradas-de-imagenes-a.jpg\",\"datePublished\":\"2020-02-18T07:34:34+00:00\",\"dateModified\":\"2020-02-18T07:34:36+00:00\",\"breadcrumb\":{\"@id\":\"https:\/\/buscoequipomedico.com\/?product=impresora-termica-hibrida-analogica-digital#breadcrumb\"},\"inLanguage\":\"es\",\"potentialAction\":[{\"@type\":\"ReadAction\",\"target\":[\"https:\/\/buscoequipomedico.com\/?product=impresora-termica-hibrida-analogica-digital\"]}]},{\"@type\":\"ImageObject\",\"inLanguage\":\"es\",\"@id\":\"https:\/\/buscoequipomedico.com\/?product=impresora-termica-hibrida-analogica-digital#primaryimage\",\"url\":\"https:\/\/buscoequipomedico.com\/wp-content\/uploads\/2020\/02\/impresora-termica-hibrida-analogica-digital-impresiones-rapidas-y-de-alta-calidad-en-blanco-y-negro-desde-entradas-de-imagenes-a.jpg\",\"contentUrl\":\"https:\/\/buscoequipomedico.com\/wp-content\/uploads\/2020\/02\/impresora-termica-hibrida-analogica-digital-impresiones-rapidas-y-de-alta-calidad-en-blanco-y-negro-desde-entradas-de-imagenes-a.jpg\",\"width\":800,\"height\":800},{\"@type\":\"BreadcrumbList\",\"@id\":\"https:\/\/buscoequipomedico.com\/?product=impresora-termica-hibrida-analogica-digital#breadcrumb\",\"itemListElement\":[{\"@type\":\"ListItem\",\"position\":1,\"name\":\"Productos\",\"item\":\"https:\/\/buscoequipomedico.com\/shop\/\"},{\"@type\":\"ListItem\",\"position\":2,\"name\":\"IMPRESORA T\u00c9RMICA H\u00cdBRIDA (ANAL\u00d3GICA\/DIGITAL)\"}]},{\"@type\":\"WebSite\",\"@id\":\"https:\/\/buscoequipomedico.com\/#website\",\"url\":\"https:\/\/buscoequipomedico.com\/\",\"name\":\"Tu mejor opci\u00f3n Equipo M\u00e9dico M\u00e9xico\",\"description\":\"Tienda de equipo m\u00e9dico\",\"publisher\":{\"@id\":\"https:\/\/buscoequipomedico.com\/#organization\"},\"potentialAction\":[{\"@type\":\"SearchAction\",\"target\":{\"@type\":\"EntryPoint\",\"urlTemplate\":\"https:\/\/buscoequipomedico.com\/?s={search_term_string}\"},\"query-input\":{\"@type\":\"PropertyValueSpecification\",\"valueRequired\":true,\"valueName\":\"search_term_string\"}}],\"inLanguage\":\"es\"},{\"@type\":\"Organization\",\"@id\":\"https:\/\/buscoequipomedico.com\/#organization\",\"name\":\"Tu mejor opci\u00f3n Equipo M\u00e9dico M\u00e9xico\",\"url\":\"https:\/\/buscoequipomedico.com\/\",\"logo\":{\"@type\":\"ImageObject\",\"inLanguage\":\"es\",\"@id\":\"https:\/\/buscoequipomedico.com\/#\/schema\/logo\/image\/\",\"url\":\"https:\/\/buscoequipomedico.com\/wp-content\/uploads\/2021\/07\/EMM-VPrincipal-scaled.jpg\",\"contentUrl\":\"https:\/\/buscoequipomedico.com\/wp-content\/uploads\/2021\/07\/EMM-VPrincipal-scaled.jpg\",\"width\":2560,\"height\":1058,\"caption\":\"Tu mejor opci\u00f3n Equipo M\u00e9dico M\u00e9xico\"},\"image\":{\"@id\":\"https:\/\/buscoequipomedico.com\/#\/schema\/logo\/image\/\"}}]}<\/script>\n<!-- \/ Yoast SEO plugin. -->","yoast_head_json":{"title":"IMPRESORA T\u00c9RMICA H\u00cdBRIDA (ANAL\u00d3GICA\/DIGITAL) - Tu mejor opci\u00f3n Equipo M\u00e9dico M\u00e9xico","robots":{"index":"index","follow":"follow","max-snippet":"max-snippet:-1","max-image-preview":"max-image-preview:large","max-video-preview":"max-video-preview:-1"},"canonical":"https:\/\/buscoequipomedico.com\/?product=impresora-termica-hibrida-analogica-digital","og_locale":"es_ES","og_type":"article","og_title":"IMPRESORA T\u00c9RMICA H\u00cdBRIDA (ANAL\u00d3GICA\/DIGITAL) - Tu mejor opci\u00f3n Equipo M\u00e9dico M\u00e9xico","og_description":"Impresiones r\u00e1pidas y de alta calidad en blanco y negro desde entradas de im\u00e1genes anal\u00f3gicas y digitales a papel o pel\u00edcula azul transparente, con almacenamiento USB La UP-991AD es una impresora monocroma compacta dise\u00f1ada para su uso con sistemas de radiolog\u00eda tanto anal\u00f3gicos como digitales, como brazo en C m\u00f3vil, laboratorios de cateterizaci\u00f3n card\u00edaca y otros sistemas m\u00e9dicos de captura de im\u00e1genes compatibles.","og_url":"https:\/\/buscoequipomedico.com\/?product=impresora-termica-hibrida-analogica-digital","og_site_name":"Tu mejor opci\u00f3n Equipo M\u00e9dico M\u00e9xico","article_modified_time":"2020-02-18T07:34:36+00:00","og_image":[{"width":800,"height":800,"url":"https:\/\/buscoequipomedico.com\/wp-content\/uploads\/2020\/02\/impresora-termica-hibrida-analogica-digital-impresiones-rapidas-y-de-alta-calidad-en-blanco-y-negro-desde-entradas-de-imagenes-a.jpg","type":"image\/png"}],"twitter_card":"summary_large_image","twitter_misc":{"Tiempo de lectura":"1 minuto"},"schema":{"@context":"https:\/\/schema.org","@graph":[{"@type":"WebPage","@id":"https:\/\/buscoequipomedico.com\/?product=impresora-termica-hibrida-analogica-digital","url":"https:\/\/buscoequipomedico.com\/?product=impresora-termica-hibrida-analogica-digital","name":"IMPRESORA T\u00c9RMICA H\u00cdBRIDA (ANAL\u00d3GICA\/DIGITAL) - Tu mejor opci\u00f3n Equipo M\u00e9dico M\u00e9xico","isPartOf":{"@id":"https:\/\/buscoequipomedico.com\/#website"},"primaryImageOfPage":{"@id":"https:\/\/buscoequipomedico.com\/?product=impresora-termica-hibrida-analogica-digital#primaryimage"},"image":{"@id":"https:\/\/buscoequipomedico.com\/?product=impresora-termica-hibrida-analogica-digital#primaryimage"},"thumbnailUrl":"https:\/\/buscoequipomedico.com\/wp-content\/uploads\/2020\/02\/impresora-termica-hibrida-analogica-digital-impresiones-rapidas-y-de-alta-calidad-en-blanco-y-negro-desde-entradas-de-imagenes-a.jpg","datePublished":"2020-02-18T07:34:34+00:00","dateModified":"2020-02-18T07:34:36+00:00","breadcrumb":{"@id":"https:\/\/buscoequipomedico.com\/?product=impresora-termica-hibrida-analogica-digital#breadcrumb"},"inLanguage":"es","potentialAction":[{"@type":"ReadAction","target":["https:\/\/buscoequipomedico.com\/?product=impresora-termica-hibrida-analogica-digital"]}]},{"@type":"ImageObject","inLanguage":"es","@id":"https:\/\/buscoequipomedico.com\/?product=impresora-termica-hibrida-analogica-digital#primaryimage","url":"https:\/\/buscoequipomedico.com\/wp-content\/uploads\/2020\/02\/impresora-termica-hibrida-analogica-digital-impresiones-rapidas-y-de-alta-calidad-en-blanco-y-negro-desde-entradas-de-imagenes-a.jpg","contentUrl":"https:\/\/buscoequipomedico.com\/wp-content\/uploads\/2020\/02\/impresora-termica-hibrida-analogica-digital-impresiones-rapidas-y-de-alta-calidad-en-blanco-y-negro-desde-entradas-de-imagenes-a.jpg","width":800,"height":800},{"@type":"BreadcrumbList","@id":"https:\/\/buscoequipomedico.com\/?product=impresora-termica-hibrida-analogica-digital#breadcrumb","itemListElement":[{"@type":"ListItem","position":1,"name":"Productos","item":"https:\/\/buscoequipomedico.com\/shop\/"},{"@type":"ListItem","position":2,"name":"IMPRESORA T\u00c9RMICA H\u00cdBRIDA (ANAL\u00d3GICA\/DIGITAL)"}]},{"@type":"WebSite","@id":"https:\/\/buscoequipomedico.com\/#website","url":"https:\/\/buscoequipomedico.com\/","name":"Tu mejor opci\u00f3n Equipo M\u00e9dico M\u00e9xico","description":"Tienda de equipo m\u00e9dico","publisher":{"@id":"https:\/\/buscoequipomedico.com\/#organization"},"potentialAction":[{"@type":"SearchAction","target":{"@type":"EntryPoint","urlTemplate":"https:\/\/buscoequipomedico.com\/?s={search_term_string}"},"query-input":{"@type":"PropertyValueSpecification","valueRequired":true,"valueName":"search_term_string"}}],"inLanguage":"es"},{"@type":"Organization","@id":"https:\/\/buscoequipomedico.com\/#organization","name":"Tu mejor opci\u00f3n Equipo M\u00e9dico M\u00e9xico","url":"https:\/\/buscoequipomedico.com\/","logo":{"@type":"ImageObject","inLanguage":"es","@id":"https:\/\/buscoequipomedico.com\/#\/schema\/logo\/image\/","url":"https:\/\/buscoequipomedico.com\/wp-content\/uploads\/2021\/07\/EMM-VPrincipal-scaled.jpg","contentUrl":"https:\/\/buscoequipomedico.com\/wp-content\/uploads\/2021\/07\/EMM-VPrincipal-scaled.jpg","width":2560,"height":1058,"caption":"Tu mejor opci\u00f3n Equipo M\u00e9dico M\u00e9xico"},"image":{"@id":"https:\/\/buscoequipomedico.com\/#\/schema\/logo\/image\/"}}]}},"_links":{"self":[{"href":"https:\/\/buscoequipomedico.com\/index.php?rest_route=\/wp\/v2\/product\/12092","targetHints":{"allow":["GET"]}}],"collection":[{"href":"https:\/\/buscoequipomedico.com\/index.php?rest_route=\/wp\/v2\/product"}],"about":[{"href":"https:\/\/buscoequipomedico.com\/index.php?rest_route=\/wp\/v2\/types\/product"}],"wp:featuredmedia":[{"embeddable":true,"href":"https:\/\/buscoequipomedico.com\/index.php?rest_route=\/wp\/v2\/media\/12093"}],"wp:attachment":[{"href":"https:\/\/buscoequipomedico.com\/index.php?rest_route=%2Fwp%2Fv2%2Fmedia&parent=12092"}],"wp:term":[{"taxonomy":"product_brand","embeddable":true,"href":"https:\/\/buscoequipomedico.com\/index.php?rest_route=%2Fwp%2Fv2%2Fproduct_brand&post=12092"},{"taxonomy":"product_cat","embeddable":true,"href":"https:\/\/buscoequipomedico.com\/index.php?rest_route=%2Fwp%2Fv2%2Fproduct_cat&post=12092"},{"taxonomy":"product_tag","embeddable":true,"href":"https:\/\/buscoequipomedico.com\/index.php?rest_route=%2Fwp%2Fv2%2Fproduct_tag&post=12092"}],"curies":[{"name":"wp","href":"https:\/\/api.w.org\/{rel}","templated":true}]}}