{"id":12094,"date":"2020-02-18T07:34:34","date_gmt":"2020-02-18T07:34:34","guid":{"rendered":"https:\/\/equipomedicomexico-com.preview-domain.com\/product\/impresora-digital-color-tamano-carta\/"},"modified":"2020-02-18T07:34:36","modified_gmt":"2020-02-18T07:34:36","slug":"impresora-digital-color-tamano-carta","status":"publish","type":"product","link":"https:\/\/buscoequipomedico.com\/?product=impresora-digital-color-tamano-carta","title":{"rendered":"IMPRESORA DIGITAL COLOR TAMA\u00d1O CARTA"},"content":{"rendered":"<p>Ajuste de color sencillo<\/p>\n<\/p>\n<p>La UP-DR80MD ofrece un ajuste de color sencillo a trav\u00e9s de las propiedades del controlador de impresora. Estas incorporan una imagen de vista previa desde la cual puedes confirmar y ajustar las im\u00e1genes con facilidad.<\/p>\n<\/p>\n<p>Tabla de b\u00fasqueda de color<\/p>\n<\/p>\n<p>Hay disponibles dos tipos de tablas de color a fin de reproducir los colores m\u00e1s adecuados para las distintas modalidades, como endoscopias y ecograf\u00edas. El ajuste de serie \u00abNatural\u00bb crea un color basado en el monitor s-RGB, perfecto para im\u00e1genes endosc\u00f3picas. Para las ecograf\u00edas, existe un modo de color \u00abCG\u00bb que reproduce los colores de forma m\u00e1s intensa. Estos ajustes se pueden seleccionar a trav\u00e9s de las propiedades de la impresora.<\/p>\n<\/p>\n<p>Ajuste del balance de grises<\/p>\n<\/p>\n<p>La funci\u00f3n de ajuste del balance de grises te permite elegir f\u00e1cilmente el color que mejor se adapte a tus necesidades y proporciona la gama de tonos m\u00e1s apropiada para la aplicaci\u00f3n.<\/p>\n<\/p>\n<p>Capacidad de impresi\u00f3n inal\u00e1mbrica<\/p>\n<\/p>\n<p>Mediante el uso del sistema de impresi\u00f3n inal\u00e1mbrica UPA-WU10* opcional, puedes conseguir una conexi\u00f3n sin cables entre la impresora Sony con puerto de salida USB de 5 V**, el brazo en C m\u00f3vil y otras modalidades de esc\u00e1ner del hospital.<\/p><\/p>\n","protected":false},"excerpt":{"rendered":"<p>UP-DR80MD es una impresora digital en color para aplicaciones m\u00e9dicas.<\/p>\n<\/p>\n<p>Con una atractiva combinaci\u00f3n de comodidad compacta, calidad de imagen superior y un coste total de propiedad reducido, la UP-DR80MD se ha convertido en la impresora de sublimaci\u00f3n de tinta A4 m\u00e1s peque\u00f1a del mundo.<\/p><\/p>\n","protected":false},"featured_media":12095,"template":"","meta":{"_joinchat":[]},"product_brand":[],"product_cat":[262],"product_tag":[],"class_list":{"0":"post-12094","1":"product","2":"type-product","3":"status-publish","4":"has-post-thumbnail","6":"product_cat-impresoras","7":"pa_marca-sony","9":"first","10":"instock","11":"purchasable","12":"product-type-simple"},"yoast_head":"<!-- This site is optimized with the Yoast SEO plugin v25.1 - https:\/\/yoast.com\/wordpress\/plugins\/seo\/ -->\n<title>IMPRESORA DIGITAL COLOR TAMA\u00d1O CARTA - Tu mejor opci\u00f3n Equipo M\u00e9dico M\u00e9xico<\/title>\n<meta name=\"robots\" content=\"index, follow, max-snippet:-1, max-image-preview:large, max-video-preview:-1\" \/>\n<link rel=\"canonical\" href=\"https:\/\/buscoequipomedico.com\/?product=impresora-digital-color-tamano-carta\" \/>\n<meta property=\"og:locale\" content=\"es_ES\" \/>\n<meta property=\"og:type\" content=\"article\" \/>\n<meta property=\"og:title\" content=\"IMPRESORA DIGITAL COLOR TAMA\u00d1O CARTA - Tu mejor opci\u00f3n Equipo M\u00e9dico M\u00e9xico\" \/>\n<meta property=\"og:description\" content=\"UP-DR80MD es una impresora digital en color para aplicaciones m\u00e9dicas. Con una atractiva combinaci\u00f3n de comodidad compacta, calidad de imagen superior y un coste total de propiedad reducido, la UP-DR80MD se ha convertido en la impresora de sublimaci\u00f3n de tinta A4 m\u00e1s peque\u00f1a del mundo.\" \/>\n<meta property=\"og:url\" content=\"https:\/\/buscoequipomedico.com\/?product=impresora-digital-color-tamano-carta\" \/>\n<meta property=\"og:site_name\" content=\"Tu mejor opci\u00f3n Equipo M\u00e9dico M\u00e9xico\" \/>\n<meta property=\"article:modified_time\" content=\"2020-02-18T07:34:36+00:00\" \/>\n<meta property=\"og:image\" content=\"https:\/\/buscoequipomedico.com\/wp-content\/uploads\/2020\/02\/impresora-digital-color-tamano-carta-up-dr80md-es-una-impresora-digital-en-color-para-aplicaciones-medicas-con-una-atractiva-com.jpg\" \/>\n\t<meta property=\"og:image:width\" content=\"800\" \/>\n\t<meta property=\"og:image:height\" content=\"800\" \/>\n\t<meta property=\"og:image:type\" content=\"image\/png\" \/>\n<meta name=\"twitter:card\" content=\"summary_large_image\" \/>\n<meta name=\"twitter:label1\" content=\"Tiempo de lectura\" \/>\n\t<meta name=\"twitter:data1\" content=\"1 minuto\" \/>\n<script type=\"application\/ld+json\" class=\"yoast-schema-graph\">{\"@context\":\"https:\/\/schema.org\",\"@graph\":[{\"@type\":\"WebPage\",\"@id\":\"https:\/\/buscoequipomedico.com\/?product=impresora-digital-color-tamano-carta\",\"url\":\"https:\/\/buscoequipomedico.com\/?product=impresora-digital-color-tamano-carta\",\"name\":\"IMPRESORA DIGITAL COLOR TAMA\u00d1O CARTA - Tu mejor opci\u00f3n Equipo M\u00e9dico M\u00e9xico\",\"isPartOf\":{\"@id\":\"https:\/\/buscoequipomedico.com\/#website\"},\"primaryImageOfPage\":{\"@id\":\"https:\/\/buscoequipomedico.com\/?product=impresora-digital-color-tamano-carta#primaryimage\"},\"image\":{\"@id\":\"https:\/\/buscoequipomedico.com\/?product=impresora-digital-color-tamano-carta#primaryimage\"},\"thumbnailUrl\":\"https:\/\/buscoequipomedico.com\/wp-content\/uploads\/2020\/02\/impresora-digital-color-tamano-carta-up-dr80md-es-una-impresora-digital-en-color-para-aplicaciones-medicas-con-una-atractiva-com.jpg\",\"datePublished\":\"2020-02-18T07:34:34+00:00\",\"dateModified\":\"2020-02-18T07:34:36+00:00\",\"breadcrumb\":{\"@id\":\"https:\/\/buscoequipomedico.com\/?product=impresora-digital-color-tamano-carta#breadcrumb\"},\"inLanguage\":\"es\",\"potentialAction\":[{\"@type\":\"ReadAction\",\"target\":[\"https:\/\/buscoequipomedico.com\/?product=impresora-digital-color-tamano-carta\"]}]},{\"@type\":\"ImageObject\",\"inLanguage\":\"es\",\"@id\":\"https:\/\/buscoequipomedico.com\/?product=impresora-digital-color-tamano-carta#primaryimage\",\"url\":\"https:\/\/buscoequipomedico.com\/wp-content\/uploads\/2020\/02\/impresora-digital-color-tamano-carta-up-dr80md-es-una-impresora-digital-en-color-para-aplicaciones-medicas-con-una-atractiva-com.jpg\",\"contentUrl\":\"https:\/\/buscoequipomedico.com\/wp-content\/uploads\/2020\/02\/impresora-digital-color-tamano-carta-up-dr80md-es-una-impresora-digital-en-color-para-aplicaciones-medicas-con-una-atractiva-com.jpg\",\"width\":800,\"height\":800},{\"@type\":\"BreadcrumbList\",\"@id\":\"https:\/\/buscoequipomedico.com\/?product=impresora-digital-color-tamano-carta#breadcrumb\",\"itemListElement\":[{\"@type\":\"ListItem\",\"position\":1,\"name\":\"Productos\",\"item\":\"https:\/\/buscoequipomedico.com\/shop\/\"},{\"@type\":\"ListItem\",\"position\":2,\"name\":\"IMPRESORA DIGITAL COLOR TAMA\u00d1O CARTA\"}]},{\"@type\":\"WebSite\",\"@id\":\"https:\/\/buscoequipomedico.com\/#website\",\"url\":\"https:\/\/buscoequipomedico.com\/\",\"name\":\"Tu mejor opci\u00f3n Equipo M\u00e9dico M\u00e9xico\",\"description\":\"Tienda de equipo m\u00e9dico\",\"publisher\":{\"@id\":\"https:\/\/buscoequipomedico.com\/#organization\"},\"potentialAction\":[{\"@type\":\"SearchAction\",\"target\":{\"@type\":\"EntryPoint\",\"urlTemplate\":\"https:\/\/buscoequipomedico.com\/?s={search_term_string}\"},\"query-input\":{\"@type\":\"PropertyValueSpecification\",\"valueRequired\":true,\"valueName\":\"search_term_string\"}}],\"inLanguage\":\"es\"},{\"@type\":\"Organization\",\"@id\":\"https:\/\/buscoequipomedico.com\/#organization\",\"name\":\"Tu mejor opci\u00f3n Equipo M\u00e9dico M\u00e9xico\",\"url\":\"https:\/\/buscoequipomedico.com\/\",\"logo\":{\"@type\":\"ImageObject\",\"inLanguage\":\"es\",\"@id\":\"https:\/\/buscoequipomedico.com\/#\/schema\/logo\/image\/\",\"url\":\"https:\/\/buscoequipomedico.com\/wp-content\/uploads\/2021\/07\/EMM-VPrincipal-scaled.jpg\",\"contentUrl\":\"https:\/\/buscoequipomedico.com\/wp-content\/uploads\/2021\/07\/EMM-VPrincipal-scaled.jpg\",\"width\":2560,\"height\":1058,\"caption\":\"Tu mejor opci\u00f3n Equipo M\u00e9dico M\u00e9xico\"},\"image\":{\"@id\":\"https:\/\/buscoequipomedico.com\/#\/schema\/logo\/image\/\"}}]}<\/script>\n<!-- \/ Yoast SEO plugin. -->","yoast_head_json":{"title":"IMPRESORA DIGITAL COLOR TAMA\u00d1O CARTA - Tu mejor opci\u00f3n Equipo M\u00e9dico M\u00e9xico","robots":{"index":"index","follow":"follow","max-snippet":"max-snippet:-1","max-image-preview":"max-image-preview:large","max-video-preview":"max-video-preview:-1"},"canonical":"https:\/\/buscoequipomedico.com\/?product=impresora-digital-color-tamano-carta","og_locale":"es_ES","og_type":"article","og_title":"IMPRESORA DIGITAL COLOR TAMA\u00d1O CARTA - Tu mejor opci\u00f3n Equipo M\u00e9dico M\u00e9xico","og_description":"UP-DR80MD es una impresora digital en color para aplicaciones m\u00e9dicas. Con una atractiva combinaci\u00f3n de comodidad compacta, calidad de imagen superior y un coste total de propiedad reducido, la UP-DR80MD se ha convertido en la impresora de sublimaci\u00f3n de tinta A4 m\u00e1s peque\u00f1a del mundo.","og_url":"https:\/\/buscoequipomedico.com\/?product=impresora-digital-color-tamano-carta","og_site_name":"Tu mejor opci\u00f3n Equipo M\u00e9dico M\u00e9xico","article_modified_time":"2020-02-18T07:34:36+00:00","og_image":[{"width":800,"height":800,"url":"https:\/\/buscoequipomedico.com\/wp-content\/uploads\/2020\/02\/impresora-digital-color-tamano-carta-up-dr80md-es-una-impresora-digital-en-color-para-aplicaciones-medicas-con-una-atractiva-com.jpg","type":"image\/png"}],"twitter_card":"summary_large_image","twitter_misc":{"Tiempo de lectura":"1 minuto"},"schema":{"@context":"https:\/\/schema.org","@graph":[{"@type":"WebPage","@id":"https:\/\/buscoequipomedico.com\/?product=impresora-digital-color-tamano-carta","url":"https:\/\/buscoequipomedico.com\/?product=impresora-digital-color-tamano-carta","name":"IMPRESORA DIGITAL COLOR TAMA\u00d1O CARTA - Tu mejor opci\u00f3n Equipo M\u00e9dico M\u00e9xico","isPartOf":{"@id":"https:\/\/buscoequipomedico.com\/#website"},"primaryImageOfPage":{"@id":"https:\/\/buscoequipomedico.com\/?product=impresora-digital-color-tamano-carta#primaryimage"},"image":{"@id":"https:\/\/buscoequipomedico.com\/?product=impresora-digital-color-tamano-carta#primaryimage"},"thumbnailUrl":"https:\/\/buscoequipomedico.com\/wp-content\/uploads\/2020\/02\/impresora-digital-color-tamano-carta-up-dr80md-es-una-impresora-digital-en-color-para-aplicaciones-medicas-con-una-atractiva-com.jpg","datePublished":"2020-02-18T07:34:34+00:00","dateModified":"2020-02-18T07:34:36+00:00","breadcrumb":{"@id":"https:\/\/buscoequipomedico.com\/?product=impresora-digital-color-tamano-carta#breadcrumb"},"inLanguage":"es","potentialAction":[{"@type":"ReadAction","target":["https:\/\/buscoequipomedico.com\/?product=impresora-digital-color-tamano-carta"]}]},{"@type":"ImageObject","inLanguage":"es","@id":"https:\/\/buscoequipomedico.com\/?product=impresora-digital-color-tamano-carta#primaryimage","url":"https:\/\/buscoequipomedico.com\/wp-content\/uploads\/2020\/02\/impresora-digital-color-tamano-carta-up-dr80md-es-una-impresora-digital-en-color-para-aplicaciones-medicas-con-una-atractiva-com.jpg","contentUrl":"https:\/\/buscoequipomedico.com\/wp-content\/uploads\/2020\/02\/impresora-digital-color-tamano-carta-up-dr80md-es-una-impresora-digital-en-color-para-aplicaciones-medicas-con-una-atractiva-com.jpg","width":800,"height":800},{"@type":"BreadcrumbList","@id":"https:\/\/buscoequipomedico.com\/?product=impresora-digital-color-tamano-carta#breadcrumb","itemListElement":[{"@type":"ListItem","position":1,"name":"Productos","item":"https:\/\/buscoequipomedico.com\/shop\/"},{"@type":"ListItem","position":2,"name":"IMPRESORA DIGITAL COLOR TAMA\u00d1O CARTA"}]},{"@type":"WebSite","@id":"https:\/\/buscoequipomedico.com\/#website","url":"https:\/\/buscoequipomedico.com\/","name":"Tu mejor opci\u00f3n Equipo M\u00e9dico M\u00e9xico","description":"Tienda de equipo m\u00e9dico","publisher":{"@id":"https:\/\/buscoequipomedico.com\/#organization"},"potentialAction":[{"@type":"SearchAction","target":{"@type":"EntryPoint","urlTemplate":"https:\/\/buscoequipomedico.com\/?s={search_term_string}"},"query-input":{"@type":"PropertyValueSpecification","valueRequired":true,"valueName":"search_term_string"}}],"inLanguage":"es"},{"@type":"Organization","@id":"https:\/\/buscoequipomedico.com\/#organization","name":"Tu mejor opci\u00f3n Equipo M\u00e9dico M\u00e9xico","url":"https:\/\/buscoequipomedico.com\/","logo":{"@type":"ImageObject","inLanguage":"es","@id":"https:\/\/buscoequipomedico.com\/#\/schema\/logo\/image\/","url":"https:\/\/buscoequipomedico.com\/wp-content\/uploads\/2021\/07\/EMM-VPrincipal-scaled.jpg","contentUrl":"https:\/\/buscoequipomedico.com\/wp-content\/uploads\/2021\/07\/EMM-VPrincipal-scaled.jpg","width":2560,"height":1058,"caption":"Tu mejor opci\u00f3n Equipo M\u00e9dico M\u00e9xico"},"image":{"@id":"https:\/\/buscoequipomedico.com\/#\/schema\/logo\/image\/"}}]}},"_links":{"self":[{"href":"https:\/\/buscoequipomedico.com\/index.php?rest_route=\/wp\/v2\/product\/12094","targetHints":{"allow":["GET"]}}],"collection":[{"href":"https:\/\/buscoequipomedico.com\/index.php?rest_route=\/wp\/v2\/product"}],"about":[{"href":"https:\/\/buscoequipomedico.com\/index.php?rest_route=\/wp\/v2\/types\/product"}],"wp:featuredmedia":[{"embeddable":true,"href":"https:\/\/buscoequipomedico.com\/index.php?rest_route=\/wp\/v2\/media\/12095"}],"wp:attachment":[{"href":"https:\/\/buscoequipomedico.com\/index.php?rest_route=%2Fwp%2Fv2%2Fmedia&parent=12094"}],"wp:term":[{"taxonomy":"product_brand","embeddable":true,"href":"https:\/\/buscoequipomedico.com\/index.php?rest_route=%2Fwp%2Fv2%2Fproduct_brand&post=12094"},{"taxonomy":"product_cat","embeddable":true,"href":"https:\/\/buscoequipomedico.com\/index.php?rest_route=%2Fwp%2Fv2%2Fproduct_cat&post=12094"},{"taxonomy":"product_tag","embeddable":true,"href":"https:\/\/buscoequipomedico.com\/index.php?rest_route=%2Fwp%2Fv2%2Fproduct_tag&post=12094"}],"curies":[{"name":"wp","href":"https:\/\/api.w.org\/{rel}","templated":true}]}}