{"id":12096,"date":"2020-02-18T07:34:34","date_gmt":"2020-02-18T07:34:34","guid":{"rendered":"https:\/\/equipomedicomexico-com.preview-domain.com\/product\/impresora-analogica-en-color-a6\/"},"modified":"2020-02-18T07:34:36","modified_gmt":"2020-02-18T07:34:36","slug":"impresora-analogica-en-color-a6","status":"publish","type":"product","link":"https:\/\/buscoequipomedico.com\/?product=impresora-analogica-en-color-a6","title":{"rendered":"IMPRESORA ANAL\u00d3GICA EN COLOR A6"},"content":{"rendered":"<p>La impresi\u00f3n por sublimaci\u00f3n de tinta es una tecnolog\u00eda ideal para realizar copias fotogr\u00e1ficas precisas de alta calidad. Las im\u00e1genes de abundante saturaci\u00f3n que crea esta impresora son extremadamente estables y tienen una vida \u00fatil muy prolongada: son ideales para el archivo con informes quir\u00fargicos.<\/p>\n<\/p>\n<p>Entradas anal\u00f3gicas<\/p>\n<\/p>\n<p>La UP-25MD admite se\u00f1ales anal\u00f3gicas de una gran variedad de equipos m\u00e9dicos. Una selecci\u00f3n de entradas (compuesta, S-Video y en componentes, SD y HD) ofrece un gran nivel de compatibilidad con los dispositivos de imagen m\u00e9dicos.<\/p>\n<\/p>\n<p>Selecci\u00f3n de soportes est\u00e1ndar y de laminaci\u00f3n autom\u00e1tica<\/p>\n<\/p>\n<p>La UP-25MD admite soportes de dos tama\u00f1os (126 x 96 mm y 96 x 72 mm) en las versiones est\u00e1ndar y de laminaci\u00f3n autom\u00e1tica. Los soportes de laminaci\u00f3n proporcionan una barrera adicional para proteger las copias ante la humedad, los vertidos, las huellas digitales y los ara\u00f1azos. Tambi\u00e9n mejora el aspecto de las copias.<\/p>\n<\/p>\n<p>Ajuste del color<\/p>\n<\/p>\n<p>Adem\u00e1s del ajuste normal claro\/oscuro y el ajuste RGB, la UP-25MD tambi\u00e9n dispone de HSV, para una manipulaci\u00f3n y una correcci\u00f3n de la imagen m\u00e1s detalladas. El ajuste HSV (matiz, saturaci\u00f3n y valor) permitir\u00e1 al usuario, por ejemplo, aumentar o reducir la intensidad de un color, sin afectar al balance de color de la imagen en general. Los ajustes de color pueden almacenarse para un uso posterior.<\/p>\n<\/p>\n<p>Dise\u00f1ada para ajustarse a los carritos endosc\u00f3picos<\/p>\n<\/p>\n<p>El tama\u00f1o de la UP-25MD est\u00e1 optimizado para permitir su instalaci\u00f3n en carritos endosc\u00f3picos est\u00e1ndar. Los pies de apoyo de la impresora ocupan exactamente la misma posici\u00f3n que en modelos anteriores, por lo que resulta sencilla su actualizaci\u00f3n.<\/p>\n<\/p>\n<p>Cumplimiento de las normas m\u00e9dicas<\/p>\n<\/p>\n<p>Este producto cuenta con distribuci\u00f3n en los EE. UU. y en la UE como dispositivo m\u00e9dico y cumple con las normas de seguridad m\u00e9dicas para productos (p. ej., la IEC 60601-1).<\/p><\/p>\n","protected":false},"excerpt":{"rendered":"<p>La UP-25MD es una impresora de alta calidad dise\u00f1ada para aplicaciones m\u00e9dicas. Dispone de diversas entradas de v\u00eddeo anal\u00f3gico para se\u00f1ales de Definici\u00f3n Est\u00e1ndar y de alta definici\u00f3n y es compatible con una amplia gama de dispositivos de imagen.<\/p>\n<\/p>\n<p>La tecnolog\u00eda de sublimaci\u00f3n de tinta con calidad fotogr\u00e1fica de la impresora garantiza unas copias duraderas y resistentes. Es compatible con nuestras series de soportes tradicionales UPC-21S y UPC-21L. Sella y protege las im\u00e1genes impresas contra los peligros del entorno. Los colores se pueden ajustar utilizando espacios de color RGB o HSV a fin de adaptarlos al resultado del monitor y optimizar la precisi\u00f3n en la reproducci\u00f3n del color.<\/p><\/p>\n","protected":false},"featured_media":12097,"template":"","meta":{"_joinchat":[]},"product_brand":[],"product_cat":[262],"product_tag":[],"class_list":{"0":"post-12096","1":"product","2":"type-product","3":"status-publish","4":"has-post-thumbnail","6":"product_cat-impresoras","7":"pa_marca-sony","9":"first","10":"instock","11":"purchasable","12":"product-type-simple"},"yoast_head":"<!-- This site is optimized with the Yoast SEO plugin v25.1 - https:\/\/yoast.com\/wordpress\/plugins\/seo\/ -->\n<title>IMPRESORA ANAL\u00d3GICA EN COLOR A6 - Tu mejor opci\u00f3n Equipo M\u00e9dico M\u00e9xico<\/title>\n<meta name=\"robots\" content=\"index, follow, max-snippet:-1, max-image-preview:large, max-video-preview:-1\" \/>\n<link rel=\"canonical\" href=\"https:\/\/buscoequipomedico.com\/?product=impresora-analogica-en-color-a6\" \/>\n<meta property=\"og:locale\" content=\"es_ES\" \/>\n<meta property=\"og:type\" content=\"article\" \/>\n<meta property=\"og:title\" content=\"IMPRESORA ANAL\u00d3GICA EN COLOR A6 - Tu mejor opci\u00f3n Equipo M\u00e9dico M\u00e9xico\" \/>\n<meta property=\"og:description\" content=\"La UP-25MD es una impresora de alta calidad dise\u00f1ada para aplicaciones m\u00e9dicas. Dispone de diversas entradas de v\u00eddeo anal\u00f3gico para se\u00f1ales de Definici\u00f3n Est\u00e1ndar y de alta definici\u00f3n y es compatible con una amplia gama de dispositivos de imagen. La tecnolog\u00eda de sublimaci\u00f3n de tinta con calidad fotogr\u00e1fica de la impresora garantiza unas copias duraderas y resistentes. Es compatible con nuestras series de soportes tradicionales UPC-21S y UPC-21L. Sella y protege las im\u00e1genes impresas contra los peligros del entorno. Los colores se pueden ajustar utilizando espacios de color RGB o HSV a fin de adaptarlos al resultado del monitor y optimizar la precisi\u00f3n en la reproducci\u00f3n del color.\" \/>\n<meta property=\"og:url\" content=\"https:\/\/buscoequipomedico.com\/?product=impresora-analogica-en-color-a6\" \/>\n<meta property=\"og:site_name\" content=\"Tu mejor opci\u00f3n Equipo M\u00e9dico M\u00e9xico\" \/>\n<meta property=\"article:modified_time\" content=\"2020-02-18T07:34:36+00:00\" \/>\n<meta property=\"og:image\" content=\"https:\/\/buscoequipomedico.com\/wp-content\/uploads\/2020\/02\/impresora-analogica-en-color-a6-la-up-25md-es-una-impresora-de-alta-calidad-disenada-para-aplicaciones-medicas-dispone-de-divers.jpg\" \/>\n\t<meta property=\"og:image:width\" content=\"800\" \/>\n\t<meta property=\"og:image:height\" content=\"800\" \/>\n\t<meta property=\"og:image:type\" content=\"image\/png\" \/>\n<meta name=\"twitter:card\" content=\"summary_large_image\" \/>\n<meta name=\"twitter:label1\" content=\"Tiempo de lectura\" \/>\n\t<meta name=\"twitter:data1\" content=\"2 minutos\" \/>\n<script type=\"application\/ld+json\" class=\"yoast-schema-graph\">{\"@context\":\"https:\/\/schema.org\",\"@graph\":[{\"@type\":\"WebPage\",\"@id\":\"https:\/\/buscoequipomedico.com\/?product=impresora-analogica-en-color-a6\",\"url\":\"https:\/\/buscoequipomedico.com\/?product=impresora-analogica-en-color-a6\",\"name\":\"IMPRESORA ANAL\u00d3GICA EN COLOR A6 - Tu mejor opci\u00f3n Equipo M\u00e9dico M\u00e9xico\",\"isPartOf\":{\"@id\":\"https:\/\/buscoequipomedico.com\/#website\"},\"primaryImageOfPage\":{\"@id\":\"https:\/\/buscoequipomedico.com\/?product=impresora-analogica-en-color-a6#primaryimage\"},\"image\":{\"@id\":\"https:\/\/buscoequipomedico.com\/?product=impresora-analogica-en-color-a6#primaryimage\"},\"thumbnailUrl\":\"https:\/\/buscoequipomedico.com\/wp-content\/uploads\/2020\/02\/impresora-analogica-en-color-a6-la-up-25md-es-una-impresora-de-alta-calidad-disenada-para-aplicaciones-medicas-dispone-de-divers.jpg\",\"datePublished\":\"2020-02-18T07:34:34+00:00\",\"dateModified\":\"2020-02-18T07:34:36+00:00\",\"breadcrumb\":{\"@id\":\"https:\/\/buscoequipomedico.com\/?product=impresora-analogica-en-color-a6#breadcrumb\"},\"inLanguage\":\"es\",\"potentialAction\":[{\"@type\":\"ReadAction\",\"target\":[\"https:\/\/buscoequipomedico.com\/?product=impresora-analogica-en-color-a6\"]}]},{\"@type\":\"ImageObject\",\"inLanguage\":\"es\",\"@id\":\"https:\/\/buscoequipomedico.com\/?product=impresora-analogica-en-color-a6#primaryimage\",\"url\":\"https:\/\/buscoequipomedico.com\/wp-content\/uploads\/2020\/02\/impresora-analogica-en-color-a6-la-up-25md-es-una-impresora-de-alta-calidad-disenada-para-aplicaciones-medicas-dispone-de-divers.jpg\",\"contentUrl\":\"https:\/\/buscoequipomedico.com\/wp-content\/uploads\/2020\/02\/impresora-analogica-en-color-a6-la-up-25md-es-una-impresora-de-alta-calidad-disenada-para-aplicaciones-medicas-dispone-de-divers.jpg\",\"width\":800,\"height\":800},{\"@type\":\"BreadcrumbList\",\"@id\":\"https:\/\/buscoequipomedico.com\/?product=impresora-analogica-en-color-a6#breadcrumb\",\"itemListElement\":[{\"@type\":\"ListItem\",\"position\":1,\"name\":\"Productos\",\"item\":\"https:\/\/buscoequipomedico.com\/shop\/\"},{\"@type\":\"ListItem\",\"position\":2,\"name\":\"IMPRESORA ANAL\u00d3GICA EN COLOR A6\"}]},{\"@type\":\"WebSite\",\"@id\":\"https:\/\/buscoequipomedico.com\/#website\",\"url\":\"https:\/\/buscoequipomedico.com\/\",\"name\":\"Tu mejor opci\u00f3n Equipo M\u00e9dico M\u00e9xico\",\"description\":\"Tienda de equipo m\u00e9dico\",\"publisher\":{\"@id\":\"https:\/\/buscoequipomedico.com\/#organization\"},\"potentialAction\":[{\"@type\":\"SearchAction\",\"target\":{\"@type\":\"EntryPoint\",\"urlTemplate\":\"https:\/\/buscoequipomedico.com\/?s={search_term_string}\"},\"query-input\":{\"@type\":\"PropertyValueSpecification\",\"valueRequired\":true,\"valueName\":\"search_term_string\"}}],\"inLanguage\":\"es\"},{\"@type\":\"Organization\",\"@id\":\"https:\/\/buscoequipomedico.com\/#organization\",\"name\":\"Tu mejor opci\u00f3n Equipo M\u00e9dico M\u00e9xico\",\"url\":\"https:\/\/buscoequipomedico.com\/\",\"logo\":{\"@type\":\"ImageObject\",\"inLanguage\":\"es\",\"@id\":\"https:\/\/buscoequipomedico.com\/#\/schema\/logo\/image\/\",\"url\":\"https:\/\/buscoequipomedico.com\/wp-content\/uploads\/2021\/07\/EMM-VPrincipal-scaled.jpg\",\"contentUrl\":\"https:\/\/buscoequipomedico.com\/wp-content\/uploads\/2021\/07\/EMM-VPrincipal-scaled.jpg\",\"width\":2560,\"height\":1058,\"caption\":\"Tu mejor opci\u00f3n Equipo M\u00e9dico M\u00e9xico\"},\"image\":{\"@id\":\"https:\/\/buscoequipomedico.com\/#\/schema\/logo\/image\/\"}}]}<\/script>\n<!-- \/ Yoast SEO plugin. -->","yoast_head_json":{"title":"IMPRESORA ANAL\u00d3GICA EN COLOR A6 - Tu mejor opci\u00f3n Equipo M\u00e9dico M\u00e9xico","robots":{"index":"index","follow":"follow","max-snippet":"max-snippet:-1","max-image-preview":"max-image-preview:large","max-video-preview":"max-video-preview:-1"},"canonical":"https:\/\/buscoequipomedico.com\/?product=impresora-analogica-en-color-a6","og_locale":"es_ES","og_type":"article","og_title":"IMPRESORA ANAL\u00d3GICA EN COLOR A6 - Tu mejor opci\u00f3n Equipo M\u00e9dico M\u00e9xico","og_description":"La UP-25MD es una impresora de alta calidad dise\u00f1ada para aplicaciones m\u00e9dicas. Dispone de diversas entradas de v\u00eddeo anal\u00f3gico para se\u00f1ales de Definici\u00f3n Est\u00e1ndar y de alta definici\u00f3n y es compatible con una amplia gama de dispositivos de imagen. La tecnolog\u00eda de sublimaci\u00f3n de tinta con calidad fotogr\u00e1fica de la impresora garantiza unas copias duraderas y resistentes. Es compatible con nuestras series de soportes tradicionales UPC-21S y UPC-21L. Sella y protege las im\u00e1genes impresas contra los peligros del entorno. Los colores se pueden ajustar utilizando espacios de color RGB o HSV a fin de adaptarlos al resultado del monitor y optimizar la precisi\u00f3n en la reproducci\u00f3n del color.","og_url":"https:\/\/buscoequipomedico.com\/?product=impresora-analogica-en-color-a6","og_site_name":"Tu mejor opci\u00f3n Equipo M\u00e9dico M\u00e9xico","article_modified_time":"2020-02-18T07:34:36+00:00","og_image":[{"width":800,"height":800,"url":"https:\/\/buscoequipomedico.com\/wp-content\/uploads\/2020\/02\/impresora-analogica-en-color-a6-la-up-25md-es-una-impresora-de-alta-calidad-disenada-para-aplicaciones-medicas-dispone-de-divers.jpg","type":"image\/png"}],"twitter_card":"summary_large_image","twitter_misc":{"Tiempo de lectura":"2 minutos"},"schema":{"@context":"https:\/\/schema.org","@graph":[{"@type":"WebPage","@id":"https:\/\/buscoequipomedico.com\/?product=impresora-analogica-en-color-a6","url":"https:\/\/buscoequipomedico.com\/?product=impresora-analogica-en-color-a6","name":"IMPRESORA ANAL\u00d3GICA EN COLOR A6 - Tu mejor opci\u00f3n Equipo M\u00e9dico M\u00e9xico","isPartOf":{"@id":"https:\/\/buscoequipomedico.com\/#website"},"primaryImageOfPage":{"@id":"https:\/\/buscoequipomedico.com\/?product=impresora-analogica-en-color-a6#primaryimage"},"image":{"@id":"https:\/\/buscoequipomedico.com\/?product=impresora-analogica-en-color-a6#primaryimage"},"thumbnailUrl":"https:\/\/buscoequipomedico.com\/wp-content\/uploads\/2020\/02\/impresora-analogica-en-color-a6-la-up-25md-es-una-impresora-de-alta-calidad-disenada-para-aplicaciones-medicas-dispone-de-divers.jpg","datePublished":"2020-02-18T07:34:34+00:00","dateModified":"2020-02-18T07:34:36+00:00","breadcrumb":{"@id":"https:\/\/buscoequipomedico.com\/?product=impresora-analogica-en-color-a6#breadcrumb"},"inLanguage":"es","potentialAction":[{"@type":"ReadAction","target":["https:\/\/buscoequipomedico.com\/?product=impresora-analogica-en-color-a6"]}]},{"@type":"ImageObject","inLanguage":"es","@id":"https:\/\/buscoequipomedico.com\/?product=impresora-analogica-en-color-a6#primaryimage","url":"https:\/\/buscoequipomedico.com\/wp-content\/uploads\/2020\/02\/impresora-analogica-en-color-a6-la-up-25md-es-una-impresora-de-alta-calidad-disenada-para-aplicaciones-medicas-dispone-de-divers.jpg","contentUrl":"https:\/\/buscoequipomedico.com\/wp-content\/uploads\/2020\/02\/impresora-analogica-en-color-a6-la-up-25md-es-una-impresora-de-alta-calidad-disenada-para-aplicaciones-medicas-dispone-de-divers.jpg","width":800,"height":800},{"@type":"BreadcrumbList","@id":"https:\/\/buscoequipomedico.com\/?product=impresora-analogica-en-color-a6#breadcrumb","itemListElement":[{"@type":"ListItem","position":1,"name":"Productos","item":"https:\/\/buscoequipomedico.com\/shop\/"},{"@type":"ListItem","position":2,"name":"IMPRESORA ANAL\u00d3GICA EN COLOR A6"}]},{"@type":"WebSite","@id":"https:\/\/buscoequipomedico.com\/#website","url":"https:\/\/buscoequipomedico.com\/","name":"Tu mejor opci\u00f3n Equipo M\u00e9dico M\u00e9xico","description":"Tienda de equipo m\u00e9dico","publisher":{"@id":"https:\/\/buscoequipomedico.com\/#organization"},"potentialAction":[{"@type":"SearchAction","target":{"@type":"EntryPoint","urlTemplate":"https:\/\/buscoequipomedico.com\/?s={search_term_string}"},"query-input":{"@type":"PropertyValueSpecification","valueRequired":true,"valueName":"search_term_string"}}],"inLanguage":"es"},{"@type":"Organization","@id":"https:\/\/buscoequipomedico.com\/#organization","name":"Tu mejor opci\u00f3n Equipo M\u00e9dico M\u00e9xico","url":"https:\/\/buscoequipomedico.com\/","logo":{"@type":"ImageObject","inLanguage":"es","@id":"https:\/\/buscoequipomedico.com\/#\/schema\/logo\/image\/","url":"https:\/\/buscoequipomedico.com\/wp-content\/uploads\/2021\/07\/EMM-VPrincipal-scaled.jpg","contentUrl":"https:\/\/buscoequipomedico.com\/wp-content\/uploads\/2021\/07\/EMM-VPrincipal-scaled.jpg","width":2560,"height":1058,"caption":"Tu mejor opci\u00f3n Equipo M\u00e9dico M\u00e9xico"},"image":{"@id":"https:\/\/buscoequipomedico.com\/#\/schema\/logo\/image\/"}}]}},"_links":{"self":[{"href":"https:\/\/buscoequipomedico.com\/index.php?rest_route=\/wp\/v2\/product\/12096","targetHints":{"allow":["GET"]}}],"collection":[{"href":"https:\/\/buscoequipomedico.com\/index.php?rest_route=\/wp\/v2\/product"}],"about":[{"href":"https:\/\/buscoequipomedico.com\/index.php?rest_route=\/wp\/v2\/types\/product"}],"wp:featuredmedia":[{"embeddable":true,"href":"https:\/\/buscoequipomedico.com\/index.php?rest_route=\/wp\/v2\/media\/12097"}],"wp:attachment":[{"href":"https:\/\/buscoequipomedico.com\/index.php?rest_route=%2Fwp%2Fv2%2Fmedia&parent=12096"}],"wp:term":[{"taxonomy":"product_brand","embeddable":true,"href":"https:\/\/buscoequipomedico.com\/index.php?rest_route=%2Fwp%2Fv2%2Fproduct_brand&post=12096"},{"taxonomy":"product_cat","embeddable":true,"href":"https:\/\/buscoequipomedico.com\/index.php?rest_route=%2Fwp%2Fv2%2Fproduct_cat&post=12096"},{"taxonomy":"product_tag","embeddable":true,"href":"https:\/\/buscoequipomedico.com\/index.php?rest_route=%2Fwp%2Fv2%2Fproduct_tag&post=12096"}],"curies":[{"name":"wp","href":"https:\/\/api.w.org\/{rel}","templated":true}]}}