{"id":12116,"date":"2020-02-18T07:34:34","date_gmt":"2020-02-18T07:34:34","guid":{"rendered":"https:\/\/equipomedicomexico-com.preview-domain.com\/product\/incubadora-infantil-pilli-1000-b-basica\/"},"modified":"2020-02-18T07:34:38","modified_gmt":"2020-02-18T07:34:38","slug":"incubadora-infantil-pilli-1000-b-basica","status":"publish","type":"product","link":"https:\/\/buscoequipomedico.com\/?product=incubadora-infantil-pilli-1000-b-basica","title":{"rendered":"INCUBADORA INFANTIL PILLI 1000 B (B\u00c1SICA)"},"content":{"rendered":"<p><span>Caracter\u00edsticas:<\/span><\/p>\n<ul>\n<li>Equipo electrom\u00e9dico rodable que proporciona soporte de vida por medio del suministro de temperatura, humedad y ox\u00edgeno que m\u00e1s se asemejan al ambiente intrauterino.\u00a0<\/li>\n<li>Temperatura no mayor a 39\u00b0C. Para reci\u00e9n nacidos.<\/li>\n<\/ul>\n<p><span>Sistema de control\u00a0<\/span><\/p>\n<ul>\n<li>Basado en tecnolog\u00eda electr\u00f3nica.<\/li>\n<li>Sistema de autoprueba al encender el equipo.<\/li>\n<li>Perilla para el ajuste de la temperatura de control.<\/li>\n<\/ul>\n<p><span>Alarmas (audibles y visuales):<\/span><\/p>\n<ul>\n<li>Alta temperatura<\/li>\n<li>Modo de operaci\u00f3n:<\/li>\n<li>Aire o manual: control de la temperatura del aire que circula dentro del capacete.<\/li>\n<\/ul>\n<p><span>Par\u00e1metros monitoreados:<\/span><\/p>\n<ul>\n<li>Por medio de term\u00f3metro digital o sensor electr\u00f3nico para monitorizar la temperatura del aire que circula dentro del capacete.<\/li>\n<li>Cuenta con indicador visual del funcionamiento del calefactor y de la l\u00ednea de alimentaci\u00f3n.<\/li>\n<\/ul>\n<p><span>Sistema de calefacci\u00f3n:<\/span><\/p>\n<ul>\n<li>Por medio de resistencia el\u00e9ctrica de 300 W, interconstruida al m\u00f3dulo de control y con acceso al interior de la incubadora para generar un microambiente agradable.<\/li>\n<\/ul>\n<p><span>Capacete:<\/span><\/p>\n<ul>\n<li>Cubierta de acr\u00edlico transparente (6 mm.) de alta resistencia con 4 accesos tipo iris o portillas, puerta frontal, entrada para b\u00e1scula, 4 accesos para tubos al interior de la c\u00e1mara y seguro de apertura.<\/li>\n<li>Doble pared con circulaci\u00f3n de aire entre el capacete y la doble pared de la parte posterior a la frontal. (opcional)<\/li>\n<li>2 aros iris a los costados o portillas para tener acceso al paciente. (opcionales).<\/li>\n<\/ul>\n<p><span>Colch\u00f3n:<\/span><\/p>\n<ul>\n<li>Hipoalerg\u00e9nico, antiest\u00e1tico y resistente a temperaturas superiores a los 40\u00b0C.<\/li>\n<li>Sistema con posibilidad de dar tres posiciones:<\/li>\n<li>Horizontal.<\/li>\n<li>Trendelemburg.\u00a0<\/li>\n<li>Contra Trendelemburg o Trendelemburg inverso.<\/li>\n<li>Base del colch\u00f3n radiotransparente para facilitar la toma de Rayos X.<\/li>\n<\/ul>\n","protected":false},"excerpt":{"rendered":"<p><span>Accesorios:<\/span><\/p>\n<ul>\n<li>Puerto de entrada para suministro de oxigeno de 15 Kg\/cm2; Salida de aire de 15 kg\/cm2.<\/li>\n<li>Filtro de Aire que ofrece resistencia al paso del polvo. No reusable. Vida m\u00e1xima de 3 meses. Alta eficiencia (0.8 um) del filtro al detener los contaminantes en la toma de aire.<\/li>\n<li>Pipa de llenado. Para suministro de agua para generar un ambiente h\u00famedo dentro de la incubadora.<\/li>\n<\/ul>\n","protected":false},"featured_media":12117,"template":"","meta":{"_joinchat":[]},"product_brand":[],"product_cat":[263],"product_tag":[],"class_list":{"0":"post-12116","1":"product","2":"type-product","3":"status-publish","4":"has-post-thumbnail","6":"product_cat-incubadoras","7":"pa_marca-tehsa","9":"first","10":"instock","11":"purchasable","12":"product-type-simple"},"yoast_head":"<!-- This site is optimized with the Yoast SEO plugin v25.1 - https:\/\/yoast.com\/wordpress\/plugins\/seo\/ -->\n<title>INCUBADORA INFANTIL PILLI 1000 B (B\u00c1SICA) - Tu mejor opci\u00f3n Equipo M\u00e9dico M\u00e9xico<\/title>\n<meta name=\"robots\" content=\"index, follow, max-snippet:-1, max-image-preview:large, max-video-preview:-1\" \/>\n<link rel=\"canonical\" href=\"https:\/\/buscoequipomedico.com\/?product=incubadora-infantil-pilli-1000-b-basica\" \/>\n<meta property=\"og:locale\" content=\"es_ES\" \/>\n<meta property=\"og:type\" content=\"article\" \/>\n<meta property=\"og:title\" content=\"INCUBADORA INFANTIL PILLI 1000 B (B\u00c1SICA) - Tu mejor opci\u00f3n Equipo M\u00e9dico M\u00e9xico\" \/>\n<meta property=\"og:description\" content=\"Accesorios: Puerto de entrada para suministro de oxigeno de 15 Kg\/cm2; Salida de aire de 15 kg\/cm2. Filtro de Aire que ofrece resistencia al paso del polvo. No reusable. Vida m\u00e1xima de 3 meses. Alta eficiencia (0.8 um) del filtro al detener los contaminantes en la toma de aire. Pipa de llenado. Para suministro de agua para generar un ambiente h\u00famedo dentro de la incubadora.\" \/>\n<meta property=\"og:url\" content=\"https:\/\/buscoequipomedico.com\/?product=incubadora-infantil-pilli-1000-b-basica\" \/>\n<meta property=\"og:site_name\" content=\"Tu mejor opci\u00f3n Equipo M\u00e9dico M\u00e9xico\" \/>\n<meta property=\"article:modified_time\" content=\"2020-02-18T07:34:38+00:00\" \/>\n<meta property=\"og:image\" content=\"https:\/\/buscoequipomedico.com\/wp-content\/uploads\/2020\/02\/incubadora-infantil-pilli-1000-b-basica-accesorios-puerto-de-entrada-para-suministro-de-oxigeno-de-15-kg-cm2-salida-de-aire-de-1.jpg\" \/>\n\t<meta property=\"og:image:width\" content=\"800\" \/>\n\t<meta property=\"og:image:height\" content=\"800\" \/>\n\t<meta property=\"og:image:type\" content=\"image\/png\" \/>\n<meta name=\"twitter:card\" content=\"summary_large_image\" \/>\n<meta name=\"twitter:label1\" content=\"Tiempo de lectura\" \/>\n\t<meta name=\"twitter:data1\" content=\"1 minuto\" \/>\n<script type=\"application\/ld+json\" class=\"yoast-schema-graph\">{\"@context\":\"https:\/\/schema.org\",\"@graph\":[{\"@type\":\"WebPage\",\"@id\":\"https:\/\/buscoequipomedico.com\/?product=incubadora-infantil-pilli-1000-b-basica\",\"url\":\"https:\/\/buscoequipomedico.com\/?product=incubadora-infantil-pilli-1000-b-basica\",\"name\":\"INCUBADORA INFANTIL PILLI 1000 B (B\u00c1SICA) - Tu mejor opci\u00f3n Equipo M\u00e9dico M\u00e9xico\",\"isPartOf\":{\"@id\":\"https:\/\/buscoequipomedico.com\/#website\"},\"primaryImageOfPage\":{\"@id\":\"https:\/\/buscoequipomedico.com\/?product=incubadora-infantil-pilli-1000-b-basica#primaryimage\"},\"image\":{\"@id\":\"https:\/\/buscoequipomedico.com\/?product=incubadora-infantil-pilli-1000-b-basica#primaryimage\"},\"thumbnailUrl\":\"https:\/\/buscoequipomedico.com\/wp-content\/uploads\/2020\/02\/incubadora-infantil-pilli-1000-b-basica-accesorios-puerto-de-entrada-para-suministro-de-oxigeno-de-15-kg-cm2-salida-de-aire-de-1.jpg\",\"datePublished\":\"2020-02-18T07:34:34+00:00\",\"dateModified\":\"2020-02-18T07:34:38+00:00\",\"breadcrumb\":{\"@id\":\"https:\/\/buscoequipomedico.com\/?product=incubadora-infantil-pilli-1000-b-basica#breadcrumb\"},\"inLanguage\":\"es\",\"potentialAction\":[{\"@type\":\"ReadAction\",\"target\":[\"https:\/\/buscoequipomedico.com\/?product=incubadora-infantil-pilli-1000-b-basica\"]}]},{\"@type\":\"ImageObject\",\"inLanguage\":\"es\",\"@id\":\"https:\/\/buscoequipomedico.com\/?product=incubadora-infantil-pilli-1000-b-basica#primaryimage\",\"url\":\"https:\/\/buscoequipomedico.com\/wp-content\/uploads\/2020\/02\/incubadora-infantil-pilli-1000-b-basica-accesorios-puerto-de-entrada-para-suministro-de-oxigeno-de-15-kg-cm2-salida-de-aire-de-1.jpg\",\"contentUrl\":\"https:\/\/buscoequipomedico.com\/wp-content\/uploads\/2020\/02\/incubadora-infantil-pilli-1000-b-basica-accesorios-puerto-de-entrada-para-suministro-de-oxigeno-de-15-kg-cm2-salida-de-aire-de-1.jpg\",\"width\":800,\"height\":800},{\"@type\":\"BreadcrumbList\",\"@id\":\"https:\/\/buscoequipomedico.com\/?product=incubadora-infantil-pilli-1000-b-basica#breadcrumb\",\"itemListElement\":[{\"@type\":\"ListItem\",\"position\":1,\"name\":\"Productos\",\"item\":\"https:\/\/buscoequipomedico.com\/shop\/\"},{\"@type\":\"ListItem\",\"position\":2,\"name\":\"INCUBADORA INFANTIL PILLI 1000 B (B\u00c1SICA)\"}]},{\"@type\":\"WebSite\",\"@id\":\"https:\/\/buscoequipomedico.com\/#website\",\"url\":\"https:\/\/buscoequipomedico.com\/\",\"name\":\"Tu mejor opci\u00f3n Equipo M\u00e9dico M\u00e9xico\",\"description\":\"Tienda de equipo m\u00e9dico\",\"publisher\":{\"@id\":\"https:\/\/buscoequipomedico.com\/#organization\"},\"potentialAction\":[{\"@type\":\"SearchAction\",\"target\":{\"@type\":\"EntryPoint\",\"urlTemplate\":\"https:\/\/buscoequipomedico.com\/?s={search_term_string}\"},\"query-input\":{\"@type\":\"PropertyValueSpecification\",\"valueRequired\":true,\"valueName\":\"search_term_string\"}}],\"inLanguage\":\"es\"},{\"@type\":\"Organization\",\"@id\":\"https:\/\/buscoequipomedico.com\/#organization\",\"name\":\"Tu mejor opci\u00f3n Equipo M\u00e9dico M\u00e9xico\",\"url\":\"https:\/\/buscoequipomedico.com\/\",\"logo\":{\"@type\":\"ImageObject\",\"inLanguage\":\"es\",\"@id\":\"https:\/\/buscoequipomedico.com\/#\/schema\/logo\/image\/\",\"url\":\"https:\/\/buscoequipomedico.com\/wp-content\/uploads\/2021\/07\/EMM-VPrincipal-scaled.jpg\",\"contentUrl\":\"https:\/\/buscoequipomedico.com\/wp-content\/uploads\/2021\/07\/EMM-VPrincipal-scaled.jpg\",\"width\":2560,\"height\":1058,\"caption\":\"Tu mejor opci\u00f3n Equipo M\u00e9dico M\u00e9xico\"},\"image\":{\"@id\":\"https:\/\/buscoequipomedico.com\/#\/schema\/logo\/image\/\"}}]}<\/script>\n<!-- \/ Yoast SEO plugin. -->","yoast_head_json":{"title":"INCUBADORA INFANTIL PILLI 1000 B (B\u00c1SICA) - Tu mejor opci\u00f3n Equipo M\u00e9dico M\u00e9xico","robots":{"index":"index","follow":"follow","max-snippet":"max-snippet:-1","max-image-preview":"max-image-preview:large","max-video-preview":"max-video-preview:-1"},"canonical":"https:\/\/buscoequipomedico.com\/?product=incubadora-infantil-pilli-1000-b-basica","og_locale":"es_ES","og_type":"article","og_title":"INCUBADORA INFANTIL PILLI 1000 B (B\u00c1SICA) - Tu mejor opci\u00f3n Equipo M\u00e9dico M\u00e9xico","og_description":"Accesorios: Puerto de entrada para suministro de oxigeno de 15 Kg\/cm2; Salida de aire de 15 kg\/cm2. Filtro de Aire que ofrece resistencia al paso del polvo. No reusable. Vida m\u00e1xima de 3 meses. Alta eficiencia (0.8 um) del filtro al detener los contaminantes en la toma de aire. Pipa de llenado. Para suministro de agua para generar un ambiente h\u00famedo dentro de la incubadora.","og_url":"https:\/\/buscoequipomedico.com\/?product=incubadora-infantil-pilli-1000-b-basica","og_site_name":"Tu mejor opci\u00f3n Equipo M\u00e9dico M\u00e9xico","article_modified_time":"2020-02-18T07:34:38+00:00","og_image":[{"width":800,"height":800,"url":"https:\/\/buscoequipomedico.com\/wp-content\/uploads\/2020\/02\/incubadora-infantil-pilli-1000-b-basica-accesorios-puerto-de-entrada-para-suministro-de-oxigeno-de-15-kg-cm2-salida-de-aire-de-1.jpg","type":"image\/png"}],"twitter_card":"summary_large_image","twitter_misc":{"Tiempo de lectura":"1 minuto"},"schema":{"@context":"https:\/\/schema.org","@graph":[{"@type":"WebPage","@id":"https:\/\/buscoequipomedico.com\/?product=incubadora-infantil-pilli-1000-b-basica","url":"https:\/\/buscoequipomedico.com\/?product=incubadora-infantil-pilli-1000-b-basica","name":"INCUBADORA INFANTIL PILLI 1000 B (B\u00c1SICA) - Tu mejor opci\u00f3n Equipo M\u00e9dico M\u00e9xico","isPartOf":{"@id":"https:\/\/buscoequipomedico.com\/#website"},"primaryImageOfPage":{"@id":"https:\/\/buscoequipomedico.com\/?product=incubadora-infantil-pilli-1000-b-basica#primaryimage"},"image":{"@id":"https:\/\/buscoequipomedico.com\/?product=incubadora-infantil-pilli-1000-b-basica#primaryimage"},"thumbnailUrl":"https:\/\/buscoequipomedico.com\/wp-content\/uploads\/2020\/02\/incubadora-infantil-pilli-1000-b-basica-accesorios-puerto-de-entrada-para-suministro-de-oxigeno-de-15-kg-cm2-salida-de-aire-de-1.jpg","datePublished":"2020-02-18T07:34:34+00:00","dateModified":"2020-02-18T07:34:38+00:00","breadcrumb":{"@id":"https:\/\/buscoequipomedico.com\/?product=incubadora-infantil-pilli-1000-b-basica#breadcrumb"},"inLanguage":"es","potentialAction":[{"@type":"ReadAction","target":["https:\/\/buscoequipomedico.com\/?product=incubadora-infantil-pilli-1000-b-basica"]}]},{"@type":"ImageObject","inLanguage":"es","@id":"https:\/\/buscoequipomedico.com\/?product=incubadora-infantil-pilli-1000-b-basica#primaryimage","url":"https:\/\/buscoequipomedico.com\/wp-content\/uploads\/2020\/02\/incubadora-infantil-pilli-1000-b-basica-accesorios-puerto-de-entrada-para-suministro-de-oxigeno-de-15-kg-cm2-salida-de-aire-de-1.jpg","contentUrl":"https:\/\/buscoequipomedico.com\/wp-content\/uploads\/2020\/02\/incubadora-infantil-pilli-1000-b-basica-accesorios-puerto-de-entrada-para-suministro-de-oxigeno-de-15-kg-cm2-salida-de-aire-de-1.jpg","width":800,"height":800},{"@type":"BreadcrumbList","@id":"https:\/\/buscoequipomedico.com\/?product=incubadora-infantil-pilli-1000-b-basica#breadcrumb","itemListElement":[{"@type":"ListItem","position":1,"name":"Productos","item":"https:\/\/buscoequipomedico.com\/shop\/"},{"@type":"ListItem","position":2,"name":"INCUBADORA INFANTIL PILLI 1000 B (B\u00c1SICA)"}]},{"@type":"WebSite","@id":"https:\/\/buscoequipomedico.com\/#website","url":"https:\/\/buscoequipomedico.com\/","name":"Tu mejor opci\u00f3n Equipo M\u00e9dico M\u00e9xico","description":"Tienda de equipo m\u00e9dico","publisher":{"@id":"https:\/\/buscoequipomedico.com\/#organization"},"potentialAction":[{"@type":"SearchAction","target":{"@type":"EntryPoint","urlTemplate":"https:\/\/buscoequipomedico.com\/?s={search_term_string}"},"query-input":{"@type":"PropertyValueSpecification","valueRequired":true,"valueName":"search_term_string"}}],"inLanguage":"es"},{"@type":"Organization","@id":"https:\/\/buscoequipomedico.com\/#organization","name":"Tu mejor opci\u00f3n Equipo M\u00e9dico M\u00e9xico","url":"https:\/\/buscoequipomedico.com\/","logo":{"@type":"ImageObject","inLanguage":"es","@id":"https:\/\/buscoequipomedico.com\/#\/schema\/logo\/image\/","url":"https:\/\/buscoequipomedico.com\/wp-content\/uploads\/2021\/07\/EMM-VPrincipal-scaled.jpg","contentUrl":"https:\/\/buscoequipomedico.com\/wp-content\/uploads\/2021\/07\/EMM-VPrincipal-scaled.jpg","width":2560,"height":1058,"caption":"Tu mejor opci\u00f3n Equipo M\u00e9dico M\u00e9xico"},"image":{"@id":"https:\/\/buscoequipomedico.com\/#\/schema\/logo\/image\/"}}]}},"_links":{"self":[{"href":"https:\/\/buscoequipomedico.com\/index.php?rest_route=\/wp\/v2\/product\/12116","targetHints":{"allow":["GET"]}}],"collection":[{"href":"https:\/\/buscoequipomedico.com\/index.php?rest_route=\/wp\/v2\/product"}],"about":[{"href":"https:\/\/buscoequipomedico.com\/index.php?rest_route=\/wp\/v2\/types\/product"}],"wp:featuredmedia":[{"embeddable":true,"href":"https:\/\/buscoequipomedico.com\/index.php?rest_route=\/wp\/v2\/media\/12117"}],"wp:attachment":[{"href":"https:\/\/buscoequipomedico.com\/index.php?rest_route=%2Fwp%2Fv2%2Fmedia&parent=12116"}],"wp:term":[{"taxonomy":"product_brand","embeddable":true,"href":"https:\/\/buscoequipomedico.com\/index.php?rest_route=%2Fwp%2Fv2%2Fproduct_brand&post=12116"},{"taxonomy":"product_cat","embeddable":true,"href":"https:\/\/buscoequipomedico.com\/index.php?rest_route=%2Fwp%2Fv2%2Fproduct_cat&post=12116"},{"taxonomy":"product_tag","embeddable":true,"href":"https:\/\/buscoequipomedico.com\/index.php?rest_route=%2Fwp%2Fv2%2Fproduct_tag&post=12116"}],"curies":[{"name":"wp","href":"https:\/\/api.w.org\/{rel}","templated":true}]}}