{"id":12120,"date":"2020-02-18T07:34:39","date_gmt":"2020-02-18T07:34:39","guid":{"rendered":"https:\/\/equipomedicomexico-com.preview-domain.com\/product\/incubadora-infantil-pilli-1000-sd-servo-digital\/"},"modified":"2020-02-18T07:34:40","modified_gmt":"2020-02-18T07:34:40","slug":"incubadora-infantil-pilli-1000-sd-servo-digital","status":"publish","type":"product","link":"https:\/\/buscoequipomedico.com\/?product=incubadora-infantil-pilli-1000-sd-servo-digital","title":{"rendered":"INCUBADORA INFANTIL PILLI 1000 SD (SERVO DIGITAL)"},"content":{"rendered":"<p>Incubadora infantil Pilli 1000 SD (Servo Digital) \u00abLinea\u00bb, sin fototerapia .<\/p>\n<\/p>\n<p>Sistema de control:<\/p>\n<\/p>\n<p>Basado en microprocesador.<\/p>\n<\/p>\n<p>Control digital para el ajuste de la temperatura de control y selecci\u00f3n de modo de operaci\u00f3n.<\/p>\n<\/p>\n<p>Sistema de autoprueba al encender el equipo y durante su funcionamiento.<\/p>\n<\/p>\n<p>Modo de operaci\u00f3n: Aire Control de la temperatura del aire que circula dentro del capacete.<\/p>\n<\/p>\n<p>Piel o Servo controlado: Se controla la temperatura de la piel del neonato en la zona hep\u00e1tica (de \u00f3rganos vitales) por medio del sensor de piel y el control del equipo.<\/p>\n<\/p>\n<p>Alarmas:<\/p>\n<\/p>\n<p>Audibles.<\/p>\n<\/p>\n<p>Visuales.<\/p>\n<\/p>\n<p>Modo de operaci\u00f3n:<\/p>\n<\/p>\n<p>Aire.<\/p>\n<\/p>\n<p>Piel o servocontrolado.<\/p>\n<\/p>\n<p>Par\u00e1metros monitoreados:<\/p>\n<\/p>\n<p>Sistema de sensores electr\u00f3nicos para monitorizar y ofrecer par\u00e1metros de control sobre la temperatura.<\/p>\n<\/p>\n<p>Despliegue digital.<\/p>\n<\/p>\n<p>Indicador visual de funcionamiento del calefactor.<\/p>\n<\/p>\n<p>Sistema de calefacci\u00f3n:<\/p>\n<\/p>\n<p>Resistencia el\u00e9ctrica de 300 w.<\/p>\n<\/p>\n<p>Capacete:<\/p>\n<\/p>\n<p>Cubierta de acr\u00edlico transparente 6 mm.<\/p>\n<\/p>\n<p>Colch\u00f3n:<\/p>\n<\/p>\n<p>Hipoalerg\u00e9nico.<\/p>\n<\/p>\n<p>Antiest\u00e1tico<\/p>\n<\/p>\n<p>Resistente<\/p>\n<\/p>\n<p>Posibilidad de 3 posiciones ( horizontal, trendelemburg , contra trendelemburg o trendelemburg inverso).<\/p>\n<\/p>\n<p>Base de colch\u00f3n radiotransparente.<\/p>\n<\/p>\n<p>Accesorios opcionales:<\/p>\n<\/p>\n<p>Ajuste el\u00e9ctrico de elevaci\u00f3n (opci\u00f3n a \u00a0manejo por medio de pedales y memorias)\u00a0<\/p>\n<\/p>\n<p>Fototerapia con temporizador y contador de horas.<\/p>\n<\/p>\n<p>Gancho de venoclisis.<\/p>\n<\/p>\n<p>B\u00e1scula.<\/p>\n<\/p>\n<p>Datos de operaci\u00f3n:<\/p>\n<\/p>\n<p>Rango de selecci\u00f3n en modo aire: 28.0\u00b0C a 38.0\u00b0C<\/p>\n<\/p>\n<p>Resoluci\u00f3n del term\u00f3metro: 0.1\u00b0C<\/p>\n<\/p>\n<p>Alarma de alta temperatura: 39.0\u00b0C + &#8211; 0.1\u00b0C.<\/p>\n<\/p>\n<p>Exactitud de la temperatura indicada: + &#8211; 0.2\u00b0C<\/p>\n<\/p>\n<p>Especificaciones el\u00e9ctricas:<\/p>\n<\/p>\n<p>Voltaje de alimentaci\u00f3n: 120 V c.a. + &#8211; 10%.<\/p>\n<\/p>\n<p>Potencia de consumo m\u00e1xima: 300 Watts.<\/p>\n<\/p>\n<p>Frecuencia de l\u00ednea de alimentaci\u00f3n: 60 Hz.<\/p>\n<\/p>\n<p>Corriente: 2.5 amp.<\/p><\/p>\n","protected":false},"excerpt":{"rendered":"<p><span><\/span><\/p>\n<ul>\n<li>Equipo electro m\u00e9dico rodable que proporciona soporte de vida por medio del suministro de temperatura, humedad y ox\u00edgeno que m\u00e1s se asemejan al ambiente intrauterino.\u00a0<\/li>\n<li>Temperatura no mayor a 39\u00b0C. Para reci\u00e9n nacidos.<\/li>\n<li>Dimensiones aproximadas:<\/li>\n<li>Altura: 134 cm + &#8211; 1 cm.<\/li>\n<li>Ancho: 56 cm + &#8211; 1 cm.<\/li>\n<li>Largo: 94 cm + &#8211; 1 cm.<\/li>\n<li>Peso: 72 Kg. + &#8211; 1 Kg.<\/li>\n<\/ul>\n","protected":false},"featured_media":12121,"template":"","meta":{"_joinchat":[]},"product_brand":[],"product_cat":[263],"product_tag":[],"class_list":{"0":"post-12120","1":"product","2":"type-product","3":"status-publish","4":"has-post-thumbnail","6":"product_cat-incubadoras","7":"pa_marca-tehsa","9":"first","10":"instock","11":"purchasable","12":"product-type-simple"},"yoast_head":"<!-- This site is optimized with the Yoast SEO plugin v25.1 - https:\/\/yoast.com\/wordpress\/plugins\/seo\/ -->\n<title>INCUBADORA INFANTIL PILLI 1000 SD (SERVO DIGITAL) - Tu mejor opci\u00f3n Equipo M\u00e9dico M\u00e9xico<\/title>\n<meta name=\"robots\" content=\"index, follow, max-snippet:-1, max-image-preview:large, max-video-preview:-1\" \/>\n<link rel=\"canonical\" href=\"https:\/\/buscoequipomedico.com\/?product=incubadora-infantil-pilli-1000-sd-servo-digital\" \/>\n<meta property=\"og:locale\" content=\"es_ES\" \/>\n<meta property=\"og:type\" content=\"article\" \/>\n<meta property=\"og:title\" content=\"INCUBADORA INFANTIL PILLI 1000 SD (SERVO DIGITAL) - Tu mejor opci\u00f3n Equipo M\u00e9dico M\u00e9xico\" \/>\n<meta property=\"og:description\" content=\"Equipo electro m\u00e9dico rodable que proporciona soporte de vida por medio del suministro de temperatura, humedad y ox\u00edgeno que m\u00e1s se asemejan al ambiente intrauterino.\u00a0 Temperatura no mayor a 39\u00b0C. Para reci\u00e9n nacidos. Dimensiones aproximadas: Altura: 134 cm + - 1 cm. Ancho: 56 cm + - 1 cm. Largo: 94 cm + - 1 cm. Peso: 72 Kg. + - 1 Kg.\" \/>\n<meta property=\"og:url\" content=\"https:\/\/buscoequipomedico.com\/?product=incubadora-infantil-pilli-1000-sd-servo-digital\" \/>\n<meta property=\"og:site_name\" content=\"Tu mejor opci\u00f3n Equipo M\u00e9dico M\u00e9xico\" \/>\n<meta property=\"article:modified_time\" content=\"2020-02-18T07:34:40+00:00\" \/>\n<meta property=\"og:image\" content=\"https:\/\/buscoequipomedico.com\/wp-content\/uploads\/2020\/02\/incubadora-infantil-pilli-1000-sd-servo-digital-equipo-electro-medico-rodable-que-proporciona-soporte-de-vida-por-medio-del-sumi.jpg\" \/>\n\t<meta property=\"og:image:width\" content=\"800\" \/>\n\t<meta property=\"og:image:height\" content=\"800\" \/>\n\t<meta property=\"og:image:type\" content=\"image\/png\" \/>\n<meta name=\"twitter:card\" content=\"summary_large_image\" \/>\n<meta name=\"twitter:label1\" content=\"Tiempo de lectura\" \/>\n\t<meta name=\"twitter:data1\" content=\"1 minuto\" \/>\n<script type=\"application\/ld+json\" class=\"yoast-schema-graph\">{\"@context\":\"https:\/\/schema.org\",\"@graph\":[{\"@type\":\"WebPage\",\"@id\":\"https:\/\/buscoequipomedico.com\/?product=incubadora-infantil-pilli-1000-sd-servo-digital\",\"url\":\"https:\/\/buscoequipomedico.com\/?product=incubadora-infantil-pilli-1000-sd-servo-digital\",\"name\":\"INCUBADORA INFANTIL PILLI 1000 SD (SERVO DIGITAL) - Tu mejor opci\u00f3n Equipo M\u00e9dico M\u00e9xico\",\"isPartOf\":{\"@id\":\"https:\/\/buscoequipomedico.com\/#website\"},\"primaryImageOfPage\":{\"@id\":\"https:\/\/buscoequipomedico.com\/?product=incubadora-infantil-pilli-1000-sd-servo-digital#primaryimage\"},\"image\":{\"@id\":\"https:\/\/buscoequipomedico.com\/?product=incubadora-infantil-pilli-1000-sd-servo-digital#primaryimage\"},\"thumbnailUrl\":\"https:\/\/buscoequipomedico.com\/wp-content\/uploads\/2020\/02\/incubadora-infantil-pilli-1000-sd-servo-digital-equipo-electro-medico-rodable-que-proporciona-soporte-de-vida-por-medio-del-sumi.jpg\",\"datePublished\":\"2020-02-18T07:34:39+00:00\",\"dateModified\":\"2020-02-18T07:34:40+00:00\",\"breadcrumb\":{\"@id\":\"https:\/\/buscoequipomedico.com\/?product=incubadora-infantil-pilli-1000-sd-servo-digital#breadcrumb\"},\"inLanguage\":\"es\",\"potentialAction\":[{\"@type\":\"ReadAction\",\"target\":[\"https:\/\/buscoequipomedico.com\/?product=incubadora-infantil-pilli-1000-sd-servo-digital\"]}]},{\"@type\":\"ImageObject\",\"inLanguage\":\"es\",\"@id\":\"https:\/\/buscoequipomedico.com\/?product=incubadora-infantil-pilli-1000-sd-servo-digital#primaryimage\",\"url\":\"https:\/\/buscoequipomedico.com\/wp-content\/uploads\/2020\/02\/incubadora-infantil-pilli-1000-sd-servo-digital-equipo-electro-medico-rodable-que-proporciona-soporte-de-vida-por-medio-del-sumi.jpg\",\"contentUrl\":\"https:\/\/buscoequipomedico.com\/wp-content\/uploads\/2020\/02\/incubadora-infantil-pilli-1000-sd-servo-digital-equipo-electro-medico-rodable-que-proporciona-soporte-de-vida-por-medio-del-sumi.jpg\",\"width\":800,\"height\":800},{\"@type\":\"BreadcrumbList\",\"@id\":\"https:\/\/buscoequipomedico.com\/?product=incubadora-infantil-pilli-1000-sd-servo-digital#breadcrumb\",\"itemListElement\":[{\"@type\":\"ListItem\",\"position\":1,\"name\":\"Productos\",\"item\":\"https:\/\/buscoequipomedico.com\/shop\/\"},{\"@type\":\"ListItem\",\"position\":2,\"name\":\"INCUBADORA INFANTIL PILLI 1000 SD (SERVO DIGITAL)\"}]},{\"@type\":\"WebSite\",\"@id\":\"https:\/\/buscoequipomedico.com\/#website\",\"url\":\"https:\/\/buscoequipomedico.com\/\",\"name\":\"Tu mejor opci\u00f3n Equipo M\u00e9dico M\u00e9xico\",\"description\":\"Tienda de equipo m\u00e9dico\",\"publisher\":{\"@id\":\"https:\/\/buscoequipomedico.com\/#organization\"},\"potentialAction\":[{\"@type\":\"SearchAction\",\"target\":{\"@type\":\"EntryPoint\",\"urlTemplate\":\"https:\/\/buscoequipomedico.com\/?s={search_term_string}\"},\"query-input\":{\"@type\":\"PropertyValueSpecification\",\"valueRequired\":true,\"valueName\":\"search_term_string\"}}],\"inLanguage\":\"es\"},{\"@type\":\"Organization\",\"@id\":\"https:\/\/buscoequipomedico.com\/#organization\",\"name\":\"Tu mejor opci\u00f3n Equipo M\u00e9dico M\u00e9xico\",\"url\":\"https:\/\/buscoequipomedico.com\/\",\"logo\":{\"@type\":\"ImageObject\",\"inLanguage\":\"es\",\"@id\":\"https:\/\/buscoequipomedico.com\/#\/schema\/logo\/image\/\",\"url\":\"https:\/\/buscoequipomedico.com\/wp-content\/uploads\/2021\/07\/EMM-VPrincipal-scaled.jpg\",\"contentUrl\":\"https:\/\/buscoequipomedico.com\/wp-content\/uploads\/2021\/07\/EMM-VPrincipal-scaled.jpg\",\"width\":2560,\"height\":1058,\"caption\":\"Tu mejor opci\u00f3n Equipo M\u00e9dico M\u00e9xico\"},\"image\":{\"@id\":\"https:\/\/buscoequipomedico.com\/#\/schema\/logo\/image\/\"}}]}<\/script>\n<!-- \/ Yoast SEO plugin. -->","yoast_head_json":{"title":"INCUBADORA INFANTIL PILLI 1000 SD (SERVO DIGITAL) - Tu mejor opci\u00f3n Equipo M\u00e9dico M\u00e9xico","robots":{"index":"index","follow":"follow","max-snippet":"max-snippet:-1","max-image-preview":"max-image-preview:large","max-video-preview":"max-video-preview:-1"},"canonical":"https:\/\/buscoequipomedico.com\/?product=incubadora-infantil-pilli-1000-sd-servo-digital","og_locale":"es_ES","og_type":"article","og_title":"INCUBADORA INFANTIL PILLI 1000 SD (SERVO DIGITAL) - Tu mejor opci\u00f3n Equipo M\u00e9dico M\u00e9xico","og_description":"Equipo electro m\u00e9dico rodable que proporciona soporte de vida por medio del suministro de temperatura, humedad y ox\u00edgeno que m\u00e1s se asemejan al ambiente intrauterino.\u00a0 Temperatura no mayor a 39\u00b0C. Para reci\u00e9n nacidos. Dimensiones aproximadas: Altura: 134 cm + - 1 cm. Ancho: 56 cm + - 1 cm. Largo: 94 cm + - 1 cm. Peso: 72 Kg. + - 1 Kg.","og_url":"https:\/\/buscoequipomedico.com\/?product=incubadora-infantil-pilli-1000-sd-servo-digital","og_site_name":"Tu mejor opci\u00f3n Equipo M\u00e9dico M\u00e9xico","article_modified_time":"2020-02-18T07:34:40+00:00","og_image":[{"width":800,"height":800,"url":"https:\/\/buscoequipomedico.com\/wp-content\/uploads\/2020\/02\/incubadora-infantil-pilli-1000-sd-servo-digital-equipo-electro-medico-rodable-que-proporciona-soporte-de-vida-por-medio-del-sumi.jpg","type":"image\/png"}],"twitter_card":"summary_large_image","twitter_misc":{"Tiempo de lectura":"1 minuto"},"schema":{"@context":"https:\/\/schema.org","@graph":[{"@type":"WebPage","@id":"https:\/\/buscoequipomedico.com\/?product=incubadora-infantil-pilli-1000-sd-servo-digital","url":"https:\/\/buscoequipomedico.com\/?product=incubadora-infantil-pilli-1000-sd-servo-digital","name":"INCUBADORA INFANTIL PILLI 1000 SD (SERVO DIGITAL) - Tu mejor opci\u00f3n Equipo M\u00e9dico M\u00e9xico","isPartOf":{"@id":"https:\/\/buscoequipomedico.com\/#website"},"primaryImageOfPage":{"@id":"https:\/\/buscoequipomedico.com\/?product=incubadora-infantil-pilli-1000-sd-servo-digital#primaryimage"},"image":{"@id":"https:\/\/buscoequipomedico.com\/?product=incubadora-infantil-pilli-1000-sd-servo-digital#primaryimage"},"thumbnailUrl":"https:\/\/buscoequipomedico.com\/wp-content\/uploads\/2020\/02\/incubadora-infantil-pilli-1000-sd-servo-digital-equipo-electro-medico-rodable-que-proporciona-soporte-de-vida-por-medio-del-sumi.jpg","datePublished":"2020-02-18T07:34:39+00:00","dateModified":"2020-02-18T07:34:40+00:00","breadcrumb":{"@id":"https:\/\/buscoequipomedico.com\/?product=incubadora-infantil-pilli-1000-sd-servo-digital#breadcrumb"},"inLanguage":"es","potentialAction":[{"@type":"ReadAction","target":["https:\/\/buscoequipomedico.com\/?product=incubadora-infantil-pilli-1000-sd-servo-digital"]}]},{"@type":"ImageObject","inLanguage":"es","@id":"https:\/\/buscoequipomedico.com\/?product=incubadora-infantil-pilli-1000-sd-servo-digital#primaryimage","url":"https:\/\/buscoequipomedico.com\/wp-content\/uploads\/2020\/02\/incubadora-infantil-pilli-1000-sd-servo-digital-equipo-electro-medico-rodable-que-proporciona-soporte-de-vida-por-medio-del-sumi.jpg","contentUrl":"https:\/\/buscoequipomedico.com\/wp-content\/uploads\/2020\/02\/incubadora-infantil-pilli-1000-sd-servo-digital-equipo-electro-medico-rodable-que-proporciona-soporte-de-vida-por-medio-del-sumi.jpg","width":800,"height":800},{"@type":"BreadcrumbList","@id":"https:\/\/buscoequipomedico.com\/?product=incubadora-infantil-pilli-1000-sd-servo-digital#breadcrumb","itemListElement":[{"@type":"ListItem","position":1,"name":"Productos","item":"https:\/\/buscoequipomedico.com\/shop\/"},{"@type":"ListItem","position":2,"name":"INCUBADORA INFANTIL PILLI 1000 SD (SERVO DIGITAL)"}]},{"@type":"WebSite","@id":"https:\/\/buscoequipomedico.com\/#website","url":"https:\/\/buscoequipomedico.com\/","name":"Tu mejor opci\u00f3n Equipo M\u00e9dico M\u00e9xico","description":"Tienda de equipo m\u00e9dico","publisher":{"@id":"https:\/\/buscoequipomedico.com\/#organization"},"potentialAction":[{"@type":"SearchAction","target":{"@type":"EntryPoint","urlTemplate":"https:\/\/buscoequipomedico.com\/?s={search_term_string}"},"query-input":{"@type":"PropertyValueSpecification","valueRequired":true,"valueName":"search_term_string"}}],"inLanguage":"es"},{"@type":"Organization","@id":"https:\/\/buscoequipomedico.com\/#organization","name":"Tu mejor opci\u00f3n Equipo M\u00e9dico M\u00e9xico","url":"https:\/\/buscoequipomedico.com\/","logo":{"@type":"ImageObject","inLanguage":"es","@id":"https:\/\/buscoequipomedico.com\/#\/schema\/logo\/image\/","url":"https:\/\/buscoequipomedico.com\/wp-content\/uploads\/2021\/07\/EMM-VPrincipal-scaled.jpg","contentUrl":"https:\/\/buscoequipomedico.com\/wp-content\/uploads\/2021\/07\/EMM-VPrincipal-scaled.jpg","width":2560,"height":1058,"caption":"Tu mejor opci\u00f3n Equipo M\u00e9dico M\u00e9xico"},"image":{"@id":"https:\/\/buscoequipomedico.com\/#\/schema\/logo\/image\/"}}]}},"_links":{"self":[{"href":"https:\/\/buscoequipomedico.com\/index.php?rest_route=\/wp\/v2\/product\/12120","targetHints":{"allow":["GET"]}}],"collection":[{"href":"https:\/\/buscoequipomedico.com\/index.php?rest_route=\/wp\/v2\/product"}],"about":[{"href":"https:\/\/buscoequipomedico.com\/index.php?rest_route=\/wp\/v2\/types\/product"}],"wp:featuredmedia":[{"embeddable":true,"href":"https:\/\/buscoequipomedico.com\/index.php?rest_route=\/wp\/v2\/media\/12121"}],"wp:attachment":[{"href":"https:\/\/buscoequipomedico.com\/index.php?rest_route=%2Fwp%2Fv2%2Fmedia&parent=12120"}],"wp:term":[{"taxonomy":"product_brand","embeddable":true,"href":"https:\/\/buscoequipomedico.com\/index.php?rest_route=%2Fwp%2Fv2%2Fproduct_brand&post=12120"},{"taxonomy":"product_cat","embeddable":true,"href":"https:\/\/buscoequipomedico.com\/index.php?rest_route=%2Fwp%2Fv2%2Fproduct_cat&post=12120"},{"taxonomy":"product_tag","embeddable":true,"href":"https:\/\/buscoequipomedico.com\/index.php?rest_route=%2Fwp%2Fv2%2Fproduct_tag&post=12120"}],"curies":[{"name":"wp","href":"https:\/\/api.w.org\/{rel}","templated":true}]}}