{"id":12130,"date":"2020-02-18T07:34:39","date_gmt":"2020-02-18T07:34:39","guid":{"rendered":"https:\/\/equipomedicomexico-com.preview-domain.com\/product\/infantometro-estacionario-33-100-cm-div-1mm\/"},"modified":"2020-02-18T07:34:41","modified_gmt":"2020-02-18T07:34:41","slug":"infantometro-estacionario-33-100-cm-div-1mm","status":"publish","type":"product","link":"https:\/\/buscoequipomedico.com\/?product=infantometro-estacionario-33-100-cm-div-1mm","title":{"rendered":"INFANTOMETRO ESTACIONARIO 33 &#8211; 100 CM DIV 1MM"},"content":{"rendered":"<p>Infant\u00f3metro para medir la talla de beb\u00e9s y ni\u00f1os peque\u00f1os en uso estacionario<\/p>\n<p>El dise\u00f1o robusto y la gran estabilidad de este infant\u00f3metro facilitan una medici\u00f3n r\u00e1pida y sencilla de la talla de beb\u00e9s y de ni\u00f1os peque\u00f1os de hasta dos a\u00f1os de edad.<\/p>\n<p>Las amplias dimensiones de la plataforma y los laterales elevados y ligeramente redondeados permiten colocar al infante r\u00e1pida y segura en una posici\u00f3n adecuada. El tope para los pies est\u00e1 firmemente montado en dos rieles gu\u00eda con correderas, a lo largo de la escala de medici\u00f3n. El tope para los pies, bloqueable, permite atender al beb\u00e9 hasta que se pueda anotar el resultado. Todos los componentes ofrecen una extraordinaria calidad, una larga vida \u00fatil y una gran resistencia.<\/p>\n","protected":false},"excerpt":{"rendered":"<p><span>Rango de medici\u00f3n en cm: 33 &#8211; 100 cm<\/span><br \/><span>Rango de medici\u00f3n en inch: 13 -39 \u00ab<\/span><br \/><span>Divisi\u00f3n: 1 mm \/ 1\/16 inch<\/span><br \/><span>Dimensiones (AxAxP): 1103 x 169 x 402 mm , 43,4 x 6,7 x 15,8 inch<\/span><br \/><span>Peso neto: 3,8 kg , 8,3 lbs<\/span><br \/><span>Funciones: Error de pesaje<\/span><\/p>\n","protected":false},"featured_media":12131,"template":"","meta":{"_joinchat":[]},"product_brand":[],"product_cat":[265],"product_tag":[],"class_list":{"0":"post-12130","1":"product","2":"type-product","3":"status-publish","4":"has-post-thumbnail","6":"product_cat-infantometros","8":"first","9":"instock","10":"purchasable","11":"product-type-simple"},"yoast_head":"<!-- This site is optimized with the Yoast SEO plugin v25.1 - https:\/\/yoast.com\/wordpress\/plugins\/seo\/ -->\n<title>INFANTOMETRO ESTACIONARIO 33 - 100 CM DIV 1MM - Tu mejor opci\u00f3n Equipo M\u00e9dico M\u00e9xico<\/title>\n<meta name=\"robots\" content=\"index, follow, max-snippet:-1, max-image-preview:large, max-video-preview:-1\" \/>\n<link rel=\"canonical\" href=\"https:\/\/buscoequipomedico.com\/?product=infantometro-estacionario-33-100-cm-div-1mm\" \/>\n<meta property=\"og:locale\" content=\"es_ES\" \/>\n<meta property=\"og:type\" content=\"article\" \/>\n<meta property=\"og:title\" content=\"INFANTOMETRO ESTACIONARIO 33 - 100 CM DIV 1MM - Tu mejor opci\u00f3n Equipo M\u00e9dico M\u00e9xico\" \/>\n<meta property=\"og:description\" content=\"Rango de medici\u00f3n en cm: 33 - 100 cmRango de medici\u00f3n en inch: 13 -39 &quot;Divisi\u00f3n: 1 mm \/ 1\/16 inchDimensiones (AxAxP): 1103 x 169 x 402 mm , 43,4 x 6,7 x 15,8 inchPeso neto: 3,8 kg , 8,3 lbsFunciones: Error de pesaje\" \/>\n<meta property=\"og:url\" content=\"https:\/\/buscoequipomedico.com\/?product=infantometro-estacionario-33-100-cm-div-1mm\" \/>\n<meta property=\"og:site_name\" content=\"Tu mejor opci\u00f3n Equipo M\u00e9dico M\u00e9xico\" \/>\n<meta property=\"article:modified_time\" content=\"2020-02-18T07:34:41+00:00\" \/>\n<meta property=\"og:image\" content=\"https:\/\/buscoequipomedico.com\/wp-content\/uploads\/2020\/02\/infantometro-estacionario-33-100-cm-div-1mm-rango-de-medicion-en-cm-33-100-cmrango-de-medicion-en-inch-13-39-division-1-mm-1-16.jpg\" \/>\n\t<meta property=\"og:image:width\" content=\"800\" \/>\n\t<meta property=\"og:image:height\" content=\"800\" \/>\n\t<meta property=\"og:image:type\" content=\"image\/png\" \/>\n<meta name=\"twitter:card\" content=\"summary_large_image\" \/>\n<meta name=\"twitter:label1\" content=\"Tiempo de lectura\" \/>\n\t<meta name=\"twitter:data1\" content=\"1 minuto\" \/>\n<script type=\"application\/ld+json\" class=\"yoast-schema-graph\">{\"@context\":\"https:\/\/schema.org\",\"@graph\":[{\"@type\":\"WebPage\",\"@id\":\"https:\/\/buscoequipomedico.com\/?product=infantometro-estacionario-33-100-cm-div-1mm\",\"url\":\"https:\/\/buscoequipomedico.com\/?product=infantometro-estacionario-33-100-cm-div-1mm\",\"name\":\"INFANTOMETRO ESTACIONARIO 33 - 100 CM DIV 1MM - Tu mejor opci\u00f3n Equipo M\u00e9dico M\u00e9xico\",\"isPartOf\":{\"@id\":\"https:\/\/buscoequipomedico.com\/#website\"},\"primaryImageOfPage\":{\"@id\":\"https:\/\/buscoequipomedico.com\/?product=infantometro-estacionario-33-100-cm-div-1mm#primaryimage\"},\"image\":{\"@id\":\"https:\/\/buscoequipomedico.com\/?product=infantometro-estacionario-33-100-cm-div-1mm#primaryimage\"},\"thumbnailUrl\":\"https:\/\/buscoequipomedico.com\/wp-content\/uploads\/2020\/02\/infantometro-estacionario-33-100-cm-div-1mm-rango-de-medicion-en-cm-33-100-cmrango-de-medicion-en-inch-13-39-division-1-mm-1-16.jpg\",\"datePublished\":\"2020-02-18T07:34:39+00:00\",\"dateModified\":\"2020-02-18T07:34:41+00:00\",\"breadcrumb\":{\"@id\":\"https:\/\/buscoequipomedico.com\/?product=infantometro-estacionario-33-100-cm-div-1mm#breadcrumb\"},\"inLanguage\":\"es\",\"potentialAction\":[{\"@type\":\"ReadAction\",\"target\":[\"https:\/\/buscoequipomedico.com\/?product=infantometro-estacionario-33-100-cm-div-1mm\"]}]},{\"@type\":\"ImageObject\",\"inLanguage\":\"es\",\"@id\":\"https:\/\/buscoequipomedico.com\/?product=infantometro-estacionario-33-100-cm-div-1mm#primaryimage\",\"url\":\"https:\/\/buscoequipomedico.com\/wp-content\/uploads\/2020\/02\/infantometro-estacionario-33-100-cm-div-1mm-rango-de-medicion-en-cm-33-100-cmrango-de-medicion-en-inch-13-39-division-1-mm-1-16.jpg\",\"contentUrl\":\"https:\/\/buscoequipomedico.com\/wp-content\/uploads\/2020\/02\/infantometro-estacionario-33-100-cm-div-1mm-rango-de-medicion-en-cm-33-100-cmrango-de-medicion-en-inch-13-39-division-1-mm-1-16.jpg\",\"width\":800,\"height\":800},{\"@type\":\"BreadcrumbList\",\"@id\":\"https:\/\/buscoequipomedico.com\/?product=infantometro-estacionario-33-100-cm-div-1mm#breadcrumb\",\"itemListElement\":[{\"@type\":\"ListItem\",\"position\":1,\"name\":\"Productos\",\"item\":\"https:\/\/buscoequipomedico.com\/shop\/\"},{\"@type\":\"ListItem\",\"position\":2,\"name\":\"INFANTOMETRO ESTACIONARIO 33 &#8211; 100 CM DIV 1MM\"}]},{\"@type\":\"WebSite\",\"@id\":\"https:\/\/buscoequipomedico.com\/#website\",\"url\":\"https:\/\/buscoequipomedico.com\/\",\"name\":\"Tu mejor opci\u00f3n Equipo M\u00e9dico M\u00e9xico\",\"description\":\"Tienda de equipo m\u00e9dico\",\"publisher\":{\"@id\":\"https:\/\/buscoequipomedico.com\/#organization\"},\"potentialAction\":[{\"@type\":\"SearchAction\",\"target\":{\"@type\":\"EntryPoint\",\"urlTemplate\":\"https:\/\/buscoequipomedico.com\/?s={search_term_string}\"},\"query-input\":{\"@type\":\"PropertyValueSpecification\",\"valueRequired\":true,\"valueName\":\"search_term_string\"}}],\"inLanguage\":\"es\"},{\"@type\":\"Organization\",\"@id\":\"https:\/\/buscoequipomedico.com\/#organization\",\"name\":\"Tu mejor opci\u00f3n Equipo M\u00e9dico M\u00e9xico\",\"url\":\"https:\/\/buscoequipomedico.com\/\",\"logo\":{\"@type\":\"ImageObject\",\"inLanguage\":\"es\",\"@id\":\"https:\/\/buscoequipomedico.com\/#\/schema\/logo\/image\/\",\"url\":\"https:\/\/buscoequipomedico.com\/wp-content\/uploads\/2021\/07\/EMM-VPrincipal-scaled.jpg\",\"contentUrl\":\"https:\/\/buscoequipomedico.com\/wp-content\/uploads\/2021\/07\/EMM-VPrincipal-scaled.jpg\",\"width\":2560,\"height\":1058,\"caption\":\"Tu mejor opci\u00f3n Equipo M\u00e9dico M\u00e9xico\"},\"image\":{\"@id\":\"https:\/\/buscoequipomedico.com\/#\/schema\/logo\/image\/\"}}]}<\/script>\n<!-- \/ Yoast SEO plugin. -->","yoast_head_json":{"title":"INFANTOMETRO ESTACIONARIO 33 - 100 CM DIV 1MM - Tu mejor opci\u00f3n Equipo M\u00e9dico M\u00e9xico","robots":{"index":"index","follow":"follow","max-snippet":"max-snippet:-1","max-image-preview":"max-image-preview:large","max-video-preview":"max-video-preview:-1"},"canonical":"https:\/\/buscoequipomedico.com\/?product=infantometro-estacionario-33-100-cm-div-1mm","og_locale":"es_ES","og_type":"article","og_title":"INFANTOMETRO ESTACIONARIO 33 - 100 CM DIV 1MM - Tu mejor opci\u00f3n Equipo M\u00e9dico M\u00e9xico","og_description":"Rango de medici\u00f3n en cm: 33 - 100 cmRango de medici\u00f3n en inch: 13 -39 \"Divisi\u00f3n: 1 mm \/ 1\/16 inchDimensiones (AxAxP): 1103 x 169 x 402 mm , 43,4 x 6,7 x 15,8 inchPeso neto: 3,8 kg , 8,3 lbsFunciones: Error de pesaje","og_url":"https:\/\/buscoequipomedico.com\/?product=infantometro-estacionario-33-100-cm-div-1mm","og_site_name":"Tu mejor opci\u00f3n Equipo M\u00e9dico M\u00e9xico","article_modified_time":"2020-02-18T07:34:41+00:00","og_image":[{"width":800,"height":800,"url":"https:\/\/buscoequipomedico.com\/wp-content\/uploads\/2020\/02\/infantometro-estacionario-33-100-cm-div-1mm-rango-de-medicion-en-cm-33-100-cmrango-de-medicion-en-inch-13-39-division-1-mm-1-16.jpg","type":"image\/png"}],"twitter_card":"summary_large_image","twitter_misc":{"Tiempo de lectura":"1 minuto"},"schema":{"@context":"https:\/\/schema.org","@graph":[{"@type":"WebPage","@id":"https:\/\/buscoequipomedico.com\/?product=infantometro-estacionario-33-100-cm-div-1mm","url":"https:\/\/buscoequipomedico.com\/?product=infantometro-estacionario-33-100-cm-div-1mm","name":"INFANTOMETRO ESTACIONARIO 33 - 100 CM DIV 1MM - Tu mejor opci\u00f3n Equipo M\u00e9dico M\u00e9xico","isPartOf":{"@id":"https:\/\/buscoequipomedico.com\/#website"},"primaryImageOfPage":{"@id":"https:\/\/buscoequipomedico.com\/?product=infantometro-estacionario-33-100-cm-div-1mm#primaryimage"},"image":{"@id":"https:\/\/buscoequipomedico.com\/?product=infantometro-estacionario-33-100-cm-div-1mm#primaryimage"},"thumbnailUrl":"https:\/\/buscoequipomedico.com\/wp-content\/uploads\/2020\/02\/infantometro-estacionario-33-100-cm-div-1mm-rango-de-medicion-en-cm-33-100-cmrango-de-medicion-en-inch-13-39-division-1-mm-1-16.jpg","datePublished":"2020-02-18T07:34:39+00:00","dateModified":"2020-02-18T07:34:41+00:00","breadcrumb":{"@id":"https:\/\/buscoequipomedico.com\/?product=infantometro-estacionario-33-100-cm-div-1mm#breadcrumb"},"inLanguage":"es","potentialAction":[{"@type":"ReadAction","target":["https:\/\/buscoequipomedico.com\/?product=infantometro-estacionario-33-100-cm-div-1mm"]}]},{"@type":"ImageObject","inLanguage":"es","@id":"https:\/\/buscoequipomedico.com\/?product=infantometro-estacionario-33-100-cm-div-1mm#primaryimage","url":"https:\/\/buscoequipomedico.com\/wp-content\/uploads\/2020\/02\/infantometro-estacionario-33-100-cm-div-1mm-rango-de-medicion-en-cm-33-100-cmrango-de-medicion-en-inch-13-39-division-1-mm-1-16.jpg","contentUrl":"https:\/\/buscoequipomedico.com\/wp-content\/uploads\/2020\/02\/infantometro-estacionario-33-100-cm-div-1mm-rango-de-medicion-en-cm-33-100-cmrango-de-medicion-en-inch-13-39-division-1-mm-1-16.jpg","width":800,"height":800},{"@type":"BreadcrumbList","@id":"https:\/\/buscoequipomedico.com\/?product=infantometro-estacionario-33-100-cm-div-1mm#breadcrumb","itemListElement":[{"@type":"ListItem","position":1,"name":"Productos","item":"https:\/\/buscoequipomedico.com\/shop\/"},{"@type":"ListItem","position":2,"name":"INFANTOMETRO ESTACIONARIO 33 &#8211; 100 CM DIV 1MM"}]},{"@type":"WebSite","@id":"https:\/\/buscoequipomedico.com\/#website","url":"https:\/\/buscoequipomedico.com\/","name":"Tu mejor opci\u00f3n Equipo M\u00e9dico M\u00e9xico","description":"Tienda de equipo m\u00e9dico","publisher":{"@id":"https:\/\/buscoequipomedico.com\/#organization"},"potentialAction":[{"@type":"SearchAction","target":{"@type":"EntryPoint","urlTemplate":"https:\/\/buscoequipomedico.com\/?s={search_term_string}"},"query-input":{"@type":"PropertyValueSpecification","valueRequired":true,"valueName":"search_term_string"}}],"inLanguage":"es"},{"@type":"Organization","@id":"https:\/\/buscoequipomedico.com\/#organization","name":"Tu mejor opci\u00f3n Equipo M\u00e9dico M\u00e9xico","url":"https:\/\/buscoequipomedico.com\/","logo":{"@type":"ImageObject","inLanguage":"es","@id":"https:\/\/buscoequipomedico.com\/#\/schema\/logo\/image\/","url":"https:\/\/buscoequipomedico.com\/wp-content\/uploads\/2021\/07\/EMM-VPrincipal-scaled.jpg","contentUrl":"https:\/\/buscoequipomedico.com\/wp-content\/uploads\/2021\/07\/EMM-VPrincipal-scaled.jpg","width":2560,"height":1058,"caption":"Tu mejor opci\u00f3n Equipo M\u00e9dico M\u00e9xico"},"image":{"@id":"https:\/\/buscoequipomedico.com\/#\/schema\/logo\/image\/"}}]}},"_links":{"self":[{"href":"https:\/\/buscoequipomedico.com\/index.php?rest_route=\/wp\/v2\/product\/12130","targetHints":{"allow":["GET"]}}],"collection":[{"href":"https:\/\/buscoequipomedico.com\/index.php?rest_route=\/wp\/v2\/product"}],"about":[{"href":"https:\/\/buscoequipomedico.com\/index.php?rest_route=\/wp\/v2\/types\/product"}],"wp:featuredmedia":[{"embeddable":true,"href":"https:\/\/buscoequipomedico.com\/index.php?rest_route=\/wp\/v2\/media\/12131"}],"wp:attachment":[{"href":"https:\/\/buscoequipomedico.com\/index.php?rest_route=%2Fwp%2Fv2%2Fmedia&parent=12130"}],"wp:term":[{"taxonomy":"product_brand","embeddable":true,"href":"https:\/\/buscoequipomedico.com\/index.php?rest_route=%2Fwp%2Fv2%2Fproduct_brand&post=12130"},{"taxonomy":"product_cat","embeddable":true,"href":"https:\/\/buscoequipomedico.com\/index.php?rest_route=%2Fwp%2Fv2%2Fproduct_cat&post=12130"},{"taxonomy":"product_tag","embeddable":true,"href":"https:\/\/buscoequipomedico.com\/index.php?rest_route=%2Fwp%2Fv2%2Fproduct_tag&post=12130"}],"curies":[{"name":"wp","href":"https:\/\/api.w.org\/{rel}","templated":true}]}}