{"id":12132,"date":"2020-02-18T07:34:39","date_gmt":"2020-02-18T07:34:39","guid":{"rendered":"https:\/\/equipomedicomexico-com.preview-domain.com\/product\/infantometro-plegable-10-100-cm-div-1mm\/"},"modified":"2020-02-18T07:34:41","modified_gmt":"2020-02-18T07:34:41","slug":"infantometro-plegable-10-100-cm-div-1mm","status":"publish","type":"product","link":"https:\/\/buscoequipomedico.com\/?product=infantometro-plegable-10-100-cm-div-1mm","title":{"rendered":"INFANTOMETRO PLEGABLE 10 &#8211; 100 CM DIV. 1MM"},"content":{"rendered":"<p>La tabla de medici\u00f3n seca 417 es la alternativa m\u00f3vil del infant\u00f3metro seca 416. Rango de medici\u00f3n: 10 \u2013 100 cm \/ 4 \u2013 39\u00b4\u00b4 Divisi\u00f3n: 1 mm \/ 1\/16\u00b4\u00b4 Peso: 3.5 lbs \/ 1.6 kg Dimensiones ( AxAxP): 1,110 x 115 x 333 mm \/ 43.7 x 4.5 x 13.1\u00b4\u00b4 \/ 577 x 115 x 333 mm dimensiones en estado plegado \/ 22.7 x 4.5 x 13.1\u00b4\u00b4 dimensiones en estado plegado<\/p>\n","protected":false},"excerpt":{"rendered":"<h1>INFANTOMETRO DE MEDICI\u00d3N S\u00d3LIDA Y LIGERA PARA EL USO M\u00d3VIL.<\/h1>\n<p>Gracias a su mecanismo de plegado y al peso reducido es un instrumento compacto, f\u00e1cil de transportar y de usar. No obstante, el tope para los pies, desmontable, se desliza firmemente sobre las gu\u00edas. La superficie lisa facilita la limpieza y los materiales de alta calidad aseguran una larga vida \u00fatil.\u00a0<\/p><\/p>\n","protected":false},"featured_media":12133,"template":"","meta":{"_joinchat":[]},"product_brand":[],"product_cat":[265],"product_tag":[],"class_list":{"0":"post-12132","1":"product","2":"type-product","3":"status-publish","4":"has-post-thumbnail","6":"product_cat-infantometros","7":"pa_marca-seca","9":"first","10":"instock","11":"purchasable","12":"product-type-simple"},"yoast_head":"<!-- This site is optimized with the Yoast SEO plugin v25.1 - https:\/\/yoast.com\/wordpress\/plugins\/seo\/ -->\n<title>INFANTOMETRO PLEGABLE 10 - 100 CM DIV. 1MM - Tu mejor opci\u00f3n Equipo M\u00e9dico M\u00e9xico<\/title>\n<meta name=\"robots\" content=\"index, follow, max-snippet:-1, max-image-preview:large, max-video-preview:-1\" \/>\n<link rel=\"canonical\" href=\"https:\/\/buscoequipomedico.com\/?product=infantometro-plegable-10-100-cm-div-1mm\" \/>\n<meta property=\"og:locale\" content=\"es_ES\" \/>\n<meta property=\"og:type\" content=\"article\" \/>\n<meta property=\"og:title\" content=\"INFANTOMETRO PLEGABLE 10 - 100 CM DIV. 1MM - Tu mejor opci\u00f3n Equipo M\u00e9dico M\u00e9xico\" \/>\n<meta property=\"og:description\" content=\"INFANTOMETRO DE MEDICI\u00d3N S\u00d3LIDA Y LIGERA PARA EL USO M\u00d3VIL. Gracias a su mecanismo de plegado y al peso reducido es un instrumento compacto, f\u00e1cil de transportar y de usar. No obstante, el tope para los pies, desmontable, se desliza firmemente sobre las gu\u00edas. La superficie lisa facilita la limpieza y los materiales de alta calidad aseguran una larga vida \u00fatil.\u00a0\" \/>\n<meta property=\"og:url\" content=\"https:\/\/buscoequipomedico.com\/?product=infantometro-plegable-10-100-cm-div-1mm\" \/>\n<meta property=\"og:site_name\" content=\"Tu mejor opci\u00f3n Equipo M\u00e9dico M\u00e9xico\" \/>\n<meta property=\"article:modified_time\" content=\"2020-02-18T07:34:41+00:00\" \/>\n<meta property=\"og:image\" content=\"https:\/\/buscoequipomedico.com\/wp-content\/uploads\/2020\/02\/infantometro-plegable-10-100-cm-div-1mm-infantometro-de-medicion-solida-y-ligera-para-el-uso-movil-gracias-a-su-mecanismo-de-ple.jpg\" \/>\n\t<meta property=\"og:image:width\" content=\"800\" \/>\n\t<meta property=\"og:image:height\" content=\"800\" \/>\n\t<meta property=\"og:image:type\" content=\"image\/png\" \/>\n<meta name=\"twitter:card\" content=\"summary_large_image\" \/>\n<script type=\"application\/ld+json\" class=\"yoast-schema-graph\">{\"@context\":\"https:\/\/schema.org\",\"@graph\":[{\"@type\":\"WebPage\",\"@id\":\"https:\/\/buscoequipomedico.com\/?product=infantometro-plegable-10-100-cm-div-1mm\",\"url\":\"https:\/\/buscoequipomedico.com\/?product=infantometro-plegable-10-100-cm-div-1mm\",\"name\":\"INFANTOMETRO PLEGABLE 10 - 100 CM DIV. 1MM - Tu mejor opci\u00f3n Equipo M\u00e9dico M\u00e9xico\",\"isPartOf\":{\"@id\":\"https:\/\/buscoequipomedico.com\/#website\"},\"primaryImageOfPage\":{\"@id\":\"https:\/\/buscoequipomedico.com\/?product=infantometro-plegable-10-100-cm-div-1mm#primaryimage\"},\"image\":{\"@id\":\"https:\/\/buscoequipomedico.com\/?product=infantometro-plegable-10-100-cm-div-1mm#primaryimage\"},\"thumbnailUrl\":\"https:\/\/buscoequipomedico.com\/wp-content\/uploads\/2020\/02\/infantometro-plegable-10-100-cm-div-1mm-infantometro-de-medicion-solida-y-ligera-para-el-uso-movil-gracias-a-su-mecanismo-de-ple.jpg\",\"datePublished\":\"2020-02-18T07:34:39+00:00\",\"dateModified\":\"2020-02-18T07:34:41+00:00\",\"breadcrumb\":{\"@id\":\"https:\/\/buscoequipomedico.com\/?product=infantometro-plegable-10-100-cm-div-1mm#breadcrumb\"},\"inLanguage\":\"es\",\"potentialAction\":[{\"@type\":\"ReadAction\",\"target\":[\"https:\/\/buscoequipomedico.com\/?product=infantometro-plegable-10-100-cm-div-1mm\"]}]},{\"@type\":\"ImageObject\",\"inLanguage\":\"es\",\"@id\":\"https:\/\/buscoequipomedico.com\/?product=infantometro-plegable-10-100-cm-div-1mm#primaryimage\",\"url\":\"https:\/\/buscoequipomedico.com\/wp-content\/uploads\/2020\/02\/infantometro-plegable-10-100-cm-div-1mm-infantometro-de-medicion-solida-y-ligera-para-el-uso-movil-gracias-a-su-mecanismo-de-ple.jpg\",\"contentUrl\":\"https:\/\/buscoequipomedico.com\/wp-content\/uploads\/2020\/02\/infantometro-plegable-10-100-cm-div-1mm-infantometro-de-medicion-solida-y-ligera-para-el-uso-movil-gracias-a-su-mecanismo-de-ple.jpg\",\"width\":800,\"height\":800},{\"@type\":\"BreadcrumbList\",\"@id\":\"https:\/\/buscoequipomedico.com\/?product=infantometro-plegable-10-100-cm-div-1mm#breadcrumb\",\"itemListElement\":[{\"@type\":\"ListItem\",\"position\":1,\"name\":\"Productos\",\"item\":\"https:\/\/buscoequipomedico.com\/shop\/\"},{\"@type\":\"ListItem\",\"position\":2,\"name\":\"INFANTOMETRO PLEGABLE 10 &#8211; 100 CM DIV. 1MM\"}]},{\"@type\":\"WebSite\",\"@id\":\"https:\/\/buscoequipomedico.com\/#website\",\"url\":\"https:\/\/buscoequipomedico.com\/\",\"name\":\"Tu mejor opci\u00f3n Equipo M\u00e9dico M\u00e9xico\",\"description\":\"Tienda de equipo m\u00e9dico\",\"publisher\":{\"@id\":\"https:\/\/buscoequipomedico.com\/#organization\"},\"potentialAction\":[{\"@type\":\"SearchAction\",\"target\":{\"@type\":\"EntryPoint\",\"urlTemplate\":\"https:\/\/buscoequipomedico.com\/?s={search_term_string}\"},\"query-input\":{\"@type\":\"PropertyValueSpecification\",\"valueRequired\":true,\"valueName\":\"search_term_string\"}}],\"inLanguage\":\"es\"},{\"@type\":\"Organization\",\"@id\":\"https:\/\/buscoequipomedico.com\/#organization\",\"name\":\"Tu mejor opci\u00f3n Equipo M\u00e9dico M\u00e9xico\",\"url\":\"https:\/\/buscoequipomedico.com\/\",\"logo\":{\"@type\":\"ImageObject\",\"inLanguage\":\"es\",\"@id\":\"https:\/\/buscoequipomedico.com\/#\/schema\/logo\/image\/\",\"url\":\"https:\/\/buscoequipomedico.com\/wp-content\/uploads\/2021\/07\/EMM-VPrincipal-scaled.jpg\",\"contentUrl\":\"https:\/\/buscoequipomedico.com\/wp-content\/uploads\/2021\/07\/EMM-VPrincipal-scaled.jpg\",\"width\":2560,\"height\":1058,\"caption\":\"Tu mejor opci\u00f3n Equipo M\u00e9dico M\u00e9xico\"},\"image\":{\"@id\":\"https:\/\/buscoequipomedico.com\/#\/schema\/logo\/image\/\"}}]}<\/script>\n<!-- \/ Yoast SEO plugin. -->","yoast_head_json":{"title":"INFANTOMETRO PLEGABLE 10 - 100 CM DIV. 1MM - Tu mejor opci\u00f3n Equipo M\u00e9dico M\u00e9xico","robots":{"index":"index","follow":"follow","max-snippet":"max-snippet:-1","max-image-preview":"max-image-preview:large","max-video-preview":"max-video-preview:-1"},"canonical":"https:\/\/buscoequipomedico.com\/?product=infantometro-plegable-10-100-cm-div-1mm","og_locale":"es_ES","og_type":"article","og_title":"INFANTOMETRO PLEGABLE 10 - 100 CM DIV. 1MM - Tu mejor opci\u00f3n Equipo M\u00e9dico M\u00e9xico","og_description":"INFANTOMETRO DE MEDICI\u00d3N S\u00d3LIDA Y LIGERA PARA EL USO M\u00d3VIL. Gracias a su mecanismo de plegado y al peso reducido es un instrumento compacto, f\u00e1cil de transportar y de usar. No obstante, el tope para los pies, desmontable, se desliza firmemente sobre las gu\u00edas. La superficie lisa facilita la limpieza y los materiales de alta calidad aseguran una larga vida \u00fatil.\u00a0","og_url":"https:\/\/buscoequipomedico.com\/?product=infantometro-plegable-10-100-cm-div-1mm","og_site_name":"Tu mejor opci\u00f3n Equipo M\u00e9dico M\u00e9xico","article_modified_time":"2020-02-18T07:34:41+00:00","og_image":[{"width":800,"height":800,"url":"https:\/\/buscoequipomedico.com\/wp-content\/uploads\/2020\/02\/infantometro-plegable-10-100-cm-div-1mm-infantometro-de-medicion-solida-y-ligera-para-el-uso-movil-gracias-a-su-mecanismo-de-ple.jpg","type":"image\/png"}],"twitter_card":"summary_large_image","schema":{"@context":"https:\/\/schema.org","@graph":[{"@type":"WebPage","@id":"https:\/\/buscoequipomedico.com\/?product=infantometro-plegable-10-100-cm-div-1mm","url":"https:\/\/buscoequipomedico.com\/?product=infantometro-plegable-10-100-cm-div-1mm","name":"INFANTOMETRO PLEGABLE 10 - 100 CM DIV. 1MM - Tu mejor opci\u00f3n Equipo M\u00e9dico M\u00e9xico","isPartOf":{"@id":"https:\/\/buscoequipomedico.com\/#website"},"primaryImageOfPage":{"@id":"https:\/\/buscoequipomedico.com\/?product=infantometro-plegable-10-100-cm-div-1mm#primaryimage"},"image":{"@id":"https:\/\/buscoequipomedico.com\/?product=infantometro-plegable-10-100-cm-div-1mm#primaryimage"},"thumbnailUrl":"https:\/\/buscoequipomedico.com\/wp-content\/uploads\/2020\/02\/infantometro-plegable-10-100-cm-div-1mm-infantometro-de-medicion-solida-y-ligera-para-el-uso-movil-gracias-a-su-mecanismo-de-ple.jpg","datePublished":"2020-02-18T07:34:39+00:00","dateModified":"2020-02-18T07:34:41+00:00","breadcrumb":{"@id":"https:\/\/buscoequipomedico.com\/?product=infantometro-plegable-10-100-cm-div-1mm#breadcrumb"},"inLanguage":"es","potentialAction":[{"@type":"ReadAction","target":["https:\/\/buscoequipomedico.com\/?product=infantometro-plegable-10-100-cm-div-1mm"]}]},{"@type":"ImageObject","inLanguage":"es","@id":"https:\/\/buscoequipomedico.com\/?product=infantometro-plegable-10-100-cm-div-1mm#primaryimage","url":"https:\/\/buscoequipomedico.com\/wp-content\/uploads\/2020\/02\/infantometro-plegable-10-100-cm-div-1mm-infantometro-de-medicion-solida-y-ligera-para-el-uso-movil-gracias-a-su-mecanismo-de-ple.jpg","contentUrl":"https:\/\/buscoequipomedico.com\/wp-content\/uploads\/2020\/02\/infantometro-plegable-10-100-cm-div-1mm-infantometro-de-medicion-solida-y-ligera-para-el-uso-movil-gracias-a-su-mecanismo-de-ple.jpg","width":800,"height":800},{"@type":"BreadcrumbList","@id":"https:\/\/buscoequipomedico.com\/?product=infantometro-plegable-10-100-cm-div-1mm#breadcrumb","itemListElement":[{"@type":"ListItem","position":1,"name":"Productos","item":"https:\/\/buscoequipomedico.com\/shop\/"},{"@type":"ListItem","position":2,"name":"INFANTOMETRO PLEGABLE 10 &#8211; 100 CM DIV. 1MM"}]},{"@type":"WebSite","@id":"https:\/\/buscoequipomedico.com\/#website","url":"https:\/\/buscoequipomedico.com\/","name":"Tu mejor opci\u00f3n Equipo M\u00e9dico M\u00e9xico","description":"Tienda de equipo m\u00e9dico","publisher":{"@id":"https:\/\/buscoequipomedico.com\/#organization"},"potentialAction":[{"@type":"SearchAction","target":{"@type":"EntryPoint","urlTemplate":"https:\/\/buscoequipomedico.com\/?s={search_term_string}"},"query-input":{"@type":"PropertyValueSpecification","valueRequired":true,"valueName":"search_term_string"}}],"inLanguage":"es"},{"@type":"Organization","@id":"https:\/\/buscoequipomedico.com\/#organization","name":"Tu mejor opci\u00f3n Equipo M\u00e9dico M\u00e9xico","url":"https:\/\/buscoequipomedico.com\/","logo":{"@type":"ImageObject","inLanguage":"es","@id":"https:\/\/buscoequipomedico.com\/#\/schema\/logo\/image\/","url":"https:\/\/buscoequipomedico.com\/wp-content\/uploads\/2021\/07\/EMM-VPrincipal-scaled.jpg","contentUrl":"https:\/\/buscoequipomedico.com\/wp-content\/uploads\/2021\/07\/EMM-VPrincipal-scaled.jpg","width":2560,"height":1058,"caption":"Tu mejor opci\u00f3n Equipo M\u00e9dico M\u00e9xico"},"image":{"@id":"https:\/\/buscoequipomedico.com\/#\/schema\/logo\/image\/"}}]}},"_links":{"self":[{"href":"https:\/\/buscoequipomedico.com\/index.php?rest_route=\/wp\/v2\/product\/12132","targetHints":{"allow":["GET"]}}],"collection":[{"href":"https:\/\/buscoequipomedico.com\/index.php?rest_route=\/wp\/v2\/product"}],"about":[{"href":"https:\/\/buscoequipomedico.com\/index.php?rest_route=\/wp\/v2\/types\/product"}],"wp:featuredmedia":[{"embeddable":true,"href":"https:\/\/buscoequipomedico.com\/index.php?rest_route=\/wp\/v2\/media\/12133"}],"wp:attachment":[{"href":"https:\/\/buscoequipomedico.com\/index.php?rest_route=%2Fwp%2Fv2%2Fmedia&parent=12132"}],"wp:term":[{"taxonomy":"product_brand","embeddable":true,"href":"https:\/\/buscoequipomedico.com\/index.php?rest_route=%2Fwp%2Fv2%2Fproduct_brand&post=12132"},{"taxonomy":"product_cat","embeddable":true,"href":"https:\/\/buscoequipomedico.com\/index.php?rest_route=%2Fwp%2Fv2%2Fproduct_cat&post=12132"},{"taxonomy":"product_tag","embeddable":true,"href":"https:\/\/buscoequipomedico.com\/index.php?rest_route=%2Fwp%2Fv2%2Fproduct_tag&post=12132"}],"curies":[{"name":"wp","href":"https:\/\/api.w.org\/{rel}","templated":true}]}}