{"id":12136,"date":"2020-02-18T07:34:39","date_gmt":"2020-02-18T07:34:39","guid":{"rendered":"https:\/\/equipomedicomexico-com.preview-domain.com\/product\/infantometro-portatil-10-99-cm-div-5mm\/"},"modified":"2020-02-18T07:34:42","modified_gmt":"2020-02-18T07:34:42","slug":"infantometro-portatil-10-99-cm-div-5mm","status":"publish","type":"product","link":"https:\/\/buscoequipomedico.com\/?product=infantometro-portatil-10-99-cm-div-5mm","title":{"rendered":"INFANTOMETRO PORTATIL 10 &#8211; 99 CM DIV 5MM"},"content":{"rendered":"<ul>\n<li>Alcance de medici\u00f3n: 10 &#8211; 99 cm \/ 4 &#8211; 39&#8243;\u00a0<\/li>\n<li>Divisi\u00f3n: 5 mm \/ 1\/4&#8243;<\/li>\n<li>Dimensiones (bxaxh): 300 x 140 x 1250 mm.<\/li>\n<li>Dimensiones, enrollada (AxAxP): 120 x 140 x 300 mm.<\/li>\n<li>Peso: 580 g.<\/li>\n<\/ul>\n","protected":false},"excerpt":{"rendered":"<p><span><span>Caracter\u00edsticas:<\/span><\/span><\/p>\n<ul>\n<li>Colchoneta port\u00e1til para beb\u00e9s y ni\u00f1os peque\u00f1os.<\/li>\n<li>Suave al tacto, lavable, plegable con elementos para guardarlo en la pared.<\/li>\n<li>La pieza fija de la cabeza y el tope deslizante para los pies simplifican su uso.<\/li>\n<li>Superficie robusta y f\u00e1cil de limpiar, apta para desinfectantes de uso comercial.<\/li>\n<\/ul>\n","protected":false},"featured_media":12137,"template":"","meta":{"_joinchat":[]},"product_brand":[],"product_cat":[265],"product_tag":[],"class_list":{"0":"post-12136","1":"product","2":"type-product","3":"status-publish","4":"has-post-thumbnail","6":"product_cat-infantometros","7":"pa_marca-seca","9":"first","10":"instock","11":"purchasable","12":"product-type-simple"},"yoast_head":"<!-- This site is optimized with the Yoast SEO plugin v25.1 - https:\/\/yoast.com\/wordpress\/plugins\/seo\/ -->\n<title>INFANTOMETRO PORTATIL 10 - 99 CM DIV 5MM - Tu mejor opci\u00f3n Equipo M\u00e9dico M\u00e9xico<\/title>\n<meta name=\"robots\" content=\"index, follow, max-snippet:-1, max-image-preview:large, max-video-preview:-1\" \/>\n<link rel=\"canonical\" href=\"https:\/\/buscoequipomedico.com\/?product=infantometro-portatil-10-99-cm-div-5mm\" \/>\n<meta property=\"og:locale\" content=\"es_ES\" \/>\n<meta property=\"og:type\" content=\"article\" \/>\n<meta property=\"og:title\" content=\"INFANTOMETRO PORTATIL 10 - 99 CM DIV 5MM - Tu mejor opci\u00f3n Equipo M\u00e9dico M\u00e9xico\" \/>\n<meta property=\"og:description\" content=\"Caracter\u00edsticas: Colchoneta port\u00e1til para beb\u00e9s y ni\u00f1os peque\u00f1os. Suave al tacto, lavable, plegable con elementos para guardarlo en la pared. La pieza fija de la cabeza y el tope deslizante para los pies simplifican su uso. Superficie robusta y f\u00e1cil de limpiar, apta para desinfectantes de uso comercial.\" \/>\n<meta property=\"og:url\" content=\"https:\/\/buscoequipomedico.com\/?product=infantometro-portatil-10-99-cm-div-5mm\" \/>\n<meta property=\"og:site_name\" content=\"Tu mejor opci\u00f3n Equipo M\u00e9dico M\u00e9xico\" \/>\n<meta property=\"article:modified_time\" content=\"2020-02-18T07:34:42+00:00\" \/>\n<meta property=\"og:image\" content=\"https:\/\/buscoequipomedico.com\/wp-content\/uploads\/2020\/02\/infantometro-portatil-10-99-cm-div-5mm-caracteristicas-colchoneta-portatil-para-bebes-y-ninos-pequenos-suave-al-tacto-lavable-pl.jpg\" \/>\n\t<meta property=\"og:image:width\" content=\"800\" \/>\n\t<meta property=\"og:image:height\" content=\"800\" \/>\n\t<meta property=\"og:image:type\" content=\"image\/png\" \/>\n<meta name=\"twitter:card\" content=\"summary_large_image\" \/>\n<script type=\"application\/ld+json\" class=\"yoast-schema-graph\">{\"@context\":\"https:\/\/schema.org\",\"@graph\":[{\"@type\":\"WebPage\",\"@id\":\"https:\/\/buscoequipomedico.com\/?product=infantometro-portatil-10-99-cm-div-5mm\",\"url\":\"https:\/\/buscoequipomedico.com\/?product=infantometro-portatil-10-99-cm-div-5mm\",\"name\":\"INFANTOMETRO PORTATIL 10 - 99 CM DIV 5MM - Tu mejor opci\u00f3n Equipo M\u00e9dico M\u00e9xico\",\"isPartOf\":{\"@id\":\"https:\/\/buscoequipomedico.com\/#website\"},\"primaryImageOfPage\":{\"@id\":\"https:\/\/buscoequipomedico.com\/?product=infantometro-portatil-10-99-cm-div-5mm#primaryimage\"},\"image\":{\"@id\":\"https:\/\/buscoequipomedico.com\/?product=infantometro-portatil-10-99-cm-div-5mm#primaryimage\"},\"thumbnailUrl\":\"https:\/\/buscoequipomedico.com\/wp-content\/uploads\/2020\/02\/infantometro-portatil-10-99-cm-div-5mm-caracteristicas-colchoneta-portatil-para-bebes-y-ninos-pequenos-suave-al-tacto-lavable-pl.jpg\",\"datePublished\":\"2020-02-18T07:34:39+00:00\",\"dateModified\":\"2020-02-18T07:34:42+00:00\",\"breadcrumb\":{\"@id\":\"https:\/\/buscoequipomedico.com\/?product=infantometro-portatil-10-99-cm-div-5mm#breadcrumb\"},\"inLanguage\":\"es\",\"potentialAction\":[{\"@type\":\"ReadAction\",\"target\":[\"https:\/\/buscoequipomedico.com\/?product=infantometro-portatil-10-99-cm-div-5mm\"]}]},{\"@type\":\"ImageObject\",\"inLanguage\":\"es\",\"@id\":\"https:\/\/buscoequipomedico.com\/?product=infantometro-portatil-10-99-cm-div-5mm#primaryimage\",\"url\":\"https:\/\/buscoequipomedico.com\/wp-content\/uploads\/2020\/02\/infantometro-portatil-10-99-cm-div-5mm-caracteristicas-colchoneta-portatil-para-bebes-y-ninos-pequenos-suave-al-tacto-lavable-pl.jpg\",\"contentUrl\":\"https:\/\/buscoequipomedico.com\/wp-content\/uploads\/2020\/02\/infantometro-portatil-10-99-cm-div-5mm-caracteristicas-colchoneta-portatil-para-bebes-y-ninos-pequenos-suave-al-tacto-lavable-pl.jpg\",\"width\":800,\"height\":800},{\"@type\":\"BreadcrumbList\",\"@id\":\"https:\/\/buscoequipomedico.com\/?product=infantometro-portatil-10-99-cm-div-5mm#breadcrumb\",\"itemListElement\":[{\"@type\":\"ListItem\",\"position\":1,\"name\":\"Productos\",\"item\":\"https:\/\/buscoequipomedico.com\/shop\/\"},{\"@type\":\"ListItem\",\"position\":2,\"name\":\"INFANTOMETRO PORTATIL 10 &#8211; 99 CM DIV 5MM\"}]},{\"@type\":\"WebSite\",\"@id\":\"https:\/\/buscoequipomedico.com\/#website\",\"url\":\"https:\/\/buscoequipomedico.com\/\",\"name\":\"Tu mejor opci\u00f3n Equipo M\u00e9dico M\u00e9xico\",\"description\":\"Tienda de equipo m\u00e9dico\",\"publisher\":{\"@id\":\"https:\/\/buscoequipomedico.com\/#organization\"},\"potentialAction\":[{\"@type\":\"SearchAction\",\"target\":{\"@type\":\"EntryPoint\",\"urlTemplate\":\"https:\/\/buscoequipomedico.com\/?s={search_term_string}\"},\"query-input\":{\"@type\":\"PropertyValueSpecification\",\"valueRequired\":true,\"valueName\":\"search_term_string\"}}],\"inLanguage\":\"es\"},{\"@type\":\"Organization\",\"@id\":\"https:\/\/buscoequipomedico.com\/#organization\",\"name\":\"Tu mejor opci\u00f3n Equipo M\u00e9dico M\u00e9xico\",\"url\":\"https:\/\/buscoequipomedico.com\/\",\"logo\":{\"@type\":\"ImageObject\",\"inLanguage\":\"es\",\"@id\":\"https:\/\/buscoequipomedico.com\/#\/schema\/logo\/image\/\",\"url\":\"https:\/\/buscoequipomedico.com\/wp-content\/uploads\/2021\/07\/EMM-VPrincipal-scaled.jpg\",\"contentUrl\":\"https:\/\/buscoequipomedico.com\/wp-content\/uploads\/2021\/07\/EMM-VPrincipal-scaled.jpg\",\"width\":2560,\"height\":1058,\"caption\":\"Tu mejor opci\u00f3n Equipo M\u00e9dico M\u00e9xico\"},\"image\":{\"@id\":\"https:\/\/buscoequipomedico.com\/#\/schema\/logo\/image\/\"}}]}<\/script>\n<!-- \/ Yoast SEO plugin. -->","yoast_head_json":{"title":"INFANTOMETRO PORTATIL 10 - 99 CM DIV 5MM - Tu mejor opci\u00f3n Equipo M\u00e9dico M\u00e9xico","robots":{"index":"index","follow":"follow","max-snippet":"max-snippet:-1","max-image-preview":"max-image-preview:large","max-video-preview":"max-video-preview:-1"},"canonical":"https:\/\/buscoequipomedico.com\/?product=infantometro-portatil-10-99-cm-div-5mm","og_locale":"es_ES","og_type":"article","og_title":"INFANTOMETRO PORTATIL 10 - 99 CM DIV 5MM - Tu mejor opci\u00f3n Equipo M\u00e9dico M\u00e9xico","og_description":"Caracter\u00edsticas: Colchoneta port\u00e1til para beb\u00e9s y ni\u00f1os peque\u00f1os. Suave al tacto, lavable, plegable con elementos para guardarlo en la pared. La pieza fija de la cabeza y el tope deslizante para los pies simplifican su uso. Superficie robusta y f\u00e1cil de limpiar, apta para desinfectantes de uso comercial.","og_url":"https:\/\/buscoequipomedico.com\/?product=infantometro-portatil-10-99-cm-div-5mm","og_site_name":"Tu mejor opci\u00f3n Equipo M\u00e9dico M\u00e9xico","article_modified_time":"2020-02-18T07:34:42+00:00","og_image":[{"width":800,"height":800,"url":"https:\/\/buscoequipomedico.com\/wp-content\/uploads\/2020\/02\/infantometro-portatil-10-99-cm-div-5mm-caracteristicas-colchoneta-portatil-para-bebes-y-ninos-pequenos-suave-al-tacto-lavable-pl.jpg","type":"image\/png"}],"twitter_card":"summary_large_image","schema":{"@context":"https:\/\/schema.org","@graph":[{"@type":"WebPage","@id":"https:\/\/buscoequipomedico.com\/?product=infantometro-portatil-10-99-cm-div-5mm","url":"https:\/\/buscoequipomedico.com\/?product=infantometro-portatil-10-99-cm-div-5mm","name":"INFANTOMETRO PORTATIL 10 - 99 CM DIV 5MM - Tu mejor opci\u00f3n Equipo M\u00e9dico M\u00e9xico","isPartOf":{"@id":"https:\/\/buscoequipomedico.com\/#website"},"primaryImageOfPage":{"@id":"https:\/\/buscoequipomedico.com\/?product=infantometro-portatil-10-99-cm-div-5mm#primaryimage"},"image":{"@id":"https:\/\/buscoequipomedico.com\/?product=infantometro-portatil-10-99-cm-div-5mm#primaryimage"},"thumbnailUrl":"https:\/\/buscoequipomedico.com\/wp-content\/uploads\/2020\/02\/infantometro-portatil-10-99-cm-div-5mm-caracteristicas-colchoneta-portatil-para-bebes-y-ninos-pequenos-suave-al-tacto-lavable-pl.jpg","datePublished":"2020-02-18T07:34:39+00:00","dateModified":"2020-02-18T07:34:42+00:00","breadcrumb":{"@id":"https:\/\/buscoequipomedico.com\/?product=infantometro-portatil-10-99-cm-div-5mm#breadcrumb"},"inLanguage":"es","potentialAction":[{"@type":"ReadAction","target":["https:\/\/buscoequipomedico.com\/?product=infantometro-portatil-10-99-cm-div-5mm"]}]},{"@type":"ImageObject","inLanguage":"es","@id":"https:\/\/buscoequipomedico.com\/?product=infantometro-portatil-10-99-cm-div-5mm#primaryimage","url":"https:\/\/buscoequipomedico.com\/wp-content\/uploads\/2020\/02\/infantometro-portatil-10-99-cm-div-5mm-caracteristicas-colchoneta-portatil-para-bebes-y-ninos-pequenos-suave-al-tacto-lavable-pl.jpg","contentUrl":"https:\/\/buscoequipomedico.com\/wp-content\/uploads\/2020\/02\/infantometro-portatil-10-99-cm-div-5mm-caracteristicas-colchoneta-portatil-para-bebes-y-ninos-pequenos-suave-al-tacto-lavable-pl.jpg","width":800,"height":800},{"@type":"BreadcrumbList","@id":"https:\/\/buscoequipomedico.com\/?product=infantometro-portatil-10-99-cm-div-5mm#breadcrumb","itemListElement":[{"@type":"ListItem","position":1,"name":"Productos","item":"https:\/\/buscoequipomedico.com\/shop\/"},{"@type":"ListItem","position":2,"name":"INFANTOMETRO PORTATIL 10 &#8211; 99 CM DIV 5MM"}]},{"@type":"WebSite","@id":"https:\/\/buscoequipomedico.com\/#website","url":"https:\/\/buscoequipomedico.com\/","name":"Tu mejor opci\u00f3n Equipo M\u00e9dico M\u00e9xico","description":"Tienda de equipo m\u00e9dico","publisher":{"@id":"https:\/\/buscoequipomedico.com\/#organization"},"potentialAction":[{"@type":"SearchAction","target":{"@type":"EntryPoint","urlTemplate":"https:\/\/buscoequipomedico.com\/?s={search_term_string}"},"query-input":{"@type":"PropertyValueSpecification","valueRequired":true,"valueName":"search_term_string"}}],"inLanguage":"es"},{"@type":"Organization","@id":"https:\/\/buscoequipomedico.com\/#organization","name":"Tu mejor opci\u00f3n Equipo M\u00e9dico M\u00e9xico","url":"https:\/\/buscoequipomedico.com\/","logo":{"@type":"ImageObject","inLanguage":"es","@id":"https:\/\/buscoequipomedico.com\/#\/schema\/logo\/image\/","url":"https:\/\/buscoequipomedico.com\/wp-content\/uploads\/2021\/07\/EMM-VPrincipal-scaled.jpg","contentUrl":"https:\/\/buscoequipomedico.com\/wp-content\/uploads\/2021\/07\/EMM-VPrincipal-scaled.jpg","width":2560,"height":1058,"caption":"Tu mejor opci\u00f3n Equipo M\u00e9dico M\u00e9xico"},"image":{"@id":"https:\/\/buscoequipomedico.com\/#\/schema\/logo\/image\/"}}]}},"_links":{"self":[{"href":"https:\/\/buscoequipomedico.com\/index.php?rest_route=\/wp\/v2\/product\/12136","targetHints":{"allow":["GET"]}}],"collection":[{"href":"https:\/\/buscoequipomedico.com\/index.php?rest_route=\/wp\/v2\/product"}],"about":[{"href":"https:\/\/buscoequipomedico.com\/index.php?rest_route=\/wp\/v2\/types\/product"}],"wp:featuredmedia":[{"embeddable":true,"href":"https:\/\/buscoequipomedico.com\/index.php?rest_route=\/wp\/v2\/media\/12137"}],"wp:attachment":[{"href":"https:\/\/buscoequipomedico.com\/index.php?rest_route=%2Fwp%2Fv2%2Fmedia&parent=12136"}],"wp:term":[{"taxonomy":"product_brand","embeddable":true,"href":"https:\/\/buscoequipomedico.com\/index.php?rest_route=%2Fwp%2Fv2%2Fproduct_brand&post=12136"},{"taxonomy":"product_cat","embeddable":true,"href":"https:\/\/buscoequipomedico.com\/index.php?rest_route=%2Fwp%2Fv2%2Fproduct_cat&post=12136"},{"taxonomy":"product_tag","embeddable":true,"href":"https:\/\/buscoequipomedico.com\/index.php?rest_route=%2Fwp%2Fv2%2Fproduct_tag&post=12136"}],"curies":[{"name":"wp","href":"https:\/\/api.w.org\/{rel}","templated":true}]}}