{"id":12138,"date":"2020-02-18T07:34:39","date_gmt":"2020-02-18T07:34:39","guid":{"rendered":"https:\/\/equipomedicomexico-com.preview-domain.com\/product\/electrocardiografo-de-12-canales\/"},"modified":"2020-02-18T07:34:42","modified_gmt":"2020-02-18T07:34:42","slug":"electrocardiografo-de-12-canales","status":"publish","type":"product","link":"https:\/\/buscoequipomedico.com\/?product=electrocardiografo-de-12-canales","title":{"rendered":"ELECTROCARDI\u00d3GRAFO DE 12 CANALES"},"content":{"rendered":"<h2>Descripci\u00f3n<\/h2>\n<ul>\n<li>De alto rendimiento y la medida exacta<\/li>\n<li>Comen ECG tiene un alto rendimiento, constant\u22655s tiempo, soportar voltage\u2265 \u00b1 650 mV, proporcionar una fuerte garant\u00eda para la exacta medici\u00f3n<\/li>\n<li>Teclado alfanum\u00e9rico BUTTONLIGHT para el bot\u00f3n<\/li>\n<li>Caracteristicas<\/li>\n<li>pantalla a color TFT de 5,7 pulgadas<\/li>\n<li>Indicaci\u00f3n del estado de plomo<\/li>\n<li>dise\u00f1o simple y clara teclado, soporte para la espalda luz<\/li>\n<li>memoria interna de 300 registros de ECG<\/li>\n<li>Alta precisi\u00f3n filtro digital (EMG filtro, filtro de CA, la deriva de filtro, filtro de paso bajo)<\/li>\n<li>122 tipos de informe de diagn\u00f3stico<\/li>\n<li>120 segundos de ECG formas de onda de revisi\u00f3n y de impresi\u00f3n<\/li>\n<li>Apoyo 210mm laminados, papel plegado en Z<\/li>\n<li>puerto USB para la conexi\u00f3n de datos y la impresora de transmisi\u00f3n externa<\/li>\n<li>sistema de gesti\u00f3n de PC-ECG<\/li>\n<li>Modo de trabajo: Auto, Manual, Ritmo<\/li>\n<li>interfaz del mapa de estado de plomo<\/li>\n<li>interfaz de configuraci\u00f3n general<\/li>\n<li>La informaci\u00f3n del paciente interfaz de entrada<\/li>\n<li>Imprimir interfaz de configuraci\u00f3n<\/li>\n<li>Formato de una variedad de impresi\u00f3n de varias impresiones<\/li>\n<li>Formato de impresi\u00f3n: 12X1, 6X2 + 1R, 3X4 + 1R, el an\u00e1lisis autom\u00e1tico<\/li>\n<\/ul>\n<p>\u00a0<\/p>\n<ul>\n<li>Unidad Principal con Display\u00a0<b>5.7\u201d\u00a0<\/b>TFT color dise\u00f1o compacto<\/li>\n<li>Impresora T\u00e9rmica de\u00a0<b>210\/216mm ajustable\u00a0<\/b>.<\/li>\n<li>(Papel de 216mmX30m o 210mmX140mmX150p)<\/li>\n<li>Memoria Interna de\u00a0<b>300 estudios<\/b>\n<\/li>\n<li>Interpretaci\u00f3n, Impresi\u00f3n preliminar, Diagn\u00f3stico en pantalla, Reporte de An\u00e1lisis editable<\/li>\n<li>Puerto USB para salida de datos<\/li>\n<li>An\u00e1lisis con 122 Clases de Arritmias<\/li>\n<li>Conexi\u00f3n de derivaciones en pantalla<\/li>\n<li>Sistema de Calibraci\u00f3n de Impresi\u00f3n<\/li>\n<li>Formas de onda de ECG Autom\u00e1ticas y par\u00e1metros de medici\u00f3n<\/li>\n<\/ul>\n<p>\u00a0<\/p>\n<ul>\n<li>\n<b>COLOR\u00a0<\/b>LCD-HIGH RESOLUTION, 12 canales, hasta 12 trazos en pantalla (12\u00d71+R+promedio)<\/li>\n<li>Estado de las derivaciones en pantalla,<\/li>\n<li>Adquisici\u00f3n de 12 canales simult\u00e1neos, Convertidor A\/D 12 bits<\/li>\n<li>120 segundos de revisi\u00f3n de las formas de onda de las 12 derivaciones<\/li>\n<li>IMPRESORA TERMICA: 210 mm, (TIPO Z 210mmx140mmx150 \/ROLLO 210mmX30m\/ 215mmX30m)<\/li>\n<li>\n<b>Impresi\u00f3n; 3 modos<\/b>: Autom\u00e1tico \/ Manual \/ Ritmo,\u00a0<b>FORMATOS:<\/b>12X1, 6X2+R, 3X4, 3X4+R 3X4+3R<\/li>\n<li>ANALISIS Y MEDICIONES AUTOMATICAS:\u00a0<b>122 CLASES DE ANALISIS DE ARRITMIAS<\/b>\n<\/li>\n<li>Protecci\u00f3n contra desfibrilador y Detecci\u00f3n de Marcapasos<\/li>\n<li>Filtros digitales EMG\/DFT\/LPF\/AC<\/li>\n<li>Ajuste autom\u00e1tico de line base<\/li>\n<li>Modo manual y autom\u00e1tico<\/li>\n<li>Comunicaci\u00f3n PC\/USB\/SD card\/LAN<\/li>\n<li>Bater\u00eda RECARGABLE integrada Li-Ion, Alimentaci\u00f3n AC\/DC. m\u00e1s de 2 hrs de duraci\u00f3n<\/li>\n<li>Dimensiones: 31 x 30 x 90 mm Peso: 2.3 Kg (CON BATERIA)<\/li>\n<\/ul>\n","protected":false},"excerpt":{"rendered":"<p>Descripci\u00f3n De alto rendimiento y la medida exacta Comen ECG tiene un alto rendimiento, constant\u22655s tiempo, soportar voltage\u2265 \u00b1 650 mV, proporcionar una fuerte garant\u00eda para la exacta medici\u00f3n Teclado alfanum\u00e9rico BUTTONLIGHT para el bot\u00f3n Caracteristicas pantalla a color TFT de 5,7 pulgadas Indicaci\u00f3n del estado de plomo dise\u00f1o simple y clara teclado, soporte para [&hellip;]<\/p>\n","protected":false},"featured_media":12139,"template":"","meta":{"_joinchat":[]},"product_brand":[],"product_cat":[213],"product_tag":[],"class_list":{"0":"post-12138","1":"product","2":"type-product","3":"status-publish","4":"has-post-thumbnail","6":"product_cat-concentradores","7":"pa_marca-contec","9":"first","10":"instock","11":"purchasable","12":"product-type-simple"},"yoast_head":"<!-- This site is optimized with the Yoast SEO plugin v25.1 - https:\/\/yoast.com\/wordpress\/plugins\/seo\/ -->\n<title>ELECTROCARDI\u00d3GRAFO DE 12 CANALES - Tu mejor opci\u00f3n Equipo M\u00e9dico M\u00e9xico<\/title>\n<meta name=\"robots\" content=\"index, follow, max-snippet:-1, max-image-preview:large, max-video-preview:-1\" \/>\n<link rel=\"canonical\" href=\"https:\/\/buscoequipomedico.com\/?product=electrocardiografo-de-12-canales\" \/>\n<meta property=\"og:locale\" content=\"es_ES\" \/>\n<meta property=\"og:type\" content=\"article\" \/>\n<meta property=\"og:title\" content=\"ELECTROCARDI\u00d3GRAFO DE 12 CANALES - Tu mejor opci\u00f3n Equipo M\u00e9dico M\u00e9xico\" \/>\n<meta property=\"og:description\" content=\"Descripci\u00f3n De alto rendimiento y la medida exacta Comen ECG tiene un alto rendimiento, constant\u22655s tiempo, soportar voltage\u2265 \u00b1 650 mV, proporcionar una fuerte garant\u00eda para la exacta medici\u00f3n Teclado alfanum\u00e9rico BUTTONLIGHT para el bot\u00f3n Caracteristicas pantalla a color TFT de 5,7 pulgadas Indicaci\u00f3n del estado de plomo dise\u00f1o simple y clara teclado, soporte para [&hellip;]\" \/>\n<meta property=\"og:url\" content=\"https:\/\/buscoequipomedico.com\/?product=electrocardiografo-de-12-canales\" \/>\n<meta property=\"og:site_name\" content=\"Tu mejor opci\u00f3n Equipo M\u00e9dico M\u00e9xico\" \/>\n<meta property=\"article:modified_time\" content=\"2020-02-18T07:34:42+00:00\" \/>\n<meta property=\"og:image\" content=\"https:\/\/buscoequipomedico.com\/wp-content\/uploads\/2020\/02\/electrocardiografo-de-12-canales.jpg\" \/>\n\t<meta property=\"og:image:width\" content=\"800\" \/>\n\t<meta property=\"og:image:height\" content=\"800\" \/>\n\t<meta property=\"og:image:type\" content=\"image\/jpeg\" \/>\n<meta name=\"twitter:card\" content=\"summary_large_image\" \/>\n<meta name=\"twitter:label1\" content=\"Tiempo de lectura\" \/>\n\t<meta name=\"twitter:data1\" content=\"2 minutos\" \/>\n<script type=\"application\/ld+json\" class=\"yoast-schema-graph\">{\"@context\":\"https:\/\/schema.org\",\"@graph\":[{\"@type\":\"WebPage\",\"@id\":\"https:\/\/buscoequipomedico.com\/?product=electrocardiografo-de-12-canales\",\"url\":\"https:\/\/buscoequipomedico.com\/?product=electrocardiografo-de-12-canales\",\"name\":\"ELECTROCARDI\u00d3GRAFO DE 12 CANALES - Tu mejor opci\u00f3n Equipo M\u00e9dico M\u00e9xico\",\"isPartOf\":{\"@id\":\"https:\/\/buscoequipomedico.com\/#website\"},\"primaryImageOfPage\":{\"@id\":\"https:\/\/buscoequipomedico.com\/?product=electrocardiografo-de-12-canales#primaryimage\"},\"image\":{\"@id\":\"https:\/\/buscoequipomedico.com\/?product=electrocardiografo-de-12-canales#primaryimage\"},\"thumbnailUrl\":\"https:\/\/buscoequipomedico.com\/wp-content\/uploads\/2020\/02\/electrocardiografo-de-12-canales.jpg\",\"datePublished\":\"2020-02-18T07:34:39+00:00\",\"dateModified\":\"2020-02-18T07:34:42+00:00\",\"breadcrumb\":{\"@id\":\"https:\/\/buscoequipomedico.com\/?product=electrocardiografo-de-12-canales#breadcrumb\"},\"inLanguage\":\"es\",\"potentialAction\":[{\"@type\":\"ReadAction\",\"target\":[\"https:\/\/buscoequipomedico.com\/?product=electrocardiografo-de-12-canales\"]}]},{\"@type\":\"ImageObject\",\"inLanguage\":\"es\",\"@id\":\"https:\/\/buscoequipomedico.com\/?product=electrocardiografo-de-12-canales#primaryimage\",\"url\":\"https:\/\/buscoequipomedico.com\/wp-content\/uploads\/2020\/02\/electrocardiografo-de-12-canales.jpg\",\"contentUrl\":\"https:\/\/buscoequipomedico.com\/wp-content\/uploads\/2020\/02\/electrocardiografo-de-12-canales.jpg\",\"width\":800,\"height\":800},{\"@type\":\"BreadcrumbList\",\"@id\":\"https:\/\/buscoequipomedico.com\/?product=electrocardiografo-de-12-canales#breadcrumb\",\"itemListElement\":[{\"@type\":\"ListItem\",\"position\":1,\"name\":\"Productos\",\"item\":\"https:\/\/buscoequipomedico.com\/shop\/\"},{\"@type\":\"ListItem\",\"position\":2,\"name\":\"ELECTROCARDI\u00d3GRAFO DE 12 CANALES\"}]},{\"@type\":\"WebSite\",\"@id\":\"https:\/\/buscoequipomedico.com\/#website\",\"url\":\"https:\/\/buscoequipomedico.com\/\",\"name\":\"Tu mejor opci\u00f3n Equipo M\u00e9dico M\u00e9xico\",\"description\":\"Tienda de equipo m\u00e9dico\",\"publisher\":{\"@id\":\"https:\/\/buscoequipomedico.com\/#organization\"},\"potentialAction\":[{\"@type\":\"SearchAction\",\"target\":{\"@type\":\"EntryPoint\",\"urlTemplate\":\"https:\/\/buscoequipomedico.com\/?s={search_term_string}\"},\"query-input\":{\"@type\":\"PropertyValueSpecification\",\"valueRequired\":true,\"valueName\":\"search_term_string\"}}],\"inLanguage\":\"es\"},{\"@type\":\"Organization\",\"@id\":\"https:\/\/buscoequipomedico.com\/#organization\",\"name\":\"Tu mejor opci\u00f3n Equipo M\u00e9dico M\u00e9xico\",\"url\":\"https:\/\/buscoequipomedico.com\/\",\"logo\":{\"@type\":\"ImageObject\",\"inLanguage\":\"es\",\"@id\":\"https:\/\/buscoequipomedico.com\/#\/schema\/logo\/image\/\",\"url\":\"https:\/\/buscoequipomedico.com\/wp-content\/uploads\/2021\/07\/EMM-VPrincipal-scaled.jpg\",\"contentUrl\":\"https:\/\/buscoequipomedico.com\/wp-content\/uploads\/2021\/07\/EMM-VPrincipal-scaled.jpg\",\"width\":2560,\"height\":1058,\"caption\":\"Tu mejor opci\u00f3n Equipo M\u00e9dico M\u00e9xico\"},\"image\":{\"@id\":\"https:\/\/buscoequipomedico.com\/#\/schema\/logo\/image\/\"}}]}<\/script>\n<!-- \/ Yoast SEO plugin. -->","yoast_head_json":{"title":"ELECTROCARDI\u00d3GRAFO DE 12 CANALES - Tu mejor opci\u00f3n Equipo M\u00e9dico M\u00e9xico","robots":{"index":"index","follow":"follow","max-snippet":"max-snippet:-1","max-image-preview":"max-image-preview:large","max-video-preview":"max-video-preview:-1"},"canonical":"https:\/\/buscoequipomedico.com\/?product=electrocardiografo-de-12-canales","og_locale":"es_ES","og_type":"article","og_title":"ELECTROCARDI\u00d3GRAFO DE 12 CANALES - Tu mejor opci\u00f3n Equipo M\u00e9dico M\u00e9xico","og_description":"Descripci\u00f3n De alto rendimiento y la medida exacta Comen ECG tiene un alto rendimiento, constant\u22655s tiempo, soportar voltage\u2265 \u00b1 650 mV, proporcionar una fuerte garant\u00eda para la exacta medici\u00f3n Teclado alfanum\u00e9rico BUTTONLIGHT para el bot\u00f3n Caracteristicas pantalla a color TFT de 5,7 pulgadas Indicaci\u00f3n del estado de plomo dise\u00f1o simple y clara teclado, soporte para [&hellip;]","og_url":"https:\/\/buscoequipomedico.com\/?product=electrocardiografo-de-12-canales","og_site_name":"Tu mejor opci\u00f3n Equipo M\u00e9dico M\u00e9xico","article_modified_time":"2020-02-18T07:34:42+00:00","og_image":[{"width":800,"height":800,"url":"https:\/\/buscoequipomedico.com\/wp-content\/uploads\/2020\/02\/electrocardiografo-de-12-canales.jpg","type":"image\/jpeg"}],"twitter_card":"summary_large_image","twitter_misc":{"Tiempo de lectura":"2 minutos"},"schema":{"@context":"https:\/\/schema.org","@graph":[{"@type":"WebPage","@id":"https:\/\/buscoequipomedico.com\/?product=electrocardiografo-de-12-canales","url":"https:\/\/buscoequipomedico.com\/?product=electrocardiografo-de-12-canales","name":"ELECTROCARDI\u00d3GRAFO DE 12 CANALES - Tu mejor opci\u00f3n Equipo M\u00e9dico M\u00e9xico","isPartOf":{"@id":"https:\/\/buscoequipomedico.com\/#website"},"primaryImageOfPage":{"@id":"https:\/\/buscoequipomedico.com\/?product=electrocardiografo-de-12-canales#primaryimage"},"image":{"@id":"https:\/\/buscoequipomedico.com\/?product=electrocardiografo-de-12-canales#primaryimage"},"thumbnailUrl":"https:\/\/buscoequipomedico.com\/wp-content\/uploads\/2020\/02\/electrocardiografo-de-12-canales.jpg","datePublished":"2020-02-18T07:34:39+00:00","dateModified":"2020-02-18T07:34:42+00:00","breadcrumb":{"@id":"https:\/\/buscoequipomedico.com\/?product=electrocardiografo-de-12-canales#breadcrumb"},"inLanguage":"es","potentialAction":[{"@type":"ReadAction","target":["https:\/\/buscoequipomedico.com\/?product=electrocardiografo-de-12-canales"]}]},{"@type":"ImageObject","inLanguage":"es","@id":"https:\/\/buscoequipomedico.com\/?product=electrocardiografo-de-12-canales#primaryimage","url":"https:\/\/buscoequipomedico.com\/wp-content\/uploads\/2020\/02\/electrocardiografo-de-12-canales.jpg","contentUrl":"https:\/\/buscoequipomedico.com\/wp-content\/uploads\/2020\/02\/electrocardiografo-de-12-canales.jpg","width":800,"height":800},{"@type":"BreadcrumbList","@id":"https:\/\/buscoequipomedico.com\/?product=electrocardiografo-de-12-canales#breadcrumb","itemListElement":[{"@type":"ListItem","position":1,"name":"Productos","item":"https:\/\/buscoequipomedico.com\/shop\/"},{"@type":"ListItem","position":2,"name":"ELECTROCARDI\u00d3GRAFO DE 12 CANALES"}]},{"@type":"WebSite","@id":"https:\/\/buscoequipomedico.com\/#website","url":"https:\/\/buscoequipomedico.com\/","name":"Tu mejor opci\u00f3n Equipo M\u00e9dico M\u00e9xico","description":"Tienda de equipo m\u00e9dico","publisher":{"@id":"https:\/\/buscoequipomedico.com\/#organization"},"potentialAction":[{"@type":"SearchAction","target":{"@type":"EntryPoint","urlTemplate":"https:\/\/buscoequipomedico.com\/?s={search_term_string}"},"query-input":{"@type":"PropertyValueSpecification","valueRequired":true,"valueName":"search_term_string"}}],"inLanguage":"es"},{"@type":"Organization","@id":"https:\/\/buscoequipomedico.com\/#organization","name":"Tu mejor opci\u00f3n Equipo M\u00e9dico M\u00e9xico","url":"https:\/\/buscoequipomedico.com\/","logo":{"@type":"ImageObject","inLanguage":"es","@id":"https:\/\/buscoequipomedico.com\/#\/schema\/logo\/image\/","url":"https:\/\/buscoequipomedico.com\/wp-content\/uploads\/2021\/07\/EMM-VPrincipal-scaled.jpg","contentUrl":"https:\/\/buscoequipomedico.com\/wp-content\/uploads\/2021\/07\/EMM-VPrincipal-scaled.jpg","width":2560,"height":1058,"caption":"Tu mejor opci\u00f3n Equipo M\u00e9dico M\u00e9xico"},"image":{"@id":"https:\/\/buscoequipomedico.com\/#\/schema\/logo\/image\/"}}]}},"_links":{"self":[{"href":"https:\/\/buscoequipomedico.com\/index.php?rest_route=\/wp\/v2\/product\/12138","targetHints":{"allow":["GET"]}}],"collection":[{"href":"https:\/\/buscoequipomedico.com\/index.php?rest_route=\/wp\/v2\/product"}],"about":[{"href":"https:\/\/buscoequipomedico.com\/index.php?rest_route=\/wp\/v2\/types\/product"}],"wp:featuredmedia":[{"embeddable":true,"href":"https:\/\/buscoequipomedico.com\/index.php?rest_route=\/wp\/v2\/media\/12139"}],"wp:attachment":[{"href":"https:\/\/buscoequipomedico.com\/index.php?rest_route=%2Fwp%2Fv2%2Fmedia&parent=12138"}],"wp:term":[{"taxonomy":"product_brand","embeddable":true,"href":"https:\/\/buscoequipomedico.com\/index.php?rest_route=%2Fwp%2Fv2%2Fproduct_brand&post=12138"},{"taxonomy":"product_cat","embeddable":true,"href":"https:\/\/buscoequipomedico.com\/index.php?rest_route=%2Fwp%2Fv2%2Fproduct_cat&post=12138"},{"taxonomy":"product_tag","embeddable":true,"href":"https:\/\/buscoequipomedico.com\/index.php?rest_route=%2Fwp%2Fv2%2Fproduct_tag&post=12138"}],"curies":[{"name":"wp","href":"https:\/\/api.w.org\/{rel}","templated":true}]}}