{"id":12142,"date":"2020-02-18T07:34:39","date_gmt":"2020-02-18T07:34:39","guid":{"rendered":"https:\/\/equipomedicomexico-com.preview-domain.com\/product\/cama-electrica-flexo-givas\/"},"modified":"2020-02-18T07:34:42","modified_gmt":"2020-02-18T07:34:42","slug":"cama-electrica-flexo-givas","status":"publish","type":"product","link":"https:\/\/buscoequipomedico.com\/?product=cama-electrica-flexo-givas","title":{"rendered":"Cama El\u00e9ctrica Flexo Givas"},"content":{"rendered":"<p>La nueva cama FLEXO ofrece un conjunto de funciones y ventajas nunca alcanzadas con otras camas hasta ahora.<\/p>\n<p>FLEXO: una cama, muchas soluciones! La flexibilidad de utilizaci\u00f3n es la caracter\u00edstica predominante. La cama ofrece m\u00faltiples soluciones tanto para la residencia de ancianos como para el hospital, contestando a todas las necesidad operativas y de asistencia. FLEXO encuentra un \u00f3ptimo empleo a nivel de: GERIATR\u00cdA &#8211; NEUROLOG\u00cdA &#8211; PSIQUIATR\u00cdA &#8211; HOSPITALIZACI\u00d3N PEDI\u00c1TRICA.<\/p>\n<p>La cama el\u00e9ctrica FLEXO con par de barandas en forma de comp\u00e1s encierra todos los conceptos de seguridad necesarios para la asistencia y la cura en el \u00e1mbito de las estructuras hospitalarias. Los pacientes con problemas de movilidad est\u00e1n en constante aumento y por eso es necesario cambiar radicalmente la orientaci\u00f3n a la edad m\u00e1s madura, creando un ambiente lo m\u00e1s seguro posible.<\/p>\n<p>La sencillez y la eficiencia juntas a la versatilidad hacen la cama Flexo un producto en vanguardia, apto a las exigencias presentes y futuras. Manejable y segura, confortable y pr\u00e1ctica, FLEXO se propone con extrema ductilidad, como respuesta a las exigencias de las divisiones hospitalarias que necesitan velocidad en las maniobras, tiempos r\u00e1pidos para la esterilizaci\u00f3n y sobre todo un elevado grado de comodidad para el hu\u00e9sped.<\/p>\n","protected":false},"excerpt":{"rendered":"<p><span>La flexibilidad de utilizaci\u00f3n es la caracter\u00edstica predominante. La cama ofrece m\u00faltiples soluciones\u00a0tanto para la residencia de ancianos como para el hospital, contestando a todas las necesidad\u00a0operativas y de asistencia.<\/span><\/p>\n","protected":false},"featured_media":12143,"template":"","meta":{"_joinchat":[]},"product_brand":[],"product_cat":[213],"product_tag":[],"class_list":{"0":"post-12142","1":"product","2":"type-product","3":"status-publish","4":"has-post-thumbnail","6":"product_cat-concentradores","7":"pa_marca-givas","9":"first","10":"instock","11":"purchasable","12":"product-type-simple"},"yoast_head":"<!-- This site is optimized with the Yoast SEO plugin v25.1 - https:\/\/yoast.com\/wordpress\/plugins\/seo\/ -->\n<title>Cama El\u00e9ctrica Flexo Givas - Tu mejor opci\u00f3n Equipo M\u00e9dico M\u00e9xico<\/title>\n<meta name=\"robots\" content=\"index, follow, max-snippet:-1, max-image-preview:large, max-video-preview:-1\" \/>\n<link rel=\"canonical\" href=\"https:\/\/buscoequipomedico.com\/?product=cama-electrica-flexo-givas\" \/>\n<meta property=\"og:locale\" content=\"es_ES\" \/>\n<meta property=\"og:type\" content=\"article\" \/>\n<meta property=\"og:title\" content=\"Cama El\u00e9ctrica Flexo Givas - Tu mejor opci\u00f3n Equipo M\u00e9dico M\u00e9xico\" \/>\n<meta property=\"og:description\" content=\"La flexibilidad de utilizaci\u00f3n es la caracter\u00edstica predominante. La cama ofrece m\u00faltiples soluciones\u00a0tanto para la residencia de ancianos como para el hospital, contestando a todas las necesidad\u00a0operativas y de asistencia.\" \/>\n<meta property=\"og:url\" content=\"https:\/\/buscoequipomedico.com\/?product=cama-electrica-flexo-givas\" \/>\n<meta property=\"og:site_name\" content=\"Tu mejor opci\u00f3n Equipo M\u00e9dico M\u00e9xico\" \/>\n<meta property=\"article:modified_time\" content=\"2020-02-18T07:34:42+00:00\" \/>\n<meta property=\"og:image\" content=\"https:\/\/buscoequipomedico.com\/wp-content\/uploads\/2020\/02\/cama-electrica-flexo-givas-la-flexibilidad-de-utilizacion-es-la-caracteristica-predominante-la-cama-ofrece-multiples-soluciones.jpg\" \/>\n\t<meta property=\"og:image:width\" content=\"800\" \/>\n\t<meta property=\"og:image:height\" content=\"800\" \/>\n\t<meta property=\"og:image:type\" content=\"image\/png\" \/>\n<meta name=\"twitter:card\" content=\"summary_large_image\" \/>\n<meta name=\"twitter:label1\" content=\"Tiempo de lectura\" \/>\n\t<meta name=\"twitter:data1\" content=\"1 minuto\" \/>\n<script type=\"application\/ld+json\" class=\"yoast-schema-graph\">{\"@context\":\"https:\/\/schema.org\",\"@graph\":[{\"@type\":\"WebPage\",\"@id\":\"https:\/\/buscoequipomedico.com\/?product=cama-electrica-flexo-givas\",\"url\":\"https:\/\/buscoequipomedico.com\/?product=cama-electrica-flexo-givas\",\"name\":\"Cama El\u00e9ctrica Flexo Givas - Tu mejor opci\u00f3n Equipo M\u00e9dico M\u00e9xico\",\"isPartOf\":{\"@id\":\"https:\/\/buscoequipomedico.com\/#website\"},\"primaryImageOfPage\":{\"@id\":\"https:\/\/buscoequipomedico.com\/?product=cama-electrica-flexo-givas#primaryimage\"},\"image\":{\"@id\":\"https:\/\/buscoequipomedico.com\/?product=cama-electrica-flexo-givas#primaryimage\"},\"thumbnailUrl\":\"https:\/\/buscoequipomedico.com\/wp-content\/uploads\/2020\/02\/cama-electrica-flexo-givas-la-flexibilidad-de-utilizacion-es-la-caracteristica-predominante-la-cama-ofrece-multiples-soluciones.jpg\",\"datePublished\":\"2020-02-18T07:34:39+00:00\",\"dateModified\":\"2020-02-18T07:34:42+00:00\",\"breadcrumb\":{\"@id\":\"https:\/\/buscoequipomedico.com\/?product=cama-electrica-flexo-givas#breadcrumb\"},\"inLanguage\":\"es\",\"potentialAction\":[{\"@type\":\"ReadAction\",\"target\":[\"https:\/\/buscoequipomedico.com\/?product=cama-electrica-flexo-givas\"]}]},{\"@type\":\"ImageObject\",\"inLanguage\":\"es\",\"@id\":\"https:\/\/buscoequipomedico.com\/?product=cama-electrica-flexo-givas#primaryimage\",\"url\":\"https:\/\/buscoequipomedico.com\/wp-content\/uploads\/2020\/02\/cama-electrica-flexo-givas-la-flexibilidad-de-utilizacion-es-la-caracteristica-predominante-la-cama-ofrece-multiples-soluciones.jpg\",\"contentUrl\":\"https:\/\/buscoequipomedico.com\/wp-content\/uploads\/2020\/02\/cama-electrica-flexo-givas-la-flexibilidad-de-utilizacion-es-la-caracteristica-predominante-la-cama-ofrece-multiples-soluciones.jpg\",\"width\":800,\"height\":800},{\"@type\":\"BreadcrumbList\",\"@id\":\"https:\/\/buscoequipomedico.com\/?product=cama-electrica-flexo-givas#breadcrumb\",\"itemListElement\":[{\"@type\":\"ListItem\",\"position\":1,\"name\":\"Productos\",\"item\":\"https:\/\/buscoequipomedico.com\/shop\/\"},{\"@type\":\"ListItem\",\"position\":2,\"name\":\"Cama El\u00e9ctrica Flexo Givas\"}]},{\"@type\":\"WebSite\",\"@id\":\"https:\/\/buscoequipomedico.com\/#website\",\"url\":\"https:\/\/buscoequipomedico.com\/\",\"name\":\"Tu mejor opci\u00f3n Equipo M\u00e9dico M\u00e9xico\",\"description\":\"Tienda de equipo m\u00e9dico\",\"publisher\":{\"@id\":\"https:\/\/buscoequipomedico.com\/#organization\"},\"potentialAction\":[{\"@type\":\"SearchAction\",\"target\":{\"@type\":\"EntryPoint\",\"urlTemplate\":\"https:\/\/buscoequipomedico.com\/?s={search_term_string}\"},\"query-input\":{\"@type\":\"PropertyValueSpecification\",\"valueRequired\":true,\"valueName\":\"search_term_string\"}}],\"inLanguage\":\"es\"},{\"@type\":\"Organization\",\"@id\":\"https:\/\/buscoequipomedico.com\/#organization\",\"name\":\"Tu mejor opci\u00f3n Equipo M\u00e9dico M\u00e9xico\",\"url\":\"https:\/\/buscoequipomedico.com\/\",\"logo\":{\"@type\":\"ImageObject\",\"inLanguage\":\"es\",\"@id\":\"https:\/\/buscoequipomedico.com\/#\/schema\/logo\/image\/\",\"url\":\"https:\/\/buscoequipomedico.com\/wp-content\/uploads\/2021\/07\/EMM-VPrincipal-scaled.jpg\",\"contentUrl\":\"https:\/\/buscoequipomedico.com\/wp-content\/uploads\/2021\/07\/EMM-VPrincipal-scaled.jpg\",\"width\":2560,\"height\":1058,\"caption\":\"Tu mejor opci\u00f3n Equipo M\u00e9dico M\u00e9xico\"},\"image\":{\"@id\":\"https:\/\/buscoequipomedico.com\/#\/schema\/logo\/image\/\"}}]}<\/script>\n<!-- \/ Yoast SEO plugin. -->","yoast_head_json":{"title":"Cama El\u00e9ctrica Flexo Givas - Tu mejor opci\u00f3n Equipo M\u00e9dico M\u00e9xico","robots":{"index":"index","follow":"follow","max-snippet":"max-snippet:-1","max-image-preview":"max-image-preview:large","max-video-preview":"max-video-preview:-1"},"canonical":"https:\/\/buscoequipomedico.com\/?product=cama-electrica-flexo-givas","og_locale":"es_ES","og_type":"article","og_title":"Cama El\u00e9ctrica Flexo Givas - Tu mejor opci\u00f3n Equipo M\u00e9dico M\u00e9xico","og_description":"La flexibilidad de utilizaci\u00f3n es la caracter\u00edstica predominante. La cama ofrece m\u00faltiples soluciones\u00a0tanto para la residencia de ancianos como para el hospital, contestando a todas las necesidad\u00a0operativas y de asistencia.","og_url":"https:\/\/buscoequipomedico.com\/?product=cama-electrica-flexo-givas","og_site_name":"Tu mejor opci\u00f3n Equipo M\u00e9dico M\u00e9xico","article_modified_time":"2020-02-18T07:34:42+00:00","og_image":[{"width":800,"height":800,"url":"https:\/\/buscoequipomedico.com\/wp-content\/uploads\/2020\/02\/cama-electrica-flexo-givas-la-flexibilidad-de-utilizacion-es-la-caracteristica-predominante-la-cama-ofrece-multiples-soluciones.jpg","type":"image\/png"}],"twitter_card":"summary_large_image","twitter_misc":{"Tiempo de lectura":"1 minuto"},"schema":{"@context":"https:\/\/schema.org","@graph":[{"@type":"WebPage","@id":"https:\/\/buscoequipomedico.com\/?product=cama-electrica-flexo-givas","url":"https:\/\/buscoequipomedico.com\/?product=cama-electrica-flexo-givas","name":"Cama El\u00e9ctrica Flexo Givas - Tu mejor opci\u00f3n Equipo M\u00e9dico M\u00e9xico","isPartOf":{"@id":"https:\/\/buscoequipomedico.com\/#website"},"primaryImageOfPage":{"@id":"https:\/\/buscoequipomedico.com\/?product=cama-electrica-flexo-givas#primaryimage"},"image":{"@id":"https:\/\/buscoequipomedico.com\/?product=cama-electrica-flexo-givas#primaryimage"},"thumbnailUrl":"https:\/\/buscoequipomedico.com\/wp-content\/uploads\/2020\/02\/cama-electrica-flexo-givas-la-flexibilidad-de-utilizacion-es-la-caracteristica-predominante-la-cama-ofrece-multiples-soluciones.jpg","datePublished":"2020-02-18T07:34:39+00:00","dateModified":"2020-02-18T07:34:42+00:00","breadcrumb":{"@id":"https:\/\/buscoequipomedico.com\/?product=cama-electrica-flexo-givas#breadcrumb"},"inLanguage":"es","potentialAction":[{"@type":"ReadAction","target":["https:\/\/buscoequipomedico.com\/?product=cama-electrica-flexo-givas"]}]},{"@type":"ImageObject","inLanguage":"es","@id":"https:\/\/buscoequipomedico.com\/?product=cama-electrica-flexo-givas#primaryimage","url":"https:\/\/buscoequipomedico.com\/wp-content\/uploads\/2020\/02\/cama-electrica-flexo-givas-la-flexibilidad-de-utilizacion-es-la-caracteristica-predominante-la-cama-ofrece-multiples-soluciones.jpg","contentUrl":"https:\/\/buscoequipomedico.com\/wp-content\/uploads\/2020\/02\/cama-electrica-flexo-givas-la-flexibilidad-de-utilizacion-es-la-caracteristica-predominante-la-cama-ofrece-multiples-soluciones.jpg","width":800,"height":800},{"@type":"BreadcrumbList","@id":"https:\/\/buscoequipomedico.com\/?product=cama-electrica-flexo-givas#breadcrumb","itemListElement":[{"@type":"ListItem","position":1,"name":"Productos","item":"https:\/\/buscoequipomedico.com\/shop\/"},{"@type":"ListItem","position":2,"name":"Cama El\u00e9ctrica Flexo Givas"}]},{"@type":"WebSite","@id":"https:\/\/buscoequipomedico.com\/#website","url":"https:\/\/buscoequipomedico.com\/","name":"Tu mejor opci\u00f3n Equipo M\u00e9dico M\u00e9xico","description":"Tienda de equipo m\u00e9dico","publisher":{"@id":"https:\/\/buscoequipomedico.com\/#organization"},"potentialAction":[{"@type":"SearchAction","target":{"@type":"EntryPoint","urlTemplate":"https:\/\/buscoequipomedico.com\/?s={search_term_string}"},"query-input":{"@type":"PropertyValueSpecification","valueRequired":true,"valueName":"search_term_string"}}],"inLanguage":"es"},{"@type":"Organization","@id":"https:\/\/buscoequipomedico.com\/#organization","name":"Tu mejor opci\u00f3n Equipo M\u00e9dico M\u00e9xico","url":"https:\/\/buscoequipomedico.com\/","logo":{"@type":"ImageObject","inLanguage":"es","@id":"https:\/\/buscoequipomedico.com\/#\/schema\/logo\/image\/","url":"https:\/\/buscoequipomedico.com\/wp-content\/uploads\/2021\/07\/EMM-VPrincipal-scaled.jpg","contentUrl":"https:\/\/buscoequipomedico.com\/wp-content\/uploads\/2021\/07\/EMM-VPrincipal-scaled.jpg","width":2560,"height":1058,"caption":"Tu mejor opci\u00f3n Equipo M\u00e9dico M\u00e9xico"},"image":{"@id":"https:\/\/buscoequipomedico.com\/#\/schema\/logo\/image\/"}}]}},"_links":{"self":[{"href":"https:\/\/buscoequipomedico.com\/index.php?rest_route=\/wp\/v2\/product\/12142","targetHints":{"allow":["GET"]}}],"collection":[{"href":"https:\/\/buscoequipomedico.com\/index.php?rest_route=\/wp\/v2\/product"}],"about":[{"href":"https:\/\/buscoequipomedico.com\/index.php?rest_route=\/wp\/v2\/types\/product"}],"wp:featuredmedia":[{"embeddable":true,"href":"https:\/\/buscoequipomedico.com\/index.php?rest_route=\/wp\/v2\/media\/12143"}],"wp:attachment":[{"href":"https:\/\/buscoequipomedico.com\/index.php?rest_route=%2Fwp%2Fv2%2Fmedia&parent=12142"}],"wp:term":[{"taxonomy":"product_brand","embeddable":true,"href":"https:\/\/buscoequipomedico.com\/index.php?rest_route=%2Fwp%2Fv2%2Fproduct_brand&post=12142"},{"taxonomy":"product_cat","embeddable":true,"href":"https:\/\/buscoequipomedico.com\/index.php?rest_route=%2Fwp%2Fv2%2Fproduct_cat&post=12142"},{"taxonomy":"product_tag","embeddable":true,"href":"https:\/\/buscoequipomedico.com\/index.php?rest_route=%2Fwp%2Fv2%2Fproduct_tag&post=12142"}],"curies":[{"name":"wp","href":"https:\/\/api.w.org\/{rel}","templated":true}]}}