{"id":12146,"date":"2020-02-18T07:34:39","date_gmt":"2020-02-18T07:34:39","guid":{"rendered":"https:\/\/equipomedicomexico-com.preview-domain.com\/product\/cama-vega-electrica-de-4-secciones\/"},"modified":"2020-02-18T07:34:43","modified_gmt":"2020-02-18T07:34:43","slug":"cama-vega-electrica-de-4-secciones","status":"publish","type":"product","link":"https:\/\/buscoequipomedico.com\/?product=cama-vega-electrica-de-4-secciones","title":{"rendered":"Cama Vega- Electrica De 4 Secciones"},"content":{"rendered":"<p><span><span>Cama el\u00e9ctrica de 4 secciones, modelo Vega<\/span><\/span><\/p>\n<p><span><span>Caracter\u00edsticas:<\/span><\/span><\/p>\n<ul>\n<li>Cama el\u00e9ctrica de 4 secciones con barandas de 4 secciones con controles interconstruidos\u00a0y de altura variable.<\/li>\n<li>Movimientos de trendelenberg.<\/li>\n<li>Espaldar ajustable.<\/li>\n<li>Elevaci\u00f3n de piernas operado con amortiguador de gas.<\/li>\n<li>Palanca de CRP.<\/li>\n<li>Control de paciente alumbrado.<\/li>\n<li>Panal acp para enfermera.<\/li>\n<li>Respaldo de bater\u00eda.<\/li>\n<li>Frenos con alarma.\u00a0<\/li>\n<li>Roto transfer en espaldar &#8211; operado por timotin electrical actuators y motors.\u00a0<\/li>\n<\/ul>\n<p><span><span>Incluye:\u00a0<\/span><\/span><\/p>\n<ul>\n<li>Panel de control con display.\u00a0<\/li>\n<li>Plano de abs.<\/li>\n<li>Colch\u00f3n antiescaras.\u00a0<\/li>\n<li>Cabecera y piecera hecha de polyethylene.\u00a0<\/li>\n<li>Laminado\/calcomania para barandas.\u00a0<\/li>\n<li>Laminado\/calcomania de color para piecera y cabecera.\u00a0<\/li>\n<li>Rueda antiest\u00e1ticas.<\/li>\n<li>Portasuero de 4 ganchos.\u00a0<\/li>\n<li>Soporte para bolsa de drenaje.<\/li>\n<li>Asa de levantamiento.\u00a0<\/li>\n<li>Extensi\u00f3n de colch\u00f3n.\u00a0<\/li>\n<\/ul>\n","protected":false},"excerpt":{"rendered":"<p><span>Producto eficiente que hace asistencia diaria y desinfectante operaciones m\u00e1s f\u00e1ciles, aumentando as\u00ed la comodidad del paciente y independencia.<\/span><\/p>\n","protected":false},"featured_media":12147,"template":"","meta":{"_joinchat":[]},"product_brand":[],"product_cat":[213],"product_tag":[],"class_list":{"0":"post-12146","1":"product","2":"type-product","3":"status-publish","4":"has-post-thumbnail","6":"product_cat-concentradores","7":"pa_marca-givas","9":"first","10":"instock","11":"purchasable","12":"product-type-simple"},"yoast_head":"<!-- This site is optimized with the Yoast SEO plugin v25.1 - https:\/\/yoast.com\/wordpress\/plugins\/seo\/ -->\n<title>Cama Vega- Electrica De 4 Secciones - Tu mejor opci\u00f3n Equipo M\u00e9dico M\u00e9xico<\/title>\n<meta name=\"robots\" content=\"index, follow, max-snippet:-1, max-image-preview:large, max-video-preview:-1\" \/>\n<link rel=\"canonical\" href=\"https:\/\/buscoequipomedico.com\/?product=cama-vega-electrica-de-4-secciones\" \/>\n<meta property=\"og:locale\" content=\"es_ES\" \/>\n<meta property=\"og:type\" content=\"article\" \/>\n<meta property=\"og:title\" content=\"Cama Vega- Electrica De 4 Secciones - Tu mejor opci\u00f3n Equipo M\u00e9dico M\u00e9xico\" \/>\n<meta property=\"og:description\" content=\"Producto eficiente que hace asistencia diaria y desinfectante operaciones m\u00e1s f\u00e1ciles, aumentando as\u00ed la comodidad del paciente y independencia.\" \/>\n<meta property=\"og:url\" content=\"https:\/\/buscoequipomedico.com\/?product=cama-vega-electrica-de-4-secciones\" \/>\n<meta property=\"og:site_name\" content=\"Tu mejor opci\u00f3n Equipo M\u00e9dico M\u00e9xico\" \/>\n<meta property=\"article:modified_time\" content=\"2020-02-18T07:34:43+00:00\" \/>\n<meta property=\"og:image\" content=\"https:\/\/buscoequipomedico.com\/wp-content\/uploads\/2020\/02\/cama-vega-electrica-de-4-secciones-producto-eficiente-que-hace-asistencia-diaria-y-desinfectante-operaciones-mas-faciles-aumenta.jpg\" \/>\n\t<meta property=\"og:image:width\" content=\"800\" \/>\n\t<meta property=\"og:image:height\" content=\"800\" \/>\n\t<meta property=\"og:image:type\" content=\"image\/jpeg\" \/>\n<meta name=\"twitter:card\" content=\"summary_large_image\" \/>\n<meta name=\"twitter:label1\" content=\"Tiempo de lectura\" \/>\n\t<meta name=\"twitter:data1\" content=\"1 minuto\" \/>\n<script type=\"application\/ld+json\" class=\"yoast-schema-graph\">{\"@context\":\"https:\/\/schema.org\",\"@graph\":[{\"@type\":\"WebPage\",\"@id\":\"https:\/\/buscoequipomedico.com\/?product=cama-vega-electrica-de-4-secciones\",\"url\":\"https:\/\/buscoequipomedico.com\/?product=cama-vega-electrica-de-4-secciones\",\"name\":\"Cama Vega- Electrica De 4 Secciones - Tu mejor opci\u00f3n Equipo M\u00e9dico M\u00e9xico\",\"isPartOf\":{\"@id\":\"https:\/\/buscoequipomedico.com\/#website\"},\"primaryImageOfPage\":{\"@id\":\"https:\/\/buscoequipomedico.com\/?product=cama-vega-electrica-de-4-secciones#primaryimage\"},\"image\":{\"@id\":\"https:\/\/buscoequipomedico.com\/?product=cama-vega-electrica-de-4-secciones#primaryimage\"},\"thumbnailUrl\":\"https:\/\/buscoequipomedico.com\/wp-content\/uploads\/2020\/02\/cama-vega-electrica-de-4-secciones-producto-eficiente-que-hace-asistencia-diaria-y-desinfectante-operaciones-mas-faciles-aumenta.jpg\",\"datePublished\":\"2020-02-18T07:34:39+00:00\",\"dateModified\":\"2020-02-18T07:34:43+00:00\",\"breadcrumb\":{\"@id\":\"https:\/\/buscoequipomedico.com\/?product=cama-vega-electrica-de-4-secciones#breadcrumb\"},\"inLanguage\":\"es\",\"potentialAction\":[{\"@type\":\"ReadAction\",\"target\":[\"https:\/\/buscoequipomedico.com\/?product=cama-vega-electrica-de-4-secciones\"]}]},{\"@type\":\"ImageObject\",\"inLanguage\":\"es\",\"@id\":\"https:\/\/buscoequipomedico.com\/?product=cama-vega-electrica-de-4-secciones#primaryimage\",\"url\":\"https:\/\/buscoequipomedico.com\/wp-content\/uploads\/2020\/02\/cama-vega-electrica-de-4-secciones-producto-eficiente-que-hace-asistencia-diaria-y-desinfectante-operaciones-mas-faciles-aumenta.jpg\",\"contentUrl\":\"https:\/\/buscoequipomedico.com\/wp-content\/uploads\/2020\/02\/cama-vega-electrica-de-4-secciones-producto-eficiente-que-hace-asistencia-diaria-y-desinfectante-operaciones-mas-faciles-aumenta.jpg\",\"width\":800,\"height\":800},{\"@type\":\"BreadcrumbList\",\"@id\":\"https:\/\/buscoequipomedico.com\/?product=cama-vega-electrica-de-4-secciones#breadcrumb\",\"itemListElement\":[{\"@type\":\"ListItem\",\"position\":1,\"name\":\"Productos\",\"item\":\"https:\/\/buscoequipomedico.com\/shop\/\"},{\"@type\":\"ListItem\",\"position\":2,\"name\":\"Cama Vega- Electrica De 4 Secciones\"}]},{\"@type\":\"WebSite\",\"@id\":\"https:\/\/buscoequipomedico.com\/#website\",\"url\":\"https:\/\/buscoequipomedico.com\/\",\"name\":\"Tu mejor opci\u00f3n Equipo M\u00e9dico M\u00e9xico\",\"description\":\"Tienda de equipo m\u00e9dico\",\"publisher\":{\"@id\":\"https:\/\/buscoequipomedico.com\/#organization\"},\"potentialAction\":[{\"@type\":\"SearchAction\",\"target\":{\"@type\":\"EntryPoint\",\"urlTemplate\":\"https:\/\/buscoequipomedico.com\/?s={search_term_string}\"},\"query-input\":{\"@type\":\"PropertyValueSpecification\",\"valueRequired\":true,\"valueName\":\"search_term_string\"}}],\"inLanguage\":\"es\"},{\"@type\":\"Organization\",\"@id\":\"https:\/\/buscoequipomedico.com\/#organization\",\"name\":\"Tu mejor opci\u00f3n Equipo M\u00e9dico M\u00e9xico\",\"url\":\"https:\/\/buscoequipomedico.com\/\",\"logo\":{\"@type\":\"ImageObject\",\"inLanguage\":\"es\",\"@id\":\"https:\/\/buscoequipomedico.com\/#\/schema\/logo\/image\/\",\"url\":\"https:\/\/buscoequipomedico.com\/wp-content\/uploads\/2021\/07\/EMM-VPrincipal-scaled.jpg\",\"contentUrl\":\"https:\/\/buscoequipomedico.com\/wp-content\/uploads\/2021\/07\/EMM-VPrincipal-scaled.jpg\",\"width\":2560,\"height\":1058,\"caption\":\"Tu mejor opci\u00f3n Equipo M\u00e9dico M\u00e9xico\"},\"image\":{\"@id\":\"https:\/\/buscoequipomedico.com\/#\/schema\/logo\/image\/\"}}]}<\/script>\n<!-- \/ Yoast SEO plugin. -->","yoast_head_json":{"title":"Cama Vega- Electrica De 4 Secciones - Tu mejor opci\u00f3n Equipo M\u00e9dico M\u00e9xico","robots":{"index":"index","follow":"follow","max-snippet":"max-snippet:-1","max-image-preview":"max-image-preview:large","max-video-preview":"max-video-preview:-1"},"canonical":"https:\/\/buscoequipomedico.com\/?product=cama-vega-electrica-de-4-secciones","og_locale":"es_ES","og_type":"article","og_title":"Cama Vega- Electrica De 4 Secciones - Tu mejor opci\u00f3n Equipo M\u00e9dico M\u00e9xico","og_description":"Producto eficiente que hace asistencia diaria y desinfectante operaciones m\u00e1s f\u00e1ciles, aumentando as\u00ed la comodidad del paciente y independencia.","og_url":"https:\/\/buscoequipomedico.com\/?product=cama-vega-electrica-de-4-secciones","og_site_name":"Tu mejor opci\u00f3n Equipo M\u00e9dico M\u00e9xico","article_modified_time":"2020-02-18T07:34:43+00:00","og_image":[{"width":800,"height":800,"url":"https:\/\/buscoequipomedico.com\/wp-content\/uploads\/2020\/02\/cama-vega-electrica-de-4-secciones-producto-eficiente-que-hace-asistencia-diaria-y-desinfectante-operaciones-mas-faciles-aumenta.jpg","type":"image\/jpeg"}],"twitter_card":"summary_large_image","twitter_misc":{"Tiempo de lectura":"1 minuto"},"schema":{"@context":"https:\/\/schema.org","@graph":[{"@type":"WebPage","@id":"https:\/\/buscoequipomedico.com\/?product=cama-vega-electrica-de-4-secciones","url":"https:\/\/buscoequipomedico.com\/?product=cama-vega-electrica-de-4-secciones","name":"Cama Vega- Electrica De 4 Secciones - Tu mejor opci\u00f3n Equipo M\u00e9dico M\u00e9xico","isPartOf":{"@id":"https:\/\/buscoequipomedico.com\/#website"},"primaryImageOfPage":{"@id":"https:\/\/buscoequipomedico.com\/?product=cama-vega-electrica-de-4-secciones#primaryimage"},"image":{"@id":"https:\/\/buscoequipomedico.com\/?product=cama-vega-electrica-de-4-secciones#primaryimage"},"thumbnailUrl":"https:\/\/buscoequipomedico.com\/wp-content\/uploads\/2020\/02\/cama-vega-electrica-de-4-secciones-producto-eficiente-que-hace-asistencia-diaria-y-desinfectante-operaciones-mas-faciles-aumenta.jpg","datePublished":"2020-02-18T07:34:39+00:00","dateModified":"2020-02-18T07:34:43+00:00","breadcrumb":{"@id":"https:\/\/buscoequipomedico.com\/?product=cama-vega-electrica-de-4-secciones#breadcrumb"},"inLanguage":"es","potentialAction":[{"@type":"ReadAction","target":["https:\/\/buscoequipomedico.com\/?product=cama-vega-electrica-de-4-secciones"]}]},{"@type":"ImageObject","inLanguage":"es","@id":"https:\/\/buscoequipomedico.com\/?product=cama-vega-electrica-de-4-secciones#primaryimage","url":"https:\/\/buscoequipomedico.com\/wp-content\/uploads\/2020\/02\/cama-vega-electrica-de-4-secciones-producto-eficiente-que-hace-asistencia-diaria-y-desinfectante-operaciones-mas-faciles-aumenta.jpg","contentUrl":"https:\/\/buscoequipomedico.com\/wp-content\/uploads\/2020\/02\/cama-vega-electrica-de-4-secciones-producto-eficiente-que-hace-asistencia-diaria-y-desinfectante-operaciones-mas-faciles-aumenta.jpg","width":800,"height":800},{"@type":"BreadcrumbList","@id":"https:\/\/buscoequipomedico.com\/?product=cama-vega-electrica-de-4-secciones#breadcrumb","itemListElement":[{"@type":"ListItem","position":1,"name":"Productos","item":"https:\/\/buscoequipomedico.com\/shop\/"},{"@type":"ListItem","position":2,"name":"Cama Vega- Electrica De 4 Secciones"}]},{"@type":"WebSite","@id":"https:\/\/buscoequipomedico.com\/#website","url":"https:\/\/buscoequipomedico.com\/","name":"Tu mejor opci\u00f3n Equipo M\u00e9dico M\u00e9xico","description":"Tienda de equipo m\u00e9dico","publisher":{"@id":"https:\/\/buscoequipomedico.com\/#organization"},"potentialAction":[{"@type":"SearchAction","target":{"@type":"EntryPoint","urlTemplate":"https:\/\/buscoequipomedico.com\/?s={search_term_string}"},"query-input":{"@type":"PropertyValueSpecification","valueRequired":true,"valueName":"search_term_string"}}],"inLanguage":"es"},{"@type":"Organization","@id":"https:\/\/buscoequipomedico.com\/#organization","name":"Tu mejor opci\u00f3n Equipo M\u00e9dico M\u00e9xico","url":"https:\/\/buscoequipomedico.com\/","logo":{"@type":"ImageObject","inLanguage":"es","@id":"https:\/\/buscoequipomedico.com\/#\/schema\/logo\/image\/","url":"https:\/\/buscoequipomedico.com\/wp-content\/uploads\/2021\/07\/EMM-VPrincipal-scaled.jpg","contentUrl":"https:\/\/buscoequipomedico.com\/wp-content\/uploads\/2021\/07\/EMM-VPrincipal-scaled.jpg","width":2560,"height":1058,"caption":"Tu mejor opci\u00f3n Equipo M\u00e9dico M\u00e9xico"},"image":{"@id":"https:\/\/buscoequipomedico.com\/#\/schema\/logo\/image\/"}}]}},"_links":{"self":[{"href":"https:\/\/buscoequipomedico.com\/index.php?rest_route=\/wp\/v2\/product\/12146","targetHints":{"allow":["GET"]}}],"collection":[{"href":"https:\/\/buscoequipomedico.com\/index.php?rest_route=\/wp\/v2\/product"}],"about":[{"href":"https:\/\/buscoequipomedico.com\/index.php?rest_route=\/wp\/v2\/types\/product"}],"wp:featuredmedia":[{"embeddable":true,"href":"https:\/\/buscoequipomedico.com\/index.php?rest_route=\/wp\/v2\/media\/12147"}],"wp:attachment":[{"href":"https:\/\/buscoequipomedico.com\/index.php?rest_route=%2Fwp%2Fv2%2Fmedia&parent=12146"}],"wp:term":[{"taxonomy":"product_brand","embeddable":true,"href":"https:\/\/buscoequipomedico.com\/index.php?rest_route=%2Fwp%2Fv2%2Fproduct_brand&post=12146"},{"taxonomy":"product_cat","embeddable":true,"href":"https:\/\/buscoequipomedico.com\/index.php?rest_route=%2Fwp%2Fv2%2Fproduct_cat&post=12146"},{"taxonomy":"product_tag","embeddable":true,"href":"https:\/\/buscoequipomedico.com\/index.php?rest_route=%2Fwp%2Fv2%2Fproduct_tag&post=12146"}],"curies":[{"name":"wp","href":"https:\/\/api.w.org\/{rel}","templated":true}]}}