{"id":12150,"date":"2020-02-18T07:34:39","date_gmt":"2020-02-18T07:34:39","guid":{"rendered":"https:\/\/equipomedicomexico-com.preview-domain.com\/product\/cama-vega-electrica-de-4-secciones-2\/"},"modified":"2020-02-18T07:34:43","modified_gmt":"2020-02-18T07:34:43","slug":"cama-vega-electrica-de-4-secciones-2","status":"publish","type":"product","link":"https:\/\/buscoequipomedico.com\/?product=cama-vega-electrica-de-4-secciones-2","title":{"rendered":"Cama-Vega Electrica De 4 Secciones"},"content":{"rendered":"<p><span>Caracter\u00edsticas:<\/span><\/p>\n<ul>\n<li>Para pacientes con incapacidad total o parcial para moverse, se desarrollaron camas para medir el peso.<\/li>\n<li>El peso de las camas Vega est\u00e1 integrado en la cama, consta de cuatro sensores de pesaje certificados ubicados en las esquinas del marco de la cama.<\/li>\n<li>El sistema de medici\u00f3n de masa corporal del paciente es extremadamente preciso y garantiza la medici\u00f3n del peso de los pacientes independientemente de la posici\u00f3n de la cama.<\/li>\n<li>La pantalla redonda y legible permite el monitoreo continuo de los par\u00e1metros del paciente durante su tratamiento.<\/li>\n<li>La configuraci\u00f3n de la visualizaci\u00f3n de la escala no afecta el tama\u00f1o de las camas externas.<\/li>\n<li>La b\u00e1scula est\u00e1 equipada con una pantalla de 5 d\u00edgitos, d\u00edgitos rojos, legibles, 2 cm de altura<\/li>\n<li>La b\u00e1scula est\u00e1 equipada con una bater\u00eda que garantiza el funcionamiento aut\u00f3nomo del equilibrio<\/li>\n<li>En caso de un fallo de alimentaci\u00f3n (red)\u00a0le permite controlar a los pacientes en hasta 10 horas.<\/li>\n<li>Escala de medici\u00f3n: hasta 250 kg.<\/li>\n<li>Precisi\u00f3n de lectura: 50\/100 g.<\/li>\n<li>Peso con funciones: protecci\u00f3n, puesta a cero, funci\u00f3n de espera (para agregar o quitar accesorios, por ejemplo, almohadas sin afectar las medidas de pesaje del paciente)<\/li>\n<li>Funci\u00f3n de verificaci\u00f3n &#8211; verificar peso (configuraci\u00f3n de umbrales de peso m\u00ednimo y m\u00e1ximo, alarma audible si se excede umbrales).<\/li>\n<li>Con barandas de 4 secciones con controles interconstruidos , y altura variable.<\/li>\n<li>Movimientos de trendelenburg.<\/li>\n<li>Espaldar adjustable el\u00e9ctricos.<\/li>\n<li>Elevaci\u00f3n de piernas operado manualmente.<\/li>\n<li>Palanca de crp.<\/li>\n<li>Control de paciente alumbrado.<\/li>\n<li>Panal acp para enfermera.<\/li>\n<li>Respaldo de bater\u00eda.<\/li>\n<li>Frenos con alarma.\u00a0<\/li>\n<li>Roto transfer en espaldar.<\/li>\n<li>Operado por timotin electrical.<\/li>\n<li>Pod control &#8211; display.<\/li>\n<li>Plano de absrat560w elevaci\u00f3n de pies &#8211; electrico.<\/li>\n<li>Colch\u00f3n antiescaras.<\/li>\n<li>Cabecera y piecera hecha de polyethylene.<\/li>\n<li>Laminado\/calcomania para barandas.<\/li>\n<li>Laminado\/calcomania de color para piecera y cabecera.<\/li>\n<li>Ruedas sencillas de 125mm, 1 direccional.<\/li>\n<li>Portasuero de 2 ganchos.<\/li>\n<li>Soporte para bolsa de drenaje.<\/li>\n<\/ul>\n","protected":false},"excerpt":{"rendered":"<p><span><span>CAMA VEGA- EL\u00c9CTRICA DE 4 SECCIONES CON BARANDAS DE 4 SECCIONES<\/span><\/span><\/p>\n<p><span><span><span>CON CONTROLES INTERCONSTRUIDOS<\/span><\/span><span><span>\u00a0<\/span><\/span><\/span><\/p>\n","protected":false},"featured_media":12151,"template":"","meta":{"_joinchat":[]},"product_brand":[],"product_cat":[213],"product_tag":[],"class_list":{"0":"post-12150","1":"product","2":"type-product","3":"status-publish","4":"has-post-thumbnail","6":"product_cat-concentradores","7":"pa_marca-givas","9":"first","10":"instock","11":"purchasable","12":"product-type-simple"},"yoast_head":"<!-- This site is optimized with the Yoast SEO plugin v25.1 - https:\/\/yoast.com\/wordpress\/plugins\/seo\/ -->\n<title>Cama-Vega Electrica De 4 Secciones - Tu mejor opci\u00f3n Equipo M\u00e9dico M\u00e9xico<\/title>\n<meta name=\"robots\" content=\"index, follow, max-snippet:-1, max-image-preview:large, max-video-preview:-1\" \/>\n<link rel=\"canonical\" href=\"https:\/\/buscoequipomedico.com\/?product=cama-vega-electrica-de-4-secciones-2\" \/>\n<meta property=\"og:locale\" content=\"es_ES\" \/>\n<meta property=\"og:type\" content=\"article\" \/>\n<meta property=\"og:title\" content=\"Cama-Vega Electrica De 4 Secciones - Tu mejor opci\u00f3n Equipo M\u00e9dico M\u00e9xico\" \/>\n<meta property=\"og:description\" content=\"CAMA VEGA- EL\u00c9CTRICA DE 4 SECCIONES CON BARANDAS DE 4 SECCIONES CON CONTROLES INTERCONSTRUIDOS\u00a0\" \/>\n<meta property=\"og:url\" content=\"https:\/\/buscoequipomedico.com\/?product=cama-vega-electrica-de-4-secciones-2\" \/>\n<meta property=\"og:site_name\" content=\"Tu mejor opci\u00f3n Equipo M\u00e9dico M\u00e9xico\" \/>\n<meta property=\"article:modified_time\" content=\"2020-02-18T07:34:43+00:00\" \/>\n<meta property=\"og:image\" content=\"https:\/\/buscoequipomedico.com\/wp-content\/uploads\/2020\/02\/cama-vega-electrica-de-4-secciones-cama-vega-electrica-de-4-secciones-con-barandas-de-4-secciones-con-controles-interconstruidos.jpg\" \/>\n\t<meta property=\"og:image:width\" content=\"800\" \/>\n\t<meta property=\"og:image:height\" content=\"800\" \/>\n\t<meta property=\"og:image:type\" content=\"image\/jpeg\" \/>\n<meta name=\"twitter:card\" content=\"summary_large_image\" \/>\n<meta name=\"twitter:label1\" content=\"Tiempo de lectura\" \/>\n\t<meta name=\"twitter:data1\" content=\"2 minutos\" \/>\n<script type=\"application\/ld+json\" class=\"yoast-schema-graph\">{\"@context\":\"https:\/\/schema.org\",\"@graph\":[{\"@type\":\"WebPage\",\"@id\":\"https:\/\/buscoequipomedico.com\/?product=cama-vega-electrica-de-4-secciones-2\",\"url\":\"https:\/\/buscoequipomedico.com\/?product=cama-vega-electrica-de-4-secciones-2\",\"name\":\"Cama-Vega Electrica De 4 Secciones - Tu mejor opci\u00f3n Equipo M\u00e9dico M\u00e9xico\",\"isPartOf\":{\"@id\":\"https:\/\/buscoequipomedico.com\/#website\"},\"primaryImageOfPage\":{\"@id\":\"https:\/\/buscoequipomedico.com\/?product=cama-vega-electrica-de-4-secciones-2#primaryimage\"},\"image\":{\"@id\":\"https:\/\/buscoequipomedico.com\/?product=cama-vega-electrica-de-4-secciones-2#primaryimage\"},\"thumbnailUrl\":\"https:\/\/buscoequipomedico.com\/wp-content\/uploads\/2020\/02\/cama-vega-electrica-de-4-secciones-cama-vega-electrica-de-4-secciones-con-barandas-de-4-secciones-con-controles-interconstruidos.jpg\",\"datePublished\":\"2020-02-18T07:34:39+00:00\",\"dateModified\":\"2020-02-18T07:34:43+00:00\",\"breadcrumb\":{\"@id\":\"https:\/\/buscoequipomedico.com\/?product=cama-vega-electrica-de-4-secciones-2#breadcrumb\"},\"inLanguage\":\"es\",\"potentialAction\":[{\"@type\":\"ReadAction\",\"target\":[\"https:\/\/buscoequipomedico.com\/?product=cama-vega-electrica-de-4-secciones-2\"]}]},{\"@type\":\"ImageObject\",\"inLanguage\":\"es\",\"@id\":\"https:\/\/buscoequipomedico.com\/?product=cama-vega-electrica-de-4-secciones-2#primaryimage\",\"url\":\"https:\/\/buscoequipomedico.com\/wp-content\/uploads\/2020\/02\/cama-vega-electrica-de-4-secciones-cama-vega-electrica-de-4-secciones-con-barandas-de-4-secciones-con-controles-interconstruidos.jpg\",\"contentUrl\":\"https:\/\/buscoequipomedico.com\/wp-content\/uploads\/2020\/02\/cama-vega-electrica-de-4-secciones-cama-vega-electrica-de-4-secciones-con-barandas-de-4-secciones-con-controles-interconstruidos.jpg\",\"width\":800,\"height\":800},{\"@type\":\"BreadcrumbList\",\"@id\":\"https:\/\/buscoequipomedico.com\/?product=cama-vega-electrica-de-4-secciones-2#breadcrumb\",\"itemListElement\":[{\"@type\":\"ListItem\",\"position\":1,\"name\":\"Productos\",\"item\":\"https:\/\/buscoequipomedico.com\/shop\/\"},{\"@type\":\"ListItem\",\"position\":2,\"name\":\"Cama-Vega Electrica De 4 Secciones\"}]},{\"@type\":\"WebSite\",\"@id\":\"https:\/\/buscoequipomedico.com\/#website\",\"url\":\"https:\/\/buscoequipomedico.com\/\",\"name\":\"Tu mejor opci\u00f3n Equipo M\u00e9dico M\u00e9xico\",\"description\":\"Tienda de equipo m\u00e9dico\",\"publisher\":{\"@id\":\"https:\/\/buscoequipomedico.com\/#organization\"},\"potentialAction\":[{\"@type\":\"SearchAction\",\"target\":{\"@type\":\"EntryPoint\",\"urlTemplate\":\"https:\/\/buscoequipomedico.com\/?s={search_term_string}\"},\"query-input\":{\"@type\":\"PropertyValueSpecification\",\"valueRequired\":true,\"valueName\":\"search_term_string\"}}],\"inLanguage\":\"es\"},{\"@type\":\"Organization\",\"@id\":\"https:\/\/buscoequipomedico.com\/#organization\",\"name\":\"Tu mejor opci\u00f3n Equipo M\u00e9dico M\u00e9xico\",\"url\":\"https:\/\/buscoequipomedico.com\/\",\"logo\":{\"@type\":\"ImageObject\",\"inLanguage\":\"es\",\"@id\":\"https:\/\/buscoequipomedico.com\/#\/schema\/logo\/image\/\",\"url\":\"https:\/\/buscoequipomedico.com\/wp-content\/uploads\/2021\/07\/EMM-VPrincipal-scaled.jpg\",\"contentUrl\":\"https:\/\/buscoequipomedico.com\/wp-content\/uploads\/2021\/07\/EMM-VPrincipal-scaled.jpg\",\"width\":2560,\"height\":1058,\"caption\":\"Tu mejor opci\u00f3n Equipo M\u00e9dico M\u00e9xico\"},\"image\":{\"@id\":\"https:\/\/buscoequipomedico.com\/#\/schema\/logo\/image\/\"}}]}<\/script>\n<!-- \/ Yoast SEO plugin. -->","yoast_head_json":{"title":"Cama-Vega Electrica De 4 Secciones - Tu mejor opci\u00f3n Equipo M\u00e9dico M\u00e9xico","robots":{"index":"index","follow":"follow","max-snippet":"max-snippet:-1","max-image-preview":"max-image-preview:large","max-video-preview":"max-video-preview:-1"},"canonical":"https:\/\/buscoequipomedico.com\/?product=cama-vega-electrica-de-4-secciones-2","og_locale":"es_ES","og_type":"article","og_title":"Cama-Vega Electrica De 4 Secciones - Tu mejor opci\u00f3n Equipo M\u00e9dico M\u00e9xico","og_description":"CAMA VEGA- EL\u00c9CTRICA DE 4 SECCIONES CON BARANDAS DE 4 SECCIONES CON CONTROLES INTERCONSTRUIDOS\u00a0","og_url":"https:\/\/buscoequipomedico.com\/?product=cama-vega-electrica-de-4-secciones-2","og_site_name":"Tu mejor opci\u00f3n Equipo M\u00e9dico M\u00e9xico","article_modified_time":"2020-02-18T07:34:43+00:00","og_image":[{"width":800,"height":800,"url":"https:\/\/buscoequipomedico.com\/wp-content\/uploads\/2020\/02\/cama-vega-electrica-de-4-secciones-cama-vega-electrica-de-4-secciones-con-barandas-de-4-secciones-con-controles-interconstruidos.jpg","type":"image\/jpeg"}],"twitter_card":"summary_large_image","twitter_misc":{"Tiempo de lectura":"2 minutos"},"schema":{"@context":"https:\/\/schema.org","@graph":[{"@type":"WebPage","@id":"https:\/\/buscoequipomedico.com\/?product=cama-vega-electrica-de-4-secciones-2","url":"https:\/\/buscoequipomedico.com\/?product=cama-vega-electrica-de-4-secciones-2","name":"Cama-Vega Electrica De 4 Secciones - Tu mejor opci\u00f3n Equipo M\u00e9dico M\u00e9xico","isPartOf":{"@id":"https:\/\/buscoequipomedico.com\/#website"},"primaryImageOfPage":{"@id":"https:\/\/buscoequipomedico.com\/?product=cama-vega-electrica-de-4-secciones-2#primaryimage"},"image":{"@id":"https:\/\/buscoequipomedico.com\/?product=cama-vega-electrica-de-4-secciones-2#primaryimage"},"thumbnailUrl":"https:\/\/buscoequipomedico.com\/wp-content\/uploads\/2020\/02\/cama-vega-electrica-de-4-secciones-cama-vega-electrica-de-4-secciones-con-barandas-de-4-secciones-con-controles-interconstruidos.jpg","datePublished":"2020-02-18T07:34:39+00:00","dateModified":"2020-02-18T07:34:43+00:00","breadcrumb":{"@id":"https:\/\/buscoequipomedico.com\/?product=cama-vega-electrica-de-4-secciones-2#breadcrumb"},"inLanguage":"es","potentialAction":[{"@type":"ReadAction","target":["https:\/\/buscoequipomedico.com\/?product=cama-vega-electrica-de-4-secciones-2"]}]},{"@type":"ImageObject","inLanguage":"es","@id":"https:\/\/buscoequipomedico.com\/?product=cama-vega-electrica-de-4-secciones-2#primaryimage","url":"https:\/\/buscoequipomedico.com\/wp-content\/uploads\/2020\/02\/cama-vega-electrica-de-4-secciones-cama-vega-electrica-de-4-secciones-con-barandas-de-4-secciones-con-controles-interconstruidos.jpg","contentUrl":"https:\/\/buscoequipomedico.com\/wp-content\/uploads\/2020\/02\/cama-vega-electrica-de-4-secciones-cama-vega-electrica-de-4-secciones-con-barandas-de-4-secciones-con-controles-interconstruidos.jpg","width":800,"height":800},{"@type":"BreadcrumbList","@id":"https:\/\/buscoequipomedico.com\/?product=cama-vega-electrica-de-4-secciones-2#breadcrumb","itemListElement":[{"@type":"ListItem","position":1,"name":"Productos","item":"https:\/\/buscoequipomedico.com\/shop\/"},{"@type":"ListItem","position":2,"name":"Cama-Vega Electrica De 4 Secciones"}]},{"@type":"WebSite","@id":"https:\/\/buscoequipomedico.com\/#website","url":"https:\/\/buscoequipomedico.com\/","name":"Tu mejor opci\u00f3n Equipo M\u00e9dico M\u00e9xico","description":"Tienda de equipo m\u00e9dico","publisher":{"@id":"https:\/\/buscoequipomedico.com\/#organization"},"potentialAction":[{"@type":"SearchAction","target":{"@type":"EntryPoint","urlTemplate":"https:\/\/buscoequipomedico.com\/?s={search_term_string}"},"query-input":{"@type":"PropertyValueSpecification","valueRequired":true,"valueName":"search_term_string"}}],"inLanguage":"es"},{"@type":"Organization","@id":"https:\/\/buscoequipomedico.com\/#organization","name":"Tu mejor opci\u00f3n Equipo M\u00e9dico M\u00e9xico","url":"https:\/\/buscoequipomedico.com\/","logo":{"@type":"ImageObject","inLanguage":"es","@id":"https:\/\/buscoequipomedico.com\/#\/schema\/logo\/image\/","url":"https:\/\/buscoequipomedico.com\/wp-content\/uploads\/2021\/07\/EMM-VPrincipal-scaled.jpg","contentUrl":"https:\/\/buscoequipomedico.com\/wp-content\/uploads\/2021\/07\/EMM-VPrincipal-scaled.jpg","width":2560,"height":1058,"caption":"Tu mejor opci\u00f3n Equipo M\u00e9dico M\u00e9xico"},"image":{"@id":"https:\/\/buscoequipomedico.com\/#\/schema\/logo\/image\/"}}]}},"_links":{"self":[{"href":"https:\/\/buscoequipomedico.com\/index.php?rest_route=\/wp\/v2\/product\/12150","targetHints":{"allow":["GET"]}}],"collection":[{"href":"https:\/\/buscoequipomedico.com\/index.php?rest_route=\/wp\/v2\/product"}],"about":[{"href":"https:\/\/buscoequipomedico.com\/index.php?rest_route=\/wp\/v2\/types\/product"}],"wp:featuredmedia":[{"embeddable":true,"href":"https:\/\/buscoequipomedico.com\/index.php?rest_route=\/wp\/v2\/media\/12151"}],"wp:attachment":[{"href":"https:\/\/buscoequipomedico.com\/index.php?rest_route=%2Fwp%2Fv2%2Fmedia&parent=12150"}],"wp:term":[{"taxonomy":"product_brand","embeddable":true,"href":"https:\/\/buscoequipomedico.com\/index.php?rest_route=%2Fwp%2Fv2%2Fproduct_brand&post=12150"},{"taxonomy":"product_cat","embeddable":true,"href":"https:\/\/buscoequipomedico.com\/index.php?rest_route=%2Fwp%2Fv2%2Fproduct_cat&post=12150"},{"taxonomy":"product_tag","embeddable":true,"href":"https:\/\/buscoequipomedico.com\/index.php?rest_route=%2Fwp%2Fv2%2Fproduct_tag&post=12150"}],"curies":[{"name":"wp","href":"https:\/\/api.w.org\/{rel}","templated":true}]}}