{"id":12158,"date":"2020-02-18T07:34:45","date_gmt":"2020-02-18T07:34:45","guid":{"rendered":"https:\/\/equipomedicomexico-com.preview-domain.com\/product\/carro-de-emergencia-con-5-cajones\/"},"modified":"2020-02-18T07:34:45","modified_gmt":"2020-02-18T07:34:45","slug":"carro-de-emergencia-con-5-cajones","status":"publish","type":"product","link":"https:\/\/buscoequipomedico.com\/?product=carro-de-emergencia-con-5-cajones","title":{"rendered":"CARRO DE EMERGENCIA CON 5 CAJONES"},"content":{"rendered":"<p><b>Estructura<\/b><br \/><span>La plataforma de trabajo se suministra de back- splash en tres lados y el borde de los l\u00edquidos que contengan , de push- mango y la ubicaci\u00f3n de los accesorios apoyos.<\/span><br \/><span>La parte inferior tiene una forma que las cuatro esquinas con topes para evitar el contacto accidental de ruedas y marco a las paredes. La forma inferior evita el estancamiento de l\u00edquidos y garantiza la m\u00e1xima capacidad , junto con ruedas , de 440 Kg .<\/span><br \/><span>Lados verticales se insertan en lugares hechas bajo el plano de trabajo y escopleados en elevaciones de la parte inferior , para evitar infiltraciones , l\u00edquidos estancamiento o en polvo . La fijaci\u00f3n est\u00e1 garantizado desde arbustos roscados impresos en el costado.<\/span><br \/><span>La parte posterior del carro est\u00e1 hecho de chapa de acero &#8211; acero esmaltado , fijado al bastidor mediante tornillos interiores que se pueden perforar .<\/span><\/p>\n<p><b>Cajones<\/b><br \/><span>Los cajones , realizados en una sola pieza , se ejecutan en toboganes especiales , completa de bloques de extracci\u00f3n . Caj\u00f3n puede ser roscada, empujando dos pesta\u00f1as en la parte interior .<\/span><\/p>\n<p><b>Ruedas<\/b><br \/><span>El modelo elegido se trenza por cuatro razones:<\/span><br \/><span>&#8211; Elevar la capacidad que permite con calma, para cargar tambi\u00e9n objetos pesados \u200b\u200b;<\/span><br \/><span>&#8211; La principal maniobra en cada piso ;<\/span><br \/><span>&#8211; Mayor efecto de bloqueo ;<\/span><br \/><span>&#8211; La estabilidad direccional en las largas distancias.<\/span><br \/><span>Las ruedas son lavables y tienen la posibilidad de suministrar en versi\u00f3n antiest\u00e1tica.<\/span><\/p>\n","protected":false},"excerpt":{"rendered":"<p>Carro Con 5 Cajones Grandes<\/p>\n","protected":false},"featured_media":12159,"template":"","meta":{"_joinchat":[]},"product_brand":[],"product_cat":[213],"product_tag":[],"class_list":{"0":"post-12158","1":"product","2":"type-product","3":"status-publish","4":"has-post-thumbnail","6":"product_cat-concentradores","7":"pa_marca-givas","9":"first","10":"instock","11":"purchasable","12":"product-type-simple"},"yoast_head":"<!-- This site is optimized with the Yoast SEO plugin v25.1 - https:\/\/yoast.com\/wordpress\/plugins\/seo\/ -->\n<title>CARRO DE EMERGENCIA CON 5 CAJONES - Tu mejor opci\u00f3n Equipo M\u00e9dico M\u00e9xico<\/title>\n<meta name=\"robots\" content=\"index, follow, max-snippet:-1, max-image-preview:large, max-video-preview:-1\" \/>\n<link rel=\"canonical\" href=\"https:\/\/buscoequipomedico.com\/?product=carro-de-emergencia-con-5-cajones\" \/>\n<meta property=\"og:locale\" content=\"es_ES\" \/>\n<meta property=\"og:type\" content=\"article\" \/>\n<meta property=\"og:title\" content=\"CARRO DE EMERGENCIA CON 5 CAJONES - Tu mejor opci\u00f3n Equipo M\u00e9dico M\u00e9xico\" \/>\n<meta property=\"og:description\" content=\"Carro Con 5 Cajones Grandes\" \/>\n<meta property=\"og:url\" content=\"https:\/\/buscoequipomedico.com\/?product=carro-de-emergencia-con-5-cajones\" \/>\n<meta property=\"og:site_name\" content=\"Tu mejor opci\u00f3n Equipo M\u00e9dico M\u00e9xico\" \/>\n<meta property=\"og:image\" content=\"https:\/\/buscoequipomedico.com\/wp-content\/uploads\/2020\/02\/carro-de-emergencia-con-5-cajones-carro-con-5-cajones-grandes.jpg\" \/>\n\t<meta property=\"og:image:width\" content=\"800\" \/>\n\t<meta property=\"og:image:height\" content=\"800\" \/>\n\t<meta property=\"og:image:type\" content=\"image\/jpeg\" \/>\n<meta name=\"twitter:card\" content=\"summary_large_image\" \/>\n<meta name=\"twitter:label1\" content=\"Tiempo de lectura\" \/>\n\t<meta name=\"twitter:data1\" content=\"1 minuto\" \/>\n<script type=\"application\/ld+json\" class=\"yoast-schema-graph\">{\"@context\":\"https:\/\/schema.org\",\"@graph\":[{\"@type\":\"WebPage\",\"@id\":\"https:\/\/buscoequipomedico.com\/?product=carro-de-emergencia-con-5-cajones\",\"url\":\"https:\/\/buscoequipomedico.com\/?product=carro-de-emergencia-con-5-cajones\",\"name\":\"CARRO DE EMERGENCIA CON 5 CAJONES - Tu mejor opci\u00f3n Equipo M\u00e9dico M\u00e9xico\",\"isPartOf\":{\"@id\":\"https:\/\/buscoequipomedico.com\/#website\"},\"primaryImageOfPage\":{\"@id\":\"https:\/\/buscoequipomedico.com\/?product=carro-de-emergencia-con-5-cajones#primaryimage\"},\"image\":{\"@id\":\"https:\/\/buscoequipomedico.com\/?product=carro-de-emergencia-con-5-cajones#primaryimage\"},\"thumbnailUrl\":\"https:\/\/buscoequipomedico.com\/wp-content\/uploads\/2020\/02\/carro-de-emergencia-con-5-cajones-carro-con-5-cajones-grandes.jpg\",\"datePublished\":\"2020-02-18T07:34:45+00:00\",\"breadcrumb\":{\"@id\":\"https:\/\/buscoequipomedico.com\/?product=carro-de-emergencia-con-5-cajones#breadcrumb\"},\"inLanguage\":\"es\",\"potentialAction\":[{\"@type\":\"ReadAction\",\"target\":[\"https:\/\/buscoequipomedico.com\/?product=carro-de-emergencia-con-5-cajones\"]}]},{\"@type\":\"ImageObject\",\"inLanguage\":\"es\",\"@id\":\"https:\/\/buscoequipomedico.com\/?product=carro-de-emergencia-con-5-cajones#primaryimage\",\"url\":\"https:\/\/buscoequipomedico.com\/wp-content\/uploads\/2020\/02\/carro-de-emergencia-con-5-cajones-carro-con-5-cajones-grandes.jpg\",\"contentUrl\":\"https:\/\/buscoequipomedico.com\/wp-content\/uploads\/2020\/02\/carro-de-emergencia-con-5-cajones-carro-con-5-cajones-grandes.jpg\",\"width\":800,\"height\":800},{\"@type\":\"BreadcrumbList\",\"@id\":\"https:\/\/buscoequipomedico.com\/?product=carro-de-emergencia-con-5-cajones#breadcrumb\",\"itemListElement\":[{\"@type\":\"ListItem\",\"position\":1,\"name\":\"Productos\",\"item\":\"https:\/\/buscoequipomedico.com\/shop\/\"},{\"@type\":\"ListItem\",\"position\":2,\"name\":\"CARRO DE EMERGENCIA CON 5 CAJONES\"}]},{\"@type\":\"WebSite\",\"@id\":\"https:\/\/buscoequipomedico.com\/#website\",\"url\":\"https:\/\/buscoequipomedico.com\/\",\"name\":\"Tu mejor opci\u00f3n Equipo M\u00e9dico M\u00e9xico\",\"description\":\"Tienda de equipo m\u00e9dico\",\"publisher\":{\"@id\":\"https:\/\/buscoequipomedico.com\/#organization\"},\"potentialAction\":[{\"@type\":\"SearchAction\",\"target\":{\"@type\":\"EntryPoint\",\"urlTemplate\":\"https:\/\/buscoequipomedico.com\/?s={search_term_string}\"},\"query-input\":{\"@type\":\"PropertyValueSpecification\",\"valueRequired\":true,\"valueName\":\"search_term_string\"}}],\"inLanguage\":\"es\"},{\"@type\":\"Organization\",\"@id\":\"https:\/\/buscoequipomedico.com\/#organization\",\"name\":\"Tu mejor opci\u00f3n Equipo M\u00e9dico M\u00e9xico\",\"url\":\"https:\/\/buscoequipomedico.com\/\",\"logo\":{\"@type\":\"ImageObject\",\"inLanguage\":\"es\",\"@id\":\"https:\/\/buscoequipomedico.com\/#\/schema\/logo\/image\/\",\"url\":\"https:\/\/buscoequipomedico.com\/wp-content\/uploads\/2021\/07\/EMM-VPrincipal-scaled.jpg\",\"contentUrl\":\"https:\/\/buscoequipomedico.com\/wp-content\/uploads\/2021\/07\/EMM-VPrincipal-scaled.jpg\",\"width\":2560,\"height\":1058,\"caption\":\"Tu mejor opci\u00f3n Equipo M\u00e9dico M\u00e9xico\"},\"image\":{\"@id\":\"https:\/\/buscoequipomedico.com\/#\/schema\/logo\/image\/\"}}]}<\/script>\n<!-- \/ Yoast SEO plugin. -->","yoast_head_json":{"title":"CARRO DE EMERGENCIA CON 5 CAJONES - Tu mejor opci\u00f3n Equipo M\u00e9dico M\u00e9xico","robots":{"index":"index","follow":"follow","max-snippet":"max-snippet:-1","max-image-preview":"max-image-preview:large","max-video-preview":"max-video-preview:-1"},"canonical":"https:\/\/buscoequipomedico.com\/?product=carro-de-emergencia-con-5-cajones","og_locale":"es_ES","og_type":"article","og_title":"CARRO DE EMERGENCIA CON 5 CAJONES - Tu mejor opci\u00f3n Equipo M\u00e9dico M\u00e9xico","og_description":"Carro Con 5 Cajones Grandes","og_url":"https:\/\/buscoequipomedico.com\/?product=carro-de-emergencia-con-5-cajones","og_site_name":"Tu mejor opci\u00f3n Equipo M\u00e9dico M\u00e9xico","og_image":[{"width":800,"height":800,"url":"https:\/\/buscoequipomedico.com\/wp-content\/uploads\/2020\/02\/carro-de-emergencia-con-5-cajones-carro-con-5-cajones-grandes.jpg","type":"image\/jpeg"}],"twitter_card":"summary_large_image","twitter_misc":{"Tiempo de lectura":"1 minuto"},"schema":{"@context":"https:\/\/schema.org","@graph":[{"@type":"WebPage","@id":"https:\/\/buscoequipomedico.com\/?product=carro-de-emergencia-con-5-cajones","url":"https:\/\/buscoequipomedico.com\/?product=carro-de-emergencia-con-5-cajones","name":"CARRO DE EMERGENCIA CON 5 CAJONES - Tu mejor opci\u00f3n Equipo M\u00e9dico M\u00e9xico","isPartOf":{"@id":"https:\/\/buscoequipomedico.com\/#website"},"primaryImageOfPage":{"@id":"https:\/\/buscoequipomedico.com\/?product=carro-de-emergencia-con-5-cajones#primaryimage"},"image":{"@id":"https:\/\/buscoequipomedico.com\/?product=carro-de-emergencia-con-5-cajones#primaryimage"},"thumbnailUrl":"https:\/\/buscoequipomedico.com\/wp-content\/uploads\/2020\/02\/carro-de-emergencia-con-5-cajones-carro-con-5-cajones-grandes.jpg","datePublished":"2020-02-18T07:34:45+00:00","breadcrumb":{"@id":"https:\/\/buscoequipomedico.com\/?product=carro-de-emergencia-con-5-cajones#breadcrumb"},"inLanguage":"es","potentialAction":[{"@type":"ReadAction","target":["https:\/\/buscoequipomedico.com\/?product=carro-de-emergencia-con-5-cajones"]}]},{"@type":"ImageObject","inLanguage":"es","@id":"https:\/\/buscoequipomedico.com\/?product=carro-de-emergencia-con-5-cajones#primaryimage","url":"https:\/\/buscoequipomedico.com\/wp-content\/uploads\/2020\/02\/carro-de-emergencia-con-5-cajones-carro-con-5-cajones-grandes.jpg","contentUrl":"https:\/\/buscoequipomedico.com\/wp-content\/uploads\/2020\/02\/carro-de-emergencia-con-5-cajones-carro-con-5-cajones-grandes.jpg","width":800,"height":800},{"@type":"BreadcrumbList","@id":"https:\/\/buscoequipomedico.com\/?product=carro-de-emergencia-con-5-cajones#breadcrumb","itemListElement":[{"@type":"ListItem","position":1,"name":"Productos","item":"https:\/\/buscoequipomedico.com\/shop\/"},{"@type":"ListItem","position":2,"name":"CARRO DE EMERGENCIA CON 5 CAJONES"}]},{"@type":"WebSite","@id":"https:\/\/buscoequipomedico.com\/#website","url":"https:\/\/buscoequipomedico.com\/","name":"Tu mejor opci\u00f3n Equipo M\u00e9dico M\u00e9xico","description":"Tienda de equipo m\u00e9dico","publisher":{"@id":"https:\/\/buscoequipomedico.com\/#organization"},"potentialAction":[{"@type":"SearchAction","target":{"@type":"EntryPoint","urlTemplate":"https:\/\/buscoequipomedico.com\/?s={search_term_string}"},"query-input":{"@type":"PropertyValueSpecification","valueRequired":true,"valueName":"search_term_string"}}],"inLanguage":"es"},{"@type":"Organization","@id":"https:\/\/buscoequipomedico.com\/#organization","name":"Tu mejor opci\u00f3n Equipo M\u00e9dico M\u00e9xico","url":"https:\/\/buscoequipomedico.com\/","logo":{"@type":"ImageObject","inLanguage":"es","@id":"https:\/\/buscoequipomedico.com\/#\/schema\/logo\/image\/","url":"https:\/\/buscoequipomedico.com\/wp-content\/uploads\/2021\/07\/EMM-VPrincipal-scaled.jpg","contentUrl":"https:\/\/buscoequipomedico.com\/wp-content\/uploads\/2021\/07\/EMM-VPrincipal-scaled.jpg","width":2560,"height":1058,"caption":"Tu mejor opci\u00f3n Equipo M\u00e9dico M\u00e9xico"},"image":{"@id":"https:\/\/buscoequipomedico.com\/#\/schema\/logo\/image\/"}}]}},"_links":{"self":[{"href":"https:\/\/buscoequipomedico.com\/index.php?rest_route=\/wp\/v2\/product\/12158","targetHints":{"allow":["GET"]}}],"collection":[{"href":"https:\/\/buscoequipomedico.com\/index.php?rest_route=\/wp\/v2\/product"}],"about":[{"href":"https:\/\/buscoequipomedico.com\/index.php?rest_route=\/wp\/v2\/types\/product"}],"wp:featuredmedia":[{"embeddable":true,"href":"https:\/\/buscoequipomedico.com\/index.php?rest_route=\/wp\/v2\/media\/12159"}],"wp:attachment":[{"href":"https:\/\/buscoequipomedico.com\/index.php?rest_route=%2Fwp%2Fv2%2Fmedia&parent=12158"}],"wp:term":[{"taxonomy":"product_brand","embeddable":true,"href":"https:\/\/buscoequipomedico.com\/index.php?rest_route=%2Fwp%2Fv2%2Fproduct_brand&post=12158"},{"taxonomy":"product_cat","embeddable":true,"href":"https:\/\/buscoequipomedico.com\/index.php?rest_route=%2Fwp%2Fv2%2Fproduct_cat&post=12158"},{"taxonomy":"product_tag","embeddable":true,"href":"https:\/\/buscoequipomedico.com\/index.php?rest_route=%2Fwp%2Fv2%2Fproduct_tag&post=12158"}],"curies":[{"name":"wp","href":"https:\/\/api.w.org\/{rel}","templated":true}]}}