{"id":12160,"date":"2020-02-18T07:34:45","date_gmt":"2020-02-18T07:34:45","guid":{"rendered":"https:\/\/equipomedicomexico-com.preview-domain.com\/product\/silla-de-visita-con-altura-fija-y-movimientos-sincronizados\/"},"modified":"2020-02-18T07:34:45","modified_gmt":"2020-02-18T07:34:45","slug":"silla-de-visita-con-altura-fija-y-movimientos-sincronizados","status":"publish","type":"product","link":"https:\/\/buscoequipomedico.com\/?product=silla-de-visita-con-altura-fija-y-movimientos-sincronizados","title":{"rendered":"SILLA DE VISITA CON ALTURA FIJA Y MOVIMIENTOS SINCRONIZADOS."},"content":{"rendered":"<p><span>El nuevo \u00abSincro\u00bb est\u00e1 especialmente indicado para los pacientes con buena movilidad o con la capacidad de moverse de forma aut\u00f3noma. El asiento, el respaldo y el apoyo para las piernas se imprimen en espuma de poliuretano y cubiertos de cuero sint\u00e9tico ign\u00edfugo clase 1 \/ IM lavable y desinfectable, el respaldo se completa con mango de empuje y soporte lumbar en el interior. Los reposabrazos de recubrimiento de poliuretano integral suave son plegables y regulables en altura en 6 posiciones. Ambas sillas se construyen con estructuras en tubo de acero con recubrimiento en polvo. En el modelo MR1066 la plataforma se puede rotar para un f\u00e1cil manejo y confort al manejar el anfitri\u00f3n; en la base hay 4 ruedas giratorias de di\u00e1metro 125 mm de los cuales 2 delanteras y 2 direccional trasera con freno que maniobrabilidad excelente.<\/span><\/p>\n<p><span><b>DATOS T\u00c9CNICOS<\/b><\/span><br \/><span>Las dimensiones de la posici\u00f3n del asiento: cm 74x90x142 h<\/span><br \/><span>Dimensiones de la posici\u00f3n de mentira: cm 74x192x73 h<\/span><br \/><span>Anchura del asiento: 54 cm<\/span><br \/><span>Profundidad del asiento: 45 cm<\/span><br \/><span>Altura del asiento (desde el suelo): 52 cm<\/span><br \/><span>Altura Apoyabrazos (desde el suelo): cm min 48 &#8211; max 71<\/span><br \/><span>Respaldo de inclinaci\u00f3n: 95 \u00b0 \/ 162 \u00b0<\/span><br \/><span>Reposapiernas inclinaci\u00f3n: -90 \u00b0 \/ 10 \u00b0<\/span><br \/><span>Ruedas di\u00e1metro: 125 mm<\/span><br \/><span>Carga m\u00e1xima: 150 kg<\/span><br \/><span>Peso: 40 Kg<\/span><\/p>\n","protected":false},"excerpt":{"rendered":"<p><span>Sill\u00f3n \u00abSincro\u00bb &#8211; altura fija &#8211; Secciones ajustes independientes a gas &#8211; reposapi\u00e9s extra\u00edble<\/span><\/p>\n","protected":false},"featured_media":0,"template":"","meta":{"_joinchat":[]},"product_brand":[],"product_cat":[213],"product_tag":[],"class_list":{"0":"post-12160","1":"product","2":"type-product","3":"status-publish","5":"product_cat-concentradores","6":"pa_marca-givas","8":"first","9":"instock","10":"purchasable","11":"product-type-simple"},"yoast_head":"<!-- This site is optimized with the Yoast SEO plugin v25.1 - https:\/\/yoast.com\/wordpress\/plugins\/seo\/ -->\n<title>SILLA DE VISITA CON ALTURA FIJA Y MOVIMIENTOS SINCRONIZADOS. - Tu mejor opci\u00f3n Equipo M\u00e9dico M\u00e9xico<\/title>\n<meta name=\"robots\" content=\"index, follow, max-snippet:-1, max-image-preview:large, max-video-preview:-1\" \/>\n<link rel=\"canonical\" href=\"https:\/\/buscoequipomedico.com\/?product=silla-de-visita-con-altura-fija-y-movimientos-sincronizados\" \/>\n<meta property=\"og:locale\" content=\"es_ES\" \/>\n<meta property=\"og:type\" content=\"article\" \/>\n<meta property=\"og:title\" content=\"SILLA DE VISITA CON ALTURA FIJA Y MOVIMIENTOS SINCRONIZADOS. - Tu mejor opci\u00f3n Equipo M\u00e9dico M\u00e9xico\" \/>\n<meta property=\"og:description\" content=\"Sill\u00f3n &quot;Sincro&quot; - altura fija - Secciones ajustes independientes a gas - reposapi\u00e9s extra\u00edble\" \/>\n<meta property=\"og:url\" content=\"https:\/\/buscoequipomedico.com\/?product=silla-de-visita-con-altura-fija-y-movimientos-sincronizados\" \/>\n<meta property=\"og:site_name\" content=\"Tu mejor opci\u00f3n Equipo M\u00e9dico M\u00e9xico\" \/>\n<meta name=\"twitter:card\" content=\"summary_large_image\" \/>\n<meta name=\"twitter:label1\" content=\"Tiempo de lectura\" \/>\n\t<meta name=\"twitter:data1\" content=\"1 minuto\" \/>\n<script type=\"application\/ld+json\" class=\"yoast-schema-graph\">{\"@context\":\"https:\/\/schema.org\",\"@graph\":[{\"@type\":\"WebPage\",\"@id\":\"https:\/\/buscoequipomedico.com\/?product=silla-de-visita-con-altura-fija-y-movimientos-sincronizados\",\"url\":\"https:\/\/buscoequipomedico.com\/?product=silla-de-visita-con-altura-fija-y-movimientos-sincronizados\",\"name\":\"SILLA DE VISITA CON ALTURA FIJA Y MOVIMIENTOS SINCRONIZADOS. - Tu mejor opci\u00f3n Equipo M\u00e9dico M\u00e9xico\",\"isPartOf\":{\"@id\":\"https:\/\/buscoequipomedico.com\/#website\"},\"datePublished\":\"2020-02-18T07:34:45+00:00\",\"breadcrumb\":{\"@id\":\"https:\/\/buscoequipomedico.com\/?product=silla-de-visita-con-altura-fija-y-movimientos-sincronizados#breadcrumb\"},\"inLanguage\":\"es\",\"potentialAction\":[{\"@type\":\"ReadAction\",\"target\":[\"https:\/\/buscoequipomedico.com\/?product=silla-de-visita-con-altura-fija-y-movimientos-sincronizados\"]}]},{\"@type\":\"BreadcrumbList\",\"@id\":\"https:\/\/buscoequipomedico.com\/?product=silla-de-visita-con-altura-fija-y-movimientos-sincronizados#breadcrumb\",\"itemListElement\":[{\"@type\":\"ListItem\",\"position\":1,\"name\":\"Productos\",\"item\":\"https:\/\/buscoequipomedico.com\/shop\/\"},{\"@type\":\"ListItem\",\"position\":2,\"name\":\"SILLA DE VISITA CON ALTURA FIJA Y MOVIMIENTOS SINCRONIZADOS.\"}]},{\"@type\":\"WebSite\",\"@id\":\"https:\/\/buscoequipomedico.com\/#website\",\"url\":\"https:\/\/buscoequipomedico.com\/\",\"name\":\"Tu mejor opci\u00f3n Equipo M\u00e9dico M\u00e9xico\",\"description\":\"Tienda de equipo m\u00e9dico\",\"publisher\":{\"@id\":\"https:\/\/buscoequipomedico.com\/#organization\"},\"potentialAction\":[{\"@type\":\"SearchAction\",\"target\":{\"@type\":\"EntryPoint\",\"urlTemplate\":\"https:\/\/buscoequipomedico.com\/?s={search_term_string}\"},\"query-input\":{\"@type\":\"PropertyValueSpecification\",\"valueRequired\":true,\"valueName\":\"search_term_string\"}}],\"inLanguage\":\"es\"},{\"@type\":\"Organization\",\"@id\":\"https:\/\/buscoequipomedico.com\/#organization\",\"name\":\"Tu mejor opci\u00f3n Equipo M\u00e9dico M\u00e9xico\",\"url\":\"https:\/\/buscoequipomedico.com\/\",\"logo\":{\"@type\":\"ImageObject\",\"inLanguage\":\"es\",\"@id\":\"https:\/\/buscoequipomedico.com\/#\/schema\/logo\/image\/\",\"url\":\"https:\/\/buscoequipomedico.com\/wp-content\/uploads\/2021\/07\/EMM-VPrincipal-scaled.jpg\",\"contentUrl\":\"https:\/\/buscoequipomedico.com\/wp-content\/uploads\/2021\/07\/EMM-VPrincipal-scaled.jpg\",\"width\":2560,\"height\":1058,\"caption\":\"Tu mejor opci\u00f3n Equipo M\u00e9dico M\u00e9xico\"},\"image\":{\"@id\":\"https:\/\/buscoequipomedico.com\/#\/schema\/logo\/image\/\"}}]}<\/script>\n<!-- \/ Yoast SEO plugin. -->","yoast_head_json":{"title":"SILLA DE VISITA CON ALTURA FIJA Y MOVIMIENTOS SINCRONIZADOS. - Tu mejor opci\u00f3n Equipo M\u00e9dico M\u00e9xico","robots":{"index":"index","follow":"follow","max-snippet":"max-snippet:-1","max-image-preview":"max-image-preview:large","max-video-preview":"max-video-preview:-1"},"canonical":"https:\/\/buscoequipomedico.com\/?product=silla-de-visita-con-altura-fija-y-movimientos-sincronizados","og_locale":"es_ES","og_type":"article","og_title":"SILLA DE VISITA CON ALTURA FIJA Y MOVIMIENTOS SINCRONIZADOS. - Tu mejor opci\u00f3n Equipo M\u00e9dico M\u00e9xico","og_description":"Sill\u00f3n \"Sincro\" - altura fija - Secciones ajustes independientes a gas - reposapi\u00e9s extra\u00edble","og_url":"https:\/\/buscoequipomedico.com\/?product=silla-de-visita-con-altura-fija-y-movimientos-sincronizados","og_site_name":"Tu mejor opci\u00f3n Equipo M\u00e9dico M\u00e9xico","twitter_card":"summary_large_image","twitter_misc":{"Tiempo de lectura":"1 minuto"},"schema":{"@context":"https:\/\/schema.org","@graph":[{"@type":"WebPage","@id":"https:\/\/buscoequipomedico.com\/?product=silla-de-visita-con-altura-fija-y-movimientos-sincronizados","url":"https:\/\/buscoequipomedico.com\/?product=silla-de-visita-con-altura-fija-y-movimientos-sincronizados","name":"SILLA DE VISITA CON ALTURA FIJA Y MOVIMIENTOS SINCRONIZADOS. - Tu mejor opci\u00f3n Equipo M\u00e9dico M\u00e9xico","isPartOf":{"@id":"https:\/\/buscoequipomedico.com\/#website"},"datePublished":"2020-02-18T07:34:45+00:00","breadcrumb":{"@id":"https:\/\/buscoequipomedico.com\/?product=silla-de-visita-con-altura-fija-y-movimientos-sincronizados#breadcrumb"},"inLanguage":"es","potentialAction":[{"@type":"ReadAction","target":["https:\/\/buscoequipomedico.com\/?product=silla-de-visita-con-altura-fija-y-movimientos-sincronizados"]}]},{"@type":"BreadcrumbList","@id":"https:\/\/buscoequipomedico.com\/?product=silla-de-visita-con-altura-fija-y-movimientos-sincronizados#breadcrumb","itemListElement":[{"@type":"ListItem","position":1,"name":"Productos","item":"https:\/\/buscoequipomedico.com\/shop\/"},{"@type":"ListItem","position":2,"name":"SILLA DE VISITA CON ALTURA FIJA Y MOVIMIENTOS SINCRONIZADOS."}]},{"@type":"WebSite","@id":"https:\/\/buscoequipomedico.com\/#website","url":"https:\/\/buscoequipomedico.com\/","name":"Tu mejor opci\u00f3n Equipo M\u00e9dico M\u00e9xico","description":"Tienda de equipo m\u00e9dico","publisher":{"@id":"https:\/\/buscoequipomedico.com\/#organization"},"potentialAction":[{"@type":"SearchAction","target":{"@type":"EntryPoint","urlTemplate":"https:\/\/buscoequipomedico.com\/?s={search_term_string}"},"query-input":{"@type":"PropertyValueSpecification","valueRequired":true,"valueName":"search_term_string"}}],"inLanguage":"es"},{"@type":"Organization","@id":"https:\/\/buscoequipomedico.com\/#organization","name":"Tu mejor opci\u00f3n Equipo M\u00e9dico M\u00e9xico","url":"https:\/\/buscoequipomedico.com\/","logo":{"@type":"ImageObject","inLanguage":"es","@id":"https:\/\/buscoequipomedico.com\/#\/schema\/logo\/image\/","url":"https:\/\/buscoequipomedico.com\/wp-content\/uploads\/2021\/07\/EMM-VPrincipal-scaled.jpg","contentUrl":"https:\/\/buscoequipomedico.com\/wp-content\/uploads\/2021\/07\/EMM-VPrincipal-scaled.jpg","width":2560,"height":1058,"caption":"Tu mejor opci\u00f3n Equipo M\u00e9dico M\u00e9xico"},"image":{"@id":"https:\/\/buscoequipomedico.com\/#\/schema\/logo\/image\/"}}]}},"_links":{"self":[{"href":"https:\/\/buscoequipomedico.com\/index.php?rest_route=\/wp\/v2\/product\/12160","targetHints":{"allow":["GET"]}}],"collection":[{"href":"https:\/\/buscoequipomedico.com\/index.php?rest_route=\/wp\/v2\/product"}],"about":[{"href":"https:\/\/buscoequipomedico.com\/index.php?rest_route=\/wp\/v2\/types\/product"}],"wp:attachment":[{"href":"https:\/\/buscoequipomedico.com\/index.php?rest_route=%2Fwp%2Fv2%2Fmedia&parent=12160"}],"wp:term":[{"taxonomy":"product_brand","embeddable":true,"href":"https:\/\/buscoequipomedico.com\/index.php?rest_route=%2Fwp%2Fv2%2Fproduct_brand&post=12160"},{"taxonomy":"product_cat","embeddable":true,"href":"https:\/\/buscoequipomedico.com\/index.php?rest_route=%2Fwp%2Fv2%2Fproduct_cat&post=12160"},{"taxonomy":"product_tag","embeddable":true,"href":"https:\/\/buscoequipomedico.com\/index.php?rest_route=%2Fwp%2Fv2%2Fproduct_tag&post=12160"}],"curies":[{"name":"wp","href":"https:\/\/api.w.org\/{rel}","templated":true}]}}