{"id":12161,"date":"2020-02-18T07:34:45","date_gmt":"2020-02-18T07:34:45","guid":{"rendered":"https:\/\/equipomedicomexico-com.preview-domain.com\/product\/camilla-de-transporte-con-sistema-de-frenos-independientes\/"},"modified":"2020-02-18T07:34:45","modified_gmt":"2020-02-18T07:34:45","slug":"camilla-de-transporte-con-sistema-de-frenos-independientes","status":"publish","type":"product","link":"https:\/\/buscoequipomedico.com\/?product=camilla-de-transporte-con-sistema-de-frenos-independientes","title":{"rendered":"CAMILLA DE TRANSPORTE CON SISTEMA DE FRENOS INDEPENDIENTES"},"content":{"rendered":"<p><span>Camilla de transporte con sistema de frenos independientes Mod. BS1600<\/span><\/p>\n<p><span>Caracter\u00edsticas:<\/span><\/p>\n<ul>\n<li>La base est\u00e1 compuesta por dos secciones desmontables de acero galvanizado conectado a los soportes de pl\u00e1stico.<\/li>\n<li>Los cuatro agujeros est\u00e1n equipadas con agujeros como manija de empuje y para la colocaci\u00f3n de accesorios , y con prueba de golpes sin paragolpes traza.<\/li>\n<li>El lado de la cabeza est\u00e1 equipada con soportes para bolsas de drenaje y soporte para botellas .<\/li>\n<li>El respaldo es movido por una palanca bilateral y asistido por un resorte neum\u00e1tico .<\/li>\n<li>Estructura ligera realizada con perfiles de acero de alto espesor y barnizado con polvos epoxi.<\/li>\n<li>Cuatro ruedas de \u00d8 200 mm, dos de ellos son giratorias y dos con el pedal de freno independiente.<\/li>\n<li>Las ruedas , girando sobre rodamientos de bolas , est\u00e1n hechos de material pl\u00e1stico sin dejar rastro con soportes de acero cromado .<\/li>\n<li>Cinturones de bloqueo para el paciente son el modelo est\u00e1ndar.<\/li>\n<\/ul>\n<p><span>Incluye:<\/span><\/p>\n<ul>\n<li>Colch\u00f3n antiest\u00e1tico para camilla BS con barandales.<\/li>\n<li>Barandales plegables de hoja.<\/li>\n<li>Poste porta I.V. de altura ajustable de 2 ganchos.<\/li>\n<li> <\/ul>\n","protected":false},"excerpt":{"rendered":"<p><span>Camilla de transporte con sistema de frenos independientes Mod. BS1600<\/span><\/p>\n","protected":false},"featured_media":12162,"template":"","meta":{"_joinchat":[]},"product_brand":[],"product_cat":[213],"product_tag":[],"class_list":{"0":"post-12161","1":"product","2":"type-product","3":"status-publish","4":"has-post-thumbnail","6":"product_cat-concentradores","7":"pa_marca-givas","9":"first","10":"instock","11":"purchasable","12":"product-type-simple"},"yoast_head":"<!-- This site is optimized with the Yoast SEO plugin v25.1 - https:\/\/yoast.com\/wordpress\/plugins\/seo\/ -->\n<title>CAMILLA DE TRANSPORTE CON SISTEMA DE FRENOS INDEPENDIENTES - Tu mejor opci\u00f3n Equipo M\u00e9dico M\u00e9xico<\/title>\n<meta name=\"robots\" content=\"index, follow, max-snippet:-1, max-image-preview:large, max-video-preview:-1\" \/>\n<link rel=\"canonical\" href=\"https:\/\/buscoequipomedico.com\/?product=camilla-de-transporte-con-sistema-de-frenos-independientes\" \/>\n<meta property=\"og:locale\" content=\"es_ES\" \/>\n<meta property=\"og:type\" content=\"article\" \/>\n<meta property=\"og:title\" content=\"CAMILLA DE TRANSPORTE CON SISTEMA DE FRENOS INDEPENDIENTES - Tu mejor opci\u00f3n Equipo M\u00e9dico M\u00e9xico\" \/>\n<meta property=\"og:description\" content=\"Camilla de transporte con sistema de frenos independientes Mod. BS1600\" \/>\n<meta property=\"og:url\" content=\"https:\/\/buscoequipomedico.com\/?product=camilla-de-transporte-con-sistema-de-frenos-independientes\" \/>\n<meta property=\"og:site_name\" content=\"Tu mejor opci\u00f3n Equipo M\u00e9dico M\u00e9xico\" \/>\n<meta property=\"og:image\" content=\"https:\/\/buscoequipomedico.com\/wp-content\/uploads\/2020\/02\/camilla-de-transporte-con-sistema-de-frenos-independientes-camilla-de-transporte-con-sistema-de-frenos-independientes-mod-bs1600.jpg\" \/>\n\t<meta property=\"og:image:width\" content=\"800\" \/>\n\t<meta property=\"og:image:height\" content=\"800\" \/>\n\t<meta property=\"og:image:type\" content=\"image\/jpeg\" \/>\n<meta name=\"twitter:card\" content=\"summary_large_image\" \/>\n<meta name=\"twitter:label1\" content=\"Tiempo de lectura\" \/>\n\t<meta name=\"twitter:data1\" content=\"1 minuto\" \/>\n<script type=\"application\/ld+json\" class=\"yoast-schema-graph\">{\"@context\":\"https:\/\/schema.org\",\"@graph\":[{\"@type\":\"WebPage\",\"@id\":\"https:\/\/buscoequipomedico.com\/?product=camilla-de-transporte-con-sistema-de-frenos-independientes\",\"url\":\"https:\/\/buscoequipomedico.com\/?product=camilla-de-transporte-con-sistema-de-frenos-independientes\",\"name\":\"CAMILLA DE TRANSPORTE CON SISTEMA DE FRENOS INDEPENDIENTES - Tu mejor opci\u00f3n Equipo M\u00e9dico M\u00e9xico\",\"isPartOf\":{\"@id\":\"https:\/\/buscoequipomedico.com\/#website\"},\"primaryImageOfPage\":{\"@id\":\"https:\/\/buscoequipomedico.com\/?product=camilla-de-transporte-con-sistema-de-frenos-independientes#primaryimage\"},\"image\":{\"@id\":\"https:\/\/buscoequipomedico.com\/?product=camilla-de-transporte-con-sistema-de-frenos-independientes#primaryimage\"},\"thumbnailUrl\":\"https:\/\/buscoequipomedico.com\/wp-content\/uploads\/2020\/02\/camilla-de-transporte-con-sistema-de-frenos-independientes-camilla-de-transporte-con-sistema-de-frenos-independientes-mod-bs1600.jpg\",\"datePublished\":\"2020-02-18T07:34:45+00:00\",\"breadcrumb\":{\"@id\":\"https:\/\/buscoequipomedico.com\/?product=camilla-de-transporte-con-sistema-de-frenos-independientes#breadcrumb\"},\"inLanguage\":\"es\",\"potentialAction\":[{\"@type\":\"ReadAction\",\"target\":[\"https:\/\/buscoequipomedico.com\/?product=camilla-de-transporte-con-sistema-de-frenos-independientes\"]}]},{\"@type\":\"ImageObject\",\"inLanguage\":\"es\",\"@id\":\"https:\/\/buscoequipomedico.com\/?product=camilla-de-transporte-con-sistema-de-frenos-independientes#primaryimage\",\"url\":\"https:\/\/buscoequipomedico.com\/wp-content\/uploads\/2020\/02\/camilla-de-transporte-con-sistema-de-frenos-independientes-camilla-de-transporte-con-sistema-de-frenos-independientes-mod-bs1600.jpg\",\"contentUrl\":\"https:\/\/buscoequipomedico.com\/wp-content\/uploads\/2020\/02\/camilla-de-transporte-con-sistema-de-frenos-independientes-camilla-de-transporte-con-sistema-de-frenos-independientes-mod-bs1600.jpg\",\"width\":800,\"height\":800},{\"@type\":\"BreadcrumbList\",\"@id\":\"https:\/\/buscoequipomedico.com\/?product=camilla-de-transporte-con-sistema-de-frenos-independientes#breadcrumb\",\"itemListElement\":[{\"@type\":\"ListItem\",\"position\":1,\"name\":\"Productos\",\"item\":\"https:\/\/buscoequipomedico.com\/shop\/\"},{\"@type\":\"ListItem\",\"position\":2,\"name\":\"CAMILLA DE TRANSPORTE CON SISTEMA DE FRENOS INDEPENDIENTES\"}]},{\"@type\":\"WebSite\",\"@id\":\"https:\/\/buscoequipomedico.com\/#website\",\"url\":\"https:\/\/buscoequipomedico.com\/\",\"name\":\"Tu mejor opci\u00f3n Equipo M\u00e9dico M\u00e9xico\",\"description\":\"Tienda de equipo m\u00e9dico\",\"publisher\":{\"@id\":\"https:\/\/buscoequipomedico.com\/#organization\"},\"potentialAction\":[{\"@type\":\"SearchAction\",\"target\":{\"@type\":\"EntryPoint\",\"urlTemplate\":\"https:\/\/buscoequipomedico.com\/?s={search_term_string}\"},\"query-input\":{\"@type\":\"PropertyValueSpecification\",\"valueRequired\":true,\"valueName\":\"search_term_string\"}}],\"inLanguage\":\"es\"},{\"@type\":\"Organization\",\"@id\":\"https:\/\/buscoequipomedico.com\/#organization\",\"name\":\"Tu mejor opci\u00f3n Equipo M\u00e9dico M\u00e9xico\",\"url\":\"https:\/\/buscoequipomedico.com\/\",\"logo\":{\"@type\":\"ImageObject\",\"inLanguage\":\"es\",\"@id\":\"https:\/\/buscoequipomedico.com\/#\/schema\/logo\/image\/\",\"url\":\"https:\/\/buscoequipomedico.com\/wp-content\/uploads\/2021\/07\/EMM-VPrincipal-scaled.jpg\",\"contentUrl\":\"https:\/\/buscoequipomedico.com\/wp-content\/uploads\/2021\/07\/EMM-VPrincipal-scaled.jpg\",\"width\":2560,\"height\":1058,\"caption\":\"Tu mejor opci\u00f3n Equipo M\u00e9dico M\u00e9xico\"},\"image\":{\"@id\":\"https:\/\/buscoequipomedico.com\/#\/schema\/logo\/image\/\"}}]}<\/script>\n<!-- \/ Yoast SEO plugin. -->","yoast_head_json":{"title":"CAMILLA DE TRANSPORTE CON SISTEMA DE FRENOS INDEPENDIENTES - Tu mejor opci\u00f3n Equipo M\u00e9dico M\u00e9xico","robots":{"index":"index","follow":"follow","max-snippet":"max-snippet:-1","max-image-preview":"max-image-preview:large","max-video-preview":"max-video-preview:-1"},"canonical":"https:\/\/buscoequipomedico.com\/?product=camilla-de-transporte-con-sistema-de-frenos-independientes","og_locale":"es_ES","og_type":"article","og_title":"CAMILLA DE TRANSPORTE CON SISTEMA DE FRENOS INDEPENDIENTES - Tu mejor opci\u00f3n Equipo M\u00e9dico M\u00e9xico","og_description":"Camilla de transporte con sistema de frenos independientes Mod. BS1600","og_url":"https:\/\/buscoequipomedico.com\/?product=camilla-de-transporte-con-sistema-de-frenos-independientes","og_site_name":"Tu mejor opci\u00f3n Equipo M\u00e9dico M\u00e9xico","og_image":[{"width":800,"height":800,"url":"https:\/\/buscoequipomedico.com\/wp-content\/uploads\/2020\/02\/camilla-de-transporte-con-sistema-de-frenos-independientes-camilla-de-transporte-con-sistema-de-frenos-independientes-mod-bs1600.jpg","type":"image\/jpeg"}],"twitter_card":"summary_large_image","twitter_misc":{"Tiempo de lectura":"1 minuto"},"schema":{"@context":"https:\/\/schema.org","@graph":[{"@type":"WebPage","@id":"https:\/\/buscoequipomedico.com\/?product=camilla-de-transporte-con-sistema-de-frenos-independientes","url":"https:\/\/buscoequipomedico.com\/?product=camilla-de-transporte-con-sistema-de-frenos-independientes","name":"CAMILLA DE TRANSPORTE CON SISTEMA DE FRENOS INDEPENDIENTES - Tu mejor opci\u00f3n Equipo M\u00e9dico M\u00e9xico","isPartOf":{"@id":"https:\/\/buscoequipomedico.com\/#website"},"primaryImageOfPage":{"@id":"https:\/\/buscoequipomedico.com\/?product=camilla-de-transporte-con-sistema-de-frenos-independientes#primaryimage"},"image":{"@id":"https:\/\/buscoequipomedico.com\/?product=camilla-de-transporte-con-sistema-de-frenos-independientes#primaryimage"},"thumbnailUrl":"https:\/\/buscoequipomedico.com\/wp-content\/uploads\/2020\/02\/camilla-de-transporte-con-sistema-de-frenos-independientes-camilla-de-transporte-con-sistema-de-frenos-independientes-mod-bs1600.jpg","datePublished":"2020-02-18T07:34:45+00:00","breadcrumb":{"@id":"https:\/\/buscoequipomedico.com\/?product=camilla-de-transporte-con-sistema-de-frenos-independientes#breadcrumb"},"inLanguage":"es","potentialAction":[{"@type":"ReadAction","target":["https:\/\/buscoequipomedico.com\/?product=camilla-de-transporte-con-sistema-de-frenos-independientes"]}]},{"@type":"ImageObject","inLanguage":"es","@id":"https:\/\/buscoequipomedico.com\/?product=camilla-de-transporte-con-sistema-de-frenos-independientes#primaryimage","url":"https:\/\/buscoequipomedico.com\/wp-content\/uploads\/2020\/02\/camilla-de-transporte-con-sistema-de-frenos-independientes-camilla-de-transporte-con-sistema-de-frenos-independientes-mod-bs1600.jpg","contentUrl":"https:\/\/buscoequipomedico.com\/wp-content\/uploads\/2020\/02\/camilla-de-transporte-con-sistema-de-frenos-independientes-camilla-de-transporte-con-sistema-de-frenos-independientes-mod-bs1600.jpg","width":800,"height":800},{"@type":"BreadcrumbList","@id":"https:\/\/buscoequipomedico.com\/?product=camilla-de-transporte-con-sistema-de-frenos-independientes#breadcrumb","itemListElement":[{"@type":"ListItem","position":1,"name":"Productos","item":"https:\/\/buscoequipomedico.com\/shop\/"},{"@type":"ListItem","position":2,"name":"CAMILLA DE TRANSPORTE CON SISTEMA DE FRENOS INDEPENDIENTES"}]},{"@type":"WebSite","@id":"https:\/\/buscoequipomedico.com\/#website","url":"https:\/\/buscoequipomedico.com\/","name":"Tu mejor opci\u00f3n Equipo M\u00e9dico M\u00e9xico","description":"Tienda de equipo m\u00e9dico","publisher":{"@id":"https:\/\/buscoequipomedico.com\/#organization"},"potentialAction":[{"@type":"SearchAction","target":{"@type":"EntryPoint","urlTemplate":"https:\/\/buscoequipomedico.com\/?s={search_term_string}"},"query-input":{"@type":"PropertyValueSpecification","valueRequired":true,"valueName":"search_term_string"}}],"inLanguage":"es"},{"@type":"Organization","@id":"https:\/\/buscoequipomedico.com\/#organization","name":"Tu mejor opci\u00f3n Equipo M\u00e9dico M\u00e9xico","url":"https:\/\/buscoequipomedico.com\/","logo":{"@type":"ImageObject","inLanguage":"es","@id":"https:\/\/buscoequipomedico.com\/#\/schema\/logo\/image\/","url":"https:\/\/buscoequipomedico.com\/wp-content\/uploads\/2021\/07\/EMM-VPrincipal-scaled.jpg","contentUrl":"https:\/\/buscoequipomedico.com\/wp-content\/uploads\/2021\/07\/EMM-VPrincipal-scaled.jpg","width":2560,"height":1058,"caption":"Tu mejor opci\u00f3n Equipo M\u00e9dico M\u00e9xico"},"image":{"@id":"https:\/\/buscoequipomedico.com\/#\/schema\/logo\/image\/"}}]}},"_links":{"self":[{"href":"https:\/\/buscoequipomedico.com\/index.php?rest_route=\/wp\/v2\/product\/12161","targetHints":{"allow":["GET"]}}],"collection":[{"href":"https:\/\/buscoequipomedico.com\/index.php?rest_route=\/wp\/v2\/product"}],"about":[{"href":"https:\/\/buscoequipomedico.com\/index.php?rest_route=\/wp\/v2\/types\/product"}],"wp:featuredmedia":[{"embeddable":true,"href":"https:\/\/buscoequipomedico.com\/index.php?rest_route=\/wp\/v2\/media\/12162"}],"wp:attachment":[{"href":"https:\/\/buscoequipomedico.com\/index.php?rest_route=%2Fwp%2Fv2%2Fmedia&parent=12161"}],"wp:term":[{"taxonomy":"product_brand","embeddable":true,"href":"https:\/\/buscoequipomedico.com\/index.php?rest_route=%2Fwp%2Fv2%2Fproduct_brand&post=12161"},{"taxonomy":"product_cat","embeddable":true,"href":"https:\/\/buscoequipomedico.com\/index.php?rest_route=%2Fwp%2Fv2%2Fproduct_cat&post=12161"},{"taxonomy":"product_tag","embeddable":true,"href":"https:\/\/buscoequipomedico.com\/index.php?rest_route=%2Fwp%2Fv2%2Fproduct_tag&post=12161"}],"curies":[{"name":"wp","href":"https:\/\/api.w.org\/{rel}","templated":true}]}}