{"id":12164,"date":"2020-02-18T07:34:45","date_gmt":"2020-02-18T07:34:45","guid":{"rendered":"https:\/\/equipomedicomexico-com.preview-domain.com\/product\/camilla-barelle-de-altura-variable-y-2-secciones\/"},"modified":"2020-02-18T07:34:46","modified_gmt":"2020-02-18T07:34:46","slug":"camilla-barelle-de-altura-variable-y-2-secciones","status":"publish","type":"product","link":"https:\/\/buscoequipomedico.com\/?product=camilla-barelle-de-altura-variable-y-2-secciones","title":{"rendered":"CAMILLA BARELLE DE ALTURA VARIABLE Y 2 SECCIONES"},"content":{"rendered":"<\/p>\n<p><span><span>CAMILLA BARELLE DE ALTURA VARIABLE Y 2 SECCIONES<\/span><\/span><\/p>\n<p>El concepto de la camilla especializada implica la responsabilidad de en proyectar un sistema completo de funciones capaces de responder a las diversas situaciones cr\u00edticas que pueden ocurrir en ambientes hospitalarios .<\/p>\n<p><span>Caracter\u00edsticas:<\/span><\/p>\n<ul>\n<li>Ascensor central oleodin\u00e1mico y\u00a0Trendelenburg movimiento, junto con una amplia gama de accesorios aplicables , hacen de este producto completo y personalizable al 360 \u00b0.<\/li>\n<li>2 secciones\u00a0de la superficie de pl\u00e1stico, laminado radiotransparente acostado; en 4 esquinas, topes hechos de anti- huella, un material blando\u00a0de pl\u00e1stico, empuje las manijas y los agujeros para los accesorios de posicionamiento.<\/li>\n<li>Configuraci\u00f3n para los tanques de ox\u00edgeno y el papel de apoyo.<\/li>\n<li>Ruedas grandes anti- traza, \u00d8 200 mm , para permitir un desplazamiento f\u00e1cil y c\u00f3modo.<\/li>\n<li>Respaldo y secci\u00f3n pelvis activan palancas bilaterales y ayudaron en sus movimientos por muelle neum\u00e1tico ; secci\u00f3n reposapi\u00e9s regulable mediante cremallera.<\/li>\n<li>Trendelenburg y Trendelenburg inversa movimientos activados por la palanca en el lado de pie, y se estabilizan por muelle neum\u00e1tico.<\/li>\n<li>Altura ajustable controlada por pedal en el lado de la cabeza a trav\u00e9s de la bomba oleodin\u00e1mica.<\/li>\n<li>Cubierta S\u00f3tano de material pl\u00e1stico de f\u00e1cil limpieza.<\/li>\n<\/ul>\n<p><span>Incluye:<\/span><\/p>\n<ul>\n<li>Barandales movimiento compass<\/li>\n<li>Colch\u00f3n antistastico (190 x 65 x 8 cm)<\/li>\n<li>Porta suero de 2 ganchos.<\/li>\n<li>X2 Manijas de empuje<\/li>\n<li>Soporte lateral para bolsa de drenaje (de un lado)<\/li>\n<\/ul>\n","protected":false},"excerpt":{"rendered":"<p><span><span>Camilla hidr\u00e1ulica de traslado de 2 secciones\u00a0con trendelenburg altura variable<\/span><\/span><\/p>\n<p>El concepto de la camilla especializada implica la responsabilidad de en proyectar un sistema completo de funciones capaces de responder a las diversas situaciones cr\u00edticas que pueden ocurrir en ambientes hospitalarios\u00a0<\/p>\n","protected":false},"featured_media":12165,"template":"","meta":{"_joinchat":[]},"product_brand":[],"product_cat":[213],"product_tag":[],"class_list":{"0":"post-12164","1":"product","2":"type-product","3":"status-publish","4":"has-post-thumbnail","6":"product_cat-concentradores","7":"pa_marca-givas","9":"first","10":"instock","11":"purchasable","12":"product-type-simple"},"yoast_head":"<!-- This site is optimized with the Yoast SEO plugin v25.1 - https:\/\/yoast.com\/wordpress\/plugins\/seo\/ -->\n<title>CAMILLA BARELLE DE ALTURA VARIABLE Y 2 SECCIONES - Tu mejor opci\u00f3n Equipo M\u00e9dico M\u00e9xico<\/title>\n<meta name=\"robots\" content=\"index, follow, max-snippet:-1, max-image-preview:large, max-video-preview:-1\" \/>\n<link rel=\"canonical\" href=\"https:\/\/buscoequipomedico.com\/?product=camilla-barelle-de-altura-variable-y-2-secciones\" \/>\n<meta property=\"og:locale\" content=\"es_ES\" \/>\n<meta property=\"og:type\" content=\"article\" \/>\n<meta property=\"og:title\" content=\"CAMILLA BARELLE DE ALTURA VARIABLE Y 2 SECCIONES - Tu mejor opci\u00f3n Equipo M\u00e9dico M\u00e9xico\" \/>\n<meta property=\"og:description\" content=\"Camilla hidr\u00e1ulica de traslado de 2 secciones\u00a0con trendelenburg altura variable El concepto de la camilla especializada implica la responsabilidad de en proyectar un sistema completo de funciones capaces de responder a las diversas situaciones cr\u00edticas que pueden ocurrir en ambientes hospitalarios\u00a0\" \/>\n<meta property=\"og:url\" content=\"https:\/\/buscoequipomedico.com\/?product=camilla-barelle-de-altura-variable-y-2-secciones\" \/>\n<meta property=\"og:site_name\" content=\"Tu mejor opci\u00f3n Equipo M\u00e9dico M\u00e9xico\" \/>\n<meta property=\"article:modified_time\" content=\"2020-02-18T07:34:46+00:00\" \/>\n<meta property=\"og:image\" content=\"https:\/\/buscoequipomedico.com\/wp-content\/uploads\/2020\/02\/camilla-barelle-de-altura-variable-y-2-secciones-camilla-hidraulica-de-traslado-de-2-secciones-con-trendelenburg-altura-variable.jpg\" \/>\n\t<meta property=\"og:image:width\" content=\"800\" \/>\n\t<meta property=\"og:image:height\" content=\"800\" \/>\n\t<meta property=\"og:image:type\" content=\"image\/jpeg\" \/>\n<meta name=\"twitter:card\" content=\"summary_large_image\" \/>\n<meta name=\"twitter:label1\" content=\"Tiempo de lectura\" \/>\n\t<meta name=\"twitter:data1\" content=\"1 minuto\" \/>\n<script type=\"application\/ld+json\" class=\"yoast-schema-graph\">{\"@context\":\"https:\/\/schema.org\",\"@graph\":[{\"@type\":\"WebPage\",\"@id\":\"https:\/\/buscoequipomedico.com\/?product=camilla-barelle-de-altura-variable-y-2-secciones\",\"url\":\"https:\/\/buscoequipomedico.com\/?product=camilla-barelle-de-altura-variable-y-2-secciones\",\"name\":\"CAMILLA BARELLE DE ALTURA VARIABLE Y 2 SECCIONES - Tu mejor opci\u00f3n Equipo M\u00e9dico M\u00e9xico\",\"isPartOf\":{\"@id\":\"https:\/\/buscoequipomedico.com\/#website\"},\"primaryImageOfPage\":{\"@id\":\"https:\/\/buscoequipomedico.com\/?product=camilla-barelle-de-altura-variable-y-2-secciones#primaryimage\"},\"image\":{\"@id\":\"https:\/\/buscoequipomedico.com\/?product=camilla-barelle-de-altura-variable-y-2-secciones#primaryimage\"},\"thumbnailUrl\":\"https:\/\/buscoequipomedico.com\/wp-content\/uploads\/2020\/02\/camilla-barelle-de-altura-variable-y-2-secciones-camilla-hidraulica-de-traslado-de-2-secciones-con-trendelenburg-altura-variable.jpg\",\"datePublished\":\"2020-02-18T07:34:45+00:00\",\"dateModified\":\"2020-02-18T07:34:46+00:00\",\"breadcrumb\":{\"@id\":\"https:\/\/buscoequipomedico.com\/?product=camilla-barelle-de-altura-variable-y-2-secciones#breadcrumb\"},\"inLanguage\":\"es\",\"potentialAction\":[{\"@type\":\"ReadAction\",\"target\":[\"https:\/\/buscoequipomedico.com\/?product=camilla-barelle-de-altura-variable-y-2-secciones\"]}]},{\"@type\":\"ImageObject\",\"inLanguage\":\"es\",\"@id\":\"https:\/\/buscoequipomedico.com\/?product=camilla-barelle-de-altura-variable-y-2-secciones#primaryimage\",\"url\":\"https:\/\/buscoequipomedico.com\/wp-content\/uploads\/2020\/02\/camilla-barelle-de-altura-variable-y-2-secciones-camilla-hidraulica-de-traslado-de-2-secciones-con-trendelenburg-altura-variable.jpg\",\"contentUrl\":\"https:\/\/buscoequipomedico.com\/wp-content\/uploads\/2020\/02\/camilla-barelle-de-altura-variable-y-2-secciones-camilla-hidraulica-de-traslado-de-2-secciones-con-trendelenburg-altura-variable.jpg\",\"width\":800,\"height\":800},{\"@type\":\"BreadcrumbList\",\"@id\":\"https:\/\/buscoequipomedico.com\/?product=camilla-barelle-de-altura-variable-y-2-secciones#breadcrumb\",\"itemListElement\":[{\"@type\":\"ListItem\",\"position\":1,\"name\":\"Productos\",\"item\":\"https:\/\/buscoequipomedico.com\/shop\/\"},{\"@type\":\"ListItem\",\"position\":2,\"name\":\"CAMILLA BARELLE DE ALTURA VARIABLE Y 2 SECCIONES\"}]},{\"@type\":\"WebSite\",\"@id\":\"https:\/\/buscoequipomedico.com\/#website\",\"url\":\"https:\/\/buscoequipomedico.com\/\",\"name\":\"Tu mejor opci\u00f3n Equipo M\u00e9dico M\u00e9xico\",\"description\":\"Tienda de equipo m\u00e9dico\",\"publisher\":{\"@id\":\"https:\/\/buscoequipomedico.com\/#organization\"},\"potentialAction\":[{\"@type\":\"SearchAction\",\"target\":{\"@type\":\"EntryPoint\",\"urlTemplate\":\"https:\/\/buscoequipomedico.com\/?s={search_term_string}\"},\"query-input\":{\"@type\":\"PropertyValueSpecification\",\"valueRequired\":true,\"valueName\":\"search_term_string\"}}],\"inLanguage\":\"es\"},{\"@type\":\"Organization\",\"@id\":\"https:\/\/buscoequipomedico.com\/#organization\",\"name\":\"Tu mejor opci\u00f3n Equipo M\u00e9dico M\u00e9xico\",\"url\":\"https:\/\/buscoequipomedico.com\/\",\"logo\":{\"@type\":\"ImageObject\",\"inLanguage\":\"es\",\"@id\":\"https:\/\/buscoequipomedico.com\/#\/schema\/logo\/image\/\",\"url\":\"https:\/\/buscoequipomedico.com\/wp-content\/uploads\/2021\/07\/EMM-VPrincipal-scaled.jpg\",\"contentUrl\":\"https:\/\/buscoequipomedico.com\/wp-content\/uploads\/2021\/07\/EMM-VPrincipal-scaled.jpg\",\"width\":2560,\"height\":1058,\"caption\":\"Tu mejor opci\u00f3n Equipo M\u00e9dico M\u00e9xico\"},\"image\":{\"@id\":\"https:\/\/buscoequipomedico.com\/#\/schema\/logo\/image\/\"}}]}<\/script>\n<!-- \/ Yoast SEO plugin. -->","yoast_head_json":{"title":"CAMILLA BARELLE DE ALTURA VARIABLE Y 2 SECCIONES - Tu mejor opci\u00f3n Equipo M\u00e9dico M\u00e9xico","robots":{"index":"index","follow":"follow","max-snippet":"max-snippet:-1","max-image-preview":"max-image-preview:large","max-video-preview":"max-video-preview:-1"},"canonical":"https:\/\/buscoequipomedico.com\/?product=camilla-barelle-de-altura-variable-y-2-secciones","og_locale":"es_ES","og_type":"article","og_title":"CAMILLA BARELLE DE ALTURA VARIABLE Y 2 SECCIONES - Tu mejor opci\u00f3n Equipo M\u00e9dico M\u00e9xico","og_description":"Camilla hidr\u00e1ulica de traslado de 2 secciones\u00a0con trendelenburg altura variable El concepto de la camilla especializada implica la responsabilidad de en proyectar un sistema completo de funciones capaces de responder a las diversas situaciones cr\u00edticas que pueden ocurrir en ambientes hospitalarios\u00a0","og_url":"https:\/\/buscoequipomedico.com\/?product=camilla-barelle-de-altura-variable-y-2-secciones","og_site_name":"Tu mejor opci\u00f3n Equipo M\u00e9dico M\u00e9xico","article_modified_time":"2020-02-18T07:34:46+00:00","og_image":[{"width":800,"height":800,"url":"https:\/\/buscoequipomedico.com\/wp-content\/uploads\/2020\/02\/camilla-barelle-de-altura-variable-y-2-secciones-camilla-hidraulica-de-traslado-de-2-secciones-con-trendelenburg-altura-variable.jpg","type":"image\/jpeg"}],"twitter_card":"summary_large_image","twitter_misc":{"Tiempo de lectura":"1 minuto"},"schema":{"@context":"https:\/\/schema.org","@graph":[{"@type":"WebPage","@id":"https:\/\/buscoequipomedico.com\/?product=camilla-barelle-de-altura-variable-y-2-secciones","url":"https:\/\/buscoequipomedico.com\/?product=camilla-barelle-de-altura-variable-y-2-secciones","name":"CAMILLA BARELLE DE ALTURA VARIABLE Y 2 SECCIONES - Tu mejor opci\u00f3n Equipo M\u00e9dico M\u00e9xico","isPartOf":{"@id":"https:\/\/buscoequipomedico.com\/#website"},"primaryImageOfPage":{"@id":"https:\/\/buscoequipomedico.com\/?product=camilla-barelle-de-altura-variable-y-2-secciones#primaryimage"},"image":{"@id":"https:\/\/buscoequipomedico.com\/?product=camilla-barelle-de-altura-variable-y-2-secciones#primaryimage"},"thumbnailUrl":"https:\/\/buscoequipomedico.com\/wp-content\/uploads\/2020\/02\/camilla-barelle-de-altura-variable-y-2-secciones-camilla-hidraulica-de-traslado-de-2-secciones-con-trendelenburg-altura-variable.jpg","datePublished":"2020-02-18T07:34:45+00:00","dateModified":"2020-02-18T07:34:46+00:00","breadcrumb":{"@id":"https:\/\/buscoequipomedico.com\/?product=camilla-barelle-de-altura-variable-y-2-secciones#breadcrumb"},"inLanguage":"es","potentialAction":[{"@type":"ReadAction","target":["https:\/\/buscoequipomedico.com\/?product=camilla-barelle-de-altura-variable-y-2-secciones"]}]},{"@type":"ImageObject","inLanguage":"es","@id":"https:\/\/buscoequipomedico.com\/?product=camilla-barelle-de-altura-variable-y-2-secciones#primaryimage","url":"https:\/\/buscoequipomedico.com\/wp-content\/uploads\/2020\/02\/camilla-barelle-de-altura-variable-y-2-secciones-camilla-hidraulica-de-traslado-de-2-secciones-con-trendelenburg-altura-variable.jpg","contentUrl":"https:\/\/buscoequipomedico.com\/wp-content\/uploads\/2020\/02\/camilla-barelle-de-altura-variable-y-2-secciones-camilla-hidraulica-de-traslado-de-2-secciones-con-trendelenburg-altura-variable.jpg","width":800,"height":800},{"@type":"BreadcrumbList","@id":"https:\/\/buscoequipomedico.com\/?product=camilla-barelle-de-altura-variable-y-2-secciones#breadcrumb","itemListElement":[{"@type":"ListItem","position":1,"name":"Productos","item":"https:\/\/buscoequipomedico.com\/shop\/"},{"@type":"ListItem","position":2,"name":"CAMILLA BARELLE DE ALTURA VARIABLE Y 2 SECCIONES"}]},{"@type":"WebSite","@id":"https:\/\/buscoequipomedico.com\/#website","url":"https:\/\/buscoequipomedico.com\/","name":"Tu mejor opci\u00f3n Equipo M\u00e9dico M\u00e9xico","description":"Tienda de equipo m\u00e9dico","publisher":{"@id":"https:\/\/buscoequipomedico.com\/#organization"},"potentialAction":[{"@type":"SearchAction","target":{"@type":"EntryPoint","urlTemplate":"https:\/\/buscoequipomedico.com\/?s={search_term_string}"},"query-input":{"@type":"PropertyValueSpecification","valueRequired":true,"valueName":"search_term_string"}}],"inLanguage":"es"},{"@type":"Organization","@id":"https:\/\/buscoequipomedico.com\/#organization","name":"Tu mejor opci\u00f3n Equipo M\u00e9dico M\u00e9xico","url":"https:\/\/buscoequipomedico.com\/","logo":{"@type":"ImageObject","inLanguage":"es","@id":"https:\/\/buscoequipomedico.com\/#\/schema\/logo\/image\/","url":"https:\/\/buscoequipomedico.com\/wp-content\/uploads\/2021\/07\/EMM-VPrincipal-scaled.jpg","contentUrl":"https:\/\/buscoequipomedico.com\/wp-content\/uploads\/2021\/07\/EMM-VPrincipal-scaled.jpg","width":2560,"height":1058,"caption":"Tu mejor opci\u00f3n Equipo M\u00e9dico M\u00e9xico"},"image":{"@id":"https:\/\/buscoequipomedico.com\/#\/schema\/logo\/image\/"}}]}},"_links":{"self":[{"href":"https:\/\/buscoequipomedico.com\/index.php?rest_route=\/wp\/v2\/product\/12164","targetHints":{"allow":["GET"]}}],"collection":[{"href":"https:\/\/buscoequipomedico.com\/index.php?rest_route=\/wp\/v2\/product"}],"about":[{"href":"https:\/\/buscoequipomedico.com\/index.php?rest_route=\/wp\/v2\/types\/product"}],"wp:featuredmedia":[{"embeddable":true,"href":"https:\/\/buscoequipomedico.com\/index.php?rest_route=\/wp\/v2\/media\/12165"}],"wp:attachment":[{"href":"https:\/\/buscoequipomedico.com\/index.php?rest_route=%2Fwp%2Fv2%2Fmedia&parent=12164"}],"wp:term":[{"taxonomy":"product_brand","embeddable":true,"href":"https:\/\/buscoequipomedico.com\/index.php?rest_route=%2Fwp%2Fv2%2Fproduct_brand&post=12164"},{"taxonomy":"product_cat","embeddable":true,"href":"https:\/\/buscoequipomedico.com\/index.php?rest_route=%2Fwp%2Fv2%2Fproduct_cat&post=12164"},{"taxonomy":"product_tag","embeddable":true,"href":"https:\/\/buscoequipomedico.com\/index.php?rest_route=%2Fwp%2Fv2%2Fproduct_tag&post=12164"}],"curies":[{"name":"wp","href":"https:\/\/api.w.org\/{rel}","templated":true}]}}