{"id":12172,"date":"2020-02-18T07:34:45","date_gmt":"2020-02-18T07:34:45","guid":{"rendered":"https:\/\/equipomedicomexico-com.preview-domain.com\/product\/barelle-slim-camilla-de-4-seccion-y-doble-columna\/"},"modified":"2020-02-18T07:34:46","modified_gmt":"2020-02-18T07:34:46","slug":"barelle-slim-camilla-de-4-seccion-y-doble-columna","status":"publish","type":"product","link":"https:\/\/buscoequipomedico.com\/?product=barelle-slim-camilla-de-4-seccion-y-doble-columna","title":{"rendered":"BARELLE SLIM- CAMILLA DE 4 SECCI\u00d3N Y DOBLE COLUMNA"},"content":{"rendered":"<p>BARELLE SLIM- CAMILLA DE 4 SECCI\u00d3N Y DOBLE COLUMNA, BASE RADIO<\/p>\n<p>TRANSPARENTE: CON TRENDELENBERG, Y TRENDELENBERG INVERSO,<\/p>\n<p>BARANDAS DESMONTABLES, RIEL PARA COLOCAR BANDEJA PARA PORTA<\/p>\n<p>CHASIS DE RAYOS-X (PARA PLANO HORIZONTAL), CORREA PARA SUJETAR EL<\/p>\n<p>PACIENTE, COMPARTIMIENTOS PARA TANQUE DE OXIGENO<\/p>\n","protected":false},"excerpt":{"rendered":"<h1><span>Givas Camilla 4 secciones de altura variable con Trendelenburg sobre columnas<\/span><\/h1>\n","protected":false},"featured_media":12173,"template":"","meta":{"_joinchat":[]},"product_brand":[],"product_cat":[213],"product_tag":[],"class_list":{"0":"post-12172","1":"product","2":"type-product","3":"status-publish","4":"has-post-thumbnail","6":"product_cat-concentradores","7":"pa_marca-givas","9":"first","10":"instock","11":"purchasable","12":"product-type-simple"},"yoast_head":"<!-- This site is optimized with the Yoast SEO plugin v25.1 - https:\/\/yoast.com\/wordpress\/plugins\/seo\/ -->\n<title>BARELLE SLIM- CAMILLA DE 4 SECCI\u00d3N Y DOBLE COLUMNA - Tu mejor opci\u00f3n Equipo M\u00e9dico M\u00e9xico<\/title>\n<meta name=\"robots\" content=\"index, follow, max-snippet:-1, max-image-preview:large, max-video-preview:-1\" \/>\n<link rel=\"canonical\" href=\"https:\/\/buscoequipomedico.com\/?product=barelle-slim-camilla-de-4-seccion-y-doble-columna\" \/>\n<meta property=\"og:locale\" content=\"es_ES\" \/>\n<meta property=\"og:type\" content=\"article\" \/>\n<meta property=\"og:title\" content=\"BARELLE SLIM- CAMILLA DE 4 SECCI\u00d3N Y DOBLE COLUMNA - Tu mejor opci\u00f3n Equipo M\u00e9dico M\u00e9xico\" \/>\n<meta property=\"og:description\" content=\"Givas Camilla 4 secciones de altura variable con Trendelenburg sobre columnas\" \/>\n<meta property=\"og:url\" content=\"https:\/\/buscoequipomedico.com\/?product=barelle-slim-camilla-de-4-seccion-y-doble-columna\" \/>\n<meta property=\"og:site_name\" content=\"Tu mejor opci\u00f3n Equipo M\u00e9dico M\u00e9xico\" \/>\n<meta property=\"article:modified_time\" content=\"2020-02-18T07:34:46+00:00\" \/>\n<meta property=\"og:image\" content=\"https:\/\/buscoequipomedico.com\/wp-content\/uploads\/2020\/02\/barelle-slim-camilla-de-4-seccion-y-doble-columna-givas-camilla-4-secciones-de-altura-variable-con-trendelenburg-sobre-columnas.jpg\" \/>\n\t<meta property=\"og:image:width\" content=\"800\" \/>\n\t<meta property=\"og:image:height\" content=\"800\" \/>\n\t<meta property=\"og:image:type\" content=\"image\/jpeg\" \/>\n<meta name=\"twitter:card\" content=\"summary_large_image\" \/>\n<script type=\"application\/ld+json\" class=\"yoast-schema-graph\">{\"@context\":\"https:\/\/schema.org\",\"@graph\":[{\"@type\":\"WebPage\",\"@id\":\"https:\/\/buscoequipomedico.com\/?product=barelle-slim-camilla-de-4-seccion-y-doble-columna\",\"url\":\"https:\/\/buscoequipomedico.com\/?product=barelle-slim-camilla-de-4-seccion-y-doble-columna\",\"name\":\"BARELLE SLIM- CAMILLA DE 4 SECCI\u00d3N Y DOBLE COLUMNA - Tu mejor opci\u00f3n Equipo M\u00e9dico M\u00e9xico\",\"isPartOf\":{\"@id\":\"https:\/\/buscoequipomedico.com\/#website\"},\"primaryImageOfPage\":{\"@id\":\"https:\/\/buscoequipomedico.com\/?product=barelle-slim-camilla-de-4-seccion-y-doble-columna#primaryimage\"},\"image\":{\"@id\":\"https:\/\/buscoequipomedico.com\/?product=barelle-slim-camilla-de-4-seccion-y-doble-columna#primaryimage\"},\"thumbnailUrl\":\"https:\/\/buscoequipomedico.com\/wp-content\/uploads\/2020\/02\/barelle-slim-camilla-de-4-seccion-y-doble-columna-givas-camilla-4-secciones-de-altura-variable-con-trendelenburg-sobre-columnas.jpg\",\"datePublished\":\"2020-02-18T07:34:45+00:00\",\"dateModified\":\"2020-02-18T07:34:46+00:00\",\"breadcrumb\":{\"@id\":\"https:\/\/buscoequipomedico.com\/?product=barelle-slim-camilla-de-4-seccion-y-doble-columna#breadcrumb\"},\"inLanguage\":\"es\",\"potentialAction\":[{\"@type\":\"ReadAction\",\"target\":[\"https:\/\/buscoequipomedico.com\/?product=barelle-slim-camilla-de-4-seccion-y-doble-columna\"]}]},{\"@type\":\"ImageObject\",\"inLanguage\":\"es\",\"@id\":\"https:\/\/buscoequipomedico.com\/?product=barelle-slim-camilla-de-4-seccion-y-doble-columna#primaryimage\",\"url\":\"https:\/\/buscoequipomedico.com\/wp-content\/uploads\/2020\/02\/barelle-slim-camilla-de-4-seccion-y-doble-columna-givas-camilla-4-secciones-de-altura-variable-con-trendelenburg-sobre-columnas.jpg\",\"contentUrl\":\"https:\/\/buscoequipomedico.com\/wp-content\/uploads\/2020\/02\/barelle-slim-camilla-de-4-seccion-y-doble-columna-givas-camilla-4-secciones-de-altura-variable-con-trendelenburg-sobre-columnas.jpg\",\"width\":800,\"height\":800},{\"@type\":\"BreadcrumbList\",\"@id\":\"https:\/\/buscoequipomedico.com\/?product=barelle-slim-camilla-de-4-seccion-y-doble-columna#breadcrumb\",\"itemListElement\":[{\"@type\":\"ListItem\",\"position\":1,\"name\":\"Productos\",\"item\":\"https:\/\/buscoequipomedico.com\/shop\/\"},{\"@type\":\"ListItem\",\"position\":2,\"name\":\"BARELLE SLIM- CAMILLA DE 4 SECCI\u00d3N Y DOBLE COLUMNA\"}]},{\"@type\":\"WebSite\",\"@id\":\"https:\/\/buscoequipomedico.com\/#website\",\"url\":\"https:\/\/buscoequipomedico.com\/\",\"name\":\"Tu mejor opci\u00f3n Equipo M\u00e9dico M\u00e9xico\",\"description\":\"Tienda de equipo m\u00e9dico\",\"publisher\":{\"@id\":\"https:\/\/buscoequipomedico.com\/#organization\"},\"potentialAction\":[{\"@type\":\"SearchAction\",\"target\":{\"@type\":\"EntryPoint\",\"urlTemplate\":\"https:\/\/buscoequipomedico.com\/?s={search_term_string}\"},\"query-input\":{\"@type\":\"PropertyValueSpecification\",\"valueRequired\":true,\"valueName\":\"search_term_string\"}}],\"inLanguage\":\"es\"},{\"@type\":\"Organization\",\"@id\":\"https:\/\/buscoequipomedico.com\/#organization\",\"name\":\"Tu mejor opci\u00f3n Equipo M\u00e9dico M\u00e9xico\",\"url\":\"https:\/\/buscoequipomedico.com\/\",\"logo\":{\"@type\":\"ImageObject\",\"inLanguage\":\"es\",\"@id\":\"https:\/\/buscoequipomedico.com\/#\/schema\/logo\/image\/\",\"url\":\"https:\/\/buscoequipomedico.com\/wp-content\/uploads\/2021\/07\/EMM-VPrincipal-scaled.jpg\",\"contentUrl\":\"https:\/\/buscoequipomedico.com\/wp-content\/uploads\/2021\/07\/EMM-VPrincipal-scaled.jpg\",\"width\":2560,\"height\":1058,\"caption\":\"Tu mejor opci\u00f3n Equipo M\u00e9dico M\u00e9xico\"},\"image\":{\"@id\":\"https:\/\/buscoequipomedico.com\/#\/schema\/logo\/image\/\"}}]}<\/script>\n<!-- \/ Yoast SEO plugin. -->","yoast_head_json":{"title":"BARELLE SLIM- CAMILLA DE 4 SECCI\u00d3N Y DOBLE COLUMNA - Tu mejor opci\u00f3n Equipo M\u00e9dico M\u00e9xico","robots":{"index":"index","follow":"follow","max-snippet":"max-snippet:-1","max-image-preview":"max-image-preview:large","max-video-preview":"max-video-preview:-1"},"canonical":"https:\/\/buscoequipomedico.com\/?product=barelle-slim-camilla-de-4-seccion-y-doble-columna","og_locale":"es_ES","og_type":"article","og_title":"BARELLE SLIM- CAMILLA DE 4 SECCI\u00d3N Y DOBLE COLUMNA - Tu mejor opci\u00f3n Equipo M\u00e9dico M\u00e9xico","og_description":"Givas Camilla 4 secciones de altura variable con Trendelenburg sobre columnas","og_url":"https:\/\/buscoequipomedico.com\/?product=barelle-slim-camilla-de-4-seccion-y-doble-columna","og_site_name":"Tu mejor opci\u00f3n Equipo M\u00e9dico M\u00e9xico","article_modified_time":"2020-02-18T07:34:46+00:00","og_image":[{"width":800,"height":800,"url":"https:\/\/buscoequipomedico.com\/wp-content\/uploads\/2020\/02\/barelle-slim-camilla-de-4-seccion-y-doble-columna-givas-camilla-4-secciones-de-altura-variable-con-trendelenburg-sobre-columnas.jpg","type":"image\/jpeg"}],"twitter_card":"summary_large_image","schema":{"@context":"https:\/\/schema.org","@graph":[{"@type":"WebPage","@id":"https:\/\/buscoequipomedico.com\/?product=barelle-slim-camilla-de-4-seccion-y-doble-columna","url":"https:\/\/buscoequipomedico.com\/?product=barelle-slim-camilla-de-4-seccion-y-doble-columna","name":"BARELLE SLIM- CAMILLA DE 4 SECCI\u00d3N Y DOBLE COLUMNA - Tu mejor opci\u00f3n Equipo M\u00e9dico M\u00e9xico","isPartOf":{"@id":"https:\/\/buscoequipomedico.com\/#website"},"primaryImageOfPage":{"@id":"https:\/\/buscoequipomedico.com\/?product=barelle-slim-camilla-de-4-seccion-y-doble-columna#primaryimage"},"image":{"@id":"https:\/\/buscoequipomedico.com\/?product=barelle-slim-camilla-de-4-seccion-y-doble-columna#primaryimage"},"thumbnailUrl":"https:\/\/buscoequipomedico.com\/wp-content\/uploads\/2020\/02\/barelle-slim-camilla-de-4-seccion-y-doble-columna-givas-camilla-4-secciones-de-altura-variable-con-trendelenburg-sobre-columnas.jpg","datePublished":"2020-02-18T07:34:45+00:00","dateModified":"2020-02-18T07:34:46+00:00","breadcrumb":{"@id":"https:\/\/buscoequipomedico.com\/?product=barelle-slim-camilla-de-4-seccion-y-doble-columna#breadcrumb"},"inLanguage":"es","potentialAction":[{"@type":"ReadAction","target":["https:\/\/buscoequipomedico.com\/?product=barelle-slim-camilla-de-4-seccion-y-doble-columna"]}]},{"@type":"ImageObject","inLanguage":"es","@id":"https:\/\/buscoequipomedico.com\/?product=barelle-slim-camilla-de-4-seccion-y-doble-columna#primaryimage","url":"https:\/\/buscoequipomedico.com\/wp-content\/uploads\/2020\/02\/barelle-slim-camilla-de-4-seccion-y-doble-columna-givas-camilla-4-secciones-de-altura-variable-con-trendelenburg-sobre-columnas.jpg","contentUrl":"https:\/\/buscoequipomedico.com\/wp-content\/uploads\/2020\/02\/barelle-slim-camilla-de-4-seccion-y-doble-columna-givas-camilla-4-secciones-de-altura-variable-con-trendelenburg-sobre-columnas.jpg","width":800,"height":800},{"@type":"BreadcrumbList","@id":"https:\/\/buscoequipomedico.com\/?product=barelle-slim-camilla-de-4-seccion-y-doble-columna#breadcrumb","itemListElement":[{"@type":"ListItem","position":1,"name":"Productos","item":"https:\/\/buscoequipomedico.com\/shop\/"},{"@type":"ListItem","position":2,"name":"BARELLE SLIM- CAMILLA DE 4 SECCI\u00d3N Y DOBLE COLUMNA"}]},{"@type":"WebSite","@id":"https:\/\/buscoequipomedico.com\/#website","url":"https:\/\/buscoequipomedico.com\/","name":"Tu mejor opci\u00f3n Equipo M\u00e9dico M\u00e9xico","description":"Tienda de equipo m\u00e9dico","publisher":{"@id":"https:\/\/buscoequipomedico.com\/#organization"},"potentialAction":[{"@type":"SearchAction","target":{"@type":"EntryPoint","urlTemplate":"https:\/\/buscoequipomedico.com\/?s={search_term_string}"},"query-input":{"@type":"PropertyValueSpecification","valueRequired":true,"valueName":"search_term_string"}}],"inLanguage":"es"},{"@type":"Organization","@id":"https:\/\/buscoequipomedico.com\/#organization","name":"Tu mejor opci\u00f3n Equipo M\u00e9dico M\u00e9xico","url":"https:\/\/buscoequipomedico.com\/","logo":{"@type":"ImageObject","inLanguage":"es","@id":"https:\/\/buscoequipomedico.com\/#\/schema\/logo\/image\/","url":"https:\/\/buscoequipomedico.com\/wp-content\/uploads\/2021\/07\/EMM-VPrincipal-scaled.jpg","contentUrl":"https:\/\/buscoequipomedico.com\/wp-content\/uploads\/2021\/07\/EMM-VPrincipal-scaled.jpg","width":2560,"height":1058,"caption":"Tu mejor opci\u00f3n Equipo M\u00e9dico M\u00e9xico"},"image":{"@id":"https:\/\/buscoequipomedico.com\/#\/schema\/logo\/image\/"}}]}},"_links":{"self":[{"href":"https:\/\/buscoequipomedico.com\/index.php?rest_route=\/wp\/v2\/product\/12172","targetHints":{"allow":["GET"]}}],"collection":[{"href":"https:\/\/buscoequipomedico.com\/index.php?rest_route=\/wp\/v2\/product"}],"about":[{"href":"https:\/\/buscoequipomedico.com\/index.php?rest_route=\/wp\/v2\/types\/product"}],"wp:featuredmedia":[{"embeddable":true,"href":"https:\/\/buscoequipomedico.com\/index.php?rest_route=\/wp\/v2\/media\/12173"}],"wp:attachment":[{"href":"https:\/\/buscoequipomedico.com\/index.php?rest_route=%2Fwp%2Fv2%2Fmedia&parent=12172"}],"wp:term":[{"taxonomy":"product_brand","embeddable":true,"href":"https:\/\/buscoequipomedico.com\/index.php?rest_route=%2Fwp%2Fv2%2Fproduct_brand&post=12172"},{"taxonomy":"product_cat","embeddable":true,"href":"https:\/\/buscoequipomedico.com\/index.php?rest_route=%2Fwp%2Fv2%2Fproduct_cat&post=12172"},{"taxonomy":"product_tag","embeddable":true,"href":"https:\/\/buscoequipomedico.com\/index.php?rest_route=%2Fwp%2Fv2%2Fproduct_tag&post=12172"}],"curies":[{"name":"wp","href":"https:\/\/api.w.org\/{rel}","templated":true}]}}