{"id":12178,"date":"2020-02-18T07:34:45","date_gmt":"2020-02-18T07:34:45","guid":{"rendered":"https:\/\/equipomedicomexico-com.preview-domain.com\/product\/silla-para-donacion-de-sangre-altura-variable\/"},"modified":"2020-02-18T07:34:47","modified_gmt":"2020-02-18T07:34:47","slug":"silla-para-donacion-de-sangre-altura-variable","status":"publish","type":"product","link":"https:\/\/buscoequipomedico.com\/?product=silla-para-donacion-de-sangre-altura-variable","title":{"rendered":"SILLA PARA DONACI\u00d3N DE SANGRE, ALTURA VARIABLE"},"content":{"rendered":"<p><span>Silla para donaci\u00f3n de sangre de altura variable<\/span><\/p>\n<p><span>Caracter\u00edsticas:<\/span><\/p>\n<ul>\n<li>Espec\u00edfico para pacientes con movilidad limitada, el nuevo \u00abVario Oleo-D TREND\u00bb est\u00e1 equipado con altura variable a trav\u00e9s del sistema hidr\u00e1ulico accionado por control bilateral en el lado de la base.<\/li>\n<li>Este sill\u00f3n tiene los movimientos de las secciones y Trendelemburg en modo independiente, ambos con controles bilaterales.<\/li>\n<li>Hecho de una estructura de acero pintado resistente, asiento y respaldo con madera contrachapada con soporte de madera blanda, acolchado de espuma, viscoel\u00e1stico ign\u00edfugo termoformado para permitir el m\u00e1ximo confort en la prevenci\u00f3n de escaras, reposabrazos hechos de poliuretano suave, asiento plegable al ras para facilitar el movimiento del paciente.<\/li>\n<li>Cubiertas de c\u00e1rter y asientos en ABS termoformado para facilitar las operaciones de limpieza.<\/li>\n<li>Completo con plataformas giratorias combinadas con un sistema de frenos autom\u00e1tico.\u00a0<\/li>\n<li>La base 4 ruedas giratorias incluyendo 2 con freno trasero separado y frontal direccional.<\/li>\n<li>Todos los materiales se tratan con aditivos antibacterianos Interpon.<\/li>\n<\/ul>\n","protected":false},"excerpt":{"rendered":"<p><span>Silla para donaci\u00f3n de sangre de altura variable<\/span><\/p>\n","protected":false},"featured_media":12179,"template":"","meta":{"_joinchat":[]},"product_brand":[],"product_cat":[213],"product_tag":[],"class_list":{"0":"post-12178","1":"product","2":"type-product","3":"status-publish","4":"has-post-thumbnail","6":"product_cat-concentradores","7":"pa_marca-givas","9":"first","10":"instock","11":"purchasable","12":"product-type-simple"},"yoast_head":"<!-- This site is optimized with the Yoast SEO plugin v25.1 - https:\/\/yoast.com\/wordpress\/plugins\/seo\/ -->\n<title>SILLA PARA DONACI\u00d3N DE SANGRE, ALTURA VARIABLE - Tu mejor opci\u00f3n Equipo M\u00e9dico M\u00e9xico<\/title>\n<meta name=\"robots\" content=\"index, follow, max-snippet:-1, max-image-preview:large, max-video-preview:-1\" \/>\n<link rel=\"canonical\" href=\"https:\/\/buscoequipomedico.com\/?product=silla-para-donacion-de-sangre-altura-variable\" \/>\n<meta property=\"og:locale\" content=\"es_ES\" \/>\n<meta property=\"og:type\" content=\"article\" \/>\n<meta property=\"og:title\" content=\"SILLA PARA DONACI\u00d3N DE SANGRE, ALTURA VARIABLE - Tu mejor opci\u00f3n Equipo M\u00e9dico M\u00e9xico\" \/>\n<meta property=\"og:description\" content=\"Silla para donaci\u00f3n de sangre de altura variable\" \/>\n<meta property=\"og:url\" content=\"https:\/\/buscoequipomedico.com\/?product=silla-para-donacion-de-sangre-altura-variable\" \/>\n<meta property=\"og:site_name\" content=\"Tu mejor opci\u00f3n Equipo M\u00e9dico M\u00e9xico\" \/>\n<meta property=\"article:modified_time\" content=\"2020-02-18T07:34:47+00:00\" \/>\n<meta property=\"og:image\" content=\"https:\/\/buscoequipomedico.com\/wp-content\/uploads\/2020\/02\/silla-para-donacion-de-sangre-altura-variable-silla-para-donacion-de-sangre-de-altura-variable.jpg\" \/>\n\t<meta property=\"og:image:width\" content=\"800\" \/>\n\t<meta property=\"og:image:height\" content=\"800\" \/>\n\t<meta property=\"og:image:type\" content=\"image\/jpeg\" \/>\n<meta name=\"twitter:card\" content=\"summary_large_image\" \/>\n<meta name=\"twitter:label1\" content=\"Tiempo de lectura\" \/>\n\t<meta name=\"twitter:data1\" content=\"1 minuto\" \/>\n<script type=\"application\/ld+json\" class=\"yoast-schema-graph\">{\"@context\":\"https:\/\/schema.org\",\"@graph\":[{\"@type\":\"WebPage\",\"@id\":\"https:\/\/buscoequipomedico.com\/?product=silla-para-donacion-de-sangre-altura-variable\",\"url\":\"https:\/\/buscoequipomedico.com\/?product=silla-para-donacion-de-sangre-altura-variable\",\"name\":\"SILLA PARA DONACI\u00d3N DE SANGRE, ALTURA VARIABLE - Tu mejor opci\u00f3n Equipo M\u00e9dico M\u00e9xico\",\"isPartOf\":{\"@id\":\"https:\/\/buscoequipomedico.com\/#website\"},\"primaryImageOfPage\":{\"@id\":\"https:\/\/buscoequipomedico.com\/?product=silla-para-donacion-de-sangre-altura-variable#primaryimage\"},\"image\":{\"@id\":\"https:\/\/buscoequipomedico.com\/?product=silla-para-donacion-de-sangre-altura-variable#primaryimage\"},\"thumbnailUrl\":\"https:\/\/buscoequipomedico.com\/wp-content\/uploads\/2020\/02\/silla-para-donacion-de-sangre-altura-variable-silla-para-donacion-de-sangre-de-altura-variable.jpg\",\"datePublished\":\"2020-02-18T07:34:45+00:00\",\"dateModified\":\"2020-02-18T07:34:47+00:00\",\"breadcrumb\":{\"@id\":\"https:\/\/buscoequipomedico.com\/?product=silla-para-donacion-de-sangre-altura-variable#breadcrumb\"},\"inLanguage\":\"es\",\"potentialAction\":[{\"@type\":\"ReadAction\",\"target\":[\"https:\/\/buscoequipomedico.com\/?product=silla-para-donacion-de-sangre-altura-variable\"]}]},{\"@type\":\"ImageObject\",\"inLanguage\":\"es\",\"@id\":\"https:\/\/buscoequipomedico.com\/?product=silla-para-donacion-de-sangre-altura-variable#primaryimage\",\"url\":\"https:\/\/buscoequipomedico.com\/wp-content\/uploads\/2020\/02\/silla-para-donacion-de-sangre-altura-variable-silla-para-donacion-de-sangre-de-altura-variable.jpg\",\"contentUrl\":\"https:\/\/buscoequipomedico.com\/wp-content\/uploads\/2020\/02\/silla-para-donacion-de-sangre-altura-variable-silla-para-donacion-de-sangre-de-altura-variable.jpg\",\"width\":800,\"height\":800},{\"@type\":\"BreadcrumbList\",\"@id\":\"https:\/\/buscoequipomedico.com\/?product=silla-para-donacion-de-sangre-altura-variable#breadcrumb\",\"itemListElement\":[{\"@type\":\"ListItem\",\"position\":1,\"name\":\"Productos\",\"item\":\"https:\/\/buscoequipomedico.com\/shop\/\"},{\"@type\":\"ListItem\",\"position\":2,\"name\":\"SILLA PARA DONACI\u00d3N DE SANGRE, ALTURA VARIABLE\"}]},{\"@type\":\"WebSite\",\"@id\":\"https:\/\/buscoequipomedico.com\/#website\",\"url\":\"https:\/\/buscoequipomedico.com\/\",\"name\":\"Tu mejor opci\u00f3n Equipo M\u00e9dico M\u00e9xico\",\"description\":\"Tienda de equipo m\u00e9dico\",\"publisher\":{\"@id\":\"https:\/\/buscoequipomedico.com\/#organization\"},\"potentialAction\":[{\"@type\":\"SearchAction\",\"target\":{\"@type\":\"EntryPoint\",\"urlTemplate\":\"https:\/\/buscoequipomedico.com\/?s={search_term_string}\"},\"query-input\":{\"@type\":\"PropertyValueSpecification\",\"valueRequired\":true,\"valueName\":\"search_term_string\"}}],\"inLanguage\":\"es\"},{\"@type\":\"Organization\",\"@id\":\"https:\/\/buscoequipomedico.com\/#organization\",\"name\":\"Tu mejor opci\u00f3n Equipo M\u00e9dico M\u00e9xico\",\"url\":\"https:\/\/buscoequipomedico.com\/\",\"logo\":{\"@type\":\"ImageObject\",\"inLanguage\":\"es\",\"@id\":\"https:\/\/buscoequipomedico.com\/#\/schema\/logo\/image\/\",\"url\":\"https:\/\/buscoequipomedico.com\/wp-content\/uploads\/2021\/07\/EMM-VPrincipal-scaled.jpg\",\"contentUrl\":\"https:\/\/buscoequipomedico.com\/wp-content\/uploads\/2021\/07\/EMM-VPrincipal-scaled.jpg\",\"width\":2560,\"height\":1058,\"caption\":\"Tu mejor opci\u00f3n Equipo M\u00e9dico M\u00e9xico\"},\"image\":{\"@id\":\"https:\/\/buscoequipomedico.com\/#\/schema\/logo\/image\/\"}}]}<\/script>\n<!-- \/ Yoast SEO plugin. -->","yoast_head_json":{"title":"SILLA PARA DONACI\u00d3N DE SANGRE, ALTURA VARIABLE - Tu mejor opci\u00f3n Equipo M\u00e9dico M\u00e9xico","robots":{"index":"index","follow":"follow","max-snippet":"max-snippet:-1","max-image-preview":"max-image-preview:large","max-video-preview":"max-video-preview:-1"},"canonical":"https:\/\/buscoequipomedico.com\/?product=silla-para-donacion-de-sangre-altura-variable","og_locale":"es_ES","og_type":"article","og_title":"SILLA PARA DONACI\u00d3N DE SANGRE, ALTURA VARIABLE - Tu mejor opci\u00f3n Equipo M\u00e9dico M\u00e9xico","og_description":"Silla para donaci\u00f3n de sangre de altura variable","og_url":"https:\/\/buscoequipomedico.com\/?product=silla-para-donacion-de-sangre-altura-variable","og_site_name":"Tu mejor opci\u00f3n Equipo M\u00e9dico M\u00e9xico","article_modified_time":"2020-02-18T07:34:47+00:00","og_image":[{"width":800,"height":800,"url":"https:\/\/buscoequipomedico.com\/wp-content\/uploads\/2020\/02\/silla-para-donacion-de-sangre-altura-variable-silla-para-donacion-de-sangre-de-altura-variable.jpg","type":"image\/jpeg"}],"twitter_card":"summary_large_image","twitter_misc":{"Tiempo de lectura":"1 minuto"},"schema":{"@context":"https:\/\/schema.org","@graph":[{"@type":"WebPage","@id":"https:\/\/buscoequipomedico.com\/?product=silla-para-donacion-de-sangre-altura-variable","url":"https:\/\/buscoequipomedico.com\/?product=silla-para-donacion-de-sangre-altura-variable","name":"SILLA PARA DONACI\u00d3N DE SANGRE, ALTURA VARIABLE - Tu mejor opci\u00f3n Equipo M\u00e9dico M\u00e9xico","isPartOf":{"@id":"https:\/\/buscoequipomedico.com\/#website"},"primaryImageOfPage":{"@id":"https:\/\/buscoequipomedico.com\/?product=silla-para-donacion-de-sangre-altura-variable#primaryimage"},"image":{"@id":"https:\/\/buscoequipomedico.com\/?product=silla-para-donacion-de-sangre-altura-variable#primaryimage"},"thumbnailUrl":"https:\/\/buscoequipomedico.com\/wp-content\/uploads\/2020\/02\/silla-para-donacion-de-sangre-altura-variable-silla-para-donacion-de-sangre-de-altura-variable.jpg","datePublished":"2020-02-18T07:34:45+00:00","dateModified":"2020-02-18T07:34:47+00:00","breadcrumb":{"@id":"https:\/\/buscoequipomedico.com\/?product=silla-para-donacion-de-sangre-altura-variable#breadcrumb"},"inLanguage":"es","potentialAction":[{"@type":"ReadAction","target":["https:\/\/buscoequipomedico.com\/?product=silla-para-donacion-de-sangre-altura-variable"]}]},{"@type":"ImageObject","inLanguage":"es","@id":"https:\/\/buscoequipomedico.com\/?product=silla-para-donacion-de-sangre-altura-variable#primaryimage","url":"https:\/\/buscoequipomedico.com\/wp-content\/uploads\/2020\/02\/silla-para-donacion-de-sangre-altura-variable-silla-para-donacion-de-sangre-de-altura-variable.jpg","contentUrl":"https:\/\/buscoequipomedico.com\/wp-content\/uploads\/2020\/02\/silla-para-donacion-de-sangre-altura-variable-silla-para-donacion-de-sangre-de-altura-variable.jpg","width":800,"height":800},{"@type":"BreadcrumbList","@id":"https:\/\/buscoequipomedico.com\/?product=silla-para-donacion-de-sangre-altura-variable#breadcrumb","itemListElement":[{"@type":"ListItem","position":1,"name":"Productos","item":"https:\/\/buscoequipomedico.com\/shop\/"},{"@type":"ListItem","position":2,"name":"SILLA PARA DONACI\u00d3N DE SANGRE, ALTURA VARIABLE"}]},{"@type":"WebSite","@id":"https:\/\/buscoequipomedico.com\/#website","url":"https:\/\/buscoequipomedico.com\/","name":"Tu mejor opci\u00f3n Equipo M\u00e9dico M\u00e9xico","description":"Tienda de equipo m\u00e9dico","publisher":{"@id":"https:\/\/buscoequipomedico.com\/#organization"},"potentialAction":[{"@type":"SearchAction","target":{"@type":"EntryPoint","urlTemplate":"https:\/\/buscoequipomedico.com\/?s={search_term_string}"},"query-input":{"@type":"PropertyValueSpecification","valueRequired":true,"valueName":"search_term_string"}}],"inLanguage":"es"},{"@type":"Organization","@id":"https:\/\/buscoequipomedico.com\/#organization","name":"Tu mejor opci\u00f3n Equipo M\u00e9dico M\u00e9xico","url":"https:\/\/buscoequipomedico.com\/","logo":{"@type":"ImageObject","inLanguage":"es","@id":"https:\/\/buscoequipomedico.com\/#\/schema\/logo\/image\/","url":"https:\/\/buscoequipomedico.com\/wp-content\/uploads\/2021\/07\/EMM-VPrincipal-scaled.jpg","contentUrl":"https:\/\/buscoequipomedico.com\/wp-content\/uploads\/2021\/07\/EMM-VPrincipal-scaled.jpg","width":2560,"height":1058,"caption":"Tu mejor opci\u00f3n Equipo M\u00e9dico M\u00e9xico"},"image":{"@id":"https:\/\/buscoequipomedico.com\/#\/schema\/logo\/image\/"}}]}},"_links":{"self":[{"href":"https:\/\/buscoequipomedico.com\/index.php?rest_route=\/wp\/v2\/product\/12178","targetHints":{"allow":["GET"]}}],"collection":[{"href":"https:\/\/buscoequipomedico.com\/index.php?rest_route=\/wp\/v2\/product"}],"about":[{"href":"https:\/\/buscoequipomedico.com\/index.php?rest_route=\/wp\/v2\/types\/product"}],"wp:featuredmedia":[{"embeddable":true,"href":"https:\/\/buscoequipomedico.com\/index.php?rest_route=\/wp\/v2\/media\/12179"}],"wp:attachment":[{"href":"https:\/\/buscoequipomedico.com\/index.php?rest_route=%2Fwp%2Fv2%2Fmedia&parent=12178"}],"wp:term":[{"taxonomy":"product_brand","embeddable":true,"href":"https:\/\/buscoequipomedico.com\/index.php?rest_route=%2Fwp%2Fv2%2Fproduct_brand&post=12178"},{"taxonomy":"product_cat","embeddable":true,"href":"https:\/\/buscoequipomedico.com\/index.php?rest_route=%2Fwp%2Fv2%2Fproduct_cat&post=12178"},{"taxonomy":"product_tag","embeddable":true,"href":"https:\/\/buscoequipomedico.com\/index.php?rest_route=%2Fwp%2Fv2%2Fproduct_tag&post=12178"}],"curies":[{"name":"wp","href":"https:\/\/api.w.org\/{rel}","templated":true}]}}