{"id":12182,"date":"2020-02-18T07:34:45","date_gmt":"2020-02-18T07:34:45","guid":{"rendered":"https:\/\/equipomedicomexico-com.preview-domain.com\/product\/silla-para-urologia-electrica\/"},"modified":"2020-02-18T07:34:47","modified_gmt":"2020-02-18T07:34:47","slug":"silla-para-urologia-electrica","status":"publish","type":"product","link":"https:\/\/buscoequipomedico.com\/?product=silla-para-urologia-electrica","title":{"rendered":"SILLA PARA UROLOG\u00cdA EL\u00c9CTRICA"},"content":{"rendered":"<p>Silla espec\u00edficamente dise\u00f1ado para ser utilizado en las cirug\u00edas y los entornos de hospital para urolog\u00eda, ultrasonido y visitas de diagn\u00f3stico.<\/p>\n<p>Cada ajuste de la silla se permite por una consola m\u00f3vil pies con 6 pedales integrados que activan tres actuadores el\u00e9ctricos.<\/p>\n<p>Tales actuadores de control de la adjument altura a trav\u00e9s de una columna con el sistema de la br\u00fajula , el movimiento Trendelenburg y el respaldo hacia arriba \/ abajo.<\/p>\n<p>La ergonom\u00eda se ha adaptado a las necesidades del cliente , ofreciendo el m\u00e1ximo confort para el paciente. La estructura es de acero, incluidas las resinas de poli\u00e9ster Interpon 700AB.<\/p>\n<p>Tales resinas garantizan altos est\u00e1ndares de protecci\u00f3n y, sobre todo , que fuera er un nivel alto de resistencia durante la limpieza y desinfecci\u00f3n de las operaciones.<\/p>\n<p>Es posible mover el sill\u00f3n a trav\u00e9s de las ruedas puesto bajo el s\u00f3tano , durante los procedimientos de limpieza.<\/p>\n<p>Acolchado anat\u00f3mico del respaldo y asiento de espuma de poliuretano retardante de fuego, con un dise\u00f1o elegante y sencillo.<\/p>\n<p>Clase retardante de fuego tapicer\u00eda tela 1IM , lavable y sin fisuras.<\/p>\n<p>Movimientos Los ajustes de altura y de respaldo junto con el movimiento de Trendelenburg son realizadas por las el\u00e9ctricas 24V 3 actuadores controlados por una consola pie m\u00f3vil con 6 pedales , con protecci\u00f3n el\u00e9ctrica IP66<\/p>\n<p>&#8211; Ajuste de la altura 520-810 mm\u00a0<\/p>\n<p>&#8211; Ajuste de Trendelenburg 12 \u00b0<\/p>\n<p>&#8211; Ajuste del respaldo el\u00e9ctrico de 10 \u00b0 a 75 \u00b0 Un pedal de pie colocado en el lado posterior de la s\u00f3tano permite la cama para ser desbloqueado y se traslad\u00f3.<\/p>\n","protected":false},"excerpt":{"rendered":"<p>Silla espec\u00edficamente dise\u00f1ado para ser utilizado en las cirug\u00edas y los entornos de hospital para urolog\u00eda, ultrasonido y visitas de diagn\u00f3stico .\u00a0<\/p>\n","protected":false},"featured_media":12183,"template":"","meta":{"_joinchat":[]},"product_brand":[],"product_cat":[213],"product_tag":[],"class_list":{"0":"post-12182","1":"product","2":"type-product","3":"status-publish","4":"has-post-thumbnail","6":"product_cat-concentradores","7":"pa_marca-givas","9":"first","10":"instock","11":"purchasable","12":"product-type-simple"},"yoast_head":"<!-- This site is optimized with the Yoast SEO plugin v25.1 - https:\/\/yoast.com\/wordpress\/plugins\/seo\/ -->\n<title>SILLA PARA UROLOG\u00cdA EL\u00c9CTRICA - Tu mejor opci\u00f3n Equipo M\u00e9dico M\u00e9xico<\/title>\n<meta name=\"robots\" content=\"index, follow, max-snippet:-1, max-image-preview:large, max-video-preview:-1\" \/>\n<link rel=\"canonical\" href=\"https:\/\/buscoequipomedico.com\/?product=silla-para-urologia-electrica\" \/>\n<meta property=\"og:locale\" content=\"es_ES\" \/>\n<meta property=\"og:type\" content=\"article\" \/>\n<meta property=\"og:title\" content=\"SILLA PARA UROLOG\u00cdA EL\u00c9CTRICA - Tu mejor opci\u00f3n Equipo M\u00e9dico M\u00e9xico\" \/>\n<meta property=\"og:description\" content=\"Silla espec\u00edficamente dise\u00f1ado para ser utilizado en las cirug\u00edas y los entornos de hospital para urolog\u00eda, ultrasonido y visitas de diagn\u00f3stico .\u00a0\" \/>\n<meta property=\"og:url\" content=\"https:\/\/buscoequipomedico.com\/?product=silla-para-urologia-electrica\" \/>\n<meta property=\"og:site_name\" content=\"Tu mejor opci\u00f3n Equipo M\u00e9dico M\u00e9xico\" \/>\n<meta property=\"article:modified_time\" content=\"2020-02-18T07:34:47+00:00\" \/>\n<meta property=\"og:image\" content=\"https:\/\/buscoequipomedico.com\/wp-content\/uploads\/2020\/02\/silla-para-urologia-electrica-silla-especificamente-disenado-para-ser-utilizado-en-las-cirugias-y-los-entornos-de-hospital-para.jpg\" \/>\n\t<meta property=\"og:image:width\" content=\"800\" \/>\n\t<meta property=\"og:image:height\" content=\"800\" \/>\n\t<meta property=\"og:image:type\" content=\"image\/jpeg\" \/>\n<meta name=\"twitter:card\" content=\"summary_large_image\" \/>\n<meta name=\"twitter:label1\" content=\"Tiempo de lectura\" \/>\n\t<meta name=\"twitter:data1\" content=\"1 minuto\" \/>\n<script type=\"application\/ld+json\" class=\"yoast-schema-graph\">{\"@context\":\"https:\/\/schema.org\",\"@graph\":[{\"@type\":\"WebPage\",\"@id\":\"https:\/\/buscoequipomedico.com\/?product=silla-para-urologia-electrica\",\"url\":\"https:\/\/buscoequipomedico.com\/?product=silla-para-urologia-electrica\",\"name\":\"SILLA PARA UROLOG\u00cdA EL\u00c9CTRICA - Tu mejor opci\u00f3n Equipo M\u00e9dico M\u00e9xico\",\"isPartOf\":{\"@id\":\"https:\/\/buscoequipomedico.com\/#website\"},\"primaryImageOfPage\":{\"@id\":\"https:\/\/buscoequipomedico.com\/?product=silla-para-urologia-electrica#primaryimage\"},\"image\":{\"@id\":\"https:\/\/buscoequipomedico.com\/?product=silla-para-urologia-electrica#primaryimage\"},\"thumbnailUrl\":\"https:\/\/buscoequipomedico.com\/wp-content\/uploads\/2020\/02\/silla-para-urologia-electrica-silla-especificamente-disenado-para-ser-utilizado-en-las-cirugias-y-los-entornos-de-hospital-para.jpg\",\"datePublished\":\"2020-02-18T07:34:45+00:00\",\"dateModified\":\"2020-02-18T07:34:47+00:00\",\"breadcrumb\":{\"@id\":\"https:\/\/buscoequipomedico.com\/?product=silla-para-urologia-electrica#breadcrumb\"},\"inLanguage\":\"es\",\"potentialAction\":[{\"@type\":\"ReadAction\",\"target\":[\"https:\/\/buscoequipomedico.com\/?product=silla-para-urologia-electrica\"]}]},{\"@type\":\"ImageObject\",\"inLanguage\":\"es\",\"@id\":\"https:\/\/buscoequipomedico.com\/?product=silla-para-urologia-electrica#primaryimage\",\"url\":\"https:\/\/buscoequipomedico.com\/wp-content\/uploads\/2020\/02\/silla-para-urologia-electrica-silla-especificamente-disenado-para-ser-utilizado-en-las-cirugias-y-los-entornos-de-hospital-para.jpg\",\"contentUrl\":\"https:\/\/buscoequipomedico.com\/wp-content\/uploads\/2020\/02\/silla-para-urologia-electrica-silla-especificamente-disenado-para-ser-utilizado-en-las-cirugias-y-los-entornos-de-hospital-para.jpg\",\"width\":800,\"height\":800},{\"@type\":\"BreadcrumbList\",\"@id\":\"https:\/\/buscoequipomedico.com\/?product=silla-para-urologia-electrica#breadcrumb\",\"itemListElement\":[{\"@type\":\"ListItem\",\"position\":1,\"name\":\"Productos\",\"item\":\"https:\/\/buscoequipomedico.com\/shop\/\"},{\"@type\":\"ListItem\",\"position\":2,\"name\":\"SILLA PARA UROLOG\u00cdA EL\u00c9CTRICA\"}]},{\"@type\":\"WebSite\",\"@id\":\"https:\/\/buscoequipomedico.com\/#website\",\"url\":\"https:\/\/buscoequipomedico.com\/\",\"name\":\"Tu mejor opci\u00f3n Equipo M\u00e9dico M\u00e9xico\",\"description\":\"Tienda de equipo m\u00e9dico\",\"publisher\":{\"@id\":\"https:\/\/buscoequipomedico.com\/#organization\"},\"potentialAction\":[{\"@type\":\"SearchAction\",\"target\":{\"@type\":\"EntryPoint\",\"urlTemplate\":\"https:\/\/buscoequipomedico.com\/?s={search_term_string}\"},\"query-input\":{\"@type\":\"PropertyValueSpecification\",\"valueRequired\":true,\"valueName\":\"search_term_string\"}}],\"inLanguage\":\"es\"},{\"@type\":\"Organization\",\"@id\":\"https:\/\/buscoequipomedico.com\/#organization\",\"name\":\"Tu mejor opci\u00f3n Equipo M\u00e9dico M\u00e9xico\",\"url\":\"https:\/\/buscoequipomedico.com\/\",\"logo\":{\"@type\":\"ImageObject\",\"inLanguage\":\"es\",\"@id\":\"https:\/\/buscoequipomedico.com\/#\/schema\/logo\/image\/\",\"url\":\"https:\/\/buscoequipomedico.com\/wp-content\/uploads\/2021\/07\/EMM-VPrincipal-scaled.jpg\",\"contentUrl\":\"https:\/\/buscoequipomedico.com\/wp-content\/uploads\/2021\/07\/EMM-VPrincipal-scaled.jpg\",\"width\":2560,\"height\":1058,\"caption\":\"Tu mejor opci\u00f3n Equipo M\u00e9dico M\u00e9xico\"},\"image\":{\"@id\":\"https:\/\/buscoequipomedico.com\/#\/schema\/logo\/image\/\"}}]}<\/script>\n<!-- \/ Yoast SEO plugin. -->","yoast_head_json":{"title":"SILLA PARA UROLOG\u00cdA EL\u00c9CTRICA - Tu mejor opci\u00f3n Equipo M\u00e9dico M\u00e9xico","robots":{"index":"index","follow":"follow","max-snippet":"max-snippet:-1","max-image-preview":"max-image-preview:large","max-video-preview":"max-video-preview:-1"},"canonical":"https:\/\/buscoequipomedico.com\/?product=silla-para-urologia-electrica","og_locale":"es_ES","og_type":"article","og_title":"SILLA PARA UROLOG\u00cdA EL\u00c9CTRICA - Tu mejor opci\u00f3n Equipo M\u00e9dico M\u00e9xico","og_description":"Silla espec\u00edficamente dise\u00f1ado para ser utilizado en las cirug\u00edas y los entornos de hospital para urolog\u00eda, ultrasonido y visitas de diagn\u00f3stico .\u00a0","og_url":"https:\/\/buscoequipomedico.com\/?product=silla-para-urologia-electrica","og_site_name":"Tu mejor opci\u00f3n Equipo M\u00e9dico M\u00e9xico","article_modified_time":"2020-02-18T07:34:47+00:00","og_image":[{"width":800,"height":800,"url":"https:\/\/buscoequipomedico.com\/wp-content\/uploads\/2020\/02\/silla-para-urologia-electrica-silla-especificamente-disenado-para-ser-utilizado-en-las-cirugias-y-los-entornos-de-hospital-para.jpg","type":"image\/jpeg"}],"twitter_card":"summary_large_image","twitter_misc":{"Tiempo de lectura":"1 minuto"},"schema":{"@context":"https:\/\/schema.org","@graph":[{"@type":"WebPage","@id":"https:\/\/buscoequipomedico.com\/?product=silla-para-urologia-electrica","url":"https:\/\/buscoequipomedico.com\/?product=silla-para-urologia-electrica","name":"SILLA PARA UROLOG\u00cdA EL\u00c9CTRICA - Tu mejor opci\u00f3n Equipo M\u00e9dico M\u00e9xico","isPartOf":{"@id":"https:\/\/buscoequipomedico.com\/#website"},"primaryImageOfPage":{"@id":"https:\/\/buscoequipomedico.com\/?product=silla-para-urologia-electrica#primaryimage"},"image":{"@id":"https:\/\/buscoequipomedico.com\/?product=silla-para-urologia-electrica#primaryimage"},"thumbnailUrl":"https:\/\/buscoequipomedico.com\/wp-content\/uploads\/2020\/02\/silla-para-urologia-electrica-silla-especificamente-disenado-para-ser-utilizado-en-las-cirugias-y-los-entornos-de-hospital-para.jpg","datePublished":"2020-02-18T07:34:45+00:00","dateModified":"2020-02-18T07:34:47+00:00","breadcrumb":{"@id":"https:\/\/buscoequipomedico.com\/?product=silla-para-urologia-electrica#breadcrumb"},"inLanguage":"es","potentialAction":[{"@type":"ReadAction","target":["https:\/\/buscoequipomedico.com\/?product=silla-para-urologia-electrica"]}]},{"@type":"ImageObject","inLanguage":"es","@id":"https:\/\/buscoequipomedico.com\/?product=silla-para-urologia-electrica#primaryimage","url":"https:\/\/buscoequipomedico.com\/wp-content\/uploads\/2020\/02\/silla-para-urologia-electrica-silla-especificamente-disenado-para-ser-utilizado-en-las-cirugias-y-los-entornos-de-hospital-para.jpg","contentUrl":"https:\/\/buscoequipomedico.com\/wp-content\/uploads\/2020\/02\/silla-para-urologia-electrica-silla-especificamente-disenado-para-ser-utilizado-en-las-cirugias-y-los-entornos-de-hospital-para.jpg","width":800,"height":800},{"@type":"BreadcrumbList","@id":"https:\/\/buscoequipomedico.com\/?product=silla-para-urologia-electrica#breadcrumb","itemListElement":[{"@type":"ListItem","position":1,"name":"Productos","item":"https:\/\/buscoequipomedico.com\/shop\/"},{"@type":"ListItem","position":2,"name":"SILLA PARA UROLOG\u00cdA EL\u00c9CTRICA"}]},{"@type":"WebSite","@id":"https:\/\/buscoequipomedico.com\/#website","url":"https:\/\/buscoequipomedico.com\/","name":"Tu mejor opci\u00f3n Equipo M\u00e9dico M\u00e9xico","description":"Tienda de equipo m\u00e9dico","publisher":{"@id":"https:\/\/buscoequipomedico.com\/#organization"},"potentialAction":[{"@type":"SearchAction","target":{"@type":"EntryPoint","urlTemplate":"https:\/\/buscoequipomedico.com\/?s={search_term_string}"},"query-input":{"@type":"PropertyValueSpecification","valueRequired":true,"valueName":"search_term_string"}}],"inLanguage":"es"},{"@type":"Organization","@id":"https:\/\/buscoequipomedico.com\/#organization","name":"Tu mejor opci\u00f3n Equipo M\u00e9dico M\u00e9xico","url":"https:\/\/buscoequipomedico.com\/","logo":{"@type":"ImageObject","inLanguage":"es","@id":"https:\/\/buscoequipomedico.com\/#\/schema\/logo\/image\/","url":"https:\/\/buscoequipomedico.com\/wp-content\/uploads\/2021\/07\/EMM-VPrincipal-scaled.jpg","contentUrl":"https:\/\/buscoequipomedico.com\/wp-content\/uploads\/2021\/07\/EMM-VPrincipal-scaled.jpg","width":2560,"height":1058,"caption":"Tu mejor opci\u00f3n Equipo M\u00e9dico M\u00e9xico"},"image":{"@id":"https:\/\/buscoequipomedico.com\/#\/schema\/logo\/image\/"}}]}},"_links":{"self":[{"href":"https:\/\/buscoequipomedico.com\/index.php?rest_route=\/wp\/v2\/product\/12182","targetHints":{"allow":["GET"]}}],"collection":[{"href":"https:\/\/buscoequipomedico.com\/index.php?rest_route=\/wp\/v2\/product"}],"about":[{"href":"https:\/\/buscoequipomedico.com\/index.php?rest_route=\/wp\/v2\/types\/product"}],"wp:featuredmedia":[{"embeddable":true,"href":"https:\/\/buscoequipomedico.com\/index.php?rest_route=\/wp\/v2\/media\/12183"}],"wp:attachment":[{"href":"https:\/\/buscoequipomedico.com\/index.php?rest_route=%2Fwp%2Fv2%2Fmedia&parent=12182"}],"wp:term":[{"taxonomy":"product_brand","embeddable":true,"href":"https:\/\/buscoequipomedico.com\/index.php?rest_route=%2Fwp%2Fv2%2Fproduct_brand&post=12182"},{"taxonomy":"product_cat","embeddable":true,"href":"https:\/\/buscoequipomedico.com\/index.php?rest_route=%2Fwp%2Fv2%2Fproduct_cat&post=12182"},{"taxonomy":"product_tag","embeddable":true,"href":"https:\/\/buscoequipomedico.com\/index.php?rest_route=%2Fwp%2Fv2%2Fproduct_tag&post=12182"}],"curies":[{"name":"wp","href":"https:\/\/api.w.org\/{rel}","templated":true}]}}