{"id":12190,"date":"2020-02-18T07:34:45","date_gmt":"2020-02-18T07:34:45","guid":{"rendered":"https:\/\/equipomedicomexico-com.preview-domain.com\/product\/mesa-de-exploracion-general-electica-con-cajon-frontal\/"},"modified":"2020-02-18T07:34:48","modified_gmt":"2020-02-18T07:34:48","slug":"mesa-de-exploracion-general-electica-con-cajon-frontal","status":"publish","type":"product","link":"https:\/\/buscoequipomedico.com\/?product=mesa-de-exploracion-general-electica-con-cajon-frontal","title":{"rendered":"MESA DE EXPLORACI\u00d3N GENERAL EL\u00c9CTICA CON CAJ\u00d3N FRONTAL"},"content":{"rendered":"<h3><span>Seguridad avanzada<\/span><\/h3>\n<ul>\n<li><span>La exclusiva extensi\u00f3n de pierna SafeGlide &#x2122; aumenta la seguridad y la satisfacci\u00f3n<\/span><\/li>\n<li><span>Las barras de agarre de transferencia de pacientes opcionales brindan a los pacientes un punto de agarre estable y seguro para usar al subir y bajar de la mesa<\/span><\/li>\n<li><span>Las barras de agarre de transferencia se balancean convenientemente para transferencias laterales de silla de ruedas laterales m\u00e1s simples e independientes<\/span><\/li>\n<li><span>Estribos ergon\u00f3micos opcionales<\/span><\/li>\n<\/ul>\n<h3><span>Gran caj\u00f3n de almacenamiento frontal<\/span><\/h3>\n<ul>\n<li><span>Caj\u00f3n delantero: 19.7 \u00abx 19.2\u00bb x 4 \u00ab(50.3 cm x 48.8 cm x 9.7 cm)<\/span><\/li>\n<li><span>El caj\u00f3n frontal de almacenamiento puede acomodar hasta 6 &#8211; 18 \u00abx 3\u00bb rollos de papel<\/span><\/li>\n<\/ul>\n<h3><span>Especificaciones de la mesa<\/span><\/h3>\n<ul>\n<li><span>Capacidad de peso de 700 lb (317 kg)<\/span><\/li>\n<li><span>Altura: 18 \u00ab- 37\u00bb (45,7 cm &#8211; 94 cm)<\/span><\/li>\n<li><span>Longitud de extensi\u00f3n de la pierna SafeGlide: 21 \u2033 (53,3 cm)<\/span><\/li>\n<li><span>Control de pie est\u00e1ndar<\/span><\/li>\n<li><span>Garant\u00eda est\u00e1ndar de 3 a\u00f1os.<\/span><\/li>\n<li><span>Tapizado est\u00e1ndar f\u00e1cil de limpiar y sin costuras<\/span><\/li>\n<li><span>12 opciones de color de tapicer\u00eda est\u00e1ndar<\/span><\/li>\n<li><span>Tapizado resistente al fuego CAL-133 disponible en 4 colores<\/span><\/li>\n<li><span>Colores personalizados tambi\u00e9n disponibles<\/span><\/li>\n<li><span>Longitud: 57 \u00ab, se extiende a 78\u00bb (144.8 cm &#8211; 198.1 cm)<\/span><\/li>\n<li><span>Ancho de la tapicer\u00eda: 28 \u00ab(71.1 cm)<\/span><\/li>\n<li><span>115VAC, 60Hz, 6.0 amperios m\u00e1x.<\/span><\/li>\n<li><span>Actuadores seguros de bajo voltaje<\/span><\/li>\n<li><span>F\u00e1cil de limpiar, tapizado sin costuras<\/span><\/li>\n<li><span>12 opciones de color de tapicer\u00eda est\u00e1ndar<\/span><\/li>\n<li><span>Colores personalizados disponibles<\/span><\/li>\n<\/ul>\n","protected":false},"excerpt":{"rendered":"<p>MESA DE EXPLORACI\u00d3N GENERAL EL\u00c9CTICA CON CAJ\u00d3N FRONTAL.<\/p>\n<p>RESPALDO NEUM\u00c1TICO<\/p>\n","protected":false},"featured_media":12191,"template":"","meta":{"_joinchat":[]},"product_brand":[],"product_cat":[213],"product_tag":[],"class_list":{"0":"post-12190","1":"product","2":"type-product","3":"status-publish","4":"has-post-thumbnail","6":"product_cat-concentradores","7":"pa_marca-brewer","9":"first","10":"instock","11":"purchasable","12":"product-type-simple"},"yoast_head":"<!-- This site is optimized with the Yoast SEO plugin v25.1 - https:\/\/yoast.com\/wordpress\/plugins\/seo\/ -->\n<title>MESA DE EXPLORACI\u00d3N GENERAL EL\u00c9CTICA CON CAJ\u00d3N FRONTAL - Tu mejor opci\u00f3n Equipo M\u00e9dico M\u00e9xico<\/title>\n<meta name=\"robots\" content=\"index, follow, max-snippet:-1, max-image-preview:large, max-video-preview:-1\" \/>\n<link rel=\"canonical\" href=\"https:\/\/buscoequipomedico.com\/?product=mesa-de-exploracion-general-electica-con-cajon-frontal\" \/>\n<meta property=\"og:locale\" content=\"es_ES\" \/>\n<meta property=\"og:type\" content=\"article\" \/>\n<meta property=\"og:title\" content=\"MESA DE EXPLORACI\u00d3N GENERAL EL\u00c9CTICA CON CAJ\u00d3N FRONTAL - Tu mejor opci\u00f3n Equipo M\u00e9dico M\u00e9xico\" \/>\n<meta property=\"og:description\" content=\"MESA DE EXPLORACI\u00d3N GENERAL EL\u00c9CTICA CON CAJ\u00d3N FRONTAL. RESPALDO NEUM\u00c1TICO\" \/>\n<meta property=\"og:url\" content=\"https:\/\/buscoequipomedico.com\/?product=mesa-de-exploracion-general-electica-con-cajon-frontal\" \/>\n<meta property=\"og:site_name\" content=\"Tu mejor opci\u00f3n Equipo M\u00e9dico M\u00e9xico\" \/>\n<meta property=\"article:modified_time\" content=\"2020-02-18T07:34:48+00:00\" \/>\n<meta property=\"og:image\" content=\"https:\/\/buscoequipomedico.com\/wp-content\/uploads\/2020\/02\/mesa-de-exploracion-general-electica-con-cajon-frontal-mesa-de-exploracion-general-electica-con-cajon-frontal-respaldo-neumatico.jpg\" \/>\n\t<meta property=\"og:image:width\" content=\"800\" \/>\n\t<meta property=\"og:image:height\" content=\"800\" \/>\n\t<meta property=\"og:image:type\" content=\"image\/jpeg\" \/>\n<meta name=\"twitter:card\" content=\"summary_large_image\" \/>\n<meta name=\"twitter:label1\" content=\"Tiempo de lectura\" \/>\n\t<meta name=\"twitter:data1\" content=\"1 minuto\" \/>\n<script type=\"application\/ld+json\" class=\"yoast-schema-graph\">{\"@context\":\"https:\/\/schema.org\",\"@graph\":[{\"@type\":\"WebPage\",\"@id\":\"https:\/\/buscoequipomedico.com\/?product=mesa-de-exploracion-general-electica-con-cajon-frontal\",\"url\":\"https:\/\/buscoequipomedico.com\/?product=mesa-de-exploracion-general-electica-con-cajon-frontal\",\"name\":\"MESA DE EXPLORACI\u00d3N GENERAL EL\u00c9CTICA CON CAJ\u00d3N FRONTAL - Tu mejor opci\u00f3n Equipo M\u00e9dico M\u00e9xico\",\"isPartOf\":{\"@id\":\"https:\/\/buscoequipomedico.com\/#website\"},\"primaryImageOfPage\":{\"@id\":\"https:\/\/buscoequipomedico.com\/?product=mesa-de-exploracion-general-electica-con-cajon-frontal#primaryimage\"},\"image\":{\"@id\":\"https:\/\/buscoequipomedico.com\/?product=mesa-de-exploracion-general-electica-con-cajon-frontal#primaryimage\"},\"thumbnailUrl\":\"https:\/\/buscoequipomedico.com\/wp-content\/uploads\/2020\/02\/mesa-de-exploracion-general-electica-con-cajon-frontal-mesa-de-exploracion-general-electica-con-cajon-frontal-respaldo-neumatico.jpg\",\"datePublished\":\"2020-02-18T07:34:45+00:00\",\"dateModified\":\"2020-02-18T07:34:48+00:00\",\"breadcrumb\":{\"@id\":\"https:\/\/buscoequipomedico.com\/?product=mesa-de-exploracion-general-electica-con-cajon-frontal#breadcrumb\"},\"inLanguage\":\"es\",\"potentialAction\":[{\"@type\":\"ReadAction\",\"target\":[\"https:\/\/buscoequipomedico.com\/?product=mesa-de-exploracion-general-electica-con-cajon-frontal\"]}]},{\"@type\":\"ImageObject\",\"inLanguage\":\"es\",\"@id\":\"https:\/\/buscoequipomedico.com\/?product=mesa-de-exploracion-general-electica-con-cajon-frontal#primaryimage\",\"url\":\"https:\/\/buscoequipomedico.com\/wp-content\/uploads\/2020\/02\/mesa-de-exploracion-general-electica-con-cajon-frontal-mesa-de-exploracion-general-electica-con-cajon-frontal-respaldo-neumatico.jpg\",\"contentUrl\":\"https:\/\/buscoequipomedico.com\/wp-content\/uploads\/2020\/02\/mesa-de-exploracion-general-electica-con-cajon-frontal-mesa-de-exploracion-general-electica-con-cajon-frontal-respaldo-neumatico.jpg\",\"width\":800,\"height\":800},{\"@type\":\"BreadcrumbList\",\"@id\":\"https:\/\/buscoequipomedico.com\/?product=mesa-de-exploracion-general-electica-con-cajon-frontal#breadcrumb\",\"itemListElement\":[{\"@type\":\"ListItem\",\"position\":1,\"name\":\"Productos\",\"item\":\"https:\/\/buscoequipomedico.com\/shop\/\"},{\"@type\":\"ListItem\",\"position\":2,\"name\":\"MESA DE EXPLORACI\u00d3N GENERAL EL\u00c9CTICA CON CAJ\u00d3N FRONTAL\"}]},{\"@type\":\"WebSite\",\"@id\":\"https:\/\/buscoequipomedico.com\/#website\",\"url\":\"https:\/\/buscoequipomedico.com\/\",\"name\":\"Tu mejor opci\u00f3n Equipo M\u00e9dico M\u00e9xico\",\"description\":\"Tienda de equipo m\u00e9dico\",\"publisher\":{\"@id\":\"https:\/\/buscoequipomedico.com\/#organization\"},\"potentialAction\":[{\"@type\":\"SearchAction\",\"target\":{\"@type\":\"EntryPoint\",\"urlTemplate\":\"https:\/\/buscoequipomedico.com\/?s={search_term_string}\"},\"query-input\":{\"@type\":\"PropertyValueSpecification\",\"valueRequired\":true,\"valueName\":\"search_term_string\"}}],\"inLanguage\":\"es\"},{\"@type\":\"Organization\",\"@id\":\"https:\/\/buscoequipomedico.com\/#organization\",\"name\":\"Tu mejor opci\u00f3n Equipo M\u00e9dico M\u00e9xico\",\"url\":\"https:\/\/buscoequipomedico.com\/\",\"logo\":{\"@type\":\"ImageObject\",\"inLanguage\":\"es\",\"@id\":\"https:\/\/buscoequipomedico.com\/#\/schema\/logo\/image\/\",\"url\":\"https:\/\/buscoequipomedico.com\/wp-content\/uploads\/2021\/07\/EMM-VPrincipal-scaled.jpg\",\"contentUrl\":\"https:\/\/buscoequipomedico.com\/wp-content\/uploads\/2021\/07\/EMM-VPrincipal-scaled.jpg\",\"width\":2560,\"height\":1058,\"caption\":\"Tu mejor opci\u00f3n Equipo M\u00e9dico M\u00e9xico\"},\"image\":{\"@id\":\"https:\/\/buscoequipomedico.com\/#\/schema\/logo\/image\/\"}}]}<\/script>\n<!-- \/ Yoast SEO plugin. -->","yoast_head_json":{"title":"MESA DE EXPLORACI\u00d3N GENERAL EL\u00c9CTICA CON CAJ\u00d3N FRONTAL - Tu mejor opci\u00f3n Equipo M\u00e9dico M\u00e9xico","robots":{"index":"index","follow":"follow","max-snippet":"max-snippet:-1","max-image-preview":"max-image-preview:large","max-video-preview":"max-video-preview:-1"},"canonical":"https:\/\/buscoequipomedico.com\/?product=mesa-de-exploracion-general-electica-con-cajon-frontal","og_locale":"es_ES","og_type":"article","og_title":"MESA DE EXPLORACI\u00d3N GENERAL EL\u00c9CTICA CON CAJ\u00d3N FRONTAL - Tu mejor opci\u00f3n Equipo M\u00e9dico M\u00e9xico","og_description":"MESA DE EXPLORACI\u00d3N GENERAL EL\u00c9CTICA CON CAJ\u00d3N FRONTAL. RESPALDO NEUM\u00c1TICO","og_url":"https:\/\/buscoequipomedico.com\/?product=mesa-de-exploracion-general-electica-con-cajon-frontal","og_site_name":"Tu mejor opci\u00f3n Equipo M\u00e9dico M\u00e9xico","article_modified_time":"2020-02-18T07:34:48+00:00","og_image":[{"width":800,"height":800,"url":"https:\/\/buscoequipomedico.com\/wp-content\/uploads\/2020\/02\/mesa-de-exploracion-general-electica-con-cajon-frontal-mesa-de-exploracion-general-electica-con-cajon-frontal-respaldo-neumatico.jpg","type":"image\/jpeg"}],"twitter_card":"summary_large_image","twitter_misc":{"Tiempo de lectura":"1 minuto"},"schema":{"@context":"https:\/\/schema.org","@graph":[{"@type":"WebPage","@id":"https:\/\/buscoequipomedico.com\/?product=mesa-de-exploracion-general-electica-con-cajon-frontal","url":"https:\/\/buscoequipomedico.com\/?product=mesa-de-exploracion-general-electica-con-cajon-frontal","name":"MESA DE EXPLORACI\u00d3N GENERAL EL\u00c9CTICA CON CAJ\u00d3N FRONTAL - Tu mejor opci\u00f3n Equipo M\u00e9dico M\u00e9xico","isPartOf":{"@id":"https:\/\/buscoequipomedico.com\/#website"},"primaryImageOfPage":{"@id":"https:\/\/buscoequipomedico.com\/?product=mesa-de-exploracion-general-electica-con-cajon-frontal#primaryimage"},"image":{"@id":"https:\/\/buscoequipomedico.com\/?product=mesa-de-exploracion-general-electica-con-cajon-frontal#primaryimage"},"thumbnailUrl":"https:\/\/buscoequipomedico.com\/wp-content\/uploads\/2020\/02\/mesa-de-exploracion-general-electica-con-cajon-frontal-mesa-de-exploracion-general-electica-con-cajon-frontal-respaldo-neumatico.jpg","datePublished":"2020-02-18T07:34:45+00:00","dateModified":"2020-02-18T07:34:48+00:00","breadcrumb":{"@id":"https:\/\/buscoequipomedico.com\/?product=mesa-de-exploracion-general-electica-con-cajon-frontal#breadcrumb"},"inLanguage":"es","potentialAction":[{"@type":"ReadAction","target":["https:\/\/buscoequipomedico.com\/?product=mesa-de-exploracion-general-electica-con-cajon-frontal"]}]},{"@type":"ImageObject","inLanguage":"es","@id":"https:\/\/buscoequipomedico.com\/?product=mesa-de-exploracion-general-electica-con-cajon-frontal#primaryimage","url":"https:\/\/buscoequipomedico.com\/wp-content\/uploads\/2020\/02\/mesa-de-exploracion-general-electica-con-cajon-frontal-mesa-de-exploracion-general-electica-con-cajon-frontal-respaldo-neumatico.jpg","contentUrl":"https:\/\/buscoequipomedico.com\/wp-content\/uploads\/2020\/02\/mesa-de-exploracion-general-electica-con-cajon-frontal-mesa-de-exploracion-general-electica-con-cajon-frontal-respaldo-neumatico.jpg","width":800,"height":800},{"@type":"BreadcrumbList","@id":"https:\/\/buscoequipomedico.com\/?product=mesa-de-exploracion-general-electica-con-cajon-frontal#breadcrumb","itemListElement":[{"@type":"ListItem","position":1,"name":"Productos","item":"https:\/\/buscoequipomedico.com\/shop\/"},{"@type":"ListItem","position":2,"name":"MESA DE EXPLORACI\u00d3N GENERAL EL\u00c9CTICA CON CAJ\u00d3N FRONTAL"}]},{"@type":"WebSite","@id":"https:\/\/buscoequipomedico.com\/#website","url":"https:\/\/buscoequipomedico.com\/","name":"Tu mejor opci\u00f3n Equipo M\u00e9dico M\u00e9xico","description":"Tienda de equipo m\u00e9dico","publisher":{"@id":"https:\/\/buscoequipomedico.com\/#organization"},"potentialAction":[{"@type":"SearchAction","target":{"@type":"EntryPoint","urlTemplate":"https:\/\/buscoequipomedico.com\/?s={search_term_string}"},"query-input":{"@type":"PropertyValueSpecification","valueRequired":true,"valueName":"search_term_string"}}],"inLanguage":"es"},{"@type":"Organization","@id":"https:\/\/buscoequipomedico.com\/#organization","name":"Tu mejor opci\u00f3n Equipo M\u00e9dico M\u00e9xico","url":"https:\/\/buscoequipomedico.com\/","logo":{"@type":"ImageObject","inLanguage":"es","@id":"https:\/\/buscoequipomedico.com\/#\/schema\/logo\/image\/","url":"https:\/\/buscoequipomedico.com\/wp-content\/uploads\/2021\/07\/EMM-VPrincipal-scaled.jpg","contentUrl":"https:\/\/buscoequipomedico.com\/wp-content\/uploads\/2021\/07\/EMM-VPrincipal-scaled.jpg","width":2560,"height":1058,"caption":"Tu mejor opci\u00f3n Equipo M\u00e9dico M\u00e9xico"},"image":{"@id":"https:\/\/buscoequipomedico.com\/#\/schema\/logo\/image\/"}}]}},"_links":{"self":[{"href":"https:\/\/buscoequipomedico.com\/index.php?rest_route=\/wp\/v2\/product\/12190","targetHints":{"allow":["GET"]}}],"collection":[{"href":"https:\/\/buscoequipomedico.com\/index.php?rest_route=\/wp\/v2\/product"}],"about":[{"href":"https:\/\/buscoequipomedico.com\/index.php?rest_route=\/wp\/v2\/types\/product"}],"wp:featuredmedia":[{"embeddable":true,"href":"https:\/\/buscoequipomedico.com\/index.php?rest_route=\/wp\/v2\/media\/12191"}],"wp:attachment":[{"href":"https:\/\/buscoequipomedico.com\/index.php?rest_route=%2Fwp%2Fv2%2Fmedia&parent=12190"}],"wp:term":[{"taxonomy":"product_brand","embeddable":true,"href":"https:\/\/buscoequipomedico.com\/index.php?rest_route=%2Fwp%2Fv2%2Fproduct_brand&post=12190"},{"taxonomy":"product_cat","embeddable":true,"href":"https:\/\/buscoequipomedico.com\/index.php?rest_route=%2Fwp%2Fv2%2Fproduct_cat&post=12190"},{"taxonomy":"product_tag","embeddable":true,"href":"https:\/\/buscoequipomedico.com\/index.php?rest_route=%2Fwp%2Fv2%2Fproduct_tag&post=12190"}],"curies":[{"name":"wp","href":"https:\/\/api.w.org\/{rel}","templated":true}]}}