{"id":12192,"date":"2020-02-18T07:34:45","date_gmt":"2020-02-18T07:34:45","guid":{"rendered":"https:\/\/equipomedicomexico-com.preview-domain.com\/product\/mesa-de-exploracion-general-electica-con-2-cajones-laterales-pasantes\/"},"modified":"2020-02-18T07:34:48","modified_gmt":"2020-02-18T07:34:48","slug":"mesa-de-exploracion-general-electica-con-2-cajones-laterales-pasantes","status":"publish","type":"product","link":"https:\/\/buscoequipomedico.com\/?product=mesa-de-exploracion-general-electica-con-2-cajones-laterales-pasantes","title":{"rendered":"MESA DE EXPLORACI\u00d3N GENERAL EL\u00c9CTICA CON 2 CAJONES LATERALES PASANTES"},"content":{"rendered":"<h3><span>Seguridad avanzada<\/span><\/h3>\n<ul>\n<li><span>La exclusiva extensi\u00f3n de pierna SafeGlide &#x2122; aumenta la seguridad y la satisfacci\u00f3n<\/span><\/li>\n<li><span>Barras de seguridad para la estabilidad del paciente.<\/span><\/li>\n<li><span>Volver a la funci\u00f3n de silla en los modelos con respaldo el\u00e9ctrico<\/span><\/li>\n<li><span>El interruptor de encendido \/ apagado antisabotaje limita el movimiento accidental<\/span><\/li>\n<li><span>Los sensores previenen lesiones durante el movimiento de la mesa<\/span><\/li>\n<li><span>18 \u00ab(45,7 cm) de baja altura, 28\u00bb (71,1 cm) cuando est\u00e1 plano<\/span><\/li>\n<li><span>F\u00e1cil encendido \/ apagado para pacientes<\/span><\/li>\n<li>\n<span>El respaldo el\u00e9ctrico se ajusta para facilitar el posicionamiento del paciente<\/span> <\/p>\n<ul>\n<li><span>Modelos neum\u00e1ticos o de potencia disponibles.<\/span><\/li>\n<\/ul>\n<\/li>\n<\/ul>\n<h3><span>Comodidad del paciente<\/span><\/h3>\n<ul>\n<li><span>Transferencias laterales sencillas para sillas de ruedas<\/span><\/li>\n<li><span>Tapicer\u00eda de soporte multidensidad<\/span><\/li>\n<li><span>Estribos ergon\u00f3micos ajustables est\u00e1ndar<\/span><\/li>\n<li><span>Extensi\u00f3n de dedos \/ piernas y bandeja de residuos de acero inoxidable<\/span><\/li>\n<li><span>Tapicer\u00eda de lujo premium disponible en 5 colores.<\/span><\/li>\n<\/ul>\n<h3><span>Almacenamiento abundante<\/span><\/h3>\n<ul>\n<li><span>Superficie de trabajo pasante en el costado de la mesa<\/span><\/li>\n<li><span>Cajones laterales de paso patentados accesibles desde el lado derecho o izquierdo de la mesa<\/span><\/li>\n<li><span>Caj\u00f3n delantero: 19.7 \u00abx 19.2\u00bb x 4 \u00ab(50.3 cm x 48.8 cm x 9.7 cm)<\/span><\/li>\n<li><span>Cajones laterales: 22.7 \u00abx 20.2\u00bb x 7 \u00ab(57.4 cm x 51.3 cm x 17.8 cm)<\/span><\/li>\n<li><span>Almacenamiento cubierto para hasta 6 rollos de papel adicionales<\/span><\/li>\n<li><span>Capacidad de almacenamiento del rollo de papel: 23 \u00abx 23\u00bb x 3.25 \u00ab(58.4 cm x 58.4 cm x 8.3 cm)<\/span><\/li>\n<li><span>El soporte de rollo de papel deslizable acepta rollos de 21 \u00aby 18\u00bb (53,3 cm y 45,7 cm)<\/span><\/li>\n<\/ul>\n<h3><span>Especificaciones de la mesa<\/span><\/h3>\n<ul>\n<li><span>Capacidad de peso de 450 lb (204 kg)<\/span><\/li>\n<li><span>Barras de apoyo est\u00e1ndar para asistencia al paciente<\/span><\/li>\n<li><span>Estribos ajustables est\u00e1ndar<\/span><\/li>\n<li><span>Control de pie est\u00e1ndar<\/span><\/li>\n<li><span>Garant\u00eda est\u00e1ndar de 3 a\u00f1os.<\/span><\/li>\n<li><span>Altura: 18 \u00ab- 37\u00bb (45,7 cm &#8211; 94 cm)<\/span><\/li>\n<li><span>Longitud: 57 \u00ab, se extiende a 78\u00bb (144.8 cm &#8211; 198.1 cm)<\/span><\/li>\n<li><span>Ancho de la tapicer\u00eda: 28 \u00ab(71.1 cm)<\/span><\/li>\n<li><span>Longitud de extensi\u00f3n de la pierna: 21 \u00ab(53,3 cm)<\/span><\/li>\n<li><span>Va plano a 28 \u00ab(71.1 cm)<\/span><\/li>\n<li><span>115VAC, 60Hz<\/span><\/li>\n<li><span>Actuadores seguros de bajo voltaje<\/span><\/li>\n<li><span>Inclinaci\u00f3n p\u00e9lvica de 5 \u00b0 \/ calentador de caj\u00f3n frontal de 60 vatios<\/span><\/li>\n<li><span>F\u00e1cil de limpiar, tapizado sin costuras<\/span><\/li>\n<\/ul>\n","protected":false},"excerpt":{"rendered":"<ul>\n<li><span>450 lb de capacidad de peso<\/span><\/li>\n<li><span>Garant\u00eda est\u00e1ndar de 3 a\u00f1os.<\/span><\/li>\n<li><span>El dise\u00f1o innovador de la silla apoya la espalda del paciente.<\/span><\/li>\n<li><span>El dise\u00f1o de silla a mesa lleva al paciente desde la consulta hasta el examen<\/span><\/li>\n<li><span>Las barras de agarre de transferencia de pacientes est\u00e1ndar brindan seguridad adicional<\/span><\/li>\n<li><span>Los cajones laterales de paso patentados eliminan los problemas de configuraci\u00f3n de la mano derecha \/ izquierda<\/span><\/li>\n<\/ul>\n","protected":false},"featured_media":12193,"template":"","meta":{"_joinchat":[]},"product_brand":[],"product_cat":[213],"product_tag":[],"class_list":{"0":"post-12192","1":"product","2":"type-product","3":"status-publish","4":"has-post-thumbnail","6":"product_cat-concentradores","7":"pa_marca-brewer","9":"first","10":"instock","11":"purchasable","12":"product-type-simple"},"yoast_head":"<!-- This site is optimized with the Yoast SEO plugin v25.1 - https:\/\/yoast.com\/wordpress\/plugins\/seo\/ -->\n<title>MESA DE EXPLORACI\u00d3N GENERAL EL\u00c9CTICA CON 2 CAJONES LATERALES PASANTES - Tu mejor opci\u00f3n Equipo M\u00e9dico M\u00e9xico<\/title>\n<meta name=\"robots\" content=\"index, follow, max-snippet:-1, max-image-preview:large, max-video-preview:-1\" \/>\n<link rel=\"canonical\" href=\"https:\/\/buscoequipomedico.com\/?product=mesa-de-exploracion-general-electica-con-2-cajones-laterales-pasantes\" \/>\n<meta property=\"og:locale\" content=\"es_ES\" \/>\n<meta property=\"og:type\" content=\"article\" \/>\n<meta property=\"og:title\" content=\"MESA DE EXPLORACI\u00d3N GENERAL EL\u00c9CTICA CON 2 CAJONES LATERALES PASANTES - Tu mejor opci\u00f3n Equipo M\u00e9dico M\u00e9xico\" \/>\n<meta property=\"og:description\" content=\"450 lb de capacidad de peso Garant\u00eda est\u00e1ndar de 3 a\u00f1os. El dise\u00f1o innovador de la silla apoya la espalda del paciente. El dise\u00f1o de silla a mesa lleva al paciente desde la consulta hasta el examen Las barras de agarre de transferencia de pacientes est\u00e1ndar brindan seguridad adicional Los cajones laterales de paso patentados eliminan los problemas de configuraci\u00f3n de la mano derecha \/ izquierda\" \/>\n<meta property=\"og:url\" content=\"https:\/\/buscoequipomedico.com\/?product=mesa-de-exploracion-general-electica-con-2-cajones-laterales-pasantes\" \/>\n<meta property=\"og:site_name\" content=\"Tu mejor opci\u00f3n Equipo M\u00e9dico M\u00e9xico\" \/>\n<meta property=\"article:modified_time\" content=\"2020-02-18T07:34:48+00:00\" \/>\n<meta property=\"og:image\" content=\"https:\/\/buscoequipomedico.com\/wp-content\/uploads\/2020\/02\/mesa-de-exploracion-general-electica-con-2-cajones-laterales-pasantes-450-lb-de-capacidad-de-peso-garantia-estandar-de-3-anos-el.jpg\" \/>\n\t<meta property=\"og:image:width\" content=\"800\" \/>\n\t<meta property=\"og:image:height\" content=\"800\" \/>\n\t<meta property=\"og:image:type\" content=\"image\/jpeg\" \/>\n<meta name=\"twitter:card\" content=\"summary_large_image\" \/>\n<meta name=\"twitter:label1\" content=\"Tiempo de lectura\" \/>\n\t<meta name=\"twitter:data1\" content=\"2 minutos\" \/>\n<script type=\"application\/ld+json\" class=\"yoast-schema-graph\">{\"@context\":\"https:\/\/schema.org\",\"@graph\":[{\"@type\":\"WebPage\",\"@id\":\"https:\/\/buscoequipomedico.com\/?product=mesa-de-exploracion-general-electica-con-2-cajones-laterales-pasantes\",\"url\":\"https:\/\/buscoequipomedico.com\/?product=mesa-de-exploracion-general-electica-con-2-cajones-laterales-pasantes\",\"name\":\"MESA DE EXPLORACI\u00d3N GENERAL EL\u00c9CTICA CON 2 CAJONES LATERALES PASANTES - Tu mejor opci\u00f3n Equipo M\u00e9dico M\u00e9xico\",\"isPartOf\":{\"@id\":\"https:\/\/buscoequipomedico.com\/#website\"},\"primaryImageOfPage\":{\"@id\":\"https:\/\/buscoequipomedico.com\/?product=mesa-de-exploracion-general-electica-con-2-cajones-laterales-pasantes#primaryimage\"},\"image\":{\"@id\":\"https:\/\/buscoequipomedico.com\/?product=mesa-de-exploracion-general-electica-con-2-cajones-laterales-pasantes#primaryimage\"},\"thumbnailUrl\":\"https:\/\/buscoequipomedico.com\/wp-content\/uploads\/2020\/02\/mesa-de-exploracion-general-electica-con-2-cajones-laterales-pasantes-450-lb-de-capacidad-de-peso-garantia-estandar-de-3-anos-el.jpg\",\"datePublished\":\"2020-02-18T07:34:45+00:00\",\"dateModified\":\"2020-02-18T07:34:48+00:00\",\"breadcrumb\":{\"@id\":\"https:\/\/buscoequipomedico.com\/?product=mesa-de-exploracion-general-electica-con-2-cajones-laterales-pasantes#breadcrumb\"},\"inLanguage\":\"es\",\"potentialAction\":[{\"@type\":\"ReadAction\",\"target\":[\"https:\/\/buscoequipomedico.com\/?product=mesa-de-exploracion-general-electica-con-2-cajones-laterales-pasantes\"]}]},{\"@type\":\"ImageObject\",\"inLanguage\":\"es\",\"@id\":\"https:\/\/buscoequipomedico.com\/?product=mesa-de-exploracion-general-electica-con-2-cajones-laterales-pasantes#primaryimage\",\"url\":\"https:\/\/buscoequipomedico.com\/wp-content\/uploads\/2020\/02\/mesa-de-exploracion-general-electica-con-2-cajones-laterales-pasantes-450-lb-de-capacidad-de-peso-garantia-estandar-de-3-anos-el.jpg\",\"contentUrl\":\"https:\/\/buscoequipomedico.com\/wp-content\/uploads\/2020\/02\/mesa-de-exploracion-general-electica-con-2-cajones-laterales-pasantes-450-lb-de-capacidad-de-peso-garantia-estandar-de-3-anos-el.jpg\",\"width\":800,\"height\":800},{\"@type\":\"BreadcrumbList\",\"@id\":\"https:\/\/buscoequipomedico.com\/?product=mesa-de-exploracion-general-electica-con-2-cajones-laterales-pasantes#breadcrumb\",\"itemListElement\":[{\"@type\":\"ListItem\",\"position\":1,\"name\":\"Productos\",\"item\":\"https:\/\/buscoequipomedico.com\/shop\/\"},{\"@type\":\"ListItem\",\"position\":2,\"name\":\"MESA DE EXPLORACI\u00d3N GENERAL EL\u00c9CTICA CON 2 CAJONES LATERALES PASANTES\"}]},{\"@type\":\"WebSite\",\"@id\":\"https:\/\/buscoequipomedico.com\/#website\",\"url\":\"https:\/\/buscoequipomedico.com\/\",\"name\":\"Tu mejor opci\u00f3n Equipo M\u00e9dico M\u00e9xico\",\"description\":\"Tienda de equipo m\u00e9dico\",\"publisher\":{\"@id\":\"https:\/\/buscoequipomedico.com\/#organization\"},\"potentialAction\":[{\"@type\":\"SearchAction\",\"target\":{\"@type\":\"EntryPoint\",\"urlTemplate\":\"https:\/\/buscoequipomedico.com\/?s={search_term_string}\"},\"query-input\":{\"@type\":\"PropertyValueSpecification\",\"valueRequired\":true,\"valueName\":\"search_term_string\"}}],\"inLanguage\":\"es\"},{\"@type\":\"Organization\",\"@id\":\"https:\/\/buscoequipomedico.com\/#organization\",\"name\":\"Tu mejor opci\u00f3n Equipo M\u00e9dico M\u00e9xico\",\"url\":\"https:\/\/buscoequipomedico.com\/\",\"logo\":{\"@type\":\"ImageObject\",\"inLanguage\":\"es\",\"@id\":\"https:\/\/buscoequipomedico.com\/#\/schema\/logo\/image\/\",\"url\":\"https:\/\/buscoequipomedico.com\/wp-content\/uploads\/2021\/07\/EMM-VPrincipal-scaled.jpg\",\"contentUrl\":\"https:\/\/buscoequipomedico.com\/wp-content\/uploads\/2021\/07\/EMM-VPrincipal-scaled.jpg\",\"width\":2560,\"height\":1058,\"caption\":\"Tu mejor opci\u00f3n Equipo M\u00e9dico M\u00e9xico\"},\"image\":{\"@id\":\"https:\/\/buscoequipomedico.com\/#\/schema\/logo\/image\/\"}}]}<\/script>\n<!-- \/ Yoast SEO plugin. -->","yoast_head_json":{"title":"MESA DE EXPLORACI\u00d3N GENERAL EL\u00c9CTICA CON 2 CAJONES LATERALES PASANTES - Tu mejor opci\u00f3n Equipo M\u00e9dico M\u00e9xico","robots":{"index":"index","follow":"follow","max-snippet":"max-snippet:-1","max-image-preview":"max-image-preview:large","max-video-preview":"max-video-preview:-1"},"canonical":"https:\/\/buscoequipomedico.com\/?product=mesa-de-exploracion-general-electica-con-2-cajones-laterales-pasantes","og_locale":"es_ES","og_type":"article","og_title":"MESA DE EXPLORACI\u00d3N GENERAL EL\u00c9CTICA CON 2 CAJONES LATERALES PASANTES - Tu mejor opci\u00f3n Equipo M\u00e9dico M\u00e9xico","og_description":"450 lb de capacidad de peso Garant\u00eda est\u00e1ndar de 3 a\u00f1os. El dise\u00f1o innovador de la silla apoya la espalda del paciente. El dise\u00f1o de silla a mesa lleva al paciente desde la consulta hasta el examen Las barras de agarre de transferencia de pacientes est\u00e1ndar brindan seguridad adicional Los cajones laterales de paso patentados eliminan los problemas de configuraci\u00f3n de la mano derecha \/ izquierda","og_url":"https:\/\/buscoequipomedico.com\/?product=mesa-de-exploracion-general-electica-con-2-cajones-laterales-pasantes","og_site_name":"Tu mejor opci\u00f3n Equipo M\u00e9dico M\u00e9xico","article_modified_time":"2020-02-18T07:34:48+00:00","og_image":[{"width":800,"height":800,"url":"https:\/\/buscoequipomedico.com\/wp-content\/uploads\/2020\/02\/mesa-de-exploracion-general-electica-con-2-cajones-laterales-pasantes-450-lb-de-capacidad-de-peso-garantia-estandar-de-3-anos-el.jpg","type":"image\/jpeg"}],"twitter_card":"summary_large_image","twitter_misc":{"Tiempo de lectura":"2 minutos"},"schema":{"@context":"https:\/\/schema.org","@graph":[{"@type":"WebPage","@id":"https:\/\/buscoequipomedico.com\/?product=mesa-de-exploracion-general-electica-con-2-cajones-laterales-pasantes","url":"https:\/\/buscoequipomedico.com\/?product=mesa-de-exploracion-general-electica-con-2-cajones-laterales-pasantes","name":"MESA DE EXPLORACI\u00d3N GENERAL EL\u00c9CTICA CON 2 CAJONES LATERALES PASANTES - Tu mejor opci\u00f3n Equipo M\u00e9dico M\u00e9xico","isPartOf":{"@id":"https:\/\/buscoequipomedico.com\/#website"},"primaryImageOfPage":{"@id":"https:\/\/buscoequipomedico.com\/?product=mesa-de-exploracion-general-electica-con-2-cajones-laterales-pasantes#primaryimage"},"image":{"@id":"https:\/\/buscoequipomedico.com\/?product=mesa-de-exploracion-general-electica-con-2-cajones-laterales-pasantes#primaryimage"},"thumbnailUrl":"https:\/\/buscoequipomedico.com\/wp-content\/uploads\/2020\/02\/mesa-de-exploracion-general-electica-con-2-cajones-laterales-pasantes-450-lb-de-capacidad-de-peso-garantia-estandar-de-3-anos-el.jpg","datePublished":"2020-02-18T07:34:45+00:00","dateModified":"2020-02-18T07:34:48+00:00","breadcrumb":{"@id":"https:\/\/buscoequipomedico.com\/?product=mesa-de-exploracion-general-electica-con-2-cajones-laterales-pasantes#breadcrumb"},"inLanguage":"es","potentialAction":[{"@type":"ReadAction","target":["https:\/\/buscoequipomedico.com\/?product=mesa-de-exploracion-general-electica-con-2-cajones-laterales-pasantes"]}]},{"@type":"ImageObject","inLanguage":"es","@id":"https:\/\/buscoequipomedico.com\/?product=mesa-de-exploracion-general-electica-con-2-cajones-laterales-pasantes#primaryimage","url":"https:\/\/buscoequipomedico.com\/wp-content\/uploads\/2020\/02\/mesa-de-exploracion-general-electica-con-2-cajones-laterales-pasantes-450-lb-de-capacidad-de-peso-garantia-estandar-de-3-anos-el.jpg","contentUrl":"https:\/\/buscoequipomedico.com\/wp-content\/uploads\/2020\/02\/mesa-de-exploracion-general-electica-con-2-cajones-laterales-pasantes-450-lb-de-capacidad-de-peso-garantia-estandar-de-3-anos-el.jpg","width":800,"height":800},{"@type":"BreadcrumbList","@id":"https:\/\/buscoequipomedico.com\/?product=mesa-de-exploracion-general-electica-con-2-cajones-laterales-pasantes#breadcrumb","itemListElement":[{"@type":"ListItem","position":1,"name":"Productos","item":"https:\/\/buscoequipomedico.com\/shop\/"},{"@type":"ListItem","position":2,"name":"MESA DE EXPLORACI\u00d3N GENERAL EL\u00c9CTICA CON 2 CAJONES LATERALES PASANTES"}]},{"@type":"WebSite","@id":"https:\/\/buscoequipomedico.com\/#website","url":"https:\/\/buscoequipomedico.com\/","name":"Tu mejor opci\u00f3n Equipo M\u00e9dico M\u00e9xico","description":"Tienda de equipo m\u00e9dico","publisher":{"@id":"https:\/\/buscoequipomedico.com\/#organization"},"potentialAction":[{"@type":"SearchAction","target":{"@type":"EntryPoint","urlTemplate":"https:\/\/buscoequipomedico.com\/?s={search_term_string}"},"query-input":{"@type":"PropertyValueSpecification","valueRequired":true,"valueName":"search_term_string"}}],"inLanguage":"es"},{"@type":"Organization","@id":"https:\/\/buscoequipomedico.com\/#organization","name":"Tu mejor opci\u00f3n Equipo M\u00e9dico M\u00e9xico","url":"https:\/\/buscoequipomedico.com\/","logo":{"@type":"ImageObject","inLanguage":"es","@id":"https:\/\/buscoequipomedico.com\/#\/schema\/logo\/image\/","url":"https:\/\/buscoequipomedico.com\/wp-content\/uploads\/2021\/07\/EMM-VPrincipal-scaled.jpg","contentUrl":"https:\/\/buscoequipomedico.com\/wp-content\/uploads\/2021\/07\/EMM-VPrincipal-scaled.jpg","width":2560,"height":1058,"caption":"Tu mejor opci\u00f3n Equipo M\u00e9dico M\u00e9xico"},"image":{"@id":"https:\/\/buscoequipomedico.com\/#\/schema\/logo\/image\/"}}]}},"_links":{"self":[{"href":"https:\/\/buscoequipomedico.com\/index.php?rest_route=\/wp\/v2\/product\/12192","targetHints":{"allow":["GET"]}}],"collection":[{"href":"https:\/\/buscoequipomedico.com\/index.php?rest_route=\/wp\/v2\/product"}],"about":[{"href":"https:\/\/buscoequipomedico.com\/index.php?rest_route=\/wp\/v2\/types\/product"}],"wp:featuredmedia":[{"embeddable":true,"href":"https:\/\/buscoequipomedico.com\/index.php?rest_route=\/wp\/v2\/media\/12193"}],"wp:attachment":[{"href":"https:\/\/buscoequipomedico.com\/index.php?rest_route=%2Fwp%2Fv2%2Fmedia&parent=12192"}],"wp:term":[{"taxonomy":"product_brand","embeddable":true,"href":"https:\/\/buscoequipomedico.com\/index.php?rest_route=%2Fwp%2Fv2%2Fproduct_brand&post=12192"},{"taxonomy":"product_cat","embeddable":true,"href":"https:\/\/buscoequipomedico.com\/index.php?rest_route=%2Fwp%2Fv2%2Fproduct_cat&post=12192"},{"taxonomy":"product_tag","embeddable":true,"href":"https:\/\/buscoequipomedico.com\/index.php?rest_route=%2Fwp%2Fv2%2Fproduct_tag&post=12192"}],"curies":[{"name":"wp","href":"https:\/\/api.w.org\/{rel}","templated":true}]}}