{"id":12210,"date":"2020-02-18T07:34:50","date_gmt":"2020-02-18T07:34:50","guid":{"rendered":"https:\/\/equipomedicomexico-com.preview-domain.com\/product\/mesa-de-cirugia-mecanica-con-elevacion-de-rinon\/"},"modified":"2020-02-18T07:34:51","modified_gmt":"2020-02-18T07:34:51","slug":"mesa-de-cirugia-mecanica-con-elevacion-de-rinon","status":"publish","type":"product","link":"https:\/\/buscoequipomedico.com\/?product=mesa-de-cirugia-mecanica-con-elevacion-de-rinon","title":{"rendered":"MESA DE CIRUG\u00cdA MEC\u00c1NICA CON ELEVACI\u00d3N DE RI\u00d1\u00d3N"},"content":{"rendered":"<\/p>\n<table>\n<tbody>\n<tr>\n<td>Ancho<\/td>\n<td colspan=\"1\">620 mm<\/td>\n<\/tr>\n<tr>\n<td>Longitud<\/td>\n<td colspan=\"1\">1950 mm<\/td>\n<\/tr>\n<tr>\n<td>Anchura (tope de la mesa)<\/td>\n<td colspan=\"1\">594 mm<\/td>\n<\/tr>\n<tr>\n<td>Ajuste de la altura<\/td>\n<td colspan=\"1\">710 &#8211; 1020 mm<\/td>\n<\/tr>\n<tr>\n<td>Carga de trabajo segura (SWL)<\/td>\n<td colspan=\"1\">180 kg<\/td>\n<\/tr>\n<tr>\n<td>Trendelenburg<\/td>\n<td colspan=\"1\">25 \u00b0<\/td>\n<\/tr>\n<tr>\n<td>Trendelenburg inverso<\/td>\n<td colspan=\"1\">18 \u00b0<\/td>\n<\/tr>\n<tr>\n<td>Ajuste del reposacabezas<\/td>\n<td colspan=\"1\">-45 &#8211; +45 \u00b0<\/td>\n<\/tr>\n<tr>\n<td>Ajuste del respaldo<\/td>\n<td colspan=\"1\">-30 &#8211; +70 \u00b0<\/td>\n<\/tr>\n<tr>\n<td>Ajuste de la secci\u00f3n de la pierna<\/td>\n<td colspan=\"1\">-90 &#8211; +15 \u00b0<\/td>\n<\/tr>\n<tr>\n<td>Base del colch\u00f3n (ancho)<\/td>\n<td colspan=\"1\">540 mm<\/td>\n<\/tr>\n<tr>\n<td>Peso<\/td>\n<td colspan=\"1\">135 kg<\/td>\n<\/tr>\n<tr>\n<td>Inclinaci\u00f3n lateral<\/td>\n<td colspan=\"1\">-20 &#8211; +20 \u00b0<\/td>\n<\/tr>\n<tr>\n<td>Capacidad m\u00e1xima de elevaci\u00f3n<\/td>\n<td colspan=\"1\">400 kg<\/td>\n<\/tr>\n<\/tbody>\n<\/table>\n","protected":false},"excerpt":{"rendered":"<p>La nueva Practico hidr\u00e1ulica es un modelo de mesa vers\u00e1til de accionamiento manual que permite una amplia variedad de configuraciones para cirug\u00eda general y especial, tambi\u00e9n en sitios donde no hay electricidad. La mesa tambi\u00e9n se adapta a pacientes de mayor contextura, y ofrece acceso excelente al sitio operado gracias a sus opciones de dise\u00f1o y ajustes.<\/p>\n<p>Adem\u00e1s, el dise\u00f1o anticorrosivo de la parte superior de la mesa la convierte tambi\u00e9n en un modelo adecuado para condiciones clim\u00e1ticas exigentes.<\/p>\n","protected":false},"featured_media":12211,"template":"","meta":{"_joinchat":[]},"product_brand":[],"product_cat":[213],"product_tag":[],"class_list":{"0":"post-12210","1":"product","2":"type-product","3":"status-publish","4":"has-post-thumbnail","6":"product_cat-concentradores","7":"pa_marca-merivaara","9":"first","10":"instock","11":"purchasable","12":"product-type-simple"},"yoast_head":"<!-- This site is optimized with the Yoast SEO plugin v25.1 - https:\/\/yoast.com\/wordpress\/plugins\/seo\/ -->\n<title>MESA DE CIRUG\u00cdA MEC\u00c1NICA CON ELEVACI\u00d3N DE RI\u00d1\u00d3N - Tu mejor opci\u00f3n Equipo M\u00e9dico M\u00e9xico<\/title>\n<meta name=\"robots\" content=\"index, follow, max-snippet:-1, max-image-preview:large, max-video-preview:-1\" \/>\n<link rel=\"canonical\" href=\"https:\/\/buscoequipomedico.com\/?product=mesa-de-cirugia-mecanica-con-elevacion-de-rinon\" \/>\n<meta property=\"og:locale\" content=\"es_ES\" \/>\n<meta property=\"og:type\" content=\"article\" \/>\n<meta property=\"og:title\" content=\"MESA DE CIRUG\u00cdA MEC\u00c1NICA CON ELEVACI\u00d3N DE RI\u00d1\u00d3N - Tu mejor opci\u00f3n Equipo M\u00e9dico M\u00e9xico\" \/>\n<meta property=\"og:description\" content=\"La nueva Practico hidr\u00e1ulica es un modelo de mesa vers\u00e1til de accionamiento manual que permite una amplia variedad de configuraciones para cirug\u00eda general y especial, tambi\u00e9n en sitios donde no hay electricidad. La mesa tambi\u00e9n se adapta a pacientes de mayor contextura, y ofrece acceso excelente al sitio operado gracias a sus opciones de dise\u00f1o y ajustes. Adem\u00e1s, el dise\u00f1o anticorrosivo de la parte superior de la mesa la convierte tambi\u00e9n en un modelo adecuado para condiciones clim\u00e1ticas exigentes.\" \/>\n<meta property=\"og:url\" content=\"https:\/\/buscoequipomedico.com\/?product=mesa-de-cirugia-mecanica-con-elevacion-de-rinon\" \/>\n<meta property=\"og:site_name\" content=\"Tu mejor opci\u00f3n Equipo M\u00e9dico M\u00e9xico\" \/>\n<meta property=\"article:modified_time\" content=\"2020-02-18T07:34:51+00:00\" \/>\n<meta property=\"og:image\" content=\"https:\/\/buscoequipomedico.com\/wp-content\/uploads\/2020\/02\/mesa-de-cirugia-mecanica-con-elevacion-de-rinon-la-nueva-practico-hidraulica-es-un-modelo-de-mesa-versatil-de-accionamiento-manu.jpg\" \/>\n\t<meta property=\"og:image:width\" content=\"800\" \/>\n\t<meta property=\"og:image:height\" content=\"800\" \/>\n\t<meta property=\"og:image:type\" content=\"image\/jpeg\" \/>\n<meta name=\"twitter:card\" content=\"summary_large_image\" \/>\n<script type=\"application\/ld+json\" class=\"yoast-schema-graph\">{\"@context\":\"https:\/\/schema.org\",\"@graph\":[{\"@type\":\"WebPage\",\"@id\":\"https:\/\/buscoequipomedico.com\/?product=mesa-de-cirugia-mecanica-con-elevacion-de-rinon\",\"url\":\"https:\/\/buscoequipomedico.com\/?product=mesa-de-cirugia-mecanica-con-elevacion-de-rinon\",\"name\":\"MESA DE CIRUG\u00cdA MEC\u00c1NICA CON ELEVACI\u00d3N DE RI\u00d1\u00d3N - Tu mejor opci\u00f3n Equipo M\u00e9dico M\u00e9xico\",\"isPartOf\":{\"@id\":\"https:\/\/buscoequipomedico.com\/#website\"},\"primaryImageOfPage\":{\"@id\":\"https:\/\/buscoequipomedico.com\/?product=mesa-de-cirugia-mecanica-con-elevacion-de-rinon#primaryimage\"},\"image\":{\"@id\":\"https:\/\/buscoequipomedico.com\/?product=mesa-de-cirugia-mecanica-con-elevacion-de-rinon#primaryimage\"},\"thumbnailUrl\":\"https:\/\/buscoequipomedico.com\/wp-content\/uploads\/2020\/02\/mesa-de-cirugia-mecanica-con-elevacion-de-rinon-la-nueva-practico-hidraulica-es-un-modelo-de-mesa-versatil-de-accionamiento-manu.jpg\",\"datePublished\":\"2020-02-18T07:34:50+00:00\",\"dateModified\":\"2020-02-18T07:34:51+00:00\",\"breadcrumb\":{\"@id\":\"https:\/\/buscoequipomedico.com\/?product=mesa-de-cirugia-mecanica-con-elevacion-de-rinon#breadcrumb\"},\"inLanguage\":\"es\",\"potentialAction\":[{\"@type\":\"ReadAction\",\"target\":[\"https:\/\/buscoequipomedico.com\/?product=mesa-de-cirugia-mecanica-con-elevacion-de-rinon\"]}]},{\"@type\":\"ImageObject\",\"inLanguage\":\"es\",\"@id\":\"https:\/\/buscoequipomedico.com\/?product=mesa-de-cirugia-mecanica-con-elevacion-de-rinon#primaryimage\",\"url\":\"https:\/\/buscoequipomedico.com\/wp-content\/uploads\/2020\/02\/mesa-de-cirugia-mecanica-con-elevacion-de-rinon-la-nueva-practico-hidraulica-es-un-modelo-de-mesa-versatil-de-accionamiento-manu.jpg\",\"contentUrl\":\"https:\/\/buscoequipomedico.com\/wp-content\/uploads\/2020\/02\/mesa-de-cirugia-mecanica-con-elevacion-de-rinon-la-nueva-practico-hidraulica-es-un-modelo-de-mesa-versatil-de-accionamiento-manu.jpg\",\"width\":800,\"height\":800},{\"@type\":\"BreadcrumbList\",\"@id\":\"https:\/\/buscoequipomedico.com\/?product=mesa-de-cirugia-mecanica-con-elevacion-de-rinon#breadcrumb\",\"itemListElement\":[{\"@type\":\"ListItem\",\"position\":1,\"name\":\"Productos\",\"item\":\"https:\/\/buscoequipomedico.com\/shop\/\"},{\"@type\":\"ListItem\",\"position\":2,\"name\":\"MESA DE CIRUG\u00cdA MEC\u00c1NICA CON ELEVACI\u00d3N DE RI\u00d1\u00d3N\"}]},{\"@type\":\"WebSite\",\"@id\":\"https:\/\/buscoequipomedico.com\/#website\",\"url\":\"https:\/\/buscoequipomedico.com\/\",\"name\":\"Tu mejor opci\u00f3n Equipo M\u00e9dico M\u00e9xico\",\"description\":\"Tienda de equipo m\u00e9dico\",\"publisher\":{\"@id\":\"https:\/\/buscoequipomedico.com\/#organization\"},\"potentialAction\":[{\"@type\":\"SearchAction\",\"target\":{\"@type\":\"EntryPoint\",\"urlTemplate\":\"https:\/\/buscoequipomedico.com\/?s={search_term_string}\"},\"query-input\":{\"@type\":\"PropertyValueSpecification\",\"valueRequired\":true,\"valueName\":\"search_term_string\"}}],\"inLanguage\":\"es\"},{\"@type\":\"Organization\",\"@id\":\"https:\/\/buscoequipomedico.com\/#organization\",\"name\":\"Tu mejor opci\u00f3n Equipo M\u00e9dico M\u00e9xico\",\"url\":\"https:\/\/buscoequipomedico.com\/\",\"logo\":{\"@type\":\"ImageObject\",\"inLanguage\":\"es\",\"@id\":\"https:\/\/buscoequipomedico.com\/#\/schema\/logo\/image\/\",\"url\":\"https:\/\/buscoequipomedico.com\/wp-content\/uploads\/2021\/07\/EMM-VPrincipal-scaled.jpg\",\"contentUrl\":\"https:\/\/buscoequipomedico.com\/wp-content\/uploads\/2021\/07\/EMM-VPrincipal-scaled.jpg\",\"width\":2560,\"height\":1058,\"caption\":\"Tu mejor opci\u00f3n Equipo M\u00e9dico M\u00e9xico\"},\"image\":{\"@id\":\"https:\/\/buscoequipomedico.com\/#\/schema\/logo\/image\/\"}}]}<\/script>\n<!-- \/ Yoast SEO plugin. -->","yoast_head_json":{"title":"MESA DE CIRUG\u00cdA MEC\u00c1NICA CON ELEVACI\u00d3N DE RI\u00d1\u00d3N - Tu mejor opci\u00f3n Equipo M\u00e9dico M\u00e9xico","robots":{"index":"index","follow":"follow","max-snippet":"max-snippet:-1","max-image-preview":"max-image-preview:large","max-video-preview":"max-video-preview:-1"},"canonical":"https:\/\/buscoequipomedico.com\/?product=mesa-de-cirugia-mecanica-con-elevacion-de-rinon","og_locale":"es_ES","og_type":"article","og_title":"MESA DE CIRUG\u00cdA MEC\u00c1NICA CON ELEVACI\u00d3N DE RI\u00d1\u00d3N - Tu mejor opci\u00f3n Equipo M\u00e9dico M\u00e9xico","og_description":"La nueva Practico hidr\u00e1ulica es un modelo de mesa vers\u00e1til de accionamiento manual que permite una amplia variedad de configuraciones para cirug\u00eda general y especial, tambi\u00e9n en sitios donde no hay electricidad. La mesa tambi\u00e9n se adapta a pacientes de mayor contextura, y ofrece acceso excelente al sitio operado gracias a sus opciones de dise\u00f1o y ajustes. Adem\u00e1s, el dise\u00f1o anticorrosivo de la parte superior de la mesa la convierte tambi\u00e9n en un modelo adecuado para condiciones clim\u00e1ticas exigentes.","og_url":"https:\/\/buscoequipomedico.com\/?product=mesa-de-cirugia-mecanica-con-elevacion-de-rinon","og_site_name":"Tu mejor opci\u00f3n Equipo M\u00e9dico M\u00e9xico","article_modified_time":"2020-02-18T07:34:51+00:00","og_image":[{"width":800,"height":800,"url":"https:\/\/buscoequipomedico.com\/wp-content\/uploads\/2020\/02\/mesa-de-cirugia-mecanica-con-elevacion-de-rinon-la-nueva-practico-hidraulica-es-un-modelo-de-mesa-versatil-de-accionamiento-manu.jpg","type":"image\/jpeg"}],"twitter_card":"summary_large_image","schema":{"@context":"https:\/\/schema.org","@graph":[{"@type":"WebPage","@id":"https:\/\/buscoequipomedico.com\/?product=mesa-de-cirugia-mecanica-con-elevacion-de-rinon","url":"https:\/\/buscoequipomedico.com\/?product=mesa-de-cirugia-mecanica-con-elevacion-de-rinon","name":"MESA DE CIRUG\u00cdA MEC\u00c1NICA CON ELEVACI\u00d3N DE RI\u00d1\u00d3N - Tu mejor opci\u00f3n Equipo M\u00e9dico M\u00e9xico","isPartOf":{"@id":"https:\/\/buscoequipomedico.com\/#website"},"primaryImageOfPage":{"@id":"https:\/\/buscoequipomedico.com\/?product=mesa-de-cirugia-mecanica-con-elevacion-de-rinon#primaryimage"},"image":{"@id":"https:\/\/buscoequipomedico.com\/?product=mesa-de-cirugia-mecanica-con-elevacion-de-rinon#primaryimage"},"thumbnailUrl":"https:\/\/buscoequipomedico.com\/wp-content\/uploads\/2020\/02\/mesa-de-cirugia-mecanica-con-elevacion-de-rinon-la-nueva-practico-hidraulica-es-un-modelo-de-mesa-versatil-de-accionamiento-manu.jpg","datePublished":"2020-02-18T07:34:50+00:00","dateModified":"2020-02-18T07:34:51+00:00","breadcrumb":{"@id":"https:\/\/buscoequipomedico.com\/?product=mesa-de-cirugia-mecanica-con-elevacion-de-rinon#breadcrumb"},"inLanguage":"es","potentialAction":[{"@type":"ReadAction","target":["https:\/\/buscoequipomedico.com\/?product=mesa-de-cirugia-mecanica-con-elevacion-de-rinon"]}]},{"@type":"ImageObject","inLanguage":"es","@id":"https:\/\/buscoequipomedico.com\/?product=mesa-de-cirugia-mecanica-con-elevacion-de-rinon#primaryimage","url":"https:\/\/buscoequipomedico.com\/wp-content\/uploads\/2020\/02\/mesa-de-cirugia-mecanica-con-elevacion-de-rinon-la-nueva-practico-hidraulica-es-un-modelo-de-mesa-versatil-de-accionamiento-manu.jpg","contentUrl":"https:\/\/buscoequipomedico.com\/wp-content\/uploads\/2020\/02\/mesa-de-cirugia-mecanica-con-elevacion-de-rinon-la-nueva-practico-hidraulica-es-un-modelo-de-mesa-versatil-de-accionamiento-manu.jpg","width":800,"height":800},{"@type":"BreadcrumbList","@id":"https:\/\/buscoequipomedico.com\/?product=mesa-de-cirugia-mecanica-con-elevacion-de-rinon#breadcrumb","itemListElement":[{"@type":"ListItem","position":1,"name":"Productos","item":"https:\/\/buscoequipomedico.com\/shop\/"},{"@type":"ListItem","position":2,"name":"MESA DE CIRUG\u00cdA MEC\u00c1NICA CON ELEVACI\u00d3N DE RI\u00d1\u00d3N"}]},{"@type":"WebSite","@id":"https:\/\/buscoequipomedico.com\/#website","url":"https:\/\/buscoequipomedico.com\/","name":"Tu mejor opci\u00f3n Equipo M\u00e9dico M\u00e9xico","description":"Tienda de equipo m\u00e9dico","publisher":{"@id":"https:\/\/buscoequipomedico.com\/#organization"},"potentialAction":[{"@type":"SearchAction","target":{"@type":"EntryPoint","urlTemplate":"https:\/\/buscoequipomedico.com\/?s={search_term_string}"},"query-input":{"@type":"PropertyValueSpecification","valueRequired":true,"valueName":"search_term_string"}}],"inLanguage":"es"},{"@type":"Organization","@id":"https:\/\/buscoequipomedico.com\/#organization","name":"Tu mejor opci\u00f3n Equipo M\u00e9dico M\u00e9xico","url":"https:\/\/buscoequipomedico.com\/","logo":{"@type":"ImageObject","inLanguage":"es","@id":"https:\/\/buscoequipomedico.com\/#\/schema\/logo\/image\/","url":"https:\/\/buscoequipomedico.com\/wp-content\/uploads\/2021\/07\/EMM-VPrincipal-scaled.jpg","contentUrl":"https:\/\/buscoequipomedico.com\/wp-content\/uploads\/2021\/07\/EMM-VPrincipal-scaled.jpg","width":2560,"height":1058,"caption":"Tu mejor opci\u00f3n Equipo M\u00e9dico M\u00e9xico"},"image":{"@id":"https:\/\/buscoequipomedico.com\/#\/schema\/logo\/image\/"}}]}},"_links":{"self":[{"href":"https:\/\/buscoequipomedico.com\/index.php?rest_route=\/wp\/v2\/product\/12210","targetHints":{"allow":["GET"]}}],"collection":[{"href":"https:\/\/buscoequipomedico.com\/index.php?rest_route=\/wp\/v2\/product"}],"about":[{"href":"https:\/\/buscoequipomedico.com\/index.php?rest_route=\/wp\/v2\/types\/product"}],"wp:featuredmedia":[{"embeddable":true,"href":"https:\/\/buscoequipomedico.com\/index.php?rest_route=\/wp\/v2\/media\/12211"}],"wp:attachment":[{"href":"https:\/\/buscoequipomedico.com\/index.php?rest_route=%2Fwp%2Fv2%2Fmedia&parent=12210"}],"wp:term":[{"taxonomy":"product_brand","embeddable":true,"href":"https:\/\/buscoequipomedico.com\/index.php?rest_route=%2Fwp%2Fv2%2Fproduct_brand&post=12210"},{"taxonomy":"product_cat","embeddable":true,"href":"https:\/\/buscoequipomedico.com\/index.php?rest_route=%2Fwp%2Fv2%2Fproduct_cat&post=12210"},{"taxonomy":"product_tag","embeddable":true,"href":"https:\/\/buscoequipomedico.com\/index.php?rest_route=%2Fwp%2Fv2%2Fproduct_tag&post=12210"}],"curies":[{"name":"wp","href":"https:\/\/api.w.org\/{rel}","templated":true}]}}