{"id":12218,"date":"2020-02-18T07:34:50","date_gmt":"2020-02-18T07:34:50","guid":{"rendered":"https:\/\/equipomedicomexico-com.preview-domain.com\/product\/mesa-de-cirugia-electrica-avanzada-con-mov-longitudinal\/"},"modified":"2020-02-18T07:34:52","modified_gmt":"2020-02-18T07:34:52","slug":"mesa-de-cirugia-electrica-avanzada-con-mov-longitudinal","status":"publish","type":"product","link":"https:\/\/buscoequipomedico.com\/?product=mesa-de-cirugia-electrica-avanzada-con-mov-longitudinal","title":{"rendered":"MESA DE CIRUG\u00cdA EL\u00c9CTRICA AVANZADA CON MOV. LONGITUDINAL"},"content":{"rendered":"<h2><span>Caracter\u00edsticas de la mesa de operaciones Promerix<\/span><\/h2>\n<ul>\n<li><span>Mesa de operaciones m\u00f3vil electrohidr\u00e1ulica<\/span><\/li>\n<li><span>Capacidad de la bater\u00eda para hasta una semana de operaciones, la mesa se puede usar durante la carga<\/span><\/li>\n<li><span>Varias opciones de control, por ejemplo, unidad de control por cable e infrarrojo con luz de fondo<\/span><\/li>\n<li><span>Panel de anulaci\u00f3n en la columna para uso de emergencia<\/span><\/li>\n<li><span>Cumple con los requisitos de rayos X y brazo en C<\/span><\/li>\n<li><span>Sistema hidr\u00e1ulico de bloqueo de piso con 4 cilindros.<\/span><\/li>\n<li><span>Amplia gama de accesorios, por ejemplo, para cirug\u00eda de columna y artroscopia de hombro.<\/span><\/li>\n<li><span>Opciones de colch\u00f3n Colch\u00f3n IS de 65 mm con pasador o espuma viscoel\u00e1stica de 80 mm<\/span><\/li>\n<li><span>Carga m\u00e1xima de trabajo segura 275 kg (deslizante), 325 kg (antideslizante)<\/span><\/li>\n<li><span>Mecanismo de enganche exclusivo para secciones de sobremesa<\/span><\/li>\n<li><span>Opciones de cubierta de base de acero inoxidable o ABS<\/span><\/li>\n<li>\n<span><\/span><span>5\u00aa<\/span><span><span>\u00a0\u00a0rueda\u00a0<\/span><span>opcional\u00a0<\/span><span>con o sin funci\u00f3n de accionamiento motorizado<\/span><\/span>\n<\/li>\n<li><span>Software de servicio para PC disponible<\/span><\/li>\n<\/ul>\n","protected":false},"excerpt":{"rendered":"<p><span><span>Promerix es una mesa de operaciones electrohidr\u00e1ulica de servicio pesado para todo tipo de cirug\u00edas, que cumple con las m\u00e1s estrictas demandas de los quir\u00f3fanos modernos.\u00a0<\/span><span>Con su construcci\u00f3n modular, bloqueo de piso estable y amplia gama de accesorios, Promerix se puede configurar con la mejor configuraci\u00f3n posible para cada procedimiento quir\u00fargico.<\/span><\/span><\/p>\n<p><span><span>Promerix proporciona acceso abierto al \u00e1rea operada y una excelente ergonom\u00eda de trabajo para el equipo quir\u00fargico sin comprometer la seguridad del paciente.\u00a0<\/span><span>Puede elegir entre dos opciones de columna diferentes, modelo fijo para, por ejemplo, cirug\u00eda bari\u00e1trica y deslizamiento para cirug\u00edas donde la imagen es esencial.<\/span><\/span><\/p>\n<p><span>Promerix es f\u00e1cil de usar y mantener, cumple con los requisitos de rayos X y brazo en C a trav\u00e9s de su posibilidad de deslizamiento y funciones inversas, as\u00ed como su material de secci\u00f3n de mesa ancha.<\/span><\/p>\n<p><span>Carga de trabajo segura (SWL) 325 kg (con funci\u00f3n deslizante 275 kg).<\/span><\/p>\n","protected":false},"featured_media":12219,"template":"","meta":{"_joinchat":[]},"product_brand":[],"product_cat":[213],"product_tag":[],"class_list":{"0":"post-12218","1":"product","2":"type-product","3":"status-publish","4":"has-post-thumbnail","6":"product_cat-concentradores","7":"pa_marca-merivaara","9":"first","10":"instock","11":"purchasable","12":"product-type-simple"},"yoast_head":"<!-- This site is optimized with the Yoast SEO plugin v25.1 - https:\/\/yoast.com\/wordpress\/plugins\/seo\/ -->\n<title>MESA DE CIRUG\u00cdA EL\u00c9CTRICA AVANZADA CON MOV. LONGITUDINAL - Tu mejor opci\u00f3n Equipo M\u00e9dico M\u00e9xico<\/title>\n<meta name=\"robots\" content=\"index, follow, max-snippet:-1, max-image-preview:large, max-video-preview:-1\" \/>\n<link rel=\"canonical\" href=\"https:\/\/buscoequipomedico.com\/?product=mesa-de-cirugia-electrica-avanzada-con-mov-longitudinal\" \/>\n<meta property=\"og:locale\" content=\"es_ES\" \/>\n<meta property=\"og:type\" content=\"article\" \/>\n<meta property=\"og:title\" content=\"MESA DE CIRUG\u00cdA EL\u00c9CTRICA AVANZADA CON MOV. LONGITUDINAL - Tu mejor opci\u00f3n Equipo M\u00e9dico M\u00e9xico\" \/>\n<meta property=\"og:description\" content=\"Promerix es una mesa de operaciones electrohidr\u00e1ulica de servicio pesado para todo tipo de cirug\u00edas, que cumple con las m\u00e1s estrictas demandas de los quir\u00f3fanos modernos.\u00a0Con su construcci\u00f3n modular, bloqueo de piso estable y amplia gama de accesorios, Promerix se puede configurar con la mejor configuraci\u00f3n posible para cada procedimiento quir\u00fargico. Promerix proporciona acceso abierto al \u00e1rea operada y una excelente ergonom\u00eda de trabajo para el equipo quir\u00fargico sin comprometer la seguridad del paciente.\u00a0Puede elegir entre dos opciones de columna diferentes, modelo fijo para, por ejemplo, cirug\u00eda bari\u00e1trica y deslizamiento para cirug\u00edas donde la imagen es esencial. Promerix es f\u00e1cil de usar y mantener, cumple con los requisitos de rayos X y brazo en C a trav\u00e9s de su posibilidad de deslizamiento y funciones inversas, as\u00ed como su material de secci\u00f3n de mesa ancha. Carga de trabajo segura (SWL) 325 kg (con funci\u00f3n deslizante 275 kg).\" \/>\n<meta property=\"og:url\" content=\"https:\/\/buscoequipomedico.com\/?product=mesa-de-cirugia-electrica-avanzada-con-mov-longitudinal\" \/>\n<meta property=\"og:site_name\" content=\"Tu mejor opci\u00f3n Equipo M\u00e9dico M\u00e9xico\" \/>\n<meta property=\"article:modified_time\" content=\"2020-02-18T07:34:52+00:00\" \/>\n<meta property=\"og:image\" content=\"https:\/\/buscoequipomedico.com\/wp-content\/uploads\/2020\/02\/mesa-de-cirugia-electrica-avanzada-con-mov-longitudinal-promerix-es-una-mesa-de-operaciones-electrohidraulica-de-servicio-pesado.jpg\" \/>\n\t<meta property=\"og:image:width\" content=\"800\" \/>\n\t<meta property=\"og:image:height\" content=\"800\" \/>\n\t<meta property=\"og:image:type\" content=\"image\/jpeg\" \/>\n<meta name=\"twitter:card\" content=\"summary_large_image\" \/>\n<meta name=\"twitter:label1\" content=\"Tiempo de lectura\" \/>\n\t<meta name=\"twitter:data1\" content=\"1 minuto\" \/>\n<script type=\"application\/ld+json\" class=\"yoast-schema-graph\">{\"@context\":\"https:\/\/schema.org\",\"@graph\":[{\"@type\":\"WebPage\",\"@id\":\"https:\/\/buscoequipomedico.com\/?product=mesa-de-cirugia-electrica-avanzada-con-mov-longitudinal\",\"url\":\"https:\/\/buscoequipomedico.com\/?product=mesa-de-cirugia-electrica-avanzada-con-mov-longitudinal\",\"name\":\"MESA DE CIRUG\u00cdA EL\u00c9CTRICA AVANZADA CON MOV. LONGITUDINAL - Tu mejor opci\u00f3n Equipo M\u00e9dico M\u00e9xico\",\"isPartOf\":{\"@id\":\"https:\/\/buscoequipomedico.com\/#website\"},\"primaryImageOfPage\":{\"@id\":\"https:\/\/buscoequipomedico.com\/?product=mesa-de-cirugia-electrica-avanzada-con-mov-longitudinal#primaryimage\"},\"image\":{\"@id\":\"https:\/\/buscoequipomedico.com\/?product=mesa-de-cirugia-electrica-avanzada-con-mov-longitudinal#primaryimage\"},\"thumbnailUrl\":\"https:\/\/buscoequipomedico.com\/wp-content\/uploads\/2020\/02\/mesa-de-cirugia-electrica-avanzada-con-mov-longitudinal-promerix-es-una-mesa-de-operaciones-electrohidraulica-de-servicio-pesado.jpg\",\"datePublished\":\"2020-02-18T07:34:50+00:00\",\"dateModified\":\"2020-02-18T07:34:52+00:00\",\"breadcrumb\":{\"@id\":\"https:\/\/buscoequipomedico.com\/?product=mesa-de-cirugia-electrica-avanzada-con-mov-longitudinal#breadcrumb\"},\"inLanguage\":\"es\",\"potentialAction\":[{\"@type\":\"ReadAction\",\"target\":[\"https:\/\/buscoequipomedico.com\/?product=mesa-de-cirugia-electrica-avanzada-con-mov-longitudinal\"]}]},{\"@type\":\"ImageObject\",\"inLanguage\":\"es\",\"@id\":\"https:\/\/buscoequipomedico.com\/?product=mesa-de-cirugia-electrica-avanzada-con-mov-longitudinal#primaryimage\",\"url\":\"https:\/\/buscoequipomedico.com\/wp-content\/uploads\/2020\/02\/mesa-de-cirugia-electrica-avanzada-con-mov-longitudinal-promerix-es-una-mesa-de-operaciones-electrohidraulica-de-servicio-pesado.jpg\",\"contentUrl\":\"https:\/\/buscoequipomedico.com\/wp-content\/uploads\/2020\/02\/mesa-de-cirugia-electrica-avanzada-con-mov-longitudinal-promerix-es-una-mesa-de-operaciones-electrohidraulica-de-servicio-pesado.jpg\",\"width\":800,\"height\":800},{\"@type\":\"BreadcrumbList\",\"@id\":\"https:\/\/buscoequipomedico.com\/?product=mesa-de-cirugia-electrica-avanzada-con-mov-longitudinal#breadcrumb\",\"itemListElement\":[{\"@type\":\"ListItem\",\"position\":1,\"name\":\"Productos\",\"item\":\"https:\/\/buscoequipomedico.com\/shop\/\"},{\"@type\":\"ListItem\",\"position\":2,\"name\":\"MESA DE CIRUG\u00cdA EL\u00c9CTRICA AVANZADA CON MOV. LONGITUDINAL\"}]},{\"@type\":\"WebSite\",\"@id\":\"https:\/\/buscoequipomedico.com\/#website\",\"url\":\"https:\/\/buscoequipomedico.com\/\",\"name\":\"Tu mejor opci\u00f3n Equipo M\u00e9dico M\u00e9xico\",\"description\":\"Tienda de equipo m\u00e9dico\",\"publisher\":{\"@id\":\"https:\/\/buscoequipomedico.com\/#organization\"},\"potentialAction\":[{\"@type\":\"SearchAction\",\"target\":{\"@type\":\"EntryPoint\",\"urlTemplate\":\"https:\/\/buscoequipomedico.com\/?s={search_term_string}\"},\"query-input\":{\"@type\":\"PropertyValueSpecification\",\"valueRequired\":true,\"valueName\":\"search_term_string\"}}],\"inLanguage\":\"es\"},{\"@type\":\"Organization\",\"@id\":\"https:\/\/buscoequipomedico.com\/#organization\",\"name\":\"Tu mejor opci\u00f3n Equipo M\u00e9dico M\u00e9xico\",\"url\":\"https:\/\/buscoequipomedico.com\/\",\"logo\":{\"@type\":\"ImageObject\",\"inLanguage\":\"es\",\"@id\":\"https:\/\/buscoequipomedico.com\/#\/schema\/logo\/image\/\",\"url\":\"https:\/\/buscoequipomedico.com\/wp-content\/uploads\/2021\/07\/EMM-VPrincipal-scaled.jpg\",\"contentUrl\":\"https:\/\/buscoequipomedico.com\/wp-content\/uploads\/2021\/07\/EMM-VPrincipal-scaled.jpg\",\"width\":2560,\"height\":1058,\"caption\":\"Tu mejor opci\u00f3n Equipo M\u00e9dico M\u00e9xico\"},\"image\":{\"@id\":\"https:\/\/buscoequipomedico.com\/#\/schema\/logo\/image\/\"}}]}<\/script>\n<!-- \/ Yoast SEO plugin. -->","yoast_head_json":{"title":"MESA DE CIRUG\u00cdA EL\u00c9CTRICA AVANZADA CON MOV. LONGITUDINAL - Tu mejor opci\u00f3n Equipo M\u00e9dico M\u00e9xico","robots":{"index":"index","follow":"follow","max-snippet":"max-snippet:-1","max-image-preview":"max-image-preview:large","max-video-preview":"max-video-preview:-1"},"canonical":"https:\/\/buscoequipomedico.com\/?product=mesa-de-cirugia-electrica-avanzada-con-mov-longitudinal","og_locale":"es_ES","og_type":"article","og_title":"MESA DE CIRUG\u00cdA EL\u00c9CTRICA AVANZADA CON MOV. LONGITUDINAL - Tu mejor opci\u00f3n Equipo M\u00e9dico M\u00e9xico","og_description":"Promerix es una mesa de operaciones electrohidr\u00e1ulica de servicio pesado para todo tipo de cirug\u00edas, que cumple con las m\u00e1s estrictas demandas de los quir\u00f3fanos modernos.\u00a0Con su construcci\u00f3n modular, bloqueo de piso estable y amplia gama de accesorios, Promerix se puede configurar con la mejor configuraci\u00f3n posible para cada procedimiento quir\u00fargico. Promerix proporciona acceso abierto al \u00e1rea operada y una excelente ergonom\u00eda de trabajo para el equipo quir\u00fargico sin comprometer la seguridad del paciente.\u00a0Puede elegir entre dos opciones de columna diferentes, modelo fijo para, por ejemplo, cirug\u00eda bari\u00e1trica y deslizamiento para cirug\u00edas donde la imagen es esencial. Promerix es f\u00e1cil de usar y mantener, cumple con los requisitos de rayos X y brazo en C a trav\u00e9s de su posibilidad de deslizamiento y funciones inversas, as\u00ed como su material de secci\u00f3n de mesa ancha. Carga de trabajo segura (SWL) 325 kg (con funci\u00f3n deslizante 275 kg).","og_url":"https:\/\/buscoequipomedico.com\/?product=mesa-de-cirugia-electrica-avanzada-con-mov-longitudinal","og_site_name":"Tu mejor opci\u00f3n Equipo M\u00e9dico M\u00e9xico","article_modified_time":"2020-02-18T07:34:52+00:00","og_image":[{"width":800,"height":800,"url":"https:\/\/buscoequipomedico.com\/wp-content\/uploads\/2020\/02\/mesa-de-cirugia-electrica-avanzada-con-mov-longitudinal-promerix-es-una-mesa-de-operaciones-electrohidraulica-de-servicio-pesado.jpg","type":"image\/jpeg"}],"twitter_card":"summary_large_image","twitter_misc":{"Tiempo de lectura":"1 minuto"},"schema":{"@context":"https:\/\/schema.org","@graph":[{"@type":"WebPage","@id":"https:\/\/buscoequipomedico.com\/?product=mesa-de-cirugia-electrica-avanzada-con-mov-longitudinal","url":"https:\/\/buscoequipomedico.com\/?product=mesa-de-cirugia-electrica-avanzada-con-mov-longitudinal","name":"MESA DE CIRUG\u00cdA EL\u00c9CTRICA AVANZADA CON MOV. LONGITUDINAL - Tu mejor opci\u00f3n Equipo M\u00e9dico M\u00e9xico","isPartOf":{"@id":"https:\/\/buscoequipomedico.com\/#website"},"primaryImageOfPage":{"@id":"https:\/\/buscoequipomedico.com\/?product=mesa-de-cirugia-electrica-avanzada-con-mov-longitudinal#primaryimage"},"image":{"@id":"https:\/\/buscoequipomedico.com\/?product=mesa-de-cirugia-electrica-avanzada-con-mov-longitudinal#primaryimage"},"thumbnailUrl":"https:\/\/buscoequipomedico.com\/wp-content\/uploads\/2020\/02\/mesa-de-cirugia-electrica-avanzada-con-mov-longitudinal-promerix-es-una-mesa-de-operaciones-electrohidraulica-de-servicio-pesado.jpg","datePublished":"2020-02-18T07:34:50+00:00","dateModified":"2020-02-18T07:34:52+00:00","breadcrumb":{"@id":"https:\/\/buscoequipomedico.com\/?product=mesa-de-cirugia-electrica-avanzada-con-mov-longitudinal#breadcrumb"},"inLanguage":"es","potentialAction":[{"@type":"ReadAction","target":["https:\/\/buscoequipomedico.com\/?product=mesa-de-cirugia-electrica-avanzada-con-mov-longitudinal"]}]},{"@type":"ImageObject","inLanguage":"es","@id":"https:\/\/buscoequipomedico.com\/?product=mesa-de-cirugia-electrica-avanzada-con-mov-longitudinal#primaryimage","url":"https:\/\/buscoequipomedico.com\/wp-content\/uploads\/2020\/02\/mesa-de-cirugia-electrica-avanzada-con-mov-longitudinal-promerix-es-una-mesa-de-operaciones-electrohidraulica-de-servicio-pesado.jpg","contentUrl":"https:\/\/buscoequipomedico.com\/wp-content\/uploads\/2020\/02\/mesa-de-cirugia-electrica-avanzada-con-mov-longitudinal-promerix-es-una-mesa-de-operaciones-electrohidraulica-de-servicio-pesado.jpg","width":800,"height":800},{"@type":"BreadcrumbList","@id":"https:\/\/buscoequipomedico.com\/?product=mesa-de-cirugia-electrica-avanzada-con-mov-longitudinal#breadcrumb","itemListElement":[{"@type":"ListItem","position":1,"name":"Productos","item":"https:\/\/buscoequipomedico.com\/shop\/"},{"@type":"ListItem","position":2,"name":"MESA DE CIRUG\u00cdA EL\u00c9CTRICA AVANZADA CON MOV. LONGITUDINAL"}]},{"@type":"WebSite","@id":"https:\/\/buscoequipomedico.com\/#website","url":"https:\/\/buscoequipomedico.com\/","name":"Tu mejor opci\u00f3n Equipo M\u00e9dico M\u00e9xico","description":"Tienda de equipo m\u00e9dico","publisher":{"@id":"https:\/\/buscoequipomedico.com\/#organization"},"potentialAction":[{"@type":"SearchAction","target":{"@type":"EntryPoint","urlTemplate":"https:\/\/buscoequipomedico.com\/?s={search_term_string}"},"query-input":{"@type":"PropertyValueSpecification","valueRequired":true,"valueName":"search_term_string"}}],"inLanguage":"es"},{"@type":"Organization","@id":"https:\/\/buscoequipomedico.com\/#organization","name":"Tu mejor opci\u00f3n Equipo M\u00e9dico M\u00e9xico","url":"https:\/\/buscoequipomedico.com\/","logo":{"@type":"ImageObject","inLanguage":"es","@id":"https:\/\/buscoequipomedico.com\/#\/schema\/logo\/image\/","url":"https:\/\/buscoequipomedico.com\/wp-content\/uploads\/2021\/07\/EMM-VPrincipal-scaled.jpg","contentUrl":"https:\/\/buscoequipomedico.com\/wp-content\/uploads\/2021\/07\/EMM-VPrincipal-scaled.jpg","width":2560,"height":1058,"caption":"Tu mejor opci\u00f3n Equipo M\u00e9dico M\u00e9xico"},"image":{"@id":"https:\/\/buscoequipomedico.com\/#\/schema\/logo\/image\/"}}]}},"_links":{"self":[{"href":"https:\/\/buscoequipomedico.com\/index.php?rest_route=\/wp\/v2\/product\/12218","targetHints":{"allow":["GET"]}}],"collection":[{"href":"https:\/\/buscoequipomedico.com\/index.php?rest_route=\/wp\/v2\/product"}],"about":[{"href":"https:\/\/buscoequipomedico.com\/index.php?rest_route=\/wp\/v2\/types\/product"}],"wp:featuredmedia":[{"embeddable":true,"href":"https:\/\/buscoequipomedico.com\/index.php?rest_route=\/wp\/v2\/media\/12219"}],"wp:attachment":[{"href":"https:\/\/buscoequipomedico.com\/index.php?rest_route=%2Fwp%2Fv2%2Fmedia&parent=12218"}],"wp:term":[{"taxonomy":"product_brand","embeddable":true,"href":"https:\/\/buscoequipomedico.com\/index.php?rest_route=%2Fwp%2Fv2%2Fproduct_brand&post=12218"},{"taxonomy":"product_cat","embeddable":true,"href":"https:\/\/buscoequipomedico.com\/index.php?rest_route=%2Fwp%2Fv2%2Fproduct_cat&post=12218"},{"taxonomy":"product_tag","embeddable":true,"href":"https:\/\/buscoequipomedico.com\/index.php?rest_route=%2Fwp%2Fv2%2Fproduct_tag&post=12218"}],"curies":[{"name":"wp","href":"https:\/\/api.w.org\/{rel}","templated":true}]}}