{"id":12220,"date":"2020-02-18T07:34:50","date_gmt":"2020-02-18T07:34:50","guid":{"rendered":"https:\/\/equipomedicomexico-com.preview-domain.com\/product\/sistema-de-integracion-para-quirofano\/"},"modified":"2020-02-18T07:34:52","modified_gmt":"2020-02-18T07:34:52","slug":"sistema-de-integracion-para-quirofano","status":"publish","type":"product","link":"https:\/\/buscoequipomedico.com\/?product=sistema-de-integracion-para-quirofano","title":{"rendered":"SISTEMA DE INTEGRACI\u00d3N PARA QUIR\u00d3FANO"},"content":{"rendered":"<p><span>OPENOR&#x2122; DOCUMENTACI\u00d3N Y CONSULTA DE IMAGEN LITE<\/span><br \/><span>Simplicidad. Seguridad. Ap\u00f3yate.<\/span><br \/><span>\u00bfDesea transferir im\u00e1genes y v\u00eddeos de sus endoscopios actuales a los sistemas de datos de sus pacientes de una forma sencilla y sencilla?<\/span><\/p>\n<p><span>\u00bfQu\u00e9 pasar\u00eda si pudiera r\u00e1pida y f\u00e1cilmente obtener una segunda opini\u00f3n de otro cirujano y mejorar la seguridad del paciente?<\/span><\/p>\n<p><span>OpenOR&#x2122; Lite es un sistema revolucionario, independiente del proveedor, que le ayuda a gestionar y archivar im\u00e1genes y v\u00eddeo de diferentes tipos de fuentes de c\u00e1mara con una \u00fanica interfaz de usuario.<\/span><\/p>\n<p><span>El uso de un sistema de documentaci\u00f3n para diferentes dispositivos de imagenolog\u00eda permite procedimientos sin problemas, ahorro de costes y, lo m\u00e1s importante de todo, una mayor seguridad para el paciente.<\/span><\/p>\n<p><span>OpenOR&#x2122; Lite es especialmente adecuado para el uso m\u00f3vil. Puede actuar como un sistema de grabaci\u00f3n para cualquier dispositivo de c\u00e1mara del vendedor, como endoscopios, microscopios, arcos en C y ultrasonidos. Por lo tanto, no s\u00f3lo es adecuado para el quir\u00f3fano, sino que tambi\u00e9n se puede utilizar para archivar im\u00e1genes o v\u00eddeos tomados durante los ex\u00e1menes. Integrando el sistema a su PACS y HIS usted puede ahorrar mucho tiempo valioso y hacer un seguimiento de los datos del paciente (caracter\u00edstica opcional).<\/span><\/p>\n<p><span>Adem\u00e1s, la opci\u00f3n de consulta remota le permite optimizar sus recursos, tanto si el equipo necesita consultar a un cirujano externo como si desea impartir clases de formaci\u00f3n con transmisi\u00f3n de v\u00eddeo desde el quir\u00f3fano.<\/span><\/p>\n","protected":false},"excerpt":{"rendered":"<p><span>OpenOR&#x2122; Lite es un sistema revolucionario, independiente del proveedor, que le ayuda a gestionar y archivar im\u00e1genes y v\u00eddeo de diferentes tipos de fuentes de c\u00e1mara con una \u00fanica interfaz de usuario.<\/span><\/p>\n","protected":false},"featured_media":12221,"template":"","meta":{"_joinchat":[]},"product_brand":[],"product_cat":[213],"product_tag":[],"class_list":{"0":"post-12220","1":"product","2":"type-product","3":"status-publish","4":"has-post-thumbnail","6":"product_cat-concentradores","7":"pa_marca-merivaara","9":"first","10":"instock","11":"purchasable","12":"product-type-simple"},"yoast_head":"<!-- This site is optimized with the Yoast SEO plugin v25.1 - https:\/\/yoast.com\/wordpress\/plugins\/seo\/ -->\n<title>SISTEMA DE INTEGRACI\u00d3N PARA QUIR\u00d3FANO - Tu mejor opci\u00f3n Equipo M\u00e9dico M\u00e9xico<\/title>\n<meta name=\"robots\" content=\"index, follow, max-snippet:-1, max-image-preview:large, max-video-preview:-1\" \/>\n<link rel=\"canonical\" href=\"https:\/\/buscoequipomedico.com\/?product=sistema-de-integracion-para-quirofano\" \/>\n<meta property=\"og:locale\" content=\"es_ES\" \/>\n<meta property=\"og:type\" content=\"article\" \/>\n<meta property=\"og:title\" content=\"SISTEMA DE INTEGRACI\u00d3N PARA QUIR\u00d3FANO - Tu mejor opci\u00f3n Equipo M\u00e9dico M\u00e9xico\" \/>\n<meta property=\"og:description\" content=\"OpenOR&#x2122; Lite es un sistema revolucionario, independiente del proveedor, que le ayuda a gestionar y archivar im\u00e1genes y v\u00eddeo de diferentes tipos de fuentes de c\u00e1mara con una \u00fanica interfaz de usuario.\" \/>\n<meta property=\"og:url\" content=\"https:\/\/buscoequipomedico.com\/?product=sistema-de-integracion-para-quirofano\" \/>\n<meta property=\"og:site_name\" content=\"Tu mejor opci\u00f3n Equipo M\u00e9dico M\u00e9xico\" \/>\n<meta property=\"article:modified_time\" content=\"2020-02-18T07:34:52+00:00\" \/>\n<meta property=\"og:image\" content=\"https:\/\/buscoequipomedico.com\/wp-content\/uploads\/2020\/02\/sistema-de-integracion-para-quirofano-openortm-lite-es-un-sistema-revolucionario-independiente-del-proveedor-que-le-ayuda-a-gest.jpg\" \/>\n\t<meta property=\"og:image:width\" content=\"800\" \/>\n\t<meta property=\"og:image:height\" content=\"800\" \/>\n\t<meta property=\"og:image:type\" content=\"image\/jpeg\" \/>\n<meta name=\"twitter:card\" content=\"summary_large_image\" \/>\n<meta name=\"twitter:label1\" content=\"Tiempo de lectura\" \/>\n\t<meta name=\"twitter:data1\" content=\"1 minuto\" \/>\n<script type=\"application\/ld+json\" class=\"yoast-schema-graph\">{\"@context\":\"https:\/\/schema.org\",\"@graph\":[{\"@type\":\"WebPage\",\"@id\":\"https:\/\/buscoequipomedico.com\/?product=sistema-de-integracion-para-quirofano\",\"url\":\"https:\/\/buscoequipomedico.com\/?product=sistema-de-integracion-para-quirofano\",\"name\":\"SISTEMA DE INTEGRACI\u00d3N PARA QUIR\u00d3FANO - Tu mejor opci\u00f3n Equipo M\u00e9dico M\u00e9xico\",\"isPartOf\":{\"@id\":\"https:\/\/buscoequipomedico.com\/#website\"},\"primaryImageOfPage\":{\"@id\":\"https:\/\/buscoequipomedico.com\/?product=sistema-de-integracion-para-quirofano#primaryimage\"},\"image\":{\"@id\":\"https:\/\/buscoequipomedico.com\/?product=sistema-de-integracion-para-quirofano#primaryimage\"},\"thumbnailUrl\":\"https:\/\/buscoequipomedico.com\/wp-content\/uploads\/2020\/02\/sistema-de-integracion-para-quirofano-openortm-lite-es-un-sistema-revolucionario-independiente-del-proveedor-que-le-ayuda-a-gest.jpg\",\"datePublished\":\"2020-02-18T07:34:50+00:00\",\"dateModified\":\"2020-02-18T07:34:52+00:00\",\"breadcrumb\":{\"@id\":\"https:\/\/buscoequipomedico.com\/?product=sistema-de-integracion-para-quirofano#breadcrumb\"},\"inLanguage\":\"es\",\"potentialAction\":[{\"@type\":\"ReadAction\",\"target\":[\"https:\/\/buscoequipomedico.com\/?product=sistema-de-integracion-para-quirofano\"]}]},{\"@type\":\"ImageObject\",\"inLanguage\":\"es\",\"@id\":\"https:\/\/buscoequipomedico.com\/?product=sistema-de-integracion-para-quirofano#primaryimage\",\"url\":\"https:\/\/buscoequipomedico.com\/wp-content\/uploads\/2020\/02\/sistema-de-integracion-para-quirofano-openortm-lite-es-un-sistema-revolucionario-independiente-del-proveedor-que-le-ayuda-a-gest.jpg\",\"contentUrl\":\"https:\/\/buscoequipomedico.com\/wp-content\/uploads\/2020\/02\/sistema-de-integracion-para-quirofano-openortm-lite-es-un-sistema-revolucionario-independiente-del-proveedor-que-le-ayuda-a-gest.jpg\",\"width\":800,\"height\":800},{\"@type\":\"BreadcrumbList\",\"@id\":\"https:\/\/buscoequipomedico.com\/?product=sistema-de-integracion-para-quirofano#breadcrumb\",\"itemListElement\":[{\"@type\":\"ListItem\",\"position\":1,\"name\":\"Productos\",\"item\":\"https:\/\/buscoequipomedico.com\/shop\/\"},{\"@type\":\"ListItem\",\"position\":2,\"name\":\"SISTEMA DE INTEGRACI\u00d3N PARA QUIR\u00d3FANO\"}]},{\"@type\":\"WebSite\",\"@id\":\"https:\/\/buscoequipomedico.com\/#website\",\"url\":\"https:\/\/buscoequipomedico.com\/\",\"name\":\"Tu mejor opci\u00f3n Equipo M\u00e9dico M\u00e9xico\",\"description\":\"Tienda de equipo m\u00e9dico\",\"publisher\":{\"@id\":\"https:\/\/buscoequipomedico.com\/#organization\"},\"potentialAction\":[{\"@type\":\"SearchAction\",\"target\":{\"@type\":\"EntryPoint\",\"urlTemplate\":\"https:\/\/buscoequipomedico.com\/?s={search_term_string}\"},\"query-input\":{\"@type\":\"PropertyValueSpecification\",\"valueRequired\":true,\"valueName\":\"search_term_string\"}}],\"inLanguage\":\"es\"},{\"@type\":\"Organization\",\"@id\":\"https:\/\/buscoequipomedico.com\/#organization\",\"name\":\"Tu mejor opci\u00f3n Equipo M\u00e9dico M\u00e9xico\",\"url\":\"https:\/\/buscoequipomedico.com\/\",\"logo\":{\"@type\":\"ImageObject\",\"inLanguage\":\"es\",\"@id\":\"https:\/\/buscoequipomedico.com\/#\/schema\/logo\/image\/\",\"url\":\"https:\/\/buscoequipomedico.com\/wp-content\/uploads\/2021\/07\/EMM-VPrincipal-scaled.jpg\",\"contentUrl\":\"https:\/\/buscoequipomedico.com\/wp-content\/uploads\/2021\/07\/EMM-VPrincipal-scaled.jpg\",\"width\":2560,\"height\":1058,\"caption\":\"Tu mejor opci\u00f3n Equipo M\u00e9dico M\u00e9xico\"},\"image\":{\"@id\":\"https:\/\/buscoequipomedico.com\/#\/schema\/logo\/image\/\"}}]}<\/script>\n<!-- \/ Yoast SEO plugin. -->","yoast_head_json":{"title":"SISTEMA DE INTEGRACI\u00d3N PARA QUIR\u00d3FANO - Tu mejor opci\u00f3n Equipo M\u00e9dico M\u00e9xico","robots":{"index":"index","follow":"follow","max-snippet":"max-snippet:-1","max-image-preview":"max-image-preview:large","max-video-preview":"max-video-preview:-1"},"canonical":"https:\/\/buscoequipomedico.com\/?product=sistema-de-integracion-para-quirofano","og_locale":"es_ES","og_type":"article","og_title":"SISTEMA DE INTEGRACI\u00d3N PARA QUIR\u00d3FANO - Tu mejor opci\u00f3n Equipo M\u00e9dico M\u00e9xico","og_description":"OpenOR&#x2122; Lite es un sistema revolucionario, independiente del proveedor, que le ayuda a gestionar y archivar im\u00e1genes y v\u00eddeo de diferentes tipos de fuentes de c\u00e1mara con una \u00fanica interfaz de usuario.","og_url":"https:\/\/buscoequipomedico.com\/?product=sistema-de-integracion-para-quirofano","og_site_name":"Tu mejor opci\u00f3n Equipo M\u00e9dico M\u00e9xico","article_modified_time":"2020-02-18T07:34:52+00:00","og_image":[{"width":800,"height":800,"url":"https:\/\/buscoequipomedico.com\/wp-content\/uploads\/2020\/02\/sistema-de-integracion-para-quirofano-openortm-lite-es-un-sistema-revolucionario-independiente-del-proveedor-que-le-ayuda-a-gest.jpg","type":"image\/jpeg"}],"twitter_card":"summary_large_image","twitter_misc":{"Tiempo de lectura":"1 minuto"},"schema":{"@context":"https:\/\/schema.org","@graph":[{"@type":"WebPage","@id":"https:\/\/buscoequipomedico.com\/?product=sistema-de-integracion-para-quirofano","url":"https:\/\/buscoequipomedico.com\/?product=sistema-de-integracion-para-quirofano","name":"SISTEMA DE INTEGRACI\u00d3N PARA QUIR\u00d3FANO - Tu mejor opci\u00f3n Equipo M\u00e9dico M\u00e9xico","isPartOf":{"@id":"https:\/\/buscoequipomedico.com\/#website"},"primaryImageOfPage":{"@id":"https:\/\/buscoequipomedico.com\/?product=sistema-de-integracion-para-quirofano#primaryimage"},"image":{"@id":"https:\/\/buscoequipomedico.com\/?product=sistema-de-integracion-para-quirofano#primaryimage"},"thumbnailUrl":"https:\/\/buscoequipomedico.com\/wp-content\/uploads\/2020\/02\/sistema-de-integracion-para-quirofano-openortm-lite-es-un-sistema-revolucionario-independiente-del-proveedor-que-le-ayuda-a-gest.jpg","datePublished":"2020-02-18T07:34:50+00:00","dateModified":"2020-02-18T07:34:52+00:00","breadcrumb":{"@id":"https:\/\/buscoequipomedico.com\/?product=sistema-de-integracion-para-quirofano#breadcrumb"},"inLanguage":"es","potentialAction":[{"@type":"ReadAction","target":["https:\/\/buscoequipomedico.com\/?product=sistema-de-integracion-para-quirofano"]}]},{"@type":"ImageObject","inLanguage":"es","@id":"https:\/\/buscoequipomedico.com\/?product=sistema-de-integracion-para-quirofano#primaryimage","url":"https:\/\/buscoequipomedico.com\/wp-content\/uploads\/2020\/02\/sistema-de-integracion-para-quirofano-openortm-lite-es-un-sistema-revolucionario-independiente-del-proveedor-que-le-ayuda-a-gest.jpg","contentUrl":"https:\/\/buscoequipomedico.com\/wp-content\/uploads\/2020\/02\/sistema-de-integracion-para-quirofano-openortm-lite-es-un-sistema-revolucionario-independiente-del-proveedor-que-le-ayuda-a-gest.jpg","width":800,"height":800},{"@type":"BreadcrumbList","@id":"https:\/\/buscoequipomedico.com\/?product=sistema-de-integracion-para-quirofano#breadcrumb","itemListElement":[{"@type":"ListItem","position":1,"name":"Productos","item":"https:\/\/buscoequipomedico.com\/shop\/"},{"@type":"ListItem","position":2,"name":"SISTEMA DE INTEGRACI\u00d3N PARA QUIR\u00d3FANO"}]},{"@type":"WebSite","@id":"https:\/\/buscoequipomedico.com\/#website","url":"https:\/\/buscoequipomedico.com\/","name":"Tu mejor opci\u00f3n Equipo M\u00e9dico M\u00e9xico","description":"Tienda de equipo m\u00e9dico","publisher":{"@id":"https:\/\/buscoequipomedico.com\/#organization"},"potentialAction":[{"@type":"SearchAction","target":{"@type":"EntryPoint","urlTemplate":"https:\/\/buscoequipomedico.com\/?s={search_term_string}"},"query-input":{"@type":"PropertyValueSpecification","valueRequired":true,"valueName":"search_term_string"}}],"inLanguage":"es"},{"@type":"Organization","@id":"https:\/\/buscoequipomedico.com\/#organization","name":"Tu mejor opci\u00f3n Equipo M\u00e9dico M\u00e9xico","url":"https:\/\/buscoequipomedico.com\/","logo":{"@type":"ImageObject","inLanguage":"es","@id":"https:\/\/buscoequipomedico.com\/#\/schema\/logo\/image\/","url":"https:\/\/buscoequipomedico.com\/wp-content\/uploads\/2021\/07\/EMM-VPrincipal-scaled.jpg","contentUrl":"https:\/\/buscoequipomedico.com\/wp-content\/uploads\/2021\/07\/EMM-VPrincipal-scaled.jpg","width":2560,"height":1058,"caption":"Tu mejor opci\u00f3n Equipo M\u00e9dico M\u00e9xico"},"image":{"@id":"https:\/\/buscoequipomedico.com\/#\/schema\/logo\/image\/"}}]}},"_links":{"self":[{"href":"https:\/\/buscoequipomedico.com\/index.php?rest_route=\/wp\/v2\/product\/12220","targetHints":{"allow":["GET"]}}],"collection":[{"href":"https:\/\/buscoequipomedico.com\/index.php?rest_route=\/wp\/v2\/product"}],"about":[{"href":"https:\/\/buscoequipomedico.com\/index.php?rest_route=\/wp\/v2\/types\/product"}],"wp:featuredmedia":[{"embeddable":true,"href":"https:\/\/buscoequipomedico.com\/index.php?rest_route=\/wp\/v2\/media\/12221"}],"wp:attachment":[{"href":"https:\/\/buscoequipomedico.com\/index.php?rest_route=%2Fwp%2Fv2%2Fmedia&parent=12220"}],"wp:term":[{"taxonomy":"product_brand","embeddable":true,"href":"https:\/\/buscoequipomedico.com\/index.php?rest_route=%2Fwp%2Fv2%2Fproduct_brand&post=12220"},{"taxonomy":"product_cat","embeddable":true,"href":"https:\/\/buscoequipomedico.com\/index.php?rest_route=%2Fwp%2Fv2%2Fproduct_cat&post=12220"},{"taxonomy":"product_tag","embeddable":true,"href":"https:\/\/buscoequipomedico.com\/index.php?rest_route=%2Fwp%2Fv2%2Fproduct_tag&post=12220"}],"curies":[{"name":"wp","href":"https:\/\/api.w.org\/{rel}","templated":true}]}}