{"id":12222,"date":"2020-02-18T07:34:50","date_gmt":"2020-02-18T07:34:50","guid":{"rendered":"https:\/\/equipomedicomexico-com.preview-domain.com\/product\/lampara-de-cirugia-sencilla-de-techo\/"},"modified":"2020-02-18T07:34:53","modified_gmt":"2020-02-18T07:34:53","slug":"lampara-de-cirugia-sencilla-de-techo","status":"publish","type":"product","link":"https:\/\/buscoequipomedico.com\/?product=lampara-de-cirugia-sencilla-de-techo","title":{"rendered":"L\u00e1mpara de cirug\u00eda sencilla de techo"},"content":{"rendered":"<p><span>Intensidad de luz mt.1: 160,000 lux<\/span><br \/><span>7 diversas temperaturas de color: Ajustable de 3.800K a 5.000K<\/span><br \/><span>Di\u00e1metro del reflector: \u00d8 520 mil\u00edmetros<\/span><\/p>\n<p><span>Unica es una luz de la cirug\u00eda mayor con funcionamientos incomparables.<\/span><br \/><span>7 diversas temperaturas de color, ligeros siempre en foco, el ajuste de la intensidad de luz a trav\u00e9s de la manija esterilizable central, la luz ambiente y, sobre todo, el sistema de la reflexi\u00f3n doble 2R, que concede una alta superficie luminescente sin ning\u00fan efecto que se deslumbra.<\/span><br \/><span>Los gracias al sistema de la reflexi\u00f3n doble 2R, Unica ofrecen una luz profunda, estratificada y SIN RESPLANDOR.<\/span><\/p>\n","protected":false},"excerpt":{"rendered":"<p><span>Unica es una luz de la cirug\u00eda mayor con funcionamientos incomparables.<\/span><br \/><span>7 diversas temperaturas de color, ligeros siempre en foco, el ajuste de la intensidad de luz a trav\u00e9s de la manija esterilizable central, la luz ambiente y, sobre todo, el sistema de la reflexi\u00f3n doble 2R, que concede una alta superficie luminescente sin ning\u00fan efecto que se deslumbra.<\/span><br \/><span>Los gracias al sistema de la reflexi\u00f3n doble 2R, Unica ofrecen una luz profunda, estratificada y SIN RESPLANDOR.<\/span><\/p>\n","protected":false},"featured_media":12223,"template":"","meta":{"_joinchat":[]},"product_brand":[],"product_cat":[213],"product_tag":[],"class_list":{"0":"post-12222","1":"product","2":"type-product","3":"status-publish","4":"has-post-thumbnail","6":"product_cat-concentradores","7":"pa_marca-rimsa","9":"first","10":"instock","11":"purchasable","12":"product-type-simple"},"yoast_head":"<!-- This site is optimized with the Yoast SEO plugin v25.1 - https:\/\/yoast.com\/wordpress\/plugins\/seo\/ -->\n<title>L\u00e1mpara de cirug\u00eda sencilla de techo - Tu mejor opci\u00f3n Equipo M\u00e9dico M\u00e9xico<\/title>\n<meta name=\"robots\" content=\"index, follow, max-snippet:-1, max-image-preview:large, max-video-preview:-1\" \/>\n<link rel=\"canonical\" href=\"https:\/\/buscoequipomedico.com\/?product=lampara-de-cirugia-sencilla-de-techo\" \/>\n<meta property=\"og:locale\" content=\"es_ES\" \/>\n<meta property=\"og:type\" content=\"article\" \/>\n<meta property=\"og:title\" content=\"L\u00e1mpara de cirug\u00eda sencilla de techo - Tu mejor opci\u00f3n Equipo M\u00e9dico M\u00e9xico\" \/>\n<meta property=\"og:description\" content=\"Unica es una luz de la cirug\u00eda mayor con funcionamientos incomparables.7 diversas temperaturas de color, ligeros siempre en foco, el ajuste de la intensidad de luz a trav\u00e9s de la manija esterilizable central, la luz ambiente y, sobre todo, el sistema de la reflexi\u00f3n doble 2R, que concede una alta superficie luminescente sin ning\u00fan efecto que se deslumbra.Los gracias al sistema de la reflexi\u00f3n doble 2R, Unica ofrecen una luz profunda, estratificada y SIN RESPLANDOR.\" \/>\n<meta property=\"og:url\" content=\"https:\/\/buscoequipomedico.com\/?product=lampara-de-cirugia-sencilla-de-techo\" \/>\n<meta property=\"og:site_name\" content=\"Tu mejor opci\u00f3n Equipo M\u00e9dico M\u00e9xico\" \/>\n<meta property=\"article:modified_time\" content=\"2020-02-18T07:34:53+00:00\" \/>\n<meta property=\"og:image\" content=\"https:\/\/buscoequipomedico.com\/wp-content\/uploads\/2020\/02\/lampara-de-cirugia-sencilla-de-techo-unica-es-una-luz-de-la-cirugia-mayor-con-funcionamientos-incomparables7-diversas-temperatur.jpg\" \/>\n\t<meta property=\"og:image:width\" content=\"800\" \/>\n\t<meta property=\"og:image:height\" content=\"800\" \/>\n\t<meta property=\"og:image:type\" content=\"image\/jpeg\" \/>\n<meta name=\"twitter:card\" content=\"summary_large_image\" \/>\n<script type=\"application\/ld+json\" class=\"yoast-schema-graph\">{\"@context\":\"https:\/\/schema.org\",\"@graph\":[{\"@type\":\"WebPage\",\"@id\":\"https:\/\/buscoequipomedico.com\/?product=lampara-de-cirugia-sencilla-de-techo\",\"url\":\"https:\/\/buscoequipomedico.com\/?product=lampara-de-cirugia-sencilla-de-techo\",\"name\":\"L\u00e1mpara de cirug\u00eda sencilla de techo - Tu mejor opci\u00f3n Equipo M\u00e9dico M\u00e9xico\",\"isPartOf\":{\"@id\":\"https:\/\/buscoequipomedico.com\/#website\"},\"primaryImageOfPage\":{\"@id\":\"https:\/\/buscoequipomedico.com\/?product=lampara-de-cirugia-sencilla-de-techo#primaryimage\"},\"image\":{\"@id\":\"https:\/\/buscoequipomedico.com\/?product=lampara-de-cirugia-sencilla-de-techo#primaryimage\"},\"thumbnailUrl\":\"https:\/\/buscoequipomedico.com\/wp-content\/uploads\/2020\/02\/lampara-de-cirugia-sencilla-de-techo-unica-es-una-luz-de-la-cirugia-mayor-con-funcionamientos-incomparables7-diversas-temperatur.jpg\",\"datePublished\":\"2020-02-18T07:34:50+00:00\",\"dateModified\":\"2020-02-18T07:34:53+00:00\",\"breadcrumb\":{\"@id\":\"https:\/\/buscoequipomedico.com\/?product=lampara-de-cirugia-sencilla-de-techo#breadcrumb\"},\"inLanguage\":\"es\",\"potentialAction\":[{\"@type\":\"ReadAction\",\"target\":[\"https:\/\/buscoequipomedico.com\/?product=lampara-de-cirugia-sencilla-de-techo\"]}]},{\"@type\":\"ImageObject\",\"inLanguage\":\"es\",\"@id\":\"https:\/\/buscoequipomedico.com\/?product=lampara-de-cirugia-sencilla-de-techo#primaryimage\",\"url\":\"https:\/\/buscoequipomedico.com\/wp-content\/uploads\/2020\/02\/lampara-de-cirugia-sencilla-de-techo-unica-es-una-luz-de-la-cirugia-mayor-con-funcionamientos-incomparables7-diversas-temperatur.jpg\",\"contentUrl\":\"https:\/\/buscoequipomedico.com\/wp-content\/uploads\/2020\/02\/lampara-de-cirugia-sencilla-de-techo-unica-es-una-luz-de-la-cirugia-mayor-con-funcionamientos-incomparables7-diversas-temperatur.jpg\",\"width\":800,\"height\":800},{\"@type\":\"BreadcrumbList\",\"@id\":\"https:\/\/buscoequipomedico.com\/?product=lampara-de-cirugia-sencilla-de-techo#breadcrumb\",\"itemListElement\":[{\"@type\":\"ListItem\",\"position\":1,\"name\":\"Productos\",\"item\":\"https:\/\/buscoequipomedico.com\/shop\/\"},{\"@type\":\"ListItem\",\"position\":2,\"name\":\"L\u00e1mpara de cirug\u00eda sencilla de techo\"}]},{\"@type\":\"WebSite\",\"@id\":\"https:\/\/buscoequipomedico.com\/#website\",\"url\":\"https:\/\/buscoequipomedico.com\/\",\"name\":\"Tu mejor opci\u00f3n Equipo M\u00e9dico M\u00e9xico\",\"description\":\"Tienda de equipo m\u00e9dico\",\"publisher\":{\"@id\":\"https:\/\/buscoequipomedico.com\/#organization\"},\"potentialAction\":[{\"@type\":\"SearchAction\",\"target\":{\"@type\":\"EntryPoint\",\"urlTemplate\":\"https:\/\/buscoequipomedico.com\/?s={search_term_string}\"},\"query-input\":{\"@type\":\"PropertyValueSpecification\",\"valueRequired\":true,\"valueName\":\"search_term_string\"}}],\"inLanguage\":\"es\"},{\"@type\":\"Organization\",\"@id\":\"https:\/\/buscoequipomedico.com\/#organization\",\"name\":\"Tu mejor opci\u00f3n Equipo M\u00e9dico M\u00e9xico\",\"url\":\"https:\/\/buscoequipomedico.com\/\",\"logo\":{\"@type\":\"ImageObject\",\"inLanguage\":\"es\",\"@id\":\"https:\/\/buscoequipomedico.com\/#\/schema\/logo\/image\/\",\"url\":\"https:\/\/buscoequipomedico.com\/wp-content\/uploads\/2021\/07\/EMM-VPrincipal-scaled.jpg\",\"contentUrl\":\"https:\/\/buscoequipomedico.com\/wp-content\/uploads\/2021\/07\/EMM-VPrincipal-scaled.jpg\",\"width\":2560,\"height\":1058,\"caption\":\"Tu mejor opci\u00f3n Equipo M\u00e9dico M\u00e9xico\"},\"image\":{\"@id\":\"https:\/\/buscoequipomedico.com\/#\/schema\/logo\/image\/\"}}]}<\/script>\n<!-- \/ Yoast SEO plugin. -->","yoast_head_json":{"title":"L\u00e1mpara de cirug\u00eda sencilla de techo - Tu mejor opci\u00f3n Equipo M\u00e9dico M\u00e9xico","robots":{"index":"index","follow":"follow","max-snippet":"max-snippet:-1","max-image-preview":"max-image-preview:large","max-video-preview":"max-video-preview:-1"},"canonical":"https:\/\/buscoequipomedico.com\/?product=lampara-de-cirugia-sencilla-de-techo","og_locale":"es_ES","og_type":"article","og_title":"L\u00e1mpara de cirug\u00eda sencilla de techo - Tu mejor opci\u00f3n Equipo M\u00e9dico M\u00e9xico","og_description":"Unica es una luz de la cirug\u00eda mayor con funcionamientos incomparables.7 diversas temperaturas de color, ligeros siempre en foco, el ajuste de la intensidad de luz a trav\u00e9s de la manija esterilizable central, la luz ambiente y, sobre todo, el sistema de la reflexi\u00f3n doble 2R, que concede una alta superficie luminescente sin ning\u00fan efecto que se deslumbra.Los gracias al sistema de la reflexi\u00f3n doble 2R, Unica ofrecen una luz profunda, estratificada y SIN RESPLANDOR.","og_url":"https:\/\/buscoequipomedico.com\/?product=lampara-de-cirugia-sencilla-de-techo","og_site_name":"Tu mejor opci\u00f3n Equipo M\u00e9dico M\u00e9xico","article_modified_time":"2020-02-18T07:34:53+00:00","og_image":[{"width":800,"height":800,"url":"https:\/\/buscoequipomedico.com\/wp-content\/uploads\/2020\/02\/lampara-de-cirugia-sencilla-de-techo-unica-es-una-luz-de-la-cirugia-mayor-con-funcionamientos-incomparables7-diversas-temperatur.jpg","type":"image\/jpeg"}],"twitter_card":"summary_large_image","schema":{"@context":"https:\/\/schema.org","@graph":[{"@type":"WebPage","@id":"https:\/\/buscoequipomedico.com\/?product=lampara-de-cirugia-sencilla-de-techo","url":"https:\/\/buscoequipomedico.com\/?product=lampara-de-cirugia-sencilla-de-techo","name":"L\u00e1mpara de cirug\u00eda sencilla de techo - Tu mejor opci\u00f3n Equipo M\u00e9dico M\u00e9xico","isPartOf":{"@id":"https:\/\/buscoequipomedico.com\/#website"},"primaryImageOfPage":{"@id":"https:\/\/buscoequipomedico.com\/?product=lampara-de-cirugia-sencilla-de-techo#primaryimage"},"image":{"@id":"https:\/\/buscoequipomedico.com\/?product=lampara-de-cirugia-sencilla-de-techo#primaryimage"},"thumbnailUrl":"https:\/\/buscoequipomedico.com\/wp-content\/uploads\/2020\/02\/lampara-de-cirugia-sencilla-de-techo-unica-es-una-luz-de-la-cirugia-mayor-con-funcionamientos-incomparables7-diversas-temperatur.jpg","datePublished":"2020-02-18T07:34:50+00:00","dateModified":"2020-02-18T07:34:53+00:00","breadcrumb":{"@id":"https:\/\/buscoequipomedico.com\/?product=lampara-de-cirugia-sencilla-de-techo#breadcrumb"},"inLanguage":"es","potentialAction":[{"@type":"ReadAction","target":["https:\/\/buscoequipomedico.com\/?product=lampara-de-cirugia-sencilla-de-techo"]}]},{"@type":"ImageObject","inLanguage":"es","@id":"https:\/\/buscoequipomedico.com\/?product=lampara-de-cirugia-sencilla-de-techo#primaryimage","url":"https:\/\/buscoequipomedico.com\/wp-content\/uploads\/2020\/02\/lampara-de-cirugia-sencilla-de-techo-unica-es-una-luz-de-la-cirugia-mayor-con-funcionamientos-incomparables7-diversas-temperatur.jpg","contentUrl":"https:\/\/buscoequipomedico.com\/wp-content\/uploads\/2020\/02\/lampara-de-cirugia-sencilla-de-techo-unica-es-una-luz-de-la-cirugia-mayor-con-funcionamientos-incomparables7-diversas-temperatur.jpg","width":800,"height":800},{"@type":"BreadcrumbList","@id":"https:\/\/buscoequipomedico.com\/?product=lampara-de-cirugia-sencilla-de-techo#breadcrumb","itemListElement":[{"@type":"ListItem","position":1,"name":"Productos","item":"https:\/\/buscoequipomedico.com\/shop\/"},{"@type":"ListItem","position":2,"name":"L\u00e1mpara de cirug\u00eda sencilla de techo"}]},{"@type":"WebSite","@id":"https:\/\/buscoequipomedico.com\/#website","url":"https:\/\/buscoequipomedico.com\/","name":"Tu mejor opci\u00f3n Equipo M\u00e9dico M\u00e9xico","description":"Tienda de equipo m\u00e9dico","publisher":{"@id":"https:\/\/buscoequipomedico.com\/#organization"},"potentialAction":[{"@type":"SearchAction","target":{"@type":"EntryPoint","urlTemplate":"https:\/\/buscoequipomedico.com\/?s={search_term_string}"},"query-input":{"@type":"PropertyValueSpecification","valueRequired":true,"valueName":"search_term_string"}}],"inLanguage":"es"},{"@type":"Organization","@id":"https:\/\/buscoequipomedico.com\/#organization","name":"Tu mejor opci\u00f3n Equipo M\u00e9dico M\u00e9xico","url":"https:\/\/buscoequipomedico.com\/","logo":{"@type":"ImageObject","inLanguage":"es","@id":"https:\/\/buscoequipomedico.com\/#\/schema\/logo\/image\/","url":"https:\/\/buscoequipomedico.com\/wp-content\/uploads\/2021\/07\/EMM-VPrincipal-scaled.jpg","contentUrl":"https:\/\/buscoequipomedico.com\/wp-content\/uploads\/2021\/07\/EMM-VPrincipal-scaled.jpg","width":2560,"height":1058,"caption":"Tu mejor opci\u00f3n Equipo M\u00e9dico M\u00e9xico"},"image":{"@id":"https:\/\/buscoequipomedico.com\/#\/schema\/logo\/image\/"}}]}},"_links":{"self":[{"href":"https:\/\/buscoequipomedico.com\/index.php?rest_route=\/wp\/v2\/product\/12222","targetHints":{"allow":["GET"]}}],"collection":[{"href":"https:\/\/buscoequipomedico.com\/index.php?rest_route=\/wp\/v2\/product"}],"about":[{"href":"https:\/\/buscoequipomedico.com\/index.php?rest_route=\/wp\/v2\/types\/product"}],"wp:featuredmedia":[{"embeddable":true,"href":"https:\/\/buscoequipomedico.com\/index.php?rest_route=\/wp\/v2\/media\/12223"}],"wp:attachment":[{"href":"https:\/\/buscoequipomedico.com\/index.php?rest_route=%2Fwp%2Fv2%2Fmedia&parent=12222"}],"wp:term":[{"taxonomy":"product_brand","embeddable":true,"href":"https:\/\/buscoequipomedico.com\/index.php?rest_route=%2Fwp%2Fv2%2Fproduct_brand&post=12222"},{"taxonomy":"product_cat","embeddable":true,"href":"https:\/\/buscoequipomedico.com\/index.php?rest_route=%2Fwp%2Fv2%2Fproduct_cat&post=12222"},{"taxonomy":"product_tag","embeddable":true,"href":"https:\/\/buscoequipomedico.com\/index.php?rest_route=%2Fwp%2Fv2%2Fproduct_tag&post=12222"}],"curies":[{"name":"wp","href":"https:\/\/api.w.org\/{rel}","templated":true}]}}