{"id":12229,"date":"2020-02-18T07:34:50","date_gmt":"2020-02-18T07:34:50","guid":{"rendered":"https:\/\/equipomedicomexico-com.preview-domain.com\/product\/lampara-de-cirugia-sencilla-de-techo-5\/"},"modified":"2020-02-18T07:34:54","modified_gmt":"2020-02-18T07:34:54","slug":"lampara-de-cirugia-sencilla-de-techo-5","status":"publish","type":"product","link":"https:\/\/buscoequipomedico.com\/?product=lampara-de-cirugia-sencilla-de-techo-5","title":{"rendered":"L\u00e1mpara de cirug\u00eda sencilla de techo"},"content":{"rendered":"<p><span>PENTALED 30N es una tecnolog\u00eda de iluminaci\u00f3n inteligente que promete altos rendimientos durante procedimientos quir\u00fargicos. El dispositivo tiene seis m\u00f3dulos de cinco luces LED, sumando las luces en treinta. No s\u00f3lo esas luces proporcionan un efecto tridimensional, pero tambi\u00e9n difunden la luz de una manera tal que haya absolutamente antideslumbrador. La l\u00e1mpara se puede orientar hacia diversas direcciones para calibrar su efecto m\u00e1ximo. Una ventaja conocida de esta luz es que el campo ligero puede ser ajustado y ser manipulado. Hay un teclado de membrana para ajustar la temperatura ligera. La manija de la l\u00e1mpara puede ser esterilizada.<\/span><\/p>\n<p><span><\/span><\/p>\n<ul>\n<li>\n<p>Configuraci\u00f3n:<\/p>\n<p>de techo, m\u00f3vil, mural<\/p>\n<\/li>\n<li>\n<p>Fuente luminosa:<\/p>\n<p>led<\/p>\n<\/li>\n<li>\n<p>Intensidad a 1 m:<\/p>\n<p>160.000 lx<\/p>\n<\/li>\n<\/ul>\n","protected":false},"excerpt":{"rendered":"<p><span>PENTALED 30N es una tecnolog\u00eda de iluminaci\u00f3n inteligente que promete altos rendimientos durante procedimientos quir\u00fargicos.\u00a0<\/span><\/p>\n","protected":false},"featured_media":12230,"template":"","meta":{"_joinchat":[]},"product_brand":[],"product_cat":[213],"product_tag":[],"class_list":{"0":"post-12229","1":"product","2":"type-product","3":"status-publish","4":"has-post-thumbnail","6":"product_cat-concentradores","7":"pa_marca-rimsa","9":"first","10":"instock","11":"purchasable","12":"product-type-simple"},"yoast_head":"<!-- This site is optimized with the Yoast SEO plugin v25.1 - https:\/\/yoast.com\/wordpress\/plugins\/seo\/ -->\n<title>L\u00e1mpara de cirug\u00eda sencilla de techo - Tu mejor opci\u00f3n Equipo M\u00e9dico M\u00e9xico<\/title>\n<meta name=\"robots\" content=\"index, follow, max-snippet:-1, max-image-preview:large, max-video-preview:-1\" \/>\n<link rel=\"canonical\" href=\"https:\/\/buscoequipomedico.com\/?product=lampara-de-cirugia-sencilla-de-techo-5\" \/>\n<meta property=\"og:locale\" content=\"es_ES\" \/>\n<meta property=\"og:type\" content=\"article\" \/>\n<meta property=\"og:title\" content=\"L\u00e1mpara de cirug\u00eda sencilla de techo - Tu mejor opci\u00f3n Equipo M\u00e9dico M\u00e9xico\" \/>\n<meta property=\"og:description\" content=\"PENTALED 30N es una tecnolog\u00eda de iluminaci\u00f3n inteligente que promete altos rendimientos durante procedimientos quir\u00fargicos.\u00a0\" \/>\n<meta property=\"og:url\" content=\"https:\/\/buscoequipomedico.com\/?product=lampara-de-cirugia-sencilla-de-techo-5\" \/>\n<meta property=\"og:site_name\" content=\"Tu mejor opci\u00f3n Equipo M\u00e9dico M\u00e9xico\" \/>\n<meta property=\"article:modified_time\" content=\"2020-02-18T07:34:54+00:00\" \/>\n<meta property=\"og:image\" content=\"https:\/\/buscoequipomedico.com\/wp-content\/uploads\/2020\/02\/lampara-de-cirugia-sencilla-de-techo-pentaled-30n-es-una-tecnologia-de-iluminacion-inteligente-que-promete-altos-rendimientos-du.jpg\" \/>\n\t<meta property=\"og:image:width\" content=\"800\" \/>\n\t<meta property=\"og:image:height\" content=\"800\" \/>\n\t<meta property=\"og:image:type\" content=\"image\/jpeg\" \/>\n<meta name=\"twitter:card\" content=\"summary_large_image\" \/>\n<meta name=\"twitter:label1\" content=\"Tiempo de lectura\" \/>\n\t<meta name=\"twitter:data1\" content=\"1 minuto\" \/>\n<script type=\"application\/ld+json\" class=\"yoast-schema-graph\">{\"@context\":\"https:\/\/schema.org\",\"@graph\":[{\"@type\":\"WebPage\",\"@id\":\"https:\/\/buscoequipomedico.com\/?product=lampara-de-cirugia-sencilla-de-techo-5\",\"url\":\"https:\/\/buscoequipomedico.com\/?product=lampara-de-cirugia-sencilla-de-techo-5\",\"name\":\"L\u00e1mpara de cirug\u00eda sencilla de techo - Tu mejor opci\u00f3n Equipo M\u00e9dico M\u00e9xico\",\"isPartOf\":{\"@id\":\"https:\/\/buscoequipomedico.com\/#website\"},\"primaryImageOfPage\":{\"@id\":\"https:\/\/buscoequipomedico.com\/?product=lampara-de-cirugia-sencilla-de-techo-5#primaryimage\"},\"image\":{\"@id\":\"https:\/\/buscoequipomedico.com\/?product=lampara-de-cirugia-sencilla-de-techo-5#primaryimage\"},\"thumbnailUrl\":\"https:\/\/buscoequipomedico.com\/wp-content\/uploads\/2020\/02\/lampara-de-cirugia-sencilla-de-techo-pentaled-30n-es-una-tecnologia-de-iluminacion-inteligente-que-promete-altos-rendimientos-du.jpg\",\"datePublished\":\"2020-02-18T07:34:50+00:00\",\"dateModified\":\"2020-02-18T07:34:54+00:00\",\"breadcrumb\":{\"@id\":\"https:\/\/buscoequipomedico.com\/?product=lampara-de-cirugia-sencilla-de-techo-5#breadcrumb\"},\"inLanguage\":\"es\",\"potentialAction\":[{\"@type\":\"ReadAction\",\"target\":[\"https:\/\/buscoequipomedico.com\/?product=lampara-de-cirugia-sencilla-de-techo-5\"]}]},{\"@type\":\"ImageObject\",\"inLanguage\":\"es\",\"@id\":\"https:\/\/buscoequipomedico.com\/?product=lampara-de-cirugia-sencilla-de-techo-5#primaryimage\",\"url\":\"https:\/\/buscoequipomedico.com\/wp-content\/uploads\/2020\/02\/lampara-de-cirugia-sencilla-de-techo-pentaled-30n-es-una-tecnologia-de-iluminacion-inteligente-que-promete-altos-rendimientos-du.jpg\",\"contentUrl\":\"https:\/\/buscoequipomedico.com\/wp-content\/uploads\/2020\/02\/lampara-de-cirugia-sencilla-de-techo-pentaled-30n-es-una-tecnologia-de-iluminacion-inteligente-que-promete-altos-rendimientos-du.jpg\",\"width\":800,\"height\":800},{\"@type\":\"BreadcrumbList\",\"@id\":\"https:\/\/buscoequipomedico.com\/?product=lampara-de-cirugia-sencilla-de-techo-5#breadcrumb\",\"itemListElement\":[{\"@type\":\"ListItem\",\"position\":1,\"name\":\"Productos\",\"item\":\"https:\/\/buscoequipomedico.com\/shop\/\"},{\"@type\":\"ListItem\",\"position\":2,\"name\":\"L\u00e1mpara de cirug\u00eda sencilla de techo\"}]},{\"@type\":\"WebSite\",\"@id\":\"https:\/\/buscoequipomedico.com\/#website\",\"url\":\"https:\/\/buscoequipomedico.com\/\",\"name\":\"Tu mejor opci\u00f3n Equipo M\u00e9dico M\u00e9xico\",\"description\":\"Tienda de equipo m\u00e9dico\",\"publisher\":{\"@id\":\"https:\/\/buscoequipomedico.com\/#organization\"},\"potentialAction\":[{\"@type\":\"SearchAction\",\"target\":{\"@type\":\"EntryPoint\",\"urlTemplate\":\"https:\/\/buscoequipomedico.com\/?s={search_term_string}\"},\"query-input\":{\"@type\":\"PropertyValueSpecification\",\"valueRequired\":true,\"valueName\":\"search_term_string\"}}],\"inLanguage\":\"es\"},{\"@type\":\"Organization\",\"@id\":\"https:\/\/buscoequipomedico.com\/#organization\",\"name\":\"Tu mejor opci\u00f3n Equipo M\u00e9dico M\u00e9xico\",\"url\":\"https:\/\/buscoequipomedico.com\/\",\"logo\":{\"@type\":\"ImageObject\",\"inLanguage\":\"es\",\"@id\":\"https:\/\/buscoequipomedico.com\/#\/schema\/logo\/image\/\",\"url\":\"https:\/\/buscoequipomedico.com\/wp-content\/uploads\/2021\/07\/EMM-VPrincipal-scaled.jpg\",\"contentUrl\":\"https:\/\/buscoequipomedico.com\/wp-content\/uploads\/2021\/07\/EMM-VPrincipal-scaled.jpg\",\"width\":2560,\"height\":1058,\"caption\":\"Tu mejor opci\u00f3n Equipo M\u00e9dico M\u00e9xico\"},\"image\":{\"@id\":\"https:\/\/buscoequipomedico.com\/#\/schema\/logo\/image\/\"}}]}<\/script>\n<!-- \/ Yoast SEO plugin. -->","yoast_head_json":{"title":"L\u00e1mpara de cirug\u00eda sencilla de techo - Tu mejor opci\u00f3n Equipo M\u00e9dico M\u00e9xico","robots":{"index":"index","follow":"follow","max-snippet":"max-snippet:-1","max-image-preview":"max-image-preview:large","max-video-preview":"max-video-preview:-1"},"canonical":"https:\/\/buscoequipomedico.com\/?product=lampara-de-cirugia-sencilla-de-techo-5","og_locale":"es_ES","og_type":"article","og_title":"L\u00e1mpara de cirug\u00eda sencilla de techo - Tu mejor opci\u00f3n Equipo M\u00e9dico M\u00e9xico","og_description":"PENTALED 30N es una tecnolog\u00eda de iluminaci\u00f3n inteligente que promete altos rendimientos durante procedimientos quir\u00fargicos.\u00a0","og_url":"https:\/\/buscoequipomedico.com\/?product=lampara-de-cirugia-sencilla-de-techo-5","og_site_name":"Tu mejor opci\u00f3n Equipo M\u00e9dico M\u00e9xico","article_modified_time":"2020-02-18T07:34:54+00:00","og_image":[{"width":800,"height":800,"url":"https:\/\/buscoequipomedico.com\/wp-content\/uploads\/2020\/02\/lampara-de-cirugia-sencilla-de-techo-pentaled-30n-es-una-tecnologia-de-iluminacion-inteligente-que-promete-altos-rendimientos-du.jpg","type":"image\/jpeg"}],"twitter_card":"summary_large_image","twitter_misc":{"Tiempo de lectura":"1 minuto"},"schema":{"@context":"https:\/\/schema.org","@graph":[{"@type":"WebPage","@id":"https:\/\/buscoequipomedico.com\/?product=lampara-de-cirugia-sencilla-de-techo-5","url":"https:\/\/buscoequipomedico.com\/?product=lampara-de-cirugia-sencilla-de-techo-5","name":"L\u00e1mpara de cirug\u00eda sencilla de techo - Tu mejor opci\u00f3n Equipo M\u00e9dico M\u00e9xico","isPartOf":{"@id":"https:\/\/buscoequipomedico.com\/#website"},"primaryImageOfPage":{"@id":"https:\/\/buscoequipomedico.com\/?product=lampara-de-cirugia-sencilla-de-techo-5#primaryimage"},"image":{"@id":"https:\/\/buscoequipomedico.com\/?product=lampara-de-cirugia-sencilla-de-techo-5#primaryimage"},"thumbnailUrl":"https:\/\/buscoequipomedico.com\/wp-content\/uploads\/2020\/02\/lampara-de-cirugia-sencilla-de-techo-pentaled-30n-es-una-tecnologia-de-iluminacion-inteligente-que-promete-altos-rendimientos-du.jpg","datePublished":"2020-02-18T07:34:50+00:00","dateModified":"2020-02-18T07:34:54+00:00","breadcrumb":{"@id":"https:\/\/buscoequipomedico.com\/?product=lampara-de-cirugia-sencilla-de-techo-5#breadcrumb"},"inLanguage":"es","potentialAction":[{"@type":"ReadAction","target":["https:\/\/buscoequipomedico.com\/?product=lampara-de-cirugia-sencilla-de-techo-5"]}]},{"@type":"ImageObject","inLanguage":"es","@id":"https:\/\/buscoequipomedico.com\/?product=lampara-de-cirugia-sencilla-de-techo-5#primaryimage","url":"https:\/\/buscoequipomedico.com\/wp-content\/uploads\/2020\/02\/lampara-de-cirugia-sencilla-de-techo-pentaled-30n-es-una-tecnologia-de-iluminacion-inteligente-que-promete-altos-rendimientos-du.jpg","contentUrl":"https:\/\/buscoequipomedico.com\/wp-content\/uploads\/2020\/02\/lampara-de-cirugia-sencilla-de-techo-pentaled-30n-es-una-tecnologia-de-iluminacion-inteligente-que-promete-altos-rendimientos-du.jpg","width":800,"height":800},{"@type":"BreadcrumbList","@id":"https:\/\/buscoequipomedico.com\/?product=lampara-de-cirugia-sencilla-de-techo-5#breadcrumb","itemListElement":[{"@type":"ListItem","position":1,"name":"Productos","item":"https:\/\/buscoequipomedico.com\/shop\/"},{"@type":"ListItem","position":2,"name":"L\u00e1mpara de cirug\u00eda sencilla de techo"}]},{"@type":"WebSite","@id":"https:\/\/buscoequipomedico.com\/#website","url":"https:\/\/buscoequipomedico.com\/","name":"Tu mejor opci\u00f3n Equipo M\u00e9dico M\u00e9xico","description":"Tienda de equipo m\u00e9dico","publisher":{"@id":"https:\/\/buscoequipomedico.com\/#organization"},"potentialAction":[{"@type":"SearchAction","target":{"@type":"EntryPoint","urlTemplate":"https:\/\/buscoequipomedico.com\/?s={search_term_string}"},"query-input":{"@type":"PropertyValueSpecification","valueRequired":true,"valueName":"search_term_string"}}],"inLanguage":"es"},{"@type":"Organization","@id":"https:\/\/buscoequipomedico.com\/#organization","name":"Tu mejor opci\u00f3n Equipo M\u00e9dico M\u00e9xico","url":"https:\/\/buscoequipomedico.com\/","logo":{"@type":"ImageObject","inLanguage":"es","@id":"https:\/\/buscoequipomedico.com\/#\/schema\/logo\/image\/","url":"https:\/\/buscoequipomedico.com\/wp-content\/uploads\/2021\/07\/EMM-VPrincipal-scaled.jpg","contentUrl":"https:\/\/buscoequipomedico.com\/wp-content\/uploads\/2021\/07\/EMM-VPrincipal-scaled.jpg","width":2560,"height":1058,"caption":"Tu mejor opci\u00f3n Equipo M\u00e9dico M\u00e9xico"},"image":{"@id":"https:\/\/buscoequipomedico.com\/#\/schema\/logo\/image\/"}}]}},"_links":{"self":[{"href":"https:\/\/buscoequipomedico.com\/index.php?rest_route=\/wp\/v2\/product\/12229","targetHints":{"allow":["GET"]}}],"collection":[{"href":"https:\/\/buscoequipomedico.com\/index.php?rest_route=\/wp\/v2\/product"}],"about":[{"href":"https:\/\/buscoequipomedico.com\/index.php?rest_route=\/wp\/v2\/types\/product"}],"wp:featuredmedia":[{"embeddable":true,"href":"https:\/\/buscoequipomedico.com\/index.php?rest_route=\/wp\/v2\/media\/12230"}],"wp:attachment":[{"href":"https:\/\/buscoequipomedico.com\/index.php?rest_route=%2Fwp%2Fv2%2Fmedia&parent=12229"}],"wp:term":[{"taxonomy":"product_brand","embeddable":true,"href":"https:\/\/buscoequipomedico.com\/index.php?rest_route=%2Fwp%2Fv2%2Fproduct_brand&post=12229"},{"taxonomy":"product_cat","embeddable":true,"href":"https:\/\/buscoequipomedico.com\/index.php?rest_route=%2Fwp%2Fv2%2Fproduct_cat&post=12229"},{"taxonomy":"product_tag","embeddable":true,"href":"https:\/\/buscoequipomedico.com\/index.php?rest_route=%2Fwp%2Fv2%2Fproduct_tag&post=12229"}],"curies":[{"name":"wp","href":"https:\/\/api.w.org\/{rel}","templated":true}]}}