{"id":12241,"date":"2020-02-18T07:34:56","date_gmt":"2020-02-18T07:34:56","guid":{"rendered":"https:\/\/equipomedicomexico-com.preview-domain.com\/product\/lampara-de-cirugia-doble-de-techo-3\/"},"modified":"2020-02-18T07:34:57","modified_gmt":"2020-02-18T07:34:57","slug":"lampara-de-cirugia-doble-de-techo-3","status":"publish","type":"product","link":"https:\/\/buscoequipomedico.com\/?product=lampara-de-cirugia-doble-de-techo-3","title":{"rendered":"L\u00e1mpara de cirug\u00eda doble de techo"},"content":{"rendered":"<p><strong>Uso c\u00f3modo<\/strong><br \/><span><span>Gracias al principio de luz indirecta, la l\u00e1mpara orientada hacia diferentes posiciones no deslumbra al cirujano ni a los asistentes.\u00a0<\/span><span>El tama\u00f1o del campo iluminado se ajusta mec\u00e1nicamente a trav\u00e9s del mango de acuerdo con la luz requerida por el cirujano.<\/span><\/span><\/p>\n<p><strong>Caracter\u00edsticas de iluminaci\u00f3n superiores El<\/strong><br \/><span>teclado de membrana activa las siguientes funciones:<\/span><br \/><span>\u2022 selecci\u00f3n de la temperatura de color 5,000 \u00b0 K y 4,500 \u00b0 K<\/span><br \/><span>\u2022 ajuste de la intensidad de la luz hasta 160 Klx<\/span><br \/><span>\u2022 encendido \/ apagado<\/span><br \/><span>\u2022 luz endoled con selecci\u00f3n de color (luz c\u00f3moda para la intervenci\u00f3n endosc\u00f3pica)<\/span><br \/><span>La temperatura de color de 5,000 \u00b0 K estimula la concentraci\u00f3n de los cirujanos, no lesiona la vista, reproduce fielmente el color de los tejidos y aumenta la definici\u00f3n de los bordes.<\/span><\/p>\n<p><strong>Prestaciones fiables y duraderas<\/strong><br \/><span><span>La construcci\u00f3n modular de la placa electr\u00f3nica que alimenta los LED garantiza una luz continua, incluso en el caso poco probable de que un LED o componente de la placa falle.\u00a0<\/span><span>El cuerpo de la iluminaci\u00f3n est\u00e1 protegido por una pantalla de vidrio templado, cubierto por una pel\u00edcula especial que evita las astillas ca\u00eddas en caso de rotura.<\/span><\/span><\/p>\n<p><strong>F\u00e1cil maniobrabilidad<\/strong><br \/><span><span>El tama\u00f1o reducido y el reflector de luz proporcionan una maniobrabilidad y estabilidad extremas.\u00a0<\/span><span>Suave rotaci\u00f3n de 360 \u200b\u200b\u00b0.\u00a0<\/span><span>La estructura extremadamente ligera, la barra tratada de aluminio unida a la parte frontal superior de la c\u00fapula, el domo ultrafino (solo 13 cm) permiten movimientos simples.<\/span><\/span><\/p>\n<p><strong>Certificaci\u00f3n completa<\/strong><br \/><span>Cumple con las directivas europeas 93\/42 \/ CEE y 2007\/47 \/ CE &#8216;Clase I &#8211; Dispositivo m\u00e9dico&#8217; marcado CE.<\/span><\/p>\n<\/p>\n<p><span><strong>Especificaciones t\u00e9cnicas<\/strong><\/span><\/p>\n<p><strong>Rendimiento<\/strong><br \/><span>\u2022 Intensidad de luz a 1 m de distancia (Ec): 160 klx<\/span><br \/><span>\u2022 Temperatura de color: selecci\u00f3n doble 4500\/5000 \u00b0 K<\/span><br \/><span>\u2022 \u00cdndice de reproducci\u00f3n crom\u00e1tica (CRI): 96 Ra<\/span><br \/><span>\u2022 Di\u00e1metro del campo de luz: ajustable de 21 a 42 cm\u00a0<\/span><br \/><span>\u2022 Energ\u00eda radiada total Ee donde la iluminaci\u00f3n alcanza el nivel m\u00e1ximo: 399 W \/ m2<\/span><br \/><span>\u2022 N\u00famero de LED: 72<\/span><br \/><span>\u2022 Ajuste de di\u00e1metro y enfoque: manual<\/span><br \/><span>\u2022 Profundidad de iluminaci\u00f3n IEC 60601-0-41 L1 + L2 al 60%: 46 cm\u00a0<\/span><br \/><span>\u2022 Profundidad de iluminaci\u00f3n IEC 60601 -0-41 L1 + L2 al 20%: 115 cm\u00a0<\/span><br \/><span>\u2022 Control de iluminancia: 25-100%<\/span><br \/><span>\u2022 Intensidad de luz LED Endo min-max: 5-20 klx<\/span><\/p>\n<p><strong>Datos el\u00e9ctricos<\/strong><br \/><span>\u2022 Potencia de funcionamiento (VAC): 100-240V\u00a0<\/span><br \/><span>\u2022 Potencia de funcionamiento Vdc: 24V<\/span><br \/><span>\u2022 Potencia absorbida el\u00e9ctrica: 145 VA<\/span><br \/><span>\u2022 Frecuencia: 50 \/ 60Hz<\/span><br \/><span>\u2022 Vida promedio del LED: 50,000 h<\/span><\/p>\n<p><strong>Datos generales<\/strong><br \/><span>\u2022 Color: 9003 RAL<\/span><br \/><span>\u2022 Altura m\u00ednima de la habitaci\u00f3n (est\u00e1ndar): 280 cm<\/span><br \/><span>&#8211; Posibilidad de adaptarse al techo inferior a pedido con recargo<\/span><br \/><span>\u2022 Di\u00e1metro exterior del reflector: 63 cm<\/span><br \/><span>\u2022 Superficie \u00fatil de iluminaci\u00f3n: 1710 cm2\u00a0<\/span><br \/><span>\u2022 Peso: 45 kg<\/span><\/p>\n","protected":false},"excerpt":{"rendered":"<p><span>El Pentaled 63N + 63N es un producto de alta tecnolog\u00eda dise\u00f1ado para garantizar excelentes niveles de rendimiento.\u00a0<\/span><span>PENTALED 63N + 63N tiene 72 reflectores el\u00edpticos divididos en 8 m\u00f3dulos, cada uno con 9 LED.\u00a0<\/span><span>Los m\u00f3dulos se enfocan mec\u00e1nicamente girando el mango esterilizable.\u00a0<\/span><span>La multiplicidad de las fuentes luminosas y la geometr\u00eda el\u00edptica de las par\u00e1bolas estudiadas para reflejar en la profundidad los haces de luz generados por los LED, otorgan luz ci\u00e1tica para una iluminaci\u00f3n tridimensional sin sombras.<\/span><\/p>\n","protected":false},"featured_media":12242,"template":"","meta":{"_joinchat":[]},"product_brand":[],"product_cat":[213],"product_tag":[],"class_list":{"0":"post-12241","1":"product","2":"type-product","3":"status-publish","4":"has-post-thumbnail","6":"product_cat-concentradores","7":"pa_marca-rimsa","9":"first","10":"instock","11":"purchasable","12":"product-type-simple"},"yoast_head":"<!-- This site is optimized with the Yoast SEO plugin v25.1 - https:\/\/yoast.com\/wordpress\/plugins\/seo\/ -->\n<title>L\u00e1mpara de cirug\u00eda doble de techo - Tu mejor opci\u00f3n Equipo M\u00e9dico M\u00e9xico<\/title>\n<meta name=\"robots\" content=\"index, follow, max-snippet:-1, max-image-preview:large, max-video-preview:-1\" \/>\n<link rel=\"canonical\" href=\"https:\/\/buscoequipomedico.com\/?product=lampara-de-cirugia-doble-de-techo-3\" \/>\n<meta property=\"og:locale\" content=\"es_ES\" \/>\n<meta property=\"og:type\" content=\"article\" \/>\n<meta property=\"og:title\" content=\"L\u00e1mpara de cirug\u00eda doble de techo - Tu mejor opci\u00f3n Equipo M\u00e9dico M\u00e9xico\" \/>\n<meta property=\"og:description\" content=\"El Pentaled 63N + 63N es un producto de alta tecnolog\u00eda dise\u00f1ado para garantizar excelentes niveles de rendimiento.\u00a0PENTALED 63N + 63N tiene 72 reflectores el\u00edpticos divididos en 8 m\u00f3dulos, cada uno con 9 LED.\u00a0Los m\u00f3dulos se enfocan mec\u00e1nicamente girando el mango esterilizable.\u00a0La multiplicidad de las fuentes luminosas y la geometr\u00eda el\u00edptica de las par\u00e1bolas estudiadas para reflejar en la profundidad los haces de luz generados por los LED, otorgan luz ci\u00e1tica para una iluminaci\u00f3n tridimensional sin sombras.\" \/>\n<meta property=\"og:url\" content=\"https:\/\/buscoequipomedico.com\/?product=lampara-de-cirugia-doble-de-techo-3\" \/>\n<meta property=\"og:site_name\" content=\"Tu mejor opci\u00f3n Equipo M\u00e9dico M\u00e9xico\" \/>\n<meta property=\"article:modified_time\" content=\"2020-02-18T07:34:57+00:00\" \/>\n<meta property=\"og:image\" content=\"https:\/\/buscoequipomedico.com\/wp-content\/uploads\/2020\/02\/lampara-de-cirugia-doble-de-techo-el-pentaled-63n-63n-es-un-producto-de-alta-tecnologia-disenado-para-garantizar-excelentes-nive.jpg\" \/>\n\t<meta property=\"og:image:width\" content=\"800\" \/>\n\t<meta property=\"og:image:height\" content=\"800\" \/>\n\t<meta property=\"og:image:type\" content=\"image\/jpeg\" \/>\n<meta name=\"twitter:card\" content=\"summary_large_image\" \/>\n<meta name=\"twitter:label1\" content=\"Tiempo de lectura\" \/>\n\t<meta name=\"twitter:data1\" content=\"2 minutos\" \/>\n<script type=\"application\/ld+json\" class=\"yoast-schema-graph\">{\"@context\":\"https:\/\/schema.org\",\"@graph\":[{\"@type\":\"WebPage\",\"@id\":\"https:\/\/buscoequipomedico.com\/?product=lampara-de-cirugia-doble-de-techo-3\",\"url\":\"https:\/\/buscoequipomedico.com\/?product=lampara-de-cirugia-doble-de-techo-3\",\"name\":\"L\u00e1mpara de cirug\u00eda doble de techo - Tu mejor opci\u00f3n Equipo M\u00e9dico M\u00e9xico\",\"isPartOf\":{\"@id\":\"https:\/\/buscoequipomedico.com\/#website\"},\"primaryImageOfPage\":{\"@id\":\"https:\/\/buscoequipomedico.com\/?product=lampara-de-cirugia-doble-de-techo-3#primaryimage\"},\"image\":{\"@id\":\"https:\/\/buscoequipomedico.com\/?product=lampara-de-cirugia-doble-de-techo-3#primaryimage\"},\"thumbnailUrl\":\"https:\/\/buscoequipomedico.com\/wp-content\/uploads\/2020\/02\/lampara-de-cirugia-doble-de-techo-el-pentaled-63n-63n-es-un-producto-de-alta-tecnologia-disenado-para-garantizar-excelentes-nive.jpg\",\"datePublished\":\"2020-02-18T07:34:56+00:00\",\"dateModified\":\"2020-02-18T07:34:57+00:00\",\"breadcrumb\":{\"@id\":\"https:\/\/buscoequipomedico.com\/?product=lampara-de-cirugia-doble-de-techo-3#breadcrumb\"},\"inLanguage\":\"es\",\"potentialAction\":[{\"@type\":\"ReadAction\",\"target\":[\"https:\/\/buscoequipomedico.com\/?product=lampara-de-cirugia-doble-de-techo-3\"]}]},{\"@type\":\"ImageObject\",\"inLanguage\":\"es\",\"@id\":\"https:\/\/buscoequipomedico.com\/?product=lampara-de-cirugia-doble-de-techo-3#primaryimage\",\"url\":\"https:\/\/buscoequipomedico.com\/wp-content\/uploads\/2020\/02\/lampara-de-cirugia-doble-de-techo-el-pentaled-63n-63n-es-un-producto-de-alta-tecnologia-disenado-para-garantizar-excelentes-nive.jpg\",\"contentUrl\":\"https:\/\/buscoequipomedico.com\/wp-content\/uploads\/2020\/02\/lampara-de-cirugia-doble-de-techo-el-pentaled-63n-63n-es-un-producto-de-alta-tecnologia-disenado-para-garantizar-excelentes-nive.jpg\",\"width\":800,\"height\":800},{\"@type\":\"BreadcrumbList\",\"@id\":\"https:\/\/buscoequipomedico.com\/?product=lampara-de-cirugia-doble-de-techo-3#breadcrumb\",\"itemListElement\":[{\"@type\":\"ListItem\",\"position\":1,\"name\":\"Productos\",\"item\":\"https:\/\/buscoequipomedico.com\/shop\/\"},{\"@type\":\"ListItem\",\"position\":2,\"name\":\"L\u00e1mpara de cirug\u00eda doble de techo\"}]},{\"@type\":\"WebSite\",\"@id\":\"https:\/\/buscoequipomedico.com\/#website\",\"url\":\"https:\/\/buscoequipomedico.com\/\",\"name\":\"Tu mejor opci\u00f3n Equipo M\u00e9dico M\u00e9xico\",\"description\":\"Tienda de equipo m\u00e9dico\",\"publisher\":{\"@id\":\"https:\/\/buscoequipomedico.com\/#organization\"},\"potentialAction\":[{\"@type\":\"SearchAction\",\"target\":{\"@type\":\"EntryPoint\",\"urlTemplate\":\"https:\/\/buscoequipomedico.com\/?s={search_term_string}\"},\"query-input\":{\"@type\":\"PropertyValueSpecification\",\"valueRequired\":true,\"valueName\":\"search_term_string\"}}],\"inLanguage\":\"es\"},{\"@type\":\"Organization\",\"@id\":\"https:\/\/buscoequipomedico.com\/#organization\",\"name\":\"Tu mejor opci\u00f3n Equipo M\u00e9dico M\u00e9xico\",\"url\":\"https:\/\/buscoequipomedico.com\/\",\"logo\":{\"@type\":\"ImageObject\",\"inLanguage\":\"es\",\"@id\":\"https:\/\/buscoequipomedico.com\/#\/schema\/logo\/image\/\",\"url\":\"https:\/\/buscoequipomedico.com\/wp-content\/uploads\/2021\/07\/EMM-VPrincipal-scaled.jpg\",\"contentUrl\":\"https:\/\/buscoequipomedico.com\/wp-content\/uploads\/2021\/07\/EMM-VPrincipal-scaled.jpg\",\"width\":2560,\"height\":1058,\"caption\":\"Tu mejor opci\u00f3n Equipo M\u00e9dico M\u00e9xico\"},\"image\":{\"@id\":\"https:\/\/buscoequipomedico.com\/#\/schema\/logo\/image\/\"}}]}<\/script>\n<!-- \/ Yoast SEO plugin. -->","yoast_head_json":{"title":"L\u00e1mpara de cirug\u00eda doble de techo - Tu mejor opci\u00f3n Equipo M\u00e9dico M\u00e9xico","robots":{"index":"index","follow":"follow","max-snippet":"max-snippet:-1","max-image-preview":"max-image-preview:large","max-video-preview":"max-video-preview:-1"},"canonical":"https:\/\/buscoequipomedico.com\/?product=lampara-de-cirugia-doble-de-techo-3","og_locale":"es_ES","og_type":"article","og_title":"L\u00e1mpara de cirug\u00eda doble de techo - Tu mejor opci\u00f3n Equipo M\u00e9dico M\u00e9xico","og_description":"El Pentaled 63N + 63N es un producto de alta tecnolog\u00eda dise\u00f1ado para garantizar excelentes niveles de rendimiento.\u00a0PENTALED 63N + 63N tiene 72 reflectores el\u00edpticos divididos en 8 m\u00f3dulos, cada uno con 9 LED.\u00a0Los m\u00f3dulos se enfocan mec\u00e1nicamente girando el mango esterilizable.\u00a0La multiplicidad de las fuentes luminosas y la geometr\u00eda el\u00edptica de las par\u00e1bolas estudiadas para reflejar en la profundidad los haces de luz generados por los LED, otorgan luz ci\u00e1tica para una iluminaci\u00f3n tridimensional sin sombras.","og_url":"https:\/\/buscoequipomedico.com\/?product=lampara-de-cirugia-doble-de-techo-3","og_site_name":"Tu mejor opci\u00f3n Equipo M\u00e9dico M\u00e9xico","article_modified_time":"2020-02-18T07:34:57+00:00","og_image":[{"width":800,"height":800,"url":"https:\/\/buscoequipomedico.com\/wp-content\/uploads\/2020\/02\/lampara-de-cirugia-doble-de-techo-el-pentaled-63n-63n-es-un-producto-de-alta-tecnologia-disenado-para-garantizar-excelentes-nive.jpg","type":"image\/jpeg"}],"twitter_card":"summary_large_image","twitter_misc":{"Tiempo de lectura":"2 minutos"},"schema":{"@context":"https:\/\/schema.org","@graph":[{"@type":"WebPage","@id":"https:\/\/buscoequipomedico.com\/?product=lampara-de-cirugia-doble-de-techo-3","url":"https:\/\/buscoequipomedico.com\/?product=lampara-de-cirugia-doble-de-techo-3","name":"L\u00e1mpara de cirug\u00eda doble de techo - Tu mejor opci\u00f3n Equipo M\u00e9dico M\u00e9xico","isPartOf":{"@id":"https:\/\/buscoequipomedico.com\/#website"},"primaryImageOfPage":{"@id":"https:\/\/buscoequipomedico.com\/?product=lampara-de-cirugia-doble-de-techo-3#primaryimage"},"image":{"@id":"https:\/\/buscoequipomedico.com\/?product=lampara-de-cirugia-doble-de-techo-3#primaryimage"},"thumbnailUrl":"https:\/\/buscoequipomedico.com\/wp-content\/uploads\/2020\/02\/lampara-de-cirugia-doble-de-techo-el-pentaled-63n-63n-es-un-producto-de-alta-tecnologia-disenado-para-garantizar-excelentes-nive.jpg","datePublished":"2020-02-18T07:34:56+00:00","dateModified":"2020-02-18T07:34:57+00:00","breadcrumb":{"@id":"https:\/\/buscoequipomedico.com\/?product=lampara-de-cirugia-doble-de-techo-3#breadcrumb"},"inLanguage":"es","potentialAction":[{"@type":"ReadAction","target":["https:\/\/buscoequipomedico.com\/?product=lampara-de-cirugia-doble-de-techo-3"]}]},{"@type":"ImageObject","inLanguage":"es","@id":"https:\/\/buscoequipomedico.com\/?product=lampara-de-cirugia-doble-de-techo-3#primaryimage","url":"https:\/\/buscoequipomedico.com\/wp-content\/uploads\/2020\/02\/lampara-de-cirugia-doble-de-techo-el-pentaled-63n-63n-es-un-producto-de-alta-tecnologia-disenado-para-garantizar-excelentes-nive.jpg","contentUrl":"https:\/\/buscoequipomedico.com\/wp-content\/uploads\/2020\/02\/lampara-de-cirugia-doble-de-techo-el-pentaled-63n-63n-es-un-producto-de-alta-tecnologia-disenado-para-garantizar-excelentes-nive.jpg","width":800,"height":800},{"@type":"BreadcrumbList","@id":"https:\/\/buscoequipomedico.com\/?product=lampara-de-cirugia-doble-de-techo-3#breadcrumb","itemListElement":[{"@type":"ListItem","position":1,"name":"Productos","item":"https:\/\/buscoequipomedico.com\/shop\/"},{"@type":"ListItem","position":2,"name":"L\u00e1mpara de cirug\u00eda doble de techo"}]},{"@type":"WebSite","@id":"https:\/\/buscoequipomedico.com\/#website","url":"https:\/\/buscoequipomedico.com\/","name":"Tu mejor opci\u00f3n Equipo M\u00e9dico M\u00e9xico","description":"Tienda de equipo m\u00e9dico","publisher":{"@id":"https:\/\/buscoequipomedico.com\/#organization"},"potentialAction":[{"@type":"SearchAction","target":{"@type":"EntryPoint","urlTemplate":"https:\/\/buscoequipomedico.com\/?s={search_term_string}"},"query-input":{"@type":"PropertyValueSpecification","valueRequired":true,"valueName":"search_term_string"}}],"inLanguage":"es"},{"@type":"Organization","@id":"https:\/\/buscoequipomedico.com\/#organization","name":"Tu mejor opci\u00f3n Equipo M\u00e9dico M\u00e9xico","url":"https:\/\/buscoequipomedico.com\/","logo":{"@type":"ImageObject","inLanguage":"es","@id":"https:\/\/buscoequipomedico.com\/#\/schema\/logo\/image\/","url":"https:\/\/buscoequipomedico.com\/wp-content\/uploads\/2021\/07\/EMM-VPrincipal-scaled.jpg","contentUrl":"https:\/\/buscoequipomedico.com\/wp-content\/uploads\/2021\/07\/EMM-VPrincipal-scaled.jpg","width":2560,"height":1058,"caption":"Tu mejor opci\u00f3n Equipo M\u00e9dico M\u00e9xico"},"image":{"@id":"https:\/\/buscoequipomedico.com\/#\/schema\/logo\/image\/"}}]}},"_links":{"self":[{"href":"https:\/\/buscoequipomedico.com\/index.php?rest_route=\/wp\/v2\/product\/12241","targetHints":{"allow":["GET"]}}],"collection":[{"href":"https:\/\/buscoequipomedico.com\/index.php?rest_route=\/wp\/v2\/product"}],"about":[{"href":"https:\/\/buscoequipomedico.com\/index.php?rest_route=\/wp\/v2\/types\/product"}],"wp:featuredmedia":[{"embeddable":true,"href":"https:\/\/buscoequipomedico.com\/index.php?rest_route=\/wp\/v2\/media\/12242"}],"wp:attachment":[{"href":"https:\/\/buscoequipomedico.com\/index.php?rest_route=%2Fwp%2Fv2%2Fmedia&parent=12241"}],"wp:term":[{"taxonomy":"product_brand","embeddable":true,"href":"https:\/\/buscoequipomedico.com\/index.php?rest_route=%2Fwp%2Fv2%2Fproduct_brand&post=12241"},{"taxonomy":"product_cat","embeddable":true,"href":"https:\/\/buscoequipomedico.com\/index.php?rest_route=%2Fwp%2Fv2%2Fproduct_cat&post=12241"},{"taxonomy":"product_tag","embeddable":true,"href":"https:\/\/buscoequipomedico.com\/index.php?rest_route=%2Fwp%2Fv2%2Fproduct_tag&post=12241"}],"curies":[{"name":"wp","href":"https:\/\/api.w.org\/{rel}","templated":true}]}}