{"id":12252,"date":"2020-02-18T07:34:56","date_gmt":"2020-02-18T07:34:56","guid":{"rendered":"https:\/\/equipomedicomexico-com.preview-domain.com\/product\/lampara-de-cirugia-de-emergencia\/"},"modified":"2020-02-18T07:34:58","modified_gmt":"2020-02-18T07:34:58","slug":"lampara-de-cirugia-de-emergencia","status":"publish","type":"product","link":"https:\/\/buscoequipomedico.com\/?product=lampara-de-cirugia-de-emergencia","title":{"rendered":"L\u00e1mpara de cirug\u00eda de emergencia"},"content":{"rendered":"<p><span>Los conceptos de \u00abluz blanca sin sombras de color\u00bb e \u00abiluminaci\u00f3n indirecta\u00bb utilizados en modelos anteriores ahora se complementan con la innovadora tecnolog\u00eda de doble reflexi\u00f3n 2R, que permite que la luz se propague sin deslumbramiento. \u00a0<\/span><\/p>\n<p><span>El sistema 2R elimina el deslumbramiento molesto y el brillo perif\u00e9rico en caso de contacto visual accidental del personal del quir\u00f3fano con una fuente de luz.\u00a0<\/span><\/p>\n<p><span><span>Los rayos de la l\u00e1mpara LED dirigidos a lentes asf\u00e9ricas se reflejan en el primer espejo segmentado de forma el\u00edptica, que los dirige al segundo espejo con una superficie lisa y los refleja en el sitio quir\u00fargico.\u00a0<\/span><span>El \u00faltimo reflejo pasa a trav\u00e9s de la pantalla con un coeficiente de rugosidad tal que se producen capas y la colimaci\u00f3n autom\u00e1tica de los rayos de luz.\u00a0<\/span><span>Una gran \u00e1rea emisora \u200b\u200bde luz y una forma redondeada de espejos sin obstrucciones crean un efecto sin sombras.\u00a0<\/span><span>Los dos m\u00f3dulos continuos de doble reflexi\u00f3n de luz tienen diferentes distancias focales para optimizar el efecto sin sombras, asegurando suficiente profundidad de luz y manteniendo una iluminaci\u00f3n constante.\u00a0<\/span><\/span><\/p>\n<p><span><span>El coraz\u00f3n de la l\u00e1mpara son dos circuitos de LED separados, uno interno con 20 y uno externo con 64 LED, en el que se colocan lentes asf\u00e9ricas.\u00a0<\/span><span>La reflexi\u00f3n en una gu\u00eda de onda anular dirige el flujo de luz a un punto dado sin dispersi\u00f3n.\u00a0<\/span><span>Gracias a la automatizaci\u00f3n, los LED se sueldan al circuito de aluminio para optimizar el control de temperatura y proporcionar una iluminaci\u00f3n eficiente.<\/span><\/span><\/p>\n<p><span><span>160 mil luxes<\/span><\/span><\/p>\n<p><span><span>Temperatura de color 3.800 \u2013 4.000 \u2013 4.200 \u2013 4.400 4.600 \u2013 4.800 \u2013 5.000 \u00baK<\/span><\/span><\/p>\n<\/p>\n<p><span><span>Diametro variable 210 &#8211; 350 mm<\/span><\/span><\/p>\n","protected":false},"excerpt":{"rendered":"<p><span>Los conceptos de \u00abluz blanca sin sombras de color\u00bb e \u00abiluminaci\u00f3n indirecta\u00bb utilizados en modelos anteriores ahora se complementan con la innovadora tecnolog\u00eda de doble reflexi\u00f3n 2R, que permite que la luz se propague sin deslumbramiento.\u00a0\u00a0<\/span><\/p>\n<p>El sistema 2R elimina el deslumbramiento molesto y el brillo perif\u00e9rico en caso de contacto visual accidental del personal del quir\u00f3fano con una fuente de luz.\u00a0<\/p>\n","protected":false},"featured_media":12253,"template":"","meta":{"_joinchat":[]},"product_brand":[],"product_cat":[213],"product_tag":[],"class_list":{"0":"post-12252","1":"product","2":"type-product","3":"status-publish","4":"has-post-thumbnail","6":"product_cat-concentradores","7":"pa_marca-rimsa","9":"first","10":"instock","11":"purchasable","12":"product-type-simple"},"yoast_head":"<!-- This site is optimized with the Yoast SEO plugin v25.1 - https:\/\/yoast.com\/wordpress\/plugins\/seo\/ -->\n<title>L\u00e1mpara de cirug\u00eda de emergencia - Tu mejor opci\u00f3n Equipo M\u00e9dico M\u00e9xico<\/title>\n<meta name=\"robots\" content=\"index, follow, max-snippet:-1, max-image-preview:large, max-video-preview:-1\" \/>\n<link rel=\"canonical\" href=\"https:\/\/buscoequipomedico.com\/?product=lampara-de-cirugia-de-emergencia\" \/>\n<meta property=\"og:locale\" content=\"es_ES\" \/>\n<meta property=\"og:type\" content=\"article\" \/>\n<meta property=\"og:title\" content=\"L\u00e1mpara de cirug\u00eda de emergencia - Tu mejor opci\u00f3n Equipo M\u00e9dico M\u00e9xico\" \/>\n<meta property=\"og:description\" content=\"Los conceptos de &quot;luz blanca sin sombras de color&quot; e &quot;iluminaci\u00f3n indirecta&quot; utilizados en modelos anteriores ahora se complementan con la innovadora tecnolog\u00eda de doble reflexi\u00f3n 2R, que permite que la luz se propague sin deslumbramiento.\u00a0\u00a0 El sistema 2R elimina el deslumbramiento molesto y el brillo perif\u00e9rico en caso de contacto visual accidental del personal del quir\u00f3fano con una fuente de luz.\u00a0\" \/>\n<meta property=\"og:url\" content=\"https:\/\/buscoequipomedico.com\/?product=lampara-de-cirugia-de-emergencia\" \/>\n<meta property=\"og:site_name\" content=\"Tu mejor opci\u00f3n Equipo M\u00e9dico M\u00e9xico\" \/>\n<meta property=\"article:modified_time\" content=\"2020-02-18T07:34:58+00:00\" \/>\n<meta property=\"og:image\" content=\"https:\/\/buscoequipomedico.com\/wp-content\/uploads\/2020\/02\/lampara-de-cirugia-de-emergencia-los-conceptos-de-luz-blanca-sin-sombras-de-color-e-iluminacion-indirecta-utilizados-en-modelos.jpg\" \/>\n\t<meta property=\"og:image:width\" content=\"800\" \/>\n\t<meta property=\"og:image:height\" content=\"800\" \/>\n\t<meta property=\"og:image:type\" content=\"image\/jpeg\" \/>\n<meta name=\"twitter:card\" content=\"summary_large_image\" \/>\n<meta name=\"twitter:label1\" content=\"Tiempo de lectura\" \/>\n\t<meta name=\"twitter:data1\" content=\"1 minuto\" \/>\n<script type=\"application\/ld+json\" class=\"yoast-schema-graph\">{\"@context\":\"https:\/\/schema.org\",\"@graph\":[{\"@type\":\"WebPage\",\"@id\":\"https:\/\/buscoequipomedico.com\/?product=lampara-de-cirugia-de-emergencia\",\"url\":\"https:\/\/buscoequipomedico.com\/?product=lampara-de-cirugia-de-emergencia\",\"name\":\"L\u00e1mpara de cirug\u00eda de emergencia - Tu mejor opci\u00f3n Equipo M\u00e9dico M\u00e9xico\",\"isPartOf\":{\"@id\":\"https:\/\/buscoequipomedico.com\/#website\"},\"primaryImageOfPage\":{\"@id\":\"https:\/\/buscoequipomedico.com\/?product=lampara-de-cirugia-de-emergencia#primaryimage\"},\"image\":{\"@id\":\"https:\/\/buscoequipomedico.com\/?product=lampara-de-cirugia-de-emergencia#primaryimage\"},\"thumbnailUrl\":\"https:\/\/buscoequipomedico.com\/wp-content\/uploads\/2020\/02\/lampara-de-cirugia-de-emergencia-los-conceptos-de-luz-blanca-sin-sombras-de-color-e-iluminacion-indirecta-utilizados-en-modelos.jpg\",\"datePublished\":\"2020-02-18T07:34:56+00:00\",\"dateModified\":\"2020-02-18T07:34:58+00:00\",\"breadcrumb\":{\"@id\":\"https:\/\/buscoequipomedico.com\/?product=lampara-de-cirugia-de-emergencia#breadcrumb\"},\"inLanguage\":\"es\",\"potentialAction\":[{\"@type\":\"ReadAction\",\"target\":[\"https:\/\/buscoequipomedico.com\/?product=lampara-de-cirugia-de-emergencia\"]}]},{\"@type\":\"ImageObject\",\"inLanguage\":\"es\",\"@id\":\"https:\/\/buscoequipomedico.com\/?product=lampara-de-cirugia-de-emergencia#primaryimage\",\"url\":\"https:\/\/buscoequipomedico.com\/wp-content\/uploads\/2020\/02\/lampara-de-cirugia-de-emergencia-los-conceptos-de-luz-blanca-sin-sombras-de-color-e-iluminacion-indirecta-utilizados-en-modelos.jpg\",\"contentUrl\":\"https:\/\/buscoequipomedico.com\/wp-content\/uploads\/2020\/02\/lampara-de-cirugia-de-emergencia-los-conceptos-de-luz-blanca-sin-sombras-de-color-e-iluminacion-indirecta-utilizados-en-modelos.jpg\",\"width\":800,\"height\":800},{\"@type\":\"BreadcrumbList\",\"@id\":\"https:\/\/buscoequipomedico.com\/?product=lampara-de-cirugia-de-emergencia#breadcrumb\",\"itemListElement\":[{\"@type\":\"ListItem\",\"position\":1,\"name\":\"Productos\",\"item\":\"https:\/\/buscoequipomedico.com\/shop\/\"},{\"@type\":\"ListItem\",\"position\":2,\"name\":\"L\u00e1mpara de cirug\u00eda de emergencia\"}]},{\"@type\":\"WebSite\",\"@id\":\"https:\/\/buscoequipomedico.com\/#website\",\"url\":\"https:\/\/buscoequipomedico.com\/\",\"name\":\"Tu mejor opci\u00f3n Equipo M\u00e9dico M\u00e9xico\",\"description\":\"Tienda de equipo m\u00e9dico\",\"publisher\":{\"@id\":\"https:\/\/buscoequipomedico.com\/#organization\"},\"potentialAction\":[{\"@type\":\"SearchAction\",\"target\":{\"@type\":\"EntryPoint\",\"urlTemplate\":\"https:\/\/buscoequipomedico.com\/?s={search_term_string}\"},\"query-input\":{\"@type\":\"PropertyValueSpecification\",\"valueRequired\":true,\"valueName\":\"search_term_string\"}}],\"inLanguage\":\"es\"},{\"@type\":\"Organization\",\"@id\":\"https:\/\/buscoequipomedico.com\/#organization\",\"name\":\"Tu mejor opci\u00f3n Equipo M\u00e9dico M\u00e9xico\",\"url\":\"https:\/\/buscoequipomedico.com\/\",\"logo\":{\"@type\":\"ImageObject\",\"inLanguage\":\"es\",\"@id\":\"https:\/\/buscoequipomedico.com\/#\/schema\/logo\/image\/\",\"url\":\"https:\/\/buscoequipomedico.com\/wp-content\/uploads\/2021\/07\/EMM-VPrincipal-scaled.jpg\",\"contentUrl\":\"https:\/\/buscoequipomedico.com\/wp-content\/uploads\/2021\/07\/EMM-VPrincipal-scaled.jpg\",\"width\":2560,\"height\":1058,\"caption\":\"Tu mejor opci\u00f3n Equipo M\u00e9dico M\u00e9xico\"},\"image\":{\"@id\":\"https:\/\/buscoequipomedico.com\/#\/schema\/logo\/image\/\"}}]}<\/script>\n<!-- \/ Yoast SEO plugin. -->","yoast_head_json":{"title":"L\u00e1mpara de cirug\u00eda de emergencia - Tu mejor opci\u00f3n Equipo M\u00e9dico M\u00e9xico","robots":{"index":"index","follow":"follow","max-snippet":"max-snippet:-1","max-image-preview":"max-image-preview:large","max-video-preview":"max-video-preview:-1"},"canonical":"https:\/\/buscoequipomedico.com\/?product=lampara-de-cirugia-de-emergencia","og_locale":"es_ES","og_type":"article","og_title":"L\u00e1mpara de cirug\u00eda de emergencia - Tu mejor opci\u00f3n Equipo M\u00e9dico M\u00e9xico","og_description":"Los conceptos de \"luz blanca sin sombras de color\" e \"iluminaci\u00f3n indirecta\" utilizados en modelos anteriores ahora se complementan con la innovadora tecnolog\u00eda de doble reflexi\u00f3n 2R, que permite que la luz se propague sin deslumbramiento.\u00a0\u00a0 El sistema 2R elimina el deslumbramiento molesto y el brillo perif\u00e9rico en caso de contacto visual accidental del personal del quir\u00f3fano con una fuente de luz.\u00a0","og_url":"https:\/\/buscoequipomedico.com\/?product=lampara-de-cirugia-de-emergencia","og_site_name":"Tu mejor opci\u00f3n Equipo M\u00e9dico M\u00e9xico","article_modified_time":"2020-02-18T07:34:58+00:00","og_image":[{"width":800,"height":800,"url":"https:\/\/buscoequipomedico.com\/wp-content\/uploads\/2020\/02\/lampara-de-cirugia-de-emergencia-los-conceptos-de-luz-blanca-sin-sombras-de-color-e-iluminacion-indirecta-utilizados-en-modelos.jpg","type":"image\/jpeg"}],"twitter_card":"summary_large_image","twitter_misc":{"Tiempo de lectura":"1 minuto"},"schema":{"@context":"https:\/\/schema.org","@graph":[{"@type":"WebPage","@id":"https:\/\/buscoequipomedico.com\/?product=lampara-de-cirugia-de-emergencia","url":"https:\/\/buscoequipomedico.com\/?product=lampara-de-cirugia-de-emergencia","name":"L\u00e1mpara de cirug\u00eda de emergencia - Tu mejor opci\u00f3n Equipo M\u00e9dico M\u00e9xico","isPartOf":{"@id":"https:\/\/buscoequipomedico.com\/#website"},"primaryImageOfPage":{"@id":"https:\/\/buscoequipomedico.com\/?product=lampara-de-cirugia-de-emergencia#primaryimage"},"image":{"@id":"https:\/\/buscoequipomedico.com\/?product=lampara-de-cirugia-de-emergencia#primaryimage"},"thumbnailUrl":"https:\/\/buscoequipomedico.com\/wp-content\/uploads\/2020\/02\/lampara-de-cirugia-de-emergencia-los-conceptos-de-luz-blanca-sin-sombras-de-color-e-iluminacion-indirecta-utilizados-en-modelos.jpg","datePublished":"2020-02-18T07:34:56+00:00","dateModified":"2020-02-18T07:34:58+00:00","breadcrumb":{"@id":"https:\/\/buscoequipomedico.com\/?product=lampara-de-cirugia-de-emergencia#breadcrumb"},"inLanguage":"es","potentialAction":[{"@type":"ReadAction","target":["https:\/\/buscoequipomedico.com\/?product=lampara-de-cirugia-de-emergencia"]}]},{"@type":"ImageObject","inLanguage":"es","@id":"https:\/\/buscoequipomedico.com\/?product=lampara-de-cirugia-de-emergencia#primaryimage","url":"https:\/\/buscoequipomedico.com\/wp-content\/uploads\/2020\/02\/lampara-de-cirugia-de-emergencia-los-conceptos-de-luz-blanca-sin-sombras-de-color-e-iluminacion-indirecta-utilizados-en-modelos.jpg","contentUrl":"https:\/\/buscoequipomedico.com\/wp-content\/uploads\/2020\/02\/lampara-de-cirugia-de-emergencia-los-conceptos-de-luz-blanca-sin-sombras-de-color-e-iluminacion-indirecta-utilizados-en-modelos.jpg","width":800,"height":800},{"@type":"BreadcrumbList","@id":"https:\/\/buscoequipomedico.com\/?product=lampara-de-cirugia-de-emergencia#breadcrumb","itemListElement":[{"@type":"ListItem","position":1,"name":"Productos","item":"https:\/\/buscoequipomedico.com\/shop\/"},{"@type":"ListItem","position":2,"name":"L\u00e1mpara de cirug\u00eda de emergencia"}]},{"@type":"WebSite","@id":"https:\/\/buscoequipomedico.com\/#website","url":"https:\/\/buscoequipomedico.com\/","name":"Tu mejor opci\u00f3n Equipo M\u00e9dico M\u00e9xico","description":"Tienda de equipo m\u00e9dico","publisher":{"@id":"https:\/\/buscoequipomedico.com\/#organization"},"potentialAction":[{"@type":"SearchAction","target":{"@type":"EntryPoint","urlTemplate":"https:\/\/buscoequipomedico.com\/?s={search_term_string}"},"query-input":{"@type":"PropertyValueSpecification","valueRequired":true,"valueName":"search_term_string"}}],"inLanguage":"es"},{"@type":"Organization","@id":"https:\/\/buscoequipomedico.com\/#organization","name":"Tu mejor opci\u00f3n Equipo M\u00e9dico M\u00e9xico","url":"https:\/\/buscoequipomedico.com\/","logo":{"@type":"ImageObject","inLanguage":"es","@id":"https:\/\/buscoequipomedico.com\/#\/schema\/logo\/image\/","url":"https:\/\/buscoequipomedico.com\/wp-content\/uploads\/2021\/07\/EMM-VPrincipal-scaled.jpg","contentUrl":"https:\/\/buscoequipomedico.com\/wp-content\/uploads\/2021\/07\/EMM-VPrincipal-scaled.jpg","width":2560,"height":1058,"caption":"Tu mejor opci\u00f3n Equipo M\u00e9dico M\u00e9xico"},"image":{"@id":"https:\/\/buscoequipomedico.com\/#\/schema\/logo\/image\/"}}]}},"_links":{"self":[{"href":"https:\/\/buscoequipomedico.com\/index.php?rest_route=\/wp\/v2\/product\/12252","targetHints":{"allow":["GET"]}}],"collection":[{"href":"https:\/\/buscoequipomedico.com\/index.php?rest_route=\/wp\/v2\/product"}],"about":[{"href":"https:\/\/buscoequipomedico.com\/index.php?rest_route=\/wp\/v2\/types\/product"}],"wp:featuredmedia":[{"embeddable":true,"href":"https:\/\/buscoequipomedico.com\/index.php?rest_route=\/wp\/v2\/media\/12253"}],"wp:attachment":[{"href":"https:\/\/buscoequipomedico.com\/index.php?rest_route=%2Fwp%2Fv2%2Fmedia&parent=12252"}],"wp:term":[{"taxonomy":"product_brand","embeddable":true,"href":"https:\/\/buscoequipomedico.com\/index.php?rest_route=%2Fwp%2Fv2%2Fproduct_brand&post=12252"},{"taxonomy":"product_cat","embeddable":true,"href":"https:\/\/buscoequipomedico.com\/index.php?rest_route=%2Fwp%2Fv2%2Fproduct_cat&post=12252"},{"taxonomy":"product_tag","embeddable":true,"href":"https:\/\/buscoequipomedico.com\/index.php?rest_route=%2Fwp%2Fv2%2Fproduct_tag&post=12252"}],"curies":[{"name":"wp","href":"https:\/\/api.w.org\/{rel}","templated":true}]}}