{"id":12261,"date":"2020-02-18T07:34:56","date_gmt":"2020-02-18T07:34:56","guid":{"rendered":"https:\/\/equipomedicomexico-com.preview-domain.com\/product\/lampara-de-examinacion\/"},"modified":"2020-02-18T07:34:59","modified_gmt":"2020-02-18T07:34:59","slug":"lampara-de-examinacion","status":"publish","type":"product","link":"https:\/\/buscoequipomedico.com\/?product=lampara-de-examinacion","title":{"rendered":"L\u00c1MPARA DE EXAMINACI\u00d3N"},"content":{"rendered":"<p><span>En la serie de PRIMALED, los dentistas y su personal pueden disfrutar del funcionamiento completo de las luces LED de alta calidad. Con su tecnolog\u00eda incomparable y dise\u00f1o \u00fanico, las luces ayudan al foco de los cirujanos en el punto requerido sin el sufrimiento con sombras y resplandores. Estas luces se pueden instalar dondequiera, de cuartos del examen a los teatros y a las Unidades de Cuidados Intensivos de operaci\u00f3n. Hay dos unidades con nueve luces LED, hechas en dos circuitos. Los diversos usos con los cuales pueden ser pasados en permiten que sean cabidos en las tablas, las paredes y las abrazaderas del carril. Hay dos opciones en la temperatura de color, 4.500-5.000K. El di\u00e1metro del campo de la luz d10 en cincuenta cent\u00edmetros est\u00e1 en 140 mil\u00edmetros.<\/span><\/p>\n<p><span><\/span><\/p>\n<ul>\n<li>\n<p>Uso:<\/p>\n<p>medicina general<\/p>\n<\/li>\n<li>\n<p>Fuente luminosa:<\/p>\n<p>led<\/p>\n<\/li>\n<li>\n<p>Configuraci\u00f3n:<\/p>\n<p>de pared, en riel, con ruedas<\/p>\n<\/li>\n<li>\n<p>Otras caracter\u00edsticas:<\/p>\n<p>flexible<\/p>\n<\/li>\n<li>\n<p>Intensidad a 0.5 m:<\/p>\n<p>110.000 lx<\/p>\n<\/li>\n<\/ul>\n","protected":false},"excerpt":{"rendered":"<p><span>En la serie de PRIMALED, los dentistas y su personal pueden disfrutar del funcionamiento completo de las luces LED de alta calidad. Con su tecnolog\u00eda incomparable y dise\u00f1o \u00fanico, las luces ayudan al foco de los cirujanos en el punto requerido sin el sufrimiento con sombras y resplandores.\u00a0<\/span><\/p>\n","protected":false},"featured_media":12262,"template":"","meta":{"_joinchat":[]},"product_brand":[],"product_cat":[213],"product_tag":[],"class_list":{"0":"post-12261","1":"product","2":"type-product","3":"status-publish","4":"has-post-thumbnail","6":"product_cat-concentradores","7":"pa_marca-rimsa","9":"first","10":"instock","11":"purchasable","12":"product-type-simple"},"yoast_head":"<!-- This site is optimized with the Yoast SEO plugin v25.1 - https:\/\/yoast.com\/wordpress\/plugins\/seo\/ -->\n<title>L\u00c1MPARA DE EXAMINACI\u00d3N - Tu mejor opci\u00f3n Equipo M\u00e9dico M\u00e9xico<\/title>\n<meta name=\"robots\" content=\"index, follow, max-snippet:-1, max-image-preview:large, max-video-preview:-1\" \/>\n<link rel=\"canonical\" href=\"https:\/\/buscoequipomedico.com\/?product=lampara-de-examinacion\" \/>\n<meta property=\"og:locale\" content=\"es_ES\" \/>\n<meta property=\"og:type\" content=\"article\" \/>\n<meta property=\"og:title\" content=\"L\u00c1MPARA DE EXAMINACI\u00d3N - Tu mejor opci\u00f3n Equipo M\u00e9dico M\u00e9xico\" \/>\n<meta property=\"og:description\" content=\"En la serie de PRIMALED, los dentistas y su personal pueden disfrutar del funcionamiento completo de las luces LED de alta calidad. Con su tecnolog\u00eda incomparable y dise\u00f1o \u00fanico, las luces ayudan al foco de los cirujanos en el punto requerido sin el sufrimiento con sombras y resplandores.\u00a0\" \/>\n<meta property=\"og:url\" content=\"https:\/\/buscoequipomedico.com\/?product=lampara-de-examinacion\" \/>\n<meta property=\"og:site_name\" content=\"Tu mejor opci\u00f3n Equipo M\u00e9dico M\u00e9xico\" \/>\n<meta property=\"article:modified_time\" content=\"2020-02-18T07:34:59+00:00\" \/>\n<meta property=\"og:image\" content=\"https:\/\/buscoequipomedico.com\/wp-content\/uploads\/2020\/02\/lampara-de-examinacion-en-la-serie-de-primaled-los-dentistas-y-su-personal-pueden-disfrutar-del-funcionamiento-completo-de-las-l.jpg\" \/>\n\t<meta property=\"og:image:width\" content=\"800\" \/>\n\t<meta property=\"og:image:height\" content=\"800\" \/>\n\t<meta property=\"og:image:type\" content=\"image\/jpeg\" \/>\n<meta name=\"twitter:card\" content=\"summary_large_image\" \/>\n<meta name=\"twitter:label1\" content=\"Tiempo de lectura\" \/>\n\t<meta name=\"twitter:data1\" content=\"1 minuto\" \/>\n<script type=\"application\/ld+json\" class=\"yoast-schema-graph\">{\"@context\":\"https:\/\/schema.org\",\"@graph\":[{\"@type\":\"WebPage\",\"@id\":\"https:\/\/buscoequipomedico.com\/?product=lampara-de-examinacion\",\"url\":\"https:\/\/buscoequipomedico.com\/?product=lampara-de-examinacion\",\"name\":\"L\u00c1MPARA DE EXAMINACI\u00d3N - Tu mejor opci\u00f3n Equipo M\u00e9dico M\u00e9xico\",\"isPartOf\":{\"@id\":\"https:\/\/buscoequipomedico.com\/#website\"},\"primaryImageOfPage\":{\"@id\":\"https:\/\/buscoequipomedico.com\/?product=lampara-de-examinacion#primaryimage\"},\"image\":{\"@id\":\"https:\/\/buscoequipomedico.com\/?product=lampara-de-examinacion#primaryimage\"},\"thumbnailUrl\":\"https:\/\/buscoequipomedico.com\/wp-content\/uploads\/2020\/02\/lampara-de-examinacion-en-la-serie-de-primaled-los-dentistas-y-su-personal-pueden-disfrutar-del-funcionamiento-completo-de-las-l.jpg\",\"datePublished\":\"2020-02-18T07:34:56+00:00\",\"dateModified\":\"2020-02-18T07:34:59+00:00\",\"breadcrumb\":{\"@id\":\"https:\/\/buscoequipomedico.com\/?product=lampara-de-examinacion#breadcrumb\"},\"inLanguage\":\"es\",\"potentialAction\":[{\"@type\":\"ReadAction\",\"target\":[\"https:\/\/buscoequipomedico.com\/?product=lampara-de-examinacion\"]}]},{\"@type\":\"ImageObject\",\"inLanguage\":\"es\",\"@id\":\"https:\/\/buscoequipomedico.com\/?product=lampara-de-examinacion#primaryimage\",\"url\":\"https:\/\/buscoequipomedico.com\/wp-content\/uploads\/2020\/02\/lampara-de-examinacion-en-la-serie-de-primaled-los-dentistas-y-su-personal-pueden-disfrutar-del-funcionamiento-completo-de-las-l.jpg\",\"contentUrl\":\"https:\/\/buscoequipomedico.com\/wp-content\/uploads\/2020\/02\/lampara-de-examinacion-en-la-serie-de-primaled-los-dentistas-y-su-personal-pueden-disfrutar-del-funcionamiento-completo-de-las-l.jpg\",\"width\":800,\"height\":800},{\"@type\":\"BreadcrumbList\",\"@id\":\"https:\/\/buscoequipomedico.com\/?product=lampara-de-examinacion#breadcrumb\",\"itemListElement\":[{\"@type\":\"ListItem\",\"position\":1,\"name\":\"Productos\",\"item\":\"https:\/\/buscoequipomedico.com\/shop\/\"},{\"@type\":\"ListItem\",\"position\":2,\"name\":\"L\u00c1MPARA DE EXAMINACI\u00d3N\"}]},{\"@type\":\"WebSite\",\"@id\":\"https:\/\/buscoequipomedico.com\/#website\",\"url\":\"https:\/\/buscoequipomedico.com\/\",\"name\":\"Tu mejor opci\u00f3n Equipo M\u00e9dico M\u00e9xico\",\"description\":\"Tienda de equipo m\u00e9dico\",\"publisher\":{\"@id\":\"https:\/\/buscoequipomedico.com\/#organization\"},\"potentialAction\":[{\"@type\":\"SearchAction\",\"target\":{\"@type\":\"EntryPoint\",\"urlTemplate\":\"https:\/\/buscoequipomedico.com\/?s={search_term_string}\"},\"query-input\":{\"@type\":\"PropertyValueSpecification\",\"valueRequired\":true,\"valueName\":\"search_term_string\"}}],\"inLanguage\":\"es\"},{\"@type\":\"Organization\",\"@id\":\"https:\/\/buscoequipomedico.com\/#organization\",\"name\":\"Tu mejor opci\u00f3n Equipo M\u00e9dico M\u00e9xico\",\"url\":\"https:\/\/buscoequipomedico.com\/\",\"logo\":{\"@type\":\"ImageObject\",\"inLanguage\":\"es\",\"@id\":\"https:\/\/buscoequipomedico.com\/#\/schema\/logo\/image\/\",\"url\":\"https:\/\/buscoequipomedico.com\/wp-content\/uploads\/2021\/07\/EMM-VPrincipal-scaled.jpg\",\"contentUrl\":\"https:\/\/buscoequipomedico.com\/wp-content\/uploads\/2021\/07\/EMM-VPrincipal-scaled.jpg\",\"width\":2560,\"height\":1058,\"caption\":\"Tu mejor opci\u00f3n Equipo M\u00e9dico M\u00e9xico\"},\"image\":{\"@id\":\"https:\/\/buscoequipomedico.com\/#\/schema\/logo\/image\/\"}}]}<\/script>\n<!-- \/ Yoast SEO plugin. -->","yoast_head_json":{"title":"L\u00c1MPARA DE EXAMINACI\u00d3N - Tu mejor opci\u00f3n Equipo M\u00e9dico M\u00e9xico","robots":{"index":"index","follow":"follow","max-snippet":"max-snippet:-1","max-image-preview":"max-image-preview:large","max-video-preview":"max-video-preview:-1"},"canonical":"https:\/\/buscoequipomedico.com\/?product=lampara-de-examinacion","og_locale":"es_ES","og_type":"article","og_title":"L\u00c1MPARA DE EXAMINACI\u00d3N - Tu mejor opci\u00f3n Equipo M\u00e9dico M\u00e9xico","og_description":"En la serie de PRIMALED, los dentistas y su personal pueden disfrutar del funcionamiento completo de las luces LED de alta calidad. Con su tecnolog\u00eda incomparable y dise\u00f1o \u00fanico, las luces ayudan al foco de los cirujanos en el punto requerido sin el sufrimiento con sombras y resplandores.\u00a0","og_url":"https:\/\/buscoequipomedico.com\/?product=lampara-de-examinacion","og_site_name":"Tu mejor opci\u00f3n Equipo M\u00e9dico M\u00e9xico","article_modified_time":"2020-02-18T07:34:59+00:00","og_image":[{"width":800,"height":800,"url":"https:\/\/buscoequipomedico.com\/wp-content\/uploads\/2020\/02\/lampara-de-examinacion-en-la-serie-de-primaled-los-dentistas-y-su-personal-pueden-disfrutar-del-funcionamiento-completo-de-las-l.jpg","type":"image\/jpeg"}],"twitter_card":"summary_large_image","twitter_misc":{"Tiempo de lectura":"1 minuto"},"schema":{"@context":"https:\/\/schema.org","@graph":[{"@type":"WebPage","@id":"https:\/\/buscoequipomedico.com\/?product=lampara-de-examinacion","url":"https:\/\/buscoequipomedico.com\/?product=lampara-de-examinacion","name":"L\u00c1MPARA DE EXAMINACI\u00d3N - Tu mejor opci\u00f3n Equipo M\u00e9dico M\u00e9xico","isPartOf":{"@id":"https:\/\/buscoequipomedico.com\/#website"},"primaryImageOfPage":{"@id":"https:\/\/buscoequipomedico.com\/?product=lampara-de-examinacion#primaryimage"},"image":{"@id":"https:\/\/buscoequipomedico.com\/?product=lampara-de-examinacion#primaryimage"},"thumbnailUrl":"https:\/\/buscoequipomedico.com\/wp-content\/uploads\/2020\/02\/lampara-de-examinacion-en-la-serie-de-primaled-los-dentistas-y-su-personal-pueden-disfrutar-del-funcionamiento-completo-de-las-l.jpg","datePublished":"2020-02-18T07:34:56+00:00","dateModified":"2020-02-18T07:34:59+00:00","breadcrumb":{"@id":"https:\/\/buscoequipomedico.com\/?product=lampara-de-examinacion#breadcrumb"},"inLanguage":"es","potentialAction":[{"@type":"ReadAction","target":["https:\/\/buscoequipomedico.com\/?product=lampara-de-examinacion"]}]},{"@type":"ImageObject","inLanguage":"es","@id":"https:\/\/buscoequipomedico.com\/?product=lampara-de-examinacion#primaryimage","url":"https:\/\/buscoequipomedico.com\/wp-content\/uploads\/2020\/02\/lampara-de-examinacion-en-la-serie-de-primaled-los-dentistas-y-su-personal-pueden-disfrutar-del-funcionamiento-completo-de-las-l.jpg","contentUrl":"https:\/\/buscoequipomedico.com\/wp-content\/uploads\/2020\/02\/lampara-de-examinacion-en-la-serie-de-primaled-los-dentistas-y-su-personal-pueden-disfrutar-del-funcionamiento-completo-de-las-l.jpg","width":800,"height":800},{"@type":"BreadcrumbList","@id":"https:\/\/buscoequipomedico.com\/?product=lampara-de-examinacion#breadcrumb","itemListElement":[{"@type":"ListItem","position":1,"name":"Productos","item":"https:\/\/buscoequipomedico.com\/shop\/"},{"@type":"ListItem","position":2,"name":"L\u00c1MPARA DE EXAMINACI\u00d3N"}]},{"@type":"WebSite","@id":"https:\/\/buscoequipomedico.com\/#website","url":"https:\/\/buscoequipomedico.com\/","name":"Tu mejor opci\u00f3n Equipo M\u00e9dico M\u00e9xico","description":"Tienda de equipo m\u00e9dico","publisher":{"@id":"https:\/\/buscoequipomedico.com\/#organization"},"potentialAction":[{"@type":"SearchAction","target":{"@type":"EntryPoint","urlTemplate":"https:\/\/buscoequipomedico.com\/?s={search_term_string}"},"query-input":{"@type":"PropertyValueSpecification","valueRequired":true,"valueName":"search_term_string"}}],"inLanguage":"es"},{"@type":"Organization","@id":"https:\/\/buscoequipomedico.com\/#organization","name":"Tu mejor opci\u00f3n Equipo M\u00e9dico M\u00e9xico","url":"https:\/\/buscoequipomedico.com\/","logo":{"@type":"ImageObject","inLanguage":"es","@id":"https:\/\/buscoequipomedico.com\/#\/schema\/logo\/image\/","url":"https:\/\/buscoequipomedico.com\/wp-content\/uploads\/2021\/07\/EMM-VPrincipal-scaled.jpg","contentUrl":"https:\/\/buscoequipomedico.com\/wp-content\/uploads\/2021\/07\/EMM-VPrincipal-scaled.jpg","width":2560,"height":1058,"caption":"Tu mejor opci\u00f3n Equipo M\u00e9dico M\u00e9xico"},"image":{"@id":"https:\/\/buscoequipomedico.com\/#\/schema\/logo\/image\/"}}]}},"_links":{"self":[{"href":"https:\/\/buscoequipomedico.com\/index.php?rest_route=\/wp\/v2\/product\/12261","targetHints":{"allow":["GET"]}}],"collection":[{"href":"https:\/\/buscoequipomedico.com\/index.php?rest_route=\/wp\/v2\/product"}],"about":[{"href":"https:\/\/buscoequipomedico.com\/index.php?rest_route=\/wp\/v2\/types\/product"}],"wp:featuredmedia":[{"embeddable":true,"href":"https:\/\/buscoequipomedico.com\/index.php?rest_route=\/wp\/v2\/media\/12262"}],"wp:attachment":[{"href":"https:\/\/buscoequipomedico.com\/index.php?rest_route=%2Fwp%2Fv2%2Fmedia&parent=12261"}],"wp:term":[{"taxonomy":"product_brand","embeddable":true,"href":"https:\/\/buscoequipomedico.com\/index.php?rest_route=%2Fwp%2Fv2%2Fproduct_brand&post=12261"},{"taxonomy":"product_cat","embeddable":true,"href":"https:\/\/buscoequipomedico.com\/index.php?rest_route=%2Fwp%2Fv2%2Fproduct_cat&post=12261"},{"taxonomy":"product_tag","embeddable":true,"href":"https:\/\/buscoequipomedico.com\/index.php?rest_route=%2Fwp%2Fv2%2Fproduct_tag&post=12261"}],"curies":[{"name":"wp","href":"https:\/\/api.w.org\/{rel}","templated":true}]}}