{"id":12263,"date":"2020-02-18T07:34:56","date_gmt":"2020-02-18T07:34:56","guid":{"rendered":"https:\/\/equipomedicomexico-com.preview-domain.com\/product\/lampara-de-examinacion-2\/"},"modified":"2020-02-18T07:34:59","modified_gmt":"2020-02-18T07:34:59","slug":"lampara-de-examinacion-2","status":"publish","type":"product","link":"https:\/\/buscoequipomedico.com\/?product=lampara-de-examinacion-2","title":{"rendered":"L\u00c1MPARA DE EXAMINACI\u00d3N"},"content":{"rendered":"<p><span>Intensidad de luz cm.50: 35,000 lux<\/span><br \/><span>Temperatura de color: 4,200 K<\/span><br \/><span>Di\u00e1metro del reflector: \u00d8 86 mil\u00edmetros<\/span><\/p>\n<p><span>L\u00e1mpara ligera fr\u00eda con el tipo de las sombras-menos de la tecnolog\u00eda del LED.<\/span><br \/><span>3 LED blancos de 1,4W cada uno. 12V 35,000 lux en 50 distancias del cm.<\/span><br \/><span>Tres fuentes de luz de 1,4W cada uno del LED con la lente para optimizar los funcionamientos ligeros. Los gracias a tres fuentes de luz de las independientes es posible asegurar las sombras-menos ligeras y temperatura irradiada baja de la energ\u00eda. ALFA-LED es conveniente para los prop\u00f3sitos del examen.<\/span><\/p>\n<ul>\n<li>\n<p>Fuente luminosa:<\/p>\n<p>led<\/p>\n<\/li>\n<li>\n<p>Configuraci\u00f3n:<\/p>\n<p>con ruedas<\/p>\n<\/li>\n<li>\n<p>Otras caracter\u00edsticas:<\/p>\n<p>flexible<\/p>\n<\/li>\n<li>\n<p>Intensidad a 0.5 m:<\/p>\n<p>35.000 lx<\/p>\n<\/li>\n<\/ul>\n","protected":false},"excerpt":{"rendered":"<p><span>L\u00e1mpara ligera fr\u00eda con el tipo de las sombras-menos de la tecnolog\u00eda del LED.<\/span><br \/><span>3 LED blancos de 1,4W cada uno. 12V 35,000 lux en 50 distancias del cm.<\/span><br \/><span>Tres fuentes de luz de 1,4W cada uno del LED con la lente para optimizar los funcionamientos ligeros. Los gracias a tres fuentes de luz de las independientes es posible asegurar las sombras-menos ligeras y temperatura irradiada baja de la energ\u00eda. ALFA-LED es conveniente para los prop\u00f3sitos del examen.<\/span><\/p>\n","protected":false},"featured_media":12264,"template":"","meta":{"_joinchat":[]},"product_brand":[],"product_cat":[213],"product_tag":[],"class_list":{"0":"post-12263","1":"product","2":"type-product","3":"status-publish","4":"has-post-thumbnail","6":"product_cat-concentradores","7":"pa_marca-rimsa","9":"first","10":"instock","11":"purchasable","12":"product-type-simple"},"yoast_head":"<!-- This site is optimized with the Yoast SEO plugin v25.1 - https:\/\/yoast.com\/wordpress\/plugins\/seo\/ -->\n<title>L\u00c1MPARA DE EXAMINACI\u00d3N - Tu mejor opci\u00f3n Equipo M\u00e9dico M\u00e9xico<\/title>\n<meta name=\"robots\" content=\"index, follow, max-snippet:-1, max-image-preview:large, max-video-preview:-1\" \/>\n<link rel=\"canonical\" href=\"https:\/\/buscoequipomedico.com\/?product=lampara-de-examinacion-2\" \/>\n<meta property=\"og:locale\" content=\"es_ES\" \/>\n<meta property=\"og:type\" content=\"article\" \/>\n<meta property=\"og:title\" content=\"L\u00c1MPARA DE EXAMINACI\u00d3N - Tu mejor opci\u00f3n Equipo M\u00e9dico M\u00e9xico\" \/>\n<meta property=\"og:description\" content=\"L\u00e1mpara ligera fr\u00eda con el tipo de las sombras-menos de la tecnolog\u00eda del LED.3 LED blancos de 1,4W cada uno. 12V 35,000 lux en 50 distancias del cm.Tres fuentes de luz de 1,4W cada uno del LED con la lente para optimizar los funcionamientos ligeros. Los gracias a tres fuentes de luz de las independientes es posible asegurar las sombras-menos ligeras y temperatura irradiada baja de la energ\u00eda. ALFA-LED es conveniente para los prop\u00f3sitos del examen.\" \/>\n<meta property=\"og:url\" content=\"https:\/\/buscoequipomedico.com\/?product=lampara-de-examinacion-2\" \/>\n<meta property=\"og:site_name\" content=\"Tu mejor opci\u00f3n Equipo M\u00e9dico M\u00e9xico\" \/>\n<meta property=\"article:modified_time\" content=\"2020-02-18T07:34:59+00:00\" \/>\n<meta property=\"og:image\" content=\"https:\/\/buscoequipomedico.com\/wp-content\/uploads\/2020\/02\/lampara-de-examinacion-lampara-ligera-fria-con-el-tipo-de-las-sombras-menos-de-la-tecnologia-del-led3-led-blancos-de-14w-cada-un.jpg\" \/>\n\t<meta property=\"og:image:width\" content=\"800\" \/>\n\t<meta property=\"og:image:height\" content=\"800\" \/>\n\t<meta property=\"og:image:type\" content=\"image\/jpeg\" \/>\n<meta name=\"twitter:card\" content=\"summary_large_image\" \/>\n<meta name=\"twitter:label1\" content=\"Tiempo de lectura\" \/>\n\t<meta name=\"twitter:data1\" content=\"1 minuto\" \/>\n<script type=\"application\/ld+json\" class=\"yoast-schema-graph\">{\"@context\":\"https:\/\/schema.org\",\"@graph\":[{\"@type\":\"WebPage\",\"@id\":\"https:\/\/buscoequipomedico.com\/?product=lampara-de-examinacion-2\",\"url\":\"https:\/\/buscoequipomedico.com\/?product=lampara-de-examinacion-2\",\"name\":\"L\u00c1MPARA DE EXAMINACI\u00d3N - Tu mejor opci\u00f3n Equipo M\u00e9dico M\u00e9xico\",\"isPartOf\":{\"@id\":\"https:\/\/buscoequipomedico.com\/#website\"},\"primaryImageOfPage\":{\"@id\":\"https:\/\/buscoequipomedico.com\/?product=lampara-de-examinacion-2#primaryimage\"},\"image\":{\"@id\":\"https:\/\/buscoequipomedico.com\/?product=lampara-de-examinacion-2#primaryimage\"},\"thumbnailUrl\":\"https:\/\/buscoequipomedico.com\/wp-content\/uploads\/2020\/02\/lampara-de-examinacion-lampara-ligera-fria-con-el-tipo-de-las-sombras-menos-de-la-tecnologia-del-led3-led-blancos-de-14w-cada-un.jpg\",\"datePublished\":\"2020-02-18T07:34:56+00:00\",\"dateModified\":\"2020-02-18T07:34:59+00:00\",\"breadcrumb\":{\"@id\":\"https:\/\/buscoequipomedico.com\/?product=lampara-de-examinacion-2#breadcrumb\"},\"inLanguage\":\"es\",\"potentialAction\":[{\"@type\":\"ReadAction\",\"target\":[\"https:\/\/buscoequipomedico.com\/?product=lampara-de-examinacion-2\"]}]},{\"@type\":\"ImageObject\",\"inLanguage\":\"es\",\"@id\":\"https:\/\/buscoequipomedico.com\/?product=lampara-de-examinacion-2#primaryimage\",\"url\":\"https:\/\/buscoequipomedico.com\/wp-content\/uploads\/2020\/02\/lampara-de-examinacion-lampara-ligera-fria-con-el-tipo-de-las-sombras-menos-de-la-tecnologia-del-led3-led-blancos-de-14w-cada-un.jpg\",\"contentUrl\":\"https:\/\/buscoequipomedico.com\/wp-content\/uploads\/2020\/02\/lampara-de-examinacion-lampara-ligera-fria-con-el-tipo-de-las-sombras-menos-de-la-tecnologia-del-led3-led-blancos-de-14w-cada-un.jpg\",\"width\":800,\"height\":800},{\"@type\":\"BreadcrumbList\",\"@id\":\"https:\/\/buscoequipomedico.com\/?product=lampara-de-examinacion-2#breadcrumb\",\"itemListElement\":[{\"@type\":\"ListItem\",\"position\":1,\"name\":\"Productos\",\"item\":\"https:\/\/buscoequipomedico.com\/shop\/\"},{\"@type\":\"ListItem\",\"position\":2,\"name\":\"L\u00c1MPARA DE EXAMINACI\u00d3N\"}]},{\"@type\":\"WebSite\",\"@id\":\"https:\/\/buscoequipomedico.com\/#website\",\"url\":\"https:\/\/buscoequipomedico.com\/\",\"name\":\"Tu mejor opci\u00f3n Equipo M\u00e9dico M\u00e9xico\",\"description\":\"Tienda de equipo m\u00e9dico\",\"publisher\":{\"@id\":\"https:\/\/buscoequipomedico.com\/#organization\"},\"potentialAction\":[{\"@type\":\"SearchAction\",\"target\":{\"@type\":\"EntryPoint\",\"urlTemplate\":\"https:\/\/buscoequipomedico.com\/?s={search_term_string}\"},\"query-input\":{\"@type\":\"PropertyValueSpecification\",\"valueRequired\":true,\"valueName\":\"search_term_string\"}}],\"inLanguage\":\"es\"},{\"@type\":\"Organization\",\"@id\":\"https:\/\/buscoequipomedico.com\/#organization\",\"name\":\"Tu mejor opci\u00f3n Equipo M\u00e9dico M\u00e9xico\",\"url\":\"https:\/\/buscoequipomedico.com\/\",\"logo\":{\"@type\":\"ImageObject\",\"inLanguage\":\"es\",\"@id\":\"https:\/\/buscoequipomedico.com\/#\/schema\/logo\/image\/\",\"url\":\"https:\/\/buscoequipomedico.com\/wp-content\/uploads\/2021\/07\/EMM-VPrincipal-scaled.jpg\",\"contentUrl\":\"https:\/\/buscoequipomedico.com\/wp-content\/uploads\/2021\/07\/EMM-VPrincipal-scaled.jpg\",\"width\":2560,\"height\":1058,\"caption\":\"Tu mejor opci\u00f3n Equipo M\u00e9dico M\u00e9xico\"},\"image\":{\"@id\":\"https:\/\/buscoequipomedico.com\/#\/schema\/logo\/image\/\"}}]}<\/script>\n<!-- \/ Yoast SEO plugin. -->","yoast_head_json":{"title":"L\u00c1MPARA DE EXAMINACI\u00d3N - Tu mejor opci\u00f3n Equipo M\u00e9dico M\u00e9xico","robots":{"index":"index","follow":"follow","max-snippet":"max-snippet:-1","max-image-preview":"max-image-preview:large","max-video-preview":"max-video-preview:-1"},"canonical":"https:\/\/buscoequipomedico.com\/?product=lampara-de-examinacion-2","og_locale":"es_ES","og_type":"article","og_title":"L\u00c1MPARA DE EXAMINACI\u00d3N - Tu mejor opci\u00f3n Equipo M\u00e9dico M\u00e9xico","og_description":"L\u00e1mpara ligera fr\u00eda con el tipo de las sombras-menos de la tecnolog\u00eda del LED.3 LED blancos de 1,4W cada uno. 12V 35,000 lux en 50 distancias del cm.Tres fuentes de luz de 1,4W cada uno del LED con la lente para optimizar los funcionamientos ligeros. Los gracias a tres fuentes de luz de las independientes es posible asegurar las sombras-menos ligeras y temperatura irradiada baja de la energ\u00eda. ALFA-LED es conveniente para los prop\u00f3sitos del examen.","og_url":"https:\/\/buscoequipomedico.com\/?product=lampara-de-examinacion-2","og_site_name":"Tu mejor opci\u00f3n Equipo M\u00e9dico M\u00e9xico","article_modified_time":"2020-02-18T07:34:59+00:00","og_image":[{"width":800,"height":800,"url":"https:\/\/buscoequipomedico.com\/wp-content\/uploads\/2020\/02\/lampara-de-examinacion-lampara-ligera-fria-con-el-tipo-de-las-sombras-menos-de-la-tecnologia-del-led3-led-blancos-de-14w-cada-un.jpg","type":"image\/jpeg"}],"twitter_card":"summary_large_image","twitter_misc":{"Tiempo de lectura":"1 minuto"},"schema":{"@context":"https:\/\/schema.org","@graph":[{"@type":"WebPage","@id":"https:\/\/buscoequipomedico.com\/?product=lampara-de-examinacion-2","url":"https:\/\/buscoequipomedico.com\/?product=lampara-de-examinacion-2","name":"L\u00c1MPARA DE EXAMINACI\u00d3N - Tu mejor opci\u00f3n Equipo M\u00e9dico M\u00e9xico","isPartOf":{"@id":"https:\/\/buscoequipomedico.com\/#website"},"primaryImageOfPage":{"@id":"https:\/\/buscoequipomedico.com\/?product=lampara-de-examinacion-2#primaryimage"},"image":{"@id":"https:\/\/buscoequipomedico.com\/?product=lampara-de-examinacion-2#primaryimage"},"thumbnailUrl":"https:\/\/buscoequipomedico.com\/wp-content\/uploads\/2020\/02\/lampara-de-examinacion-lampara-ligera-fria-con-el-tipo-de-las-sombras-menos-de-la-tecnologia-del-led3-led-blancos-de-14w-cada-un.jpg","datePublished":"2020-02-18T07:34:56+00:00","dateModified":"2020-02-18T07:34:59+00:00","breadcrumb":{"@id":"https:\/\/buscoequipomedico.com\/?product=lampara-de-examinacion-2#breadcrumb"},"inLanguage":"es","potentialAction":[{"@type":"ReadAction","target":["https:\/\/buscoequipomedico.com\/?product=lampara-de-examinacion-2"]}]},{"@type":"ImageObject","inLanguage":"es","@id":"https:\/\/buscoequipomedico.com\/?product=lampara-de-examinacion-2#primaryimage","url":"https:\/\/buscoequipomedico.com\/wp-content\/uploads\/2020\/02\/lampara-de-examinacion-lampara-ligera-fria-con-el-tipo-de-las-sombras-menos-de-la-tecnologia-del-led3-led-blancos-de-14w-cada-un.jpg","contentUrl":"https:\/\/buscoequipomedico.com\/wp-content\/uploads\/2020\/02\/lampara-de-examinacion-lampara-ligera-fria-con-el-tipo-de-las-sombras-menos-de-la-tecnologia-del-led3-led-blancos-de-14w-cada-un.jpg","width":800,"height":800},{"@type":"BreadcrumbList","@id":"https:\/\/buscoequipomedico.com\/?product=lampara-de-examinacion-2#breadcrumb","itemListElement":[{"@type":"ListItem","position":1,"name":"Productos","item":"https:\/\/buscoequipomedico.com\/shop\/"},{"@type":"ListItem","position":2,"name":"L\u00c1MPARA DE EXAMINACI\u00d3N"}]},{"@type":"WebSite","@id":"https:\/\/buscoequipomedico.com\/#website","url":"https:\/\/buscoequipomedico.com\/","name":"Tu mejor opci\u00f3n Equipo M\u00e9dico M\u00e9xico","description":"Tienda de equipo m\u00e9dico","publisher":{"@id":"https:\/\/buscoequipomedico.com\/#organization"},"potentialAction":[{"@type":"SearchAction","target":{"@type":"EntryPoint","urlTemplate":"https:\/\/buscoequipomedico.com\/?s={search_term_string}"},"query-input":{"@type":"PropertyValueSpecification","valueRequired":true,"valueName":"search_term_string"}}],"inLanguage":"es"},{"@type":"Organization","@id":"https:\/\/buscoequipomedico.com\/#organization","name":"Tu mejor opci\u00f3n Equipo M\u00e9dico M\u00e9xico","url":"https:\/\/buscoequipomedico.com\/","logo":{"@type":"ImageObject","inLanguage":"es","@id":"https:\/\/buscoequipomedico.com\/#\/schema\/logo\/image\/","url":"https:\/\/buscoequipomedico.com\/wp-content\/uploads\/2021\/07\/EMM-VPrincipal-scaled.jpg","contentUrl":"https:\/\/buscoequipomedico.com\/wp-content\/uploads\/2021\/07\/EMM-VPrincipal-scaled.jpg","width":2560,"height":1058,"caption":"Tu mejor opci\u00f3n Equipo M\u00e9dico M\u00e9xico"},"image":{"@id":"https:\/\/buscoequipomedico.com\/#\/schema\/logo\/image\/"}}]}},"_links":{"self":[{"href":"https:\/\/buscoequipomedico.com\/index.php?rest_route=\/wp\/v2\/product\/12263","targetHints":{"allow":["GET"]}}],"collection":[{"href":"https:\/\/buscoequipomedico.com\/index.php?rest_route=\/wp\/v2\/product"}],"about":[{"href":"https:\/\/buscoequipomedico.com\/index.php?rest_route=\/wp\/v2\/types\/product"}],"wp:featuredmedia":[{"embeddable":true,"href":"https:\/\/buscoequipomedico.com\/index.php?rest_route=\/wp\/v2\/media\/12264"}],"wp:attachment":[{"href":"https:\/\/buscoequipomedico.com\/index.php?rest_route=%2Fwp%2Fv2%2Fmedia&parent=12263"}],"wp:term":[{"taxonomy":"product_brand","embeddable":true,"href":"https:\/\/buscoequipomedico.com\/index.php?rest_route=%2Fwp%2Fv2%2Fproduct_brand&post=12263"},{"taxonomy":"product_cat","embeddable":true,"href":"https:\/\/buscoequipomedico.com\/index.php?rest_route=%2Fwp%2Fv2%2Fproduct_cat&post=12263"},{"taxonomy":"product_tag","embeddable":true,"href":"https:\/\/buscoequipomedico.com\/index.php?rest_route=%2Fwp%2Fv2%2Fproduct_tag&post=12263"}],"curies":[{"name":"wp","href":"https:\/\/api.w.org\/{rel}","templated":true}]}}