{"id":12267,"date":"2020-02-18T07:34:56","date_gmt":"2020-02-18T07:34:56","guid":{"rendered":"https:\/\/equipomedicomexico-com.preview-domain.com\/product\/monitor-quirurgico-led-full-hd-de-26-2mp\/"},"modified":"2020-02-18T07:35:00","modified_gmt":"2020-02-18T07:35:00","slug":"monitor-quirurgico-led-full-hd-de-26-2mp","status":"publish","type":"product","link":"https:\/\/buscoequipomedico.com\/?product=monitor-quirurgico-led-full-hd-de-26-2mp","title":{"rendered":"Monitor Quirurgico LED FULL HD de 26&quot; 2MP"},"content":{"rendered":"<p><em><strong>Creaci\u00f3n de im\u00e1genes en varios monitores y de varios or\u00edgenes<\/strong><\/em><\/p>\n<p>Con su amplia conectividad de entrada, el MDSC-2226 ofrece multimodalidad de im\u00e1genes flexible (PiP y PaP) en los nuevos quir\u00f3fanos integrados. La pantalla de 26 pulgadas tambi\u00e9n es el primer monitor quir\u00fargico que ofrece funcionalidad integrada (opcional) para usarlo con la soluci\u00f3n Nexxis para quir\u00f3fanos de Barco, lo que garantiza una distribuci\u00f3n sencilla de v\u00eddeo y datos sin comprimir a trav\u00e9s de la red IP sin retraso.<\/p>\n<h3>Facilidad de instalaci\u00f3n<\/h3>\n<p>El MDSC-2226 incluye un sistema de gesti\u00f3n de cables inteligente que oculta los cables para configurar un sistema perfectamente ordenado. Su dise\u00f1o ligero permite su montaje en brazos de quir\u00f3fano y brazos de resorte. Este monitor quir\u00fargico est\u00e1 disponible en tres modelos con distintas opciones de conectividad y control remoto.<\/p>\n<h3>Facilidad de uso<\/h3>\n<p>El MDSC-2226 de Barco permite una f\u00e1cil limpieza y desinfecci\u00f3n gracias a su superficie lisa, la carcasa estanca (nivel de protecci\u00f3n frontal IPX5) y la cubierta protectora de la pantalla. El dise\u00f1o sin ventilador evita la dispersi\u00f3n de contaminantes.<\/p>\n<p><strong>Caracter\u00edsticas del MDSC-2226 de Barco:<\/strong><\/p>\n<ul>\n<li>Pantalla LCD ancha de 26&#8243;<\/li>\n<li>Resoluci\u00f3n de alta definici\u00f3n (1,920 x 1,080)<\/li>\n<li>Luz de fondo LED de alto brillo con estabilizaci\u00f3n de salida<\/li>\n<li>Amplio \u00e1ngulo de visi\u00f3n gracias a la tecnolog\u00eda LCD IPS-Pro<\/li>\n<li>Procesamiento de im\u00e1genes de 10 bits<\/li>\n<li>Tabla de conversi\u00f3n de 12 bits<\/li>\n<li>Im\u00e1genes sin artefactos<\/li>\n<li>Calibraci\u00f3n y uniformidad en colores y escala de grises<\/li>\n<li>Dise\u00f1o f\u00e1cil de limpiar con parte frontal sellada (IPX5)<\/li>\n<li>Sistema inteligente de gesti\u00f3n de cables<\/li>\n<\/ul>\n","protected":false},"excerpt":{"rendered":"<p><span>El MDSC-2226 de Barco es un monitor para cirug\u00eda de proximidad al paciente de 26 pulgadas con luz de fondo LED. Desarrollado espec\u00edficamente para el quir\u00f3fano, el MDSC-2226 tiene un dise\u00f1o de f\u00e1cil limpieza y componentes mec\u00e1nicos inteligentes, y ofrece las im\u00e1genes m\u00e1s detalladas de todas las soluciones para quir\u00f3fano disponibles en el mercado.<\/span><\/p>\n","protected":false},"featured_media":12268,"template":"","meta":{"_joinchat":[]},"product_brand":[],"product_cat":[213],"product_tag":[],"class_list":{"0":"post-12267","1":"product","2":"type-product","3":"status-publish","4":"has-post-thumbnail","6":"product_cat-concentradores","7":"pa_marca-barco","9":"first","10":"instock","11":"purchasable","12":"product-type-simple"},"yoast_head":"<!-- This site is optimized with the Yoast SEO plugin v25.1 - https:\/\/yoast.com\/wordpress\/plugins\/seo\/ -->\n<title>Monitor Quirurgico LED FULL HD de 26&quot; 2MP - Tu mejor opci\u00f3n Equipo M\u00e9dico M\u00e9xico<\/title>\n<meta name=\"robots\" content=\"index, follow, max-snippet:-1, max-image-preview:large, max-video-preview:-1\" \/>\n<link rel=\"canonical\" href=\"https:\/\/buscoequipomedico.com\/?product=monitor-quirurgico-led-full-hd-de-26-2mp\" \/>\n<meta property=\"og:locale\" content=\"es_ES\" \/>\n<meta property=\"og:type\" content=\"article\" \/>\n<meta property=\"og:title\" content=\"Monitor Quirurgico LED FULL HD de 26&quot; 2MP - Tu mejor opci\u00f3n Equipo M\u00e9dico M\u00e9xico\" \/>\n<meta property=\"og:description\" content=\"El MDSC-2226 de Barco es un monitor para cirug\u00eda de proximidad al paciente de 26 pulgadas con luz de fondo LED. Desarrollado espec\u00edficamente para el quir\u00f3fano, el MDSC-2226 tiene un dise\u00f1o de f\u00e1cil limpieza y componentes mec\u00e1nicos inteligentes, y ofrece las im\u00e1genes m\u00e1s detalladas de todas las soluciones para quir\u00f3fano disponibles en el mercado.\" \/>\n<meta property=\"og:url\" content=\"https:\/\/buscoequipomedico.com\/?product=monitor-quirurgico-led-full-hd-de-26-2mp\" \/>\n<meta property=\"og:site_name\" content=\"Tu mejor opci\u00f3n Equipo M\u00e9dico M\u00e9xico\" \/>\n<meta property=\"article:modified_time\" content=\"2020-02-18T07:35:00+00:00\" \/>\n<meta property=\"og:image\" content=\"https:\/\/buscoequipomedico.com\/wp-content\/uploads\/2020\/02\/monitor-quirurgico-led-full-hd-de-26-2mp-el-mdsc-2226-de-barco-es-un-monitor-para-cirugia-de-proximidad-al-paciente-de-26-pulgad.jpg\" \/>\n\t<meta property=\"og:image:width\" content=\"800\" \/>\n\t<meta property=\"og:image:height\" content=\"800\" \/>\n\t<meta property=\"og:image:type\" content=\"image\/jpeg\" \/>\n<meta name=\"twitter:card\" content=\"summary_large_image\" \/>\n<meta name=\"twitter:label1\" content=\"Tiempo de lectura\" \/>\n\t<meta name=\"twitter:data1\" content=\"1 minuto\" \/>\n<script type=\"application\/ld+json\" class=\"yoast-schema-graph\">{\"@context\":\"https:\/\/schema.org\",\"@graph\":[{\"@type\":\"WebPage\",\"@id\":\"https:\/\/buscoequipomedico.com\/?product=monitor-quirurgico-led-full-hd-de-26-2mp\",\"url\":\"https:\/\/buscoequipomedico.com\/?product=monitor-quirurgico-led-full-hd-de-26-2mp\",\"name\":\"Monitor Quirurgico LED FULL HD de 26&quot; 2MP - Tu mejor opci\u00f3n Equipo M\u00e9dico M\u00e9xico\",\"isPartOf\":{\"@id\":\"https:\/\/buscoequipomedico.com\/#website\"},\"primaryImageOfPage\":{\"@id\":\"https:\/\/buscoequipomedico.com\/?product=monitor-quirurgico-led-full-hd-de-26-2mp#primaryimage\"},\"image\":{\"@id\":\"https:\/\/buscoequipomedico.com\/?product=monitor-quirurgico-led-full-hd-de-26-2mp#primaryimage\"},\"thumbnailUrl\":\"https:\/\/buscoequipomedico.com\/wp-content\/uploads\/2020\/02\/monitor-quirurgico-led-full-hd-de-26-2mp-el-mdsc-2226-de-barco-es-un-monitor-para-cirugia-de-proximidad-al-paciente-de-26-pulgad.jpg\",\"datePublished\":\"2020-02-18T07:34:56+00:00\",\"dateModified\":\"2020-02-18T07:35:00+00:00\",\"breadcrumb\":{\"@id\":\"https:\/\/buscoequipomedico.com\/?product=monitor-quirurgico-led-full-hd-de-26-2mp#breadcrumb\"},\"inLanguage\":\"es\",\"potentialAction\":[{\"@type\":\"ReadAction\",\"target\":[\"https:\/\/buscoequipomedico.com\/?product=monitor-quirurgico-led-full-hd-de-26-2mp\"]}]},{\"@type\":\"ImageObject\",\"inLanguage\":\"es\",\"@id\":\"https:\/\/buscoequipomedico.com\/?product=monitor-quirurgico-led-full-hd-de-26-2mp#primaryimage\",\"url\":\"https:\/\/buscoequipomedico.com\/wp-content\/uploads\/2020\/02\/monitor-quirurgico-led-full-hd-de-26-2mp-el-mdsc-2226-de-barco-es-un-monitor-para-cirugia-de-proximidad-al-paciente-de-26-pulgad.jpg\",\"contentUrl\":\"https:\/\/buscoequipomedico.com\/wp-content\/uploads\/2020\/02\/monitor-quirurgico-led-full-hd-de-26-2mp-el-mdsc-2226-de-barco-es-un-monitor-para-cirugia-de-proximidad-al-paciente-de-26-pulgad.jpg\",\"width\":800,\"height\":800},{\"@type\":\"BreadcrumbList\",\"@id\":\"https:\/\/buscoequipomedico.com\/?product=monitor-quirurgico-led-full-hd-de-26-2mp#breadcrumb\",\"itemListElement\":[{\"@type\":\"ListItem\",\"position\":1,\"name\":\"Productos\",\"item\":\"https:\/\/buscoequipomedico.com\/shop\/\"},{\"@type\":\"ListItem\",\"position\":2,\"name\":\"Monitor Quirurgico LED FULL HD de 26&quot; 2MP\"}]},{\"@type\":\"WebSite\",\"@id\":\"https:\/\/buscoequipomedico.com\/#website\",\"url\":\"https:\/\/buscoequipomedico.com\/\",\"name\":\"Tu mejor opci\u00f3n Equipo M\u00e9dico M\u00e9xico\",\"description\":\"Tienda de equipo m\u00e9dico\",\"publisher\":{\"@id\":\"https:\/\/buscoequipomedico.com\/#organization\"},\"potentialAction\":[{\"@type\":\"SearchAction\",\"target\":{\"@type\":\"EntryPoint\",\"urlTemplate\":\"https:\/\/buscoequipomedico.com\/?s={search_term_string}\"},\"query-input\":{\"@type\":\"PropertyValueSpecification\",\"valueRequired\":true,\"valueName\":\"search_term_string\"}}],\"inLanguage\":\"es\"},{\"@type\":\"Organization\",\"@id\":\"https:\/\/buscoequipomedico.com\/#organization\",\"name\":\"Tu mejor opci\u00f3n Equipo M\u00e9dico M\u00e9xico\",\"url\":\"https:\/\/buscoequipomedico.com\/\",\"logo\":{\"@type\":\"ImageObject\",\"inLanguage\":\"es\",\"@id\":\"https:\/\/buscoequipomedico.com\/#\/schema\/logo\/image\/\",\"url\":\"https:\/\/buscoequipomedico.com\/wp-content\/uploads\/2021\/07\/EMM-VPrincipal-scaled.jpg\",\"contentUrl\":\"https:\/\/buscoequipomedico.com\/wp-content\/uploads\/2021\/07\/EMM-VPrincipal-scaled.jpg\",\"width\":2560,\"height\":1058,\"caption\":\"Tu mejor opci\u00f3n Equipo M\u00e9dico M\u00e9xico\"},\"image\":{\"@id\":\"https:\/\/buscoequipomedico.com\/#\/schema\/logo\/image\/\"}}]}<\/script>\n<!-- \/ Yoast SEO plugin. -->","yoast_head_json":{"title":"Monitor Quirurgico LED FULL HD de 26&quot; 2MP - Tu mejor opci\u00f3n Equipo M\u00e9dico M\u00e9xico","robots":{"index":"index","follow":"follow","max-snippet":"max-snippet:-1","max-image-preview":"max-image-preview:large","max-video-preview":"max-video-preview:-1"},"canonical":"https:\/\/buscoequipomedico.com\/?product=monitor-quirurgico-led-full-hd-de-26-2mp","og_locale":"es_ES","og_type":"article","og_title":"Monitor Quirurgico LED FULL HD de 26&quot; 2MP - Tu mejor opci\u00f3n Equipo M\u00e9dico M\u00e9xico","og_description":"El MDSC-2226 de Barco es un monitor para cirug\u00eda de proximidad al paciente de 26 pulgadas con luz de fondo LED. Desarrollado espec\u00edficamente para el quir\u00f3fano, el MDSC-2226 tiene un dise\u00f1o de f\u00e1cil limpieza y componentes mec\u00e1nicos inteligentes, y ofrece las im\u00e1genes m\u00e1s detalladas de todas las soluciones para quir\u00f3fano disponibles en el mercado.","og_url":"https:\/\/buscoequipomedico.com\/?product=monitor-quirurgico-led-full-hd-de-26-2mp","og_site_name":"Tu mejor opci\u00f3n Equipo M\u00e9dico M\u00e9xico","article_modified_time":"2020-02-18T07:35:00+00:00","og_image":[{"width":800,"height":800,"url":"https:\/\/buscoequipomedico.com\/wp-content\/uploads\/2020\/02\/monitor-quirurgico-led-full-hd-de-26-2mp-el-mdsc-2226-de-barco-es-un-monitor-para-cirugia-de-proximidad-al-paciente-de-26-pulgad.jpg","type":"image\/jpeg"}],"twitter_card":"summary_large_image","twitter_misc":{"Tiempo de lectura":"1 minuto"},"schema":{"@context":"https:\/\/schema.org","@graph":[{"@type":"WebPage","@id":"https:\/\/buscoequipomedico.com\/?product=monitor-quirurgico-led-full-hd-de-26-2mp","url":"https:\/\/buscoequipomedico.com\/?product=monitor-quirurgico-led-full-hd-de-26-2mp","name":"Monitor Quirurgico LED FULL HD de 26&quot; 2MP - Tu mejor opci\u00f3n Equipo M\u00e9dico M\u00e9xico","isPartOf":{"@id":"https:\/\/buscoequipomedico.com\/#website"},"primaryImageOfPage":{"@id":"https:\/\/buscoequipomedico.com\/?product=monitor-quirurgico-led-full-hd-de-26-2mp#primaryimage"},"image":{"@id":"https:\/\/buscoequipomedico.com\/?product=monitor-quirurgico-led-full-hd-de-26-2mp#primaryimage"},"thumbnailUrl":"https:\/\/buscoequipomedico.com\/wp-content\/uploads\/2020\/02\/monitor-quirurgico-led-full-hd-de-26-2mp-el-mdsc-2226-de-barco-es-un-monitor-para-cirugia-de-proximidad-al-paciente-de-26-pulgad.jpg","datePublished":"2020-02-18T07:34:56+00:00","dateModified":"2020-02-18T07:35:00+00:00","breadcrumb":{"@id":"https:\/\/buscoequipomedico.com\/?product=monitor-quirurgico-led-full-hd-de-26-2mp#breadcrumb"},"inLanguage":"es","potentialAction":[{"@type":"ReadAction","target":["https:\/\/buscoequipomedico.com\/?product=monitor-quirurgico-led-full-hd-de-26-2mp"]}]},{"@type":"ImageObject","inLanguage":"es","@id":"https:\/\/buscoequipomedico.com\/?product=monitor-quirurgico-led-full-hd-de-26-2mp#primaryimage","url":"https:\/\/buscoequipomedico.com\/wp-content\/uploads\/2020\/02\/monitor-quirurgico-led-full-hd-de-26-2mp-el-mdsc-2226-de-barco-es-un-monitor-para-cirugia-de-proximidad-al-paciente-de-26-pulgad.jpg","contentUrl":"https:\/\/buscoequipomedico.com\/wp-content\/uploads\/2020\/02\/monitor-quirurgico-led-full-hd-de-26-2mp-el-mdsc-2226-de-barco-es-un-monitor-para-cirugia-de-proximidad-al-paciente-de-26-pulgad.jpg","width":800,"height":800},{"@type":"BreadcrumbList","@id":"https:\/\/buscoequipomedico.com\/?product=monitor-quirurgico-led-full-hd-de-26-2mp#breadcrumb","itemListElement":[{"@type":"ListItem","position":1,"name":"Productos","item":"https:\/\/buscoequipomedico.com\/shop\/"},{"@type":"ListItem","position":2,"name":"Monitor Quirurgico LED FULL HD de 26&quot; 2MP"}]},{"@type":"WebSite","@id":"https:\/\/buscoequipomedico.com\/#website","url":"https:\/\/buscoequipomedico.com\/","name":"Tu mejor opci\u00f3n Equipo M\u00e9dico M\u00e9xico","description":"Tienda de equipo m\u00e9dico","publisher":{"@id":"https:\/\/buscoequipomedico.com\/#organization"},"potentialAction":[{"@type":"SearchAction","target":{"@type":"EntryPoint","urlTemplate":"https:\/\/buscoequipomedico.com\/?s={search_term_string}"},"query-input":{"@type":"PropertyValueSpecification","valueRequired":true,"valueName":"search_term_string"}}],"inLanguage":"es"},{"@type":"Organization","@id":"https:\/\/buscoequipomedico.com\/#organization","name":"Tu mejor opci\u00f3n Equipo M\u00e9dico M\u00e9xico","url":"https:\/\/buscoequipomedico.com\/","logo":{"@type":"ImageObject","inLanguage":"es","@id":"https:\/\/buscoequipomedico.com\/#\/schema\/logo\/image\/","url":"https:\/\/buscoequipomedico.com\/wp-content\/uploads\/2021\/07\/EMM-VPrincipal-scaled.jpg","contentUrl":"https:\/\/buscoequipomedico.com\/wp-content\/uploads\/2021\/07\/EMM-VPrincipal-scaled.jpg","width":2560,"height":1058,"caption":"Tu mejor opci\u00f3n Equipo M\u00e9dico M\u00e9xico"},"image":{"@id":"https:\/\/buscoequipomedico.com\/#\/schema\/logo\/image\/"}}]}},"_links":{"self":[{"href":"https:\/\/buscoequipomedico.com\/index.php?rest_route=\/wp\/v2\/product\/12267","targetHints":{"allow":["GET"]}}],"collection":[{"href":"https:\/\/buscoequipomedico.com\/index.php?rest_route=\/wp\/v2\/product"}],"about":[{"href":"https:\/\/buscoequipomedico.com\/index.php?rest_route=\/wp\/v2\/types\/product"}],"wp:featuredmedia":[{"embeddable":true,"href":"https:\/\/buscoequipomedico.com\/index.php?rest_route=\/wp\/v2\/media\/12268"}],"wp:attachment":[{"href":"https:\/\/buscoequipomedico.com\/index.php?rest_route=%2Fwp%2Fv2%2Fmedia&parent=12267"}],"wp:term":[{"taxonomy":"product_brand","embeddable":true,"href":"https:\/\/buscoequipomedico.com\/index.php?rest_route=%2Fwp%2Fv2%2Fproduct_brand&post=12267"},{"taxonomy":"product_cat","embeddable":true,"href":"https:\/\/buscoequipomedico.com\/index.php?rest_route=%2Fwp%2Fv2%2Fproduct_cat&post=12267"},{"taxonomy":"product_tag","embeddable":true,"href":"https:\/\/buscoequipomedico.com\/index.php?rest_route=%2Fwp%2Fv2%2Fproduct_tag&post=12267"}],"curies":[{"name":"wp","href":"https:\/\/api.w.org\/{rel}","templated":true}]}}