{"id":12269,"date":"2020-02-18T07:34:56","date_gmt":"2020-02-18T07:34:56","guid":{"rendered":"https:\/\/equipomedicomexico-com.preview-domain.com\/product\/monitor-quirurgico-led-de-32-2mp\/"},"modified":"2020-02-18T07:35:00","modified_gmt":"2020-02-18T07:35:00","slug":"monitor-quirurgico-led-de-32-2mp","status":"publish","type":"product","link":"https:\/\/buscoequipomedico.com\/?product=monitor-quirurgico-led-de-32-2mp","title":{"rendered":"Monitor Quir\u00fargico LED de 32\u201d 2MP"},"content":{"rendered":"<h3>Reproducci\u00f3n de im\u00e1genes perfectas<\/h3>\n<p>El alto brillo y contraste, y la resoluci\u00f3n full HD del monitor ofrecen a los cirujanos una excelente percepci\u00f3n de la profundidad e im\u00e1genes monocromas y en color precisas. Presenta im\u00e1genes con una precisi\u00f3n incomparable de colores y escala de grises, con una latencia casi nula, para una perfecta coordinaci\u00f3n de manos y vista. Su luz de fondo LED de alto brillo con estabilizaci\u00f3n de la salida de luz tambi\u00e9n permite garantizar una vida \u00fatil m\u00e1s prolongada y una imagen uniforme en todos los monitores.<\/p>\n<h3>Creaci\u00f3n de im\u00e1genes en varios monitores y de varios or\u00edgenes<\/h3>\n<p>Con su amplia conectividad de entrada, el MDSC-2232 ofrece im\u00e1genes multimodales flexibles (PiP y PaP) en los nuevos quir\u00f3fanos integrados. La pantalla de 32 pulgadas tambi\u00e9n ofrece funcionalidad integrada (opcional) para usarlo con la soluci\u00f3n Nexxis para quir\u00f3fanos de Barco, lo que garantiza una distribuci\u00f3n sencilla de v\u00eddeo y datos sin comprimir a trav\u00e9s de la red IP sin retraso.<\/p>\n<h3>F\u00e1cil de instalar<\/h3>\n<p>El MDSC-2232 incluye un sistema de gesti\u00f3n de cables inteligente que oculta los cables para una instalaci\u00f3n perfectamente ordenada. Su dise\u00f1o ligero permite su montaje en brazos de quir\u00f3fano y brazos de resorte. Este monitor quir\u00fargico est\u00e1 disponible en dos modelos con distintas opciones de conectividad y control remoto.<\/p>\n<h3>Seguro para uso m\u00e9dico<\/h3>\n<p>El MDSC-2232 de Barco permite una f\u00e1cil limpieza y desinfecci\u00f3n gracias a su superficie lisa, la carcasa estanca (nivel de protecci\u00f3n frontal IPX5). El cristal con recubrimiento m\u00faltiple es muy duradero, resistente a ara\u00f1azos y protege el panel LCD de cualquier da\u00f1o f\u00edsico. El dise\u00f1o sin ventilador evita la dispersi\u00f3n de contaminantes. A\u00fan m\u00e1s, el monitor ofrece una exclusiva funci\u00f3n de conmutaci\u00f3n automatizada por error para que siempre haya disponible una se\u00f1al auxiliar para garantizar la seguridad de la intervenci\u00f3n.<\/p><\/p>\n","protected":false},"excerpt":{"rendered":"<p><span>El MDSC-2232 de Barco es un monitor de 32&#8243; para cirug\u00eda de proximidad al paciente con resoluci\u00f3n Full HD. Dise\u00f1ado espec\u00edficamente para el quir\u00f3fano, la sala de urgencias y las \u00e1reas de preoperatorio, presenta un dise\u00f1o de f\u00e1cil limpieza, componentes mec\u00e1nicos inteligentes y reproduce las im\u00e1genes con mayor detalle de todas las soluciones para cirug\u00eda que hay disponibles en el mercado.<\/span><\/p>\n","protected":false},"featured_media":12270,"template":"","meta":{"_joinchat":[]},"product_brand":[],"product_cat":[213],"product_tag":[],"class_list":{"0":"post-12269","1":"product","2":"type-product","3":"status-publish","4":"has-post-thumbnail","6":"product_cat-concentradores","7":"pa_marca-barco","9":"first","10":"instock","11":"purchasable","12":"product-type-simple"},"yoast_head":"<!-- This site is optimized with the Yoast SEO plugin v25.1 - https:\/\/yoast.com\/wordpress\/plugins\/seo\/ -->\n<title>Monitor Quir\u00fargico LED de 32\u201d 2MP - Tu mejor opci\u00f3n Equipo M\u00e9dico M\u00e9xico<\/title>\n<meta name=\"robots\" content=\"index, follow, max-snippet:-1, max-image-preview:large, max-video-preview:-1\" \/>\n<link rel=\"canonical\" href=\"https:\/\/buscoequipomedico.com\/?product=monitor-quirurgico-led-de-32-2mp\" \/>\n<meta property=\"og:locale\" content=\"es_ES\" \/>\n<meta property=\"og:type\" content=\"article\" \/>\n<meta property=\"og:title\" content=\"Monitor Quir\u00fargico LED de 32\u201d 2MP - Tu mejor opci\u00f3n Equipo M\u00e9dico M\u00e9xico\" \/>\n<meta property=\"og:description\" content=\"El MDSC-2232 de Barco es un monitor de 32&quot; para cirug\u00eda de proximidad al paciente con resoluci\u00f3n Full HD. Dise\u00f1ado espec\u00edficamente para el quir\u00f3fano, la sala de urgencias y las \u00e1reas de preoperatorio, presenta un dise\u00f1o de f\u00e1cil limpieza, componentes mec\u00e1nicos inteligentes y reproduce las im\u00e1genes con mayor detalle de todas las soluciones para cirug\u00eda que hay disponibles en el mercado.\" \/>\n<meta property=\"og:url\" content=\"https:\/\/buscoequipomedico.com\/?product=monitor-quirurgico-led-de-32-2mp\" \/>\n<meta property=\"og:site_name\" content=\"Tu mejor opci\u00f3n Equipo M\u00e9dico M\u00e9xico\" \/>\n<meta property=\"article:modified_time\" content=\"2020-02-18T07:35:00+00:00\" \/>\n<meta property=\"og:image\" content=\"https:\/\/buscoequipomedico.com\/wp-content\/uploads\/2020\/02\/monitor-quirurgico-led-de-32-2mp-el-mdsc-2232-de-barco-es-un-monitor-de-32-para-cirugia-de-proximidad-al-paciente-con-resolucion.jpg\" \/>\n\t<meta property=\"og:image:width\" content=\"800\" \/>\n\t<meta property=\"og:image:height\" content=\"800\" \/>\n\t<meta property=\"og:image:type\" content=\"image\/jpeg\" \/>\n<meta name=\"twitter:card\" content=\"summary_large_image\" \/>\n<meta name=\"twitter:label1\" content=\"Tiempo de lectura\" \/>\n\t<meta name=\"twitter:data1\" content=\"2 minutos\" \/>\n<script type=\"application\/ld+json\" class=\"yoast-schema-graph\">{\"@context\":\"https:\/\/schema.org\",\"@graph\":[{\"@type\":\"WebPage\",\"@id\":\"https:\/\/buscoequipomedico.com\/?product=monitor-quirurgico-led-de-32-2mp\",\"url\":\"https:\/\/buscoequipomedico.com\/?product=monitor-quirurgico-led-de-32-2mp\",\"name\":\"Monitor Quir\u00fargico LED de 32\u201d 2MP - Tu mejor opci\u00f3n Equipo M\u00e9dico M\u00e9xico\",\"isPartOf\":{\"@id\":\"https:\/\/buscoequipomedico.com\/#website\"},\"primaryImageOfPage\":{\"@id\":\"https:\/\/buscoequipomedico.com\/?product=monitor-quirurgico-led-de-32-2mp#primaryimage\"},\"image\":{\"@id\":\"https:\/\/buscoequipomedico.com\/?product=monitor-quirurgico-led-de-32-2mp#primaryimage\"},\"thumbnailUrl\":\"https:\/\/buscoequipomedico.com\/wp-content\/uploads\/2020\/02\/monitor-quirurgico-led-de-32-2mp-el-mdsc-2232-de-barco-es-un-monitor-de-32-para-cirugia-de-proximidad-al-paciente-con-resolucion.jpg\",\"datePublished\":\"2020-02-18T07:34:56+00:00\",\"dateModified\":\"2020-02-18T07:35:00+00:00\",\"breadcrumb\":{\"@id\":\"https:\/\/buscoequipomedico.com\/?product=monitor-quirurgico-led-de-32-2mp#breadcrumb\"},\"inLanguage\":\"es\",\"potentialAction\":[{\"@type\":\"ReadAction\",\"target\":[\"https:\/\/buscoequipomedico.com\/?product=monitor-quirurgico-led-de-32-2mp\"]}]},{\"@type\":\"ImageObject\",\"inLanguage\":\"es\",\"@id\":\"https:\/\/buscoequipomedico.com\/?product=monitor-quirurgico-led-de-32-2mp#primaryimage\",\"url\":\"https:\/\/buscoequipomedico.com\/wp-content\/uploads\/2020\/02\/monitor-quirurgico-led-de-32-2mp-el-mdsc-2232-de-barco-es-un-monitor-de-32-para-cirugia-de-proximidad-al-paciente-con-resolucion.jpg\",\"contentUrl\":\"https:\/\/buscoequipomedico.com\/wp-content\/uploads\/2020\/02\/monitor-quirurgico-led-de-32-2mp-el-mdsc-2232-de-barco-es-un-monitor-de-32-para-cirugia-de-proximidad-al-paciente-con-resolucion.jpg\",\"width\":800,\"height\":800},{\"@type\":\"BreadcrumbList\",\"@id\":\"https:\/\/buscoequipomedico.com\/?product=monitor-quirurgico-led-de-32-2mp#breadcrumb\",\"itemListElement\":[{\"@type\":\"ListItem\",\"position\":1,\"name\":\"Productos\",\"item\":\"https:\/\/buscoequipomedico.com\/shop\/\"},{\"@type\":\"ListItem\",\"position\":2,\"name\":\"Monitor Quir\u00fargico LED de 32\u201d 2MP\"}]},{\"@type\":\"WebSite\",\"@id\":\"https:\/\/buscoequipomedico.com\/#website\",\"url\":\"https:\/\/buscoequipomedico.com\/\",\"name\":\"Tu mejor opci\u00f3n Equipo M\u00e9dico M\u00e9xico\",\"description\":\"Tienda de equipo m\u00e9dico\",\"publisher\":{\"@id\":\"https:\/\/buscoequipomedico.com\/#organization\"},\"potentialAction\":[{\"@type\":\"SearchAction\",\"target\":{\"@type\":\"EntryPoint\",\"urlTemplate\":\"https:\/\/buscoequipomedico.com\/?s={search_term_string}\"},\"query-input\":{\"@type\":\"PropertyValueSpecification\",\"valueRequired\":true,\"valueName\":\"search_term_string\"}}],\"inLanguage\":\"es\"},{\"@type\":\"Organization\",\"@id\":\"https:\/\/buscoequipomedico.com\/#organization\",\"name\":\"Tu mejor opci\u00f3n Equipo M\u00e9dico M\u00e9xico\",\"url\":\"https:\/\/buscoequipomedico.com\/\",\"logo\":{\"@type\":\"ImageObject\",\"inLanguage\":\"es\",\"@id\":\"https:\/\/buscoequipomedico.com\/#\/schema\/logo\/image\/\",\"url\":\"https:\/\/buscoequipomedico.com\/wp-content\/uploads\/2021\/07\/EMM-VPrincipal-scaled.jpg\",\"contentUrl\":\"https:\/\/buscoequipomedico.com\/wp-content\/uploads\/2021\/07\/EMM-VPrincipal-scaled.jpg\",\"width\":2560,\"height\":1058,\"caption\":\"Tu mejor opci\u00f3n Equipo M\u00e9dico M\u00e9xico\"},\"image\":{\"@id\":\"https:\/\/buscoequipomedico.com\/#\/schema\/logo\/image\/\"}}]}<\/script>\n<!-- \/ Yoast SEO plugin. -->","yoast_head_json":{"title":"Monitor Quir\u00fargico LED de 32\u201d 2MP - Tu mejor opci\u00f3n Equipo M\u00e9dico M\u00e9xico","robots":{"index":"index","follow":"follow","max-snippet":"max-snippet:-1","max-image-preview":"max-image-preview:large","max-video-preview":"max-video-preview:-1"},"canonical":"https:\/\/buscoequipomedico.com\/?product=monitor-quirurgico-led-de-32-2mp","og_locale":"es_ES","og_type":"article","og_title":"Monitor Quir\u00fargico LED de 32\u201d 2MP - Tu mejor opci\u00f3n Equipo M\u00e9dico M\u00e9xico","og_description":"El MDSC-2232 de Barco es un monitor de 32\" para cirug\u00eda de proximidad al paciente con resoluci\u00f3n Full HD. Dise\u00f1ado espec\u00edficamente para el quir\u00f3fano, la sala de urgencias y las \u00e1reas de preoperatorio, presenta un dise\u00f1o de f\u00e1cil limpieza, componentes mec\u00e1nicos inteligentes y reproduce las im\u00e1genes con mayor detalle de todas las soluciones para cirug\u00eda que hay disponibles en el mercado.","og_url":"https:\/\/buscoequipomedico.com\/?product=monitor-quirurgico-led-de-32-2mp","og_site_name":"Tu mejor opci\u00f3n Equipo M\u00e9dico M\u00e9xico","article_modified_time":"2020-02-18T07:35:00+00:00","og_image":[{"width":800,"height":800,"url":"https:\/\/buscoequipomedico.com\/wp-content\/uploads\/2020\/02\/monitor-quirurgico-led-de-32-2mp-el-mdsc-2232-de-barco-es-un-monitor-de-32-para-cirugia-de-proximidad-al-paciente-con-resolucion.jpg","type":"image\/jpeg"}],"twitter_card":"summary_large_image","twitter_misc":{"Tiempo de lectura":"2 minutos"},"schema":{"@context":"https:\/\/schema.org","@graph":[{"@type":"WebPage","@id":"https:\/\/buscoequipomedico.com\/?product=monitor-quirurgico-led-de-32-2mp","url":"https:\/\/buscoequipomedico.com\/?product=monitor-quirurgico-led-de-32-2mp","name":"Monitor Quir\u00fargico LED de 32\u201d 2MP - Tu mejor opci\u00f3n Equipo M\u00e9dico M\u00e9xico","isPartOf":{"@id":"https:\/\/buscoequipomedico.com\/#website"},"primaryImageOfPage":{"@id":"https:\/\/buscoequipomedico.com\/?product=monitor-quirurgico-led-de-32-2mp#primaryimage"},"image":{"@id":"https:\/\/buscoequipomedico.com\/?product=monitor-quirurgico-led-de-32-2mp#primaryimage"},"thumbnailUrl":"https:\/\/buscoequipomedico.com\/wp-content\/uploads\/2020\/02\/monitor-quirurgico-led-de-32-2mp-el-mdsc-2232-de-barco-es-un-monitor-de-32-para-cirugia-de-proximidad-al-paciente-con-resolucion.jpg","datePublished":"2020-02-18T07:34:56+00:00","dateModified":"2020-02-18T07:35:00+00:00","breadcrumb":{"@id":"https:\/\/buscoequipomedico.com\/?product=monitor-quirurgico-led-de-32-2mp#breadcrumb"},"inLanguage":"es","potentialAction":[{"@type":"ReadAction","target":["https:\/\/buscoequipomedico.com\/?product=monitor-quirurgico-led-de-32-2mp"]}]},{"@type":"ImageObject","inLanguage":"es","@id":"https:\/\/buscoequipomedico.com\/?product=monitor-quirurgico-led-de-32-2mp#primaryimage","url":"https:\/\/buscoequipomedico.com\/wp-content\/uploads\/2020\/02\/monitor-quirurgico-led-de-32-2mp-el-mdsc-2232-de-barco-es-un-monitor-de-32-para-cirugia-de-proximidad-al-paciente-con-resolucion.jpg","contentUrl":"https:\/\/buscoequipomedico.com\/wp-content\/uploads\/2020\/02\/monitor-quirurgico-led-de-32-2mp-el-mdsc-2232-de-barco-es-un-monitor-de-32-para-cirugia-de-proximidad-al-paciente-con-resolucion.jpg","width":800,"height":800},{"@type":"BreadcrumbList","@id":"https:\/\/buscoequipomedico.com\/?product=monitor-quirurgico-led-de-32-2mp#breadcrumb","itemListElement":[{"@type":"ListItem","position":1,"name":"Productos","item":"https:\/\/buscoequipomedico.com\/shop\/"},{"@type":"ListItem","position":2,"name":"Monitor Quir\u00fargico LED de 32\u201d 2MP"}]},{"@type":"WebSite","@id":"https:\/\/buscoequipomedico.com\/#website","url":"https:\/\/buscoequipomedico.com\/","name":"Tu mejor opci\u00f3n Equipo M\u00e9dico M\u00e9xico","description":"Tienda de equipo m\u00e9dico","publisher":{"@id":"https:\/\/buscoequipomedico.com\/#organization"},"potentialAction":[{"@type":"SearchAction","target":{"@type":"EntryPoint","urlTemplate":"https:\/\/buscoequipomedico.com\/?s={search_term_string}"},"query-input":{"@type":"PropertyValueSpecification","valueRequired":true,"valueName":"search_term_string"}}],"inLanguage":"es"},{"@type":"Organization","@id":"https:\/\/buscoequipomedico.com\/#organization","name":"Tu mejor opci\u00f3n Equipo M\u00e9dico M\u00e9xico","url":"https:\/\/buscoequipomedico.com\/","logo":{"@type":"ImageObject","inLanguage":"es","@id":"https:\/\/buscoequipomedico.com\/#\/schema\/logo\/image\/","url":"https:\/\/buscoequipomedico.com\/wp-content\/uploads\/2021\/07\/EMM-VPrincipal-scaled.jpg","contentUrl":"https:\/\/buscoequipomedico.com\/wp-content\/uploads\/2021\/07\/EMM-VPrincipal-scaled.jpg","width":2560,"height":1058,"caption":"Tu mejor opci\u00f3n Equipo M\u00e9dico M\u00e9xico"},"image":{"@id":"https:\/\/buscoequipomedico.com\/#\/schema\/logo\/image\/"}}]}},"_links":{"self":[{"href":"https:\/\/buscoequipomedico.com\/index.php?rest_route=\/wp\/v2\/product\/12269","targetHints":{"allow":["GET"]}}],"collection":[{"href":"https:\/\/buscoequipomedico.com\/index.php?rest_route=\/wp\/v2\/product"}],"about":[{"href":"https:\/\/buscoequipomedico.com\/index.php?rest_route=\/wp\/v2\/types\/product"}],"wp:featuredmedia":[{"embeddable":true,"href":"https:\/\/buscoequipomedico.com\/index.php?rest_route=\/wp\/v2\/media\/12270"}],"wp:attachment":[{"href":"https:\/\/buscoequipomedico.com\/index.php?rest_route=%2Fwp%2Fv2%2Fmedia&parent=12269"}],"wp:term":[{"taxonomy":"product_brand","embeddable":true,"href":"https:\/\/buscoequipomedico.com\/index.php?rest_route=%2Fwp%2Fv2%2Fproduct_brand&post=12269"},{"taxonomy":"product_cat","embeddable":true,"href":"https:\/\/buscoequipomedico.com\/index.php?rest_route=%2Fwp%2Fv2%2Fproduct_cat&post=12269"},{"taxonomy":"product_tag","embeddable":true,"href":"https:\/\/buscoequipomedico.com\/index.php?rest_route=%2Fwp%2Fv2%2Fproduct_tag&post=12269"}],"curies":[{"name":"wp","href":"https:\/\/api.w.org\/{rel}","templated":true}]}}