{"id":12271,"date":"2020-02-18T07:35:01","date_gmt":"2020-02-18T07:35:01","guid":{"rendered":"https:\/\/equipomedicomexico-com.preview-domain.com\/product\/monitor-quirurgico-led-full-hd-de-42-2mp\/"},"modified":"2020-02-18T07:35:01","modified_gmt":"2020-02-18T07:35:01","slug":"monitor-quirurgico-led-full-hd-de-42-2mp","status":"publish","type":"product","link":"https:\/\/buscoequipomedico.com\/?product=monitor-quirurgico-led-full-hd-de-42-2mp","title":{"rendered":"Monitor Quirurgico LED FULL HD de 42&quot; 2MP"},"content":{"rendered":"<h3>Im\u00e1genes con colores calibrados y sin artefactos<\/h3>\n<p>Gracias a su elevado brillo, contraste y resoluci\u00f3n, el MDSC-2242 ofrece a los cirujanos im\u00e1genes precisas y realistas, adem\u00e1s de una excelente percepci\u00f3n de profundidad. Tambi\u00e9n ofrece la transmisi\u00f3n m\u00e1s r\u00e1pida y sin retardos de im\u00e1genes quir\u00fargicas y la m\u00e1xima calidad de imagen que se puede ofrecer en la actualidad.<\/p>\n<p>Nuestros algoritmos de siguiente generaci\u00f3n y adaptados al movimiento para la reducci\u00f3n de ruidos y el entrelazado, junto con un procesamiento de im\u00e1genes completo de 10 bits y una tabla de conversi\u00f3n de 12 bits, convierten al MDSC-2242 en la soluci\u00f3n ideal para consultar im\u00e1genes PACS en el quir\u00f3fano.<\/p>\n<h3>Visualizaci\u00f3n de im\u00e1genes en varios monitores y procedentes de varios or\u00edgenes a trav\u00e9s de IP<\/h3>\n<p>Con una amplia conectividad de entrada, el MDSC-2242 ofrece la mayor flexibilidad para las im\u00e1genes multimodales (PiP &amp; PaP), lo que permite la reproducci\u00f3n de im\u00e1genes procedentes de varias fuentes y en varios monitores en el quir\u00f3fano integrado.<\/p>\n<p>Con su pantalla de 42 pulgadas, se trata de uno de los monitores para cirug\u00eda con conexi\u00f3n de red de Barco, que ofrece una funcionalidad integrada (opcional) para usarlo con la soluci\u00f3n de quir\u00f3fano digital Nexxis, lo que garantiza una distribuci\u00f3n sencilla de v\u00eddeo y datos sin comprimir a trav\u00e9s de la red IP y sin retardos.<\/p>\n<h3><\/h3>\n<h3>Dise\u00f1ado para uso en quir\u00f3fano<\/h3>\n<p>El MDSC-2242 de Barco permite realizar una limpieza y desinfecci\u00f3n sencillas, gracias a su cristal protector frontal antirreflectante.<\/p>\n<p>El dise\u00f1o sin ventilador evita la dispersi\u00f3n de contaminantes en el quir\u00f3fano.<\/p>\n<p><strong>Caracter\u00edsticas del MDSC-2242 de Barco:<\/strong><\/p>\n<ul>\n<li>Pantalla LCD panor\u00e1mica de 42&#8243;<\/li>\n<li>Resoluci\u00f3n de alta definici\u00f3n<\/li>\n<li>Amplio \u00e1ngulo de visi\u00f3n<\/li>\n<li>Luz de fondo LED de alto brillo<\/li>\n<li>Algoritmos avanzados de procesamiento de im\u00e1genes completo de 10 bits para la reproducci\u00f3n de v\u00eddeo sin artefactos<\/li>\n<li>La m\u00e1s amplia gama de se\u00f1ales de entrada SD y HD, incluyendo 3G-SDI y DisplayPort<\/li>\n<li>Calibrado para la reproducci\u00f3n perfecta de colores y escala de grises (est\u00e1ndares ITU 709 y DICOM)<\/li>\n<li>Limpieza sencilla gracias a su pantalla protectora de tama\u00f1o completo<\/li>\n<li>Control remoto mediante RS232 y auricular RC infrarrojo<\/li>\n<\/ul>\n","protected":false},"excerpt":{"rendered":"<p><span>El MDSC-2242 de Barco es un monitor para cirug\u00eda, con pantalla grande de 42 pulgadas, luz de fondo LED y resoluci\u00f3n Full HD. Dise\u00f1ado espec\u00edficamente para el quir\u00f3fano, el MDSC-2242 permite visualizar una amplia variedad de fuentes de v\u00eddeo digital y anal\u00f3gico, entre las que se incluye v\u00eddeo de endoscopios HD, c\u00e1maras de v\u00eddeo de sala y con brazo, informaci\u00f3n del paciente y de la intervenci\u00f3n quir\u00fargica, e im\u00e1genes de radiolog\u00eda y patolog\u00eda, todo ello con un elevado nivel de detalle.<\/span><\/p>\n","protected":false},"featured_media":12272,"template":"","meta":{"_joinchat":[]},"product_brand":[],"product_cat":[213],"product_tag":[],"class_list":{"0":"post-12271","1":"product","2":"type-product","3":"status-publish","4":"has-post-thumbnail","6":"product_cat-concentradores","7":"pa_marca-barco","9":"first","10":"instock","11":"purchasable","12":"product-type-simple"},"yoast_head":"<!-- This site is optimized with the Yoast SEO plugin v25.1 - https:\/\/yoast.com\/wordpress\/plugins\/seo\/ -->\n<title>Monitor Quirurgico LED FULL HD de 42&quot; 2MP - Tu mejor opci\u00f3n Equipo M\u00e9dico M\u00e9xico<\/title>\n<meta name=\"robots\" content=\"index, follow, max-snippet:-1, max-image-preview:large, max-video-preview:-1\" \/>\n<link rel=\"canonical\" href=\"https:\/\/buscoequipomedico.com\/?product=monitor-quirurgico-led-full-hd-de-42-2mp\" \/>\n<meta property=\"og:locale\" content=\"es_ES\" \/>\n<meta property=\"og:type\" content=\"article\" \/>\n<meta property=\"og:title\" content=\"Monitor Quirurgico LED FULL HD de 42&quot; 2MP - Tu mejor opci\u00f3n Equipo M\u00e9dico M\u00e9xico\" \/>\n<meta property=\"og:description\" content=\"El MDSC-2242 de Barco es un monitor para cirug\u00eda, con pantalla grande de 42 pulgadas, luz de fondo LED y resoluci\u00f3n Full HD. Dise\u00f1ado espec\u00edficamente para el quir\u00f3fano, el MDSC-2242 permite visualizar una amplia variedad de fuentes de v\u00eddeo digital y anal\u00f3gico, entre las que se incluye v\u00eddeo de endoscopios HD, c\u00e1maras de v\u00eddeo de sala y con brazo, informaci\u00f3n del paciente y de la intervenci\u00f3n quir\u00fargica, e im\u00e1genes de radiolog\u00eda y patolog\u00eda, todo ello con un elevado nivel de detalle.\" \/>\n<meta property=\"og:url\" content=\"https:\/\/buscoequipomedico.com\/?product=monitor-quirurgico-led-full-hd-de-42-2mp\" \/>\n<meta property=\"og:site_name\" content=\"Tu mejor opci\u00f3n Equipo M\u00e9dico M\u00e9xico\" \/>\n<meta property=\"og:image\" content=\"https:\/\/buscoequipomedico.com\/wp-content\/uploads\/2020\/02\/monitor-quirurgico-led-full-hd-de-42-2mp-el-mdsc-2242-de-barco-es-un-monitor-para-cirugia-con-pantalla-grande-de-42-pulgadas-luz.jpg\" \/>\n\t<meta property=\"og:image:width\" content=\"800\" \/>\n\t<meta property=\"og:image:height\" content=\"800\" \/>\n\t<meta property=\"og:image:type\" content=\"image\/jpeg\" \/>\n<meta name=\"twitter:card\" content=\"summary_large_image\" \/>\n<meta name=\"twitter:label1\" content=\"Tiempo de lectura\" \/>\n\t<meta name=\"twitter:data1\" content=\"2 minutos\" \/>\n<script type=\"application\/ld+json\" class=\"yoast-schema-graph\">{\"@context\":\"https:\/\/schema.org\",\"@graph\":[{\"@type\":\"WebPage\",\"@id\":\"https:\/\/buscoequipomedico.com\/?product=monitor-quirurgico-led-full-hd-de-42-2mp\",\"url\":\"https:\/\/buscoequipomedico.com\/?product=monitor-quirurgico-led-full-hd-de-42-2mp\",\"name\":\"Monitor Quirurgico LED FULL HD de 42&quot; 2MP - Tu mejor opci\u00f3n Equipo M\u00e9dico M\u00e9xico\",\"isPartOf\":{\"@id\":\"https:\/\/buscoequipomedico.com\/#website\"},\"primaryImageOfPage\":{\"@id\":\"https:\/\/buscoequipomedico.com\/?product=monitor-quirurgico-led-full-hd-de-42-2mp#primaryimage\"},\"image\":{\"@id\":\"https:\/\/buscoequipomedico.com\/?product=monitor-quirurgico-led-full-hd-de-42-2mp#primaryimage\"},\"thumbnailUrl\":\"https:\/\/buscoequipomedico.com\/wp-content\/uploads\/2020\/02\/monitor-quirurgico-led-full-hd-de-42-2mp-el-mdsc-2242-de-barco-es-un-monitor-para-cirugia-con-pantalla-grande-de-42-pulgadas-luz.jpg\",\"datePublished\":\"2020-02-18T07:35:01+00:00\",\"breadcrumb\":{\"@id\":\"https:\/\/buscoequipomedico.com\/?product=monitor-quirurgico-led-full-hd-de-42-2mp#breadcrumb\"},\"inLanguage\":\"es\",\"potentialAction\":[{\"@type\":\"ReadAction\",\"target\":[\"https:\/\/buscoequipomedico.com\/?product=monitor-quirurgico-led-full-hd-de-42-2mp\"]}]},{\"@type\":\"ImageObject\",\"inLanguage\":\"es\",\"@id\":\"https:\/\/buscoequipomedico.com\/?product=monitor-quirurgico-led-full-hd-de-42-2mp#primaryimage\",\"url\":\"https:\/\/buscoequipomedico.com\/wp-content\/uploads\/2020\/02\/monitor-quirurgico-led-full-hd-de-42-2mp-el-mdsc-2242-de-barco-es-un-monitor-para-cirugia-con-pantalla-grande-de-42-pulgadas-luz.jpg\",\"contentUrl\":\"https:\/\/buscoequipomedico.com\/wp-content\/uploads\/2020\/02\/monitor-quirurgico-led-full-hd-de-42-2mp-el-mdsc-2242-de-barco-es-un-monitor-para-cirugia-con-pantalla-grande-de-42-pulgadas-luz.jpg\",\"width\":800,\"height\":800},{\"@type\":\"BreadcrumbList\",\"@id\":\"https:\/\/buscoequipomedico.com\/?product=monitor-quirurgico-led-full-hd-de-42-2mp#breadcrumb\",\"itemListElement\":[{\"@type\":\"ListItem\",\"position\":1,\"name\":\"Productos\",\"item\":\"https:\/\/buscoequipomedico.com\/shop\/\"},{\"@type\":\"ListItem\",\"position\":2,\"name\":\"Monitor Quirurgico LED FULL HD de 42&quot; 2MP\"}]},{\"@type\":\"WebSite\",\"@id\":\"https:\/\/buscoequipomedico.com\/#website\",\"url\":\"https:\/\/buscoequipomedico.com\/\",\"name\":\"Tu mejor opci\u00f3n Equipo M\u00e9dico M\u00e9xico\",\"description\":\"Tienda de equipo m\u00e9dico\",\"publisher\":{\"@id\":\"https:\/\/buscoequipomedico.com\/#organization\"},\"potentialAction\":[{\"@type\":\"SearchAction\",\"target\":{\"@type\":\"EntryPoint\",\"urlTemplate\":\"https:\/\/buscoequipomedico.com\/?s={search_term_string}\"},\"query-input\":{\"@type\":\"PropertyValueSpecification\",\"valueRequired\":true,\"valueName\":\"search_term_string\"}}],\"inLanguage\":\"es\"},{\"@type\":\"Organization\",\"@id\":\"https:\/\/buscoequipomedico.com\/#organization\",\"name\":\"Tu mejor opci\u00f3n Equipo M\u00e9dico M\u00e9xico\",\"url\":\"https:\/\/buscoequipomedico.com\/\",\"logo\":{\"@type\":\"ImageObject\",\"inLanguage\":\"es\",\"@id\":\"https:\/\/buscoequipomedico.com\/#\/schema\/logo\/image\/\",\"url\":\"https:\/\/buscoequipomedico.com\/wp-content\/uploads\/2021\/07\/EMM-VPrincipal-scaled.jpg\",\"contentUrl\":\"https:\/\/buscoequipomedico.com\/wp-content\/uploads\/2021\/07\/EMM-VPrincipal-scaled.jpg\",\"width\":2560,\"height\":1058,\"caption\":\"Tu mejor opci\u00f3n Equipo M\u00e9dico M\u00e9xico\"},\"image\":{\"@id\":\"https:\/\/buscoequipomedico.com\/#\/schema\/logo\/image\/\"}}]}<\/script>\n<!-- \/ Yoast SEO plugin. -->","yoast_head_json":{"title":"Monitor Quirurgico LED FULL HD de 42&quot; 2MP - Tu mejor opci\u00f3n Equipo M\u00e9dico M\u00e9xico","robots":{"index":"index","follow":"follow","max-snippet":"max-snippet:-1","max-image-preview":"max-image-preview:large","max-video-preview":"max-video-preview:-1"},"canonical":"https:\/\/buscoequipomedico.com\/?product=monitor-quirurgico-led-full-hd-de-42-2mp","og_locale":"es_ES","og_type":"article","og_title":"Monitor Quirurgico LED FULL HD de 42&quot; 2MP - Tu mejor opci\u00f3n Equipo M\u00e9dico M\u00e9xico","og_description":"El MDSC-2242 de Barco es un monitor para cirug\u00eda, con pantalla grande de 42 pulgadas, luz de fondo LED y resoluci\u00f3n Full HD. Dise\u00f1ado espec\u00edficamente para el quir\u00f3fano, el MDSC-2242 permite visualizar una amplia variedad de fuentes de v\u00eddeo digital y anal\u00f3gico, entre las que se incluye v\u00eddeo de endoscopios HD, c\u00e1maras de v\u00eddeo de sala y con brazo, informaci\u00f3n del paciente y de la intervenci\u00f3n quir\u00fargica, e im\u00e1genes de radiolog\u00eda y patolog\u00eda, todo ello con un elevado nivel de detalle.","og_url":"https:\/\/buscoequipomedico.com\/?product=monitor-quirurgico-led-full-hd-de-42-2mp","og_site_name":"Tu mejor opci\u00f3n Equipo M\u00e9dico M\u00e9xico","og_image":[{"width":800,"height":800,"url":"https:\/\/buscoequipomedico.com\/wp-content\/uploads\/2020\/02\/monitor-quirurgico-led-full-hd-de-42-2mp-el-mdsc-2242-de-barco-es-un-monitor-para-cirugia-con-pantalla-grande-de-42-pulgadas-luz.jpg","type":"image\/jpeg"}],"twitter_card":"summary_large_image","twitter_misc":{"Tiempo de lectura":"2 minutos"},"schema":{"@context":"https:\/\/schema.org","@graph":[{"@type":"WebPage","@id":"https:\/\/buscoequipomedico.com\/?product=monitor-quirurgico-led-full-hd-de-42-2mp","url":"https:\/\/buscoequipomedico.com\/?product=monitor-quirurgico-led-full-hd-de-42-2mp","name":"Monitor Quirurgico LED FULL HD de 42&quot; 2MP - Tu mejor opci\u00f3n Equipo M\u00e9dico M\u00e9xico","isPartOf":{"@id":"https:\/\/buscoequipomedico.com\/#website"},"primaryImageOfPage":{"@id":"https:\/\/buscoequipomedico.com\/?product=monitor-quirurgico-led-full-hd-de-42-2mp#primaryimage"},"image":{"@id":"https:\/\/buscoequipomedico.com\/?product=monitor-quirurgico-led-full-hd-de-42-2mp#primaryimage"},"thumbnailUrl":"https:\/\/buscoequipomedico.com\/wp-content\/uploads\/2020\/02\/monitor-quirurgico-led-full-hd-de-42-2mp-el-mdsc-2242-de-barco-es-un-monitor-para-cirugia-con-pantalla-grande-de-42-pulgadas-luz.jpg","datePublished":"2020-02-18T07:35:01+00:00","breadcrumb":{"@id":"https:\/\/buscoequipomedico.com\/?product=monitor-quirurgico-led-full-hd-de-42-2mp#breadcrumb"},"inLanguage":"es","potentialAction":[{"@type":"ReadAction","target":["https:\/\/buscoequipomedico.com\/?product=monitor-quirurgico-led-full-hd-de-42-2mp"]}]},{"@type":"ImageObject","inLanguage":"es","@id":"https:\/\/buscoequipomedico.com\/?product=monitor-quirurgico-led-full-hd-de-42-2mp#primaryimage","url":"https:\/\/buscoequipomedico.com\/wp-content\/uploads\/2020\/02\/monitor-quirurgico-led-full-hd-de-42-2mp-el-mdsc-2242-de-barco-es-un-monitor-para-cirugia-con-pantalla-grande-de-42-pulgadas-luz.jpg","contentUrl":"https:\/\/buscoequipomedico.com\/wp-content\/uploads\/2020\/02\/monitor-quirurgico-led-full-hd-de-42-2mp-el-mdsc-2242-de-barco-es-un-monitor-para-cirugia-con-pantalla-grande-de-42-pulgadas-luz.jpg","width":800,"height":800},{"@type":"BreadcrumbList","@id":"https:\/\/buscoequipomedico.com\/?product=monitor-quirurgico-led-full-hd-de-42-2mp#breadcrumb","itemListElement":[{"@type":"ListItem","position":1,"name":"Productos","item":"https:\/\/buscoequipomedico.com\/shop\/"},{"@type":"ListItem","position":2,"name":"Monitor Quirurgico LED FULL HD de 42&quot; 2MP"}]},{"@type":"WebSite","@id":"https:\/\/buscoequipomedico.com\/#website","url":"https:\/\/buscoequipomedico.com\/","name":"Tu mejor opci\u00f3n Equipo M\u00e9dico M\u00e9xico","description":"Tienda de equipo m\u00e9dico","publisher":{"@id":"https:\/\/buscoequipomedico.com\/#organization"},"potentialAction":[{"@type":"SearchAction","target":{"@type":"EntryPoint","urlTemplate":"https:\/\/buscoequipomedico.com\/?s={search_term_string}"},"query-input":{"@type":"PropertyValueSpecification","valueRequired":true,"valueName":"search_term_string"}}],"inLanguage":"es"},{"@type":"Organization","@id":"https:\/\/buscoequipomedico.com\/#organization","name":"Tu mejor opci\u00f3n Equipo M\u00e9dico M\u00e9xico","url":"https:\/\/buscoequipomedico.com\/","logo":{"@type":"ImageObject","inLanguage":"es","@id":"https:\/\/buscoequipomedico.com\/#\/schema\/logo\/image\/","url":"https:\/\/buscoequipomedico.com\/wp-content\/uploads\/2021\/07\/EMM-VPrincipal-scaled.jpg","contentUrl":"https:\/\/buscoequipomedico.com\/wp-content\/uploads\/2021\/07\/EMM-VPrincipal-scaled.jpg","width":2560,"height":1058,"caption":"Tu mejor opci\u00f3n Equipo M\u00e9dico M\u00e9xico"},"image":{"@id":"https:\/\/buscoequipomedico.com\/#\/schema\/logo\/image\/"}}]}},"_links":{"self":[{"href":"https:\/\/buscoequipomedico.com\/index.php?rest_route=\/wp\/v2\/product\/12271","targetHints":{"allow":["GET"]}}],"collection":[{"href":"https:\/\/buscoequipomedico.com\/index.php?rest_route=\/wp\/v2\/product"}],"about":[{"href":"https:\/\/buscoequipomedico.com\/index.php?rest_route=\/wp\/v2\/types\/product"}],"wp:featuredmedia":[{"embeddable":true,"href":"https:\/\/buscoequipomedico.com\/index.php?rest_route=\/wp\/v2\/media\/12272"}],"wp:attachment":[{"href":"https:\/\/buscoequipomedico.com\/index.php?rest_route=%2Fwp%2Fv2%2Fmedia&parent=12271"}],"wp:term":[{"taxonomy":"product_brand","embeddable":true,"href":"https:\/\/buscoequipomedico.com\/index.php?rest_route=%2Fwp%2Fv2%2Fproduct_brand&post=12271"},{"taxonomy":"product_cat","embeddable":true,"href":"https:\/\/buscoequipomedico.com\/index.php?rest_route=%2Fwp%2Fv2%2Fproduct_cat&post=12271"},{"taxonomy":"product_tag","embeddable":true,"href":"https:\/\/buscoequipomedico.com\/index.php?rest_route=%2Fwp%2Fv2%2Fproduct_tag&post=12271"}],"curies":[{"name":"wp","href":"https:\/\/api.w.org\/{rel}","templated":true}]}}