{"id":12273,"date":"2020-02-18T07:35:01","date_gmt":"2020-02-18T07:35:01","guid":{"rendered":"https:\/\/equipomedicomexico-com.preview-domain.com\/product\/force-fxc-generador\/"},"modified":"2020-02-18T07:35:01","modified_gmt":"2020-02-18T07:35:01","slug":"force-fxc-generador","status":"publish","type":"product","link":"https:\/\/buscoequipomedico.com\/?product=force-fxc-generador","title":{"rendered":"FORCE FXC &#8211; GENERADOR"},"content":{"rendered":"<p><span><span><span>El Valleylab Force FX-C es un generador electroquir\u00fargico.\u00a0<\/span><span>Proporciona al operador la potencia necesaria para cortar, desecar y fulgurar tejido durante los procedimientos electroquir\u00fargicos bipolares y monopolares.\u00a0<\/span><span>Puede usar los controles del auricular o del pedal para activar el generador.\u00a0<\/span><span>Los recept\u00e1culos est\u00e1n marcados para garantizar la correcta conexi\u00f3n de los accesorios.\u00a0<\/span><span>Los indicadores le alertan cuando el generador est\u00e1 activado.\u00a0<\/span><span>Force FX &#x2122; le permite ajustar el volumen del tono de activaci\u00f3n y restablecer los ajustes de modo y potencia utilizados anteriormente.\u00a0<\/span><span>Tambi\u00e9n se incluyen un puerto de activaci\u00f3n de RF, un puerto serie RS-232 y un puerto de expansi\u00f3n.\u00a0<\/span><span>Force FX &#x2122; se puede utilizar junto con el sistema Valleylab Force GSU y el monitor Valleylab Electroshield.\u00a0<\/span><span>Consulte los manuales provistos con estos productos para obtener m\u00e1s informaci\u00f3n.<\/span><\/span><\/span><\/p>\n<hr>\n<p><span><span><span><\/span><\/span><span><span>\u00a0Especificaciones de\u00a0<\/span><span><span>Valleylab Force FX-C<\/span><\/span><span>\u00a0:<\/span><\/span><\/span><\/p>\n<p><span><span><span>Dimensiones<\/span><\/span><\/span><\/p>\n<ul>\n<li>\n<span><span><span>Altura:<\/span><\/span><\/span><span><span><span>\u00a0\u00a04.375 \u00ab<\/span><\/span><\/span>\n<\/li>\n<li>\n<span><span><span>Ancho:<\/span><\/span><\/span><span><span><span>\u00a0\u00a014 \u00ab<\/span><\/span><\/span>\n<\/li>\n<li>\n<span><span><span>Largo:<\/span><\/span><\/span><span><span><span>\u00a0\u00a017 \u00ab<\/span><\/span><\/span>\n<\/li>\n<\/ul>\n<p>\u00a0<\/p>\n<p><span><span><span>Peso<\/span><\/span><\/span><\/p>\n<ul>\n<li><span><span><span>18 libras<\/span><\/span><\/span><\/li>\n<\/ul>\n<p>\u00a0<\/p>\n<p><span><span><span>Requisitos de energ\u00eda de entrada<\/span><\/span><\/span><\/p>\n<ul>\n<li>\n<span><span><span>Rango de operaci\u00f3n:<\/span><\/span><\/span><span><span><span>\u00a0\u00a0170-264.<\/span><\/span><\/span>\n<\/li>\n<li>\n<span><span><span>VAC Corriente m\u00e1xima:<\/span><\/span><\/span><span><span><span>\u00a0\u00a03.5 A en corte y 2 A en coag.<\/span><\/span><\/span>\n<\/li>\n<\/ul>\n<p>\u00a0<\/p>\n<p><span><span><span>Formas de onda de salida<\/span><\/span><\/span><\/p>\n<ul>\n<li><span><span><span>Bipolar:\u00a0<\/span><\/span><span><span>preciso, est\u00e1ndar y macros:<\/span><\/span><span><span>\u00a0\u00a0sinusoide de 470 kHz<\/span><\/span><\/span><\/li>\n<\/ul>\n<p>\u00a0<\/p>\n<p><span><span><span>Corte monopolar<\/span><\/span><\/span><\/p>\n<ul>\n<li>\n<span><span><span>Bajo:<\/span><\/span><\/span><span><span><span>\u00a0\u00a0sinusoide de 390 kHz.\u00a0<\/span><span>Similar al modo de corte puro, excepto que el voltaje m\u00e1ximo est\u00e1 limitado a un valor m\u00e1s bajo.<\/span><\/span><\/span>\n<\/li>\n<li>\n<span><span><span>Puro<\/span><\/span><\/span><span><span><span>\u00a0\u00a0sinusoide de 390 kHz.\u00a0<\/span><span>Mezcla: r\u00e1fagas de sinusoide de 390 kHz, recurrentes a intervalos de 27 kHz, sobre de ciclo de trabajo del 50%.<\/span><\/span><\/span>\n<\/li>\n<\/ul>\n<p>\u00a0<\/p>\n<p><span><span><span>Coag monopolar<\/span><\/span><\/span><\/p>\n<ul>\n<li>\n<span><span><span>Desecado:<\/span><\/span><\/span><span><span><span>\u00a0\u00a0sinusoide de 240 kHz repetido a 39 kHz, ciclo de trabajo del 8%.<\/span><\/span><\/span>\n<\/li>\n<li>\n<span><span><span>Fulgurate:<\/span><\/span><\/span><span><span><span>\u00a0\u00a0r\u00e1fagas sinusoidales amortiguadas de 390 kHz con una frecuencia de repetici\u00f3n de 57 kHz en 300 ohmios.<\/span><\/span><\/span>\n<\/li>\n<li>\n<span><span><span>Spray:<\/span><\/span><\/span><span><span><span>\u00a0\u00a0r\u00e1fagas sinusoides amortiguadas de 390 kHz con repetici\u00f3n aleatoria centrada a 28 kHz.<\/span><\/span><\/span>\n<\/li>\n<li><span><span><span>Las frecuencias incluyen 21 kHz &lt;f &lt;35kHz.<\/span><\/span><\/span><\/li>\n<li><span><span><span>La salida se modula a\u00fan m\u00e1s mediante una envolvente aleatoria de 250 Hz con un ciclo de trabajo variable.<\/span><\/span><\/span><\/li>\n<\/ul>\n<p>\u00a0<\/p>\n<p><span><span><span>Fugas de baja frecuencia<\/span><\/span><\/span><\/p>\n<ul>\n<li><span><span><span>50 &#8211; 60 Hz.\u00a0<\/span><span>Fuente de corriente, derivaciones del paciente, todas las salidas unidas.<\/span><\/span><\/span><\/li>\n<li><span><span><span>Polaridad normal, tierra del chasis intacta &lt;10\u03bcA.<\/span><\/span><\/span><\/li>\n<li><span><span><span>Polaridad normal, tierra abierta &lt;50\u03bcA.\u00a0<\/span><span>Polaridad inversa, tierra abierta &lt;50\u03bcA.<\/span><\/span><\/span><\/li>\n<li><span><span><span>Sumide la corriente en la l\u00ednea alta, todos los puntos &lt;50 \u03bcA.<\/span><\/span><\/span><\/li>\n<\/ul>\n<p>\u00a0<\/p>\n<p><span><span><span>Fugas de alta frecuencia<\/span><\/span><\/span><\/p>\n<ul>\n<li>\n<span><span><span>Bipolar:<\/span><\/span><\/span><span><span><span>\u00a0\u00a0&lt;59,2 mArms<\/span><\/span><\/span>\n<\/li>\n<li>\n<span><span><span>Monopolar:<\/span><\/span><\/span><span><span><span>\u00a0\u00a0&lt;150 mArms<\/span><\/span><\/span>\n<\/li>\n<li>\n<span><span><span>CEM &#x2122;:<\/span><\/span><\/span><span><span><span>\u00a0\u00a0&lt;150 mArms a &lt;o igual a 50 W.<\/span><\/span><\/span>\n<\/li>\n<\/ul>\n<p><span><span><span>\u00a0 Lecturas de potencia<\/span><\/span><\/span><span><span><span>\u00a0:<\/span><\/span><\/span><span><br \/><\/span><\/p>\n<ul>\n<li><span><span><span>De acuerdo con la potencia real en la carga nominal dentro de \u00b1 15% o 5 vatios, lo que sea mayor.<\/span><\/span><\/span><\/li>\n<\/ul>\n","protected":false},"excerpt":{"rendered":"<p><span>El Valleylab Force FX-C es un generador electroquir\u00fargico.\u00a0<\/span><span>Proporciona al operador la potencia necesaria para cortar, desecar y fulgurar tejido durante los procedimientos electroquir\u00fargicos bipolares y monopolares.\u00a0<\/span><span>Puede usar los controles del auricular o del pedal para activar el generador.\u00a0<\/span><span>Los recept\u00e1culos est\u00e1n marcados para garantizar la correcta conexi\u00f3n de los accesorios.\u00a0<\/span><\/p>\n","protected":false},"featured_media":12274,"template":"","meta":{"_joinchat":[]},"product_brand":[],"product_cat":[213],"product_tag":[],"class_list":{"0":"post-12273","1":"product","2":"type-product","3":"status-publish","4":"has-post-thumbnail","6":"product_cat-concentradores","7":"pa_marca-valleylab","9":"first","10":"instock","11":"purchasable","12":"product-type-simple"},"yoast_head":"<!-- This site is optimized with the Yoast SEO plugin v25.1 - https:\/\/yoast.com\/wordpress\/plugins\/seo\/ -->\n<title>FORCE FXC - GENERADOR - Tu mejor opci\u00f3n Equipo M\u00e9dico M\u00e9xico<\/title>\n<meta name=\"robots\" content=\"index, follow, max-snippet:-1, max-image-preview:large, max-video-preview:-1\" \/>\n<link rel=\"canonical\" href=\"https:\/\/buscoequipomedico.com\/?product=force-fxc-generador\" \/>\n<meta property=\"og:locale\" content=\"es_ES\" \/>\n<meta property=\"og:type\" content=\"article\" \/>\n<meta property=\"og:title\" content=\"FORCE FXC - GENERADOR - Tu mejor opci\u00f3n Equipo M\u00e9dico M\u00e9xico\" \/>\n<meta property=\"og:description\" content=\"El Valleylab Force FX-C es un generador electroquir\u00fargico.\u00a0Proporciona al operador la potencia necesaria para cortar, desecar y fulgurar tejido durante los procedimientos electroquir\u00fargicos bipolares y monopolares.\u00a0Puede usar los controles del auricular o del pedal para activar el generador.\u00a0Los recept\u00e1culos est\u00e1n marcados para garantizar la correcta conexi\u00f3n de los accesorios.\u00a0\" \/>\n<meta property=\"og:url\" content=\"https:\/\/buscoequipomedico.com\/?product=force-fxc-generador\" \/>\n<meta property=\"og:site_name\" content=\"Tu mejor opci\u00f3n Equipo M\u00e9dico M\u00e9xico\" \/>\n<meta property=\"og:image\" content=\"https:\/\/buscoequipomedico.com\/wp-content\/uploads\/2020\/02\/force-fxc-generador-el-valleylab-force-fx-c-es-un-generador-electroquirurgico-proporciona-al-operador-la-potencia-necesaria-para.jpg\" \/>\n\t<meta property=\"og:image:width\" content=\"800\" \/>\n\t<meta property=\"og:image:height\" content=\"800\" \/>\n\t<meta property=\"og:image:type\" content=\"image\/jpeg\" \/>\n<meta name=\"twitter:card\" content=\"summary_large_image\" \/>\n<meta name=\"twitter:label1\" content=\"Tiempo de lectura\" \/>\n\t<meta name=\"twitter:data1\" content=\"2 minutos\" \/>\n<script type=\"application\/ld+json\" class=\"yoast-schema-graph\">{\"@context\":\"https:\/\/schema.org\",\"@graph\":[{\"@type\":\"WebPage\",\"@id\":\"https:\/\/buscoequipomedico.com\/?product=force-fxc-generador\",\"url\":\"https:\/\/buscoequipomedico.com\/?product=force-fxc-generador\",\"name\":\"FORCE FXC - GENERADOR - Tu mejor opci\u00f3n Equipo M\u00e9dico M\u00e9xico\",\"isPartOf\":{\"@id\":\"https:\/\/buscoequipomedico.com\/#website\"},\"primaryImageOfPage\":{\"@id\":\"https:\/\/buscoequipomedico.com\/?product=force-fxc-generador#primaryimage\"},\"image\":{\"@id\":\"https:\/\/buscoequipomedico.com\/?product=force-fxc-generador#primaryimage\"},\"thumbnailUrl\":\"https:\/\/buscoequipomedico.com\/wp-content\/uploads\/2020\/02\/force-fxc-generador-el-valleylab-force-fx-c-es-un-generador-electroquirurgico-proporciona-al-operador-la-potencia-necesaria-para.jpg\",\"datePublished\":\"2020-02-18T07:35:01+00:00\",\"breadcrumb\":{\"@id\":\"https:\/\/buscoequipomedico.com\/?product=force-fxc-generador#breadcrumb\"},\"inLanguage\":\"es\",\"potentialAction\":[{\"@type\":\"ReadAction\",\"target\":[\"https:\/\/buscoequipomedico.com\/?product=force-fxc-generador\"]}]},{\"@type\":\"ImageObject\",\"inLanguage\":\"es\",\"@id\":\"https:\/\/buscoequipomedico.com\/?product=force-fxc-generador#primaryimage\",\"url\":\"https:\/\/buscoequipomedico.com\/wp-content\/uploads\/2020\/02\/force-fxc-generador-el-valleylab-force-fx-c-es-un-generador-electroquirurgico-proporciona-al-operador-la-potencia-necesaria-para.jpg\",\"contentUrl\":\"https:\/\/buscoequipomedico.com\/wp-content\/uploads\/2020\/02\/force-fxc-generador-el-valleylab-force-fx-c-es-un-generador-electroquirurgico-proporciona-al-operador-la-potencia-necesaria-para.jpg\",\"width\":800,\"height\":800},{\"@type\":\"BreadcrumbList\",\"@id\":\"https:\/\/buscoequipomedico.com\/?product=force-fxc-generador#breadcrumb\",\"itemListElement\":[{\"@type\":\"ListItem\",\"position\":1,\"name\":\"Productos\",\"item\":\"https:\/\/buscoequipomedico.com\/shop\/\"},{\"@type\":\"ListItem\",\"position\":2,\"name\":\"FORCE FXC &#8211; GENERADOR\"}]},{\"@type\":\"WebSite\",\"@id\":\"https:\/\/buscoequipomedico.com\/#website\",\"url\":\"https:\/\/buscoequipomedico.com\/\",\"name\":\"Tu mejor opci\u00f3n Equipo M\u00e9dico M\u00e9xico\",\"description\":\"Tienda de equipo m\u00e9dico\",\"publisher\":{\"@id\":\"https:\/\/buscoequipomedico.com\/#organization\"},\"potentialAction\":[{\"@type\":\"SearchAction\",\"target\":{\"@type\":\"EntryPoint\",\"urlTemplate\":\"https:\/\/buscoequipomedico.com\/?s={search_term_string}\"},\"query-input\":{\"@type\":\"PropertyValueSpecification\",\"valueRequired\":true,\"valueName\":\"search_term_string\"}}],\"inLanguage\":\"es\"},{\"@type\":\"Organization\",\"@id\":\"https:\/\/buscoequipomedico.com\/#organization\",\"name\":\"Tu mejor opci\u00f3n Equipo M\u00e9dico M\u00e9xico\",\"url\":\"https:\/\/buscoequipomedico.com\/\",\"logo\":{\"@type\":\"ImageObject\",\"inLanguage\":\"es\",\"@id\":\"https:\/\/buscoequipomedico.com\/#\/schema\/logo\/image\/\",\"url\":\"https:\/\/buscoequipomedico.com\/wp-content\/uploads\/2021\/07\/EMM-VPrincipal-scaled.jpg\",\"contentUrl\":\"https:\/\/buscoequipomedico.com\/wp-content\/uploads\/2021\/07\/EMM-VPrincipal-scaled.jpg\",\"width\":2560,\"height\":1058,\"caption\":\"Tu mejor opci\u00f3n Equipo M\u00e9dico M\u00e9xico\"},\"image\":{\"@id\":\"https:\/\/buscoequipomedico.com\/#\/schema\/logo\/image\/\"}}]}<\/script>\n<!-- \/ Yoast SEO plugin. -->","yoast_head_json":{"title":"FORCE FXC - GENERADOR - Tu mejor opci\u00f3n Equipo M\u00e9dico M\u00e9xico","robots":{"index":"index","follow":"follow","max-snippet":"max-snippet:-1","max-image-preview":"max-image-preview:large","max-video-preview":"max-video-preview:-1"},"canonical":"https:\/\/buscoequipomedico.com\/?product=force-fxc-generador","og_locale":"es_ES","og_type":"article","og_title":"FORCE FXC - GENERADOR - Tu mejor opci\u00f3n Equipo M\u00e9dico M\u00e9xico","og_description":"El Valleylab Force FX-C es un generador electroquir\u00fargico.\u00a0Proporciona al operador la potencia necesaria para cortar, desecar y fulgurar tejido durante los procedimientos electroquir\u00fargicos bipolares y monopolares.\u00a0Puede usar los controles del auricular o del pedal para activar el generador.\u00a0Los recept\u00e1culos est\u00e1n marcados para garantizar la correcta conexi\u00f3n de los accesorios.\u00a0","og_url":"https:\/\/buscoequipomedico.com\/?product=force-fxc-generador","og_site_name":"Tu mejor opci\u00f3n Equipo M\u00e9dico M\u00e9xico","og_image":[{"width":800,"height":800,"url":"https:\/\/buscoequipomedico.com\/wp-content\/uploads\/2020\/02\/force-fxc-generador-el-valleylab-force-fx-c-es-un-generador-electroquirurgico-proporciona-al-operador-la-potencia-necesaria-para.jpg","type":"image\/jpeg"}],"twitter_card":"summary_large_image","twitter_misc":{"Tiempo de lectura":"2 minutos"},"schema":{"@context":"https:\/\/schema.org","@graph":[{"@type":"WebPage","@id":"https:\/\/buscoequipomedico.com\/?product=force-fxc-generador","url":"https:\/\/buscoequipomedico.com\/?product=force-fxc-generador","name":"FORCE FXC - GENERADOR - Tu mejor opci\u00f3n Equipo M\u00e9dico M\u00e9xico","isPartOf":{"@id":"https:\/\/buscoequipomedico.com\/#website"},"primaryImageOfPage":{"@id":"https:\/\/buscoequipomedico.com\/?product=force-fxc-generador#primaryimage"},"image":{"@id":"https:\/\/buscoequipomedico.com\/?product=force-fxc-generador#primaryimage"},"thumbnailUrl":"https:\/\/buscoequipomedico.com\/wp-content\/uploads\/2020\/02\/force-fxc-generador-el-valleylab-force-fx-c-es-un-generador-electroquirurgico-proporciona-al-operador-la-potencia-necesaria-para.jpg","datePublished":"2020-02-18T07:35:01+00:00","breadcrumb":{"@id":"https:\/\/buscoequipomedico.com\/?product=force-fxc-generador#breadcrumb"},"inLanguage":"es","potentialAction":[{"@type":"ReadAction","target":["https:\/\/buscoequipomedico.com\/?product=force-fxc-generador"]}]},{"@type":"ImageObject","inLanguage":"es","@id":"https:\/\/buscoequipomedico.com\/?product=force-fxc-generador#primaryimage","url":"https:\/\/buscoequipomedico.com\/wp-content\/uploads\/2020\/02\/force-fxc-generador-el-valleylab-force-fx-c-es-un-generador-electroquirurgico-proporciona-al-operador-la-potencia-necesaria-para.jpg","contentUrl":"https:\/\/buscoequipomedico.com\/wp-content\/uploads\/2020\/02\/force-fxc-generador-el-valleylab-force-fx-c-es-un-generador-electroquirurgico-proporciona-al-operador-la-potencia-necesaria-para.jpg","width":800,"height":800},{"@type":"BreadcrumbList","@id":"https:\/\/buscoequipomedico.com\/?product=force-fxc-generador#breadcrumb","itemListElement":[{"@type":"ListItem","position":1,"name":"Productos","item":"https:\/\/buscoequipomedico.com\/shop\/"},{"@type":"ListItem","position":2,"name":"FORCE FXC &#8211; GENERADOR"}]},{"@type":"WebSite","@id":"https:\/\/buscoequipomedico.com\/#website","url":"https:\/\/buscoequipomedico.com\/","name":"Tu mejor opci\u00f3n Equipo M\u00e9dico M\u00e9xico","description":"Tienda de equipo m\u00e9dico","publisher":{"@id":"https:\/\/buscoequipomedico.com\/#organization"},"potentialAction":[{"@type":"SearchAction","target":{"@type":"EntryPoint","urlTemplate":"https:\/\/buscoequipomedico.com\/?s={search_term_string}"},"query-input":{"@type":"PropertyValueSpecification","valueRequired":true,"valueName":"search_term_string"}}],"inLanguage":"es"},{"@type":"Organization","@id":"https:\/\/buscoequipomedico.com\/#organization","name":"Tu mejor opci\u00f3n Equipo M\u00e9dico M\u00e9xico","url":"https:\/\/buscoequipomedico.com\/","logo":{"@type":"ImageObject","inLanguage":"es","@id":"https:\/\/buscoequipomedico.com\/#\/schema\/logo\/image\/","url":"https:\/\/buscoequipomedico.com\/wp-content\/uploads\/2021\/07\/EMM-VPrincipal-scaled.jpg","contentUrl":"https:\/\/buscoequipomedico.com\/wp-content\/uploads\/2021\/07\/EMM-VPrincipal-scaled.jpg","width":2560,"height":1058,"caption":"Tu mejor opci\u00f3n Equipo M\u00e9dico M\u00e9xico"},"image":{"@id":"https:\/\/buscoequipomedico.com\/#\/schema\/logo\/image\/"}}]}},"_links":{"self":[{"href":"https:\/\/buscoequipomedico.com\/index.php?rest_route=\/wp\/v2\/product\/12273","targetHints":{"allow":["GET"]}}],"collection":[{"href":"https:\/\/buscoequipomedico.com\/index.php?rest_route=\/wp\/v2\/product"}],"about":[{"href":"https:\/\/buscoequipomedico.com\/index.php?rest_route=\/wp\/v2\/types\/product"}],"wp:featuredmedia":[{"embeddable":true,"href":"https:\/\/buscoequipomedico.com\/index.php?rest_route=\/wp\/v2\/media\/12274"}],"wp:attachment":[{"href":"https:\/\/buscoequipomedico.com\/index.php?rest_route=%2Fwp%2Fv2%2Fmedia&parent=12273"}],"wp:term":[{"taxonomy":"product_brand","embeddable":true,"href":"https:\/\/buscoequipomedico.com\/index.php?rest_route=%2Fwp%2Fv2%2Fproduct_brand&post=12273"},{"taxonomy":"product_cat","embeddable":true,"href":"https:\/\/buscoequipomedico.com\/index.php?rest_route=%2Fwp%2Fv2%2Fproduct_cat&post=12273"},{"taxonomy":"product_tag","embeddable":true,"href":"https:\/\/buscoequipomedico.com\/index.php?rest_route=%2Fwp%2Fv2%2Fproduct_tag&post=12273"}],"curies":[{"name":"wp","href":"https:\/\/api.w.org\/{rel}","templated":true}]}}