{"id":12281,"date":"2020-02-18T07:35:01","date_gmt":"2020-02-18T07:35:01","guid":{"rendered":"https:\/\/equipomedicomexico-com.preview-domain.com\/product\/unidad-de-electrocirugia-de-uso-general\/"},"modified":"2020-02-18T07:35:02","modified_gmt":"2020-02-18T07:35:02","slug":"unidad-de-electrocirugia-de-uso-general","status":"publish","type":"product","link":"https:\/\/buscoequipomedico.com\/?product=unidad-de-electrocirugia-de-uso-general","title":{"rendered":"UNIDAD DE ELECTROCIRUG\u00cdA DE USO GENERAL"},"content":{"rendered":"<h2>Especificaciones del Valleylab Force FX<\/h2>\n<h3>Dimensiones<\/h3>\n<ul>\n<li>Altura: 4,375 \u2033<\/li>\n<li>Anchura: 14 \u2033<\/li>\n<li>Longitud: 17\u2033<\/li>\n<\/ul>\n<h3>Peso<\/h3>\n<ul>\n<li>18 lbs<\/li>\n<\/ul>\n<h3>Requisitos de alimentaci\u00f3n de entrada<\/h3>\n<ul>\n<li>Rango de funcionamiento: 170 \u2013 264.<\/li>\n<li>Corriente m\u00e1xima del VAC: 3.5 a en el corte y 2 a en la coagulaci\u00f3n.<\/li>\n<\/ul>\n<h3>Formas de onda de salida<\/h3>\n<ul>\n<li>Bipolar \u2022 precisa, est\u00e1ndar y macros: 470 kHz sinusoidal<\/li>\n<\/ul>\n<h3>Corte Monopolar<\/h3>\n<ul>\n<li>Baja: 390 kHz sinusoidal. Similar al modo de corte puro, excepto que el voltaje m\u00e1ximo est\u00e1 limitado a un valor m\u00e1s bajo.<\/li>\n<li>Puro 390 kHz sinusoidal. Mezcla: 390 kHz r\u00e1fagas de un sinusoidal, recurrente a intervalos de 27 kHz, 50% sobre ciclo de trabajo.<\/li>\n<\/ul>\n<h3>Coagulaci\u00f3n Monopolar<\/h3>\n<ul>\n<li>Vaporizar: 240 kHz sinusoidal repetida a 39 kHz, 8% ciclo de trabajo.<\/li>\n<li>Fulgurate: 390 kHz amortiguan las explosiones sinusoidales con una frecuencia de repetici\u00f3n de 57 kHz en 300Ohm.<\/li>\n<li>Spray: 390 kHz amortiguados sinusoidales r\u00e1fagas con repetici\u00f3n aleatoria centrada a 28 kHz.<\/li>\n<li>Las frecuencias incluyen 21 kHz &lt; f &lt; kHz.<\/li>\n<li>Una salida es modulada m\u00e1s lejos por un sobre de 250 hertzios al azar con un ciclo de deber variable.<\/li>\n<\/ul>\n<h3>Salida de baja frecuencia<\/h3>\n<ul>\n<li>Corriente de fuente de 50 \u2013 60 Hz., plomos del paciente, todas las salidas atadas juntas.<\/li>\n<li>50 \u2013 60 Hz. corriente de fuente, conductores del paciente, todas las salidas Unidas.<\/li>\n<li>Polaridad normal, suelo de chasis intacto &lt; 10\u03bcA.<\/li>\n<li>Polaridad normal, tierra abierta &lt; 50 \u03bcA. Polaridad inversa, tierra abierta &lt; 50 \u03bcA.<\/li>\n<li>Corriente del fregadero en la l\u00ednea alta, todos los puntos &lt; 50 \u03bcA.<\/li>\n<\/ul>\n<h3>Salida de alta frecuencia<\/h3>\n<ul>\n<li>Bipolar: &lt; 59,2 mArms<\/li>\n<li>Monopolar: &lt; 150 mArms<\/li>\n<li>CEM &#x2122;: &lt; 150 mArms en &lt; o Equal 50 W.<\/li>\n<li>Lecturas de potencia:<br \/>Convenga con la energ\u00eda real en la carga clasificada dentro de \u00b1 15% o de 5 vatios, lo que es mayor.<\/li>\n<\/ul>\n","protected":false},"excerpt":{"rendered":"<p><span>La Force FX es una unidad electroquir\u00fargica digital. La fuerza FXc es una unidad electroquir\u00fargica digital de alta potencia. Ambos generadores cuentan con tecnolog\u00eda de respuesta instant\u00e1nea controlada por computadora dise\u00f1ada para asegurar un efecto cl\u00ednico consistente a trav\u00e9s de todos los tipos de tejido. Puede usar los controles del auricular o del pedal para activar el generador. Los recept\u00e1culos est\u00e1n marcados para asegurar la correcta conexi\u00f3n de los accesorios. Los indicadores le avisan cuando el generador est\u00e1 activado. El Force FX &#x2122; le permite ajustar el volumen del tono de activaci\u00f3n y restablecer el modo y los ajustes de potencia utilizados anteriormente. El Force FX &#x2122; se puede utilizar junto con el sistema de GSU de fuerza Valleylab y el monitor de electroblindaje Valleylab. Consulte los manuales suministrados con estos productos para obtener m\u00e1s informaci\u00f3n.<\/span><\/p>\n","protected":false},"featured_media":12282,"template":"","meta":{"_joinchat":[]},"product_brand":[],"product_cat":[213],"product_tag":[],"class_list":{"0":"post-12281","1":"product","2":"type-product","3":"status-publish","4":"has-post-thumbnail","6":"product_cat-concentradores","7":"pa_marca-valleylab","9":"first","10":"instock","11":"purchasable","12":"product-type-simple"},"yoast_head":"<!-- This site is optimized with the Yoast SEO plugin v25.1 - https:\/\/yoast.com\/wordpress\/plugins\/seo\/ -->\n<title>UNIDAD DE ELECTROCIRUG\u00cdA DE USO GENERAL - Tu mejor opci\u00f3n Equipo M\u00e9dico M\u00e9xico<\/title>\n<meta name=\"robots\" content=\"index, follow, max-snippet:-1, max-image-preview:large, max-video-preview:-1\" \/>\n<link rel=\"canonical\" href=\"https:\/\/buscoequipomedico.com\/?product=unidad-de-electrocirugia-de-uso-general\" \/>\n<meta property=\"og:locale\" content=\"es_ES\" \/>\n<meta property=\"og:type\" content=\"article\" \/>\n<meta property=\"og:title\" content=\"UNIDAD DE ELECTROCIRUG\u00cdA DE USO GENERAL - Tu mejor opci\u00f3n Equipo M\u00e9dico M\u00e9xico\" \/>\n<meta property=\"og:description\" content=\"La Force FX es una unidad electroquir\u00fargica digital. La fuerza FXc es una unidad electroquir\u00fargica digital de alta potencia. Ambos generadores cuentan con tecnolog\u00eda de respuesta instant\u00e1nea controlada por computadora dise\u00f1ada para asegurar un efecto cl\u00ednico consistente a trav\u00e9s de todos los tipos de tejido. Puede usar los controles del auricular o del pedal para activar el generador. Los recept\u00e1culos est\u00e1n marcados para asegurar la correcta conexi\u00f3n de los accesorios. Los indicadores le avisan cuando el generador est\u00e1 activado. El Force FX &#x2122; le permite ajustar el volumen del tono de activaci\u00f3n y restablecer el modo y los ajustes de potencia utilizados anteriormente. El Force FX &#x2122; se puede utilizar junto con el sistema de GSU de fuerza Valleylab y el monitor de electroblindaje Valleylab. Consulte los manuales suministrados con estos productos para obtener m\u00e1s informaci\u00f3n.\" \/>\n<meta property=\"og:url\" content=\"https:\/\/buscoequipomedico.com\/?product=unidad-de-electrocirugia-de-uso-general\" \/>\n<meta property=\"og:site_name\" content=\"Tu mejor opci\u00f3n Equipo M\u00e9dico M\u00e9xico\" \/>\n<meta property=\"article:modified_time\" content=\"2020-02-18T07:35:02+00:00\" \/>\n<meta property=\"og:image\" content=\"https:\/\/buscoequipomedico.com\/wp-content\/uploads\/2020\/02\/unidad-de-electrocirugia-de-uso-general-la-force-fx-es-una-unidad-electroquirurgica-digital-la-fuerza-fxc-es-una-unidad-electroq.jpg\" \/>\n\t<meta property=\"og:image:width\" content=\"800\" \/>\n\t<meta property=\"og:image:height\" content=\"800\" \/>\n\t<meta property=\"og:image:type\" content=\"image\/jpeg\" \/>\n<meta name=\"twitter:card\" content=\"summary_large_image\" \/>\n<meta name=\"twitter:label1\" content=\"Tiempo de lectura\" \/>\n\t<meta name=\"twitter:data1\" content=\"1 minuto\" \/>\n<script type=\"application\/ld+json\" class=\"yoast-schema-graph\">{\"@context\":\"https:\/\/schema.org\",\"@graph\":[{\"@type\":\"WebPage\",\"@id\":\"https:\/\/buscoequipomedico.com\/?product=unidad-de-electrocirugia-de-uso-general\",\"url\":\"https:\/\/buscoequipomedico.com\/?product=unidad-de-electrocirugia-de-uso-general\",\"name\":\"UNIDAD DE ELECTROCIRUG\u00cdA DE USO GENERAL - Tu mejor opci\u00f3n Equipo M\u00e9dico M\u00e9xico\",\"isPartOf\":{\"@id\":\"https:\/\/buscoequipomedico.com\/#website\"},\"primaryImageOfPage\":{\"@id\":\"https:\/\/buscoequipomedico.com\/?product=unidad-de-electrocirugia-de-uso-general#primaryimage\"},\"image\":{\"@id\":\"https:\/\/buscoequipomedico.com\/?product=unidad-de-electrocirugia-de-uso-general#primaryimage\"},\"thumbnailUrl\":\"https:\/\/buscoequipomedico.com\/wp-content\/uploads\/2020\/02\/unidad-de-electrocirugia-de-uso-general-la-force-fx-es-una-unidad-electroquirurgica-digital-la-fuerza-fxc-es-una-unidad-electroq.jpg\",\"datePublished\":\"2020-02-18T07:35:01+00:00\",\"dateModified\":\"2020-02-18T07:35:02+00:00\",\"breadcrumb\":{\"@id\":\"https:\/\/buscoequipomedico.com\/?product=unidad-de-electrocirugia-de-uso-general#breadcrumb\"},\"inLanguage\":\"es\",\"potentialAction\":[{\"@type\":\"ReadAction\",\"target\":[\"https:\/\/buscoequipomedico.com\/?product=unidad-de-electrocirugia-de-uso-general\"]}]},{\"@type\":\"ImageObject\",\"inLanguage\":\"es\",\"@id\":\"https:\/\/buscoequipomedico.com\/?product=unidad-de-electrocirugia-de-uso-general#primaryimage\",\"url\":\"https:\/\/buscoequipomedico.com\/wp-content\/uploads\/2020\/02\/unidad-de-electrocirugia-de-uso-general-la-force-fx-es-una-unidad-electroquirurgica-digital-la-fuerza-fxc-es-una-unidad-electroq.jpg\",\"contentUrl\":\"https:\/\/buscoequipomedico.com\/wp-content\/uploads\/2020\/02\/unidad-de-electrocirugia-de-uso-general-la-force-fx-es-una-unidad-electroquirurgica-digital-la-fuerza-fxc-es-una-unidad-electroq.jpg\",\"width\":800,\"height\":800},{\"@type\":\"BreadcrumbList\",\"@id\":\"https:\/\/buscoequipomedico.com\/?product=unidad-de-electrocirugia-de-uso-general#breadcrumb\",\"itemListElement\":[{\"@type\":\"ListItem\",\"position\":1,\"name\":\"Productos\",\"item\":\"https:\/\/buscoequipomedico.com\/shop\/\"},{\"@type\":\"ListItem\",\"position\":2,\"name\":\"UNIDAD DE ELECTROCIRUG\u00cdA DE USO GENERAL\"}]},{\"@type\":\"WebSite\",\"@id\":\"https:\/\/buscoequipomedico.com\/#website\",\"url\":\"https:\/\/buscoequipomedico.com\/\",\"name\":\"Tu mejor opci\u00f3n Equipo M\u00e9dico M\u00e9xico\",\"description\":\"Tienda de equipo m\u00e9dico\",\"publisher\":{\"@id\":\"https:\/\/buscoequipomedico.com\/#organization\"},\"potentialAction\":[{\"@type\":\"SearchAction\",\"target\":{\"@type\":\"EntryPoint\",\"urlTemplate\":\"https:\/\/buscoequipomedico.com\/?s={search_term_string}\"},\"query-input\":{\"@type\":\"PropertyValueSpecification\",\"valueRequired\":true,\"valueName\":\"search_term_string\"}}],\"inLanguage\":\"es\"},{\"@type\":\"Organization\",\"@id\":\"https:\/\/buscoequipomedico.com\/#organization\",\"name\":\"Tu mejor opci\u00f3n Equipo M\u00e9dico M\u00e9xico\",\"url\":\"https:\/\/buscoequipomedico.com\/\",\"logo\":{\"@type\":\"ImageObject\",\"inLanguage\":\"es\",\"@id\":\"https:\/\/buscoequipomedico.com\/#\/schema\/logo\/image\/\",\"url\":\"https:\/\/buscoequipomedico.com\/wp-content\/uploads\/2021\/07\/EMM-VPrincipal-scaled.jpg\",\"contentUrl\":\"https:\/\/buscoequipomedico.com\/wp-content\/uploads\/2021\/07\/EMM-VPrincipal-scaled.jpg\",\"width\":2560,\"height\":1058,\"caption\":\"Tu mejor opci\u00f3n Equipo M\u00e9dico M\u00e9xico\"},\"image\":{\"@id\":\"https:\/\/buscoequipomedico.com\/#\/schema\/logo\/image\/\"}}]}<\/script>\n<!-- \/ Yoast SEO plugin. -->","yoast_head_json":{"title":"UNIDAD DE ELECTROCIRUG\u00cdA DE USO GENERAL - Tu mejor opci\u00f3n Equipo M\u00e9dico M\u00e9xico","robots":{"index":"index","follow":"follow","max-snippet":"max-snippet:-1","max-image-preview":"max-image-preview:large","max-video-preview":"max-video-preview:-1"},"canonical":"https:\/\/buscoequipomedico.com\/?product=unidad-de-electrocirugia-de-uso-general","og_locale":"es_ES","og_type":"article","og_title":"UNIDAD DE ELECTROCIRUG\u00cdA DE USO GENERAL - Tu mejor opci\u00f3n Equipo M\u00e9dico M\u00e9xico","og_description":"La Force FX es una unidad electroquir\u00fargica digital. La fuerza FXc es una unidad electroquir\u00fargica digital de alta potencia. Ambos generadores cuentan con tecnolog\u00eda de respuesta instant\u00e1nea controlada por computadora dise\u00f1ada para asegurar un efecto cl\u00ednico consistente a trav\u00e9s de todos los tipos de tejido. Puede usar los controles del auricular o del pedal para activar el generador. Los recept\u00e1culos est\u00e1n marcados para asegurar la correcta conexi\u00f3n de los accesorios. Los indicadores le avisan cuando el generador est\u00e1 activado. El Force FX &#x2122; le permite ajustar el volumen del tono de activaci\u00f3n y restablecer el modo y los ajustes de potencia utilizados anteriormente. El Force FX &#x2122; se puede utilizar junto con el sistema de GSU de fuerza Valleylab y el monitor de electroblindaje Valleylab. Consulte los manuales suministrados con estos productos para obtener m\u00e1s informaci\u00f3n.","og_url":"https:\/\/buscoequipomedico.com\/?product=unidad-de-electrocirugia-de-uso-general","og_site_name":"Tu mejor opci\u00f3n Equipo M\u00e9dico M\u00e9xico","article_modified_time":"2020-02-18T07:35:02+00:00","og_image":[{"width":800,"height":800,"url":"https:\/\/buscoequipomedico.com\/wp-content\/uploads\/2020\/02\/unidad-de-electrocirugia-de-uso-general-la-force-fx-es-una-unidad-electroquirurgica-digital-la-fuerza-fxc-es-una-unidad-electroq.jpg","type":"image\/jpeg"}],"twitter_card":"summary_large_image","twitter_misc":{"Tiempo de lectura":"1 minuto"},"schema":{"@context":"https:\/\/schema.org","@graph":[{"@type":"WebPage","@id":"https:\/\/buscoequipomedico.com\/?product=unidad-de-electrocirugia-de-uso-general","url":"https:\/\/buscoequipomedico.com\/?product=unidad-de-electrocirugia-de-uso-general","name":"UNIDAD DE ELECTROCIRUG\u00cdA DE USO GENERAL - Tu mejor opci\u00f3n Equipo M\u00e9dico M\u00e9xico","isPartOf":{"@id":"https:\/\/buscoequipomedico.com\/#website"},"primaryImageOfPage":{"@id":"https:\/\/buscoequipomedico.com\/?product=unidad-de-electrocirugia-de-uso-general#primaryimage"},"image":{"@id":"https:\/\/buscoequipomedico.com\/?product=unidad-de-electrocirugia-de-uso-general#primaryimage"},"thumbnailUrl":"https:\/\/buscoequipomedico.com\/wp-content\/uploads\/2020\/02\/unidad-de-electrocirugia-de-uso-general-la-force-fx-es-una-unidad-electroquirurgica-digital-la-fuerza-fxc-es-una-unidad-electroq.jpg","datePublished":"2020-02-18T07:35:01+00:00","dateModified":"2020-02-18T07:35:02+00:00","breadcrumb":{"@id":"https:\/\/buscoequipomedico.com\/?product=unidad-de-electrocirugia-de-uso-general#breadcrumb"},"inLanguage":"es","potentialAction":[{"@type":"ReadAction","target":["https:\/\/buscoequipomedico.com\/?product=unidad-de-electrocirugia-de-uso-general"]}]},{"@type":"ImageObject","inLanguage":"es","@id":"https:\/\/buscoequipomedico.com\/?product=unidad-de-electrocirugia-de-uso-general#primaryimage","url":"https:\/\/buscoequipomedico.com\/wp-content\/uploads\/2020\/02\/unidad-de-electrocirugia-de-uso-general-la-force-fx-es-una-unidad-electroquirurgica-digital-la-fuerza-fxc-es-una-unidad-electroq.jpg","contentUrl":"https:\/\/buscoequipomedico.com\/wp-content\/uploads\/2020\/02\/unidad-de-electrocirugia-de-uso-general-la-force-fx-es-una-unidad-electroquirurgica-digital-la-fuerza-fxc-es-una-unidad-electroq.jpg","width":800,"height":800},{"@type":"BreadcrumbList","@id":"https:\/\/buscoequipomedico.com\/?product=unidad-de-electrocirugia-de-uso-general#breadcrumb","itemListElement":[{"@type":"ListItem","position":1,"name":"Productos","item":"https:\/\/buscoequipomedico.com\/shop\/"},{"@type":"ListItem","position":2,"name":"UNIDAD DE ELECTROCIRUG\u00cdA DE USO GENERAL"}]},{"@type":"WebSite","@id":"https:\/\/buscoequipomedico.com\/#website","url":"https:\/\/buscoequipomedico.com\/","name":"Tu mejor opci\u00f3n Equipo M\u00e9dico M\u00e9xico","description":"Tienda de equipo m\u00e9dico","publisher":{"@id":"https:\/\/buscoequipomedico.com\/#organization"},"potentialAction":[{"@type":"SearchAction","target":{"@type":"EntryPoint","urlTemplate":"https:\/\/buscoequipomedico.com\/?s={search_term_string}"},"query-input":{"@type":"PropertyValueSpecification","valueRequired":true,"valueName":"search_term_string"}}],"inLanguage":"es"},{"@type":"Organization","@id":"https:\/\/buscoequipomedico.com\/#organization","name":"Tu mejor opci\u00f3n Equipo M\u00e9dico M\u00e9xico","url":"https:\/\/buscoequipomedico.com\/","logo":{"@type":"ImageObject","inLanguage":"es","@id":"https:\/\/buscoequipomedico.com\/#\/schema\/logo\/image\/","url":"https:\/\/buscoequipomedico.com\/wp-content\/uploads\/2021\/07\/EMM-VPrincipal-scaled.jpg","contentUrl":"https:\/\/buscoequipomedico.com\/wp-content\/uploads\/2021\/07\/EMM-VPrincipal-scaled.jpg","width":2560,"height":1058,"caption":"Tu mejor opci\u00f3n Equipo M\u00e9dico M\u00e9xico"},"image":{"@id":"https:\/\/buscoequipomedico.com\/#\/schema\/logo\/image\/"}}]}},"_links":{"self":[{"href":"https:\/\/buscoequipomedico.com\/index.php?rest_route=\/wp\/v2\/product\/12281","targetHints":{"allow":["GET"]}}],"collection":[{"href":"https:\/\/buscoequipomedico.com\/index.php?rest_route=\/wp\/v2\/product"}],"about":[{"href":"https:\/\/buscoequipomedico.com\/index.php?rest_route=\/wp\/v2\/types\/product"}],"wp:featuredmedia":[{"embeddable":true,"href":"https:\/\/buscoequipomedico.com\/index.php?rest_route=\/wp\/v2\/media\/12282"}],"wp:attachment":[{"href":"https:\/\/buscoequipomedico.com\/index.php?rest_route=%2Fwp%2Fv2%2Fmedia&parent=12281"}],"wp:term":[{"taxonomy":"product_brand","embeddable":true,"href":"https:\/\/buscoequipomedico.com\/index.php?rest_route=%2Fwp%2Fv2%2Fproduct_brand&post=12281"},{"taxonomy":"product_cat","embeddable":true,"href":"https:\/\/buscoequipomedico.com\/index.php?rest_route=%2Fwp%2Fv2%2Fproduct_cat&post=12281"},{"taxonomy":"product_tag","embeddable":true,"href":"https:\/\/buscoequipomedico.com\/index.php?rest_route=%2Fwp%2Fv2%2Fproduct_tag&post=12281"}],"curies":[{"name":"wp","href":"https:\/\/api.w.org\/{rel}","templated":true}]}}