{"id":12283,"date":"2020-02-18T07:35:01","date_gmt":"2020-02-18T07:35:01","guid":{"rendered":"https:\/\/equipomedicomexico-com.preview-domain.com\/product\/unidad-de-sellado-de-vasos\/"},"modified":"2020-02-18T07:35:02","modified_gmt":"2020-02-18T07:35:02","slug":"unidad-de-sellado-de-vasos","status":"publish","type":"product","link":"https:\/\/buscoequipomedico.com\/?product=unidad-de-sellado-de-vasos","title":{"rendered":"UNIDAD DE SELLADO DE VASOS"},"content":{"rendered":"<p><span>La plataforma est\u00e1 dise\u00f1ada para procedimientos quir\u00fargicos abiertos y laparosc\u00f3picos e incluye:<\/span><\/p>\n<ul>\n<li><span>Tecnolog\u00eda de detecci\u00f3n TissueFect &#x2122; en todas las modalidades<\/span><\/li>\n<li><span>Tecnolog\u00eda de fusi\u00f3n LigaSure &#x2122; para sellado de vasos<\/span><\/li>\n<\/ul>\n<p><span>Usando el\u00a0<\/span><a href=\"https:\/\/www.medtronic.com\/covidien\/en-us\/support\/software\/valleylab-exchange\/valleylab-ls10-software.html\"><span>sistema de actualizaci\u00f3n de software de intercambio Valleylab &#x2122;<\/span><\/a><span>\u00a0, la unidad se puede actualizar f\u00e1cilmente en el sitio, proporcionando a los cirujanos, enfermeras y pacientes con tecnolog\u00eda actualizada y de vanguardia.\u00a0<\/span><\/p>\n<p><span>Las especialidades que utilizan el generador Valleylab &#x2122; LS10 incluyen:\u00a0<\/span><\/p>\n<ul>\n<li><span>Colorrectal\u00a0<\/span><\/li>\n<li><span>Urolog\u00eda<\/span><\/li>\n<li><span>Cirug\u00eda General<\/span><\/li>\n<li><span>Pl\u00e1stica<\/span><\/li>\n<li><span>Ginecolog\u00eda<\/span><\/li>\n<\/ul>\n","protected":false},"excerpt":{"rendered":"<p><span><span>El nuevo generador electroquir\u00fargico Valleylab &#x2122; LS10\u00a0<\/span><\/span><span><span><span>* le<\/span><\/span><\/span><span><span>\u00a0\u00a0proporciona la energ\u00eda esencial que necesita.\u00a0<\/span><span>Tanto asequible como port\u00e1til, el generador LS10 hace que la pr\u00f3xima generaci\u00f3n de tecnolog\u00eda de sellado de vasos LigaSure &#x2122; sea accesible para clientes de todo el mundo.<\/span><\/span><\/p>\n","protected":false},"featured_media":12284,"template":"","meta":{"_joinchat":[]},"product_brand":[],"product_cat":[213],"product_tag":[],"class_list":{"0":"post-12283","1":"product","2":"type-product","3":"status-publish","4":"has-post-thumbnail","6":"product_cat-concentradores","7":"pa_marca-valleylab","9":"first","10":"instock","11":"purchasable","12":"product-type-simple"},"yoast_head":"<!-- This site is optimized with the Yoast SEO plugin v25.1 - https:\/\/yoast.com\/wordpress\/plugins\/seo\/ -->\n<title>UNIDAD DE SELLADO DE VASOS - Tu mejor opci\u00f3n Equipo M\u00e9dico M\u00e9xico<\/title>\n<meta name=\"robots\" content=\"index, follow, max-snippet:-1, max-image-preview:large, max-video-preview:-1\" \/>\n<link rel=\"canonical\" href=\"https:\/\/buscoequipomedico.com\/?product=unidad-de-sellado-de-vasos\" \/>\n<meta property=\"og:locale\" content=\"es_ES\" \/>\n<meta property=\"og:type\" content=\"article\" \/>\n<meta property=\"og:title\" content=\"UNIDAD DE SELLADO DE VASOS - Tu mejor opci\u00f3n Equipo M\u00e9dico M\u00e9xico\" \/>\n<meta property=\"og:description\" content=\"El nuevo generador electroquir\u00fargico Valleylab &#x2122; LS10\u00a0* le\u00a0\u00a0proporciona la energ\u00eda esencial que necesita.\u00a0Tanto asequible como port\u00e1til, el generador LS10 hace que la pr\u00f3xima generaci\u00f3n de tecnolog\u00eda de sellado de vasos LigaSure &#x2122; sea accesible para clientes de todo el mundo.\" \/>\n<meta property=\"og:url\" content=\"https:\/\/buscoequipomedico.com\/?product=unidad-de-sellado-de-vasos\" \/>\n<meta property=\"og:site_name\" content=\"Tu mejor opci\u00f3n Equipo M\u00e9dico M\u00e9xico\" \/>\n<meta property=\"article:modified_time\" content=\"2020-02-18T07:35:02+00:00\" \/>\n<meta property=\"og:image\" content=\"https:\/\/buscoequipomedico.com\/wp-content\/uploads\/2020\/02\/unidad-de-sellado-de-vasos-el-nuevo-generador-electroquirurgico-valleylab-tm-ls10-le-proporciona-la-energia-esencial-que-necesit.jpg\" \/>\n\t<meta property=\"og:image:width\" content=\"800\" \/>\n\t<meta property=\"og:image:height\" content=\"800\" \/>\n\t<meta property=\"og:image:type\" content=\"image\/jpeg\" \/>\n<meta name=\"twitter:card\" content=\"summary_large_image\" \/>\n<script type=\"application\/ld+json\" class=\"yoast-schema-graph\">{\"@context\":\"https:\/\/schema.org\",\"@graph\":[{\"@type\":\"WebPage\",\"@id\":\"https:\/\/buscoequipomedico.com\/?product=unidad-de-sellado-de-vasos\",\"url\":\"https:\/\/buscoequipomedico.com\/?product=unidad-de-sellado-de-vasos\",\"name\":\"UNIDAD DE SELLADO DE VASOS - Tu mejor opci\u00f3n Equipo M\u00e9dico M\u00e9xico\",\"isPartOf\":{\"@id\":\"https:\/\/buscoequipomedico.com\/#website\"},\"primaryImageOfPage\":{\"@id\":\"https:\/\/buscoequipomedico.com\/?product=unidad-de-sellado-de-vasos#primaryimage\"},\"image\":{\"@id\":\"https:\/\/buscoequipomedico.com\/?product=unidad-de-sellado-de-vasos#primaryimage\"},\"thumbnailUrl\":\"https:\/\/buscoequipomedico.com\/wp-content\/uploads\/2020\/02\/unidad-de-sellado-de-vasos-el-nuevo-generador-electroquirurgico-valleylab-tm-ls10-le-proporciona-la-energia-esencial-que-necesit.jpg\",\"datePublished\":\"2020-02-18T07:35:01+00:00\",\"dateModified\":\"2020-02-18T07:35:02+00:00\",\"breadcrumb\":{\"@id\":\"https:\/\/buscoequipomedico.com\/?product=unidad-de-sellado-de-vasos#breadcrumb\"},\"inLanguage\":\"es\",\"potentialAction\":[{\"@type\":\"ReadAction\",\"target\":[\"https:\/\/buscoequipomedico.com\/?product=unidad-de-sellado-de-vasos\"]}]},{\"@type\":\"ImageObject\",\"inLanguage\":\"es\",\"@id\":\"https:\/\/buscoequipomedico.com\/?product=unidad-de-sellado-de-vasos#primaryimage\",\"url\":\"https:\/\/buscoequipomedico.com\/wp-content\/uploads\/2020\/02\/unidad-de-sellado-de-vasos-el-nuevo-generador-electroquirurgico-valleylab-tm-ls10-le-proporciona-la-energia-esencial-que-necesit.jpg\",\"contentUrl\":\"https:\/\/buscoequipomedico.com\/wp-content\/uploads\/2020\/02\/unidad-de-sellado-de-vasos-el-nuevo-generador-electroquirurgico-valleylab-tm-ls10-le-proporciona-la-energia-esencial-que-necesit.jpg\",\"width\":800,\"height\":800},{\"@type\":\"BreadcrumbList\",\"@id\":\"https:\/\/buscoequipomedico.com\/?product=unidad-de-sellado-de-vasos#breadcrumb\",\"itemListElement\":[{\"@type\":\"ListItem\",\"position\":1,\"name\":\"Productos\",\"item\":\"https:\/\/buscoequipomedico.com\/shop\/\"},{\"@type\":\"ListItem\",\"position\":2,\"name\":\"UNIDAD DE SELLADO DE VASOS\"}]},{\"@type\":\"WebSite\",\"@id\":\"https:\/\/buscoequipomedico.com\/#website\",\"url\":\"https:\/\/buscoequipomedico.com\/\",\"name\":\"Tu mejor opci\u00f3n Equipo M\u00e9dico M\u00e9xico\",\"description\":\"Tienda de equipo m\u00e9dico\",\"publisher\":{\"@id\":\"https:\/\/buscoequipomedico.com\/#organization\"},\"potentialAction\":[{\"@type\":\"SearchAction\",\"target\":{\"@type\":\"EntryPoint\",\"urlTemplate\":\"https:\/\/buscoequipomedico.com\/?s={search_term_string}\"},\"query-input\":{\"@type\":\"PropertyValueSpecification\",\"valueRequired\":true,\"valueName\":\"search_term_string\"}}],\"inLanguage\":\"es\"},{\"@type\":\"Organization\",\"@id\":\"https:\/\/buscoequipomedico.com\/#organization\",\"name\":\"Tu mejor opci\u00f3n Equipo M\u00e9dico M\u00e9xico\",\"url\":\"https:\/\/buscoequipomedico.com\/\",\"logo\":{\"@type\":\"ImageObject\",\"inLanguage\":\"es\",\"@id\":\"https:\/\/buscoequipomedico.com\/#\/schema\/logo\/image\/\",\"url\":\"https:\/\/buscoequipomedico.com\/wp-content\/uploads\/2021\/07\/EMM-VPrincipal-scaled.jpg\",\"contentUrl\":\"https:\/\/buscoequipomedico.com\/wp-content\/uploads\/2021\/07\/EMM-VPrincipal-scaled.jpg\",\"width\":2560,\"height\":1058,\"caption\":\"Tu mejor opci\u00f3n Equipo M\u00e9dico M\u00e9xico\"},\"image\":{\"@id\":\"https:\/\/buscoequipomedico.com\/#\/schema\/logo\/image\/\"}}]}<\/script>\n<!-- \/ Yoast SEO plugin. -->","yoast_head_json":{"title":"UNIDAD DE SELLADO DE VASOS - Tu mejor opci\u00f3n Equipo M\u00e9dico M\u00e9xico","robots":{"index":"index","follow":"follow","max-snippet":"max-snippet:-1","max-image-preview":"max-image-preview:large","max-video-preview":"max-video-preview:-1"},"canonical":"https:\/\/buscoequipomedico.com\/?product=unidad-de-sellado-de-vasos","og_locale":"es_ES","og_type":"article","og_title":"UNIDAD DE SELLADO DE VASOS - Tu mejor opci\u00f3n Equipo M\u00e9dico M\u00e9xico","og_description":"El nuevo generador electroquir\u00fargico Valleylab &#x2122; LS10\u00a0* le\u00a0\u00a0proporciona la energ\u00eda esencial que necesita.\u00a0Tanto asequible como port\u00e1til, el generador LS10 hace que la pr\u00f3xima generaci\u00f3n de tecnolog\u00eda de sellado de vasos LigaSure &#x2122; sea accesible para clientes de todo el mundo.","og_url":"https:\/\/buscoequipomedico.com\/?product=unidad-de-sellado-de-vasos","og_site_name":"Tu mejor opci\u00f3n Equipo M\u00e9dico M\u00e9xico","article_modified_time":"2020-02-18T07:35:02+00:00","og_image":[{"width":800,"height":800,"url":"https:\/\/buscoequipomedico.com\/wp-content\/uploads\/2020\/02\/unidad-de-sellado-de-vasos-el-nuevo-generador-electroquirurgico-valleylab-tm-ls10-le-proporciona-la-energia-esencial-que-necesit.jpg","type":"image\/jpeg"}],"twitter_card":"summary_large_image","schema":{"@context":"https:\/\/schema.org","@graph":[{"@type":"WebPage","@id":"https:\/\/buscoequipomedico.com\/?product=unidad-de-sellado-de-vasos","url":"https:\/\/buscoequipomedico.com\/?product=unidad-de-sellado-de-vasos","name":"UNIDAD DE SELLADO DE VASOS - Tu mejor opci\u00f3n Equipo M\u00e9dico M\u00e9xico","isPartOf":{"@id":"https:\/\/buscoequipomedico.com\/#website"},"primaryImageOfPage":{"@id":"https:\/\/buscoequipomedico.com\/?product=unidad-de-sellado-de-vasos#primaryimage"},"image":{"@id":"https:\/\/buscoequipomedico.com\/?product=unidad-de-sellado-de-vasos#primaryimage"},"thumbnailUrl":"https:\/\/buscoequipomedico.com\/wp-content\/uploads\/2020\/02\/unidad-de-sellado-de-vasos-el-nuevo-generador-electroquirurgico-valleylab-tm-ls10-le-proporciona-la-energia-esencial-que-necesit.jpg","datePublished":"2020-02-18T07:35:01+00:00","dateModified":"2020-02-18T07:35:02+00:00","breadcrumb":{"@id":"https:\/\/buscoequipomedico.com\/?product=unidad-de-sellado-de-vasos#breadcrumb"},"inLanguage":"es","potentialAction":[{"@type":"ReadAction","target":["https:\/\/buscoequipomedico.com\/?product=unidad-de-sellado-de-vasos"]}]},{"@type":"ImageObject","inLanguage":"es","@id":"https:\/\/buscoequipomedico.com\/?product=unidad-de-sellado-de-vasos#primaryimage","url":"https:\/\/buscoequipomedico.com\/wp-content\/uploads\/2020\/02\/unidad-de-sellado-de-vasos-el-nuevo-generador-electroquirurgico-valleylab-tm-ls10-le-proporciona-la-energia-esencial-que-necesit.jpg","contentUrl":"https:\/\/buscoequipomedico.com\/wp-content\/uploads\/2020\/02\/unidad-de-sellado-de-vasos-el-nuevo-generador-electroquirurgico-valleylab-tm-ls10-le-proporciona-la-energia-esencial-que-necesit.jpg","width":800,"height":800},{"@type":"BreadcrumbList","@id":"https:\/\/buscoequipomedico.com\/?product=unidad-de-sellado-de-vasos#breadcrumb","itemListElement":[{"@type":"ListItem","position":1,"name":"Productos","item":"https:\/\/buscoequipomedico.com\/shop\/"},{"@type":"ListItem","position":2,"name":"UNIDAD DE SELLADO DE VASOS"}]},{"@type":"WebSite","@id":"https:\/\/buscoequipomedico.com\/#website","url":"https:\/\/buscoequipomedico.com\/","name":"Tu mejor opci\u00f3n Equipo M\u00e9dico M\u00e9xico","description":"Tienda de equipo m\u00e9dico","publisher":{"@id":"https:\/\/buscoequipomedico.com\/#organization"},"potentialAction":[{"@type":"SearchAction","target":{"@type":"EntryPoint","urlTemplate":"https:\/\/buscoequipomedico.com\/?s={search_term_string}"},"query-input":{"@type":"PropertyValueSpecification","valueRequired":true,"valueName":"search_term_string"}}],"inLanguage":"es"},{"@type":"Organization","@id":"https:\/\/buscoequipomedico.com\/#organization","name":"Tu mejor opci\u00f3n Equipo M\u00e9dico M\u00e9xico","url":"https:\/\/buscoequipomedico.com\/","logo":{"@type":"ImageObject","inLanguage":"es","@id":"https:\/\/buscoequipomedico.com\/#\/schema\/logo\/image\/","url":"https:\/\/buscoequipomedico.com\/wp-content\/uploads\/2021\/07\/EMM-VPrincipal-scaled.jpg","contentUrl":"https:\/\/buscoequipomedico.com\/wp-content\/uploads\/2021\/07\/EMM-VPrincipal-scaled.jpg","width":2560,"height":1058,"caption":"Tu mejor opci\u00f3n Equipo M\u00e9dico M\u00e9xico"},"image":{"@id":"https:\/\/buscoequipomedico.com\/#\/schema\/logo\/image\/"}}]}},"_links":{"self":[{"href":"https:\/\/buscoequipomedico.com\/index.php?rest_route=\/wp\/v2\/product\/12283","targetHints":{"allow":["GET"]}}],"collection":[{"href":"https:\/\/buscoequipomedico.com\/index.php?rest_route=\/wp\/v2\/product"}],"about":[{"href":"https:\/\/buscoequipomedico.com\/index.php?rest_route=\/wp\/v2\/types\/product"}],"wp:featuredmedia":[{"embeddable":true,"href":"https:\/\/buscoequipomedico.com\/index.php?rest_route=\/wp\/v2\/media\/12284"}],"wp:attachment":[{"href":"https:\/\/buscoequipomedico.com\/index.php?rest_route=%2Fwp%2Fv2%2Fmedia&parent=12283"}],"wp:term":[{"taxonomy":"product_brand","embeddable":true,"href":"https:\/\/buscoequipomedico.com\/index.php?rest_route=%2Fwp%2Fv2%2Fproduct_brand&post=12283"},{"taxonomy":"product_cat","embeddable":true,"href":"https:\/\/buscoequipomedico.com\/index.php?rest_route=%2Fwp%2Fv2%2Fproduct_cat&post=12283"},{"taxonomy":"product_tag","embeddable":true,"href":"https:\/\/buscoequipomedico.com\/index.php?rest_route=%2Fwp%2Fv2%2Fproduct_tag&post=12283"}],"curies":[{"name":"wp","href":"https:\/\/api.w.org\/{rel}","templated":true}]}}