{"id":12285,"date":"2020-02-18T07:35:01","date_gmt":"2020-02-18T07:35:01","guid":{"rendered":"https:\/\/equipomedicomexico-com.preview-domain.com\/product\/unidad-de-electrocirugia-y-sellado-de-vasos\/"},"modified":"2020-02-18T07:35:03","modified_gmt":"2020-02-18T07:35:03","slug":"unidad-de-electrocirugia-y-sellado-de-vasos","status":"publish","type":"product","link":"https:\/\/buscoequipomedico.com\/?product=unidad-de-electrocirugia-y-sellado-de-vasos","title":{"rendered":"UNIDAD DE ELECTROCIRUG\u00cdA Y SELLADO DE VASOS"},"content":{"rendered":"<p>\u00a0La plataforma est\u00e1 destinada para su uso en procedimientos quir\u00fargicos abiertos y laparosc\u00f3picos e incluye:<\/p>\n<ul>\n<li>Tecnolog\u00eda de detecci\u00f3n TissueFect&#x2122; en todas sus modalidades<\/li>\n<li>Modo Valleylab&#x2122; para electrocirug\u00eda<\/li>\n<li>Tecnolog\u00eda de fusi\u00f3n LigaSure&#x2122; para sellado de vasos<\/li>\n<\/ul>\n<p>La plataforma de energ\u00eda ForceTriad&#x2122; es la \u00fanica plataforma de energ\u00eda en la industria completa con capacidades de mejora por software de manera remota. Usando el\u00a0Sistema de software Valleylab&#x2122; Exchange, la unidad puede actualizarse f\u00e1cilmente en el sitio, proporcionando a cirujanos, enfermeras y pacientes la tecnolog\u00eda m\u00e1s avanzada y actualizada.<\/p>\n<p>Las especializaciones que utilizan la plataforma de energ\u00eda ForceTriad&#x2122; incluyen:<\/p>\n<table cellpadding=\"0\" cellspacing=\"0\" border=\"0\">\n<tbody>\n<tr>\n<td>\n<ul>\n<li>Colorrectal<\/li>\n<li>Urolog\u00eda<\/li>\n<li>Ortopedia<\/li>\n<\/ul>\n<\/td>\n<td>\n<ul>\n<li>Cirug\u00eda general<\/li>\n<li>Cirug\u00eda pl\u00e1stica<\/li>\n<li>Ginecolog\u00eda<\/li>\n<\/ul>\n<\/td>\n<\/tr>\n<\/tbody>\n<\/table>\n","protected":false},"excerpt":{"rendered":"<p><span>La plataforma de energ\u00eda ForceTriad&#x2122; es un sistema de electrocirug\u00eda completo que proporciona corte y coagulaci\u00f3n electroquir\u00fargicos, funcionalidad bipolar y sellado de vasos en un generador \u00fanico.\u00a0<\/span><\/p>\n","protected":false},"featured_media":12286,"template":"","meta":{"_joinchat":[]},"product_brand":[],"product_cat":[213],"product_tag":[],"class_list":{"0":"post-12285","1":"product","2":"type-product","3":"status-publish","4":"has-post-thumbnail","6":"product_cat-concentradores","7":"pa_marca-valleylab","9":"first","10":"instock","11":"purchasable","12":"product-type-simple"},"yoast_head":"<!-- This site is optimized with the Yoast SEO plugin v25.1 - https:\/\/yoast.com\/wordpress\/plugins\/seo\/ -->\n<title>UNIDAD DE ELECTROCIRUG\u00cdA Y SELLADO DE VASOS - Tu mejor opci\u00f3n Equipo M\u00e9dico M\u00e9xico<\/title>\n<meta name=\"robots\" content=\"index, follow, max-snippet:-1, max-image-preview:large, max-video-preview:-1\" \/>\n<link rel=\"canonical\" href=\"https:\/\/buscoequipomedico.com\/?product=unidad-de-electrocirugia-y-sellado-de-vasos\" \/>\n<meta property=\"og:locale\" content=\"es_ES\" \/>\n<meta property=\"og:type\" content=\"article\" \/>\n<meta property=\"og:title\" content=\"UNIDAD DE ELECTROCIRUG\u00cdA Y SELLADO DE VASOS - Tu mejor opci\u00f3n Equipo M\u00e9dico M\u00e9xico\" \/>\n<meta property=\"og:description\" content=\"La plataforma de energ\u00eda ForceTriad&#x2122; es un sistema de electrocirug\u00eda completo que proporciona corte y coagulaci\u00f3n electroquir\u00fargicos, funcionalidad bipolar y sellado de vasos en un generador \u00fanico.\u00a0\" \/>\n<meta property=\"og:url\" content=\"https:\/\/buscoequipomedico.com\/?product=unidad-de-electrocirugia-y-sellado-de-vasos\" \/>\n<meta property=\"og:site_name\" content=\"Tu mejor opci\u00f3n Equipo M\u00e9dico M\u00e9xico\" \/>\n<meta property=\"article:modified_time\" content=\"2020-02-18T07:35:03+00:00\" \/>\n<meta property=\"og:image\" content=\"https:\/\/buscoequipomedico.com\/wp-content\/uploads\/2020\/02\/unidad-de-electrocirugia-y-sellado-de-vasos-la-plataforma-de-energia-forcetriadtm-es-un-sistema-de-electrocirugia-completo-que-p.jpg\" \/>\n\t<meta property=\"og:image:width\" content=\"800\" \/>\n\t<meta property=\"og:image:height\" content=\"800\" \/>\n\t<meta property=\"og:image:type\" content=\"image\/jpeg\" \/>\n<meta name=\"twitter:card\" content=\"summary_large_image\" \/>\n<meta name=\"twitter:label1\" content=\"Tiempo de lectura\" \/>\n\t<meta name=\"twitter:data1\" content=\"1 minuto\" \/>\n<script type=\"application\/ld+json\" class=\"yoast-schema-graph\">{\"@context\":\"https:\/\/schema.org\",\"@graph\":[{\"@type\":\"WebPage\",\"@id\":\"https:\/\/buscoequipomedico.com\/?product=unidad-de-electrocirugia-y-sellado-de-vasos\",\"url\":\"https:\/\/buscoequipomedico.com\/?product=unidad-de-electrocirugia-y-sellado-de-vasos\",\"name\":\"UNIDAD DE ELECTROCIRUG\u00cdA Y SELLADO DE VASOS - Tu mejor opci\u00f3n Equipo M\u00e9dico M\u00e9xico\",\"isPartOf\":{\"@id\":\"https:\/\/buscoequipomedico.com\/#website\"},\"primaryImageOfPage\":{\"@id\":\"https:\/\/buscoequipomedico.com\/?product=unidad-de-electrocirugia-y-sellado-de-vasos#primaryimage\"},\"image\":{\"@id\":\"https:\/\/buscoequipomedico.com\/?product=unidad-de-electrocirugia-y-sellado-de-vasos#primaryimage\"},\"thumbnailUrl\":\"https:\/\/buscoequipomedico.com\/wp-content\/uploads\/2020\/02\/unidad-de-electrocirugia-y-sellado-de-vasos-la-plataforma-de-energia-forcetriadtm-es-un-sistema-de-electrocirugia-completo-que-p.jpg\",\"datePublished\":\"2020-02-18T07:35:01+00:00\",\"dateModified\":\"2020-02-18T07:35:03+00:00\",\"breadcrumb\":{\"@id\":\"https:\/\/buscoequipomedico.com\/?product=unidad-de-electrocirugia-y-sellado-de-vasos#breadcrumb\"},\"inLanguage\":\"es\",\"potentialAction\":[{\"@type\":\"ReadAction\",\"target\":[\"https:\/\/buscoequipomedico.com\/?product=unidad-de-electrocirugia-y-sellado-de-vasos\"]}]},{\"@type\":\"ImageObject\",\"inLanguage\":\"es\",\"@id\":\"https:\/\/buscoequipomedico.com\/?product=unidad-de-electrocirugia-y-sellado-de-vasos#primaryimage\",\"url\":\"https:\/\/buscoequipomedico.com\/wp-content\/uploads\/2020\/02\/unidad-de-electrocirugia-y-sellado-de-vasos-la-plataforma-de-energia-forcetriadtm-es-un-sistema-de-electrocirugia-completo-que-p.jpg\",\"contentUrl\":\"https:\/\/buscoequipomedico.com\/wp-content\/uploads\/2020\/02\/unidad-de-electrocirugia-y-sellado-de-vasos-la-plataforma-de-energia-forcetriadtm-es-un-sistema-de-electrocirugia-completo-que-p.jpg\",\"width\":800,\"height\":800},{\"@type\":\"BreadcrumbList\",\"@id\":\"https:\/\/buscoequipomedico.com\/?product=unidad-de-electrocirugia-y-sellado-de-vasos#breadcrumb\",\"itemListElement\":[{\"@type\":\"ListItem\",\"position\":1,\"name\":\"Productos\",\"item\":\"https:\/\/buscoequipomedico.com\/shop\/\"},{\"@type\":\"ListItem\",\"position\":2,\"name\":\"UNIDAD DE ELECTROCIRUG\u00cdA Y SELLADO DE VASOS\"}]},{\"@type\":\"WebSite\",\"@id\":\"https:\/\/buscoequipomedico.com\/#website\",\"url\":\"https:\/\/buscoequipomedico.com\/\",\"name\":\"Tu mejor opci\u00f3n Equipo M\u00e9dico M\u00e9xico\",\"description\":\"Tienda de equipo m\u00e9dico\",\"publisher\":{\"@id\":\"https:\/\/buscoequipomedico.com\/#organization\"},\"potentialAction\":[{\"@type\":\"SearchAction\",\"target\":{\"@type\":\"EntryPoint\",\"urlTemplate\":\"https:\/\/buscoequipomedico.com\/?s={search_term_string}\"},\"query-input\":{\"@type\":\"PropertyValueSpecification\",\"valueRequired\":true,\"valueName\":\"search_term_string\"}}],\"inLanguage\":\"es\"},{\"@type\":\"Organization\",\"@id\":\"https:\/\/buscoequipomedico.com\/#organization\",\"name\":\"Tu mejor opci\u00f3n Equipo M\u00e9dico M\u00e9xico\",\"url\":\"https:\/\/buscoequipomedico.com\/\",\"logo\":{\"@type\":\"ImageObject\",\"inLanguage\":\"es\",\"@id\":\"https:\/\/buscoequipomedico.com\/#\/schema\/logo\/image\/\",\"url\":\"https:\/\/buscoequipomedico.com\/wp-content\/uploads\/2021\/07\/EMM-VPrincipal-scaled.jpg\",\"contentUrl\":\"https:\/\/buscoequipomedico.com\/wp-content\/uploads\/2021\/07\/EMM-VPrincipal-scaled.jpg\",\"width\":2560,\"height\":1058,\"caption\":\"Tu mejor opci\u00f3n Equipo M\u00e9dico M\u00e9xico\"},\"image\":{\"@id\":\"https:\/\/buscoequipomedico.com\/#\/schema\/logo\/image\/\"}}]}<\/script>\n<!-- \/ Yoast SEO plugin. -->","yoast_head_json":{"title":"UNIDAD DE ELECTROCIRUG\u00cdA Y SELLADO DE VASOS - Tu mejor opci\u00f3n Equipo M\u00e9dico M\u00e9xico","robots":{"index":"index","follow":"follow","max-snippet":"max-snippet:-1","max-image-preview":"max-image-preview:large","max-video-preview":"max-video-preview:-1"},"canonical":"https:\/\/buscoequipomedico.com\/?product=unidad-de-electrocirugia-y-sellado-de-vasos","og_locale":"es_ES","og_type":"article","og_title":"UNIDAD DE ELECTROCIRUG\u00cdA Y SELLADO DE VASOS - Tu mejor opci\u00f3n Equipo M\u00e9dico M\u00e9xico","og_description":"La plataforma de energ\u00eda ForceTriad&#x2122; es un sistema de electrocirug\u00eda completo que proporciona corte y coagulaci\u00f3n electroquir\u00fargicos, funcionalidad bipolar y sellado de vasos en un generador \u00fanico.\u00a0","og_url":"https:\/\/buscoequipomedico.com\/?product=unidad-de-electrocirugia-y-sellado-de-vasos","og_site_name":"Tu mejor opci\u00f3n Equipo M\u00e9dico M\u00e9xico","article_modified_time":"2020-02-18T07:35:03+00:00","og_image":[{"width":800,"height":800,"url":"https:\/\/buscoequipomedico.com\/wp-content\/uploads\/2020\/02\/unidad-de-electrocirugia-y-sellado-de-vasos-la-plataforma-de-energia-forcetriadtm-es-un-sistema-de-electrocirugia-completo-que-p.jpg","type":"image\/jpeg"}],"twitter_card":"summary_large_image","twitter_misc":{"Tiempo de lectura":"1 minuto"},"schema":{"@context":"https:\/\/schema.org","@graph":[{"@type":"WebPage","@id":"https:\/\/buscoequipomedico.com\/?product=unidad-de-electrocirugia-y-sellado-de-vasos","url":"https:\/\/buscoequipomedico.com\/?product=unidad-de-electrocirugia-y-sellado-de-vasos","name":"UNIDAD DE ELECTROCIRUG\u00cdA Y SELLADO DE VASOS - Tu mejor opci\u00f3n Equipo M\u00e9dico M\u00e9xico","isPartOf":{"@id":"https:\/\/buscoequipomedico.com\/#website"},"primaryImageOfPage":{"@id":"https:\/\/buscoequipomedico.com\/?product=unidad-de-electrocirugia-y-sellado-de-vasos#primaryimage"},"image":{"@id":"https:\/\/buscoequipomedico.com\/?product=unidad-de-electrocirugia-y-sellado-de-vasos#primaryimage"},"thumbnailUrl":"https:\/\/buscoequipomedico.com\/wp-content\/uploads\/2020\/02\/unidad-de-electrocirugia-y-sellado-de-vasos-la-plataforma-de-energia-forcetriadtm-es-un-sistema-de-electrocirugia-completo-que-p.jpg","datePublished":"2020-02-18T07:35:01+00:00","dateModified":"2020-02-18T07:35:03+00:00","breadcrumb":{"@id":"https:\/\/buscoequipomedico.com\/?product=unidad-de-electrocirugia-y-sellado-de-vasos#breadcrumb"},"inLanguage":"es","potentialAction":[{"@type":"ReadAction","target":["https:\/\/buscoequipomedico.com\/?product=unidad-de-electrocirugia-y-sellado-de-vasos"]}]},{"@type":"ImageObject","inLanguage":"es","@id":"https:\/\/buscoequipomedico.com\/?product=unidad-de-electrocirugia-y-sellado-de-vasos#primaryimage","url":"https:\/\/buscoequipomedico.com\/wp-content\/uploads\/2020\/02\/unidad-de-electrocirugia-y-sellado-de-vasos-la-plataforma-de-energia-forcetriadtm-es-un-sistema-de-electrocirugia-completo-que-p.jpg","contentUrl":"https:\/\/buscoequipomedico.com\/wp-content\/uploads\/2020\/02\/unidad-de-electrocirugia-y-sellado-de-vasos-la-plataforma-de-energia-forcetriadtm-es-un-sistema-de-electrocirugia-completo-que-p.jpg","width":800,"height":800},{"@type":"BreadcrumbList","@id":"https:\/\/buscoequipomedico.com\/?product=unidad-de-electrocirugia-y-sellado-de-vasos#breadcrumb","itemListElement":[{"@type":"ListItem","position":1,"name":"Productos","item":"https:\/\/buscoequipomedico.com\/shop\/"},{"@type":"ListItem","position":2,"name":"UNIDAD DE ELECTROCIRUG\u00cdA Y SELLADO DE VASOS"}]},{"@type":"WebSite","@id":"https:\/\/buscoequipomedico.com\/#website","url":"https:\/\/buscoequipomedico.com\/","name":"Tu mejor opci\u00f3n Equipo M\u00e9dico M\u00e9xico","description":"Tienda de equipo m\u00e9dico","publisher":{"@id":"https:\/\/buscoequipomedico.com\/#organization"},"potentialAction":[{"@type":"SearchAction","target":{"@type":"EntryPoint","urlTemplate":"https:\/\/buscoequipomedico.com\/?s={search_term_string}"},"query-input":{"@type":"PropertyValueSpecification","valueRequired":true,"valueName":"search_term_string"}}],"inLanguage":"es"},{"@type":"Organization","@id":"https:\/\/buscoequipomedico.com\/#organization","name":"Tu mejor opci\u00f3n Equipo M\u00e9dico M\u00e9xico","url":"https:\/\/buscoequipomedico.com\/","logo":{"@type":"ImageObject","inLanguage":"es","@id":"https:\/\/buscoequipomedico.com\/#\/schema\/logo\/image\/","url":"https:\/\/buscoequipomedico.com\/wp-content\/uploads\/2021\/07\/EMM-VPrincipal-scaled.jpg","contentUrl":"https:\/\/buscoequipomedico.com\/wp-content\/uploads\/2021\/07\/EMM-VPrincipal-scaled.jpg","width":2560,"height":1058,"caption":"Tu mejor opci\u00f3n Equipo M\u00e9dico M\u00e9xico"},"image":{"@id":"https:\/\/buscoequipomedico.com\/#\/schema\/logo\/image\/"}}]}},"_links":{"self":[{"href":"https:\/\/buscoequipomedico.com\/index.php?rest_route=\/wp\/v2\/product\/12285","targetHints":{"allow":["GET"]}}],"collection":[{"href":"https:\/\/buscoequipomedico.com\/index.php?rest_route=\/wp\/v2\/product"}],"about":[{"href":"https:\/\/buscoequipomedico.com\/index.php?rest_route=\/wp\/v2\/types\/product"}],"wp:featuredmedia":[{"embeddable":true,"href":"https:\/\/buscoequipomedico.com\/index.php?rest_route=\/wp\/v2\/media\/12286"}],"wp:attachment":[{"href":"https:\/\/buscoequipomedico.com\/index.php?rest_route=%2Fwp%2Fv2%2Fmedia&parent=12285"}],"wp:term":[{"taxonomy":"product_brand","embeddable":true,"href":"https:\/\/buscoequipomedico.com\/index.php?rest_route=%2Fwp%2Fv2%2Fproduct_brand&post=12285"},{"taxonomy":"product_cat","embeddable":true,"href":"https:\/\/buscoequipomedico.com\/index.php?rest_route=%2Fwp%2Fv2%2Fproduct_cat&post=12285"},{"taxonomy":"product_tag","embeddable":true,"href":"https:\/\/buscoequipomedico.com\/index.php?rest_route=%2Fwp%2Fv2%2Fproduct_tag&post=12285"}],"curies":[{"name":"wp","href":"https:\/\/api.w.org\/{rel}","templated":true}]}}