{"id":12289,"date":"2020-02-18T07:35:01","date_gmt":"2020-02-18T07:35:01","guid":{"rendered":"https:\/\/equipomedicomexico-com.preview-domain.com\/product\/oximetro-de-pulso-portatil\/"},"modified":"2020-02-18T07:35:03","modified_gmt":"2020-02-18T07:35:03","slug":"oximetro-de-pulso-portatil","status":"publish","type":"product","link":"https:\/\/buscoequipomedico.com\/?product=oximetro-de-pulso-portatil","title":{"rendered":"OX\u00cdMETRO DE PULSO PORT\u00c1TIL"},"content":{"rendered":"<p><span>El sistema port\u00e1til\u00a0<\/span><span><span><span>de<\/span><\/span><\/span><span><span>\u00a0\u00a0monitoreo de pacientes\u00a0<\/span><span>SpO\u00a0<\/span><span><span>2 de<\/span><\/span><span>\u00a0Nellcor &#x2122;\u00a0<\/span><span>, PM10N, es un monitor port\u00e1til conveniente que es ideal para controles puntuales o monitoreo continuo en varios entornos de atenci\u00f3n m\u00e9dica y uso dom\u00e9stico.\u00a0<\/span><span>Su forma ergon\u00f3mica y dise\u00f1o simple lo hacen intuitivo de usar y simple de operar.\u00a0<\/span><span>Siempre que necesite\u00a0<\/span><span>\u00a0mediciones\u00a0<\/span><span>precisas y confiables de SpO\u00a0<\/span><\/span><span><span><span>2<\/span><\/span><\/span><span><span>\u00a0, cuente con el\u00a0<\/span><span>\u00a0ox\u00edmetro de pulso\u00a0<\/span><span>port\u00e1til Spell\u00a0<\/span><\/span><span><span><span>2 de<\/span><\/span><\/span><span><span>\u00a0Nellcor &#x2122;\u00a0<\/span><span>para enfrentar el desaf\u00edo.<\/span><\/span><\/p>\n<p><span><span>El sistema de monitoreo incluye una v\u00edvida pantalla LCD a color de 3 pulgadas y conectividad a herramientas anal\u00edticas y sistemas de gesti\u00f3n de pacientes.\u00a0<\/span><span>Es compatible con toda la l\u00ednea de sensores Nellcor &#x2122; con tecnolog\u00eda OxiMax &#x2122; y ofrece un conjunto robusto de funciones de monitoreo que incluye SpO\u00a0<\/span><\/span><span><span><span>2<\/span><\/span><\/span><span>\u00a0, frecuencia de pulso, gesti\u00f3n de alarmas SatSeconds, forma de onda completa, barra blip e informaci\u00f3n de tendencia tabular.<\/span><\/p>\n<p><span><span>El monitor incorpora la tecnolog\u00eda de procesamiento de se\u00f1al digital Nellcor &#x2122; para ofrecer\u00a0<\/span><span>\u00a0valores de frecuencia de pulso y\u00a0<\/span><span>SpO\u00a0<\/span><\/span><span><span><span>2<\/span><\/span><\/span><span><span>\u00a0precisos y confiables\u00a0<\/span><span>incluso durante una perfusi\u00f3n baja y una interferencia de se\u00f1al, incluido el movimiento del paciente.<\/span><\/span><\/p>\n","protected":false},"excerpt":{"rendered":"<p><span>El sistema port\u00e1til\u00a0<\/span><span><span><span>de<\/span><\/span><\/span><span><span>\u00a0\u00a0monitoreo de pacientes\u00a0<\/span><span>SpO\u00a0<\/span><span><span>2 de<\/span><\/span><span>\u00a0Nellcor &#x2122;\u00a0<\/span><span>, PM10N, es un monitor port\u00e1til conveniente que es ideal para controles puntuales o monitoreo continuo en varios entornos de atenci\u00f3n m\u00e9dica y uso dom\u00e9stico.<\/span><\/span><\/p>\n","protected":false},"featured_media":12290,"template":"","meta":{"_joinchat":[]},"product_brand":[],"product_cat":[213],"product_tag":[],"class_list":{"0":"post-12289","1":"product","2":"type-product","3":"status-publish","4":"has-post-thumbnail","6":"product_cat-concentradores","7":"pa_marca-nellcor","9":"first","10":"instock","11":"purchasable","12":"product-type-simple"},"yoast_head":"<!-- This site is optimized with the Yoast SEO plugin v25.1 - https:\/\/yoast.com\/wordpress\/plugins\/seo\/ -->\n<title>OX\u00cdMETRO DE PULSO PORT\u00c1TIL - Tu mejor opci\u00f3n Equipo M\u00e9dico M\u00e9xico<\/title>\n<meta name=\"robots\" content=\"index, follow, max-snippet:-1, max-image-preview:large, max-video-preview:-1\" \/>\n<link rel=\"canonical\" href=\"https:\/\/buscoequipomedico.com\/?product=oximetro-de-pulso-portatil\" \/>\n<meta property=\"og:locale\" content=\"es_ES\" \/>\n<meta property=\"og:type\" content=\"article\" \/>\n<meta property=\"og:title\" content=\"OX\u00cdMETRO DE PULSO PORT\u00c1TIL - Tu mejor opci\u00f3n Equipo M\u00e9dico M\u00e9xico\" \/>\n<meta property=\"og:description\" content=\"El sistema port\u00e1til\u00a0de\u00a0\u00a0monitoreo de pacientes\u00a0SpO\u00a02 de\u00a0Nellcor &#x2122;\u00a0, PM10N, es un monitor port\u00e1til conveniente que es ideal para controles puntuales o monitoreo continuo en varios entornos de atenci\u00f3n m\u00e9dica y uso dom\u00e9stico.\" \/>\n<meta property=\"og:url\" content=\"https:\/\/buscoequipomedico.com\/?product=oximetro-de-pulso-portatil\" \/>\n<meta property=\"og:site_name\" content=\"Tu mejor opci\u00f3n Equipo M\u00e9dico M\u00e9xico\" \/>\n<meta property=\"article:modified_time\" content=\"2020-02-18T07:35:03+00:00\" \/>\n<meta property=\"og:image\" content=\"https:\/\/buscoequipomedico.com\/wp-content\/uploads\/2020\/02\/oximetro-de-pulso-portatil-el-sistema-portatil-de-monitoreo-de-pacientes-spo-2-de-nellcor-tm-pm10n-es-un-monitor-portatil-conven.jpg\" \/>\n\t<meta property=\"og:image:width\" content=\"800\" \/>\n\t<meta property=\"og:image:height\" content=\"800\" \/>\n\t<meta property=\"og:image:type\" content=\"image\/jpeg\" \/>\n<meta name=\"twitter:card\" content=\"summary_large_image\" \/>\n<meta name=\"twitter:label1\" content=\"Tiempo de lectura\" \/>\n\t<meta name=\"twitter:data1\" content=\"1 minuto\" \/>\n<script type=\"application\/ld+json\" class=\"yoast-schema-graph\">{\"@context\":\"https:\/\/schema.org\",\"@graph\":[{\"@type\":\"WebPage\",\"@id\":\"https:\/\/buscoequipomedico.com\/?product=oximetro-de-pulso-portatil\",\"url\":\"https:\/\/buscoequipomedico.com\/?product=oximetro-de-pulso-portatil\",\"name\":\"OX\u00cdMETRO DE PULSO PORT\u00c1TIL - Tu mejor opci\u00f3n Equipo M\u00e9dico M\u00e9xico\",\"isPartOf\":{\"@id\":\"https:\/\/buscoequipomedico.com\/#website\"},\"primaryImageOfPage\":{\"@id\":\"https:\/\/buscoequipomedico.com\/?product=oximetro-de-pulso-portatil#primaryimage\"},\"image\":{\"@id\":\"https:\/\/buscoequipomedico.com\/?product=oximetro-de-pulso-portatil#primaryimage\"},\"thumbnailUrl\":\"https:\/\/buscoequipomedico.com\/wp-content\/uploads\/2020\/02\/oximetro-de-pulso-portatil-el-sistema-portatil-de-monitoreo-de-pacientes-spo-2-de-nellcor-tm-pm10n-es-un-monitor-portatil-conven.jpg\",\"datePublished\":\"2020-02-18T07:35:01+00:00\",\"dateModified\":\"2020-02-18T07:35:03+00:00\",\"breadcrumb\":{\"@id\":\"https:\/\/buscoequipomedico.com\/?product=oximetro-de-pulso-portatil#breadcrumb\"},\"inLanguage\":\"es\",\"potentialAction\":[{\"@type\":\"ReadAction\",\"target\":[\"https:\/\/buscoequipomedico.com\/?product=oximetro-de-pulso-portatil\"]}]},{\"@type\":\"ImageObject\",\"inLanguage\":\"es\",\"@id\":\"https:\/\/buscoequipomedico.com\/?product=oximetro-de-pulso-portatil#primaryimage\",\"url\":\"https:\/\/buscoequipomedico.com\/wp-content\/uploads\/2020\/02\/oximetro-de-pulso-portatil-el-sistema-portatil-de-monitoreo-de-pacientes-spo-2-de-nellcor-tm-pm10n-es-un-monitor-portatil-conven.jpg\",\"contentUrl\":\"https:\/\/buscoequipomedico.com\/wp-content\/uploads\/2020\/02\/oximetro-de-pulso-portatil-el-sistema-portatil-de-monitoreo-de-pacientes-spo-2-de-nellcor-tm-pm10n-es-un-monitor-portatil-conven.jpg\",\"width\":800,\"height\":800},{\"@type\":\"BreadcrumbList\",\"@id\":\"https:\/\/buscoequipomedico.com\/?product=oximetro-de-pulso-portatil#breadcrumb\",\"itemListElement\":[{\"@type\":\"ListItem\",\"position\":1,\"name\":\"Productos\",\"item\":\"https:\/\/buscoequipomedico.com\/shop\/\"},{\"@type\":\"ListItem\",\"position\":2,\"name\":\"OX\u00cdMETRO DE PULSO PORT\u00c1TIL\"}]},{\"@type\":\"WebSite\",\"@id\":\"https:\/\/buscoequipomedico.com\/#website\",\"url\":\"https:\/\/buscoequipomedico.com\/\",\"name\":\"Tu mejor opci\u00f3n Equipo M\u00e9dico M\u00e9xico\",\"description\":\"Tienda de equipo m\u00e9dico\",\"publisher\":{\"@id\":\"https:\/\/buscoequipomedico.com\/#organization\"},\"potentialAction\":[{\"@type\":\"SearchAction\",\"target\":{\"@type\":\"EntryPoint\",\"urlTemplate\":\"https:\/\/buscoequipomedico.com\/?s={search_term_string}\"},\"query-input\":{\"@type\":\"PropertyValueSpecification\",\"valueRequired\":true,\"valueName\":\"search_term_string\"}}],\"inLanguage\":\"es\"},{\"@type\":\"Organization\",\"@id\":\"https:\/\/buscoequipomedico.com\/#organization\",\"name\":\"Tu mejor opci\u00f3n Equipo M\u00e9dico M\u00e9xico\",\"url\":\"https:\/\/buscoequipomedico.com\/\",\"logo\":{\"@type\":\"ImageObject\",\"inLanguage\":\"es\",\"@id\":\"https:\/\/buscoequipomedico.com\/#\/schema\/logo\/image\/\",\"url\":\"https:\/\/buscoequipomedico.com\/wp-content\/uploads\/2021\/07\/EMM-VPrincipal-scaled.jpg\",\"contentUrl\":\"https:\/\/buscoequipomedico.com\/wp-content\/uploads\/2021\/07\/EMM-VPrincipal-scaled.jpg\",\"width\":2560,\"height\":1058,\"caption\":\"Tu mejor opci\u00f3n Equipo M\u00e9dico M\u00e9xico\"},\"image\":{\"@id\":\"https:\/\/buscoequipomedico.com\/#\/schema\/logo\/image\/\"}}]}<\/script>\n<!-- \/ Yoast SEO plugin. -->","yoast_head_json":{"title":"OX\u00cdMETRO DE PULSO PORT\u00c1TIL - Tu mejor opci\u00f3n Equipo M\u00e9dico M\u00e9xico","robots":{"index":"index","follow":"follow","max-snippet":"max-snippet:-1","max-image-preview":"max-image-preview:large","max-video-preview":"max-video-preview:-1"},"canonical":"https:\/\/buscoequipomedico.com\/?product=oximetro-de-pulso-portatil","og_locale":"es_ES","og_type":"article","og_title":"OX\u00cdMETRO DE PULSO PORT\u00c1TIL - Tu mejor opci\u00f3n Equipo M\u00e9dico M\u00e9xico","og_description":"El sistema port\u00e1til\u00a0de\u00a0\u00a0monitoreo de pacientes\u00a0SpO\u00a02 de\u00a0Nellcor &#x2122;\u00a0, PM10N, es un monitor port\u00e1til conveniente que es ideal para controles puntuales o monitoreo continuo en varios entornos de atenci\u00f3n m\u00e9dica y uso dom\u00e9stico.","og_url":"https:\/\/buscoequipomedico.com\/?product=oximetro-de-pulso-portatil","og_site_name":"Tu mejor opci\u00f3n Equipo M\u00e9dico M\u00e9xico","article_modified_time":"2020-02-18T07:35:03+00:00","og_image":[{"width":800,"height":800,"url":"https:\/\/buscoequipomedico.com\/wp-content\/uploads\/2020\/02\/oximetro-de-pulso-portatil-el-sistema-portatil-de-monitoreo-de-pacientes-spo-2-de-nellcor-tm-pm10n-es-un-monitor-portatil-conven.jpg","type":"image\/jpeg"}],"twitter_card":"summary_large_image","twitter_misc":{"Tiempo de lectura":"1 minuto"},"schema":{"@context":"https:\/\/schema.org","@graph":[{"@type":"WebPage","@id":"https:\/\/buscoequipomedico.com\/?product=oximetro-de-pulso-portatil","url":"https:\/\/buscoequipomedico.com\/?product=oximetro-de-pulso-portatil","name":"OX\u00cdMETRO DE PULSO PORT\u00c1TIL - Tu mejor opci\u00f3n Equipo M\u00e9dico M\u00e9xico","isPartOf":{"@id":"https:\/\/buscoequipomedico.com\/#website"},"primaryImageOfPage":{"@id":"https:\/\/buscoequipomedico.com\/?product=oximetro-de-pulso-portatil#primaryimage"},"image":{"@id":"https:\/\/buscoequipomedico.com\/?product=oximetro-de-pulso-portatil#primaryimage"},"thumbnailUrl":"https:\/\/buscoequipomedico.com\/wp-content\/uploads\/2020\/02\/oximetro-de-pulso-portatil-el-sistema-portatil-de-monitoreo-de-pacientes-spo-2-de-nellcor-tm-pm10n-es-un-monitor-portatil-conven.jpg","datePublished":"2020-02-18T07:35:01+00:00","dateModified":"2020-02-18T07:35:03+00:00","breadcrumb":{"@id":"https:\/\/buscoequipomedico.com\/?product=oximetro-de-pulso-portatil#breadcrumb"},"inLanguage":"es","potentialAction":[{"@type":"ReadAction","target":["https:\/\/buscoequipomedico.com\/?product=oximetro-de-pulso-portatil"]}]},{"@type":"ImageObject","inLanguage":"es","@id":"https:\/\/buscoequipomedico.com\/?product=oximetro-de-pulso-portatil#primaryimage","url":"https:\/\/buscoequipomedico.com\/wp-content\/uploads\/2020\/02\/oximetro-de-pulso-portatil-el-sistema-portatil-de-monitoreo-de-pacientes-spo-2-de-nellcor-tm-pm10n-es-un-monitor-portatil-conven.jpg","contentUrl":"https:\/\/buscoequipomedico.com\/wp-content\/uploads\/2020\/02\/oximetro-de-pulso-portatil-el-sistema-portatil-de-monitoreo-de-pacientes-spo-2-de-nellcor-tm-pm10n-es-un-monitor-portatil-conven.jpg","width":800,"height":800},{"@type":"BreadcrumbList","@id":"https:\/\/buscoequipomedico.com\/?product=oximetro-de-pulso-portatil#breadcrumb","itemListElement":[{"@type":"ListItem","position":1,"name":"Productos","item":"https:\/\/buscoequipomedico.com\/shop\/"},{"@type":"ListItem","position":2,"name":"OX\u00cdMETRO DE PULSO PORT\u00c1TIL"}]},{"@type":"WebSite","@id":"https:\/\/buscoequipomedico.com\/#website","url":"https:\/\/buscoequipomedico.com\/","name":"Tu mejor opci\u00f3n Equipo M\u00e9dico M\u00e9xico","description":"Tienda de equipo m\u00e9dico","publisher":{"@id":"https:\/\/buscoequipomedico.com\/#organization"},"potentialAction":[{"@type":"SearchAction","target":{"@type":"EntryPoint","urlTemplate":"https:\/\/buscoequipomedico.com\/?s={search_term_string}"},"query-input":{"@type":"PropertyValueSpecification","valueRequired":true,"valueName":"search_term_string"}}],"inLanguage":"es"},{"@type":"Organization","@id":"https:\/\/buscoequipomedico.com\/#organization","name":"Tu mejor opci\u00f3n Equipo M\u00e9dico M\u00e9xico","url":"https:\/\/buscoequipomedico.com\/","logo":{"@type":"ImageObject","inLanguage":"es","@id":"https:\/\/buscoequipomedico.com\/#\/schema\/logo\/image\/","url":"https:\/\/buscoequipomedico.com\/wp-content\/uploads\/2021\/07\/EMM-VPrincipal-scaled.jpg","contentUrl":"https:\/\/buscoequipomedico.com\/wp-content\/uploads\/2021\/07\/EMM-VPrincipal-scaled.jpg","width":2560,"height":1058,"caption":"Tu mejor opci\u00f3n Equipo M\u00e9dico M\u00e9xico"},"image":{"@id":"https:\/\/buscoequipomedico.com\/#\/schema\/logo\/image\/"}}]}},"_links":{"self":[{"href":"https:\/\/buscoequipomedico.com\/index.php?rest_route=\/wp\/v2\/product\/12289","targetHints":{"allow":["GET"]}}],"collection":[{"href":"https:\/\/buscoequipomedico.com\/index.php?rest_route=\/wp\/v2\/product"}],"about":[{"href":"https:\/\/buscoequipomedico.com\/index.php?rest_route=\/wp\/v2\/types\/product"}],"wp:featuredmedia":[{"embeddable":true,"href":"https:\/\/buscoequipomedico.com\/index.php?rest_route=\/wp\/v2\/media\/12290"}],"wp:attachment":[{"href":"https:\/\/buscoequipomedico.com\/index.php?rest_route=%2Fwp%2Fv2%2Fmedia&parent=12289"}],"wp:term":[{"taxonomy":"product_brand","embeddable":true,"href":"https:\/\/buscoequipomedico.com\/index.php?rest_route=%2Fwp%2Fv2%2Fproduct_brand&post=12289"},{"taxonomy":"product_cat","embeddable":true,"href":"https:\/\/buscoequipomedico.com\/index.php?rest_route=%2Fwp%2Fv2%2Fproduct_cat&post=12289"},{"taxonomy":"product_tag","embeddable":true,"href":"https:\/\/buscoequipomedico.com\/index.php?rest_route=%2Fwp%2Fv2%2Fproduct_tag&post=12289"}],"curies":[{"name":"wp","href":"https:\/\/api.w.org\/{rel}","templated":true}]}}