{"id":12291,"date":"2020-02-18T07:35:01","date_gmt":"2020-02-18T07:35:01","guid":{"rendered":"https:\/\/equipomedicomexico-com.preview-domain.com\/product\/oximetro-de-cabecera\/"},"modified":"2020-02-18T07:35:03","modified_gmt":"2020-02-18T07:35:03","slug":"oximetro-de-cabecera","status":"publish","type":"product","link":"https:\/\/buscoequipomedico.com\/?product=oximetro-de-cabecera","title":{"rendered":"OX\u00cdMETRO DE CABECERA"},"content":{"rendered":"<p><span>CARACTERISTICAS:<\/span><br \/><span>RANGO DE MEDICION: SpO2: 1% a 100%<\/span><br \/><span>a frecuencia del pulso: 20 a 250 latidos por minuto (lpm)<\/span><br \/><span>La amplitud de pulso: 0,03% a 20%<\/span><br \/><span>Exactitud Saturaci\u00f3n (% SpO2 \u00b1 1 SD)<\/span><br \/><span>Adulto: 70% a 100% \u00b1 2 d\u00edgitos<\/span><br \/><span>Neonato: 70% a 100% \u00b1 3 d\u00edgitos<\/span><br \/><span>Low de perfusi\u00f3n: 70% a 100% \u00b1 2 d\u00edgitos<\/span><br \/><span>La frecuencia del pulso: 20 a 250 lpm \u00b1 3 d\u00edgitos<\/span><br \/><span>Baja perfusi\u00f3n: 20 a 250 lpm \u00b1 3 d\u00edgitos<\/span><br \/><span>CAPACIDAD DE LA BATERIA: M\u00cdNIMO DE 5 HORAS USANDO BATER\u00cdA NUEVA, COMPLETAMENTE CARGADA<\/span><br \/><span>PESO: 1,6 KG<\/span><br \/><span>MEDIDAS: 82 X 25.5 MM X 165 MM)<\/span><\/p>\n","protected":false},"excerpt":{"rendered":"<p>CARACTERISTICAS:RANGO DE MEDICION: SpO2: 1% a 100%a frecuencia del pulso: 20 a 250 latidos por minuto (lpm)La amplitud de pulso: 0,03% a 20%Exactitud Saturaci\u00f3n (% SpO2 \u00b1 1 SD)Adulto: 70% a 100% \u00b1 2 d\u00edgitosNeonato: 70% a 100% \u00b1 3 d\u00edgitosLow de perfusi\u00f3n: 70% a 100% \u00b1 2 d\u00edgitosLa frecuencia del pulso: 20 a 250 [&hellip;]<\/p>\n","protected":false},"featured_media":12292,"template":"","meta":{"_joinchat":[]},"product_brand":[],"product_cat":[213],"product_tag":[],"class_list":{"0":"post-12291","1":"product","2":"type-product","3":"status-publish","4":"has-post-thumbnail","6":"product_cat-concentradores","7":"pa_marca-nellcor","9":"first","10":"instock","11":"purchasable","12":"product-type-simple"},"yoast_head":"<!-- This site is optimized with the Yoast SEO plugin v25.1 - https:\/\/yoast.com\/wordpress\/plugins\/seo\/ -->\n<title>OX\u00cdMETRO DE CABECERA - Tu mejor opci\u00f3n Equipo M\u00e9dico M\u00e9xico<\/title>\n<meta name=\"robots\" content=\"index, follow, max-snippet:-1, max-image-preview:large, max-video-preview:-1\" \/>\n<link rel=\"canonical\" href=\"https:\/\/buscoequipomedico.com\/?product=oximetro-de-cabecera\" \/>\n<meta property=\"og:locale\" content=\"es_ES\" \/>\n<meta property=\"og:type\" content=\"article\" \/>\n<meta property=\"og:title\" content=\"OX\u00cdMETRO DE CABECERA - Tu mejor opci\u00f3n Equipo M\u00e9dico M\u00e9xico\" \/>\n<meta property=\"og:description\" content=\"CARACTERISTICAS:RANGO DE MEDICION: SpO2: 1% a 100%a frecuencia del pulso: 20 a 250 latidos por minuto (lpm)La amplitud de pulso: 0,03% a 20%Exactitud Saturaci\u00f3n (% SpO2 \u00b1 1 SD)Adulto: 70% a 100% \u00b1 2 d\u00edgitosNeonato: 70% a 100% \u00b1 3 d\u00edgitosLow de perfusi\u00f3n: 70% a 100% \u00b1 2 d\u00edgitosLa frecuencia del pulso: 20 a 250 [&hellip;]\" \/>\n<meta property=\"og:url\" content=\"https:\/\/buscoequipomedico.com\/?product=oximetro-de-cabecera\" \/>\n<meta property=\"og:site_name\" content=\"Tu mejor opci\u00f3n Equipo M\u00e9dico M\u00e9xico\" \/>\n<meta property=\"article:modified_time\" content=\"2020-02-18T07:35:03+00:00\" \/>\n<meta property=\"og:image\" content=\"https:\/\/buscoequipomedico.com\/wp-content\/uploads\/2020\/02\/oximetro-de-cabecera.jpg\" \/>\n\t<meta property=\"og:image:width\" content=\"800\" \/>\n\t<meta property=\"og:image:height\" content=\"800\" \/>\n\t<meta property=\"og:image:type\" content=\"image\/jpeg\" \/>\n<meta name=\"twitter:card\" content=\"summary_large_image\" \/>\n<script type=\"application\/ld+json\" class=\"yoast-schema-graph\">{\"@context\":\"https:\/\/schema.org\",\"@graph\":[{\"@type\":\"WebPage\",\"@id\":\"https:\/\/buscoequipomedico.com\/?product=oximetro-de-cabecera\",\"url\":\"https:\/\/buscoequipomedico.com\/?product=oximetro-de-cabecera\",\"name\":\"OX\u00cdMETRO DE CABECERA - Tu mejor opci\u00f3n Equipo M\u00e9dico M\u00e9xico\",\"isPartOf\":{\"@id\":\"https:\/\/buscoequipomedico.com\/#website\"},\"primaryImageOfPage\":{\"@id\":\"https:\/\/buscoequipomedico.com\/?product=oximetro-de-cabecera#primaryimage\"},\"image\":{\"@id\":\"https:\/\/buscoequipomedico.com\/?product=oximetro-de-cabecera#primaryimage\"},\"thumbnailUrl\":\"https:\/\/buscoequipomedico.com\/wp-content\/uploads\/2020\/02\/oximetro-de-cabecera.jpg\",\"datePublished\":\"2020-02-18T07:35:01+00:00\",\"dateModified\":\"2020-02-18T07:35:03+00:00\",\"breadcrumb\":{\"@id\":\"https:\/\/buscoequipomedico.com\/?product=oximetro-de-cabecera#breadcrumb\"},\"inLanguage\":\"es\",\"potentialAction\":[{\"@type\":\"ReadAction\",\"target\":[\"https:\/\/buscoequipomedico.com\/?product=oximetro-de-cabecera\"]}]},{\"@type\":\"ImageObject\",\"inLanguage\":\"es\",\"@id\":\"https:\/\/buscoequipomedico.com\/?product=oximetro-de-cabecera#primaryimage\",\"url\":\"https:\/\/buscoequipomedico.com\/wp-content\/uploads\/2020\/02\/oximetro-de-cabecera.jpg\",\"contentUrl\":\"https:\/\/buscoequipomedico.com\/wp-content\/uploads\/2020\/02\/oximetro-de-cabecera.jpg\",\"width\":800,\"height\":800},{\"@type\":\"BreadcrumbList\",\"@id\":\"https:\/\/buscoequipomedico.com\/?product=oximetro-de-cabecera#breadcrumb\",\"itemListElement\":[{\"@type\":\"ListItem\",\"position\":1,\"name\":\"Productos\",\"item\":\"https:\/\/buscoequipomedico.com\/shop\/\"},{\"@type\":\"ListItem\",\"position\":2,\"name\":\"OX\u00cdMETRO DE CABECERA\"}]},{\"@type\":\"WebSite\",\"@id\":\"https:\/\/buscoequipomedico.com\/#website\",\"url\":\"https:\/\/buscoequipomedico.com\/\",\"name\":\"Tu mejor opci\u00f3n Equipo M\u00e9dico M\u00e9xico\",\"description\":\"Tienda de equipo m\u00e9dico\",\"publisher\":{\"@id\":\"https:\/\/buscoequipomedico.com\/#organization\"},\"potentialAction\":[{\"@type\":\"SearchAction\",\"target\":{\"@type\":\"EntryPoint\",\"urlTemplate\":\"https:\/\/buscoequipomedico.com\/?s={search_term_string}\"},\"query-input\":{\"@type\":\"PropertyValueSpecification\",\"valueRequired\":true,\"valueName\":\"search_term_string\"}}],\"inLanguage\":\"es\"},{\"@type\":\"Organization\",\"@id\":\"https:\/\/buscoequipomedico.com\/#organization\",\"name\":\"Tu mejor opci\u00f3n Equipo M\u00e9dico M\u00e9xico\",\"url\":\"https:\/\/buscoequipomedico.com\/\",\"logo\":{\"@type\":\"ImageObject\",\"inLanguage\":\"es\",\"@id\":\"https:\/\/buscoequipomedico.com\/#\/schema\/logo\/image\/\",\"url\":\"https:\/\/buscoequipomedico.com\/wp-content\/uploads\/2021\/07\/EMM-VPrincipal-scaled.jpg\",\"contentUrl\":\"https:\/\/buscoequipomedico.com\/wp-content\/uploads\/2021\/07\/EMM-VPrincipal-scaled.jpg\",\"width\":2560,\"height\":1058,\"caption\":\"Tu mejor opci\u00f3n Equipo M\u00e9dico M\u00e9xico\"},\"image\":{\"@id\":\"https:\/\/buscoequipomedico.com\/#\/schema\/logo\/image\/\"}}]}<\/script>\n<!-- \/ Yoast SEO plugin. -->","yoast_head_json":{"title":"OX\u00cdMETRO DE CABECERA - Tu mejor opci\u00f3n Equipo M\u00e9dico M\u00e9xico","robots":{"index":"index","follow":"follow","max-snippet":"max-snippet:-1","max-image-preview":"max-image-preview:large","max-video-preview":"max-video-preview:-1"},"canonical":"https:\/\/buscoequipomedico.com\/?product=oximetro-de-cabecera","og_locale":"es_ES","og_type":"article","og_title":"OX\u00cdMETRO DE CABECERA - Tu mejor opci\u00f3n Equipo M\u00e9dico M\u00e9xico","og_description":"CARACTERISTICAS:RANGO DE MEDICION: SpO2: 1% a 100%a frecuencia del pulso: 20 a 250 latidos por minuto (lpm)La amplitud de pulso: 0,03% a 20%Exactitud Saturaci\u00f3n (% SpO2 \u00b1 1 SD)Adulto: 70% a 100% \u00b1 2 d\u00edgitosNeonato: 70% a 100% \u00b1 3 d\u00edgitosLow de perfusi\u00f3n: 70% a 100% \u00b1 2 d\u00edgitosLa frecuencia del pulso: 20 a 250 [&hellip;]","og_url":"https:\/\/buscoequipomedico.com\/?product=oximetro-de-cabecera","og_site_name":"Tu mejor opci\u00f3n Equipo M\u00e9dico M\u00e9xico","article_modified_time":"2020-02-18T07:35:03+00:00","og_image":[{"width":800,"height":800,"url":"https:\/\/buscoequipomedico.com\/wp-content\/uploads\/2020\/02\/oximetro-de-cabecera.jpg","type":"image\/jpeg"}],"twitter_card":"summary_large_image","schema":{"@context":"https:\/\/schema.org","@graph":[{"@type":"WebPage","@id":"https:\/\/buscoequipomedico.com\/?product=oximetro-de-cabecera","url":"https:\/\/buscoequipomedico.com\/?product=oximetro-de-cabecera","name":"OX\u00cdMETRO DE CABECERA - Tu mejor opci\u00f3n Equipo M\u00e9dico M\u00e9xico","isPartOf":{"@id":"https:\/\/buscoequipomedico.com\/#website"},"primaryImageOfPage":{"@id":"https:\/\/buscoequipomedico.com\/?product=oximetro-de-cabecera#primaryimage"},"image":{"@id":"https:\/\/buscoequipomedico.com\/?product=oximetro-de-cabecera#primaryimage"},"thumbnailUrl":"https:\/\/buscoequipomedico.com\/wp-content\/uploads\/2020\/02\/oximetro-de-cabecera.jpg","datePublished":"2020-02-18T07:35:01+00:00","dateModified":"2020-02-18T07:35:03+00:00","breadcrumb":{"@id":"https:\/\/buscoequipomedico.com\/?product=oximetro-de-cabecera#breadcrumb"},"inLanguage":"es","potentialAction":[{"@type":"ReadAction","target":["https:\/\/buscoequipomedico.com\/?product=oximetro-de-cabecera"]}]},{"@type":"ImageObject","inLanguage":"es","@id":"https:\/\/buscoequipomedico.com\/?product=oximetro-de-cabecera#primaryimage","url":"https:\/\/buscoequipomedico.com\/wp-content\/uploads\/2020\/02\/oximetro-de-cabecera.jpg","contentUrl":"https:\/\/buscoequipomedico.com\/wp-content\/uploads\/2020\/02\/oximetro-de-cabecera.jpg","width":800,"height":800},{"@type":"BreadcrumbList","@id":"https:\/\/buscoequipomedico.com\/?product=oximetro-de-cabecera#breadcrumb","itemListElement":[{"@type":"ListItem","position":1,"name":"Productos","item":"https:\/\/buscoequipomedico.com\/shop\/"},{"@type":"ListItem","position":2,"name":"OX\u00cdMETRO DE CABECERA"}]},{"@type":"WebSite","@id":"https:\/\/buscoequipomedico.com\/#website","url":"https:\/\/buscoequipomedico.com\/","name":"Tu mejor opci\u00f3n Equipo M\u00e9dico M\u00e9xico","description":"Tienda de equipo m\u00e9dico","publisher":{"@id":"https:\/\/buscoequipomedico.com\/#organization"},"potentialAction":[{"@type":"SearchAction","target":{"@type":"EntryPoint","urlTemplate":"https:\/\/buscoequipomedico.com\/?s={search_term_string}"},"query-input":{"@type":"PropertyValueSpecification","valueRequired":true,"valueName":"search_term_string"}}],"inLanguage":"es"},{"@type":"Organization","@id":"https:\/\/buscoequipomedico.com\/#organization","name":"Tu mejor opci\u00f3n Equipo M\u00e9dico M\u00e9xico","url":"https:\/\/buscoequipomedico.com\/","logo":{"@type":"ImageObject","inLanguage":"es","@id":"https:\/\/buscoequipomedico.com\/#\/schema\/logo\/image\/","url":"https:\/\/buscoequipomedico.com\/wp-content\/uploads\/2021\/07\/EMM-VPrincipal-scaled.jpg","contentUrl":"https:\/\/buscoequipomedico.com\/wp-content\/uploads\/2021\/07\/EMM-VPrincipal-scaled.jpg","width":2560,"height":1058,"caption":"Tu mejor opci\u00f3n Equipo M\u00e9dico M\u00e9xico"},"image":{"@id":"https:\/\/buscoequipomedico.com\/#\/schema\/logo\/image\/"}}]}},"_links":{"self":[{"href":"https:\/\/buscoequipomedico.com\/index.php?rest_route=\/wp\/v2\/product\/12291","targetHints":{"allow":["GET"]}}],"collection":[{"href":"https:\/\/buscoequipomedico.com\/index.php?rest_route=\/wp\/v2\/product"}],"about":[{"href":"https:\/\/buscoequipomedico.com\/index.php?rest_route=\/wp\/v2\/types\/product"}],"wp:featuredmedia":[{"embeddable":true,"href":"https:\/\/buscoequipomedico.com\/index.php?rest_route=\/wp\/v2\/media\/12292"}],"wp:attachment":[{"href":"https:\/\/buscoequipomedico.com\/index.php?rest_route=%2Fwp%2Fv2%2Fmedia&parent=12291"}],"wp:term":[{"taxonomy":"product_brand","embeddable":true,"href":"https:\/\/buscoequipomedico.com\/index.php?rest_route=%2Fwp%2Fv2%2Fproduct_brand&post=12291"},{"taxonomy":"product_cat","embeddable":true,"href":"https:\/\/buscoequipomedico.com\/index.php?rest_route=%2Fwp%2Fv2%2Fproduct_cat&post=12291"},{"taxonomy":"product_tag","embeddable":true,"href":"https:\/\/buscoequipomedico.com\/index.php?rest_route=%2Fwp%2Fv2%2Fproduct_tag&post=12291"}],"curies":[{"name":"wp","href":"https:\/\/api.w.org\/{rel}","templated":true}]}}