{"id":12303,"date":"2020-02-18T07:35:01","date_gmt":"2020-02-18T07:35:01","guid":{"rendered":"https:\/\/equipomedicomexico-com.preview-domain.com\/product\/unidad-de-anestesia-para-alte-especialidad\/"},"modified":"2020-02-18T07:35:05","modified_gmt":"2020-02-18T07:35:05","slug":"unidad-de-anestesia-para-alte-especialidad","status":"publish","type":"product","link":"https:\/\/buscoequipomedico.com\/?product=unidad-de-anestesia-para-alte-especialidad","title":{"rendered":"UNIDAD DE ANESTESIA PARA ALTE ESPECIALIDAD"},"content":{"rendered":"<p>El IntelliSave AX700 est\u00e1 listo para crecer con sus necesidades personales y avances<\/p>\n<p>en la pr\u00e1ctica de la anestesia. Agregue modos de ventilaci\u00f3n avanzados, como el<\/p>\n<p>objetivo de volumen regulado por presi\u00f3n (PRVT, por sus siglas en ingl\u00e9s), * o soporte<\/p>\n<p>especial para escenarios de m\u00e1quina neonatal o cardiopulmonar (HLM).<\/p>\n<p>Todo lo que necesitas en uno. El IntelliSave AX700 proporciona una gran funcionalidad de<\/p>\n<p>serie, como el sistema de eliminaci\u00f3n de gases anest\u00e9sicos (AGSS) para la evacuaci\u00f3n<\/p>\n<p>de gases. Esto elimina la necesidad de tener sistemas separados al lado o detr\u00e1s de la<\/p>\n<p>m\u00e1quina. Tambi\u00e9n tiene interfaces de montaje para monitores de pacientes y un<\/p>\n<p>sistema de administraci\u00f3n de informaci\u00f3n de anestesia.<\/p>\n<p>Montaje r\u00e1pido. Olv\u00eddese de las conexiones de m\u00faltiples tubos que requieren mucho<\/p>\n<p>tiempo entre la m\u00e1quina de anestesia, el sistema de respiraci\u00f3n y el paciente. Nuestro<\/p>\n<p>sistema de respiraci\u00f3n verticalmente integrado (IBS) combina un fuelle ascendente, un<\/p>\n<p>sistema de respiraci\u00f3n y un absorbente de CO2 en una unidad compacta. Eso significa<\/p>\n<p>que no hay tuber\u00eda entre el SII y la m\u00e1quina. El dise\u00f1o vertical hace que el SII tolere la<\/p>\n<p>humedad.<\/p>\n","protected":false},"excerpt":{"rendered":"<p>La m\u00e1quina de anestesia IntelliSave AX700 tiene una serie de caracter\u00edsticas de gama<\/p>\n<p>alta para soportar la anestesia de flujo bajo y flujo m\u00ednimo, y ofrece amplias<\/p>\n<p>capacidades de ventilaci\u00f3n. Todo equipado en un dise\u00f1o delgado y ergon\u00f3mico.<\/p>\n","protected":false},"featured_media":12304,"template":"","meta":{"_joinchat":[]},"product_brand":[],"product_cat":[213],"product_tag":[],"class_list":{"0":"post-12303","1":"product","2":"type-product","3":"status-publish","4":"has-post-thumbnail","6":"product_cat-concentradores","7":"pa_marca-dameca","9":"first","10":"instock","11":"purchasable","12":"product-type-simple"},"yoast_head":"<!-- This site is optimized with the Yoast SEO plugin v25.1 - https:\/\/yoast.com\/wordpress\/plugins\/seo\/ -->\n<title>UNIDAD DE ANESTESIA PARA ALTE ESPECIALIDAD - Tu mejor opci\u00f3n Equipo M\u00e9dico M\u00e9xico<\/title>\n<meta name=\"robots\" content=\"index, follow, max-snippet:-1, max-image-preview:large, max-video-preview:-1\" \/>\n<link rel=\"canonical\" href=\"https:\/\/buscoequipomedico.com\/?product=unidad-de-anestesia-para-alte-especialidad\" \/>\n<meta property=\"og:locale\" content=\"es_ES\" \/>\n<meta property=\"og:type\" content=\"article\" \/>\n<meta property=\"og:title\" content=\"UNIDAD DE ANESTESIA PARA ALTE ESPECIALIDAD - Tu mejor opci\u00f3n Equipo M\u00e9dico M\u00e9xico\" \/>\n<meta property=\"og:description\" content=\"La m\u00e1quina de anestesia IntelliSave AX700 tiene una serie de caracter\u00edsticas de gama alta para soportar la anestesia de flujo bajo y flujo m\u00ednimo, y ofrece amplias capacidades de ventilaci\u00f3n. Todo equipado en un dise\u00f1o delgado y ergon\u00f3mico.\" \/>\n<meta property=\"og:url\" content=\"https:\/\/buscoequipomedico.com\/?product=unidad-de-anestesia-para-alte-especialidad\" \/>\n<meta property=\"og:site_name\" content=\"Tu mejor opci\u00f3n Equipo M\u00e9dico M\u00e9xico\" \/>\n<meta property=\"article:modified_time\" content=\"2020-02-18T07:35:05+00:00\" \/>\n<meta property=\"og:image\" content=\"https:\/\/buscoequipomedico.com\/wp-content\/uploads\/2020\/02\/unidad-de-anestesia-para-alte-especialidad-la-maquina-de-anestesia-intellisave-ax700-tiene-una-serie-de-caracteristicas-de-gama.jpg\" \/>\n\t<meta property=\"og:image:width\" content=\"800\" \/>\n\t<meta property=\"og:image:height\" content=\"800\" \/>\n\t<meta property=\"og:image:type\" content=\"image\/jpeg\" \/>\n<meta name=\"twitter:card\" content=\"summary_large_image\" \/>\n<meta name=\"twitter:label1\" content=\"Tiempo de lectura\" \/>\n\t<meta name=\"twitter:data1\" content=\"1 minuto\" \/>\n<script type=\"application\/ld+json\" class=\"yoast-schema-graph\">{\"@context\":\"https:\/\/schema.org\",\"@graph\":[{\"@type\":\"WebPage\",\"@id\":\"https:\/\/buscoequipomedico.com\/?product=unidad-de-anestesia-para-alte-especialidad\",\"url\":\"https:\/\/buscoequipomedico.com\/?product=unidad-de-anestesia-para-alte-especialidad\",\"name\":\"UNIDAD DE ANESTESIA PARA ALTE ESPECIALIDAD - Tu mejor opci\u00f3n Equipo M\u00e9dico M\u00e9xico\",\"isPartOf\":{\"@id\":\"https:\/\/buscoequipomedico.com\/#website\"},\"primaryImageOfPage\":{\"@id\":\"https:\/\/buscoequipomedico.com\/?product=unidad-de-anestesia-para-alte-especialidad#primaryimage\"},\"image\":{\"@id\":\"https:\/\/buscoequipomedico.com\/?product=unidad-de-anestesia-para-alte-especialidad#primaryimage\"},\"thumbnailUrl\":\"https:\/\/buscoequipomedico.com\/wp-content\/uploads\/2020\/02\/unidad-de-anestesia-para-alte-especialidad-la-maquina-de-anestesia-intellisave-ax700-tiene-una-serie-de-caracteristicas-de-gama.jpg\",\"datePublished\":\"2020-02-18T07:35:01+00:00\",\"dateModified\":\"2020-02-18T07:35:05+00:00\",\"breadcrumb\":{\"@id\":\"https:\/\/buscoequipomedico.com\/?product=unidad-de-anestesia-para-alte-especialidad#breadcrumb\"},\"inLanguage\":\"es\",\"potentialAction\":[{\"@type\":\"ReadAction\",\"target\":[\"https:\/\/buscoequipomedico.com\/?product=unidad-de-anestesia-para-alte-especialidad\"]}]},{\"@type\":\"ImageObject\",\"inLanguage\":\"es\",\"@id\":\"https:\/\/buscoequipomedico.com\/?product=unidad-de-anestesia-para-alte-especialidad#primaryimage\",\"url\":\"https:\/\/buscoequipomedico.com\/wp-content\/uploads\/2020\/02\/unidad-de-anestesia-para-alte-especialidad-la-maquina-de-anestesia-intellisave-ax700-tiene-una-serie-de-caracteristicas-de-gama.jpg\",\"contentUrl\":\"https:\/\/buscoequipomedico.com\/wp-content\/uploads\/2020\/02\/unidad-de-anestesia-para-alte-especialidad-la-maquina-de-anestesia-intellisave-ax700-tiene-una-serie-de-caracteristicas-de-gama.jpg\",\"width\":800,\"height\":800},{\"@type\":\"BreadcrumbList\",\"@id\":\"https:\/\/buscoequipomedico.com\/?product=unidad-de-anestesia-para-alte-especialidad#breadcrumb\",\"itemListElement\":[{\"@type\":\"ListItem\",\"position\":1,\"name\":\"Productos\",\"item\":\"https:\/\/buscoequipomedico.com\/shop\/\"},{\"@type\":\"ListItem\",\"position\":2,\"name\":\"UNIDAD DE ANESTESIA PARA ALTE ESPECIALIDAD\"}]},{\"@type\":\"WebSite\",\"@id\":\"https:\/\/buscoequipomedico.com\/#website\",\"url\":\"https:\/\/buscoequipomedico.com\/\",\"name\":\"Tu mejor opci\u00f3n Equipo M\u00e9dico M\u00e9xico\",\"description\":\"Tienda de equipo m\u00e9dico\",\"publisher\":{\"@id\":\"https:\/\/buscoequipomedico.com\/#organization\"},\"potentialAction\":[{\"@type\":\"SearchAction\",\"target\":{\"@type\":\"EntryPoint\",\"urlTemplate\":\"https:\/\/buscoequipomedico.com\/?s={search_term_string}\"},\"query-input\":{\"@type\":\"PropertyValueSpecification\",\"valueRequired\":true,\"valueName\":\"search_term_string\"}}],\"inLanguage\":\"es\"},{\"@type\":\"Organization\",\"@id\":\"https:\/\/buscoequipomedico.com\/#organization\",\"name\":\"Tu mejor opci\u00f3n Equipo M\u00e9dico M\u00e9xico\",\"url\":\"https:\/\/buscoequipomedico.com\/\",\"logo\":{\"@type\":\"ImageObject\",\"inLanguage\":\"es\",\"@id\":\"https:\/\/buscoequipomedico.com\/#\/schema\/logo\/image\/\",\"url\":\"https:\/\/buscoequipomedico.com\/wp-content\/uploads\/2021\/07\/EMM-VPrincipal-scaled.jpg\",\"contentUrl\":\"https:\/\/buscoequipomedico.com\/wp-content\/uploads\/2021\/07\/EMM-VPrincipal-scaled.jpg\",\"width\":2560,\"height\":1058,\"caption\":\"Tu mejor opci\u00f3n Equipo M\u00e9dico M\u00e9xico\"},\"image\":{\"@id\":\"https:\/\/buscoequipomedico.com\/#\/schema\/logo\/image\/\"}}]}<\/script>\n<!-- \/ Yoast SEO plugin. -->","yoast_head_json":{"title":"UNIDAD DE ANESTESIA PARA ALTE ESPECIALIDAD - Tu mejor opci\u00f3n Equipo M\u00e9dico M\u00e9xico","robots":{"index":"index","follow":"follow","max-snippet":"max-snippet:-1","max-image-preview":"max-image-preview:large","max-video-preview":"max-video-preview:-1"},"canonical":"https:\/\/buscoequipomedico.com\/?product=unidad-de-anestesia-para-alte-especialidad","og_locale":"es_ES","og_type":"article","og_title":"UNIDAD DE ANESTESIA PARA ALTE ESPECIALIDAD - Tu mejor opci\u00f3n Equipo M\u00e9dico M\u00e9xico","og_description":"La m\u00e1quina de anestesia IntelliSave AX700 tiene una serie de caracter\u00edsticas de gama alta para soportar la anestesia de flujo bajo y flujo m\u00ednimo, y ofrece amplias capacidades de ventilaci\u00f3n. Todo equipado en un dise\u00f1o delgado y ergon\u00f3mico.","og_url":"https:\/\/buscoequipomedico.com\/?product=unidad-de-anestesia-para-alte-especialidad","og_site_name":"Tu mejor opci\u00f3n Equipo M\u00e9dico M\u00e9xico","article_modified_time":"2020-02-18T07:35:05+00:00","og_image":[{"width":800,"height":800,"url":"https:\/\/buscoequipomedico.com\/wp-content\/uploads\/2020\/02\/unidad-de-anestesia-para-alte-especialidad-la-maquina-de-anestesia-intellisave-ax700-tiene-una-serie-de-caracteristicas-de-gama.jpg","type":"image\/jpeg"}],"twitter_card":"summary_large_image","twitter_misc":{"Tiempo de lectura":"1 minuto"},"schema":{"@context":"https:\/\/schema.org","@graph":[{"@type":"WebPage","@id":"https:\/\/buscoequipomedico.com\/?product=unidad-de-anestesia-para-alte-especialidad","url":"https:\/\/buscoequipomedico.com\/?product=unidad-de-anestesia-para-alte-especialidad","name":"UNIDAD DE ANESTESIA PARA ALTE ESPECIALIDAD - Tu mejor opci\u00f3n Equipo M\u00e9dico M\u00e9xico","isPartOf":{"@id":"https:\/\/buscoequipomedico.com\/#website"},"primaryImageOfPage":{"@id":"https:\/\/buscoequipomedico.com\/?product=unidad-de-anestesia-para-alte-especialidad#primaryimage"},"image":{"@id":"https:\/\/buscoequipomedico.com\/?product=unidad-de-anestesia-para-alte-especialidad#primaryimage"},"thumbnailUrl":"https:\/\/buscoequipomedico.com\/wp-content\/uploads\/2020\/02\/unidad-de-anestesia-para-alte-especialidad-la-maquina-de-anestesia-intellisave-ax700-tiene-una-serie-de-caracteristicas-de-gama.jpg","datePublished":"2020-02-18T07:35:01+00:00","dateModified":"2020-02-18T07:35:05+00:00","breadcrumb":{"@id":"https:\/\/buscoequipomedico.com\/?product=unidad-de-anestesia-para-alte-especialidad#breadcrumb"},"inLanguage":"es","potentialAction":[{"@type":"ReadAction","target":["https:\/\/buscoequipomedico.com\/?product=unidad-de-anestesia-para-alte-especialidad"]}]},{"@type":"ImageObject","inLanguage":"es","@id":"https:\/\/buscoequipomedico.com\/?product=unidad-de-anestesia-para-alte-especialidad#primaryimage","url":"https:\/\/buscoequipomedico.com\/wp-content\/uploads\/2020\/02\/unidad-de-anestesia-para-alte-especialidad-la-maquina-de-anestesia-intellisave-ax700-tiene-una-serie-de-caracteristicas-de-gama.jpg","contentUrl":"https:\/\/buscoequipomedico.com\/wp-content\/uploads\/2020\/02\/unidad-de-anestesia-para-alte-especialidad-la-maquina-de-anestesia-intellisave-ax700-tiene-una-serie-de-caracteristicas-de-gama.jpg","width":800,"height":800},{"@type":"BreadcrumbList","@id":"https:\/\/buscoequipomedico.com\/?product=unidad-de-anestesia-para-alte-especialidad#breadcrumb","itemListElement":[{"@type":"ListItem","position":1,"name":"Productos","item":"https:\/\/buscoequipomedico.com\/shop\/"},{"@type":"ListItem","position":2,"name":"UNIDAD DE ANESTESIA PARA ALTE ESPECIALIDAD"}]},{"@type":"WebSite","@id":"https:\/\/buscoequipomedico.com\/#website","url":"https:\/\/buscoequipomedico.com\/","name":"Tu mejor opci\u00f3n Equipo M\u00e9dico M\u00e9xico","description":"Tienda de equipo m\u00e9dico","publisher":{"@id":"https:\/\/buscoequipomedico.com\/#organization"},"potentialAction":[{"@type":"SearchAction","target":{"@type":"EntryPoint","urlTemplate":"https:\/\/buscoequipomedico.com\/?s={search_term_string}"},"query-input":{"@type":"PropertyValueSpecification","valueRequired":true,"valueName":"search_term_string"}}],"inLanguage":"es"},{"@type":"Organization","@id":"https:\/\/buscoequipomedico.com\/#organization","name":"Tu mejor opci\u00f3n Equipo M\u00e9dico M\u00e9xico","url":"https:\/\/buscoequipomedico.com\/","logo":{"@type":"ImageObject","inLanguage":"es","@id":"https:\/\/buscoequipomedico.com\/#\/schema\/logo\/image\/","url":"https:\/\/buscoequipomedico.com\/wp-content\/uploads\/2021\/07\/EMM-VPrincipal-scaled.jpg","contentUrl":"https:\/\/buscoequipomedico.com\/wp-content\/uploads\/2021\/07\/EMM-VPrincipal-scaled.jpg","width":2560,"height":1058,"caption":"Tu mejor opci\u00f3n Equipo M\u00e9dico M\u00e9xico"},"image":{"@id":"https:\/\/buscoequipomedico.com\/#\/schema\/logo\/image\/"}}]}},"_links":{"self":[{"href":"https:\/\/buscoequipomedico.com\/index.php?rest_route=\/wp\/v2\/product\/12303","targetHints":{"allow":["GET"]}}],"collection":[{"href":"https:\/\/buscoequipomedico.com\/index.php?rest_route=\/wp\/v2\/product"}],"about":[{"href":"https:\/\/buscoequipomedico.com\/index.php?rest_route=\/wp\/v2\/types\/product"}],"wp:featuredmedia":[{"embeddable":true,"href":"https:\/\/buscoequipomedico.com\/index.php?rest_route=\/wp\/v2\/media\/12304"}],"wp:attachment":[{"href":"https:\/\/buscoequipomedico.com\/index.php?rest_route=%2Fwp%2Fv2%2Fmedia&parent=12303"}],"wp:term":[{"taxonomy":"product_brand","embeddable":true,"href":"https:\/\/buscoequipomedico.com\/index.php?rest_route=%2Fwp%2Fv2%2Fproduct_brand&post=12303"},{"taxonomy":"product_cat","embeddable":true,"href":"https:\/\/buscoequipomedico.com\/index.php?rest_route=%2Fwp%2Fv2%2Fproduct_cat&post=12303"},{"taxonomy":"product_tag","embeddable":true,"href":"https:\/\/buscoequipomedico.com\/index.php?rest_route=%2Fwp%2Fv2%2Fproduct_tag&post=12303"}],"curies":[{"name":"wp","href":"https:\/\/api.w.org\/{rel}","templated":true}]}}