{"id":12307,"date":"2020-02-18T07:35:01","date_gmt":"2020-02-18T07:35:01","guid":{"rendered":"https:\/\/equipomedicomexico-com.preview-domain.com\/product\/unidad-de-anestesia-para-mri\/"},"modified":"2020-02-18T07:35:05","modified_gmt":"2020-02-18T07:35:05","slug":"unidad-de-anestesia-para-mri","status":"publish","type":"product","link":"https:\/\/buscoequipomedico.com\/?product=unidad-de-anestesia-para-mri","title":{"rendered":"UNIDAD DE ANESTESIA PARA MRI"},"content":{"rendered":"<p><span><span><span>El MRI 508 tiene una serie de caracter\u00edsticas de seguridad integradas.\u00a0<\/span><span>Las alarmas LED audibles y visuales mejoradas permiten un f\u00e1cil monitoreo desde la sala de operaciones de MR.\u00a0<\/span><span>La funci\u00f3n de protecci\u00f3n hip\u00f3xica garantiza al menos un 25% de ox\u00edgeno en la mezcla de ox\u00edgeno \/ \u00f3xido nitroso.\u00a0<\/span><span>Un regulador esclavo corta el \u00f3xido nitroso y emite una alarma sonora en caso de que falle el suministro de ox\u00edgeno.<\/span><\/span><\/span><\/p>\n<p><span><span><span>Se proporciona un interruptor de gas fresco entre el sistema de respiraci\u00f3n y la salida de gas auxiliar.\u00a0<\/span><span>Un medidor de flujo de ox\u00edgeno est\u00e1 equipado con una salida separada, que incluye una boquilla de tubo.\u00a0<\/span><span>La succi\u00f3n del paciente tambi\u00e9n est\u00e1 integrada.<\/span><\/span><\/span><\/p>\n<p><span><span><span>El sistema ejecuta una autocomprobaci\u00f3n autom\u00e1tica al inicio.\u00a0<\/span><span>Viene con una bater\u00eda de respaldo incorporada para garantizar un funcionamiento continuo durante una falla de energ\u00eda.\u00a0<\/span><span>No hay cajones en el sistema para eliminar el riesgo de que los materiales magn\u00e9ticos sean almacenados y olvidados.<\/span><\/span><\/span><\/p>\n<p><span><span><span><\/span><\/span><\/span><\/p>\n<ul>\n<li><span>Probado hasta 1000 Gauss<\/span><\/li>\n<li><span>3.0 Tesla aprobado<\/span><\/li>\n<li><span>Interfaz intuitiva y f\u00e1cil de usar.<\/span><\/li>\n<li><span>Sistema de respiraci\u00f3n integrado<\/span><\/li>\n<li><span>Ventilador controlado por microprocesador con siete modos de ventilaci\u00f3n avanzados, incluido PRVT *<\/span><\/li>\n<li><span>Pantalla a color de alta resoluci\u00f3n de 8 pulgadas<\/span><\/li>\n<li><span>Funciones de seguridad de alta calidad.<\/span><\/li>\n<li><span>Dise\u00f1o que ahorra espacio<\/span><\/li>\n<\/ul>\n","protected":false},"excerpt":{"rendered":"<p><span>La MRI 508 permite administrar anestesia en la sala de RM para apoyar la seguridad y la comodidad del paciente.\u00a0<\/span><span>Tiene la capacidad \u00fanica de soportar hasta 1000 Gauss y est\u00e1 aprobado por 3.0 Tesla.\u00a0<\/span><span>Las pruebas con los principales proveedores de esc\u00e1neres de MRI han confirmado que las im\u00e1genes de diagn\u00f3stico de MRI no se ven afectadas por el funcionamiento del sistema de anestesia, y que el sistema de anestesia no se ve afectado por la MRI en funcionamiento.\u00a0<\/span><span>Esto ahorra tiempo y espacio, y permite al operador responder m\u00e1s r\u00e1pidamente a las necesidades del paciente.<\/span><\/p>\n","protected":false},"featured_media":12308,"template":"","meta":{"_joinchat":[]},"product_brand":[],"product_cat":[213],"product_tag":[],"class_list":{"0":"post-12307","1":"product","2":"type-product","3":"status-publish","4":"has-post-thumbnail","6":"product_cat-concentradores","7":"pa_marca-dameca","9":"first","10":"instock","11":"purchasable","12":"product-type-simple"},"yoast_head":"<!-- This site is optimized with the Yoast SEO plugin v25.1 - https:\/\/yoast.com\/wordpress\/plugins\/seo\/ -->\n<title>UNIDAD DE ANESTESIA PARA MRI - Tu mejor opci\u00f3n Equipo M\u00e9dico M\u00e9xico<\/title>\n<meta name=\"robots\" content=\"index, follow, max-snippet:-1, max-image-preview:large, max-video-preview:-1\" \/>\n<link rel=\"canonical\" href=\"https:\/\/buscoequipomedico.com\/?product=unidad-de-anestesia-para-mri\" \/>\n<meta property=\"og:locale\" content=\"es_ES\" \/>\n<meta property=\"og:type\" content=\"article\" \/>\n<meta property=\"og:title\" content=\"UNIDAD DE ANESTESIA PARA MRI - Tu mejor opci\u00f3n Equipo M\u00e9dico M\u00e9xico\" \/>\n<meta property=\"og:description\" content=\"La MRI 508 permite administrar anestesia en la sala de RM para apoyar la seguridad y la comodidad del paciente.\u00a0Tiene la capacidad \u00fanica de soportar hasta 1000 Gauss y est\u00e1 aprobado por 3.0 Tesla.\u00a0Las pruebas con los principales proveedores de esc\u00e1neres de MRI han confirmado que las im\u00e1genes de diagn\u00f3stico de MRI no se ven afectadas por el funcionamiento del sistema de anestesia, y que el sistema de anestesia no se ve afectado por la MRI en funcionamiento.\u00a0Esto ahorra tiempo y espacio, y permite al operador responder m\u00e1s r\u00e1pidamente a las necesidades del paciente.\" \/>\n<meta property=\"og:url\" content=\"https:\/\/buscoequipomedico.com\/?product=unidad-de-anestesia-para-mri\" \/>\n<meta property=\"og:site_name\" content=\"Tu mejor opci\u00f3n Equipo M\u00e9dico M\u00e9xico\" \/>\n<meta property=\"article:modified_time\" content=\"2020-02-18T07:35:05+00:00\" \/>\n<meta property=\"og:image\" content=\"https:\/\/buscoequipomedico.com\/wp-content\/uploads\/2020\/02\/unidad-de-anestesia-para-mri-la-mri-508-permite-administrar-anestesia-en-la-sala-de-rm-para-apoyar-la-seguridad-y-la-comodidad-d.jpg\" \/>\n\t<meta property=\"og:image:width\" content=\"800\" \/>\n\t<meta property=\"og:image:height\" content=\"800\" \/>\n\t<meta property=\"og:image:type\" content=\"image\/jpeg\" \/>\n<meta name=\"twitter:card\" content=\"summary_large_image\" \/>\n<meta name=\"twitter:label1\" content=\"Tiempo de lectura\" \/>\n\t<meta name=\"twitter:data1\" content=\"1 minuto\" \/>\n<script type=\"application\/ld+json\" class=\"yoast-schema-graph\">{\"@context\":\"https:\/\/schema.org\",\"@graph\":[{\"@type\":\"WebPage\",\"@id\":\"https:\/\/buscoequipomedico.com\/?product=unidad-de-anestesia-para-mri\",\"url\":\"https:\/\/buscoequipomedico.com\/?product=unidad-de-anestesia-para-mri\",\"name\":\"UNIDAD DE ANESTESIA PARA MRI - Tu mejor opci\u00f3n Equipo M\u00e9dico M\u00e9xico\",\"isPartOf\":{\"@id\":\"https:\/\/buscoequipomedico.com\/#website\"},\"primaryImageOfPage\":{\"@id\":\"https:\/\/buscoequipomedico.com\/?product=unidad-de-anestesia-para-mri#primaryimage\"},\"image\":{\"@id\":\"https:\/\/buscoequipomedico.com\/?product=unidad-de-anestesia-para-mri#primaryimage\"},\"thumbnailUrl\":\"https:\/\/buscoequipomedico.com\/wp-content\/uploads\/2020\/02\/unidad-de-anestesia-para-mri-la-mri-508-permite-administrar-anestesia-en-la-sala-de-rm-para-apoyar-la-seguridad-y-la-comodidad-d.jpg\",\"datePublished\":\"2020-02-18T07:35:01+00:00\",\"dateModified\":\"2020-02-18T07:35:05+00:00\",\"breadcrumb\":{\"@id\":\"https:\/\/buscoequipomedico.com\/?product=unidad-de-anestesia-para-mri#breadcrumb\"},\"inLanguage\":\"es\",\"potentialAction\":[{\"@type\":\"ReadAction\",\"target\":[\"https:\/\/buscoequipomedico.com\/?product=unidad-de-anestesia-para-mri\"]}]},{\"@type\":\"ImageObject\",\"inLanguage\":\"es\",\"@id\":\"https:\/\/buscoequipomedico.com\/?product=unidad-de-anestesia-para-mri#primaryimage\",\"url\":\"https:\/\/buscoequipomedico.com\/wp-content\/uploads\/2020\/02\/unidad-de-anestesia-para-mri-la-mri-508-permite-administrar-anestesia-en-la-sala-de-rm-para-apoyar-la-seguridad-y-la-comodidad-d.jpg\",\"contentUrl\":\"https:\/\/buscoequipomedico.com\/wp-content\/uploads\/2020\/02\/unidad-de-anestesia-para-mri-la-mri-508-permite-administrar-anestesia-en-la-sala-de-rm-para-apoyar-la-seguridad-y-la-comodidad-d.jpg\",\"width\":800,\"height\":800},{\"@type\":\"BreadcrumbList\",\"@id\":\"https:\/\/buscoequipomedico.com\/?product=unidad-de-anestesia-para-mri#breadcrumb\",\"itemListElement\":[{\"@type\":\"ListItem\",\"position\":1,\"name\":\"Productos\",\"item\":\"https:\/\/buscoequipomedico.com\/shop\/\"},{\"@type\":\"ListItem\",\"position\":2,\"name\":\"UNIDAD DE ANESTESIA PARA MRI\"}]},{\"@type\":\"WebSite\",\"@id\":\"https:\/\/buscoequipomedico.com\/#website\",\"url\":\"https:\/\/buscoequipomedico.com\/\",\"name\":\"Tu mejor opci\u00f3n Equipo M\u00e9dico M\u00e9xico\",\"description\":\"Tienda de equipo m\u00e9dico\",\"publisher\":{\"@id\":\"https:\/\/buscoequipomedico.com\/#organization\"},\"potentialAction\":[{\"@type\":\"SearchAction\",\"target\":{\"@type\":\"EntryPoint\",\"urlTemplate\":\"https:\/\/buscoequipomedico.com\/?s={search_term_string}\"},\"query-input\":{\"@type\":\"PropertyValueSpecification\",\"valueRequired\":true,\"valueName\":\"search_term_string\"}}],\"inLanguage\":\"es\"},{\"@type\":\"Organization\",\"@id\":\"https:\/\/buscoequipomedico.com\/#organization\",\"name\":\"Tu mejor opci\u00f3n Equipo M\u00e9dico M\u00e9xico\",\"url\":\"https:\/\/buscoequipomedico.com\/\",\"logo\":{\"@type\":\"ImageObject\",\"inLanguage\":\"es\",\"@id\":\"https:\/\/buscoequipomedico.com\/#\/schema\/logo\/image\/\",\"url\":\"https:\/\/buscoequipomedico.com\/wp-content\/uploads\/2021\/07\/EMM-VPrincipal-scaled.jpg\",\"contentUrl\":\"https:\/\/buscoequipomedico.com\/wp-content\/uploads\/2021\/07\/EMM-VPrincipal-scaled.jpg\",\"width\":2560,\"height\":1058,\"caption\":\"Tu mejor opci\u00f3n Equipo M\u00e9dico M\u00e9xico\"},\"image\":{\"@id\":\"https:\/\/buscoequipomedico.com\/#\/schema\/logo\/image\/\"}}]}<\/script>\n<!-- \/ Yoast SEO plugin. -->","yoast_head_json":{"title":"UNIDAD DE ANESTESIA PARA MRI - Tu mejor opci\u00f3n Equipo M\u00e9dico M\u00e9xico","robots":{"index":"index","follow":"follow","max-snippet":"max-snippet:-1","max-image-preview":"max-image-preview:large","max-video-preview":"max-video-preview:-1"},"canonical":"https:\/\/buscoequipomedico.com\/?product=unidad-de-anestesia-para-mri","og_locale":"es_ES","og_type":"article","og_title":"UNIDAD DE ANESTESIA PARA MRI - Tu mejor opci\u00f3n Equipo M\u00e9dico M\u00e9xico","og_description":"La MRI 508 permite administrar anestesia en la sala de RM para apoyar la seguridad y la comodidad del paciente.\u00a0Tiene la capacidad \u00fanica de soportar hasta 1000 Gauss y est\u00e1 aprobado por 3.0 Tesla.\u00a0Las pruebas con los principales proveedores de esc\u00e1neres de MRI han confirmado que las im\u00e1genes de diagn\u00f3stico de MRI no se ven afectadas por el funcionamiento del sistema de anestesia, y que el sistema de anestesia no se ve afectado por la MRI en funcionamiento.\u00a0Esto ahorra tiempo y espacio, y permite al operador responder m\u00e1s r\u00e1pidamente a las necesidades del paciente.","og_url":"https:\/\/buscoequipomedico.com\/?product=unidad-de-anestesia-para-mri","og_site_name":"Tu mejor opci\u00f3n Equipo M\u00e9dico M\u00e9xico","article_modified_time":"2020-02-18T07:35:05+00:00","og_image":[{"width":800,"height":800,"url":"https:\/\/buscoequipomedico.com\/wp-content\/uploads\/2020\/02\/unidad-de-anestesia-para-mri-la-mri-508-permite-administrar-anestesia-en-la-sala-de-rm-para-apoyar-la-seguridad-y-la-comodidad-d.jpg","type":"image\/jpeg"}],"twitter_card":"summary_large_image","twitter_misc":{"Tiempo de lectura":"1 minuto"},"schema":{"@context":"https:\/\/schema.org","@graph":[{"@type":"WebPage","@id":"https:\/\/buscoequipomedico.com\/?product=unidad-de-anestesia-para-mri","url":"https:\/\/buscoequipomedico.com\/?product=unidad-de-anestesia-para-mri","name":"UNIDAD DE ANESTESIA PARA MRI - Tu mejor opci\u00f3n Equipo M\u00e9dico M\u00e9xico","isPartOf":{"@id":"https:\/\/buscoequipomedico.com\/#website"},"primaryImageOfPage":{"@id":"https:\/\/buscoequipomedico.com\/?product=unidad-de-anestesia-para-mri#primaryimage"},"image":{"@id":"https:\/\/buscoequipomedico.com\/?product=unidad-de-anestesia-para-mri#primaryimage"},"thumbnailUrl":"https:\/\/buscoequipomedico.com\/wp-content\/uploads\/2020\/02\/unidad-de-anestesia-para-mri-la-mri-508-permite-administrar-anestesia-en-la-sala-de-rm-para-apoyar-la-seguridad-y-la-comodidad-d.jpg","datePublished":"2020-02-18T07:35:01+00:00","dateModified":"2020-02-18T07:35:05+00:00","breadcrumb":{"@id":"https:\/\/buscoequipomedico.com\/?product=unidad-de-anestesia-para-mri#breadcrumb"},"inLanguage":"es","potentialAction":[{"@type":"ReadAction","target":["https:\/\/buscoequipomedico.com\/?product=unidad-de-anestesia-para-mri"]}]},{"@type":"ImageObject","inLanguage":"es","@id":"https:\/\/buscoequipomedico.com\/?product=unidad-de-anestesia-para-mri#primaryimage","url":"https:\/\/buscoequipomedico.com\/wp-content\/uploads\/2020\/02\/unidad-de-anestesia-para-mri-la-mri-508-permite-administrar-anestesia-en-la-sala-de-rm-para-apoyar-la-seguridad-y-la-comodidad-d.jpg","contentUrl":"https:\/\/buscoequipomedico.com\/wp-content\/uploads\/2020\/02\/unidad-de-anestesia-para-mri-la-mri-508-permite-administrar-anestesia-en-la-sala-de-rm-para-apoyar-la-seguridad-y-la-comodidad-d.jpg","width":800,"height":800},{"@type":"BreadcrumbList","@id":"https:\/\/buscoequipomedico.com\/?product=unidad-de-anestesia-para-mri#breadcrumb","itemListElement":[{"@type":"ListItem","position":1,"name":"Productos","item":"https:\/\/buscoequipomedico.com\/shop\/"},{"@type":"ListItem","position":2,"name":"UNIDAD DE ANESTESIA PARA MRI"}]},{"@type":"WebSite","@id":"https:\/\/buscoequipomedico.com\/#website","url":"https:\/\/buscoequipomedico.com\/","name":"Tu mejor opci\u00f3n Equipo M\u00e9dico M\u00e9xico","description":"Tienda de equipo m\u00e9dico","publisher":{"@id":"https:\/\/buscoequipomedico.com\/#organization"},"potentialAction":[{"@type":"SearchAction","target":{"@type":"EntryPoint","urlTemplate":"https:\/\/buscoequipomedico.com\/?s={search_term_string}"},"query-input":{"@type":"PropertyValueSpecification","valueRequired":true,"valueName":"search_term_string"}}],"inLanguage":"es"},{"@type":"Organization","@id":"https:\/\/buscoequipomedico.com\/#organization","name":"Tu mejor opci\u00f3n Equipo M\u00e9dico M\u00e9xico","url":"https:\/\/buscoequipomedico.com\/","logo":{"@type":"ImageObject","inLanguage":"es","@id":"https:\/\/buscoequipomedico.com\/#\/schema\/logo\/image\/","url":"https:\/\/buscoequipomedico.com\/wp-content\/uploads\/2021\/07\/EMM-VPrincipal-scaled.jpg","contentUrl":"https:\/\/buscoequipomedico.com\/wp-content\/uploads\/2021\/07\/EMM-VPrincipal-scaled.jpg","width":2560,"height":1058,"caption":"Tu mejor opci\u00f3n Equipo M\u00e9dico M\u00e9xico"},"image":{"@id":"https:\/\/buscoequipomedico.com\/#\/schema\/logo\/image\/"}}]}},"_links":{"self":[{"href":"https:\/\/buscoequipomedico.com\/index.php?rest_route=\/wp\/v2\/product\/12307","targetHints":{"allow":["GET"]}}],"collection":[{"href":"https:\/\/buscoequipomedico.com\/index.php?rest_route=\/wp\/v2\/product"}],"about":[{"href":"https:\/\/buscoequipomedico.com\/index.php?rest_route=\/wp\/v2\/types\/product"}],"wp:featuredmedia":[{"embeddable":true,"href":"https:\/\/buscoequipomedico.com\/index.php?rest_route=\/wp\/v2\/media\/12308"}],"wp:attachment":[{"href":"https:\/\/buscoequipomedico.com\/index.php?rest_route=%2Fwp%2Fv2%2Fmedia&parent=12307"}],"wp:term":[{"taxonomy":"product_brand","embeddable":true,"href":"https:\/\/buscoequipomedico.com\/index.php?rest_route=%2Fwp%2Fv2%2Fproduct_brand&post=12307"},{"taxonomy":"product_cat","embeddable":true,"href":"https:\/\/buscoequipomedico.com\/index.php?rest_route=%2Fwp%2Fv2%2Fproduct_cat&post=12307"},{"taxonomy":"product_tag","embeddable":true,"href":"https:\/\/buscoequipomedico.com\/index.php?rest_route=%2Fwp%2Fv2%2Fproduct_tag&post=12307"}],"curies":[{"name":"wp","href":"https:\/\/api.w.org\/{rel}","templated":true}]}}