{"id":12311,"date":"2020-02-18T07:35:06","date_gmt":"2020-02-18T07:35:06","guid":{"rendered":"https:\/\/equipomedicomexico-com.preview-domain.com\/product\/monitor-de-signos-vitales-de-10-anestesia\/"},"modified":"2020-02-18T07:35:06","modified_gmt":"2020-02-18T07:35:06","slug":"monitor-de-signos-vitales-de-10-anestesia","status":"publish","type":"product","link":"https:\/\/buscoequipomedico.com\/?product=monitor-de-signos-vitales-de-10-anestesia","title":{"rendered":"Monitor de signos vitales de 10&quot; &#8211; Anestesia"},"content":{"rendered":"<p>Pantalla t\u00e1ctil f\u00e1cil de leer, f\u00e1cil de usar, con grandes valores num\u00e9ricos con c\u00f3digo de color y formas de onda<\/p>\n<ul>\n<li>F\u00e1cil selecci\u00f3n de diferentes disposiciones de pantalla<\/li>\n<li>Revisi\u00f3n retrospectiva de informaci\u00f3n cl\u00ednica de hasta 240 horas de tendencias tabulares y gr\u00e1ficas y exposici\u00f3n total de 48 horas opcional<\/li>\n<li>Con el respaldo de una bater\u00eda de iones de litio, con pr\u00e1cticas ranuras de acceso, que facilita el cambio de la bater\u00eda<\/li>\n<\/ul>\n<p>-Indicadores de alarma sonoros y visuales<\/p>\n<p>Compatible con una amplia gama de suministros y accesorios Philips<\/p>\n<p>Conectividad a la estaci\u00f3n central de Efficia<\/p>\n<p>Interfaz con otros sistemas que utilizan datos de HL7 a trav\u00e9s de la conexi\u00f3n en serie o LAN\/WLAN opcional<\/p>\n<p>Administrador y mantenimiento con protecci\u00f3n de contrase\u00f1a<\/p>\n<p>F\u00e1ciles actualizaciones de software, a trav\u00e9s del puerto USB<\/p>\n<p>Entrada de identificaci\u00f3n del paciente autom\u00e1tica o solicitada mediante soporte de lector de c\u00f3digo de barras opcional<\/p>\n<p>Registro integrado opcional para f\u00e1cil impresi\u00f3n de los datos del paciente<\/p>\n","protected":false},"excerpt":{"rendered":"<p>Pantalla t\u00e1ctil f\u00e1cil de leer, f\u00e1cil de usar, con grandes valores num\u00e9ricos con c\u00f3digo de color y formas de onda F\u00e1cil selecci\u00f3n de diferentes disposiciones de pantalla Revisi\u00f3n retrospectiva de informaci\u00f3n cl\u00ednica de hasta 240 horas de tendencias tabulares y gr\u00e1ficas y exposici\u00f3n total de 48 horas opcional Con el respaldo de una bater\u00eda de [&hellip;]<\/p>\n","protected":false},"featured_media":12312,"template":"","meta":{"_joinchat":[]},"product_brand":[],"product_cat":[213],"product_tag":[],"class_list":{"0":"post-12311","1":"product","2":"type-product","3":"status-publish","4":"has-post-thumbnail","6":"product_cat-concentradores","7":"pa_marca-philips","9":"first","10":"instock","11":"purchasable","12":"product-type-simple"},"yoast_head":"<!-- This site is optimized with the Yoast SEO plugin v25.1 - https:\/\/yoast.com\/wordpress\/plugins\/seo\/ -->\n<title>Monitor de signos vitales de 10&quot; - Anestesia - Tu mejor opci\u00f3n Equipo M\u00e9dico M\u00e9xico<\/title>\n<meta name=\"robots\" content=\"index, follow, max-snippet:-1, max-image-preview:large, max-video-preview:-1\" \/>\n<link rel=\"canonical\" href=\"https:\/\/buscoequipomedico.com\/?product=monitor-de-signos-vitales-de-10-anestesia\" \/>\n<meta property=\"og:locale\" content=\"es_ES\" \/>\n<meta property=\"og:type\" content=\"article\" \/>\n<meta property=\"og:title\" content=\"Monitor de signos vitales de 10&quot; - Anestesia - Tu mejor opci\u00f3n Equipo M\u00e9dico M\u00e9xico\" \/>\n<meta property=\"og:description\" content=\"Pantalla t\u00e1ctil f\u00e1cil de leer, f\u00e1cil de usar, con grandes valores num\u00e9ricos con c\u00f3digo de color y formas de onda F\u00e1cil selecci\u00f3n de diferentes disposiciones de pantalla Revisi\u00f3n retrospectiva de informaci\u00f3n cl\u00ednica de hasta 240 horas de tendencias tabulares y gr\u00e1ficas y exposici\u00f3n total de 48 horas opcional Con el respaldo de una bater\u00eda de [&hellip;]\" \/>\n<meta property=\"og:url\" content=\"https:\/\/buscoequipomedico.com\/?product=monitor-de-signos-vitales-de-10-anestesia\" \/>\n<meta property=\"og:site_name\" content=\"Tu mejor opci\u00f3n Equipo M\u00e9dico M\u00e9xico\" \/>\n<meta property=\"og:image\" content=\"https:\/\/buscoequipomedico.com\/wp-content\/uploads\/2020\/02\/monitor-de-signos-vitales-de-10-anestesia.jpg\" \/>\n\t<meta property=\"og:image:width\" content=\"800\" \/>\n\t<meta property=\"og:image:height\" content=\"800\" \/>\n\t<meta property=\"og:image:type\" content=\"image\/jpeg\" \/>\n<meta name=\"twitter:card\" content=\"summary_large_image\" \/>\n<meta name=\"twitter:label1\" content=\"Tiempo de lectura\" \/>\n\t<meta name=\"twitter:data1\" content=\"1 minuto\" \/>\n<script type=\"application\/ld+json\" class=\"yoast-schema-graph\">{\"@context\":\"https:\/\/schema.org\",\"@graph\":[{\"@type\":\"WebPage\",\"@id\":\"https:\/\/buscoequipomedico.com\/?product=monitor-de-signos-vitales-de-10-anestesia\",\"url\":\"https:\/\/buscoequipomedico.com\/?product=monitor-de-signos-vitales-de-10-anestesia\",\"name\":\"Monitor de signos vitales de 10&quot; - Anestesia - Tu mejor opci\u00f3n Equipo M\u00e9dico M\u00e9xico\",\"isPartOf\":{\"@id\":\"https:\/\/buscoequipomedico.com\/#website\"},\"primaryImageOfPage\":{\"@id\":\"https:\/\/buscoequipomedico.com\/?product=monitor-de-signos-vitales-de-10-anestesia#primaryimage\"},\"image\":{\"@id\":\"https:\/\/buscoequipomedico.com\/?product=monitor-de-signos-vitales-de-10-anestesia#primaryimage\"},\"thumbnailUrl\":\"https:\/\/buscoequipomedico.com\/wp-content\/uploads\/2020\/02\/monitor-de-signos-vitales-de-10-anestesia.jpg\",\"datePublished\":\"2020-02-18T07:35:06+00:00\",\"breadcrumb\":{\"@id\":\"https:\/\/buscoequipomedico.com\/?product=monitor-de-signos-vitales-de-10-anestesia#breadcrumb\"},\"inLanguage\":\"es\",\"potentialAction\":[{\"@type\":\"ReadAction\",\"target\":[\"https:\/\/buscoequipomedico.com\/?product=monitor-de-signos-vitales-de-10-anestesia\"]}]},{\"@type\":\"ImageObject\",\"inLanguage\":\"es\",\"@id\":\"https:\/\/buscoequipomedico.com\/?product=monitor-de-signos-vitales-de-10-anestesia#primaryimage\",\"url\":\"https:\/\/buscoequipomedico.com\/wp-content\/uploads\/2020\/02\/monitor-de-signos-vitales-de-10-anestesia.jpg\",\"contentUrl\":\"https:\/\/buscoequipomedico.com\/wp-content\/uploads\/2020\/02\/monitor-de-signos-vitales-de-10-anestesia.jpg\",\"width\":800,\"height\":800},{\"@type\":\"BreadcrumbList\",\"@id\":\"https:\/\/buscoequipomedico.com\/?product=monitor-de-signos-vitales-de-10-anestesia#breadcrumb\",\"itemListElement\":[{\"@type\":\"ListItem\",\"position\":1,\"name\":\"Productos\",\"item\":\"https:\/\/buscoequipomedico.com\/shop\/\"},{\"@type\":\"ListItem\",\"position\":2,\"name\":\"Monitor de signos vitales de 10&quot; &#8211; Anestesia\"}]},{\"@type\":\"WebSite\",\"@id\":\"https:\/\/buscoequipomedico.com\/#website\",\"url\":\"https:\/\/buscoequipomedico.com\/\",\"name\":\"Tu mejor opci\u00f3n Equipo M\u00e9dico M\u00e9xico\",\"description\":\"Tienda de equipo m\u00e9dico\",\"publisher\":{\"@id\":\"https:\/\/buscoequipomedico.com\/#organization\"},\"potentialAction\":[{\"@type\":\"SearchAction\",\"target\":{\"@type\":\"EntryPoint\",\"urlTemplate\":\"https:\/\/buscoequipomedico.com\/?s={search_term_string}\"},\"query-input\":{\"@type\":\"PropertyValueSpecification\",\"valueRequired\":true,\"valueName\":\"search_term_string\"}}],\"inLanguage\":\"es\"},{\"@type\":\"Organization\",\"@id\":\"https:\/\/buscoequipomedico.com\/#organization\",\"name\":\"Tu mejor opci\u00f3n Equipo M\u00e9dico M\u00e9xico\",\"url\":\"https:\/\/buscoequipomedico.com\/\",\"logo\":{\"@type\":\"ImageObject\",\"inLanguage\":\"es\",\"@id\":\"https:\/\/buscoequipomedico.com\/#\/schema\/logo\/image\/\",\"url\":\"https:\/\/buscoequipomedico.com\/wp-content\/uploads\/2021\/07\/EMM-VPrincipal-scaled.jpg\",\"contentUrl\":\"https:\/\/buscoequipomedico.com\/wp-content\/uploads\/2021\/07\/EMM-VPrincipal-scaled.jpg\",\"width\":2560,\"height\":1058,\"caption\":\"Tu mejor opci\u00f3n Equipo M\u00e9dico M\u00e9xico\"},\"image\":{\"@id\":\"https:\/\/buscoequipomedico.com\/#\/schema\/logo\/image\/\"}}]}<\/script>\n<!-- \/ Yoast SEO plugin. -->","yoast_head_json":{"title":"Monitor de signos vitales de 10&quot; - Anestesia - Tu mejor opci\u00f3n Equipo M\u00e9dico M\u00e9xico","robots":{"index":"index","follow":"follow","max-snippet":"max-snippet:-1","max-image-preview":"max-image-preview:large","max-video-preview":"max-video-preview:-1"},"canonical":"https:\/\/buscoequipomedico.com\/?product=monitor-de-signos-vitales-de-10-anestesia","og_locale":"es_ES","og_type":"article","og_title":"Monitor de signos vitales de 10&quot; - Anestesia - Tu mejor opci\u00f3n Equipo M\u00e9dico M\u00e9xico","og_description":"Pantalla t\u00e1ctil f\u00e1cil de leer, f\u00e1cil de usar, con grandes valores num\u00e9ricos con c\u00f3digo de color y formas de onda F\u00e1cil selecci\u00f3n de diferentes disposiciones de pantalla Revisi\u00f3n retrospectiva de informaci\u00f3n cl\u00ednica de hasta 240 horas de tendencias tabulares y gr\u00e1ficas y exposici\u00f3n total de 48 horas opcional Con el respaldo de una bater\u00eda de [&hellip;]","og_url":"https:\/\/buscoequipomedico.com\/?product=monitor-de-signos-vitales-de-10-anestesia","og_site_name":"Tu mejor opci\u00f3n Equipo M\u00e9dico M\u00e9xico","og_image":[{"width":800,"height":800,"url":"https:\/\/buscoequipomedico.com\/wp-content\/uploads\/2020\/02\/monitor-de-signos-vitales-de-10-anestesia.jpg","type":"image\/jpeg"}],"twitter_card":"summary_large_image","twitter_misc":{"Tiempo de lectura":"1 minuto"},"schema":{"@context":"https:\/\/schema.org","@graph":[{"@type":"WebPage","@id":"https:\/\/buscoequipomedico.com\/?product=monitor-de-signos-vitales-de-10-anestesia","url":"https:\/\/buscoequipomedico.com\/?product=monitor-de-signos-vitales-de-10-anestesia","name":"Monitor de signos vitales de 10&quot; - Anestesia - Tu mejor opci\u00f3n Equipo M\u00e9dico M\u00e9xico","isPartOf":{"@id":"https:\/\/buscoequipomedico.com\/#website"},"primaryImageOfPage":{"@id":"https:\/\/buscoequipomedico.com\/?product=monitor-de-signos-vitales-de-10-anestesia#primaryimage"},"image":{"@id":"https:\/\/buscoequipomedico.com\/?product=monitor-de-signos-vitales-de-10-anestesia#primaryimage"},"thumbnailUrl":"https:\/\/buscoequipomedico.com\/wp-content\/uploads\/2020\/02\/monitor-de-signos-vitales-de-10-anestesia.jpg","datePublished":"2020-02-18T07:35:06+00:00","breadcrumb":{"@id":"https:\/\/buscoequipomedico.com\/?product=monitor-de-signos-vitales-de-10-anestesia#breadcrumb"},"inLanguage":"es","potentialAction":[{"@type":"ReadAction","target":["https:\/\/buscoequipomedico.com\/?product=monitor-de-signos-vitales-de-10-anestesia"]}]},{"@type":"ImageObject","inLanguage":"es","@id":"https:\/\/buscoequipomedico.com\/?product=monitor-de-signos-vitales-de-10-anestesia#primaryimage","url":"https:\/\/buscoequipomedico.com\/wp-content\/uploads\/2020\/02\/monitor-de-signos-vitales-de-10-anestesia.jpg","contentUrl":"https:\/\/buscoequipomedico.com\/wp-content\/uploads\/2020\/02\/monitor-de-signos-vitales-de-10-anestesia.jpg","width":800,"height":800},{"@type":"BreadcrumbList","@id":"https:\/\/buscoequipomedico.com\/?product=monitor-de-signos-vitales-de-10-anestesia#breadcrumb","itemListElement":[{"@type":"ListItem","position":1,"name":"Productos","item":"https:\/\/buscoequipomedico.com\/shop\/"},{"@type":"ListItem","position":2,"name":"Monitor de signos vitales de 10&quot; &#8211; Anestesia"}]},{"@type":"WebSite","@id":"https:\/\/buscoequipomedico.com\/#website","url":"https:\/\/buscoequipomedico.com\/","name":"Tu mejor opci\u00f3n Equipo M\u00e9dico M\u00e9xico","description":"Tienda de equipo m\u00e9dico","publisher":{"@id":"https:\/\/buscoequipomedico.com\/#organization"},"potentialAction":[{"@type":"SearchAction","target":{"@type":"EntryPoint","urlTemplate":"https:\/\/buscoequipomedico.com\/?s={search_term_string}"},"query-input":{"@type":"PropertyValueSpecification","valueRequired":true,"valueName":"search_term_string"}}],"inLanguage":"es"},{"@type":"Organization","@id":"https:\/\/buscoequipomedico.com\/#organization","name":"Tu mejor opci\u00f3n Equipo M\u00e9dico M\u00e9xico","url":"https:\/\/buscoequipomedico.com\/","logo":{"@type":"ImageObject","inLanguage":"es","@id":"https:\/\/buscoequipomedico.com\/#\/schema\/logo\/image\/","url":"https:\/\/buscoequipomedico.com\/wp-content\/uploads\/2021\/07\/EMM-VPrincipal-scaled.jpg","contentUrl":"https:\/\/buscoequipomedico.com\/wp-content\/uploads\/2021\/07\/EMM-VPrincipal-scaled.jpg","width":2560,"height":1058,"caption":"Tu mejor opci\u00f3n Equipo M\u00e9dico M\u00e9xico"},"image":{"@id":"https:\/\/buscoequipomedico.com\/#\/schema\/logo\/image\/"}}]}},"_links":{"self":[{"href":"https:\/\/buscoequipomedico.com\/index.php?rest_route=\/wp\/v2\/product\/12311","targetHints":{"allow":["GET"]}}],"collection":[{"href":"https:\/\/buscoequipomedico.com\/index.php?rest_route=\/wp\/v2\/product"}],"about":[{"href":"https:\/\/buscoequipomedico.com\/index.php?rest_route=\/wp\/v2\/types\/product"}],"wp:featuredmedia":[{"embeddable":true,"href":"https:\/\/buscoequipomedico.com\/index.php?rest_route=\/wp\/v2\/media\/12312"}],"wp:attachment":[{"href":"https:\/\/buscoequipomedico.com\/index.php?rest_route=%2Fwp%2Fv2%2Fmedia&parent=12311"}],"wp:term":[{"taxonomy":"product_brand","embeddable":true,"href":"https:\/\/buscoequipomedico.com\/index.php?rest_route=%2Fwp%2Fv2%2Fproduct_brand&post=12311"},{"taxonomy":"product_cat","embeddable":true,"href":"https:\/\/buscoequipomedico.com\/index.php?rest_route=%2Fwp%2Fv2%2Fproduct_cat&post=12311"},{"taxonomy":"product_tag","embeddable":true,"href":"https:\/\/buscoequipomedico.com\/index.php?rest_route=%2Fwp%2Fv2%2Fproduct_tag&post=12311"}],"curies":[{"name":"wp","href":"https:\/\/api.w.org\/{rel}","templated":true}]}}