{"id":12319,"date":"2020-02-18T07:35:06","date_gmt":"2020-02-18T07:35:06","guid":{"rendered":"https:\/\/equipomedicomexico-com.preview-domain.com\/product\/central-de-monitoreo\/"},"modified":"2020-02-18T07:35:07","modified_gmt":"2020-02-18T07:35:07","slug":"central-de-monitoreo","status":"publish","type":"product","link":"https:\/\/buscoequipomedico.com\/?product=central-de-monitoreo","title":{"rendered":"Central de monitoreo"},"content":{"rendered":"<table>\n<caption>Ondas y n\u00fameros<\/caption>\n<tbody>\n<tr>\n<th scope=\"row\">Mediciones (si est\u00e1 disponible desde el monitor de cabecera) \u00b2<\/th>\n<td>\n<ul>\n<li> <span>La frecuencia card\u00edaca, arritmia, 10 derivaciones, ST, la frecuencia respiratoria, el pulso, la temperatura, la presi\u00f3n arterial no invasiva, presi\u00f3n arterial invasiva, SpO\u2082 y CO\u2082, Masimo\u00ae SET\u00ae, Masimo rainbow\u00ae SET, gasto card\u00edaco<\/span> <\/li>\n<\/ul>\n<\/td>\n<\/tr>\n<tr>\n<th scope=\"row\">Las formas de onda (si est\u00e1 disponible desde el monitor de cabecera)<\/th>\n<td>\n<ul>\n<li> <span>ECG (I, II, III, aVR, aVL, aVF, V1-V6), respiraci\u00f3n, presi\u00f3n arterial invasiva, SpO\u2082, CO\u2082<\/span> <\/li>\n<\/ul>\n<\/td>\n<\/tr>\n<tr>\n<th scope=\"row\">Alarmas<\/th>\n<td>\n<ul>\n<li> <span>Audible y visible<\/span> <\/li>\n<\/ul>\n<\/td>\n<\/tr>\n<\/tbody>\n<\/table>\n<table>\n<caption>El almacenamiento de datos y revisi\u00f3n<\/caption>\n<tbody>\n<tr>\n<th scope=\"row\">Datos gr\u00e1fica y la tendencia tabular<\/th>\n<td>\n<ul>\n<li> <span>10 dias<\/span> <\/li>\n<\/ul>\n<\/td>\n<\/tr>\n<tr>\n<th scope=\"row\">Formas de onda completa de confidencialidad, incluyendo ECG_x000D_<\/th>\n<td>\n<ul>\n<li> <span>10 dias<\/span> <\/li>\n<\/ul>\n<\/td>\n<\/tr>\n<tr>\n<th scope=\"row\">Mediciones de PNI con todos los par\u00e1metros asociados<\/th>\n<td>\n<ul>\n<li> <span>10 dias<\/span> <\/li>\n<\/ul>\n<\/td>\n<\/tr>\n<tr>\n<th scope=\"row\">Hist\u00f3rico de alarmas<\/th>\n<td>\n<ul>\n<li> <span>10 dias<\/span> <\/li>\n<\/ul>\n<\/td>\n<\/tr>\n<tr>\n<th scope=\"row\">Recuperaci\u00f3n de datos almacenados<\/th>\n<td>\n<ul>\n<li> <span>Hasta 30 d\u00edas despu\u00e9s del alta<\/span> <\/li>\n<\/ul>\n<\/td>\n<\/tr>\n<\/tbody>\n<\/table>\n<table>\n<caption>Informaci\u00f3n<\/caption>\n<tbody>\n<tr>\n<th scope=\"row\">Capacidad de visualizaci\u00f3n individual (dise\u00f1o configurable por el usuario)<\/th>\n<td>\n<ul>\n<li> <span>Hasta 16 camas al mismo tiempo; hasta 8 p\u00e1ginas<\/span> <\/li>\n<\/ul>\n<\/td>\n<\/tr>\n<tr>\n<th scope=\"row\">Capacidad de visualizaci\u00f3n dual (dise\u00f1o configurable por el usuario)<\/th>\n<td>\n<ul>\n<li> <span>Hasta 32 camas al mismo tiempo; hasta 8 p\u00e1ginas<\/span> <\/li>\n<\/ul>\n<\/td>\n<\/tr>\n<tr>\n<th scope=\"row\">Los informes impresos<\/th>\n<td>\n<ul>\n<li> <span>En tiempo real los datos num\u00e9ricos y formas de onda; Datos de tendencia tabular; Datos de tendencia gr\u00e1fica; Datos de tendencia NBP; Historia \/ evento de alarma; Formas de onda de ECG retrospectivos; Formas de onda de divulgaci\u00f3n completa; Ventana Paciente<\/span> <\/li>\n<\/ul>\n<\/td>\n<\/tr>\n<\/tbody>\n<\/table>\n","protected":false},"excerpt":{"rendered":"<p><span>El sistema de monitoreo central Efficia CMS200 centraliza el monitoreo y alarma secundaria, mejora el acceso a los datos hist\u00f3ricos de los pacientes, contribuyendo as\u00ed a que su personal trabaje de manera eficiente.<\/span><\/p>\n","protected":false},"featured_media":12320,"template":"","meta":{"_joinchat":[]},"product_brand":[],"product_cat":[213],"product_tag":[],"class_list":{"0":"post-12319","1":"product","2":"type-product","3":"status-publish","4":"has-post-thumbnail","6":"product_cat-concentradores","7":"pa_marca-philips","9":"first","10":"instock","11":"purchasable","12":"product-type-simple"},"yoast_head":"<!-- This site is optimized with the Yoast SEO plugin v25.1 - https:\/\/yoast.com\/wordpress\/plugins\/seo\/ -->\n<title>Central de monitoreo - Tu mejor opci\u00f3n Equipo M\u00e9dico M\u00e9xico<\/title>\n<meta name=\"robots\" content=\"index, follow, max-snippet:-1, max-image-preview:large, max-video-preview:-1\" \/>\n<link rel=\"canonical\" href=\"https:\/\/buscoequipomedico.com\/?product=central-de-monitoreo\" \/>\n<meta property=\"og:locale\" content=\"es_ES\" \/>\n<meta property=\"og:type\" content=\"article\" \/>\n<meta property=\"og:title\" content=\"Central de monitoreo - Tu mejor opci\u00f3n Equipo M\u00e9dico M\u00e9xico\" \/>\n<meta property=\"og:description\" content=\"El sistema de monitoreo central Efficia CMS200 centraliza el monitoreo y alarma secundaria, mejora el acceso a los datos hist\u00f3ricos de los pacientes, contribuyendo as\u00ed a que su personal trabaje de manera eficiente.\" \/>\n<meta property=\"og:url\" content=\"https:\/\/buscoequipomedico.com\/?product=central-de-monitoreo\" \/>\n<meta property=\"og:site_name\" content=\"Tu mejor opci\u00f3n Equipo M\u00e9dico M\u00e9xico\" \/>\n<meta property=\"article:modified_time\" content=\"2020-02-18T07:35:07+00:00\" \/>\n<meta property=\"og:image\" content=\"https:\/\/buscoequipomedico.com\/wp-content\/uploads\/2020\/02\/central-de-monitoreo-el-sistema-de-monitoreo-central-efficia-cms200-centraliza-el-monitoreo-y-alarma-secundaria-mejora-el-acceso.jpg\" \/>\n\t<meta property=\"og:image:width\" content=\"800\" \/>\n\t<meta property=\"og:image:height\" content=\"800\" \/>\n\t<meta property=\"og:image:type\" content=\"image\/png\" \/>\n<meta name=\"twitter:card\" content=\"summary_large_image\" \/>\n<meta name=\"twitter:label1\" content=\"Tiempo de lectura\" \/>\n\t<meta name=\"twitter:data1\" content=\"1 minuto\" \/>\n<script type=\"application\/ld+json\" class=\"yoast-schema-graph\">{\"@context\":\"https:\/\/schema.org\",\"@graph\":[{\"@type\":\"WebPage\",\"@id\":\"https:\/\/buscoequipomedico.com\/?product=central-de-monitoreo\",\"url\":\"https:\/\/buscoequipomedico.com\/?product=central-de-monitoreo\",\"name\":\"Central de monitoreo - Tu mejor opci\u00f3n Equipo M\u00e9dico M\u00e9xico\",\"isPartOf\":{\"@id\":\"https:\/\/buscoequipomedico.com\/#website\"},\"primaryImageOfPage\":{\"@id\":\"https:\/\/buscoequipomedico.com\/?product=central-de-monitoreo#primaryimage\"},\"image\":{\"@id\":\"https:\/\/buscoequipomedico.com\/?product=central-de-monitoreo#primaryimage\"},\"thumbnailUrl\":\"https:\/\/buscoequipomedico.com\/wp-content\/uploads\/2020\/02\/central-de-monitoreo-el-sistema-de-monitoreo-central-efficia-cms200-centraliza-el-monitoreo-y-alarma-secundaria-mejora-el-acceso.jpg\",\"datePublished\":\"2020-02-18T07:35:06+00:00\",\"dateModified\":\"2020-02-18T07:35:07+00:00\",\"breadcrumb\":{\"@id\":\"https:\/\/buscoequipomedico.com\/?product=central-de-monitoreo#breadcrumb\"},\"inLanguage\":\"es\",\"potentialAction\":[{\"@type\":\"ReadAction\",\"target\":[\"https:\/\/buscoequipomedico.com\/?product=central-de-monitoreo\"]}]},{\"@type\":\"ImageObject\",\"inLanguage\":\"es\",\"@id\":\"https:\/\/buscoequipomedico.com\/?product=central-de-monitoreo#primaryimage\",\"url\":\"https:\/\/buscoequipomedico.com\/wp-content\/uploads\/2020\/02\/central-de-monitoreo-el-sistema-de-monitoreo-central-efficia-cms200-centraliza-el-monitoreo-y-alarma-secundaria-mejora-el-acceso.jpg\",\"contentUrl\":\"https:\/\/buscoequipomedico.com\/wp-content\/uploads\/2020\/02\/central-de-monitoreo-el-sistema-de-monitoreo-central-efficia-cms200-centraliza-el-monitoreo-y-alarma-secundaria-mejora-el-acceso.jpg\",\"width\":800,\"height\":800},{\"@type\":\"BreadcrumbList\",\"@id\":\"https:\/\/buscoequipomedico.com\/?product=central-de-monitoreo#breadcrumb\",\"itemListElement\":[{\"@type\":\"ListItem\",\"position\":1,\"name\":\"Productos\",\"item\":\"https:\/\/buscoequipomedico.com\/shop\/\"},{\"@type\":\"ListItem\",\"position\":2,\"name\":\"Central de monitoreo\"}]},{\"@type\":\"WebSite\",\"@id\":\"https:\/\/buscoequipomedico.com\/#website\",\"url\":\"https:\/\/buscoequipomedico.com\/\",\"name\":\"Tu mejor opci\u00f3n Equipo M\u00e9dico M\u00e9xico\",\"description\":\"Tienda de equipo m\u00e9dico\",\"publisher\":{\"@id\":\"https:\/\/buscoequipomedico.com\/#organization\"},\"potentialAction\":[{\"@type\":\"SearchAction\",\"target\":{\"@type\":\"EntryPoint\",\"urlTemplate\":\"https:\/\/buscoequipomedico.com\/?s={search_term_string}\"},\"query-input\":{\"@type\":\"PropertyValueSpecification\",\"valueRequired\":true,\"valueName\":\"search_term_string\"}}],\"inLanguage\":\"es\"},{\"@type\":\"Organization\",\"@id\":\"https:\/\/buscoequipomedico.com\/#organization\",\"name\":\"Tu mejor opci\u00f3n Equipo M\u00e9dico M\u00e9xico\",\"url\":\"https:\/\/buscoequipomedico.com\/\",\"logo\":{\"@type\":\"ImageObject\",\"inLanguage\":\"es\",\"@id\":\"https:\/\/buscoequipomedico.com\/#\/schema\/logo\/image\/\",\"url\":\"https:\/\/buscoequipomedico.com\/wp-content\/uploads\/2021\/07\/EMM-VPrincipal-scaled.jpg\",\"contentUrl\":\"https:\/\/buscoequipomedico.com\/wp-content\/uploads\/2021\/07\/EMM-VPrincipal-scaled.jpg\",\"width\":2560,\"height\":1058,\"caption\":\"Tu mejor opci\u00f3n Equipo M\u00e9dico M\u00e9xico\"},\"image\":{\"@id\":\"https:\/\/buscoequipomedico.com\/#\/schema\/logo\/image\/\"}}]}<\/script>\n<!-- \/ Yoast SEO plugin. -->","yoast_head_json":{"title":"Central de monitoreo - Tu mejor opci\u00f3n Equipo M\u00e9dico M\u00e9xico","robots":{"index":"index","follow":"follow","max-snippet":"max-snippet:-1","max-image-preview":"max-image-preview:large","max-video-preview":"max-video-preview:-1"},"canonical":"https:\/\/buscoequipomedico.com\/?product=central-de-monitoreo","og_locale":"es_ES","og_type":"article","og_title":"Central de monitoreo - Tu mejor opci\u00f3n Equipo M\u00e9dico M\u00e9xico","og_description":"El sistema de monitoreo central Efficia CMS200 centraliza el monitoreo y alarma secundaria, mejora el acceso a los datos hist\u00f3ricos de los pacientes, contribuyendo as\u00ed a que su personal trabaje de manera eficiente.","og_url":"https:\/\/buscoequipomedico.com\/?product=central-de-monitoreo","og_site_name":"Tu mejor opci\u00f3n Equipo M\u00e9dico M\u00e9xico","article_modified_time":"2020-02-18T07:35:07+00:00","og_image":[{"width":800,"height":800,"url":"https:\/\/buscoequipomedico.com\/wp-content\/uploads\/2020\/02\/central-de-monitoreo-el-sistema-de-monitoreo-central-efficia-cms200-centraliza-el-monitoreo-y-alarma-secundaria-mejora-el-acceso.jpg","type":"image\/png"}],"twitter_card":"summary_large_image","twitter_misc":{"Tiempo de lectura":"1 minuto"},"schema":{"@context":"https:\/\/schema.org","@graph":[{"@type":"WebPage","@id":"https:\/\/buscoequipomedico.com\/?product=central-de-monitoreo","url":"https:\/\/buscoequipomedico.com\/?product=central-de-monitoreo","name":"Central de monitoreo - Tu mejor opci\u00f3n Equipo M\u00e9dico M\u00e9xico","isPartOf":{"@id":"https:\/\/buscoequipomedico.com\/#website"},"primaryImageOfPage":{"@id":"https:\/\/buscoequipomedico.com\/?product=central-de-monitoreo#primaryimage"},"image":{"@id":"https:\/\/buscoequipomedico.com\/?product=central-de-monitoreo#primaryimage"},"thumbnailUrl":"https:\/\/buscoequipomedico.com\/wp-content\/uploads\/2020\/02\/central-de-monitoreo-el-sistema-de-monitoreo-central-efficia-cms200-centraliza-el-monitoreo-y-alarma-secundaria-mejora-el-acceso.jpg","datePublished":"2020-02-18T07:35:06+00:00","dateModified":"2020-02-18T07:35:07+00:00","breadcrumb":{"@id":"https:\/\/buscoequipomedico.com\/?product=central-de-monitoreo#breadcrumb"},"inLanguage":"es","potentialAction":[{"@type":"ReadAction","target":["https:\/\/buscoequipomedico.com\/?product=central-de-monitoreo"]}]},{"@type":"ImageObject","inLanguage":"es","@id":"https:\/\/buscoequipomedico.com\/?product=central-de-monitoreo#primaryimage","url":"https:\/\/buscoequipomedico.com\/wp-content\/uploads\/2020\/02\/central-de-monitoreo-el-sistema-de-monitoreo-central-efficia-cms200-centraliza-el-monitoreo-y-alarma-secundaria-mejora-el-acceso.jpg","contentUrl":"https:\/\/buscoequipomedico.com\/wp-content\/uploads\/2020\/02\/central-de-monitoreo-el-sistema-de-monitoreo-central-efficia-cms200-centraliza-el-monitoreo-y-alarma-secundaria-mejora-el-acceso.jpg","width":800,"height":800},{"@type":"BreadcrumbList","@id":"https:\/\/buscoequipomedico.com\/?product=central-de-monitoreo#breadcrumb","itemListElement":[{"@type":"ListItem","position":1,"name":"Productos","item":"https:\/\/buscoequipomedico.com\/shop\/"},{"@type":"ListItem","position":2,"name":"Central de monitoreo"}]},{"@type":"WebSite","@id":"https:\/\/buscoequipomedico.com\/#website","url":"https:\/\/buscoequipomedico.com\/","name":"Tu mejor opci\u00f3n Equipo M\u00e9dico M\u00e9xico","description":"Tienda de equipo m\u00e9dico","publisher":{"@id":"https:\/\/buscoequipomedico.com\/#organization"},"potentialAction":[{"@type":"SearchAction","target":{"@type":"EntryPoint","urlTemplate":"https:\/\/buscoequipomedico.com\/?s={search_term_string}"},"query-input":{"@type":"PropertyValueSpecification","valueRequired":true,"valueName":"search_term_string"}}],"inLanguage":"es"},{"@type":"Organization","@id":"https:\/\/buscoequipomedico.com\/#organization","name":"Tu mejor opci\u00f3n Equipo M\u00e9dico M\u00e9xico","url":"https:\/\/buscoequipomedico.com\/","logo":{"@type":"ImageObject","inLanguage":"es","@id":"https:\/\/buscoequipomedico.com\/#\/schema\/logo\/image\/","url":"https:\/\/buscoequipomedico.com\/wp-content\/uploads\/2021\/07\/EMM-VPrincipal-scaled.jpg","contentUrl":"https:\/\/buscoequipomedico.com\/wp-content\/uploads\/2021\/07\/EMM-VPrincipal-scaled.jpg","width":2560,"height":1058,"caption":"Tu mejor opci\u00f3n Equipo M\u00e9dico M\u00e9xico"},"image":{"@id":"https:\/\/buscoequipomedico.com\/#\/schema\/logo\/image\/"}}]}},"_links":{"self":[{"href":"https:\/\/buscoequipomedico.com\/index.php?rest_route=\/wp\/v2\/product\/12319","targetHints":{"allow":["GET"]}}],"collection":[{"href":"https:\/\/buscoequipomedico.com\/index.php?rest_route=\/wp\/v2\/product"}],"about":[{"href":"https:\/\/buscoequipomedico.com\/index.php?rest_route=\/wp\/v2\/types\/product"}],"wp:featuredmedia":[{"embeddable":true,"href":"https:\/\/buscoequipomedico.com\/index.php?rest_route=\/wp\/v2\/media\/12320"}],"wp:attachment":[{"href":"https:\/\/buscoequipomedico.com\/index.php?rest_route=%2Fwp%2Fv2%2Fmedia&parent=12319"}],"wp:term":[{"taxonomy":"product_brand","embeddable":true,"href":"https:\/\/buscoequipomedico.com\/index.php?rest_route=%2Fwp%2Fv2%2Fproduct_brand&post=12319"},{"taxonomy":"product_cat","embeddable":true,"href":"https:\/\/buscoequipomedico.com\/index.php?rest_route=%2Fwp%2Fv2%2Fproduct_cat&post=12319"},{"taxonomy":"product_tag","embeddable":true,"href":"https:\/\/buscoequipomedico.com\/index.php?rest_route=%2Fwp%2Fv2%2Fproduct_tag&post=12319"}],"curies":[{"name":"wp","href":"https:\/\/api.w.org\/{rel}","templated":true}]}}