{"id":12321,"date":"2020-02-18T07:35:06","date_gmt":"2020-02-18T07:35:06","guid":{"rendered":"https:\/\/equipomedicomexico-com.preview-domain.com\/product\/electrocardiografo-multicanal-de-12-derivaciones\/"},"modified":"2020-02-18T07:35:07","modified_gmt":"2020-02-18T07:35:07","slug":"electrocardiografo-multicanal-de-12-derivaciones","status":"publish","type":"product","link":"https:\/\/buscoequipomedico.com\/?product=electrocardiografo-multicanal-de-12-derivaciones","title":{"rendered":"ELECTROCARDIOGRAFO MULTICANAL DE 12 DERIVACIONES"},"content":{"rendered":"<p>El electrocardi\u00f3grafo PageWriter TC10 es un equipo utilizado para para la adquisici\u00f3n del ECG diagn\u00f3stico. Gracias a su pantalla t\u00e1ctil\u00a0 intuitiva y tama\u00f1o es una soluci\u00f3n port\u00e1til, asequible y sencilla sin dejar de lado todas las caracter\u00edsticas que definen a los electrocardi\u00f3grafos de Philips.<\/p>\n<p>-Facilidad de uso en 3 sencillos pasos para la adquisici\u00f3n del ECG diagn\u00f3stico.<\/p>\n<p>-Pantalla t\u00e1ctil de 7\u201d intuitiva que mejora el flujo de trabajo<\/p>\n<p>-Asa de transporte<\/p>\n<p>-Impresora de 6 canales<\/p>\n<p>-Algoritmo DXL ECG de Philips que ayuda al usuario en la toma de decisiones cl\u00ednicas.<\/p>\n<p>-Capacidad de conexi\u00f3n al\u00e1mbrica e inal\u00e1mbrica<\/p>\n<p>-Exportaci\u00f3n de informe en diferentes formatos<\/p>\n","protected":false},"excerpt":{"rendered":"<p><span>Port\u00e1til, ligero y con una c\u00f3moda asa que facilita su uso en pr\u00e1cticamente<\/span><\/p>\n<p><span>cualquier entorno sanitario. Manejo t\u00e1ctil y sencillo en tres pasos con el<\/span><\/p>\n<p><span>algoritmo DXL de ECG de Philips. Flujo de trabajo automatizado con solo pulsar un bot\u00f3n mediante XML, HL7 y DICOM.<\/span><\/p>\n","protected":false},"featured_media":12322,"template":"","meta":{"_joinchat":[]},"product_brand":[],"product_cat":[213],"product_tag":[],"class_list":{"0":"post-12321","1":"product","2":"type-product","3":"status-publish","4":"has-post-thumbnail","6":"product_cat-concentradores","7":"pa_marca-philips","9":"first","10":"instock","11":"purchasable","12":"product-type-simple"},"yoast_head":"<!-- This site is optimized with the Yoast SEO plugin v25.1 - https:\/\/yoast.com\/wordpress\/plugins\/seo\/ -->\n<title>ELECTROCARDIOGRAFO MULTICANAL DE 12 DERIVACIONES - Tu mejor opci\u00f3n Equipo M\u00e9dico M\u00e9xico<\/title>\n<meta name=\"robots\" content=\"index, follow, max-snippet:-1, max-image-preview:large, max-video-preview:-1\" \/>\n<link rel=\"canonical\" href=\"https:\/\/buscoequipomedico.com\/?product=electrocardiografo-multicanal-de-12-derivaciones\" \/>\n<meta property=\"og:locale\" content=\"es_ES\" \/>\n<meta property=\"og:type\" content=\"article\" \/>\n<meta property=\"og:title\" content=\"ELECTROCARDIOGRAFO MULTICANAL DE 12 DERIVACIONES - Tu mejor opci\u00f3n Equipo M\u00e9dico M\u00e9xico\" \/>\n<meta property=\"og:description\" content=\"Port\u00e1til, ligero y con una c\u00f3moda asa que facilita su uso en pr\u00e1cticamente cualquier entorno sanitario. Manejo t\u00e1ctil y sencillo en tres pasos con el algoritmo DXL de ECG de Philips. Flujo de trabajo automatizado con solo pulsar un bot\u00f3n mediante XML, HL7 y DICOM.\" \/>\n<meta property=\"og:url\" content=\"https:\/\/buscoequipomedico.com\/?product=electrocardiografo-multicanal-de-12-derivaciones\" \/>\n<meta property=\"og:site_name\" content=\"Tu mejor opci\u00f3n Equipo M\u00e9dico M\u00e9xico\" \/>\n<meta property=\"article:modified_time\" content=\"2020-02-18T07:35:07+00:00\" \/>\n<meta property=\"og:image\" content=\"https:\/\/buscoequipomedico.com\/wp-content\/uploads\/2020\/02\/electrocardiografo-multicanal-de-12-derivaciones-portatil-ligero-y-con-una-comoda-asa-que-facilita-su-uso-en-practicamente-cualq.jpg\" \/>\n\t<meta property=\"og:image:width\" content=\"800\" \/>\n\t<meta property=\"og:image:height\" content=\"800\" \/>\n\t<meta property=\"og:image:type\" content=\"image\/jpeg\" \/>\n<meta name=\"twitter:card\" content=\"summary_large_image\" \/>\n<meta name=\"twitter:label1\" content=\"Tiempo de lectura\" \/>\n\t<meta name=\"twitter:data1\" content=\"1 minuto\" \/>\n<script type=\"application\/ld+json\" class=\"yoast-schema-graph\">{\"@context\":\"https:\/\/schema.org\",\"@graph\":[{\"@type\":\"WebPage\",\"@id\":\"https:\/\/buscoequipomedico.com\/?product=electrocardiografo-multicanal-de-12-derivaciones\",\"url\":\"https:\/\/buscoequipomedico.com\/?product=electrocardiografo-multicanal-de-12-derivaciones\",\"name\":\"ELECTROCARDIOGRAFO MULTICANAL DE 12 DERIVACIONES - Tu mejor opci\u00f3n Equipo M\u00e9dico M\u00e9xico\",\"isPartOf\":{\"@id\":\"https:\/\/buscoequipomedico.com\/#website\"},\"primaryImageOfPage\":{\"@id\":\"https:\/\/buscoequipomedico.com\/?product=electrocardiografo-multicanal-de-12-derivaciones#primaryimage\"},\"image\":{\"@id\":\"https:\/\/buscoequipomedico.com\/?product=electrocardiografo-multicanal-de-12-derivaciones#primaryimage\"},\"thumbnailUrl\":\"https:\/\/buscoequipomedico.com\/wp-content\/uploads\/2020\/02\/electrocardiografo-multicanal-de-12-derivaciones-portatil-ligero-y-con-una-comoda-asa-que-facilita-su-uso-en-practicamente-cualq.jpg\",\"datePublished\":\"2020-02-18T07:35:06+00:00\",\"dateModified\":\"2020-02-18T07:35:07+00:00\",\"breadcrumb\":{\"@id\":\"https:\/\/buscoequipomedico.com\/?product=electrocardiografo-multicanal-de-12-derivaciones#breadcrumb\"},\"inLanguage\":\"es\",\"potentialAction\":[{\"@type\":\"ReadAction\",\"target\":[\"https:\/\/buscoequipomedico.com\/?product=electrocardiografo-multicanal-de-12-derivaciones\"]}]},{\"@type\":\"ImageObject\",\"inLanguage\":\"es\",\"@id\":\"https:\/\/buscoequipomedico.com\/?product=electrocardiografo-multicanal-de-12-derivaciones#primaryimage\",\"url\":\"https:\/\/buscoequipomedico.com\/wp-content\/uploads\/2020\/02\/electrocardiografo-multicanal-de-12-derivaciones-portatil-ligero-y-con-una-comoda-asa-que-facilita-su-uso-en-practicamente-cualq.jpg\",\"contentUrl\":\"https:\/\/buscoequipomedico.com\/wp-content\/uploads\/2020\/02\/electrocardiografo-multicanal-de-12-derivaciones-portatil-ligero-y-con-una-comoda-asa-que-facilita-su-uso-en-practicamente-cualq.jpg\",\"width\":800,\"height\":800},{\"@type\":\"BreadcrumbList\",\"@id\":\"https:\/\/buscoequipomedico.com\/?product=electrocardiografo-multicanal-de-12-derivaciones#breadcrumb\",\"itemListElement\":[{\"@type\":\"ListItem\",\"position\":1,\"name\":\"Productos\",\"item\":\"https:\/\/buscoequipomedico.com\/shop\/\"},{\"@type\":\"ListItem\",\"position\":2,\"name\":\"ELECTROCARDIOGRAFO MULTICANAL DE 12 DERIVACIONES\"}]},{\"@type\":\"WebSite\",\"@id\":\"https:\/\/buscoequipomedico.com\/#website\",\"url\":\"https:\/\/buscoequipomedico.com\/\",\"name\":\"Tu mejor opci\u00f3n Equipo M\u00e9dico M\u00e9xico\",\"description\":\"Tienda de equipo m\u00e9dico\",\"publisher\":{\"@id\":\"https:\/\/buscoequipomedico.com\/#organization\"},\"potentialAction\":[{\"@type\":\"SearchAction\",\"target\":{\"@type\":\"EntryPoint\",\"urlTemplate\":\"https:\/\/buscoequipomedico.com\/?s={search_term_string}\"},\"query-input\":{\"@type\":\"PropertyValueSpecification\",\"valueRequired\":true,\"valueName\":\"search_term_string\"}}],\"inLanguage\":\"es\"},{\"@type\":\"Organization\",\"@id\":\"https:\/\/buscoequipomedico.com\/#organization\",\"name\":\"Tu mejor opci\u00f3n Equipo M\u00e9dico M\u00e9xico\",\"url\":\"https:\/\/buscoequipomedico.com\/\",\"logo\":{\"@type\":\"ImageObject\",\"inLanguage\":\"es\",\"@id\":\"https:\/\/buscoequipomedico.com\/#\/schema\/logo\/image\/\",\"url\":\"https:\/\/buscoequipomedico.com\/wp-content\/uploads\/2021\/07\/EMM-VPrincipal-scaled.jpg\",\"contentUrl\":\"https:\/\/buscoequipomedico.com\/wp-content\/uploads\/2021\/07\/EMM-VPrincipal-scaled.jpg\",\"width\":2560,\"height\":1058,\"caption\":\"Tu mejor opci\u00f3n Equipo M\u00e9dico M\u00e9xico\"},\"image\":{\"@id\":\"https:\/\/buscoequipomedico.com\/#\/schema\/logo\/image\/\"}}]}<\/script>\n<!-- \/ Yoast SEO plugin. -->","yoast_head_json":{"title":"ELECTROCARDIOGRAFO MULTICANAL DE 12 DERIVACIONES - Tu mejor opci\u00f3n Equipo M\u00e9dico M\u00e9xico","robots":{"index":"index","follow":"follow","max-snippet":"max-snippet:-1","max-image-preview":"max-image-preview:large","max-video-preview":"max-video-preview:-1"},"canonical":"https:\/\/buscoequipomedico.com\/?product=electrocardiografo-multicanal-de-12-derivaciones","og_locale":"es_ES","og_type":"article","og_title":"ELECTROCARDIOGRAFO MULTICANAL DE 12 DERIVACIONES - Tu mejor opci\u00f3n Equipo M\u00e9dico M\u00e9xico","og_description":"Port\u00e1til, ligero y con una c\u00f3moda asa que facilita su uso en pr\u00e1cticamente cualquier entorno sanitario. Manejo t\u00e1ctil y sencillo en tres pasos con el algoritmo DXL de ECG de Philips. Flujo de trabajo automatizado con solo pulsar un bot\u00f3n mediante XML, HL7 y DICOM.","og_url":"https:\/\/buscoequipomedico.com\/?product=electrocardiografo-multicanal-de-12-derivaciones","og_site_name":"Tu mejor opci\u00f3n Equipo M\u00e9dico M\u00e9xico","article_modified_time":"2020-02-18T07:35:07+00:00","og_image":[{"width":800,"height":800,"url":"https:\/\/buscoequipomedico.com\/wp-content\/uploads\/2020\/02\/electrocardiografo-multicanal-de-12-derivaciones-portatil-ligero-y-con-una-comoda-asa-que-facilita-su-uso-en-practicamente-cualq.jpg","type":"image\/jpeg"}],"twitter_card":"summary_large_image","twitter_misc":{"Tiempo de lectura":"1 minuto"},"schema":{"@context":"https:\/\/schema.org","@graph":[{"@type":"WebPage","@id":"https:\/\/buscoequipomedico.com\/?product=electrocardiografo-multicanal-de-12-derivaciones","url":"https:\/\/buscoequipomedico.com\/?product=electrocardiografo-multicanal-de-12-derivaciones","name":"ELECTROCARDIOGRAFO MULTICANAL DE 12 DERIVACIONES - Tu mejor opci\u00f3n Equipo M\u00e9dico M\u00e9xico","isPartOf":{"@id":"https:\/\/buscoequipomedico.com\/#website"},"primaryImageOfPage":{"@id":"https:\/\/buscoequipomedico.com\/?product=electrocardiografo-multicanal-de-12-derivaciones#primaryimage"},"image":{"@id":"https:\/\/buscoequipomedico.com\/?product=electrocardiografo-multicanal-de-12-derivaciones#primaryimage"},"thumbnailUrl":"https:\/\/buscoequipomedico.com\/wp-content\/uploads\/2020\/02\/electrocardiografo-multicanal-de-12-derivaciones-portatil-ligero-y-con-una-comoda-asa-que-facilita-su-uso-en-practicamente-cualq.jpg","datePublished":"2020-02-18T07:35:06+00:00","dateModified":"2020-02-18T07:35:07+00:00","breadcrumb":{"@id":"https:\/\/buscoequipomedico.com\/?product=electrocardiografo-multicanal-de-12-derivaciones#breadcrumb"},"inLanguage":"es","potentialAction":[{"@type":"ReadAction","target":["https:\/\/buscoequipomedico.com\/?product=electrocardiografo-multicanal-de-12-derivaciones"]}]},{"@type":"ImageObject","inLanguage":"es","@id":"https:\/\/buscoequipomedico.com\/?product=electrocardiografo-multicanal-de-12-derivaciones#primaryimage","url":"https:\/\/buscoequipomedico.com\/wp-content\/uploads\/2020\/02\/electrocardiografo-multicanal-de-12-derivaciones-portatil-ligero-y-con-una-comoda-asa-que-facilita-su-uso-en-practicamente-cualq.jpg","contentUrl":"https:\/\/buscoequipomedico.com\/wp-content\/uploads\/2020\/02\/electrocardiografo-multicanal-de-12-derivaciones-portatil-ligero-y-con-una-comoda-asa-que-facilita-su-uso-en-practicamente-cualq.jpg","width":800,"height":800},{"@type":"BreadcrumbList","@id":"https:\/\/buscoequipomedico.com\/?product=electrocardiografo-multicanal-de-12-derivaciones#breadcrumb","itemListElement":[{"@type":"ListItem","position":1,"name":"Productos","item":"https:\/\/buscoequipomedico.com\/shop\/"},{"@type":"ListItem","position":2,"name":"ELECTROCARDIOGRAFO MULTICANAL DE 12 DERIVACIONES"}]},{"@type":"WebSite","@id":"https:\/\/buscoequipomedico.com\/#website","url":"https:\/\/buscoequipomedico.com\/","name":"Tu mejor opci\u00f3n Equipo M\u00e9dico M\u00e9xico","description":"Tienda de equipo m\u00e9dico","publisher":{"@id":"https:\/\/buscoequipomedico.com\/#organization"},"potentialAction":[{"@type":"SearchAction","target":{"@type":"EntryPoint","urlTemplate":"https:\/\/buscoequipomedico.com\/?s={search_term_string}"},"query-input":{"@type":"PropertyValueSpecification","valueRequired":true,"valueName":"search_term_string"}}],"inLanguage":"es"},{"@type":"Organization","@id":"https:\/\/buscoequipomedico.com\/#organization","name":"Tu mejor opci\u00f3n Equipo M\u00e9dico M\u00e9xico","url":"https:\/\/buscoequipomedico.com\/","logo":{"@type":"ImageObject","inLanguage":"es","@id":"https:\/\/buscoequipomedico.com\/#\/schema\/logo\/image\/","url":"https:\/\/buscoequipomedico.com\/wp-content\/uploads\/2021\/07\/EMM-VPrincipal-scaled.jpg","contentUrl":"https:\/\/buscoequipomedico.com\/wp-content\/uploads\/2021\/07\/EMM-VPrincipal-scaled.jpg","width":2560,"height":1058,"caption":"Tu mejor opci\u00f3n Equipo M\u00e9dico M\u00e9xico"},"image":{"@id":"https:\/\/buscoequipomedico.com\/#\/schema\/logo\/image\/"}}]}},"_links":{"self":[{"href":"https:\/\/buscoequipomedico.com\/index.php?rest_route=\/wp\/v2\/product\/12321","targetHints":{"allow":["GET"]}}],"collection":[{"href":"https:\/\/buscoequipomedico.com\/index.php?rest_route=\/wp\/v2\/product"}],"about":[{"href":"https:\/\/buscoequipomedico.com\/index.php?rest_route=\/wp\/v2\/types\/product"}],"wp:featuredmedia":[{"embeddable":true,"href":"https:\/\/buscoequipomedico.com\/index.php?rest_route=\/wp\/v2\/media\/12322"}],"wp:attachment":[{"href":"https:\/\/buscoequipomedico.com\/index.php?rest_route=%2Fwp%2Fv2%2Fmedia&parent=12321"}],"wp:term":[{"taxonomy":"product_brand","embeddable":true,"href":"https:\/\/buscoequipomedico.com\/index.php?rest_route=%2Fwp%2Fv2%2Fproduct_brand&post=12321"},{"taxonomy":"product_cat","embeddable":true,"href":"https:\/\/buscoequipomedico.com\/index.php?rest_route=%2Fwp%2Fv2%2Fproduct_cat&post=12321"},{"taxonomy":"product_tag","embeddable":true,"href":"https:\/\/buscoequipomedico.com\/index.php?rest_route=%2Fwp%2Fv2%2Fproduct_tag&post=12321"}],"curies":[{"name":"wp","href":"https:\/\/api.w.org\/{rel}","templated":true}]}}