{"id":12323,"date":"2020-02-18T07:35:06","date_gmt":"2020-02-18T07:35:06","guid":{"rendered":"https:\/\/equipomedicomexico-com.preview-domain.com\/product\/electrocardiografo-multicanal-de-12-derivaciones-2\/"},"modified":"2020-02-18T07:35:08","modified_gmt":"2020-02-18T07:35:08","slug":"electrocardiografo-multicanal-de-12-derivaciones-2","status":"publish","type":"product","link":"https:\/\/buscoequipomedico.com\/?product=electrocardiografo-multicanal-de-12-derivaciones-2","title":{"rendered":"ELECTROCARDIOGRAFO MULTICANAL DE 12 DERIVACIONES"},"content":{"rendered":"<h4>\u2022\u00a0 Funcionamiento t\u00e1ctil r\u00e1pido en tres pasos<br \/>\u2022\u00a0 Botones con luz f\u00e1ciles de usar para guiar al usuario<br \/>\u2022 Ayuda a la toma de decisiones cl\u00ednicas con el algoritmo ECG DXL l\u00edder del sector<\/h4>\n<h4>Adquisici\u00f3n de derivaciones simult\u00e1nea 12 derivaciones<br \/>Informes de ECG Formatos 3\u00d74, 3\u00d74 1R, 3\u00d74 3R, 3\u00d74 1R 8ST, 3\u00d74 1R10ST, 6\u00d72, 12\u00d71 Est\u00e1ndar y Cabrera, adem\u00e1s de Pan 12 Cabrera<br \/>Mediciones est\u00e1ndar Diez mediciones de intervalos, duraci\u00f3n y ejes M\u00e9todo configurable de correcci\u00f3n QTc<br \/>Tiras del ritmo Hasta 12 derivaciones configurables<br \/>Marcado de sucesos Pueden marcarse 6 sucesos independientes para su revisi\u00f3n y an\u00e1lisis posterior Los marcadores de sucesos aparecen en los informes de ECG<br \/>Visualizaci\u00f3n completa (DO 5)Hist\u00f3rico de 5 minutos de las 12 derivaciones Informe de ECG completo de los 10 segundos que seleccione<br \/>ECG programado Admite protocolos de esfuerzo farmacol\u00f3gico<br \/>Almacenamiento\/ transferencia de informesTotal fidelidad a 500 Hz de cada 10 s para las 12 derivaciones<br \/>Formato de informe Formatos PDF o XML<\/h4>\n<h4>Pantalla t\u00e1ctil Funcionamiento en tres pasosAplicaci\u00f3n contextualPantallat\u00e1ctil resistente, 5 cables<br \/>Teclado Teclado alfanum\u00e9rico est\u00e1ndar con 65 teclas Admite caracteres especiales<br \/>Cubierta de silicona para el teclado (H16)<br \/>La cubierta flexible fabricada a base de silicona evita la entrada de l\u00edquidos y part\u00edculas en el teclado<\/h4>\n<h4>Dimensiones\u00a0TFT de matriz activa de 6,5\u2033<br \/>Resoluci\u00f3n\u00a0640\u00d7480 VGA<br \/>Colores\u00a064K colores<\/h4>\n<h4>M\u00f3dulo de interfase del paciente (PIM)(H21)<br \/>El m\u00f3dulo digital remoto, controladopor microprocesador, proporciona una resoluci\u00f3nde5pVy 8.000 muestras por segundo y cable<br \/>Juego de latiguillos largos(H23)<br \/>Los latiguillos de mayor longitud permiten ampliar la distancia entre el PIM y las conexiones al paciente<\/h4>\n<h4>Conectividad LAN(H10) 10\/100 Base-TX IEEE 802.3 Ethernet mediante RJ45 integrado<br \/>M\u00f3dem(H11)V.90, K56flex, V.34 mejorado, V.32bis, V.32, V.22bis e inferior<br \/>Fax(H11)Protocolo de fax m\u00f3dem grupo 3, clase 1\u00f32<br \/>Conectividad inal\u00e1mbrica(D 21)802.11 (g), 802.11 (i), WPA, WPA2, CCX v4<br \/>Conectividad inal\u00e1mbrica(D 22) 802.11(a\/g), 802.11(i), WPA, WPA2<br \/>Almacenamiento interno(DO 6)200 ECG<br \/>Almacenamiento externo 200 ECG con dispositivo USB opcional<\/h4>\n","protected":false},"excerpt":{"rendered":"<h4>De dise\u00f1o avanzado aunque f\u00e1cil de utilizar, el PageWriter TC30 es una soluci\u00f3n asequible y compacta que se adapta al ritmo de sus necesidades. Permite descargar o recuperar de ADT las listas de trabajo, lo que permite gestionar los datos de filiaci\u00f3n de pacientes en la cabecera. Adem\u00e1s, los Informes de ECG pueden exportarse en formato XML o PDF a una historia cl\u00ednica electr\u00f3nica de manera Inal\u00e1mbrica. Y, gracias a las comunicaciones avanzadas entre sistemas, los ECG se pueden recuperar en la cabecera de manera autom\u00e1tica para realizar comparaciones r\u00e1pidas.<\/h4>\n","protected":false},"featured_media":12324,"template":"","meta":{"_joinchat":[]},"product_brand":[],"product_cat":[213],"product_tag":[],"class_list":{"0":"post-12323","1":"product","2":"type-product","3":"status-publish","4":"has-post-thumbnail","6":"product_cat-concentradores","7":"pa_marca-philips","9":"first","10":"instock","11":"purchasable","12":"product-type-simple"},"yoast_head":"<!-- This site is optimized with the Yoast SEO plugin v25.1 - https:\/\/yoast.com\/wordpress\/plugins\/seo\/ -->\n<title>ELECTROCARDIOGRAFO MULTICANAL DE 12 DERIVACIONES - Tu mejor opci\u00f3n Equipo M\u00e9dico M\u00e9xico<\/title>\n<meta name=\"robots\" content=\"index, follow, max-snippet:-1, max-image-preview:large, max-video-preview:-1\" \/>\n<link rel=\"canonical\" href=\"https:\/\/buscoequipomedico.com\/?product=electrocardiografo-multicanal-de-12-derivaciones-2\" \/>\n<meta property=\"og:locale\" content=\"es_ES\" \/>\n<meta property=\"og:type\" content=\"article\" \/>\n<meta property=\"og:title\" content=\"ELECTROCARDIOGRAFO MULTICANAL DE 12 DERIVACIONES - Tu mejor opci\u00f3n Equipo M\u00e9dico M\u00e9xico\" \/>\n<meta property=\"og:description\" content=\"De dise\u00f1o avanzado aunque f\u00e1cil de utilizar, el PageWriter TC30 es una soluci\u00f3n asequible y compacta que se adapta al ritmo de sus necesidades. Permite descargar o recuperar de ADT las listas de trabajo, lo que permite gestionar los datos de filiaci\u00f3n de pacientes en la cabecera. Adem\u00e1s, los Informes de ECG pueden exportarse en formato XML o PDF a una historia cl\u00ednica electr\u00f3nica de manera Inal\u00e1mbrica. Y, gracias a las comunicaciones avanzadas entre sistemas, los ECG se pueden recuperar en la cabecera de manera autom\u00e1tica para realizar comparaciones r\u00e1pidas.\" \/>\n<meta property=\"og:url\" content=\"https:\/\/buscoequipomedico.com\/?product=electrocardiografo-multicanal-de-12-derivaciones-2\" \/>\n<meta property=\"og:site_name\" content=\"Tu mejor opci\u00f3n Equipo M\u00e9dico M\u00e9xico\" \/>\n<meta property=\"article:modified_time\" content=\"2020-02-18T07:35:08+00:00\" \/>\n<meta property=\"og:image\" content=\"https:\/\/buscoequipomedico.com\/wp-content\/uploads\/2020\/02\/electrocardiografo-multicanal-de-12-derivaciones-de-diseno-avanzado-aunque-facil-de-utilizar-el-pagewriter-tc30-es-una-solucion.jpg\" \/>\n\t<meta property=\"og:image:width\" content=\"800\" \/>\n\t<meta property=\"og:image:height\" content=\"800\" \/>\n\t<meta property=\"og:image:type\" content=\"image\/jpeg\" \/>\n<meta name=\"twitter:card\" content=\"summary_large_image\" \/>\n<meta name=\"twitter:label1\" content=\"Tiempo de lectura\" \/>\n\t<meta name=\"twitter:data1\" content=\"2 minutos\" \/>\n<script type=\"application\/ld+json\" class=\"yoast-schema-graph\">{\"@context\":\"https:\/\/schema.org\",\"@graph\":[{\"@type\":\"WebPage\",\"@id\":\"https:\/\/buscoequipomedico.com\/?product=electrocardiografo-multicanal-de-12-derivaciones-2\",\"url\":\"https:\/\/buscoequipomedico.com\/?product=electrocardiografo-multicanal-de-12-derivaciones-2\",\"name\":\"ELECTROCARDIOGRAFO MULTICANAL DE 12 DERIVACIONES - Tu mejor opci\u00f3n Equipo M\u00e9dico M\u00e9xico\",\"isPartOf\":{\"@id\":\"https:\/\/buscoequipomedico.com\/#website\"},\"primaryImageOfPage\":{\"@id\":\"https:\/\/buscoequipomedico.com\/?product=electrocardiografo-multicanal-de-12-derivaciones-2#primaryimage\"},\"image\":{\"@id\":\"https:\/\/buscoequipomedico.com\/?product=electrocardiografo-multicanal-de-12-derivaciones-2#primaryimage\"},\"thumbnailUrl\":\"https:\/\/buscoequipomedico.com\/wp-content\/uploads\/2020\/02\/electrocardiografo-multicanal-de-12-derivaciones-de-diseno-avanzado-aunque-facil-de-utilizar-el-pagewriter-tc30-es-una-solucion.jpg\",\"datePublished\":\"2020-02-18T07:35:06+00:00\",\"dateModified\":\"2020-02-18T07:35:08+00:00\",\"breadcrumb\":{\"@id\":\"https:\/\/buscoequipomedico.com\/?product=electrocardiografo-multicanal-de-12-derivaciones-2#breadcrumb\"},\"inLanguage\":\"es\",\"potentialAction\":[{\"@type\":\"ReadAction\",\"target\":[\"https:\/\/buscoequipomedico.com\/?product=electrocardiografo-multicanal-de-12-derivaciones-2\"]}]},{\"@type\":\"ImageObject\",\"inLanguage\":\"es\",\"@id\":\"https:\/\/buscoequipomedico.com\/?product=electrocardiografo-multicanal-de-12-derivaciones-2#primaryimage\",\"url\":\"https:\/\/buscoequipomedico.com\/wp-content\/uploads\/2020\/02\/electrocardiografo-multicanal-de-12-derivaciones-de-diseno-avanzado-aunque-facil-de-utilizar-el-pagewriter-tc30-es-una-solucion.jpg\",\"contentUrl\":\"https:\/\/buscoequipomedico.com\/wp-content\/uploads\/2020\/02\/electrocardiografo-multicanal-de-12-derivaciones-de-diseno-avanzado-aunque-facil-de-utilizar-el-pagewriter-tc30-es-una-solucion.jpg\",\"width\":800,\"height\":800},{\"@type\":\"BreadcrumbList\",\"@id\":\"https:\/\/buscoequipomedico.com\/?product=electrocardiografo-multicanal-de-12-derivaciones-2#breadcrumb\",\"itemListElement\":[{\"@type\":\"ListItem\",\"position\":1,\"name\":\"Productos\",\"item\":\"https:\/\/buscoequipomedico.com\/shop\/\"},{\"@type\":\"ListItem\",\"position\":2,\"name\":\"ELECTROCARDIOGRAFO MULTICANAL DE 12 DERIVACIONES\"}]},{\"@type\":\"WebSite\",\"@id\":\"https:\/\/buscoequipomedico.com\/#website\",\"url\":\"https:\/\/buscoequipomedico.com\/\",\"name\":\"Tu mejor opci\u00f3n Equipo M\u00e9dico M\u00e9xico\",\"description\":\"Tienda de equipo m\u00e9dico\",\"publisher\":{\"@id\":\"https:\/\/buscoequipomedico.com\/#organization\"},\"potentialAction\":[{\"@type\":\"SearchAction\",\"target\":{\"@type\":\"EntryPoint\",\"urlTemplate\":\"https:\/\/buscoequipomedico.com\/?s={search_term_string}\"},\"query-input\":{\"@type\":\"PropertyValueSpecification\",\"valueRequired\":true,\"valueName\":\"search_term_string\"}}],\"inLanguage\":\"es\"},{\"@type\":\"Organization\",\"@id\":\"https:\/\/buscoequipomedico.com\/#organization\",\"name\":\"Tu mejor opci\u00f3n Equipo M\u00e9dico M\u00e9xico\",\"url\":\"https:\/\/buscoequipomedico.com\/\",\"logo\":{\"@type\":\"ImageObject\",\"inLanguage\":\"es\",\"@id\":\"https:\/\/buscoequipomedico.com\/#\/schema\/logo\/image\/\",\"url\":\"https:\/\/buscoequipomedico.com\/wp-content\/uploads\/2021\/07\/EMM-VPrincipal-scaled.jpg\",\"contentUrl\":\"https:\/\/buscoequipomedico.com\/wp-content\/uploads\/2021\/07\/EMM-VPrincipal-scaled.jpg\",\"width\":2560,\"height\":1058,\"caption\":\"Tu mejor opci\u00f3n Equipo M\u00e9dico M\u00e9xico\"},\"image\":{\"@id\":\"https:\/\/buscoequipomedico.com\/#\/schema\/logo\/image\/\"}}]}<\/script>\n<!-- \/ Yoast SEO plugin. -->","yoast_head_json":{"title":"ELECTROCARDIOGRAFO MULTICANAL DE 12 DERIVACIONES - Tu mejor opci\u00f3n Equipo M\u00e9dico M\u00e9xico","robots":{"index":"index","follow":"follow","max-snippet":"max-snippet:-1","max-image-preview":"max-image-preview:large","max-video-preview":"max-video-preview:-1"},"canonical":"https:\/\/buscoequipomedico.com\/?product=electrocardiografo-multicanal-de-12-derivaciones-2","og_locale":"es_ES","og_type":"article","og_title":"ELECTROCARDIOGRAFO MULTICANAL DE 12 DERIVACIONES - Tu mejor opci\u00f3n Equipo M\u00e9dico M\u00e9xico","og_description":"De dise\u00f1o avanzado aunque f\u00e1cil de utilizar, el PageWriter TC30 es una soluci\u00f3n asequible y compacta que se adapta al ritmo de sus necesidades. Permite descargar o recuperar de ADT las listas de trabajo, lo que permite gestionar los datos de filiaci\u00f3n de pacientes en la cabecera. Adem\u00e1s, los Informes de ECG pueden exportarse en formato XML o PDF a una historia cl\u00ednica electr\u00f3nica de manera Inal\u00e1mbrica. Y, gracias a las comunicaciones avanzadas entre sistemas, los ECG se pueden recuperar en la cabecera de manera autom\u00e1tica para realizar comparaciones r\u00e1pidas.","og_url":"https:\/\/buscoequipomedico.com\/?product=electrocardiografo-multicanal-de-12-derivaciones-2","og_site_name":"Tu mejor opci\u00f3n Equipo M\u00e9dico M\u00e9xico","article_modified_time":"2020-02-18T07:35:08+00:00","og_image":[{"width":800,"height":800,"url":"https:\/\/buscoequipomedico.com\/wp-content\/uploads\/2020\/02\/electrocardiografo-multicanal-de-12-derivaciones-de-diseno-avanzado-aunque-facil-de-utilizar-el-pagewriter-tc30-es-una-solucion.jpg","type":"image\/jpeg"}],"twitter_card":"summary_large_image","twitter_misc":{"Tiempo de lectura":"2 minutos"},"schema":{"@context":"https:\/\/schema.org","@graph":[{"@type":"WebPage","@id":"https:\/\/buscoequipomedico.com\/?product=electrocardiografo-multicanal-de-12-derivaciones-2","url":"https:\/\/buscoequipomedico.com\/?product=electrocardiografo-multicanal-de-12-derivaciones-2","name":"ELECTROCARDIOGRAFO MULTICANAL DE 12 DERIVACIONES - Tu mejor opci\u00f3n Equipo M\u00e9dico M\u00e9xico","isPartOf":{"@id":"https:\/\/buscoequipomedico.com\/#website"},"primaryImageOfPage":{"@id":"https:\/\/buscoequipomedico.com\/?product=electrocardiografo-multicanal-de-12-derivaciones-2#primaryimage"},"image":{"@id":"https:\/\/buscoequipomedico.com\/?product=electrocardiografo-multicanal-de-12-derivaciones-2#primaryimage"},"thumbnailUrl":"https:\/\/buscoequipomedico.com\/wp-content\/uploads\/2020\/02\/electrocardiografo-multicanal-de-12-derivaciones-de-diseno-avanzado-aunque-facil-de-utilizar-el-pagewriter-tc30-es-una-solucion.jpg","datePublished":"2020-02-18T07:35:06+00:00","dateModified":"2020-02-18T07:35:08+00:00","breadcrumb":{"@id":"https:\/\/buscoequipomedico.com\/?product=electrocardiografo-multicanal-de-12-derivaciones-2#breadcrumb"},"inLanguage":"es","potentialAction":[{"@type":"ReadAction","target":["https:\/\/buscoequipomedico.com\/?product=electrocardiografo-multicanal-de-12-derivaciones-2"]}]},{"@type":"ImageObject","inLanguage":"es","@id":"https:\/\/buscoequipomedico.com\/?product=electrocardiografo-multicanal-de-12-derivaciones-2#primaryimage","url":"https:\/\/buscoequipomedico.com\/wp-content\/uploads\/2020\/02\/electrocardiografo-multicanal-de-12-derivaciones-de-diseno-avanzado-aunque-facil-de-utilizar-el-pagewriter-tc30-es-una-solucion.jpg","contentUrl":"https:\/\/buscoequipomedico.com\/wp-content\/uploads\/2020\/02\/electrocardiografo-multicanal-de-12-derivaciones-de-diseno-avanzado-aunque-facil-de-utilizar-el-pagewriter-tc30-es-una-solucion.jpg","width":800,"height":800},{"@type":"BreadcrumbList","@id":"https:\/\/buscoequipomedico.com\/?product=electrocardiografo-multicanal-de-12-derivaciones-2#breadcrumb","itemListElement":[{"@type":"ListItem","position":1,"name":"Productos","item":"https:\/\/buscoequipomedico.com\/shop\/"},{"@type":"ListItem","position":2,"name":"ELECTROCARDIOGRAFO MULTICANAL DE 12 DERIVACIONES"}]},{"@type":"WebSite","@id":"https:\/\/buscoequipomedico.com\/#website","url":"https:\/\/buscoequipomedico.com\/","name":"Tu mejor opci\u00f3n Equipo M\u00e9dico M\u00e9xico","description":"Tienda de equipo m\u00e9dico","publisher":{"@id":"https:\/\/buscoequipomedico.com\/#organization"},"potentialAction":[{"@type":"SearchAction","target":{"@type":"EntryPoint","urlTemplate":"https:\/\/buscoequipomedico.com\/?s={search_term_string}"},"query-input":{"@type":"PropertyValueSpecification","valueRequired":true,"valueName":"search_term_string"}}],"inLanguage":"es"},{"@type":"Organization","@id":"https:\/\/buscoequipomedico.com\/#organization","name":"Tu mejor opci\u00f3n Equipo M\u00e9dico M\u00e9xico","url":"https:\/\/buscoequipomedico.com\/","logo":{"@type":"ImageObject","inLanguage":"es","@id":"https:\/\/buscoequipomedico.com\/#\/schema\/logo\/image\/","url":"https:\/\/buscoequipomedico.com\/wp-content\/uploads\/2021\/07\/EMM-VPrincipal-scaled.jpg","contentUrl":"https:\/\/buscoequipomedico.com\/wp-content\/uploads\/2021\/07\/EMM-VPrincipal-scaled.jpg","width":2560,"height":1058,"caption":"Tu mejor opci\u00f3n Equipo M\u00e9dico M\u00e9xico"},"image":{"@id":"https:\/\/buscoequipomedico.com\/#\/schema\/logo\/image\/"}}]}},"_links":{"self":[{"href":"https:\/\/buscoequipomedico.com\/index.php?rest_route=\/wp\/v2\/product\/12323","targetHints":{"allow":["GET"]}}],"collection":[{"href":"https:\/\/buscoequipomedico.com\/index.php?rest_route=\/wp\/v2\/product"}],"about":[{"href":"https:\/\/buscoequipomedico.com\/index.php?rest_route=\/wp\/v2\/types\/product"}],"wp:featuredmedia":[{"embeddable":true,"href":"https:\/\/buscoequipomedico.com\/index.php?rest_route=\/wp\/v2\/media\/12324"}],"wp:attachment":[{"href":"https:\/\/buscoequipomedico.com\/index.php?rest_route=%2Fwp%2Fv2%2Fmedia&parent=12323"}],"wp:term":[{"taxonomy":"product_brand","embeddable":true,"href":"https:\/\/buscoequipomedico.com\/index.php?rest_route=%2Fwp%2Fv2%2Fproduct_brand&post=12323"},{"taxonomy":"product_cat","embeddable":true,"href":"https:\/\/buscoequipomedico.com\/index.php?rest_route=%2Fwp%2Fv2%2Fproduct_cat&post=12323"},{"taxonomy":"product_tag","embeddable":true,"href":"https:\/\/buscoequipomedico.com\/index.php?rest_route=%2Fwp%2Fv2%2Fproduct_tag&post=12323"}],"curies":[{"name":"wp","href":"https:\/\/api.w.org\/{rel}","templated":true}]}}