{"id":12325,"date":"2020-02-18T07:35:06","date_gmt":"2020-02-18T07:35:06","guid":{"rendered":"https:\/\/equipomedicomexico-com.preview-domain.com\/product\/monitor-materno-fetal\/"},"modified":"2020-02-18T07:35:08","modified_gmt":"2020-02-18T07:35:08","slug":"monitor-materno-fetal","status":"publish","type":"product","link":"https:\/\/buscoequipomedico.com\/?product=monitor-materno-fetal","title":{"rendered":"MONITOR MATERNO FETAL"},"content":{"rendered":"<p><span><span>Caracter\u00edsticas:<\/span><\/span><\/p>\n<ul>\n<li>Ofrece la detecci\u00f3n autom\u00e1tica de coincidencia (verificaci\u00f3n de canal cruzado) utilizando Smart Pulse.\u00a0<\/li>\n<li>Mide las frecuencias card\u00edacas fetal y materna (opcional) por separado para mejorar la confiabilidad del diagn\u00f3stico.<\/li>\n<li>Presi\u00f3n sangu\u00ednea no invasiva materna.<\/li>\n<li>Indicaci\u00f3n en pantalla de bater\u00eda baja.\u00a0<\/li>\n<li>Apagado autom\u00e1tico.\u00a0<\/li>\n<li>Control de volumen variable.\u00a0<\/li>\n<li>Procesado de autocorrelaci\u00f3n.<\/li>\n<\/ul>\n<p><span><span>Pantalla:<\/span><\/span><\/p>\n<ul>\n<li>Pantalla t\u00e1ctil de 6.5 pulgadas TFT en color de alta resoluci\u00f3n, con un amplio \u00e1ngulo de visualizaci\u00f3n. Las mediciones maternas y fetales se muestran como valores num\u00e9ricos grandes y f\u00e1ciles de leer.<\/li>\n<\/ul>\n<p><span><span>Registrador:<\/span><\/span><\/p>\n<ul>\n<li>Registrador de array t\u00e9rmico de 6&#8243; integrado de alta resoluci\u00f3n, con detecci\u00f3n de tipo de papel y aviso de falta de papel.<\/li>\n<li>Salida de traza de frecuencia card\u00edaca fetal, movimientos fetales y actividad uterina y anotaci\u00f3n de la hora, la fecha y los s\u00edmbolos de identificaci\u00f3n de traza, la informaci\u00f3n de la paciente y versiones de software.<\/li>\n<\/ul>\n<p><span><span>Opci\u00f3n de bater\u00eda:<\/span><\/span><\/p>\n<ul>\n<li>Proporciona flexibilidad en la monitorizaci\u00f3n, por ejemplo, en el caso de traslados internos o un corte de suministro el\u00e9ctrico. La bater\u00eda proporcional un tiempo de funcionamiento de hasta 4 horas.<\/li>\n<\/ul>\n<p><span><span>Transductores y mediciones:<\/span><\/span><br \/>Los transductores inteligentes son impermeables, c\u00f3modos y f\u00e1ciles de limpiar<\/p>\n<ul>\n<li>Ultrasonidos para monitorizaci\u00f3n de la frecuencia card\u00edaca fetal de gestaci\u00f3n \u00fanica, gemelar e incluso trillizos.<\/li>\n<li>El Perfil del Movimiento Fetal (FMP) detecta autom\u00e1ticamente los movimientos m\u00e1s bruscos del feto para aplicaciones anteparto mediante el transductor de ultrasonidos.<\/li>\n<li>Monitorizaci\u00f3n de la actividad uterina externa (Toco).<\/li>\n<li>La funci\u00f3n de Smart Pulse integrada en el transductor Toco MP detecta la frecuencia de pulso materna sin necesidad de un sensor adicional (SpO2 o ECG materno) y garantiza una monitorizaci\u00f3n correcta de la frecuencia card\u00edaca fetal.<\/li>\n<li>La verificaci\u00f3n de intermodulaci\u00f3n de canales (CCV) detecta la coincidencia entre todas las frecuencias de pulso\/card\u00edacas tanto fetales como maternas.<\/li>\n<li>Temporizador de prueba no estresante (NST) para aplicaciones anteparto.<\/li>\n<\/ul>\n","protected":false},"excerpt":{"rendered":"<p>Caracter\u00edsticas: Ofrece la detecci\u00f3n autom\u00e1tica de coincidencia (verificaci\u00f3n de canal cruzado) utilizando Smart Pulse.\u00a0 Mide las frecuencias card\u00edacas fetal y materna (opcional) por separado para mejorar la confiabilidad del diagn\u00f3stico. Presi\u00f3n sangu\u00ednea no invasiva materna. Indicaci\u00f3n en pantalla de bater\u00eda baja.\u00a0 Apagado autom\u00e1tico.\u00a0 Control de volumen variable.\u00a0 Procesado de autocorrelaci\u00f3n. Pantalla: Pantalla t\u00e1ctil de 6.5 [&hellip;]<\/p>\n","protected":false},"featured_media":12326,"template":"","meta":{"_joinchat":[]},"product_brand":[],"product_cat":[213],"product_tag":[],"class_list":{"0":"post-12325","1":"product","2":"type-product","3":"status-publish","4":"has-post-thumbnail","6":"product_cat-concentradores","7":"pa_marca-philips","9":"first","10":"instock","11":"purchasable","12":"product-type-simple"},"yoast_head":"<!-- This site is optimized with the Yoast SEO plugin v25.1 - https:\/\/yoast.com\/wordpress\/plugins\/seo\/ -->\n<title>MONITOR MATERNO FETAL - Tu mejor opci\u00f3n Equipo M\u00e9dico M\u00e9xico<\/title>\n<meta name=\"robots\" content=\"index, follow, max-snippet:-1, max-image-preview:large, max-video-preview:-1\" \/>\n<link rel=\"canonical\" href=\"https:\/\/buscoequipomedico.com\/?product=monitor-materno-fetal\" \/>\n<meta property=\"og:locale\" content=\"es_ES\" \/>\n<meta property=\"og:type\" content=\"article\" \/>\n<meta property=\"og:title\" content=\"MONITOR MATERNO FETAL - Tu mejor opci\u00f3n Equipo M\u00e9dico M\u00e9xico\" \/>\n<meta property=\"og:description\" content=\"Caracter\u00edsticas: Ofrece la detecci\u00f3n autom\u00e1tica de coincidencia (verificaci\u00f3n de canal cruzado) utilizando Smart Pulse.\u00a0 Mide las frecuencias card\u00edacas fetal y materna (opcional) por separado para mejorar la confiabilidad del diagn\u00f3stico. Presi\u00f3n sangu\u00ednea no invasiva materna. Indicaci\u00f3n en pantalla de bater\u00eda baja.\u00a0 Apagado autom\u00e1tico.\u00a0 Control de volumen variable.\u00a0 Procesado de autocorrelaci\u00f3n. Pantalla: Pantalla t\u00e1ctil de 6.5 [&hellip;]\" \/>\n<meta property=\"og:url\" content=\"https:\/\/buscoequipomedico.com\/?product=monitor-materno-fetal\" \/>\n<meta property=\"og:site_name\" content=\"Tu mejor opci\u00f3n Equipo M\u00e9dico M\u00e9xico\" \/>\n<meta property=\"article:modified_time\" content=\"2020-02-18T07:35:08+00:00\" \/>\n<meta property=\"og:image\" content=\"https:\/\/buscoequipomedico.com\/wp-content\/uploads\/2020\/02\/monitor-materno-fetal.jpg\" \/>\n\t<meta property=\"og:image:width\" content=\"800\" \/>\n\t<meta property=\"og:image:height\" content=\"800\" \/>\n\t<meta property=\"og:image:type\" content=\"image\/jpeg\" \/>\n<meta name=\"twitter:card\" content=\"summary_large_image\" \/>\n<meta name=\"twitter:label1\" content=\"Tiempo de lectura\" \/>\n\t<meta name=\"twitter:data1\" content=\"2 minutos\" \/>\n<script type=\"application\/ld+json\" class=\"yoast-schema-graph\">{\"@context\":\"https:\/\/schema.org\",\"@graph\":[{\"@type\":\"WebPage\",\"@id\":\"https:\/\/buscoequipomedico.com\/?product=monitor-materno-fetal\",\"url\":\"https:\/\/buscoequipomedico.com\/?product=monitor-materno-fetal\",\"name\":\"MONITOR MATERNO FETAL - Tu mejor opci\u00f3n Equipo M\u00e9dico M\u00e9xico\",\"isPartOf\":{\"@id\":\"https:\/\/buscoequipomedico.com\/#website\"},\"primaryImageOfPage\":{\"@id\":\"https:\/\/buscoequipomedico.com\/?product=monitor-materno-fetal#primaryimage\"},\"image\":{\"@id\":\"https:\/\/buscoequipomedico.com\/?product=monitor-materno-fetal#primaryimage\"},\"thumbnailUrl\":\"https:\/\/buscoequipomedico.com\/wp-content\/uploads\/2020\/02\/monitor-materno-fetal.jpg\",\"datePublished\":\"2020-02-18T07:35:06+00:00\",\"dateModified\":\"2020-02-18T07:35:08+00:00\",\"breadcrumb\":{\"@id\":\"https:\/\/buscoequipomedico.com\/?product=monitor-materno-fetal#breadcrumb\"},\"inLanguage\":\"es\",\"potentialAction\":[{\"@type\":\"ReadAction\",\"target\":[\"https:\/\/buscoequipomedico.com\/?product=monitor-materno-fetal\"]}]},{\"@type\":\"ImageObject\",\"inLanguage\":\"es\",\"@id\":\"https:\/\/buscoequipomedico.com\/?product=monitor-materno-fetal#primaryimage\",\"url\":\"https:\/\/buscoequipomedico.com\/wp-content\/uploads\/2020\/02\/monitor-materno-fetal.jpg\",\"contentUrl\":\"https:\/\/buscoequipomedico.com\/wp-content\/uploads\/2020\/02\/monitor-materno-fetal.jpg\",\"width\":800,\"height\":800},{\"@type\":\"BreadcrumbList\",\"@id\":\"https:\/\/buscoequipomedico.com\/?product=monitor-materno-fetal#breadcrumb\",\"itemListElement\":[{\"@type\":\"ListItem\",\"position\":1,\"name\":\"Productos\",\"item\":\"https:\/\/buscoequipomedico.com\/shop\/\"},{\"@type\":\"ListItem\",\"position\":2,\"name\":\"MONITOR MATERNO FETAL\"}]},{\"@type\":\"WebSite\",\"@id\":\"https:\/\/buscoequipomedico.com\/#website\",\"url\":\"https:\/\/buscoequipomedico.com\/\",\"name\":\"Tu mejor opci\u00f3n Equipo M\u00e9dico M\u00e9xico\",\"description\":\"Tienda de equipo m\u00e9dico\",\"publisher\":{\"@id\":\"https:\/\/buscoequipomedico.com\/#organization\"},\"potentialAction\":[{\"@type\":\"SearchAction\",\"target\":{\"@type\":\"EntryPoint\",\"urlTemplate\":\"https:\/\/buscoequipomedico.com\/?s={search_term_string}\"},\"query-input\":{\"@type\":\"PropertyValueSpecification\",\"valueRequired\":true,\"valueName\":\"search_term_string\"}}],\"inLanguage\":\"es\"},{\"@type\":\"Organization\",\"@id\":\"https:\/\/buscoequipomedico.com\/#organization\",\"name\":\"Tu mejor opci\u00f3n Equipo M\u00e9dico M\u00e9xico\",\"url\":\"https:\/\/buscoequipomedico.com\/\",\"logo\":{\"@type\":\"ImageObject\",\"inLanguage\":\"es\",\"@id\":\"https:\/\/buscoequipomedico.com\/#\/schema\/logo\/image\/\",\"url\":\"https:\/\/buscoequipomedico.com\/wp-content\/uploads\/2021\/07\/EMM-VPrincipal-scaled.jpg\",\"contentUrl\":\"https:\/\/buscoequipomedico.com\/wp-content\/uploads\/2021\/07\/EMM-VPrincipal-scaled.jpg\",\"width\":2560,\"height\":1058,\"caption\":\"Tu mejor opci\u00f3n Equipo M\u00e9dico M\u00e9xico\"},\"image\":{\"@id\":\"https:\/\/buscoequipomedico.com\/#\/schema\/logo\/image\/\"}}]}<\/script>\n<!-- \/ Yoast SEO plugin. -->","yoast_head_json":{"title":"MONITOR MATERNO FETAL - Tu mejor opci\u00f3n Equipo M\u00e9dico M\u00e9xico","robots":{"index":"index","follow":"follow","max-snippet":"max-snippet:-1","max-image-preview":"max-image-preview:large","max-video-preview":"max-video-preview:-1"},"canonical":"https:\/\/buscoequipomedico.com\/?product=monitor-materno-fetal","og_locale":"es_ES","og_type":"article","og_title":"MONITOR MATERNO FETAL - Tu mejor opci\u00f3n Equipo M\u00e9dico M\u00e9xico","og_description":"Caracter\u00edsticas: Ofrece la detecci\u00f3n autom\u00e1tica de coincidencia (verificaci\u00f3n de canal cruzado) utilizando Smart Pulse.\u00a0 Mide las frecuencias card\u00edacas fetal y materna (opcional) por separado para mejorar la confiabilidad del diagn\u00f3stico. Presi\u00f3n sangu\u00ednea no invasiva materna. Indicaci\u00f3n en pantalla de bater\u00eda baja.\u00a0 Apagado autom\u00e1tico.\u00a0 Control de volumen variable.\u00a0 Procesado de autocorrelaci\u00f3n. Pantalla: Pantalla t\u00e1ctil de 6.5 [&hellip;]","og_url":"https:\/\/buscoequipomedico.com\/?product=monitor-materno-fetal","og_site_name":"Tu mejor opci\u00f3n Equipo M\u00e9dico M\u00e9xico","article_modified_time":"2020-02-18T07:35:08+00:00","og_image":[{"width":800,"height":800,"url":"https:\/\/buscoequipomedico.com\/wp-content\/uploads\/2020\/02\/monitor-materno-fetal.jpg","type":"image\/jpeg"}],"twitter_card":"summary_large_image","twitter_misc":{"Tiempo de lectura":"2 minutos"},"schema":{"@context":"https:\/\/schema.org","@graph":[{"@type":"WebPage","@id":"https:\/\/buscoequipomedico.com\/?product=monitor-materno-fetal","url":"https:\/\/buscoequipomedico.com\/?product=monitor-materno-fetal","name":"MONITOR MATERNO FETAL - Tu mejor opci\u00f3n Equipo M\u00e9dico M\u00e9xico","isPartOf":{"@id":"https:\/\/buscoequipomedico.com\/#website"},"primaryImageOfPage":{"@id":"https:\/\/buscoequipomedico.com\/?product=monitor-materno-fetal#primaryimage"},"image":{"@id":"https:\/\/buscoequipomedico.com\/?product=monitor-materno-fetal#primaryimage"},"thumbnailUrl":"https:\/\/buscoequipomedico.com\/wp-content\/uploads\/2020\/02\/monitor-materno-fetal.jpg","datePublished":"2020-02-18T07:35:06+00:00","dateModified":"2020-02-18T07:35:08+00:00","breadcrumb":{"@id":"https:\/\/buscoequipomedico.com\/?product=monitor-materno-fetal#breadcrumb"},"inLanguage":"es","potentialAction":[{"@type":"ReadAction","target":["https:\/\/buscoequipomedico.com\/?product=monitor-materno-fetal"]}]},{"@type":"ImageObject","inLanguage":"es","@id":"https:\/\/buscoequipomedico.com\/?product=monitor-materno-fetal#primaryimage","url":"https:\/\/buscoequipomedico.com\/wp-content\/uploads\/2020\/02\/monitor-materno-fetal.jpg","contentUrl":"https:\/\/buscoequipomedico.com\/wp-content\/uploads\/2020\/02\/monitor-materno-fetal.jpg","width":800,"height":800},{"@type":"BreadcrumbList","@id":"https:\/\/buscoequipomedico.com\/?product=monitor-materno-fetal#breadcrumb","itemListElement":[{"@type":"ListItem","position":1,"name":"Productos","item":"https:\/\/buscoequipomedico.com\/shop\/"},{"@type":"ListItem","position":2,"name":"MONITOR MATERNO FETAL"}]},{"@type":"WebSite","@id":"https:\/\/buscoequipomedico.com\/#website","url":"https:\/\/buscoequipomedico.com\/","name":"Tu mejor opci\u00f3n Equipo M\u00e9dico M\u00e9xico","description":"Tienda de equipo m\u00e9dico","publisher":{"@id":"https:\/\/buscoequipomedico.com\/#organization"},"potentialAction":[{"@type":"SearchAction","target":{"@type":"EntryPoint","urlTemplate":"https:\/\/buscoequipomedico.com\/?s={search_term_string}"},"query-input":{"@type":"PropertyValueSpecification","valueRequired":true,"valueName":"search_term_string"}}],"inLanguage":"es"},{"@type":"Organization","@id":"https:\/\/buscoequipomedico.com\/#organization","name":"Tu mejor opci\u00f3n Equipo M\u00e9dico M\u00e9xico","url":"https:\/\/buscoequipomedico.com\/","logo":{"@type":"ImageObject","inLanguage":"es","@id":"https:\/\/buscoequipomedico.com\/#\/schema\/logo\/image\/","url":"https:\/\/buscoequipomedico.com\/wp-content\/uploads\/2021\/07\/EMM-VPrincipal-scaled.jpg","contentUrl":"https:\/\/buscoequipomedico.com\/wp-content\/uploads\/2021\/07\/EMM-VPrincipal-scaled.jpg","width":2560,"height":1058,"caption":"Tu mejor opci\u00f3n Equipo M\u00e9dico M\u00e9xico"},"image":{"@id":"https:\/\/buscoequipomedico.com\/#\/schema\/logo\/image\/"}}]}},"_links":{"self":[{"href":"https:\/\/buscoequipomedico.com\/index.php?rest_route=\/wp\/v2\/product\/12325","targetHints":{"allow":["GET"]}}],"collection":[{"href":"https:\/\/buscoequipomedico.com\/index.php?rest_route=\/wp\/v2\/product"}],"about":[{"href":"https:\/\/buscoequipomedico.com\/index.php?rest_route=\/wp\/v2\/types\/product"}],"wp:featuredmedia":[{"embeddable":true,"href":"https:\/\/buscoequipomedico.com\/index.php?rest_route=\/wp\/v2\/media\/12326"}],"wp:attachment":[{"href":"https:\/\/buscoequipomedico.com\/index.php?rest_route=%2Fwp%2Fv2%2Fmedia&parent=12325"}],"wp:term":[{"taxonomy":"product_brand","embeddable":true,"href":"https:\/\/buscoequipomedico.com\/index.php?rest_route=%2Fwp%2Fv2%2Fproduct_brand&post=12325"},{"taxonomy":"product_cat","embeddable":true,"href":"https:\/\/buscoequipomedico.com\/index.php?rest_route=%2Fwp%2Fv2%2Fproduct_cat&post=12325"},{"taxonomy":"product_tag","embeddable":true,"href":"https:\/\/buscoequipomedico.com\/index.php?rest_route=%2Fwp%2Fv2%2Fproduct_tag&post=12325"}],"curies":[{"name":"wp","href":"https:\/\/api.w.org\/{rel}","templated":true}]}}