{"id":12327,"date":"2020-02-18T07:35:06","date_gmt":"2020-02-18T07:35:06","guid":{"rendered":"https:\/\/equipomedicomexico-com.preview-domain.com\/product\/ultrasonido-ultraportatil\/"},"modified":"2020-02-18T07:35:08","modified_gmt":"2020-02-18T07:35:08","slug":"ultrasonido-ultraportatil","status":"publish","type":"product","link":"https:\/\/buscoequipomedico.com\/?product=ultrasonido-ultraportatil","title":{"rendered":"ULTRASONIDO ULTRAPORTATIL"},"content":{"rendered":"<p>Soluci\u00f3n port\u00e1til revolucionaria de ultrasonido compatible con su Smartphone o Tablet<\/p>\n<p>Plataforma integrada de tele-ultrasonido Philips Lumify con REACTS&#x2122;<\/p>\n<p>Incre\u00edble calidad de imagen<\/p>\n<p>Cumple con la Ley de Portabilidad y Contabilidad de Seguros de Salud (HIPAA. por sus<\/p>\n<p>siglas en ingl\u00e9s) cifrado de datos<\/p>\n","protected":false},"excerpt":{"rendered":"<p><span>Philips Lumify ofrece im\u00e1genes de ecograf\u00eda de alta calidad a trav\u00e9s de dispositivos m\u00f3viles y una APP que permiten un uso flexible y port\u00e1til.<\/span><\/p>\n","protected":false},"featured_media":12328,"template":"","meta":{"_joinchat":[]},"product_brand":[],"product_cat":[213],"product_tag":[],"class_list":{"0":"post-12327","1":"product","2":"type-product","3":"status-publish","4":"has-post-thumbnail","6":"product_cat-concentradores","7":"pa_marca-philips","9":"first","10":"instock","11":"purchasable","12":"product-type-simple"},"yoast_head":"<!-- This site is optimized with the Yoast SEO plugin v25.1 - https:\/\/yoast.com\/wordpress\/plugins\/seo\/ -->\n<title>ULTRASONIDO ULTRAPORTATIL - Tu mejor opci\u00f3n Equipo M\u00e9dico M\u00e9xico<\/title>\n<meta name=\"robots\" content=\"index, follow, max-snippet:-1, max-image-preview:large, max-video-preview:-1\" \/>\n<link rel=\"canonical\" href=\"https:\/\/buscoequipomedico.com\/?product=ultrasonido-ultraportatil\" \/>\n<meta property=\"og:locale\" content=\"es_ES\" \/>\n<meta property=\"og:type\" content=\"article\" \/>\n<meta property=\"og:title\" content=\"ULTRASONIDO ULTRAPORTATIL - Tu mejor opci\u00f3n Equipo M\u00e9dico M\u00e9xico\" \/>\n<meta property=\"og:description\" content=\"Philips Lumify ofrece im\u00e1genes de ecograf\u00eda de alta calidad a trav\u00e9s de dispositivos m\u00f3viles y una APP que permiten un uso flexible y port\u00e1til.\" \/>\n<meta property=\"og:url\" content=\"https:\/\/buscoequipomedico.com\/?product=ultrasonido-ultraportatil\" \/>\n<meta property=\"og:site_name\" content=\"Tu mejor opci\u00f3n Equipo M\u00e9dico M\u00e9xico\" \/>\n<meta property=\"article:modified_time\" content=\"2020-02-18T07:35:08+00:00\" \/>\n<meta property=\"og:image\" content=\"https:\/\/buscoequipomedico.com\/wp-content\/uploads\/2020\/02\/ultrasonido-ultraportatil-philips-lumify-ofrece-imagenes-de-ecografia-de-alta-calidad-a-traves-de-dispositivos-moviles-y-una-app.jpg\" \/>\n\t<meta property=\"og:image:width\" content=\"800\" \/>\n\t<meta property=\"og:image:height\" content=\"800\" \/>\n\t<meta property=\"og:image:type\" content=\"image\/jpeg\" \/>\n<meta name=\"twitter:card\" content=\"summary_large_image\" \/>\n<script type=\"application\/ld+json\" class=\"yoast-schema-graph\">{\"@context\":\"https:\/\/schema.org\",\"@graph\":[{\"@type\":\"WebPage\",\"@id\":\"https:\/\/buscoequipomedico.com\/?product=ultrasonido-ultraportatil\",\"url\":\"https:\/\/buscoequipomedico.com\/?product=ultrasonido-ultraportatil\",\"name\":\"ULTRASONIDO ULTRAPORTATIL - Tu mejor opci\u00f3n Equipo M\u00e9dico M\u00e9xico\",\"isPartOf\":{\"@id\":\"https:\/\/buscoequipomedico.com\/#website\"},\"primaryImageOfPage\":{\"@id\":\"https:\/\/buscoequipomedico.com\/?product=ultrasonido-ultraportatil#primaryimage\"},\"image\":{\"@id\":\"https:\/\/buscoequipomedico.com\/?product=ultrasonido-ultraportatil#primaryimage\"},\"thumbnailUrl\":\"https:\/\/buscoequipomedico.com\/wp-content\/uploads\/2020\/02\/ultrasonido-ultraportatil-philips-lumify-ofrece-imagenes-de-ecografia-de-alta-calidad-a-traves-de-dispositivos-moviles-y-una-app.jpg\",\"datePublished\":\"2020-02-18T07:35:06+00:00\",\"dateModified\":\"2020-02-18T07:35:08+00:00\",\"breadcrumb\":{\"@id\":\"https:\/\/buscoequipomedico.com\/?product=ultrasonido-ultraportatil#breadcrumb\"},\"inLanguage\":\"es\",\"potentialAction\":[{\"@type\":\"ReadAction\",\"target\":[\"https:\/\/buscoequipomedico.com\/?product=ultrasonido-ultraportatil\"]}]},{\"@type\":\"ImageObject\",\"inLanguage\":\"es\",\"@id\":\"https:\/\/buscoequipomedico.com\/?product=ultrasonido-ultraportatil#primaryimage\",\"url\":\"https:\/\/buscoequipomedico.com\/wp-content\/uploads\/2020\/02\/ultrasonido-ultraportatil-philips-lumify-ofrece-imagenes-de-ecografia-de-alta-calidad-a-traves-de-dispositivos-moviles-y-una-app.jpg\",\"contentUrl\":\"https:\/\/buscoequipomedico.com\/wp-content\/uploads\/2020\/02\/ultrasonido-ultraportatil-philips-lumify-ofrece-imagenes-de-ecografia-de-alta-calidad-a-traves-de-dispositivos-moviles-y-una-app.jpg\",\"width\":800,\"height\":800},{\"@type\":\"BreadcrumbList\",\"@id\":\"https:\/\/buscoequipomedico.com\/?product=ultrasonido-ultraportatil#breadcrumb\",\"itemListElement\":[{\"@type\":\"ListItem\",\"position\":1,\"name\":\"Productos\",\"item\":\"https:\/\/buscoequipomedico.com\/shop\/\"},{\"@type\":\"ListItem\",\"position\":2,\"name\":\"ULTRASONIDO ULTRAPORTATIL\"}]},{\"@type\":\"WebSite\",\"@id\":\"https:\/\/buscoequipomedico.com\/#website\",\"url\":\"https:\/\/buscoequipomedico.com\/\",\"name\":\"Tu mejor opci\u00f3n Equipo M\u00e9dico M\u00e9xico\",\"description\":\"Tienda de equipo m\u00e9dico\",\"publisher\":{\"@id\":\"https:\/\/buscoequipomedico.com\/#organization\"},\"potentialAction\":[{\"@type\":\"SearchAction\",\"target\":{\"@type\":\"EntryPoint\",\"urlTemplate\":\"https:\/\/buscoequipomedico.com\/?s={search_term_string}\"},\"query-input\":{\"@type\":\"PropertyValueSpecification\",\"valueRequired\":true,\"valueName\":\"search_term_string\"}}],\"inLanguage\":\"es\"},{\"@type\":\"Organization\",\"@id\":\"https:\/\/buscoequipomedico.com\/#organization\",\"name\":\"Tu mejor opci\u00f3n Equipo M\u00e9dico M\u00e9xico\",\"url\":\"https:\/\/buscoequipomedico.com\/\",\"logo\":{\"@type\":\"ImageObject\",\"inLanguage\":\"es\",\"@id\":\"https:\/\/buscoequipomedico.com\/#\/schema\/logo\/image\/\",\"url\":\"https:\/\/buscoequipomedico.com\/wp-content\/uploads\/2021\/07\/EMM-VPrincipal-scaled.jpg\",\"contentUrl\":\"https:\/\/buscoequipomedico.com\/wp-content\/uploads\/2021\/07\/EMM-VPrincipal-scaled.jpg\",\"width\":2560,\"height\":1058,\"caption\":\"Tu mejor opci\u00f3n Equipo M\u00e9dico M\u00e9xico\"},\"image\":{\"@id\":\"https:\/\/buscoequipomedico.com\/#\/schema\/logo\/image\/\"}}]}<\/script>\n<!-- \/ Yoast SEO plugin. -->","yoast_head_json":{"title":"ULTRASONIDO ULTRAPORTATIL - Tu mejor opci\u00f3n Equipo M\u00e9dico M\u00e9xico","robots":{"index":"index","follow":"follow","max-snippet":"max-snippet:-1","max-image-preview":"max-image-preview:large","max-video-preview":"max-video-preview:-1"},"canonical":"https:\/\/buscoequipomedico.com\/?product=ultrasonido-ultraportatil","og_locale":"es_ES","og_type":"article","og_title":"ULTRASONIDO ULTRAPORTATIL - Tu mejor opci\u00f3n Equipo M\u00e9dico M\u00e9xico","og_description":"Philips Lumify ofrece im\u00e1genes de ecograf\u00eda de alta calidad a trav\u00e9s de dispositivos m\u00f3viles y una APP que permiten un uso flexible y port\u00e1til.","og_url":"https:\/\/buscoequipomedico.com\/?product=ultrasonido-ultraportatil","og_site_name":"Tu mejor opci\u00f3n Equipo M\u00e9dico M\u00e9xico","article_modified_time":"2020-02-18T07:35:08+00:00","og_image":[{"width":800,"height":800,"url":"https:\/\/buscoequipomedico.com\/wp-content\/uploads\/2020\/02\/ultrasonido-ultraportatil-philips-lumify-ofrece-imagenes-de-ecografia-de-alta-calidad-a-traves-de-dispositivos-moviles-y-una-app.jpg","type":"image\/jpeg"}],"twitter_card":"summary_large_image","schema":{"@context":"https:\/\/schema.org","@graph":[{"@type":"WebPage","@id":"https:\/\/buscoequipomedico.com\/?product=ultrasonido-ultraportatil","url":"https:\/\/buscoequipomedico.com\/?product=ultrasonido-ultraportatil","name":"ULTRASONIDO ULTRAPORTATIL - Tu mejor opci\u00f3n Equipo M\u00e9dico M\u00e9xico","isPartOf":{"@id":"https:\/\/buscoequipomedico.com\/#website"},"primaryImageOfPage":{"@id":"https:\/\/buscoequipomedico.com\/?product=ultrasonido-ultraportatil#primaryimage"},"image":{"@id":"https:\/\/buscoequipomedico.com\/?product=ultrasonido-ultraportatil#primaryimage"},"thumbnailUrl":"https:\/\/buscoequipomedico.com\/wp-content\/uploads\/2020\/02\/ultrasonido-ultraportatil-philips-lumify-ofrece-imagenes-de-ecografia-de-alta-calidad-a-traves-de-dispositivos-moviles-y-una-app.jpg","datePublished":"2020-02-18T07:35:06+00:00","dateModified":"2020-02-18T07:35:08+00:00","breadcrumb":{"@id":"https:\/\/buscoequipomedico.com\/?product=ultrasonido-ultraportatil#breadcrumb"},"inLanguage":"es","potentialAction":[{"@type":"ReadAction","target":["https:\/\/buscoequipomedico.com\/?product=ultrasonido-ultraportatil"]}]},{"@type":"ImageObject","inLanguage":"es","@id":"https:\/\/buscoequipomedico.com\/?product=ultrasonido-ultraportatil#primaryimage","url":"https:\/\/buscoequipomedico.com\/wp-content\/uploads\/2020\/02\/ultrasonido-ultraportatil-philips-lumify-ofrece-imagenes-de-ecografia-de-alta-calidad-a-traves-de-dispositivos-moviles-y-una-app.jpg","contentUrl":"https:\/\/buscoequipomedico.com\/wp-content\/uploads\/2020\/02\/ultrasonido-ultraportatil-philips-lumify-ofrece-imagenes-de-ecografia-de-alta-calidad-a-traves-de-dispositivos-moviles-y-una-app.jpg","width":800,"height":800},{"@type":"BreadcrumbList","@id":"https:\/\/buscoequipomedico.com\/?product=ultrasonido-ultraportatil#breadcrumb","itemListElement":[{"@type":"ListItem","position":1,"name":"Productos","item":"https:\/\/buscoequipomedico.com\/shop\/"},{"@type":"ListItem","position":2,"name":"ULTRASONIDO ULTRAPORTATIL"}]},{"@type":"WebSite","@id":"https:\/\/buscoequipomedico.com\/#website","url":"https:\/\/buscoequipomedico.com\/","name":"Tu mejor opci\u00f3n Equipo M\u00e9dico M\u00e9xico","description":"Tienda de equipo m\u00e9dico","publisher":{"@id":"https:\/\/buscoequipomedico.com\/#organization"},"potentialAction":[{"@type":"SearchAction","target":{"@type":"EntryPoint","urlTemplate":"https:\/\/buscoequipomedico.com\/?s={search_term_string}"},"query-input":{"@type":"PropertyValueSpecification","valueRequired":true,"valueName":"search_term_string"}}],"inLanguage":"es"},{"@type":"Organization","@id":"https:\/\/buscoequipomedico.com\/#organization","name":"Tu mejor opci\u00f3n Equipo M\u00e9dico M\u00e9xico","url":"https:\/\/buscoequipomedico.com\/","logo":{"@type":"ImageObject","inLanguage":"es","@id":"https:\/\/buscoequipomedico.com\/#\/schema\/logo\/image\/","url":"https:\/\/buscoequipomedico.com\/wp-content\/uploads\/2021\/07\/EMM-VPrincipal-scaled.jpg","contentUrl":"https:\/\/buscoequipomedico.com\/wp-content\/uploads\/2021\/07\/EMM-VPrincipal-scaled.jpg","width":2560,"height":1058,"caption":"Tu mejor opci\u00f3n Equipo M\u00e9dico M\u00e9xico"},"image":{"@id":"https:\/\/buscoequipomedico.com\/#\/schema\/logo\/image\/"}}]}},"_links":{"self":[{"href":"https:\/\/buscoequipomedico.com\/index.php?rest_route=\/wp\/v2\/product\/12327","targetHints":{"allow":["GET"]}}],"collection":[{"href":"https:\/\/buscoequipomedico.com\/index.php?rest_route=\/wp\/v2\/product"}],"about":[{"href":"https:\/\/buscoequipomedico.com\/index.php?rest_route=\/wp\/v2\/types\/product"}],"wp:featuredmedia":[{"embeddable":true,"href":"https:\/\/buscoequipomedico.com\/index.php?rest_route=\/wp\/v2\/media\/12328"}],"wp:attachment":[{"href":"https:\/\/buscoequipomedico.com\/index.php?rest_route=%2Fwp%2Fv2%2Fmedia&parent=12327"}],"wp:term":[{"taxonomy":"product_brand","embeddable":true,"href":"https:\/\/buscoequipomedico.com\/index.php?rest_route=%2Fwp%2Fv2%2Fproduct_brand&post=12327"},{"taxonomy":"product_cat","embeddable":true,"href":"https:\/\/buscoequipomedico.com\/index.php?rest_route=%2Fwp%2Fv2%2Fproduct_cat&post=12327"},{"taxonomy":"product_tag","embeddable":true,"href":"https:\/\/buscoequipomedico.com\/index.php?rest_route=%2Fwp%2Fv2%2Fproduct_tag&post=12327"}],"curies":[{"name":"wp","href":"https:\/\/api.w.org\/{rel}","templated":true}]}}